{"id":1837,"date":"2023-10-31T21:28:51","date_gmt":"2023-10-31T21:28:51","guid":{"rendered":"https:\/\/exceladvisor.org\/it\/aggiungi-unintestazione-a-pie-di-pagina\/"},"modified":"2023-12-10T06:19:49","modified_gmt":"2023-12-10T06:19:49","slug":"aggiungi-unintestazione-a-pie-di-pagina","status":"publish","type":"page","link":"https:\/\/exceladvisor.org\/it\/aggiungi-unintestazione-a-pie-di-pagina\/","title":{"rendered":"Come aggiungere intestazione e pi\u00e8 di pagina in excel?"},"content":{"rendered":"<div class=\"excel-prima-del-contenuto\" id=\"excel-3844627765\"><script type=\"text\/javascript\">\r\n\tatOptions = {\r\n\t\t'key' : 'c1158f160081d6540a8409e6925dab94',\r\n\t\t'format' : 'iframe',\r\n\t\t'height' : 250,\r\n\t\t'width' : 300,\r\n\t\t'params' : {}\r\n\t};\r\n<\/script>\r\n<script type=\"text\/javascript\" src=\"\/\/www.highperformanceformat.com\/c1158f160081d6540a8409e6925dab94\/invoke.js\"><\/script><\/div> <p>Per stampare i dati del foglio di lavoro, a volte \u00e8 necessario visualizzare informazioni di base come numeri di pagina, data di stampa, nome della cartella di lavoro, ecc. relativo al tuo foglio di calcolo, utilizzi la funzione Intestazione e pi\u00e8 di pagina di Excel.<\/p><p> Puoi utilizzare intestazioni e pi\u00e8 di pagina predefiniti di Excel o personalizzarli in base alle tue preferenze.<\/p><h2 id=\"steps-to-insert-a-header-in-excel\" class=\"wp-block-heading\"> Passaggi per inserire un&#8217;intestazione in Excel<\/h2><ol><li> Innanzitutto, vai alla scheda \u201cInserisci\u201d.<\/li><li> Successivamente, fai clic sul gruppo &#8220;Testo&#8221; e quindi fai clic sull&#8217;opzione &#8220;Intestazione e pi\u00e8 di pagina&#8221;. <br><img loading=\"lazy\" decoding=\"async\" title=\"1 linguetta di inserimento\" src=\"https:\/\/exceladvisor.org\/wp-content\/uploads\/2023\/08\/1-onglet-dinsertion.png\" sizes=\"auto, \" srcset=\"\" alt=\"insert-tab\" width=\"931\" height=\"156\"><\/li><li> Dopo aver fatto clic su &#8220;Intestazione e pi\u00e8 di pagina&#8221;, Excel visualizza la sezione dell&#8217;intestazione del foglio di lavoro corrente per aggiungere gli elementi dell&#8217;intestazione. <br><img loading=\"lazy\" decoding=\"async\" title=\"2-Intestazione Excel\" src=\"https:\/\/exceladvisor.org\/wp-content\/uploads\/2023\/08\/2-en-tete-excel.png\" sizes=\"auto, \" srcset=\"\" alt=\"excel header\" width=\"618\" height=\"304\"><\/li><li> Una volta terminata l&#8217;intestazione, tocca semplicemente un punto qualsiasi del foglio e uscirai dalla sezione dell&#8217;intestazione e l&#8217;intestazione diventer\u00e0 attiva.<\/li><\/ol><h2 id=\"steps-to-insert-a-footer-in-excel\" class=\"wp-block-heading\"> Passaggi per inserire un pi\u00e8 di pagina in Excel<\/h2><ol><li> Innanzitutto, vai alla scheda \u201cInserisci\u201d.<\/li><li> Successivamente, fai clic sul gruppo &#8220;Testo&#8221; e quindi fai clic sull&#8217;opzione &#8220;Intestazione e pi\u00e8 di pagina&#8221;. <br><img decoding=\"async\" title=\"gruppo di 3 testi\" src=\"https:\/\/exceladvisor.org\/wp-content\/uploads\/2023\/08\/3-groupe-de-texte.png\" sizes=\"\" srcset=\"\" alt=\"text group\"><\/li><li> Ora otterrai l&#8217;icona &#8220;Vai al pi\u00e8 di pagina&#8221; nel gruppo di navigazione della barra multifunzione e fai semplicemente clic su di essa. <br><img loading=\"lazy\" decoding=\"async\" title=\"4-go-to-footer\" src=\"https:\/\/exceladvisor.org\/wp-content\/uploads\/2023\/08\/4-aller-au-pied-de-page.png\" sizes=\"auto, \" srcset=\"\" alt=\"go-to-footer\" width=\"961\" height=\"136\"><\/li><li> Dopo aver fatto clic sull&#8217;icona &#8220;Vai a pi\u00e8 di pagina&#8221;, Excel visualizza la sezione pi\u00e8 di pagina del foglio di lavoro corrente per aggiungere gli elementi del pi\u00e8 di pagina. <br><img loading=\"lazy\" decoding=\"async\" title=\"5 pi\u00e8 di pagina di Excel\" src=\"https:\/\/exceladvisor.org\/wp-content\/uploads\/2023\/08\/5-pied-de-page-excel.png\" sizes=\"auto, \" srcset=\"\" alt=\"excel-footer\" width=\"711\" height=\"324\"><\/li><li> Una volta terminato con il pi\u00e8 di pagina, tocca semplicemente un punto qualsiasi del foglio e uscirai dalla sezione del pi\u00e8 di pagina e il pi\u00e8 di pagina diventer\u00e0 attivo.<\/li><\/ol><p class=\"formula\"> In \u201cIntestazione e pi\u00e8 di pagina\u201d avrai sempre tre caselle (destra, centrale e sinistra) per inserire testo, valori, immagini, ecc. per l&#8217;intestazione e il pi\u00e8 di pagina. E a seconda della tua scelta su quale lato desideri visualizzare gli elementi di intestazione e pi\u00e8 di pagina, puoi inserire i dati in questa casella.<\/p><h2 id=\"steps-to-insert-predefined-headers-and-footers-in-excel\" class=\"wp-block-heading\"> Passaggi per inserire intestazioni e pi\u00e8 di pagina predefiniti in Excel<\/h2><p> Excel dispone di diversi elementi &#8220;Intestazioni e pi\u00e8 di pagina&#8221; predefiniti che possono essere utilizzati per il documento con la stessa rapidit\u00e0 di un clic del mouse.<\/p><ol><li> Innanzitutto, vai alla scheda \u201cInserisci\u201d.<\/li><li> Successivamente, fai clic sul gruppo &#8220;Testo&#8221; e quindi fai clic sull&#8217;opzione &#8220;Intestazione e pi\u00e8 di pagina&#8221;. <br><img loading=\"lazy\" decoding=\"async\" title=\"Opzione 6 intestazioni e pi\u00e8 di pagina\" src=\"https:\/\/exceladvisor.org\/wp-content\/uploads\/2023\/08\/6-options-den-tete-et-de-pied-de-page.png\" sizes=\"auto, \" srcset=\"\" alt=\"header-and-footer-option\" width=\"1004\" height=\"168\"><\/li><li> Nel momento in cui fai clic sull&#8217;opzione &#8220;Intestazione e pi\u00e8 di pagina&#8221;, troverai la nuova scheda &#8220;Intestazione e pi\u00e8 di pagina&#8221; con diversi elementi predefiniti.<\/li><li> Ora puoi selezionarne uno, che desideri utilizzare come intestazione. <br><img loading=\"lazy\" decoding=\"async\" title=\"7 elementi di intestazione e pi\u00e8 di pagina\" src=\"https:\/\/exceladvisor.org\/wp-content\/uploads\/2023\/08\/7-elements-den-tete-de-pied-de-page.png\" sizes=\"auto, \" srcset=\"\" alt=\"header-footer-elements\" width=\"1021\" height=\"145\"><\/li><li> Ad esempio, se desideri utilizzare la voce &#8220;Numero di pagine&#8221;, fai semplicemente clic su di essa e apparir\u00e0 come intestazione nel tuo foglio di calcolo. <br><img loading=\"lazy\" decoding=\"async\" title=\"Articolo con numero di 8 pagine\" src=\"https:\/\/exceladvisor.org\/wp-content\/uploads\/2023\/08\/8-element-de-nombre-de-pages.png\" sizes=\"auto, \" srcset=\"\" alt=\"number-of-pages-element\" width=\"756\" height=\"347\"><\/li><li> Puoi anche selezionare gli elementi predefiniti \u201cIntestazione e pi\u00e8 di pagina\u201d facendo clic sulle opzioni \u201cIntestazione\u201d e \u201cPi\u00e8 di pagina\u201d.<\/li><li> Dopo aver fatto clic su &#8220;Intestazione&#8221; e &#8220;Pi\u00e8 di pagina&#8221;, ti verr\u00e0 mostrato l&#8217;elenco degli elementi predefiniti tra cui scegliere. <br><img loading=\"lazy\" decoding=\"async\" title=\"Elenco predefinito di 9 pi\u00e8 di pagina\" src=\"https:\/\/exceladvisor.org\/wp-content\/uploads\/2023\/08\/Liste-predefinie-de-9-pieds-de-page.png\" sizes=\"auto, \" srcset=\"\" alt=\"footer-predefined-list\" width=\"656\" height=\"438\"><\/li><\/ol><p> Per vedere come appare la selezione &#8220;Intestazione&#8221; e &#8220;Pi\u00e8 di pagina&#8221; dopo aver selezionato una preimpostazione, fai semplicemente clic in un punto qualsiasi del foglio e uscirai dalla pagina della sezione intestazione e pi\u00e8 di pagina e potrai vedere l&#8217;intestazione e il pi\u00e8 di pagina che hai selezionato.<\/p><h2 id=\"edit-or-format-the-header-and-footer\" class=\"wp-block-heading\"> Modifica o formatta l&#8217;intestazione e il pi\u00e8 di pagina<\/h2><p> Excel ha la capacit\u00e0 di formattare e personalizzare la dimensione, lo stile, il colore e l&#8217;effetto del carattere per &#8220;Intestazione e pi\u00e8 di pagina&#8221; in base alle tue preferenze.<\/p><ol><li> Per prima cosa, vai alla scheda \u201cLayout di pagina\u201d e fai clic sull\u2019icona della finestra di dialogo di impostazione della pagina. <br><img loading=\"lazy\" decoding=\"async\" title=\"Scheda di layout di 10 pagine\" src=\"https:\/\/exceladvisor.org\/wp-content\/uploads\/2023\/08\/Onglet-de-mise-en-page-de-10-pages.png\" sizes=\"auto, \" srcset=\"\" alt=\"page-layout-tab\" width=\"739\" height=\"148\"><\/li><li> Successivamente, fai clic sull&#8217;opzione &#8220;Intestazione\/pi\u00e8 di pagina&#8221; e otterrai le opzioni &#8220;Intestazione personalizzata&#8221; e &#8220;Pi\u00e8 di pagina personalizzato&#8221;.<\/li><li> Ora fai clic sull&#8217;opzione &#8220;Intestazione personalizzata&#8221; o &#8220;Pi\u00e8 di pagina personalizzato&#8221;, che desideri personalizzare, modificare o modificare. <br><img loading=\"lazy\" decoding=\"async\" title=\"11 pi\u00e8 di pagina di intestazione personalizzati\" src=\"https:\/\/exceladvisor.org\/wp-content\/uploads\/2023\/08\/11-pied-de-page-den-tete-personnalise.png\" sizes=\"auto, \" srcset=\"\" alt=\"custom-header-footer\" width=\"502\" height=\"426\"><\/li><li> Ora, fai clic sull&#8217;icona del carattere e otterrai il menu contestuale aperto in cui puoi modificare o selezionare la dimensione, il colore, lo stile e gli effetti del carattere per la tua &#8220;Intestazione e pi\u00e8 di pagina&#8221;. <br><img loading=\"lazy\" decoding=\"async\" title=\"Carattere intestazione personalizzato da 12 pi\u00e8 di pagina\" src=\"https:\/\/exceladvisor.org\/wp-content\/uploads\/2023\/08\/12-polices-den-tete-de-pied-de-page-personnalisees.png\" sizes=\"auto, \" srcset=\"\" alt=\"custom-header-footer-font\" width=\"613\" height=\"331\"><br><img decoding=\"async\" style=\"display: block; margin-left: auto; margin-right: auto;\" title=\"13 opzioni personalizzate di carattere intestazione-pi\u00e8 di pagina\" src=\"https:\/\/exceladvisor.org\/wp-content\/uploads\/2023\/08\/13-options-de-police-den-tete-de-pied-de-page-personnalisees.png\" sizes=\"\" srcset=\"\" alt=\"custom-header-footer-font-options\"><\/li><\/ol><h2 id=\"remove-the-header-and-footer-in-excel\" class=\"wp-block-heading\"> Rimuovi intestazione e pi\u00e8 di pagina in Excel<\/h2><ol><li> Per rimuovere l&#8217;intestazione e il pi\u00e8 di pagina esistenti, vai alla scheda &#8220;Visualizza&#8221; e fai clic sull&#8217;icona &#8220;Normale&#8221;. <br><img decoding=\"async\" title=\"Visualizzazione a 14 schede-excel\" src=\"https:\/\/exceladvisor.org\/wp-content\/uploads\/2023\/08\/14-onglet-vue-excel.png\" sizes=\"\" srcset=\"\" alt=\"excel-view-tab\"><\/li><li> Puoi anche rimuovere &#8220;Intestazione e pi\u00e8 di pagina&#8221; semplicemente facendo clic sull&#8217;icona &#8220;Normale&#8221; nella barra di stato. <br><img decoding=\"async\" title=\"Barra di stato normale con 15 icone\" src=\"https:\/\/exceladvisor.org\/wp-content\/uploads\/2023\/08\/15-barre-detat-dicone-normale.png\" sizes=\"\" srcset=\"\" alt=\"normal-icon-status-bar\"><\/li><\/ol><div class=\"gb-container gb-container-4db6181c gb-container-mt\"> <a class=\"gb-button gb-button-c5897111 gb-button-text gb-button-mt-button\" href=\"https:\/\/exceladvisor.org\/it\/nozioni-di-base-su-excel\/\">Nozioni di base su Microsoft Excel (componenti, parti e note informative)<\/a><h2 class=\"gb-headline gb-headline-665e5f6b gb-headline-text gb-headline-mt-heading\"> Tutorial correlati <\/h2><div class=\"gb-grid-wrapper gb-grid-wrapper-a20baf7c gb-grid-wrapper-mt-grid\"><div class=\"gb-grid-column gb-grid-column-65ddf67e\"><div class=\"gb-container gb-container-65ddf67e\"><ul><li> <a href=\"https:\/\/exceladvisor.org\/it\/giustificare-completamente\/\">Compila Giustifica in Excel<\/a><\/li><li> <a href=\"https:\/\/exceladvisor.org\/it\/barra-delle-formule-excel\/\">Barra della formula in Excel<\/a><\/li><li> <a href=\"https:\/\/exceladvisor.org\/it\/governate\/\">Mostra righello in Excel<\/a><\/li><li> <a href=\"https:\/\/exceladvisor.org\/it\/maniglia-di-riempimento\/\">Maniglia di riempimento in Excel<\/a><\/li><li> <a href=\"https:\/\/exceladvisor.org\/it\/formato-pittore\/\">Copia formato in Excel<\/a> <\/li><\/ul><\/div><\/div><div class=\"gb-grid-column gb-grid-column-50067b57\"><div class=\"gb-container gb-container-50067b57\"><\/div><\/div><\/div><\/div>","protected":false},"excerpt":{"rendered":"","protected":false},"author":1,"featured_media":0,"parent":0,"menu_order":0,"comment_status":"open","ping_status":"closed","template":"","meta":{"ub_ctt_via":"","footnotes":""},"class_list":["post-1837","page","type-page","status-publish","hentry"],"featured_image_src":null,"yoast_head":"<!-- This site is optimized with the Yoast SEO plugin v25.4 - https:\/\/yoast.com\/wordpress\/plugins\/seo\/ -->\n<title>Come aggiungere intestazione e pi\u00e8 di pagina in Excel?<\/title>\n<meta name=\"description\" content=\"In questo tutorial, esamineremo tutti i metodi per esaminare tutti i metodi per aggiungere intestazioni e\" \/>\n<meta name=\"robots\" content=\"index, follow, max-snippet:-1, max-image-preview:large, max-video-preview:-1\" \/>\n<link rel=\"canonical\" href=\"https:\/\/exceladvisor.org\/it\/aggiungi-unintestazione-a-pie-di-pagina\/\" \/>\n<meta property=\"og:locale\" content=\"it_IT\" \/>\n<meta property=\"og:type\" content=\"article\" \/>\n<meta property=\"og:title\" content=\"Come aggiungere intestazione e pi\u00e8 di pagina in Excel?\" \/>\n<meta property=\"og:description\" content=\"In questo tutorial, esamineremo tutti i metodi per esaminare tutti i metodi per aggiungere intestazioni e\" \/>\n<meta property=\"og:url\" content=\"https:\/\/exceladvisor.org\/it\/aggiungi-unintestazione-a-pie-di-pagina\/\" \/>\n<meta property=\"og:site_name\" content=\"Excel Advisor\" \/>\n<meta property=\"article:modified_time\" content=\"2023-12-10T06:19:49+00:00\" \/>\n<meta property=\"og:image\" content=\"https:\/\/exceladvisor.org\/wp-content\/uploads\/2023\/08\/1-onglet-dinsertion.png\" \/>\n<meta name=\"twitter:card\" content=\"summary_large_image\" \/>\n<meta name=\"twitter:label1\" content=\"Tempo di lettura stimato\" \/>\n\t<meta name=\"twitter:data1\" content=\"4 minuti\" \/>\n<script type=\"application\/ld+json\" class=\"yoast-schema-graph\">{\"@context\":\"https:\/\/schema.org\",\"@graph\":[{\"@type\":\"WebPage\",\"@id\":\"https:\/\/exceladvisor.org\/it\/aggiungi-unintestazione-a-pie-di-pagina\/\",\"url\":\"https:\/\/exceladvisor.org\/it\/aggiungi-unintestazione-a-pie-di-pagina\/\",\"name\":\"Come aggiungere intestazione e pi\u00e8 di pagina in Excel?\",\"isPartOf\":{\"@id\":\"https:\/\/exceladvisor.org\/it\/#website\"},\"primaryImageOfPage\":{\"@id\":\"https:\/\/exceladvisor.org\/it\/aggiungi-unintestazione-a-pie-di-pagina\/#primaryimage\"},\"image\":{\"@id\":\"https:\/\/exceladvisor.org\/it\/aggiungi-unintestazione-a-pie-di-pagina\/#primaryimage\"},\"thumbnailUrl\":\"https:\/\/exceladvisor.org\/wp-content\/uploads\/2023\/08\/1-onglet-dinsertion.png\",\"datePublished\":\"2023-10-31T21:28:51+00:00\",\"dateModified\":\"2023-12-10T06:19:49+00:00\",\"description\":\"In questo tutorial, esamineremo tutti i metodi per esaminare tutti i metodi per aggiungere intestazioni e\",\"breadcrumb\":{\"@id\":\"https:\/\/exceladvisor.org\/it\/aggiungi-unintestazione-a-pie-di-pagina\/#breadcrumb\"},\"inLanguage\":\"it-IT\",\"potentialAction\":[{\"@type\":\"ReadAction\",\"target\":[\"https:\/\/exceladvisor.org\/it\/aggiungi-unintestazione-a-pie-di-pagina\/\"]}]},{\"@type\":\"ImageObject\",\"inLanguage\":\"it-IT\",\"@id\":\"https:\/\/exceladvisor.org\/it\/aggiungi-unintestazione-a-pie-di-pagina\/#primaryimage\",\"url\":\"https:\/\/exceladvisor.org\/wp-content\/uploads\/2023\/08\/1-onglet-dinsertion.png\",\"contentUrl\":\"https:\/\/exceladvisor.org\/wp-content\/uploads\/2023\/08\/1-onglet-dinsertion.png\"},{\"@type\":\"BreadcrumbList\",\"@id\":\"https:\/\/exceladvisor.org\/it\/aggiungi-unintestazione-a-pie-di-pagina\/#breadcrumb\",\"itemListElement\":[{\"@type\":\"ListItem\",\"position\":1,\"name\":\"Home\",\"item\":\"https:\/\/exceladvisor.org\/it\/\"},{\"@type\":\"ListItem\",\"position\":2,\"name\":\"Come aggiungere intestazione e pi\u00e8 di pagina in excel?\"}]},{\"@type\":\"WebSite\",\"@id\":\"https:\/\/exceladvisor.org\/it\/#website\",\"url\":\"https:\/\/exceladvisor.org\/it\/\",\"name\":\"Excel Advisor\",\"description\":\"Tips, Tricks, and Time-Saving Hacks\",\"publisher\":{\"@id\":\"https:\/\/exceladvisor.org\/it\/#organization\"},\"potentialAction\":[{\"@type\":\"SearchAction\",\"target\":{\"@type\":\"EntryPoint\",\"urlTemplate\":\"https:\/\/exceladvisor.org\/it\/?s={search_term_string}\"},\"query-input\":{\"@type\":\"PropertyValueSpecification\",\"valueRequired\":true,\"valueName\":\"search_term_string\"}}],\"inLanguage\":\"it-IT\"},{\"@type\":\"Organization\",\"@id\":\"https:\/\/exceladvisor.org\/it\/#organization\",\"name\":\"Excel Advisor\",\"url\":\"https:\/\/exceladvisor.org\/it\/\",\"logo\":{\"@type\":\"ImageObject\",\"inLanguage\":\"it-IT\",\"@id\":\"https:\/\/exceladvisor.org\/it\/#\/schema\/logo\/image\/\",\"url\":\"https:\/\/exceladvisor.org\/it\/wp-content\/uploads\/2023\/12\/exceladvisor.org_.png\",\"contentUrl\":\"https:\/\/exceladvisor.org\/it\/wp-content\/uploads\/2023\/12\/exceladvisor.org_.png\",\"width\":105,\"height\":36,\"caption\":\"Excel Advisor\"},\"image\":{\"@id\":\"https:\/\/exceladvisor.org\/it\/#\/schema\/logo\/image\/\"}}]}<\/script>\n<!-- \/ Yoast SEO plugin. -->","yoast_head_json":{"title":"Come aggiungere intestazione e pi\u00e8 di pagina in Excel?","description":"In questo tutorial, esamineremo tutti i metodi per esaminare tutti i metodi per aggiungere intestazioni e","robots":{"index":"index","follow":"follow","max-snippet":"max-snippet:-1","max-image-preview":"max-image-preview:large","max-video-preview":"max-video-preview:-1"},"canonical":"https:\/\/exceladvisor.org\/it\/aggiungi-unintestazione-a-pie-di-pagina\/","og_locale":"it_IT","og_type":"article","og_title":"Come aggiungere intestazione e pi\u00e8 di pagina in Excel?","og_description":"In questo tutorial, esamineremo tutti i metodi per esaminare tutti i metodi per aggiungere intestazioni e","og_url":"https:\/\/exceladvisor.org\/it\/aggiungi-unintestazione-a-pie-di-pagina\/","og_site_name":"Excel Advisor","article_modified_time":"2023-12-10T06:19:49+00:00","og_image":[{"url":"https:\/\/exceladvisor.org\/wp-content\/uploads\/2023\/08\/1-onglet-dinsertion.png","type":"","width":"","height":""}],"twitter_card":"summary_large_image","twitter_misc":{"Tempo di lettura stimato":"4 minuti"},"schema":{"@context":"https:\/\/schema.org","@graph":[{"@type":"WebPage","@id":"https:\/\/exceladvisor.org\/it\/aggiungi-unintestazione-a-pie-di-pagina\/","url":"https:\/\/exceladvisor.org\/it\/aggiungi-unintestazione-a-pie-di-pagina\/","name":"Come aggiungere intestazione e pi\u00e8 di pagina in Excel?","isPartOf":{"@id":"https:\/\/exceladvisor.org\/it\/#website"},"primaryImageOfPage":{"@id":"https:\/\/exceladvisor.org\/it\/aggiungi-unintestazione-a-pie-di-pagina\/#primaryimage"},"image":{"@id":"https:\/\/exceladvisor.org\/it\/aggiungi-unintestazione-a-pie-di-pagina\/#primaryimage"},"thumbnailUrl":"https:\/\/exceladvisor.org\/wp-content\/uploads\/2023\/08\/1-onglet-dinsertion.png","datePublished":"2023-10-31T21:28:51+00:00","dateModified":"2023-12-10T06:19:49+00:00","description":"In questo tutorial, esamineremo tutti i metodi per esaminare tutti i metodi per aggiungere intestazioni e","breadcrumb":{"@id":"https:\/\/exceladvisor.org\/it\/aggiungi-unintestazione-a-pie-di-pagina\/#breadcrumb"},"inLanguage":"it-IT","potentialAction":[{"@type":"ReadAction","target":["https:\/\/exceladvisor.org\/it\/aggiungi-unintestazione-a-pie-di-pagina\/"]}]},{"@type":"ImageObject","inLanguage":"it-IT","@id":"https:\/\/exceladvisor.org\/it\/aggiungi-unintestazione-a-pie-di-pagina\/#primaryimage","url":"https:\/\/exceladvisor.org\/wp-content\/uploads\/2023\/08\/1-onglet-dinsertion.png","contentUrl":"https:\/\/exceladvisor.org\/wp-content\/uploads\/2023\/08\/1-onglet-dinsertion.png"},{"@type":"BreadcrumbList","@id":"https:\/\/exceladvisor.org\/it\/aggiungi-unintestazione-a-pie-di-pagina\/#breadcrumb","itemListElement":[{"@type":"ListItem","position":1,"name":"Home","item":"https:\/\/exceladvisor.org\/it\/"},{"@type":"ListItem","position":2,"name":"Come aggiungere intestazione e pi\u00e8 di pagina in excel?"}]},{"@type":"WebSite","@id":"https:\/\/exceladvisor.org\/it\/#website","url":"https:\/\/exceladvisor.org\/it\/","name":"Excel Advisor","description":"Tips, Tricks, and Time-Saving Hacks","publisher":{"@id":"https:\/\/exceladvisor.org\/it\/#organization"},"potentialAction":[{"@type":"SearchAction","target":{"@type":"EntryPoint","urlTemplate":"https:\/\/exceladvisor.org\/it\/?s={search_term_string}"},"query-input":{"@type":"PropertyValueSpecification","valueRequired":true,"valueName":"search_term_string"}}],"inLanguage":"it-IT"},{"@type":"Organization","@id":"https:\/\/exceladvisor.org\/it\/#organization","name":"Excel Advisor","url":"https:\/\/exceladvisor.org\/it\/","logo":{"@type":"ImageObject","inLanguage":"it-IT","@id":"https:\/\/exceladvisor.org\/it\/#\/schema\/logo\/image\/","url":"https:\/\/exceladvisor.org\/it\/wp-content\/uploads\/2023\/12\/exceladvisor.org_.png","contentUrl":"https:\/\/exceladvisor.org\/it\/wp-content\/uploads\/2023\/12\/exceladvisor.org_.png","width":105,"height":36,"caption":"Excel Advisor"},"image":{"@id":"https:\/\/exceladvisor.org\/it\/#\/schema\/logo\/image\/"}}]}},"yoast_meta":{"yoast_wpseo_title":"","yoast_wpseo_metadesc":"","yoast_wpseo_canonical":""},"_links":{"self":[{"href":"https:\/\/exceladvisor.org\/it\/wp-json\/wp\/v2\/pages\/1837","targetHints":{"allow":["GET"]}}],"collection":[{"href":"https:\/\/exceladvisor.org\/it\/wp-json\/wp\/v2\/pages"}],"about":[{"href":"https:\/\/exceladvisor.org\/it\/wp-json\/wp\/v2\/types\/page"}],"author":[{"embeddable":true,"href":"https:\/\/exceladvisor.org\/it\/wp-json\/wp\/v2\/users\/1"}],"replies":[{"embeddable":true,"href":"https:\/\/exceladvisor.org\/it\/wp-json\/wp\/v2\/comments?post=1837"}],"version-history":[{"count":1,"href":"https:\/\/exceladvisor.org\/it\/wp-json\/wp\/v2\/pages\/1837\/revisions"}],"predecessor-version":[{"id":2266,"href":"https:\/\/exceladvisor.org\/it\/wp-json\/wp\/v2\/pages\/1837\/revisions\/2266"}],"wp:attachment":[{"href":"https:\/\/exceladvisor.org\/it\/wp-json\/wp\/v2\/media?parent=1837"}],"curies":[{"name":"wp","href":"https:\/\/api.w.org\/{rel}","templated":true}]}}