{"id":1839,"date":"2023-10-31T20:56:18","date_gmt":"2023-10-31T20:56:18","guid":{"rendered":"https:\/\/exceladvisor.org\/it\/aggiungere-un-titolo\/"},"modified":"2023-12-10T06:20:07","modified_gmt":"2023-12-10T06:20:07","slug":"aggiungere-un-titolo","status":"publish","type":"page","link":"https:\/\/exceladvisor.org\/it\/aggiungere-un-titolo\/","title":{"rendered":"Come aggiungere un titolo a un foglio di calcolo in excel?"},"content":{"rendered":"<div class=\"excel-prima-del-contenuto\" id=\"excel-3924259641\"><script type=\"text\/javascript\">\r\n\tatOptions = {\r\n\t\t'key' : 'c1158f160081d6540a8409e6925dab94',\r\n\t\t'format' : 'iframe',\r\n\t\t'height' : 250,\r\n\t\t'width' : 300,\r\n\t\t'params' : {}\r\n\t};\r\n<\/script>\r\n<script type=\"text\/javascript\" src=\"\/\/www.highperformanceformat.com\/c1158f160081d6540a8409e6925dab94\/invoke.js\"><\/script><\/div> <p>In Excel, se desideri aggiungere un titolo in un foglio di lavoro, il modo migliore per farlo \u00e8 utilizzare le opzioni Stili di cella che sono uno stile di titolo predefinito da applicare a una cella. In questo tutorial impareremo come usarlo e modificarne la formattazione.<\/p><h2 id=\"h-steps-to-add-a-title-in-a-worksheet\" class=\"wp-block-heading\"> Passaggi per aggiungere un titolo a un foglio di calcolo<\/h2><ol type=\"1\"><li> Inserisci un valore in una cella che desideri convertire in un titolo.<\/li><li> Vai alla scheda Home &gt; Stili di cella.<\/li><li> In Stili di cella, passa con il mouse sopra lo stile &#8220;Titolo&#8221;.<\/li><li> Fare clic su di esso per applicarlo alla cella. <\/li><\/ol><div class=\"wp-block-image\"><figure class=\"aligncenter size-full is-resized\"><img loading=\"lazy\" decoding=\"async\" class=\"wp-image-92236\" src=\"https:\/\/exceladvisor.org\/wp-content\/uploads\/2023\/08\/1-ajouter-un-titre-a-une-feuille-de-calcul.png\" sizes=\"auto, \" srcset=\"\" alt=\"aggiungere un titolo a un foglio di calcolo\" width=\"552\" height=\"395\"><\/figure><\/div><p> Come puoi vedere nell&#8217;esempio sopra, questo cambier\u00e0 lo stile della cella selezionata in un titolo.<\/p><h2 id=\"h-modify-the-formatting-of-the-cell\" class=\"wp-block-heading\"> Modifica la formattazione della cella<\/h2><p> Invece di modificare il formato nella cella, puoi modificare la formattazione dello stile dell&#8217;intestazione. Il vantaggio di queste opzioni \u00e8 che non \u00e8 necessario applicare il formato pi\u00f9 e pi\u00f9 volte. Vai su Home &gt; Stili di cella &gt; Titolo, quindi fai clic con il pulsante destro del mouse. <\/p><div class=\"wp-block-image\"><figure class=\"aligncenter size-full is-resized\"><img loading=\"lazy\" decoding=\"async\" class=\"wp-image-92237\" src=\"https:\/\/exceladvisor.org\/wp-content\/uploads\/2023\/08\/2-formatage-de-la-cellule.png\" sizes=\"auto, \" srcset=\"\" alt=\"formattazione delle celle\" width=\"493\" height=\"405\"><\/figure><\/div><p> Dopo aver fatto clic su Modifica, viene visualizzata la finestra di dialogo &#8220;Stile&#8221;. <\/p><div class=\"wp-block-image\"><figure class=\"aligncenter size-full is-resized\"><img loading=\"lazy\" decoding=\"async\" class=\"wp-image-92238\" src=\"https:\/\/exceladvisor.org\/wp-content\/uploads\/2023\/08\/boite-de-dialogue-style-image3.png\" sizes=\"auto, \" srcset=\"\" alt=\"stile di dialogo\" width=\"320\" height=\"401\"><\/figure><\/div><p> Da questa finestra di dialogo puoi selezionare e deselezionare la formattazione che desideri includere nel layout. E quando fai clic sul pulsante &#8220;Formato&#8221;, verr\u00e0 visualizzata la finestra di dialogo delle opzioni di formato, in cui puoi modificare la formattazione. <\/p><div class=\"gb-container gb-container-3044ba66 gb-container-mt\"><p class=\"gb-headline gb-headline-b5bb6270 gb-headline-text\"> <strong><a href=\"https:\/\/exceladvisor.org\/it\/nozioni-di-base-su-excel\/\">Nozioni di base su Excel<\/a><\/strong> \/ <strong><a href=\"https:\/\/exceladvisor.org\/it\/foglio-di-lavoro\/\" data-wpil=\"url\">Foglio di calcolo Excel<\/a><\/strong><\/p><h2 class=\"gb-headline gb-headline-819d540d gb-headline-text gb-headline-mt-heading\"> Altri tutorial <\/h2><div class=\"gb-grid-wrapper gb-grid-wrapper-7f3d805a gb-grid-wrapper-mt-grid\"><div class=\"gb-grid-column gb-grid-column-7495e031\"><div class=\"gb-container gb-container-7495e031\"><ul><li> <a href=\"https:\/\/exceladvisor.org\/it\/consolidare\/\">Consolidare i dati da pi\u00f9 fogli di calcolo<\/a><\/li><li> <a href=\"https:\/\/exceladvisor.org\/it\/rinominare\/\">Rinominare il foglio in Excel<\/a><\/li><li> <a href=\"https:\/\/exceladvisor.org\/it\/gruppo-1\/\">Fogli di lavoro di gruppo in Excel<\/a><\/li><li> <a href=\"https:\/\/exceladvisor.org\/it\/vedere-fianco-a-fianco\/\">Visualizza due fogli affiancati in Excel<\/a><\/li><li> <a href=\"https:\/\/exceladvisor.org\/it\/aggiungere\/\">Aggiungi un foglio di calcolo in Excel<\/a><\/li><\/ul><\/div><\/div><\/div><\/div>","protected":false},"excerpt":{"rendered":"","protected":false},"author":1,"featured_media":0,"parent":0,"menu_order":0,"comment_status":"open","ping_status":"closed","template":"","meta":{"ub_ctt_via":"","footnotes":""},"class_list":["post-1839","page","type-page","status-publish","hentry"],"featured_image_src":null,"yoast_head":"<!-- This site is optimized with the Yoast SEO plugin v25.4 - https:\/\/yoast.com\/wordpress\/plugins\/seo\/ -->\n<title>Come aggiungere un titolo a un foglio di calcolo in Excel?<\/title>\n<meta name=\"description\" content=\"Questo tutorial ti aiuta a imparare come aggiungere un titolo a un foglio di lavoro utilizzando l&#039;opzione di stile cella.\" \/>\n<meta name=\"robots\" content=\"index, follow, max-snippet:-1, max-image-preview:large, max-video-preview:-1\" \/>\n<link rel=\"canonical\" href=\"https:\/\/exceladvisor.org\/it\/aggiungere-un-titolo\/\" \/>\n<meta property=\"og:locale\" content=\"it_IT\" \/>\n<meta property=\"og:type\" content=\"article\" \/>\n<meta property=\"og:title\" content=\"Come aggiungere un titolo a un foglio di calcolo in Excel?\" \/>\n<meta property=\"og:description\" content=\"Questo tutorial ti aiuta a imparare come aggiungere un titolo a un foglio di lavoro utilizzando l&#039;opzione di stile cella.\" \/>\n<meta property=\"og:url\" content=\"https:\/\/exceladvisor.org\/it\/aggiungere-un-titolo\/\" \/>\n<meta property=\"og:site_name\" content=\"Excel Advisor\" \/>\n<meta property=\"article:modified_time\" content=\"2023-12-10T06:20:07+00:00\" \/>\n<meta property=\"og:image\" content=\"https:\/\/exceladvisor.org\/wp-content\/uploads\/2023\/08\/1-ajouter-un-titre-a-une-feuille-de-calcul.png\" \/>\n<meta name=\"twitter:card\" content=\"summary_large_image\" \/>\n<meta name=\"twitter:label1\" content=\"Tempo di lettura stimato\" \/>\n\t<meta name=\"twitter:data1\" content=\"1 minuto\" \/>\n<script type=\"application\/ld+json\" class=\"yoast-schema-graph\">{\"@context\":\"https:\/\/schema.org\",\"@graph\":[{\"@type\":\"WebPage\",\"@id\":\"https:\/\/exceladvisor.org\/it\/aggiungere-un-titolo\/\",\"url\":\"https:\/\/exceladvisor.org\/it\/aggiungere-un-titolo\/\",\"name\":\"Come aggiungere un titolo a un foglio di calcolo in Excel?\",\"isPartOf\":{\"@id\":\"https:\/\/exceladvisor.org\/it\/#website\"},\"primaryImageOfPage\":{\"@id\":\"https:\/\/exceladvisor.org\/it\/aggiungere-un-titolo\/#primaryimage\"},\"image\":{\"@id\":\"https:\/\/exceladvisor.org\/it\/aggiungere-un-titolo\/#primaryimage\"},\"thumbnailUrl\":\"https:\/\/exceladvisor.org\/wp-content\/uploads\/2023\/08\/1-ajouter-un-titre-a-une-feuille-de-calcul.png\",\"datePublished\":\"2023-10-31T20:56:18+00:00\",\"dateModified\":\"2023-12-10T06:20:07+00:00\",\"description\":\"Questo tutorial ti aiuta a imparare come aggiungere un titolo a un foglio di lavoro utilizzando l&#39;opzione di stile cella.\",\"breadcrumb\":{\"@id\":\"https:\/\/exceladvisor.org\/it\/aggiungere-un-titolo\/#breadcrumb\"},\"inLanguage\":\"it-IT\",\"potentialAction\":[{\"@type\":\"ReadAction\",\"target\":[\"https:\/\/exceladvisor.org\/it\/aggiungere-un-titolo\/\"]}]},{\"@type\":\"ImageObject\",\"inLanguage\":\"it-IT\",\"@id\":\"https:\/\/exceladvisor.org\/it\/aggiungere-un-titolo\/#primaryimage\",\"url\":\"https:\/\/exceladvisor.org\/wp-content\/uploads\/2023\/08\/1-ajouter-un-titre-a-une-feuille-de-calcul.png\",\"contentUrl\":\"https:\/\/exceladvisor.org\/wp-content\/uploads\/2023\/08\/1-ajouter-un-titre-a-une-feuille-de-calcul.png\"},{\"@type\":\"BreadcrumbList\",\"@id\":\"https:\/\/exceladvisor.org\/it\/aggiungere-un-titolo\/#breadcrumb\",\"itemListElement\":[{\"@type\":\"ListItem\",\"position\":1,\"name\":\"Home\",\"item\":\"https:\/\/exceladvisor.org\/it\/\"},{\"@type\":\"ListItem\",\"position\":2,\"name\":\"Come aggiungere un titolo a un foglio di calcolo in excel?\"}]},{\"@type\":\"WebSite\",\"@id\":\"https:\/\/exceladvisor.org\/it\/#website\",\"url\":\"https:\/\/exceladvisor.org\/it\/\",\"name\":\"Excel Advisor\",\"description\":\"Tips, Tricks, and Time-Saving Hacks\",\"publisher\":{\"@id\":\"https:\/\/exceladvisor.org\/it\/#organization\"},\"potentialAction\":[{\"@type\":\"SearchAction\",\"target\":{\"@type\":\"EntryPoint\",\"urlTemplate\":\"https:\/\/exceladvisor.org\/it\/?s={search_term_string}\"},\"query-input\":{\"@type\":\"PropertyValueSpecification\",\"valueRequired\":true,\"valueName\":\"search_term_string\"}}],\"inLanguage\":\"it-IT\"},{\"@type\":\"Organization\",\"@id\":\"https:\/\/exceladvisor.org\/it\/#organization\",\"name\":\"Excel Advisor\",\"url\":\"https:\/\/exceladvisor.org\/it\/\",\"logo\":{\"@type\":\"ImageObject\",\"inLanguage\":\"it-IT\",\"@id\":\"https:\/\/exceladvisor.org\/it\/#\/schema\/logo\/image\/\",\"url\":\"https:\/\/exceladvisor.org\/it\/wp-content\/uploads\/2023\/12\/exceladvisor.org_.png\",\"contentUrl\":\"https:\/\/exceladvisor.org\/it\/wp-content\/uploads\/2023\/12\/exceladvisor.org_.png\",\"width\":105,\"height\":36,\"caption\":\"Excel Advisor\"},\"image\":{\"@id\":\"https:\/\/exceladvisor.org\/it\/#\/schema\/logo\/image\/\"}}]}<\/script>\n<!-- \/ Yoast SEO plugin. -->","yoast_head_json":{"title":"Come aggiungere un titolo a un foglio di calcolo in Excel?","description":"Questo tutorial ti aiuta a imparare come aggiungere un titolo a un foglio di lavoro utilizzando l&#39;opzione di stile cella.","robots":{"index":"index","follow":"follow","max-snippet":"max-snippet:-1","max-image-preview":"max-image-preview:large","max-video-preview":"max-video-preview:-1"},"canonical":"https:\/\/exceladvisor.org\/it\/aggiungere-un-titolo\/","og_locale":"it_IT","og_type":"article","og_title":"Come aggiungere un titolo a un foglio di calcolo in Excel?","og_description":"Questo tutorial ti aiuta a imparare come aggiungere un titolo a un foglio di lavoro utilizzando l&#39;opzione di stile cella.","og_url":"https:\/\/exceladvisor.org\/it\/aggiungere-un-titolo\/","og_site_name":"Excel Advisor","article_modified_time":"2023-12-10T06:20:07+00:00","og_image":[{"url":"https:\/\/exceladvisor.org\/wp-content\/uploads\/2023\/08\/1-ajouter-un-titre-a-une-feuille-de-calcul.png","type":"","width":"","height":""}],"twitter_card":"summary_large_image","twitter_misc":{"Tempo di lettura stimato":"1 minuto"},"schema":{"@context":"https:\/\/schema.org","@graph":[{"@type":"WebPage","@id":"https:\/\/exceladvisor.org\/it\/aggiungere-un-titolo\/","url":"https:\/\/exceladvisor.org\/it\/aggiungere-un-titolo\/","name":"Come aggiungere un titolo a un foglio di calcolo in Excel?","isPartOf":{"@id":"https:\/\/exceladvisor.org\/it\/#website"},"primaryImageOfPage":{"@id":"https:\/\/exceladvisor.org\/it\/aggiungere-un-titolo\/#primaryimage"},"image":{"@id":"https:\/\/exceladvisor.org\/it\/aggiungere-un-titolo\/#primaryimage"},"thumbnailUrl":"https:\/\/exceladvisor.org\/wp-content\/uploads\/2023\/08\/1-ajouter-un-titre-a-une-feuille-de-calcul.png","datePublished":"2023-10-31T20:56:18+00:00","dateModified":"2023-12-10T06:20:07+00:00","description":"Questo tutorial ti aiuta a imparare come aggiungere un titolo a un foglio di lavoro utilizzando l&#39;opzione di stile cella.","breadcrumb":{"@id":"https:\/\/exceladvisor.org\/it\/aggiungere-un-titolo\/#breadcrumb"},"inLanguage":"it-IT","potentialAction":[{"@type":"ReadAction","target":["https:\/\/exceladvisor.org\/it\/aggiungere-un-titolo\/"]}]},{"@type":"ImageObject","inLanguage":"it-IT","@id":"https:\/\/exceladvisor.org\/it\/aggiungere-un-titolo\/#primaryimage","url":"https:\/\/exceladvisor.org\/wp-content\/uploads\/2023\/08\/1-ajouter-un-titre-a-une-feuille-de-calcul.png","contentUrl":"https:\/\/exceladvisor.org\/wp-content\/uploads\/2023\/08\/1-ajouter-un-titre-a-une-feuille-de-calcul.png"},{"@type":"BreadcrumbList","@id":"https:\/\/exceladvisor.org\/it\/aggiungere-un-titolo\/#breadcrumb","itemListElement":[{"@type":"ListItem","position":1,"name":"Home","item":"https:\/\/exceladvisor.org\/it\/"},{"@type":"ListItem","position":2,"name":"Come aggiungere un titolo a un foglio di calcolo in excel?"}]},{"@type":"WebSite","@id":"https:\/\/exceladvisor.org\/it\/#website","url":"https:\/\/exceladvisor.org\/it\/","name":"Excel Advisor","description":"Tips, Tricks, and Time-Saving Hacks","publisher":{"@id":"https:\/\/exceladvisor.org\/it\/#organization"},"potentialAction":[{"@type":"SearchAction","target":{"@type":"EntryPoint","urlTemplate":"https:\/\/exceladvisor.org\/it\/?s={search_term_string}"},"query-input":{"@type":"PropertyValueSpecification","valueRequired":true,"valueName":"search_term_string"}}],"inLanguage":"it-IT"},{"@type":"Organization","@id":"https:\/\/exceladvisor.org\/it\/#organization","name":"Excel Advisor","url":"https:\/\/exceladvisor.org\/it\/","logo":{"@type":"ImageObject","inLanguage":"it-IT","@id":"https:\/\/exceladvisor.org\/it\/#\/schema\/logo\/image\/","url":"https:\/\/exceladvisor.org\/it\/wp-content\/uploads\/2023\/12\/exceladvisor.org_.png","contentUrl":"https:\/\/exceladvisor.org\/it\/wp-content\/uploads\/2023\/12\/exceladvisor.org_.png","width":105,"height":36,"caption":"Excel Advisor"},"image":{"@id":"https:\/\/exceladvisor.org\/it\/#\/schema\/logo\/image\/"}}]}},"yoast_meta":{"yoast_wpseo_title":"","yoast_wpseo_metadesc":"","yoast_wpseo_canonical":""},"_links":{"self":[{"href":"https:\/\/exceladvisor.org\/it\/wp-json\/wp\/v2\/pages\/1839","targetHints":{"allow":["GET"]}}],"collection":[{"href":"https:\/\/exceladvisor.org\/it\/wp-json\/wp\/v2\/pages"}],"about":[{"href":"https:\/\/exceladvisor.org\/it\/wp-json\/wp\/v2\/types\/page"}],"author":[{"embeddable":true,"href":"https:\/\/exceladvisor.org\/it\/wp-json\/wp\/v2\/users\/1"}],"replies":[{"embeddable":true,"href":"https:\/\/exceladvisor.org\/it\/wp-json\/wp\/v2\/comments?post=1839"}],"version-history":[{"count":1,"href":"https:\/\/exceladvisor.org\/it\/wp-json\/wp\/v2\/pages\/1839\/revisions"}],"predecessor-version":[{"id":2284,"href":"https:\/\/exceladvisor.org\/it\/wp-json\/wp\/v2\/pages\/1839\/revisions\/2284"}],"wp:attachment":[{"href":"https:\/\/exceladvisor.org\/it\/wp-json\/wp\/v2\/media?parent=1839"}],"curies":[{"name":"wp","href":"https:\/\/api.w.org\/{rel}","templated":true}]}}