{"id":1840,"date":"2023-10-31T20:37:21","date_gmt":"2023-10-31T20:37:21","guid":{"rendered":"https:\/\/exceladvisor.org\/it\/anteprima-prima-della-stampa\/"},"modified":"2023-12-10T06:24:39","modified_gmt":"2023-12-10T06:24:39","slug":"anteprima-prima-della-stampa","status":"publish","type":"page","link":"https:\/\/exceladvisor.org\/it\/anteprima-prima-della-stampa\/","title":{"rendered":"Come ottenere l&#39;anteprima di stampa in excel?"},"content":{"rendered":"<div class=\"excel-prima-del-contenuto\" id=\"excel-196289397\"><script type=\"text\/javascript\">\r\n\tatOptions = {\r\n\t\t'key' : 'c1158f160081d6540a8409e6925dab94',\r\n\t\t'format' : 'iframe',\r\n\t\t'height' : 250,\r\n\t\t'width' : 300,\r\n\t\t'params' : {}\r\n\t};\r\n<\/script>\r\n<script type=\"text\/javascript\" src=\"\/\/www.highperformanceformat.com\/c1158f160081d6540a8409e6925dab94\/invoke.js\"><\/script><\/div> <p>L&#8217;opzione di anteprima di stampa \u00e8 disponibile in Excel 2010 e ora si chiama Stampa. Per ottenere la stampa \u00e8 necessario utilizzare la scorciatoia da tastiera che \u00e8 Control + P.<\/p><p> Ti consente di vedere l&#8217;anteprima della pagina corrente e di apportare modifiche prima di stamparla. <\/p><div class=\"wp-block-image\"><figure class=\"aligncenter size-full is-resized\"><img loading=\"lazy\" decoding=\"async\" class=\"wp-image-82070\" src=\"https:\/\/exceladvisor.org\/wp-content\/uploads\/2023\/08\/1-page-dapercu-avant-impression.png\" sizes=\"auto, \" srcset=\"\" alt=\"pagina di anteprima di stampa\" width=\"719\" height=\"478\"><\/figure><\/div><p> In questo tutorial impareremo l&#8217;uso della funzione di anteprima di stampa e le sue impostazioni e opzioni in Excel.<\/p><h2 class=\"wp-block-heading\"> Passaggi per visualizzare l&#8217;anteprima di stampa<\/h2><h3 class=\"wp-block-heading\"> <strong>Dalla scheda File<\/strong><\/h3><ul><li> Innanzitutto, devi selezionare tutti i dati che desideri stampare. <\/li><\/ul><div class=\"wp-block-image\"><figure class=\"aligncenter size-full is-resized\"><img loading=\"lazy\" decoding=\"async\" class=\"wp-image-82071\" src=\"https:\/\/exceladvisor.org\/wp-content\/uploads\/2023\/08\/2-selectionner-les-donnees-a-imprimer.png\" sizes=\"auto, \" srcset=\"\" alt=\"selezionare i dati da stampare\" width=\"691\" height=\"311\"><\/figure><\/div><ul><li> Successivamente, fai clic sulla scheda File e dall&#8217;elenco delle opzioni seleziona l&#8217;opzione Stampa. <\/li><\/ul><div class=\"wp-block-image\"><figure class=\"aligncenter size-full is-resized\"><img loading=\"lazy\" decoding=\"async\" class=\"wp-image-82072\" src=\"https:\/\/exceladvisor.org\/wp-content\/uploads\/2023\/08\/3-cliquez-sur-longlet-fichier-et-selectionnez-imprimer.png\" sizes=\"auto, \" srcset=\"\" alt=\"fare clic su file-scheda e selezionare-stampa\" width=\"543\" height=\"466\"><\/figure><\/div><h3 class=\"wp-block-heading\"> <strong>Utilizzando una scorciatoia da tastiera<\/strong><\/h3><p> Puoi anche stampare i dati premendo i tasti di scelta rapida da tastiera CTRL + P. Una volta premuti questi tasti, si aprir\u00e0 direttamente la pagina di anteprima di stampa.<\/p><h2 class=\"wp-block-heading\"> Impostazioni della pagina<\/h2><ul><li> Pulsante Stampa: si trova in alto a sinistra della pagina. E quando fai clic, verr\u00e0 stampata la pagina che hai visualizzato sul lato destro. <\/li><\/ul><div class=\"wp-block-image\"><figure class=\"aligncenter size-full is-resized\"><img loading=\"lazy\" decoding=\"async\" class=\"wp-image-82073\" src=\"https:\/\/exceladvisor.org\/wp-content\/uploads\/2023\/08\/4-bouton-dimpression.png\" sizes=\"auto, \" srcset=\"\" alt=\"pulsante di stampa\" width=\"364\" height=\"325\"><\/figure><\/div><ul><li> Copie: qui \u00e8 possibile specificare il numero di copie che si desidera stampare. <\/li><\/ul><div class=\"wp-block-image\"><figure class=\"aligncenter size-full is-resized\"><img loading=\"lazy\" decoding=\"async\" class=\"wp-image-82074\" src=\"https:\/\/exceladvisor.org\/wp-content\/uploads\/2023\/08\/5-ajouter-le-nombre-dexemplaires.png\" sizes=\"auto, \" srcset=\"\" alt=\"aggiungere numero di copie\" width=\"349\" height=\"312\"><\/figure><\/div><ul><li> Stampante: seleziona la stampante e impartisci il comando per stampare la pagina. Se la stampante non \u00e8 disponibile nell&#8217;elenco, aggiungila prima. <\/li><\/ul><div class=\"wp-block-image\"><figure class=\"aligncenter size-full is-resized\"><img loading=\"lazy\" decoding=\"async\" class=\"wp-image-82114\" src=\"https:\/\/exceladvisor.org\/wp-content\/uploads\/2023\/08\/12-selectionner-limprimante.png\" sizes=\"auto, \" srcset=\"\" alt=\"\" width=\"351\" height=\"559\"><\/figure><\/div><ul><li> Elenco a discesa dell&#8217;intervallo di stampa<\/li><\/ul><p> Foglio attivo: per stampare un foglio attivo, selezionare i fogli attivi da stampare dall&#8217;elenco a discesa Intervallo di stampa, quindi fare clic su Stampa. <\/p><div class=\"wp-block-image\"><figure class=\"aligncenter size-full is-resized\"><img loading=\"lazy\" decoding=\"async\" class=\"wp-image-82075\" src=\"https:\/\/exceladvisor.org\/wp-content\/uploads\/2023\/08\/6-selectionnez-imprimer-la-feuille-active.png\" sizes=\"auto, \" srcset=\"\" alt=\"seleziona-stampa-foglio-attivo\" width=\"328\" height=\"331\"><\/figure><\/div><p> Stampa l&#8217;intera cartella di lavoro: \u00e8 possibile stampare pi\u00f9 fogli di lavoro da una singola cartella di lavoro. E per questo devi selezionare l&#8217;intera cartella di lavoro di stampa come vedi di seguito. <\/p><div class=\"wp-block-image\"><figure class=\"aligncenter size-full is-resized\"><img loading=\"lazy\" decoding=\"async\" class=\"wp-image-82077\" src=\"https:\/\/exceladvisor.org\/wp-content\/uploads\/2023\/08\/7-clic-lors-de-limpression-du-classeur-entier.png\" sizes=\"auto, \" srcset=\"\" alt=\"fare clic su quando si stampa l'intera cartella di lavoro\" width=\"335\" height=\"332\"><\/figure><\/div><p> Stampa selezione: questa opzione viene utilizzata specialmente quando si desidera stampare un intervallo specifico di celle anzich\u00e9 un intero foglio. Per la selezione di stampa, \u00e8 necessario prima selezionare le celle e quindi fare clic sulla selezione di stampa dall&#8217;elenco a discesa. <\/p><div class=\"wp-block-image\"><figure class=\"aligncenter size-full is-resized\"><img loading=\"lazy\" decoding=\"async\" class=\"wp-image-82081\" src=\"https:\/\/exceladvisor.org\/wp-content\/uploads\/2023\/08\/8-selectionnez-la-zone-a-imprimer.png\" sizes=\"auto, \" srcset=\"\" alt=\"seleziona l'area da stampare\" width=\"342\" height=\"338\"><\/figure><\/div><ul><li> Pagina di orientamento<\/li><\/ul><p> Orientamento verticale: quando disponi di dati con pi\u00f9 righe nel foglio di lavoro, seleziona l&#8217;orientamento verticale poich\u00e9 ci\u00f2 ti aiuter\u00e0 a adattare tutte le righe su una pagina. <\/p><div class=\"wp-block-image\"><figure class=\"aligncenter size-full is-resized\"><img loading=\"lazy\" decoding=\"async\" class=\"wp-image-82082\" src=\"https:\/\/exceladvisor.org\/wp-content\/uploads\/2023\/08\/9-page-dorientation-portrait.png\" sizes=\"auto, \" srcset=\"\" alt=\"orientamento della pagina verticale\" width=\"800\" height=\"444\"><\/figure><\/div><p> Orientamento orizzontale: proprio come le altre righe, l&#8217;orientamento orizzontale ti aiuter\u00e0 a adattare un gran numero di colonne su una singola pagina. <\/p><div class=\"wp-block-image\"><figure class=\"aligncenter size-full is-resized\"><img loading=\"lazy\" decoding=\"async\" class=\"wp-image-82085\" src=\"https:\/\/exceladvisor.org\/wp-content\/uploads\/2023\/08\/10-selectionner-lorientation-paysage-pour-sadapter-aux-colonnes.png\" sizes=\"auto, \" srcset=\"\" alt=\"seleziona l'orientamento orizzontale per adattare le colonne\" width=\"314\" height=\"200\"><\/figure><\/div><ul><li> Formato carta: la cosa successiva dopo aver selezionato l&#8217;orientamento della pagina \u00e8 selezionare il formato carta. \u00c8 in centimetri e in diverse forme come lettere, A4, fogli legali, buste, ecc. <\/li><\/ul><div class=\"wp-block-image\"><figure class=\"aligncenter size-full is-resized\"><img loading=\"lazy\" decoding=\"async\" class=\"wp-image-82086\" src=\"https:\/\/exceladvisor.org\/wp-content\/uploads\/2023\/08\/11-selectionner-le-format-de-papier.png\" sizes=\"auto, \" srcset=\"\" alt=\"seleziona il formato carta\" width=\"336\" height=\"725\"><\/figure><\/div><ul><li> Margini: \u00e8 utile per impostare i margini del foglio e i dati superiore, inferiore, sinistro, destro, di intestazione e pi\u00e8 di pagina. \u00c8 diviso in tre categorie normale, largo e stretto ed \u00e8 possibile anche personalizzarlo in base alle proprie esigenze. <\/li><\/ul><div class=\"wp-block-image\"><figure class=\"aligncenter size-full is-resized\"><img loading=\"lazy\" decoding=\"async\" class=\"wp-image-82087\" src=\"https:\/\/exceladvisor.org\/wp-content\/uploads\/2023\/08\/12-marges-de-la-page.png\" sizes=\"auto, \" srcset=\"\" alt=\"margini della pagina\" width=\"365\" height=\"410\"><\/figure><\/div><ul><li> Proporzioni: questa funzione viene utilizzata per apportare alcune modifiche per adattare i dati alla pagina in modo che non vengano tagliati dalla stampante durante la stampa. Nell&#8217;elenco a discesa del ridimensionamento \u00e8 possibile selezionare l&#8217;opzione desiderata.<\/li><\/ul><p> Nell&#8217;esempio seguente, abbiamo selezionato l&#8217;opzione Adatta foglio su una pagina per adattare tutti i dati su un&#8217;unica pagina. Ma in questo i tuoi dati sono diminuiti e sono molto difficili da leggere. <\/p><figure class=\"wp-block-image size-full is-resized\"><img loading=\"lazy\" decoding=\"async\" class=\"wp-image-82088\" src=\"https:\/\/exceladvisor.org\/wp-content\/uploads\/2023\/08\/13-mise-a-lechelle-pour-sadapter-a-la-feuille-sur-une-page.png\" sizes=\"auto, \" srcset=\"\" alt=\"ridimensionamento del foglio di adattamento su una pagina\" width=\"866\" height=\"468\"><\/figure><div class=\"gb-container gb-container-4db6181c gb-container-mt\"> <a class=\"gb-button gb-button-c5897111 gb-button-text gb-button-mt-button\" href=\"https:\/\/exceladvisor.org\/it\/nozioni-di-base-su-excel\/\">Nozioni di base su Microsoft Excel (componenti, parti e note informative)<\/a><h2 class=\"gb-headline gb-headline-665e5f6b gb-headline-text gb-headline-mt-heading\"> Tutorial correlati <\/h2><div class=\"gb-grid-wrapper gb-grid-wrapper-a20baf7c gb-grid-wrapper-mt-grid\"><div class=\"gb-grid-column gb-grid-column-65ddf67e\"><div class=\"gb-container gb-container-65ddf67e\"><ul><li> <a href=\"https:\/\/exceladvisor.org\/it\/stampare-i-titoli\/\">Applica titoli di stampa in Excel (imposta la riga 1 per stampare su ogni pagina)<\/a><\/li><li> <a href=\"https:\/\/exceladvisor.org\/it\/carta-millimetrata\/\">Stampare un foglio di carta millimetrata in Excel (modello di griglia quadrata)<\/a><\/li><li> <a href=\"https:\/\/exceladvisor.org\/it\/rimuovere-linterruzione-di-pagina\/\">Rimuovi l&#8217;interruzione di pagina in Excel<\/a><\/li><li> <a href=\"https:\/\/exceladvisor.org\/it\/impostare-larea-di-stampa\/\">Imposta l&#8217;area di stampa in Excel<\/a><\/li><li> <a href=\"https:\/\/exceladvisor.org\/it\/centrare-il-foglio-di-lavoro-orizzontalmente\/\">Centrare un foglio di lavoro orizzontalmente e verticalmente in Excel<\/a> <\/li><\/ul><\/div><\/div><div class=\"gb-grid-column gb-grid-column-50067b57\"><div class=\"gb-container gb-container-50067b57\"><\/div><\/div><\/div><\/div>","protected":false},"excerpt":{"rendered":"","protected":false},"author":1,"featured_media":0,"parent":0,"menu_order":0,"comment_status":"open","ping_status":"closed","template":"","meta":{"ub_ctt_via":"","footnotes":""},"class_list":["post-1840","page","type-page","status-publish","hentry"],"featured_image_src":null,"yoast_head":"<!-- This site is optimized with the Yoast SEO plugin v25.4 - https:\/\/yoast.com\/wordpress\/plugins\/seo\/ -->\n<title>\u25b7 Come ottenere l&#039;anteprima di stampa in Excel?<\/title>\n<meta name=\"description\" content=\"In questo tutorial impareremo l&#039;uso della funzione di anteprima di stampa e le sue impostazioni e opzioni in Excel.\" \/>\n<meta name=\"robots\" content=\"index, follow, max-snippet:-1, max-image-preview:large, max-video-preview:-1\" \/>\n<link rel=\"canonical\" href=\"https:\/\/exceladvisor.org\/it\/anteprima-prima-della-stampa\/\" \/>\n<meta property=\"og:locale\" content=\"it_IT\" \/>\n<meta property=\"og:type\" content=\"article\" \/>\n<meta property=\"og:title\" content=\"\u25b7 Come ottenere l&#039;anteprima di stampa in Excel?\" \/>\n<meta property=\"og:description\" content=\"In questo tutorial impareremo l&#039;uso della funzione di anteprima di stampa e le sue impostazioni e opzioni in Excel.\" \/>\n<meta property=\"og:url\" content=\"https:\/\/exceladvisor.org\/it\/anteprima-prima-della-stampa\/\" \/>\n<meta property=\"og:site_name\" content=\"Excel Advisor\" \/>\n<meta property=\"article:modified_time\" content=\"2023-12-10T06:24:39+00:00\" \/>\n<meta property=\"og:image\" content=\"https:\/\/exceladvisor.org\/wp-content\/uploads\/2023\/08\/1-page-dapercu-avant-impression.png\" \/>\n<meta name=\"twitter:card\" content=\"summary_large_image\" \/>\n<meta name=\"twitter:label1\" content=\"Tempo di lettura stimato\" \/>\n\t<meta name=\"twitter:data1\" content=\"3 minuti\" \/>\n<script type=\"application\/ld+json\" class=\"yoast-schema-graph\">{\"@context\":\"https:\/\/schema.org\",\"@graph\":[{\"@type\":\"WebPage\",\"@id\":\"https:\/\/exceladvisor.org\/it\/anteprima-prima-della-stampa\/\",\"url\":\"https:\/\/exceladvisor.org\/it\/anteprima-prima-della-stampa\/\",\"name\":\"\u25b7 Come ottenere l&#39;anteprima di stampa in Excel?\",\"isPartOf\":{\"@id\":\"https:\/\/exceladvisor.org\/it\/#website\"},\"primaryImageOfPage\":{\"@id\":\"https:\/\/exceladvisor.org\/it\/anteprima-prima-della-stampa\/#primaryimage\"},\"image\":{\"@id\":\"https:\/\/exceladvisor.org\/it\/anteprima-prima-della-stampa\/#primaryimage\"},\"thumbnailUrl\":\"https:\/\/exceladvisor.org\/wp-content\/uploads\/2023\/08\/1-page-dapercu-avant-impression.png\",\"datePublished\":\"2023-10-31T20:37:21+00:00\",\"dateModified\":\"2023-12-10T06:24:39+00:00\",\"description\":\"In questo tutorial impareremo l&#39;uso della funzione di anteprima di stampa e le sue impostazioni e opzioni in Excel.\",\"breadcrumb\":{\"@id\":\"https:\/\/exceladvisor.org\/it\/anteprima-prima-della-stampa\/#breadcrumb\"},\"inLanguage\":\"it-IT\",\"potentialAction\":[{\"@type\":\"ReadAction\",\"target\":[\"https:\/\/exceladvisor.org\/it\/anteprima-prima-della-stampa\/\"]}]},{\"@type\":\"ImageObject\",\"inLanguage\":\"it-IT\",\"@id\":\"https:\/\/exceladvisor.org\/it\/anteprima-prima-della-stampa\/#primaryimage\",\"url\":\"https:\/\/exceladvisor.org\/wp-content\/uploads\/2023\/08\/1-page-dapercu-avant-impression.png\",\"contentUrl\":\"https:\/\/exceladvisor.org\/wp-content\/uploads\/2023\/08\/1-page-dapercu-avant-impression.png\"},{\"@type\":\"BreadcrumbList\",\"@id\":\"https:\/\/exceladvisor.org\/it\/anteprima-prima-della-stampa\/#breadcrumb\",\"itemListElement\":[{\"@type\":\"ListItem\",\"position\":1,\"name\":\"Home\",\"item\":\"https:\/\/exceladvisor.org\/it\/\"},{\"@type\":\"ListItem\",\"position\":2,\"name\":\"Come ottenere l&#39;anteprima di stampa in excel?\"}]},{\"@type\":\"WebSite\",\"@id\":\"https:\/\/exceladvisor.org\/it\/#website\",\"url\":\"https:\/\/exceladvisor.org\/it\/\",\"name\":\"Excel Advisor\",\"description\":\"Tips, Tricks, and Time-Saving Hacks\",\"publisher\":{\"@id\":\"https:\/\/exceladvisor.org\/it\/#organization\"},\"potentialAction\":[{\"@type\":\"SearchAction\",\"target\":{\"@type\":\"EntryPoint\",\"urlTemplate\":\"https:\/\/exceladvisor.org\/it\/?s={search_term_string}\"},\"query-input\":{\"@type\":\"PropertyValueSpecification\",\"valueRequired\":true,\"valueName\":\"search_term_string\"}}],\"inLanguage\":\"it-IT\"},{\"@type\":\"Organization\",\"@id\":\"https:\/\/exceladvisor.org\/it\/#organization\",\"name\":\"Excel Advisor\",\"url\":\"https:\/\/exceladvisor.org\/it\/\",\"logo\":{\"@type\":\"ImageObject\",\"inLanguage\":\"it-IT\",\"@id\":\"https:\/\/exceladvisor.org\/it\/#\/schema\/logo\/image\/\",\"url\":\"https:\/\/exceladvisor.org\/it\/wp-content\/uploads\/2023\/12\/exceladvisor.org_.png\",\"contentUrl\":\"https:\/\/exceladvisor.org\/it\/wp-content\/uploads\/2023\/12\/exceladvisor.org_.png\",\"width\":105,\"height\":36,\"caption\":\"Excel Advisor\"},\"image\":{\"@id\":\"https:\/\/exceladvisor.org\/it\/#\/schema\/logo\/image\/\"}}]}<\/script>\n<!-- \/ Yoast SEO plugin. -->","yoast_head_json":{"title":"\u25b7 Come ottenere l&#39;anteprima di stampa in Excel?","description":"In questo tutorial impareremo l&#39;uso della funzione di anteprima di stampa e le sue impostazioni e opzioni in Excel.","robots":{"index":"index","follow":"follow","max-snippet":"max-snippet:-1","max-image-preview":"max-image-preview:large","max-video-preview":"max-video-preview:-1"},"canonical":"https:\/\/exceladvisor.org\/it\/anteprima-prima-della-stampa\/","og_locale":"it_IT","og_type":"article","og_title":"\u25b7 Come ottenere l&#39;anteprima di stampa in Excel?","og_description":"In questo tutorial impareremo l&#39;uso della funzione di anteprima di stampa e le sue impostazioni e opzioni in Excel.","og_url":"https:\/\/exceladvisor.org\/it\/anteprima-prima-della-stampa\/","og_site_name":"Excel Advisor","article_modified_time":"2023-12-10T06:24:39+00:00","og_image":[{"url":"https:\/\/exceladvisor.org\/wp-content\/uploads\/2023\/08\/1-page-dapercu-avant-impression.png","type":"","width":"","height":""}],"twitter_card":"summary_large_image","twitter_misc":{"Tempo di lettura stimato":"3 minuti"},"schema":{"@context":"https:\/\/schema.org","@graph":[{"@type":"WebPage","@id":"https:\/\/exceladvisor.org\/it\/anteprima-prima-della-stampa\/","url":"https:\/\/exceladvisor.org\/it\/anteprima-prima-della-stampa\/","name":"\u25b7 Come ottenere l&#39;anteprima di stampa in Excel?","isPartOf":{"@id":"https:\/\/exceladvisor.org\/it\/#website"},"primaryImageOfPage":{"@id":"https:\/\/exceladvisor.org\/it\/anteprima-prima-della-stampa\/#primaryimage"},"image":{"@id":"https:\/\/exceladvisor.org\/it\/anteprima-prima-della-stampa\/#primaryimage"},"thumbnailUrl":"https:\/\/exceladvisor.org\/wp-content\/uploads\/2023\/08\/1-page-dapercu-avant-impression.png","datePublished":"2023-10-31T20:37:21+00:00","dateModified":"2023-12-10T06:24:39+00:00","description":"In questo tutorial impareremo l&#39;uso della funzione di anteprima di stampa e le sue impostazioni e opzioni in Excel.","breadcrumb":{"@id":"https:\/\/exceladvisor.org\/it\/anteprima-prima-della-stampa\/#breadcrumb"},"inLanguage":"it-IT","potentialAction":[{"@type":"ReadAction","target":["https:\/\/exceladvisor.org\/it\/anteprima-prima-della-stampa\/"]}]},{"@type":"ImageObject","inLanguage":"it-IT","@id":"https:\/\/exceladvisor.org\/it\/anteprima-prima-della-stampa\/#primaryimage","url":"https:\/\/exceladvisor.org\/wp-content\/uploads\/2023\/08\/1-page-dapercu-avant-impression.png","contentUrl":"https:\/\/exceladvisor.org\/wp-content\/uploads\/2023\/08\/1-page-dapercu-avant-impression.png"},{"@type":"BreadcrumbList","@id":"https:\/\/exceladvisor.org\/it\/anteprima-prima-della-stampa\/#breadcrumb","itemListElement":[{"@type":"ListItem","position":1,"name":"Home","item":"https:\/\/exceladvisor.org\/it\/"},{"@type":"ListItem","position":2,"name":"Come ottenere l&#39;anteprima di stampa in excel?"}]},{"@type":"WebSite","@id":"https:\/\/exceladvisor.org\/it\/#website","url":"https:\/\/exceladvisor.org\/it\/","name":"Excel Advisor","description":"Tips, Tricks, and Time-Saving Hacks","publisher":{"@id":"https:\/\/exceladvisor.org\/it\/#organization"},"potentialAction":[{"@type":"SearchAction","target":{"@type":"EntryPoint","urlTemplate":"https:\/\/exceladvisor.org\/it\/?s={search_term_string}"},"query-input":{"@type":"PropertyValueSpecification","valueRequired":true,"valueName":"search_term_string"}}],"inLanguage":"it-IT"},{"@type":"Organization","@id":"https:\/\/exceladvisor.org\/it\/#organization","name":"Excel Advisor","url":"https:\/\/exceladvisor.org\/it\/","logo":{"@type":"ImageObject","inLanguage":"it-IT","@id":"https:\/\/exceladvisor.org\/it\/#\/schema\/logo\/image\/","url":"https:\/\/exceladvisor.org\/it\/wp-content\/uploads\/2023\/12\/exceladvisor.org_.png","contentUrl":"https:\/\/exceladvisor.org\/it\/wp-content\/uploads\/2023\/12\/exceladvisor.org_.png","width":105,"height":36,"caption":"Excel Advisor"},"image":{"@id":"https:\/\/exceladvisor.org\/it\/#\/schema\/logo\/image\/"}}]}},"yoast_meta":{"yoast_wpseo_title":"","yoast_wpseo_metadesc":"","yoast_wpseo_canonical":""},"_links":{"self":[{"href":"https:\/\/exceladvisor.org\/it\/wp-json\/wp\/v2\/pages\/1840","targetHints":{"allow":["GET"]}}],"collection":[{"href":"https:\/\/exceladvisor.org\/it\/wp-json\/wp\/v2\/pages"}],"about":[{"href":"https:\/\/exceladvisor.org\/it\/wp-json\/wp\/v2\/types\/page"}],"author":[{"embeddable":true,"href":"https:\/\/exceladvisor.org\/it\/wp-json\/wp\/v2\/users\/1"}],"replies":[{"embeddable":true,"href":"https:\/\/exceladvisor.org\/it\/wp-json\/wp\/v2\/comments?post=1840"}],"version-history":[{"count":1,"href":"https:\/\/exceladvisor.org\/it\/wp-json\/wp\/v2\/pages\/1840\/revisions"}],"predecessor-version":[{"id":2594,"href":"https:\/\/exceladvisor.org\/it\/wp-json\/wp\/v2\/pages\/1840\/revisions\/2594"}],"wp:attachment":[{"href":"https:\/\/exceladvisor.org\/it\/wp-json\/wp\/v2\/media?parent=1840"}],"curies":[{"name":"wp","href":"https:\/\/api.w.org\/{rel}","templated":true}]}}