{"id":1841,"date":"2023-10-31T18:49:50","date_gmt":"2023-10-31T18:49:50","guid":{"rendered":"https:\/\/exceladvisor.org\/it\/aggiungi-una-colonna\/"},"modified":"2023-12-10T06:20:10","modified_gmt":"2023-12-10T06:20:10","slug":"aggiungi-una-colonna","status":"publish","type":"page","link":"https:\/\/exceladvisor.org\/it\/aggiungi-una-colonna\/","title":{"rendered":"Come aggiungere una colonna in excel?"},"content":{"rendered":"<div class=\"excel-prima-del-contenuto\" id=\"excel-2922141066\"><script type=\"text\/javascript\">\r\n\tatOptions = {\r\n\t\t'key' : 'c1158f160081d6540a8409e6925dab94',\r\n\t\t'format' : 'iframe',\r\n\t\t'height' : 250,\r\n\t\t'width' : 300,\r\n\t\t'params' : {}\r\n\t};\r\n<\/script>\r\n<script type=\"text\/javascript\" src=\"\/\/www.highperformanceformat.com\/c1158f160081d6540a8409e6925dab94\/invoke.js\"><\/script><\/div> <p>Quando si lavora in Excel, aggiungere o rimuovere colonne \u00e8 un&#8217;attivit\u00e0 comune ed esistono diversi modi per aggiungere o inserire colonne nei fogli Excel.<\/p><p> Si pu\u00f2 scegliere uno dei modi per aggiungere o inserire le colonne in base alle proprie preferenze.<\/p><h2 id=\"steps-to-insert-a-single-column\" class=\"wp-block-heading\"> Passaggi per inserire una singola colonna<\/h2><ol><li> Innanzitutto, fai clic con il pulsante destro del mouse su qualsiasi cella nella colonna.<\/li><li> Successivamente, verr\u00e0 visualizzata una finestra pop-up con diverse opzioni.<\/li><li> Ora fai clic sull&#8217;opzione <strong>&#8220;Inserisci&#8221;<\/strong> . <br><img loading=\"lazy\" decoding=\"async\" title=\"\" src=\"https:\/\/exceladvisor.org\/wp-content\/uploads\/2023\/08\/1-option-dinsertion.png\" sizes=\"auto, \" srcset=\"\" alt=\"insert-option\" width=\"599\" height=\"201\"><\/li><li> Successivamente, fai clic con il pulsante destro del mouse e otterrai una finestra pop-up con diverse opzioni.<\/li><li> Ora seleziona l&#8217;opzione <strong>&#8220;Intera colonna&#8221;<\/strong> e fai clic su OK. <br><img loading=\"lazy\" decoding=\"async\" title=\"eh\" src=\"https:\/\/exceladvisor.org\/wp-content\/uploads\/2023\/08\/2-selectionner-la-colonne-entiere.png\" sizes=\"auto, \" srcset=\"\" alt=\"select-entire-column\" width=\"192\" height=\"183\"><\/li><li> A questo punto la colonna \u00e8 stata inserita a sinistra della cella selezionata. <br><img loading=\"lazy\" decoding=\"async\" title=\"min\" src=\"https:\/\/exceladvisor.org\/wp-content\/uploads\/2023\/08\/3-nouvelle-colonne-inseree.png\" sizes=\"auto, \" srcset=\"\" alt=\"new-inserted-column\" width=\"705\" height=\"162\"><\/li><\/ol><p class=\"qt-tip\"> <strong>Suggerimento<\/strong> : puoi selezionare tutte le colonne singole o multiple selezionando le lettere dell&#8217;intestazione della colonna e facendo clic con il pulsante destro del mouse, quindi selezionando <strong>&#8220;Inserisci&#8221;<\/strong> dall&#8217;opzione popup. Il numero di colonne inserite dipende sempre dal numero di colonne selezionate. <\/p><div class=\"wp-block-image\"><figure class=\"aligncenter size-full is-resized\"><img loading=\"lazy\" decoding=\"async\" class=\"wp-image-63688\" src=\"https:\/\/exceladvisor.org\/wp-content\/uploads\/2023\/08\/4-inserer-plusieurs-colonnes-simples.gif\" sizes=\"auto, \" srcset=\"\" alt=\"inserire-colonne-singole-multiple\" width=\"635\" height=\"223\"><\/figure><\/div><p> Puoi anche inserire la colonna dalla barra multifunzione nella scheda &#8220;Home&#8221;.<\/p><ol><li> Innanzitutto, assicurati di essere nella <strong>scheda &#8220;Home&#8221;<\/strong> , quindi fai clic su qualsiasi cella nella colonna. <br><img loading=\"lazy\" decoding=\"async\" title=\"Scheda 5-casa\" src=\"https:\/\/exceladvisor.org\/wp-content\/uploads\/2023\/08\/5-onglet-daccueil.png\" sizes=\"auto, \" srcset=\"\" alt=\"home-tab-sheet\" width=\"554\" height=\"297\"><\/li><li> Qui troverai l&#8217;icona <strong>&#8220;Inserisci&#8221;<\/strong> nel gruppo <strong>&#8220;celle&#8221;<\/strong> della barra multifunzione. <br><img loading=\"lazy\" decoding=\"async\" title=\"Gruppo di 6 celle nella linguetta del nastro\" src=\"https:\/\/exceladvisor.org\/wp-content\/uploads\/2023\/08\/Groupe-de-6-cellules-dans-longlet-du-ruban.png\" sizes=\"auto, \" srcset=\"\" alt=\"cells-group-in-ribbon-tab\" width=\"1081\" height=\"110\"><\/li><li> Ora, fai clic sull&#8217;icona <strong>&#8220;Inserisci&#8221;<\/strong> e seleziona <strong>&#8220;Inserisci colonna foglio&#8221;<\/strong> dal menu a discesa elencato. <br><img loading=\"lazy\" decoding=\"async\" title=\"7 colonne di inserimento\" src=\"https:\/\/exceladvisor.org\/wp-content\/uploads\/2023\/08\/7-colonnes-de-feuille-dinsertion.png\" sizes=\"auto, \" srcset=\"\" alt=\"insert-sheet-columns\" width=\"173\" height=\"186\"><\/li><li> A questo punto la colonna \u00e8 stata inserita a sinistra della cella della colonna selezionata. <br><img loading=\"lazy\" decoding=\"async\" title=\"8-nuova-colonna-inserita\" src=\"https:\/\/exceladvisor.org\/wp-content\/uploads\/2023\/08\/8-nouvelle-colonne-inseree.png\" sizes=\"auto, \" srcset=\"\" alt=\"new-inserted-column\" width=\"657\" height=\"151\"><\/li><\/ol><h2 id=\"add-multiple-columns\" class=\"wp-block-heading\"> Aggiungi pi\u00f9 colonne<\/h2><ul><li> Per aggiungere pi\u00f9 colonne, devi prima selezionare pi\u00f9 celle anzich\u00e9 una singola cella. <br><img loading=\"lazy\" decoding=\"async\" title=\"le ells\" src=\"https:\/\/exceladvisor.org\/wp-content\/uploads\/2023\/08\/9-selectionner-plusieurs-cellules.png\" sizes=\"auto, \" srcset=\"\" alt=\"select-multiple-cells\" width=\"603\" height=\"164\"><\/li><li> Successivamente, fai clic con il pulsante destro del mouse e otterrai una finestra pop-up con diverse opzioni.<\/li><li> Ora fai clic sull&#8217;opzione <strong>&#8220;Inserisci&#8221;<\/strong> . <br><img loading=\"lazy\" decoding=\"async\" title=\"G\" src=\"https:\/\/exceladvisor.org\/wp-content\/uploads\/2023\/08\/10-options-dinsertion.png\" sizes=\"auto, \" srcset=\"\" alt=\"insert-option\" width=\"557\" height=\"187\"><\/li><li> Dopo aver fatto clic sull&#8217;opzione <strong>&#8220;Inserisci&#8221;<\/strong> , otterrai nuovamente un&#8217;opzione pop-up.<\/li><li> Ora seleziona l&#8217;opzione <strong>&#8220;Intera colonna&#8221;<\/strong> e fai clic su OK. <br><img decoding=\"async\" title=\"leggero\" src=\"https:\/\/exceladvisor.org\/wp-content\/uploads\/2023\/08\/11-selectionner-la-colonne-entiere.png\" sizes=\"\" srcset=\"\" alt=\"select-entire-column\"><\/li><li> A questo punto, tre colonne sono state inserite a sinistra delle celle selezionate perch\u00e9 avevi selezionato tre celle. <br><img loading=\"lazy\" decoding=\"async\" title=\"colonne D\" src=\"https:\/\/exceladvisor.org\/wp-content\/uploads\/2023\/08\/12-colonnes-inserees-multiples.png\" sizes=\"auto, \" srcset=\"\" alt=\"multiple-inserted-columns\" width=\"917\" height=\"162\"><\/li><li> Per aggiungere pi\u00f9 colonne \u201cnon adiacenti\u201d, devi prima selezionare le celle una per una tenendo premuto il tasto CTRL sulla tastiera. <br><img loading=\"lazy\" decoding=\"async\" title=\"ls\" src=\"https:\/\/exceladvisor.org\/wp-content\/uploads\/2023\/08\/13-cellules-non-adjacentes.png\" sizes=\"auto, \" srcset=\"\" alt=\"non-adjacent-cells\" width=\"613\" height=\"167\"><\/li><li> Dopo aver selezionato le celle, rilascia il tasto CTRL<\/li><li> Successivamente, fai clic con il pulsante destro del mouse e fai clic sull&#8217;opzione <strong>&#8220;Inserisci&#8221;<\/strong> dalle opzioni popup. <br><img loading=\"lazy\" decoding=\"async\" title=\"ione\" src=\"https:\/\/exceladvisor.org\/wp-content\/uploads\/2023\/08\/Option-dinsertion-en-14-clics.png\" sizes=\"auto, \" srcset=\"\" alt=\"click-insert-option\" width=\"586\" height=\"196\"><\/li><li> Ora seleziona l&#8217;opzione <strong>&#8220;Intera colonna&#8221;<\/strong> e fai clic su OK.<\/li><li> A questo punto, le colonne &#8220;non adiacenti&#8221; sono state inserite a sinistra delle celle selezionate. <br><img loading=\"lazy\" decoding=\"async\" title=\"ehm\" src=\"https:\/\/exceladvisor.org\/wp-content\/uploads\/2023\/08\/16-colonnes-non-adjacentes.png\" sizes=\"auto, \" srcset=\"\" alt=\"non-adjacent-columns\" width=\"863\" height=\"170\"><\/li><\/ul><h2 id=\"insert-a-column-in-excel-table\" class=\"wp-block-heading\"> Inserisci una colonna in una tabella Excel<\/h2><p> Quando converti il set di dati in un intervallo di tabelle, il metodo di inserimento delle colonne perde alcune delle sue funzionalit\u00e0.<\/p><p> Ad esempio, non \u00e8 possibile inserire colonne non adiacenti tutte in una volta come faresti in un normale set di dati selezionando le colonne non adiacenti per inserire le colonne alla loro sinistra.<\/p><p> Nell&#8217;intervallo della tabella, se desideri inserire pi\u00f9 colonne non adiacenti, devi farlo una per una.<\/p><ul><li> Innanzitutto, fai clic su qualsiasi cella nella colonna e fai clic con il pulsante destro del mouse.<\/li><li> Ora, fai clic sull&#8217;opzione <strong>&#8220;Inserisci&#8221;<\/strong> nella finestra pop-up e quindi seleziona &#8220;Colonne della tabella a sinistra&#8221;. <br><img loading=\"lazy\" decoding=\"async\" title=\"-Sinistra\" src=\"https:\/\/exceladvisor.org\/wp-content\/uploads\/2023\/08\/17-colonnes-de-tableau-a-gauche.png\" sizes=\"auto, \" srcset=\"\" alt=\"table-columns-to-the-left\" width=\"688\" height=\"197\"><\/li><li> A questo punto la colonna \u00e8 stata inserita a sinistra della cella selezionata. <br><img loading=\"lazy\" decoding=\"async\" title=\"Nel quadro\" src=\"https:\/\/exceladvisor.org\/wp-content\/uploads\/2023\/08\/18-colonne-inseree-dans-le-tableau.png\" sizes=\"auto, \" srcset=\"\" alt=\"inserted-column-in-table\" width=\"690\" height=\"192\"><\/li><li> Per inserire pi\u00f9 celle adiacenti, devi prima selezionare pi\u00f9 colonne adiacenti.<\/li><li> Ora, fai clic sull&#8217;opzione <strong>&#8220;Inserisci&#8221;<\/strong> nella finestra pop-up e quindi seleziona &#8220;Colonne della tabella a sinistra&#8221;. <br><img loading=\"lazy\" decoding=\"async\" title=\"colonne a sinistra\" src=\"https:\/\/exceladvisor.org\/wp-content\/uploads\/2023\/08\/19-colonnes-de-tableau-multiples-a-gauche.png\" sizes=\"auto, \" srcset=\"\" alt=\"multiple-table-columns-to-the-left\" width=\"814\" height=\"207\"><\/li><li> A questo punto, sono state inserite due colonne a sinistra delle celle selezionate. <br><img loading=\"lazy\" decoding=\"async\" title=\"colonne D\" src=\"https:\/\/exceladvisor.org\/wp-content\/uploads\/2023\/08\/20-colonnes-inserees-multiples.png\" sizes=\"auto, \" srcset=\"\" alt=\"multiple-inserted-columns\" width=\"818\" height=\"197\"><\/li><\/ul><h2 id=\"add-a-column-using-a-keyword-shortcut\" class=\"wp-block-heading\"> Aggiungi una colonna utilizzando una scorciatoia per parola chiave<\/h2><ul><li> Innanzitutto, fai clic sulla cella a sinistra della quale desideri inserire la colonna. <br><img loading=\"lazy\" decoding=\"async\" title=\"IO\" src=\"https:\/\/exceladvisor.org\/wp-content\/uploads\/2023\/08\/21-cliquez-sur-la-cellule.png\" sizes=\"auto, \" srcset=\"\" alt=\"click-on-the-cell\" width=\"619\" height=\"168\"><\/li><li> Successivamente, premi il pulsante CTRL+SHIFT++(pi\u00f9) sulla tastiera e otterrai una finestra pop-up.<\/li><li> Ora seleziona l&#8217;opzione <strong>&#8220;Intera colonna&#8221;<\/strong> e fai clic su OK. <br><img decoding=\"async\" title=\"opzione lumen\" src=\"https:\/\/exceladvisor.org\/wp-content\/uploads\/2023\/08\/22-selectionner-loption-de-colonne-entiere.png\" sizes=\"\" srcset=\"\" alt=\"select-entire-column-option\"><\/li><li> A questo punto la colonna \u00e8 stata inserita a sinistra della cella della colonna selezionata. <br><img loading=\"lazy\" decoding=\"async\" title=\"ted\" src=\"https:\/\/exceladvisor.org\/wp-content\/uploads\/2023\/08\/23-nouvelle-colonne-inseree.png\" sizes=\"auto, \" srcset=\"\" alt=\"new-column-inserted\" width=\"741\" height=\"170\"><\/li><\/ul><p> Il mio metodo di scelta rapida preferito per inserire le colonne \u00e8 selezionare l&#8217;intera colonna con un tasto di scelta rapida alla sinistra del quale si desidera inserire la colonna.<\/p><ul><li> Per fare ci\u00f2, fai prima clic su qualsiasi cella nella colonna e premi CTRL + SPAZIO sulla tastiera e scoprirai che l&#8217;intera colonna \u00e8 ora selezionata. <br><img loading=\"lazy\" decoding=\"async\" title=\"leggero\" src=\"https:\/\/exceladvisor.org\/wp-content\/uploads\/2023\/08\/24-selectionner-la-colonne-entiere.png\" sizes=\"auto, \" srcset=\"\" alt=\"select-entire-column\" width=\"598\" height=\"208\"><\/li><li> Ora rilascia CTRL + BARRA SPAZIATRICE e tieni premuto MAIUSC + CTRL e premi + (segno pi\u00f9) dalla tastiera.<\/li><li> A questo punto la colonna \u00e8 stata inserita a sinistra della cella selezionata. <br><img loading=\"lazy\" decoding=\"async\" title=\"non\" src=\"https:\/\/exceladvisor.org\/wp-content\/uploads\/2023\/08\/25-inserer-une-nouvelle-colonne.png\" sizes=\"auto, \" srcset=\"\" alt=\"insert-new-column\" width=\"712\" height=\"213\"><\/li><\/ul><p class=\"qt-tip\"> <strong>Suggerimento:<\/strong> puoi premere + (segno pi\u00f9) pi\u00f9 volte per inserire pi\u00f9 colonne tenendo premuto MAIUSC+Ctrl.<\/p><div class=\"gb-container gb-container-4db6181c gb-container-mt\"> <a class=\"gb-button gb-button-c5897111 gb-button-text gb-button-mt-button\" href=\"https:\/\/exceladvisor.org\/it\/nozioni-di-base-su-excel\/\">Nozioni di base su Microsoft Excel (componenti, parti e note informative)<\/a><h2 class=\"gb-headline gb-headline-665e5f6b gb-headline-text gb-headline-mt-heading\"> Tutorial correlati <\/h2><div class=\"gb-grid-wrapper gb-grid-wrapper-a20baf7c gb-grid-wrapper-mt-grid\"><div class=\"gb-grid-column gb-grid-column-65ddf67e\"><div class=\"gb-container gb-container-65ddf67e\"><ul><li> <a href=\"https:\/\/exceladvisor.org\/it\/aggiungi-rimuovi-collegamenti-ipertestuali\/\">Aggiungi e rimuovi collegamenti ipertestuali in Excel<\/a><\/li><li> <a href=\"https:\/\/exceladvisor.org\/it\/aggiungi-filigrana\/\">Aggiungi una filigrana in Excel<\/a><\/li><li> <a href=\"https:\/\/exceladvisor.org\/it\/rimuovere-le-colonne-delle-righe-nascoste\/\">Elimina le righe nascoste in Excel<\/a><\/li><li> <a href=\"https:\/\/exceladvisor.org\/it\/deselezionare-le-celle\/\">Deseleziona le celle in Excel<\/a> <\/li><\/ul><\/div><\/div><div class=\"gb-grid-column gb-grid-column-50067b57\"><div class=\"gb-container gb-container-50067b57\"><ul><li> <a href=\"https:\/\/exceladvisor.org\/it\/eliminare-le-righe\/\">Elimina una riga o pi\u00f9 righe in Excel<\/a><\/li><li> <a href=\"https:\/\/exceladvisor.org\/it\/copia-colonna\/\">Copia e incolla una colonna in Excel<\/a><\/li><li> <a href=\"https:\/\/exceladvisor.org\/it\/sposta-la-colonna-della-riga\/\">Sposta una riga e una colonna in Excel<\/a><\/li><li> <a href=\"https:\/\/exceladvisor.org\/it\/larghezza-della-colonna\/\">Come modificare la larghezza delle colonne in Excel<\/a><\/li><\/ul><\/div><\/div><\/div><\/div>","protected":false},"excerpt":{"rendered":"","protected":false},"author":1,"featured_media":0,"parent":0,"menu_order":0,"comment_status":"open","ping_status":"closed","template":"","meta":{"ub_ctt_via":"","footnotes":""},"class_list":["post-1841","page","type-page","status-publish","hentry"],"featured_image_src":null,"yoast_head":"<!-- This site is optimized with the Yoast SEO plugin v25.4 - https:\/\/yoast.com\/wordpress\/plugins\/seo\/ -->\n<title>\u25b7Come aggiungere una colonna in Excel? (Tutorial 2023)<\/title>\n<meta name=\"description\" content=\"In questo tutorial imparerai come aggiungere colonne singole e multiple in Excel. E conosceremo anche tutto\" \/>\n<meta name=\"robots\" content=\"index, follow, max-snippet:-1, max-image-preview:large, max-video-preview:-1\" \/>\n<link rel=\"canonical\" href=\"https:\/\/exceladvisor.org\/it\/aggiungi-una-colonna\/\" \/>\n<meta property=\"og:locale\" content=\"it_IT\" \/>\n<meta property=\"og:type\" content=\"article\" \/>\n<meta property=\"og:title\" content=\"\u25b7Come aggiungere una colonna in Excel? (Tutorial 2023)\" \/>\n<meta property=\"og:description\" content=\"In questo tutorial imparerai come aggiungere colonne singole e multiple in Excel. E conosceremo anche tutto\" \/>\n<meta property=\"og:url\" content=\"https:\/\/exceladvisor.org\/it\/aggiungi-una-colonna\/\" \/>\n<meta property=\"og:site_name\" content=\"Excel Advisor\" \/>\n<meta property=\"article:modified_time\" content=\"2023-12-10T06:20:10+00:00\" \/>\n<meta property=\"og:image\" content=\"https:\/\/exceladvisor.org\/wp-content\/uploads\/2023\/08\/1-option-dinsertion.png\" \/>\n<meta name=\"twitter:card\" content=\"summary_large_image\" \/>\n<meta name=\"twitter:label1\" content=\"Tempo di lettura stimato\" \/>\n\t<meta name=\"twitter:data1\" content=\"4 minuti\" \/>\n<script type=\"application\/ld+json\" class=\"yoast-schema-graph\">{\"@context\":\"https:\/\/schema.org\",\"@graph\":[{\"@type\":\"WebPage\",\"@id\":\"https:\/\/exceladvisor.org\/it\/aggiungi-una-colonna\/\",\"url\":\"https:\/\/exceladvisor.org\/it\/aggiungi-una-colonna\/\",\"name\":\"\u25b7Come aggiungere una colonna in Excel? (Tutorial 2023)\",\"isPartOf\":{\"@id\":\"https:\/\/exceladvisor.org\/it\/#website\"},\"primaryImageOfPage\":{\"@id\":\"https:\/\/exceladvisor.org\/it\/aggiungi-una-colonna\/#primaryimage\"},\"image\":{\"@id\":\"https:\/\/exceladvisor.org\/it\/aggiungi-una-colonna\/#primaryimage\"},\"thumbnailUrl\":\"https:\/\/exceladvisor.org\/wp-content\/uploads\/2023\/08\/1-option-dinsertion.png\",\"datePublished\":\"2023-10-31T18:49:50+00:00\",\"dateModified\":\"2023-12-10T06:20:10+00:00\",\"description\":\"In questo tutorial imparerai come aggiungere colonne singole e multiple in Excel. E conosceremo anche tutto\",\"breadcrumb\":{\"@id\":\"https:\/\/exceladvisor.org\/it\/aggiungi-una-colonna\/#breadcrumb\"},\"inLanguage\":\"it-IT\",\"potentialAction\":[{\"@type\":\"ReadAction\",\"target\":[\"https:\/\/exceladvisor.org\/it\/aggiungi-una-colonna\/\"]}]},{\"@type\":\"ImageObject\",\"inLanguage\":\"it-IT\",\"@id\":\"https:\/\/exceladvisor.org\/it\/aggiungi-una-colonna\/#primaryimage\",\"url\":\"https:\/\/exceladvisor.org\/wp-content\/uploads\/2023\/08\/1-option-dinsertion.png\",\"contentUrl\":\"https:\/\/exceladvisor.org\/wp-content\/uploads\/2023\/08\/1-option-dinsertion.png\"},{\"@type\":\"BreadcrumbList\",\"@id\":\"https:\/\/exceladvisor.org\/it\/aggiungi-una-colonna\/#breadcrumb\",\"itemListElement\":[{\"@type\":\"ListItem\",\"position\":1,\"name\":\"Home\",\"item\":\"https:\/\/exceladvisor.org\/it\/\"},{\"@type\":\"ListItem\",\"position\":2,\"name\":\"Come aggiungere una colonna in excel?\"}]},{\"@type\":\"WebSite\",\"@id\":\"https:\/\/exceladvisor.org\/it\/#website\",\"url\":\"https:\/\/exceladvisor.org\/it\/\",\"name\":\"Excel Advisor\",\"description\":\"Tips, Tricks, and Time-Saving Hacks\",\"publisher\":{\"@id\":\"https:\/\/exceladvisor.org\/it\/#organization\"},\"potentialAction\":[{\"@type\":\"SearchAction\",\"target\":{\"@type\":\"EntryPoint\",\"urlTemplate\":\"https:\/\/exceladvisor.org\/it\/?s={search_term_string}\"},\"query-input\":{\"@type\":\"PropertyValueSpecification\",\"valueRequired\":true,\"valueName\":\"search_term_string\"}}],\"inLanguage\":\"it-IT\"},{\"@type\":\"Organization\",\"@id\":\"https:\/\/exceladvisor.org\/it\/#organization\",\"name\":\"Excel Advisor\",\"url\":\"https:\/\/exceladvisor.org\/it\/\",\"logo\":{\"@type\":\"ImageObject\",\"inLanguage\":\"it-IT\",\"@id\":\"https:\/\/exceladvisor.org\/it\/#\/schema\/logo\/image\/\",\"url\":\"https:\/\/exceladvisor.org\/it\/wp-content\/uploads\/2023\/12\/exceladvisor.org_.png\",\"contentUrl\":\"https:\/\/exceladvisor.org\/it\/wp-content\/uploads\/2023\/12\/exceladvisor.org_.png\",\"width\":105,\"height\":36,\"caption\":\"Excel Advisor\"},\"image\":{\"@id\":\"https:\/\/exceladvisor.org\/it\/#\/schema\/logo\/image\/\"}}]}<\/script>\n<!-- \/ Yoast SEO plugin. -->","yoast_head_json":{"title":"\u25b7Come aggiungere una colonna in Excel? (Tutorial 2023)","description":"In questo tutorial imparerai come aggiungere colonne singole e multiple in Excel. E conosceremo anche tutto","robots":{"index":"index","follow":"follow","max-snippet":"max-snippet:-1","max-image-preview":"max-image-preview:large","max-video-preview":"max-video-preview:-1"},"canonical":"https:\/\/exceladvisor.org\/it\/aggiungi-una-colonna\/","og_locale":"it_IT","og_type":"article","og_title":"\u25b7Come aggiungere una colonna in Excel? (Tutorial 2023)","og_description":"In questo tutorial imparerai come aggiungere colonne singole e multiple in Excel. E conosceremo anche tutto","og_url":"https:\/\/exceladvisor.org\/it\/aggiungi-una-colonna\/","og_site_name":"Excel Advisor","article_modified_time":"2023-12-10T06:20:10+00:00","og_image":[{"url":"https:\/\/exceladvisor.org\/wp-content\/uploads\/2023\/08\/1-option-dinsertion.png","type":"","width":"","height":""}],"twitter_card":"summary_large_image","twitter_misc":{"Tempo di lettura stimato":"4 minuti"},"schema":{"@context":"https:\/\/schema.org","@graph":[{"@type":"WebPage","@id":"https:\/\/exceladvisor.org\/it\/aggiungi-una-colonna\/","url":"https:\/\/exceladvisor.org\/it\/aggiungi-una-colonna\/","name":"\u25b7Come aggiungere una colonna in Excel? (Tutorial 2023)","isPartOf":{"@id":"https:\/\/exceladvisor.org\/it\/#website"},"primaryImageOfPage":{"@id":"https:\/\/exceladvisor.org\/it\/aggiungi-una-colonna\/#primaryimage"},"image":{"@id":"https:\/\/exceladvisor.org\/it\/aggiungi-una-colonna\/#primaryimage"},"thumbnailUrl":"https:\/\/exceladvisor.org\/wp-content\/uploads\/2023\/08\/1-option-dinsertion.png","datePublished":"2023-10-31T18:49:50+00:00","dateModified":"2023-12-10T06:20:10+00:00","description":"In questo tutorial imparerai come aggiungere colonne singole e multiple in Excel. E conosceremo anche tutto","breadcrumb":{"@id":"https:\/\/exceladvisor.org\/it\/aggiungi-una-colonna\/#breadcrumb"},"inLanguage":"it-IT","potentialAction":[{"@type":"ReadAction","target":["https:\/\/exceladvisor.org\/it\/aggiungi-una-colonna\/"]}]},{"@type":"ImageObject","inLanguage":"it-IT","@id":"https:\/\/exceladvisor.org\/it\/aggiungi-una-colonna\/#primaryimage","url":"https:\/\/exceladvisor.org\/wp-content\/uploads\/2023\/08\/1-option-dinsertion.png","contentUrl":"https:\/\/exceladvisor.org\/wp-content\/uploads\/2023\/08\/1-option-dinsertion.png"},{"@type":"BreadcrumbList","@id":"https:\/\/exceladvisor.org\/it\/aggiungi-una-colonna\/#breadcrumb","itemListElement":[{"@type":"ListItem","position":1,"name":"Home","item":"https:\/\/exceladvisor.org\/it\/"},{"@type":"ListItem","position":2,"name":"Come aggiungere una colonna in excel?"}]},{"@type":"WebSite","@id":"https:\/\/exceladvisor.org\/it\/#website","url":"https:\/\/exceladvisor.org\/it\/","name":"Excel Advisor","description":"Tips, Tricks, and Time-Saving Hacks","publisher":{"@id":"https:\/\/exceladvisor.org\/it\/#organization"},"potentialAction":[{"@type":"SearchAction","target":{"@type":"EntryPoint","urlTemplate":"https:\/\/exceladvisor.org\/it\/?s={search_term_string}"},"query-input":{"@type":"PropertyValueSpecification","valueRequired":true,"valueName":"search_term_string"}}],"inLanguage":"it-IT"},{"@type":"Organization","@id":"https:\/\/exceladvisor.org\/it\/#organization","name":"Excel Advisor","url":"https:\/\/exceladvisor.org\/it\/","logo":{"@type":"ImageObject","inLanguage":"it-IT","@id":"https:\/\/exceladvisor.org\/it\/#\/schema\/logo\/image\/","url":"https:\/\/exceladvisor.org\/it\/wp-content\/uploads\/2023\/12\/exceladvisor.org_.png","contentUrl":"https:\/\/exceladvisor.org\/it\/wp-content\/uploads\/2023\/12\/exceladvisor.org_.png","width":105,"height":36,"caption":"Excel Advisor"},"image":{"@id":"https:\/\/exceladvisor.org\/it\/#\/schema\/logo\/image\/"}}]}},"yoast_meta":{"yoast_wpseo_title":"","yoast_wpseo_metadesc":"","yoast_wpseo_canonical":""},"_links":{"self":[{"href":"https:\/\/exceladvisor.org\/it\/wp-json\/wp\/v2\/pages\/1841","targetHints":{"allow":["GET"]}}],"collection":[{"href":"https:\/\/exceladvisor.org\/it\/wp-json\/wp\/v2\/pages"}],"about":[{"href":"https:\/\/exceladvisor.org\/it\/wp-json\/wp\/v2\/types\/page"}],"author":[{"embeddable":true,"href":"https:\/\/exceladvisor.org\/it\/wp-json\/wp\/v2\/users\/1"}],"replies":[{"embeddable":true,"href":"https:\/\/exceladvisor.org\/it\/wp-json\/wp\/v2\/comments?post=1841"}],"version-history":[{"count":1,"href":"https:\/\/exceladvisor.org\/it\/wp-json\/wp\/v2\/pages\/1841\/revisions"}],"predecessor-version":[{"id":2287,"href":"https:\/\/exceladvisor.org\/it\/wp-json\/wp\/v2\/pages\/1841\/revisions\/2287"}],"wp:attachment":[{"href":"https:\/\/exceladvisor.org\/it\/wp-json\/wp\/v2\/media?parent=1841"}],"curies":[{"name":"wp","href":"https:\/\/api.w.org\/{rel}","templated":true}]}}