{"id":1844,"date":"2023-10-31T17:10:51","date_gmt":"2023-10-31T17:10:51","guid":{"rendered":"https:\/\/exceladvisor.org\/it\/fine-del-mese\/"},"modified":"2023-12-10T06:24:42","modified_gmt":"2023-12-10T06:24:42","slug":"fine-del-mese","status":"publish","type":"page","link":"https:\/\/exceladvisor.org\/it\/fine-del-mese\/","title":{"rendered":"Come ottenere la data di fine del mese in excel?"},"content":{"rendered":"<div class=\"excel-prima-del-contenuto\" id=\"excel-2475107175\"><script type=\"text\/javascript\">\r\n\tatOptions = {\r\n\t\t'key' : 'c1158f160081d6540a8409e6925dab94',\r\n\t\t'format' : 'iframe',\r\n\t\t'height' : 250,\r\n\t\t'width' : 300,\r\n\t\t'params' : {}\r\n\t};\r\n<\/script>\r\n<script type=\"text\/javascript\" src=\"\/\/www.highperformanceformat.com\/c1158f160081d6540a8409e6925dab94\/invoke.js\"><\/script><\/div> <p>A volte abbiamo bisogno di ottenere una data di fine mese da utilizzare come data di completamento, data di scadenza, come data target o talvolta ne abbiamo bisogno per calcolare i giorni tra due date.<\/p><p> Senza alcuno sforzo possiamo facilmente aggiungerlo manualmente, ma alcune formule <span style=\"font-size: revert;\">possono aiutarci a calcolarlo.<\/span><\/p><p> Il modo migliore per calcolare l&#8217;ultima data del mese \u00e8 utilizzare la funzione EOMONTH. Ma oltre a questo potete utilizzare anche altri metodi (VBA).<\/p><p> Il vantaggio di utilizzare una formula o un altro metodo dinamico \u00e8 che non \u00e8 necessario calcolarlo pi\u00f9 e pi\u00f9 volte. Oggi in questo articolo vorrei condividere con te 3 modi semplici e dinamici per ottenere la data di fine mese in Excel.<\/p><p> Quindi cominciamo e scarica lo stesso file da qui per seguirlo.<\/p><h2 id=\"tab-con-1\" class=\"wp-block-heading\"> Ottieni l&#8217;ultimo giorno del mese utilizzando la funzione EOMONTH<\/h2><p> EOMONTH \u00e8 la mia funzione preferita per calcolare l&#8217;ultimo giorno di un mese. Questa funzione \u00e8 specificatamente progettata per questi tipi di calcoli.<\/p><p> Tutto quello che devi fare \u00e8 semplicemente specificare una data corrente e il numero di mesi di cui desideri calcolare l&#8217;ultima data prima e dopo la data di inizio. Ecco la sintassi:<\/p><p class=\"formula\"> EOMONTH(data_inizio, mese)<\/p><p> In questa sintassi, la data di inizio sar\u00e0 la data corrente e i mesi saranno un numero che rappresenta il numero di mesi avanti o indietro.<\/p><h2 id=\"tab-con-2\" class=\"wp-block-heading\"> Data di fine dello stesso mese<\/h2><p> Supponiamo che tu abbia la data &#8220;06-Feb-2017&#8221; e desideri ottenere l&#8217;ultimo giorno di &#8220;Feb&#8221;. In questo caso le formule da utilizzare sono: <\/p><pre class=\"wp-block-code\"> <code class=\"language-excel-formula\" lang=\"excel-formula\">=EOMONTH(\"22-Feb-2017\",0)<\/code><\/pre><div class=\"wp-block-image\"><figure class=\"aligncenter\"><img decoding=\"async\" src=\"https:\/\/exceladvisor.org\/wp-content\/uploads\/2023\/08\/obtenir-le-dernier-jour-dun-mois-en-cours-en-utilisant-eomonth-min-1.png\" sizes=\"\" srcset=\"\" alt=\"ottenere la fine della giornata per il mese corrente utilizzando eomonth\"><\/figure><\/div><p> Nell&#8217;esempio sopra, quando si utilizza EOMONTH, viene restituito 28-Feb-2017 che \u00e8 l&#8217;ultima data di febbraio.<\/p><p> <strong>Come funziona<\/strong> : qui hai usato &#8220;0&#8221; come argomento numerico perch\u00e9 la data di inizio che hai usato \u00e8 febbraio e non avrai l&#8217;ultimo giorno dello stesso mese. Quando usi &#8220;0&#8221;, restituir\u00e0 semplicemente l&#8217;ultima data per lo stesso mese per cui hai la data di inizio.<\/p><p> Per creare una formula dinamica, puoi utilizzare la funzione OGGI nell&#8217;argomento <code>start_date<\/code> .<\/p><h2 id=\"tab-con-3\" class=\"wp-block-heading\"> Data di fine del mese futuro<\/h2><p> Ora diciamo che dalla stessa data vuoi ottenere l&#8217;ultimo giorno di &#8220;Aprile&#8221;. In questo caso le formule da utilizzare sono: <\/p><pre class=\"wp-block-code\"> <code class=\"language-excel-formula\" lang=\"excel-formula\">=EOMONTH(\"22-Feb-2017\",2)<\/code><\/pre><div class=\"wp-block-image\"><figure class=\"aligncenter\"><img decoding=\"async\" src=\"https:\/\/exceladvisor.org\/wp-content\/uploads\/2023\/08\/obtenir-le-dernier-jour-du-mois-futur-en-utilisant-eomonth-min-1.png\" sizes=\"\" srcset=\"\" alt=\"ottieni la data di fine mese per il mese futuro utilizzando eomonth\"><\/figure><\/div><p> Nell&#8217;esempio precedente, la formula ha restituito il 30 aprile 2017, ovvero l&#8217;ultima data di aprile.<\/p><h3 class=\"wp-block-heading\"> Come funziona<\/h3><p> Qui hai utilizzato &#8220;2&#8221; come argomento numerico e la data di inizio utilizzata \u00e8 febbraio. Ora, se guardi, aprile \u00e8 esattamente 2 mesi dopo febbraio, ecco perch\u00e9 \u00e8 tornato al 30 aprile 2017.<\/p><h2 id=\"tab-con-4\" class=\"wp-block-heading\"> Data di fine del mese precedente<\/h2><p> E, se vuoi ottenere l&#8217;ultima data di un mese precedente, puoi utilizzare un numero negativo. Diciamo che vuoi l&#8217;ultimo giorno di gennaio. Quindi la formula che dovresti usare: <\/p><pre class=\"wp-block-code\"> <code class=\"language-excel-formula\" lang=\"excel-formula\">=EOMONTH(\"22-Feb-2017\",-1)<\/code><\/pre><div class=\"wp-block-image\"><figure class=\"aligncenter size-full\"><img loading=\"lazy\" decoding=\"async\" class=\"wp-image-11929\" src=\"https:\/\/exceladvisor.org\/wp-content\/uploads\/2023\/08\/obtenir-le-dernier-jour-du-mois-precedent-en-utilisant-eomonth-min-1.png\" sizes=\"auto, \" srcset=\"\" alt=\"ottenere la data di fine mese per il mese precedente utilizzando eomonth\" width=\"524\" height=\"143\"><\/figure><\/div><p> Nell&#8217;esempio precedente, la formula ha restituito 31 gennaio 2017, ovvero l&#8217;ultima data di gennaio.<\/p><p> <strong>Come funziona:<\/strong> qui hai usato &#8220;-1&#8221; come argomento numerico e Jan \u00e8 esattamente un mese prima di febbraio.<\/p><h2 id=\"tab-con-5\" class=\"wp-block-heading\"> Funzione DATE per ottenere l&#8217;ultima data del mese<\/h2><p> La funzione DATA \u00e8 un altro approccio per ottenere l&#8217;ultimo giorno in Excel. La funzione data ti aiuta a creare una data Excel valida specificando anno, mese e giorno. Ecco la sintassi:<\/p><p> DATA(anno,mese,giorno)<\/p><p> Come ho gi\u00e0 detto, nella funzione data devi inserire l&#8217;anno, il mese e il giorno e in base a ci\u00f2 verr\u00e0 restituita una data valida. Ora, c&#8217;\u00e8 un piccolo trucco che puoi fare con l&#8217;argomento di oggi. <\/p><div class=\"su-note\" style=\"border-color: #bdc7a7; border-radius: 3px; -moz-border-radius: 3px; -webkit-border-radius: 3px;\"><div class=\"su-note-inner su-u-clearfix su-u-trim\" style=\"background-color: #d7e1c1; border-color: #ffffff; color: #3a3a3a; border-radius: 3px; -moz-border-radius: 3px; -webkit-border-radius: 3px;\"> <strong>Piccolo consiglio:<\/strong> se utilizzi 0 come giorno, verr\u00e0 restituita l&#8217;ultima data del mese precedente. Ad esempio, se specifichi Anno: 2017, Mese: 4 (ovvero maggio) e Giorno: 0, il risultato restituir\u00e0 30 aprile 2017.<\/div><\/div><p> E, se vuoi calcolare l&#8217;ultimo giorno del mese corrente, la formula sar\u00e0: <\/p><div class=\"wp-block-image\"><figure class=\"aligncenter\"><img decoding=\"async\" src=\"https:\/\/exceladvisor.org\/wp-content\/uploads\/2023\/08\/obtenir-le-dernier-jour-du-mois-en-utilisant-la-date-min-1.png\" sizes=\"\" srcset=\"\" alt=\"ottenere la data di fine del mese utilizzando la funzione data\"><\/figure><\/div><pre class=\"wp-block-code\"> <code class=\"language-excel-formula\" lang=\"excel-formula\">=DATE(CurrentYear,CurrentMonth + 1,0)<\/code><\/pre><p> Oppure, se hai solo una data a cui fare riferimento, la formula sar\u00e0:<\/p><pre class=\"wp-block-code\"> <code class=\"language-excel-formula\" lang=\"excel-formula\">=DATE(YEAR(date),MONTH(date)+1,0)<\/code><\/pre><h2 id=\"tab-con-6\" class=\"wp-block-heading\"> Ottieni l&#8217;ultimo giorno con un UDF<\/h2><p> Un ottimo esempio VBA. Questo \u00e8 un codice macro per utilizzare una <a href=\"https:\/\/exceladvisor.org\/it\/funzione-definita-dallutente-2\/\">UDF VBA<\/a> per ottenere l&#8217;ultimo giorno del mese. Basta copiarlo nel tuo editor VBA. <\/p><pre class=\"wp-block-code\"> <code class=\"language-Visual Basic\" lang=\"Visual Basic\">Function LastD(Optional sd As Date = 0) As Date If sd = 0 Then sd = VBA.DateLastD = VBA.DateSerial(VBA.Year(sd), VBA.Month(sd) + 1, 0) End Function<\/code><\/pre><div class=\"wp-block-image\"><figure class=\"aligncenter\"><img decoding=\"async\" src=\"https:\/\/exceladvisor.org\/wp-content\/uploads\/2023\/08\/obtenir-le-dernier-jour-dun-mois-en-utilisant-vba-min-1.png\" sizes=\"\" srcset=\"\" alt=\"ottenere la data di fine del mese utilizzando vba\"><\/figure><\/div><p> Nel tuo foglio di calcolo, digita &#8220;=LastD(&#8221; e inserisci la data del mese o il riferimento a una cella. E, se desideri l&#8217;ultimo giorno del mese corrente, lascia semplicemente vuoto il campo utilizzando le parentesi.<\/p><h2 class=\"wp-block-heading\"> Conclusione<\/h2><p> Come ho detto, l&#8217;ultimo giorno del mese pu\u00f2 esserti utile quando calcoli le date target, le date di scadenza o le date di completamento. E ora abbiamo tre modi diversi per ottenerlo.<\/p><p> Se usi EOMONTH \u00e8 molto semplice creare una formula dinamica che possa aiutarti a datare i mesi passati o futuri e penso che questo sia il modo migliore per farlo.<\/p><p> Spero che tu lo abbia trovato utile e che ti aiuti a portare le tue abilit\u00e0 al livello successivo.<\/p><p> Ora dimmi una cosa. Qual \u00e8 il tuo metodo preferito soprattutto? Oppure hai un metodo diverso? Per favore condividi con me nella casella dei commenti, mi piacerebbe sentire la tua opinione. E non dimenticare di condividerlo con i tuoi amici.<\/p><div class=\"gb-container gb-container-0df56012 gb-container-mt\"> <a class=\"gb-button gb-button-f9f432f4 gb-button-text gb-button-mt-button\" href=\"https:\/\/exceladvisor.org\/it\/formule\/\">Elenco delle formule di Excel<\/a><h2 class=\"gb-headline gb-headline-233444e8 gb-headline-text gb-headline-mt-heading\"> Formule correlate <\/h2><div class=\"gb-grid-wrapper gb-grid-wrapper-a16fa65c gb-grid-wrapper-mt-grid\"><div class=\"gb-grid-column gb-grid-column-50d07e0d\"><div class=\"gb-container gb-container-50d07e0d\"><ul><li> <a href=\"https:\/\/exceladvisor.org\/it\/aggiungere-un-mese-a-una-data-2\/\">Aggiungi un mese a una data in Excel<\/a><\/li><li> <a href=\"https:\/\/exceladvisor.org\/it\/primo-giorno-del-mese-2\/\">Ottieni il primo giorno del mese in Excel (inizio del mese)<\/a><\/li><li> <a href=\"https:\/\/exceladvisor.org\/it\/nome-del-mese\/\">Ottieni il mese da una data in Excel (estratto)<\/a><\/li><li> <a href=\"https:\/\/exceladvisor.org\/it\/trimestre\/\">Ottieni un trimestre da una data [Fiscale + Calendario] in Excel<\/a> <\/li><\/ul><\/div><\/div><div class=\"gb-grid-column gb-grid-column-5b4a0cf9\"><div class=\"gb-container gb-container-5b4a0cf9\"><ul><li> <a href=\"https:\/\/exceladvisor.org\/it\/mese-compreso-tra-due-date\/\">Numero di mesi tra due date in Excel<\/a><\/li><li> <a href=\"https:\/\/exceladvisor.org\/it\/nome-del-mese-al-numero-2\/\">Converti il nome del mese in numero<\/a><\/li><li> <a href=\"https:\/\/exceladvisor.org\/it\/data-nel-mese-dellanno\/\">Convertire una data in mese e anno<\/a><\/li><\/ul><\/div><\/div><\/div><\/div>","protected":false},"excerpt":{"rendered":"","protected":false},"author":1,"featured_media":0,"parent":0,"menu_order":0,"comment_status":"open","ping_status":"closed","template":"","meta":{"ub_ctt_via":"","footnotes":""},"class_list":["post-1844","page","type-page","status-publish","hentry"],"featured_image_src":null,"yoast_head":"<!-- This site is optimized with the Yoast SEO plugin v25.4 - https:\/\/yoast.com\/wordpress\/plugins\/seo\/ -->\n<title>\u25b7 Come ottenere la data di fine del mese in Excel?<\/title>\n<meta name=\"description\" content=\"A volte abbiamo bisogno di ottenere una data di fine mese da utilizzare come data di completamento, data di scadenza, come data target o talvolta...\" \/>\n<meta name=\"robots\" content=\"index, follow, max-snippet:-1, max-image-preview:large, max-video-preview:-1\" \/>\n<link rel=\"canonical\" href=\"https:\/\/exceladvisor.org\/it\/fine-del-mese\/\" \/>\n<meta property=\"og:locale\" content=\"it_IT\" \/>\n<meta property=\"og:type\" content=\"article\" \/>\n<meta property=\"og:title\" content=\"\u25b7 Come ottenere la data di fine del mese in Excel?\" \/>\n<meta property=\"og:description\" content=\"A volte abbiamo bisogno di ottenere una data di fine mese da utilizzare come data di completamento, data di scadenza, come data target o talvolta...\" \/>\n<meta property=\"og:url\" content=\"https:\/\/exceladvisor.org\/it\/fine-del-mese\/\" \/>\n<meta property=\"og:site_name\" content=\"Excel Advisor\" \/>\n<meta property=\"article:modified_time\" content=\"2023-12-10T06:24:42+00:00\" \/>\n<meta property=\"og:image\" content=\"https:\/\/exceladvisor.org\/wp-content\/uploads\/2023\/08\/obtenir-le-dernier-jour-dun-mois-en-cours-en-utilisant-eomonth-min-1.png\" \/>\n<meta name=\"twitter:card\" content=\"summary_large_image\" \/>\n<meta name=\"twitter:label1\" content=\"Tempo di lettura stimato\" \/>\n\t<meta name=\"twitter:data1\" content=\"4 minuti\" \/>\n<script type=\"application\/ld+json\" class=\"yoast-schema-graph\">{\"@context\":\"https:\/\/schema.org\",\"@graph\":[{\"@type\":\"WebPage\",\"@id\":\"https:\/\/exceladvisor.org\/it\/fine-del-mese\/\",\"url\":\"https:\/\/exceladvisor.org\/it\/fine-del-mese\/\",\"name\":\"\u25b7 Come ottenere la data di fine del mese in Excel?\",\"isPartOf\":{\"@id\":\"https:\/\/exceladvisor.org\/it\/#website\"},\"primaryImageOfPage\":{\"@id\":\"https:\/\/exceladvisor.org\/it\/fine-del-mese\/#primaryimage\"},\"image\":{\"@id\":\"https:\/\/exceladvisor.org\/it\/fine-del-mese\/#primaryimage\"},\"thumbnailUrl\":\"https:\/\/exceladvisor.org\/wp-content\/uploads\/2023\/08\/obtenir-le-dernier-jour-dun-mois-en-cours-en-utilisant-eomonth-min-1.png\",\"datePublished\":\"2023-10-31T17:10:51+00:00\",\"dateModified\":\"2023-12-10T06:24:42+00:00\",\"description\":\"A volte abbiamo bisogno di ottenere una data di fine mese da utilizzare come data di completamento, data di scadenza, come data target o talvolta...\",\"breadcrumb\":{\"@id\":\"https:\/\/exceladvisor.org\/it\/fine-del-mese\/#breadcrumb\"},\"inLanguage\":\"it-IT\",\"potentialAction\":[{\"@type\":\"ReadAction\",\"target\":[\"https:\/\/exceladvisor.org\/it\/fine-del-mese\/\"]}]},{\"@type\":\"ImageObject\",\"inLanguage\":\"it-IT\",\"@id\":\"https:\/\/exceladvisor.org\/it\/fine-del-mese\/#primaryimage\",\"url\":\"https:\/\/exceladvisor.org\/wp-content\/uploads\/2023\/08\/obtenir-le-dernier-jour-dun-mois-en-cours-en-utilisant-eomonth-min-1.png\",\"contentUrl\":\"https:\/\/exceladvisor.org\/wp-content\/uploads\/2023\/08\/obtenir-le-dernier-jour-dun-mois-en-cours-en-utilisant-eomonth-min-1.png\"},{\"@type\":\"BreadcrumbList\",\"@id\":\"https:\/\/exceladvisor.org\/it\/fine-del-mese\/#breadcrumb\",\"itemListElement\":[{\"@type\":\"ListItem\",\"position\":1,\"name\":\"Home\",\"item\":\"https:\/\/exceladvisor.org\/it\/\"},{\"@type\":\"ListItem\",\"position\":2,\"name\":\"Come ottenere la data di fine del mese in excel?\"}]},{\"@type\":\"WebSite\",\"@id\":\"https:\/\/exceladvisor.org\/it\/#website\",\"url\":\"https:\/\/exceladvisor.org\/it\/\",\"name\":\"Excel Advisor\",\"description\":\"Tips, Tricks, and Time-Saving Hacks\",\"publisher\":{\"@id\":\"https:\/\/exceladvisor.org\/it\/#organization\"},\"potentialAction\":[{\"@type\":\"SearchAction\",\"target\":{\"@type\":\"EntryPoint\",\"urlTemplate\":\"https:\/\/exceladvisor.org\/it\/?s={search_term_string}\"},\"query-input\":{\"@type\":\"PropertyValueSpecification\",\"valueRequired\":true,\"valueName\":\"search_term_string\"}}],\"inLanguage\":\"it-IT\"},{\"@type\":\"Organization\",\"@id\":\"https:\/\/exceladvisor.org\/it\/#organization\",\"name\":\"Excel Advisor\",\"url\":\"https:\/\/exceladvisor.org\/it\/\",\"logo\":{\"@type\":\"ImageObject\",\"inLanguage\":\"it-IT\",\"@id\":\"https:\/\/exceladvisor.org\/it\/#\/schema\/logo\/image\/\",\"url\":\"https:\/\/exceladvisor.org\/it\/wp-content\/uploads\/2023\/12\/exceladvisor.org_.png\",\"contentUrl\":\"https:\/\/exceladvisor.org\/it\/wp-content\/uploads\/2023\/12\/exceladvisor.org_.png\",\"width\":105,\"height\":36,\"caption\":\"Excel Advisor\"},\"image\":{\"@id\":\"https:\/\/exceladvisor.org\/it\/#\/schema\/logo\/image\/\"}}]}<\/script>\n<!-- \/ Yoast SEO plugin. -->","yoast_head_json":{"title":"\u25b7 Come ottenere la data di fine del mese in Excel?","description":"A volte abbiamo bisogno di ottenere una data di fine mese da utilizzare come data di completamento, data di scadenza, come data target o talvolta...","robots":{"index":"index","follow":"follow","max-snippet":"max-snippet:-1","max-image-preview":"max-image-preview:large","max-video-preview":"max-video-preview:-1"},"canonical":"https:\/\/exceladvisor.org\/it\/fine-del-mese\/","og_locale":"it_IT","og_type":"article","og_title":"\u25b7 Come ottenere la data di fine del mese in Excel?","og_description":"A volte abbiamo bisogno di ottenere una data di fine mese da utilizzare come data di completamento, data di scadenza, come data target o talvolta...","og_url":"https:\/\/exceladvisor.org\/it\/fine-del-mese\/","og_site_name":"Excel Advisor","article_modified_time":"2023-12-10T06:24:42+00:00","og_image":[{"url":"https:\/\/exceladvisor.org\/wp-content\/uploads\/2023\/08\/obtenir-le-dernier-jour-dun-mois-en-cours-en-utilisant-eomonth-min-1.png","type":"","width":"","height":""}],"twitter_card":"summary_large_image","twitter_misc":{"Tempo di lettura stimato":"4 minuti"},"schema":{"@context":"https:\/\/schema.org","@graph":[{"@type":"WebPage","@id":"https:\/\/exceladvisor.org\/it\/fine-del-mese\/","url":"https:\/\/exceladvisor.org\/it\/fine-del-mese\/","name":"\u25b7 Come ottenere la data di fine del mese in Excel?","isPartOf":{"@id":"https:\/\/exceladvisor.org\/it\/#website"},"primaryImageOfPage":{"@id":"https:\/\/exceladvisor.org\/it\/fine-del-mese\/#primaryimage"},"image":{"@id":"https:\/\/exceladvisor.org\/it\/fine-del-mese\/#primaryimage"},"thumbnailUrl":"https:\/\/exceladvisor.org\/wp-content\/uploads\/2023\/08\/obtenir-le-dernier-jour-dun-mois-en-cours-en-utilisant-eomonth-min-1.png","datePublished":"2023-10-31T17:10:51+00:00","dateModified":"2023-12-10T06:24:42+00:00","description":"A volte abbiamo bisogno di ottenere una data di fine mese da utilizzare come data di completamento, data di scadenza, come data target o talvolta...","breadcrumb":{"@id":"https:\/\/exceladvisor.org\/it\/fine-del-mese\/#breadcrumb"},"inLanguage":"it-IT","potentialAction":[{"@type":"ReadAction","target":["https:\/\/exceladvisor.org\/it\/fine-del-mese\/"]}]},{"@type":"ImageObject","inLanguage":"it-IT","@id":"https:\/\/exceladvisor.org\/it\/fine-del-mese\/#primaryimage","url":"https:\/\/exceladvisor.org\/wp-content\/uploads\/2023\/08\/obtenir-le-dernier-jour-dun-mois-en-cours-en-utilisant-eomonth-min-1.png","contentUrl":"https:\/\/exceladvisor.org\/wp-content\/uploads\/2023\/08\/obtenir-le-dernier-jour-dun-mois-en-cours-en-utilisant-eomonth-min-1.png"},{"@type":"BreadcrumbList","@id":"https:\/\/exceladvisor.org\/it\/fine-del-mese\/#breadcrumb","itemListElement":[{"@type":"ListItem","position":1,"name":"Home","item":"https:\/\/exceladvisor.org\/it\/"},{"@type":"ListItem","position":2,"name":"Come ottenere la data di fine del mese in excel?"}]},{"@type":"WebSite","@id":"https:\/\/exceladvisor.org\/it\/#website","url":"https:\/\/exceladvisor.org\/it\/","name":"Excel Advisor","description":"Tips, Tricks, and Time-Saving Hacks","publisher":{"@id":"https:\/\/exceladvisor.org\/it\/#organization"},"potentialAction":[{"@type":"SearchAction","target":{"@type":"EntryPoint","urlTemplate":"https:\/\/exceladvisor.org\/it\/?s={search_term_string}"},"query-input":{"@type":"PropertyValueSpecification","valueRequired":true,"valueName":"search_term_string"}}],"inLanguage":"it-IT"},{"@type":"Organization","@id":"https:\/\/exceladvisor.org\/it\/#organization","name":"Excel Advisor","url":"https:\/\/exceladvisor.org\/it\/","logo":{"@type":"ImageObject","inLanguage":"it-IT","@id":"https:\/\/exceladvisor.org\/it\/#\/schema\/logo\/image\/","url":"https:\/\/exceladvisor.org\/it\/wp-content\/uploads\/2023\/12\/exceladvisor.org_.png","contentUrl":"https:\/\/exceladvisor.org\/it\/wp-content\/uploads\/2023\/12\/exceladvisor.org_.png","width":105,"height":36,"caption":"Excel Advisor"},"image":{"@id":"https:\/\/exceladvisor.org\/it\/#\/schema\/logo\/image\/"}}]}},"yoast_meta":{"yoast_wpseo_title":"","yoast_wpseo_metadesc":"","yoast_wpseo_canonical":""},"_links":{"self":[{"href":"https:\/\/exceladvisor.org\/it\/wp-json\/wp\/v2\/pages\/1844","targetHints":{"allow":["GET"]}}],"collection":[{"href":"https:\/\/exceladvisor.org\/it\/wp-json\/wp\/v2\/pages"}],"about":[{"href":"https:\/\/exceladvisor.org\/it\/wp-json\/wp\/v2\/types\/page"}],"author":[{"embeddable":true,"href":"https:\/\/exceladvisor.org\/it\/wp-json\/wp\/v2\/users\/1"}],"replies":[{"embeddable":true,"href":"https:\/\/exceladvisor.org\/it\/wp-json\/wp\/v2\/comments?post=1844"}],"version-history":[{"count":1,"href":"https:\/\/exceladvisor.org\/it\/wp-json\/wp\/v2\/pages\/1844\/revisions"}],"predecessor-version":[{"id":2597,"href":"https:\/\/exceladvisor.org\/it\/wp-json\/wp\/v2\/pages\/1844\/revisions\/2597"}],"wp:attachment":[{"href":"https:\/\/exceladvisor.org\/it\/wp-json\/wp\/v2\/media?parent=1844"}],"curies":[{"name":"wp","href":"https:\/\/api.w.org\/{rel}","templated":true}]}}