{"id":1845,"date":"2023-10-31T16:41:03","date_gmt":"2023-10-31T16:41:03","guid":{"rendered":"https:\/\/exceladvisor.org\/it\/formato-del-numero-contabile\/"},"modified":"2023-12-10T06:23:40","modified_gmt":"2023-12-10T06:23:40","slug":"formato-del-numero-contabile","status":"publish","type":"page","link":"https:\/\/exceladvisor.org\/it\/formato-del-numero-contabile\/","title":{"rendered":"Come impostare il formato del numero contabile in excel?"},"content":{"rendered":"<div class=\"excel-prima-del-contenuto\" id=\"excel-3829464087\"><script type=\"text\/javascript\">\r\n\tatOptions = {\r\n\t\t'key' : 'c1158f160081d6540a8409e6925dab94',\r\n\t\t'format' : 'iframe',\r\n\t\t'height' : 250,\r\n\t\t'width' : 300,\r\n\t\t'params' : {}\r\n\t};\r\n<\/script>\r\n<script type=\"text\/javascript\" src=\"\/\/www.highperformanceformat.com\/c1158f160081d6540a8409e6925dab94\/invoke.js\"><\/script><\/div> <p>Microsoft Excel \u00e8 ampiamente utilizzato per scopi aziendali e contabili e quando gli utenti utilizzano Excel per scopi contabili, i loro set di dati in genere hanno una serie di numeri.<\/p><p> E potrebbero voler convertire i numeri dal formato numerico standard al formato numerico contabile per rendere il set di dati pi\u00f9 chiaro e pi\u00f9 adatto alla contabilit\u00e0.<\/p><p> Il formato numerico contabile converte il formato numerico generale aggiungendo il simbolo della valuta all&#8217;estrema sinistra della cella, i separatori delle migliaia e due cifre decimali (0,00) alla fine di ciascun numero.<\/p><p> Il formato del numero contabile visualizza anche il valore zero (0) come un trattino &#8220;-&#8220;. <\/p><div class=\"wp-block-image\"><figure class=\"aligncenter size-full is-resized\"><img loading=\"lazy\" decoding=\"async\" class=\"wp-image-65916\" src=\"https:\/\/exceladvisor.org\/wp-content\/uploads\/2023\/08\/1-comptabilite-vs-format-numerique-general-2.png\" sizes=\"auto, \" srcset=\"\" alt=\"formato contabile vs formato numerico generale\" width=\"585\" height=\"130\"><\/figure><\/div><p> Di seguito forniamo alcuni passaggi semplici e rapidi per applicare il formato dei numeri contabili in Excel.<\/p><h2 class=\"wp-block-heading\"> Applicare il formato del numero di contabilit\u00e0 utilizzando il pulsante Formato numero di contabilit\u00e0<\/h2><ol><li> Innanzitutto, seleziona le celle o l&#8217;intervallo con i numeri che desideri formattare.<\/li><li> Successivamente, vai alla scheda \u201cHome\u201d e quindi fai clic sul pulsante \u201cFormato numero di conto\u201d.<\/li><li> Ora fai clic sul formato contabile con il simbolo della valuta dall&#8217;elenco a discesa che desideri aggiungere. <br><img loading=\"lazy\" decoding=\"async\" title=\"2-pulsanti-formato-numero-contabile-1\" src=\"https:\/\/exceladvisor.org\/wp-content\/uploads\/2023\/08\/2-bouton-de-format-de-numero-comptable-2.png\" sizes=\"auto, \" srcset=\"\" alt=\"accounting-number-format-button\" width=\"770\" height=\"297\"><\/li><li> A questo punto, le celle o l&#8217;intervallo selezionato vengono modificati in &#8220;Formato numero di conto&#8221; aggiungendo un simbolo di valuta, separatori di migliaia di numeri e due cifre decimali ai valori numerici. <br><img loading=\"lazy\" decoding=\"async\" title=\"Formato 3 valori nel numero contabile 1\" src=\"https:\/\/exceladvisor.org\/wp-content\/uploads\/2023\/08\/3-valeurs-au-format-numero-comptable-2.png\" sizes=\"auto, \" srcset=\"\" alt=\"\" width=\"201\" height=\"273\"><\/li><li> Per aumentare o diminuire i valori decimali dei numeri, puoi utilizzare le icone di aumento e diminuzione decimali nel gruppo &#8220;Numero&#8221; sulla barra multifunzione. <br><img loading=\"lazy\" decoding=\"async\" title=\"4-aumento-diminuzione-valori-decimali-1\" src=\"https:\/\/exceladvisor.org\/wp-content\/uploads\/2023\/08\/4-augmenter-diminuer-les-valeurs-decimales-2.png\" sizes=\"auto, \" srcset=\"\" alt=\"increase-decrease-decimal-values\" width=\"305\" height=\"114\"><\/li><\/ol><h2 class=\"wp-block-heading\"> Applicare il formato del numero di contabilit\u00e0 utilizzando l&#8217;elenco a discesa del gruppo di numeri<\/h2><ol><li> Innanzitutto, seleziona le celle o l&#8217;intervallo con i numeri che desideri formattare.<\/li><li> Successivamente, vai alla scheda &#8220;Home&#8221;, quindi fai clic sulla freccia a discesa sotto il gruppo &#8220;Numero&#8221; sulla barra multifunzione. <br><img loading=\"lazy\" decoding=\"async\" title=\"Elenco a discesa di 5 numeri contabili 1\" src=\"https:\/\/exceladvisor.org\/wp-content\/uploads\/2023\/08\/5-numero-de-comptabilite-deroulant-2.png\" sizes=\"auto, \" srcset=\"\" alt=\"accounting-number-drop-down\" width=\"771\" height=\"121\"><\/li><li> Ora, fai clic sull&#8217;opzione &#8220;Contabilit\u00e0&#8221; dall&#8217;elenco a discesa. <br><img loading=\"lazy\" decoding=\"async\" title=\"6-seleziona-opzione-contabilit\u00e0-1\" src=\"https:\/\/exceladvisor.org\/wp-content\/uploads\/2023\/08\/6-selectionnez-loption-comptable-2.png\" sizes=\"auto, \" srcset=\"\" alt=\"select-accounting-option\" width=\"563\" height=\"444\"><\/li><li> A questo punto, le celle o l&#8217;intervallo selezionato vengono modificati in &#8220;Formato numero di conto&#8221; aggiungendo un simbolo di valuta, separatori di migliaia di numeri e due cifre decimali ai valori numerici. <br><img loading=\"lazy\" decoding=\"async\" title=\"Formato 7 valori convertiti in numero contabile 1\" src=\"https:\/\/exceladvisor.org\/wp-content\/uploads\/2023\/08\/7-valeurs-converties-au-format-de-numero-comptable-2.png\" sizes=\"auto, \" srcset=\"\" alt=\"values-converted-in-accounting-number-format\" width=\"203\" height=\"276\"><\/li><\/ol><p class=\"content-box-green\"> Come hai visto in questo metodo non abbiamo la possibilit\u00e0 di selezionare il formato contabile con la scelta dei simboli di valuta.<\/p><p class=\"content-box-green\"> \u00c8 quindi possibile che il formato del numero contabile utilizzando questa opzione a discesa visualizzi il simbolo della valuta del tuo paese, che potrebbe essere la valuta predefinita del tuo sistema.<\/p><h2 class=\"wp-block-heading\"> Applicare il formato del numero contabile utilizzando l&#8217;opzione Formato celle<\/h2><p> Con questo metodo di formattazione dei numeri contabili, gli utenti possono modificare il simbolo di valuta predefinito del sistema e selezionare il simbolo di valuta tra diversi simboli di valuta in base alle valute di diversi paesi.<\/p><ol><li> Innanzitutto, seleziona le celle o l&#8217;intervallo con i numeri che desideri formattare, quindi fai clic con il pulsante destro del mouse sulla selezione.<\/li><li> Successivamente, seleziona l&#8217;opzione &#8220;Formatta celle&#8221; dal menu a discesa e si aprir\u00e0 la finestra di dialogo &#8220;Formatta celle&#8221;. <br><img loading=\"lazy\" decoding=\"async\" title=\"Opzione formato 8 celle-1\" src=\"https:\/\/exceladvisor.org\/wp-content\/uploads\/2023\/08\/8-cellules-de-format-option-2.png\" sizes=\"auto, \" srcset=\"\" alt=\"format-cells-option\" width=\"340\" height=\"593\"><\/li><li> Ora seleziona la scheda \u201cNumero\u201d e sotto \u201cCategoria\u201d seleziona l\u2019opzione \u201cContabilit\u00e0\u201d.<\/li><li> Ora, fai clic sulla freccia a discesa &#8220;Simbolo&#8221; e scorri verso il basso le opzioni di valuta e seleziona quella che desideri.<\/li><li> Se vuoi aumentare o diminuire i valori decimali dei numeri, puoi fare lo stesso utilizzando le frecce su e gi\u00f9 \u201cPosizioni decimali\u201d.<\/li><li> Al termine, fare clic su OK. <br><img loading=\"lazy\" decoding=\"async\" title=\"Diloag-box-1 in formato 9 celle\" src=\"https:\/\/exceladvisor.org\/wp-content\/uploads\/2023\/08\/9-cellules-format-diloag-box-2.png\" sizes=\"auto, \" srcset=\"\" alt=\"format-cells-dialog-box\" width=\"494\" height=\"456\"><\/li><li> A questo punto, le celle o l&#8217;intervallo selezionato vengono modificati in &#8220;Formato numero di conto&#8221; aggiungendo il simbolo di valuta appena selezionato con separatori di migliaia di cifre e due cifre decimali ai valori numerici. <br><img loading=\"lazy\" decoding=\"async\" title=\"10-valori-nel-formato-simbolo-numero-contabile-1\" src=\"https:\/\/exceladvisor.org\/wp-content\/uploads\/2023\/08\/10-valeurs-dans-le-symbole-de-format-de-numero-comptable-2.png\" sizes=\"auto, \" srcset=\"\" alt=\"values-in-accounting-number-format-symbol\" width=\"212\" height=\"288\"><\/li><\/ol><div class=\"gb-container gb-container-4db6181c gb-container-mt\"> <a class=\"gb-button gb-button-c5897111 gb-button-text gb-button-mt-button\" href=\"https:\/\/exceladvisor.org\/it\/nozioni-di-base-su-excel\/\">Nozioni di base su Microsoft Excel (componenti, parti e note informative)<\/a><h2 class=\"gb-headline gb-headline-665e5f6b gb-headline-text gb-headline-mt-heading\"> Tutorial correlati <\/h2><div class=\"gb-grid-wrapper gb-grid-wrapper-a20baf7c gb-grid-wrapper-mt-grid\"><div class=\"gb-grid-column gb-grid-column-65ddf67e\"><div class=\"gb-container gb-container-65ddf67e\"><ul><li> <a href=\"https:\/\/exceladvisor.org\/it\/aggiungi-un-numero-di-pagina\/\">Aggiungi un numero di pagina in Excel<\/a><\/li><li> <a href=\"https:\/\/exceladvisor.org\/it\/applicare-lo-stile-virgola\/\">Applica lo stile virgola in Excel<\/a><\/li><li> <a href=\"https:\/\/exceladvisor.org\/it\/asta\/\">Applicare il barrato in Excel<\/a><\/li><li> <a href=\"https:\/\/exceladvisor.org\/it\/evidenziare-le-celle-vuote\/\">Evidenzia le celle vuote in Excel<\/a><\/li><li> <a href=\"https:\/\/exceladvisor.org\/it\/simbolo-pi-greco\/\">Inserisci il simbolo PI (\u03c0) in Excel<\/a> <\/li><\/ul><\/div><\/div><div class=\"gb-grid-column gb-grid-column-50067b57\"><div class=\"gb-container gb-container-50067b57\"><\/div><\/div><\/div><\/div>","protected":false},"excerpt":{"rendered":"","protected":false},"author":1,"featured_media":0,"parent":0,"menu_order":0,"comment_status":"open","ping_status":"closed","template":"","meta":{"ub_ctt_via":"","footnotes":""},"class_list":["post-1845","page","type-page","status-publish","hentry"],"featured_image_src":null,"yoast_head":"<!-- This site is optimized with the Yoast SEO plugin v25.4 - https:\/\/yoast.com\/wordpress\/plugins\/seo\/ -->\n<title>Come impostare il formato del numero contabile in Excel?<\/title>\n<meta name=\"description\" content=\"In questo tutorial imparerai diversi modi per applicare il formato dei numeri contabili in Excel utilizzando tre metodi\" \/>\n<meta name=\"robots\" content=\"index, follow, max-snippet:-1, max-image-preview:large, max-video-preview:-1\" \/>\n<link rel=\"canonical\" href=\"https:\/\/exceladvisor.org\/it\/formato-del-numero-contabile\/\" \/>\n<meta property=\"og:locale\" content=\"it_IT\" \/>\n<meta property=\"og:type\" content=\"article\" \/>\n<meta property=\"og:title\" content=\"Come impostare il formato del numero contabile in Excel?\" \/>\n<meta property=\"og:description\" content=\"In questo tutorial imparerai diversi modi per applicare il formato dei numeri contabili in Excel utilizzando tre metodi\" \/>\n<meta property=\"og:url\" content=\"https:\/\/exceladvisor.org\/it\/formato-del-numero-contabile\/\" \/>\n<meta property=\"og:site_name\" content=\"Excel Advisor\" \/>\n<meta property=\"article:modified_time\" content=\"2023-12-10T06:23:40+00:00\" \/>\n<meta property=\"og:image\" content=\"https:\/\/exceladvisor.org\/wp-content\/uploads\/2023\/08\/1-comptabilite-vs-format-numerique-general-2.png\" \/>\n<meta name=\"twitter:card\" content=\"summary_large_image\" \/>\n<meta name=\"twitter:label1\" content=\"Tempo di lettura stimato\" \/>\n\t<meta name=\"twitter:data1\" content=\"3 minuti\" \/>\n<script type=\"application\/ld+json\" class=\"yoast-schema-graph\">{\"@context\":\"https:\/\/schema.org\",\"@graph\":[{\"@type\":\"WebPage\",\"@id\":\"https:\/\/exceladvisor.org\/it\/formato-del-numero-contabile\/\",\"url\":\"https:\/\/exceladvisor.org\/it\/formato-del-numero-contabile\/\",\"name\":\"Come impostare il formato del numero contabile in Excel?\",\"isPartOf\":{\"@id\":\"https:\/\/exceladvisor.org\/it\/#website\"},\"primaryImageOfPage\":{\"@id\":\"https:\/\/exceladvisor.org\/it\/formato-del-numero-contabile\/#primaryimage\"},\"image\":{\"@id\":\"https:\/\/exceladvisor.org\/it\/formato-del-numero-contabile\/#primaryimage\"},\"thumbnailUrl\":\"https:\/\/exceladvisor.org\/wp-content\/uploads\/2023\/08\/1-comptabilite-vs-format-numerique-general-2.png\",\"datePublished\":\"2023-10-31T16:41:03+00:00\",\"dateModified\":\"2023-12-10T06:23:40+00:00\",\"description\":\"In questo tutorial imparerai diversi modi per applicare il formato dei numeri contabili in Excel utilizzando tre metodi\",\"breadcrumb\":{\"@id\":\"https:\/\/exceladvisor.org\/it\/formato-del-numero-contabile\/#breadcrumb\"},\"inLanguage\":\"it-IT\",\"potentialAction\":[{\"@type\":\"ReadAction\",\"target\":[\"https:\/\/exceladvisor.org\/it\/formato-del-numero-contabile\/\"]}]},{\"@type\":\"ImageObject\",\"inLanguage\":\"it-IT\",\"@id\":\"https:\/\/exceladvisor.org\/it\/formato-del-numero-contabile\/#primaryimage\",\"url\":\"https:\/\/exceladvisor.org\/wp-content\/uploads\/2023\/08\/1-comptabilite-vs-format-numerique-general-2.png\",\"contentUrl\":\"https:\/\/exceladvisor.org\/wp-content\/uploads\/2023\/08\/1-comptabilite-vs-format-numerique-general-2.png\"},{\"@type\":\"BreadcrumbList\",\"@id\":\"https:\/\/exceladvisor.org\/it\/formato-del-numero-contabile\/#breadcrumb\",\"itemListElement\":[{\"@type\":\"ListItem\",\"position\":1,\"name\":\"Home\",\"item\":\"https:\/\/exceladvisor.org\/it\/\"},{\"@type\":\"ListItem\",\"position\":2,\"name\":\"Come impostare il formato del numero contabile in excel?\"}]},{\"@type\":\"WebSite\",\"@id\":\"https:\/\/exceladvisor.org\/it\/#website\",\"url\":\"https:\/\/exceladvisor.org\/it\/\",\"name\":\"Excel Advisor\",\"description\":\"Tips, Tricks, and Time-Saving Hacks\",\"publisher\":{\"@id\":\"https:\/\/exceladvisor.org\/it\/#organization\"},\"potentialAction\":[{\"@type\":\"SearchAction\",\"target\":{\"@type\":\"EntryPoint\",\"urlTemplate\":\"https:\/\/exceladvisor.org\/it\/?s={search_term_string}\"},\"query-input\":{\"@type\":\"PropertyValueSpecification\",\"valueRequired\":true,\"valueName\":\"search_term_string\"}}],\"inLanguage\":\"it-IT\"},{\"@type\":\"Organization\",\"@id\":\"https:\/\/exceladvisor.org\/it\/#organization\",\"name\":\"Excel Advisor\",\"url\":\"https:\/\/exceladvisor.org\/it\/\",\"logo\":{\"@type\":\"ImageObject\",\"inLanguage\":\"it-IT\",\"@id\":\"https:\/\/exceladvisor.org\/it\/#\/schema\/logo\/image\/\",\"url\":\"https:\/\/exceladvisor.org\/it\/wp-content\/uploads\/2023\/12\/exceladvisor.org_.png\",\"contentUrl\":\"https:\/\/exceladvisor.org\/it\/wp-content\/uploads\/2023\/12\/exceladvisor.org_.png\",\"width\":105,\"height\":36,\"caption\":\"Excel Advisor\"},\"image\":{\"@id\":\"https:\/\/exceladvisor.org\/it\/#\/schema\/logo\/image\/\"}}]}<\/script>\n<!-- \/ Yoast SEO plugin. -->","yoast_head_json":{"title":"Come impostare il formato del numero contabile in Excel?","description":"In questo tutorial imparerai diversi modi per applicare il formato dei numeri contabili in Excel utilizzando tre metodi","robots":{"index":"index","follow":"follow","max-snippet":"max-snippet:-1","max-image-preview":"max-image-preview:large","max-video-preview":"max-video-preview:-1"},"canonical":"https:\/\/exceladvisor.org\/it\/formato-del-numero-contabile\/","og_locale":"it_IT","og_type":"article","og_title":"Come impostare il formato del numero contabile in Excel?","og_description":"In questo tutorial imparerai diversi modi per applicare il formato dei numeri contabili in Excel utilizzando tre metodi","og_url":"https:\/\/exceladvisor.org\/it\/formato-del-numero-contabile\/","og_site_name":"Excel Advisor","article_modified_time":"2023-12-10T06:23:40+00:00","og_image":[{"url":"https:\/\/exceladvisor.org\/wp-content\/uploads\/2023\/08\/1-comptabilite-vs-format-numerique-general-2.png","type":"","width":"","height":""}],"twitter_card":"summary_large_image","twitter_misc":{"Tempo di lettura stimato":"3 minuti"},"schema":{"@context":"https:\/\/schema.org","@graph":[{"@type":"WebPage","@id":"https:\/\/exceladvisor.org\/it\/formato-del-numero-contabile\/","url":"https:\/\/exceladvisor.org\/it\/formato-del-numero-contabile\/","name":"Come impostare il formato del numero contabile in Excel?","isPartOf":{"@id":"https:\/\/exceladvisor.org\/it\/#website"},"primaryImageOfPage":{"@id":"https:\/\/exceladvisor.org\/it\/formato-del-numero-contabile\/#primaryimage"},"image":{"@id":"https:\/\/exceladvisor.org\/it\/formato-del-numero-contabile\/#primaryimage"},"thumbnailUrl":"https:\/\/exceladvisor.org\/wp-content\/uploads\/2023\/08\/1-comptabilite-vs-format-numerique-general-2.png","datePublished":"2023-10-31T16:41:03+00:00","dateModified":"2023-12-10T06:23:40+00:00","description":"In questo tutorial imparerai diversi modi per applicare il formato dei numeri contabili in Excel utilizzando tre metodi","breadcrumb":{"@id":"https:\/\/exceladvisor.org\/it\/formato-del-numero-contabile\/#breadcrumb"},"inLanguage":"it-IT","potentialAction":[{"@type":"ReadAction","target":["https:\/\/exceladvisor.org\/it\/formato-del-numero-contabile\/"]}]},{"@type":"ImageObject","inLanguage":"it-IT","@id":"https:\/\/exceladvisor.org\/it\/formato-del-numero-contabile\/#primaryimage","url":"https:\/\/exceladvisor.org\/wp-content\/uploads\/2023\/08\/1-comptabilite-vs-format-numerique-general-2.png","contentUrl":"https:\/\/exceladvisor.org\/wp-content\/uploads\/2023\/08\/1-comptabilite-vs-format-numerique-general-2.png"},{"@type":"BreadcrumbList","@id":"https:\/\/exceladvisor.org\/it\/formato-del-numero-contabile\/#breadcrumb","itemListElement":[{"@type":"ListItem","position":1,"name":"Home","item":"https:\/\/exceladvisor.org\/it\/"},{"@type":"ListItem","position":2,"name":"Come impostare il formato del numero contabile in excel?"}]},{"@type":"WebSite","@id":"https:\/\/exceladvisor.org\/it\/#website","url":"https:\/\/exceladvisor.org\/it\/","name":"Excel Advisor","description":"Tips, Tricks, and Time-Saving Hacks","publisher":{"@id":"https:\/\/exceladvisor.org\/it\/#organization"},"potentialAction":[{"@type":"SearchAction","target":{"@type":"EntryPoint","urlTemplate":"https:\/\/exceladvisor.org\/it\/?s={search_term_string}"},"query-input":{"@type":"PropertyValueSpecification","valueRequired":true,"valueName":"search_term_string"}}],"inLanguage":"it-IT"},{"@type":"Organization","@id":"https:\/\/exceladvisor.org\/it\/#organization","name":"Excel Advisor","url":"https:\/\/exceladvisor.org\/it\/","logo":{"@type":"ImageObject","inLanguage":"it-IT","@id":"https:\/\/exceladvisor.org\/it\/#\/schema\/logo\/image\/","url":"https:\/\/exceladvisor.org\/it\/wp-content\/uploads\/2023\/12\/exceladvisor.org_.png","contentUrl":"https:\/\/exceladvisor.org\/it\/wp-content\/uploads\/2023\/12\/exceladvisor.org_.png","width":105,"height":36,"caption":"Excel Advisor"},"image":{"@id":"https:\/\/exceladvisor.org\/it\/#\/schema\/logo\/image\/"}}]}},"yoast_meta":{"yoast_wpseo_title":"","yoast_wpseo_metadesc":"","yoast_wpseo_canonical":""},"_links":{"self":[{"href":"https:\/\/exceladvisor.org\/it\/wp-json\/wp\/v2\/pages\/1845","targetHints":{"allow":["GET"]}}],"collection":[{"href":"https:\/\/exceladvisor.org\/it\/wp-json\/wp\/v2\/pages"}],"about":[{"href":"https:\/\/exceladvisor.org\/it\/wp-json\/wp\/v2\/types\/page"}],"author":[{"embeddable":true,"href":"https:\/\/exceladvisor.org\/it\/wp-json\/wp\/v2\/users\/1"}],"replies":[{"embeddable":true,"href":"https:\/\/exceladvisor.org\/it\/wp-json\/wp\/v2\/comments?post=1845"}],"version-history":[{"count":1,"href":"https:\/\/exceladvisor.org\/it\/wp-json\/wp\/v2\/pages\/1845\/revisions"}],"predecessor-version":[{"id":2536,"href":"https:\/\/exceladvisor.org\/it\/wp-json\/wp\/v2\/pages\/1845\/revisions\/2536"}],"wp:attachment":[{"href":"https:\/\/exceladvisor.org\/it\/wp-json\/wp\/v2\/media?parent=1845"}],"curies":[{"name":"wp","href":"https:\/\/api.w.org\/{rel}","templated":true}]}}