{"id":1851,"date":"2023-10-31T11:46:31","date_gmt":"2023-10-31T11:46:31","guid":{"rendered":"https:\/\/exceladvisor.org\/it\/cose-una-funzione-in-excel\/"},"modified":"2023-12-10T06:27:21","modified_gmt":"2023-12-10T06:27:21","slug":"cose-una-funzione-in-excel","status":"publish","type":"page","link":"https:\/\/exceladvisor.org\/it\/cose-una-funzione-in-excel\/","title":{"rendered":"Cos&#39;\u00e8 una funzione in excel?"},"content":{"rendered":"<div class=\"excel-prima-del-contenuto\" id=\"excel-658345659\"><script type=\"text\/javascript\">\r\n\tatOptions = {\r\n\t\t'key' : 'c1158f160081d6540a8409e6925dab94',\r\n\t\t'format' : 'iframe',\r\n\t\t'height' : 250,\r\n\t\t'width' : 300,\r\n\t\t'params' : {}\r\n\t};\r\n<\/script>\r\n<script type=\"text\/javascript\" src=\"\/\/www.highperformanceformat.com\/c1158f160081d6540a8409e6925dab94\/invoke.js\"><\/script><\/div> <p>In Excel, una funzione \u00e8 una formula predefinita che esegue un calcolo specifico utilizzando i valori immessi dall&#8217;utente come argomenti. Ogni funzione di Excel ha uno scopo specifico, in parole semplici, calcola un valore specifico. Ogni funzione ha i suoi argomenti (il valore da inserire) per ottenere il valore del risultato nella cella.<\/p><h2> Componenti<\/h2><p> Ciascuna funzione ha due componenti principali. In breve, ogni funzione (tranne alcune) \u00e8 composta dai seguenti due elementi:<\/p><ul><li> Nome della funzione<\/li><li> argomenti<\/li><\/ul><p> Lascia che ti mostri un esempio. Diamo un&#8217;occhiata alla funzione seguente che abbiamo inserito nella cella A1.<\/p><p> Ora se osservate la barra della formula potrete comprendere la struttura della funzione dividendola in due parti, ovvero il nome e gli argomenti.<\/p><h3> Argomenti di funzione<\/h3><p> Come ho gi\u00e0 accennato, in una funzione \u00e8 necessario specificare i valori di input per ottenere il risultato desiderato. Un argomento \u00e8 il valore che devi specificare. Se guardi la sintassi di una funzione, puoi vedere che all&#8217;interno di ciascuna funzione ci sono argomenti definiti da specificare.<\/p><p> Ecco i tipi di argomenti:<\/p><ul><li> Obbligatorio: un argomento obbligatorio \u00e8 obbligatorio per un utente da specificare e senza il quale una funzione non pu\u00f2 calcolare il proprio risultato.<\/li><li> Facoltativo: se si salta la specifica di questi argomenti, non verr\u00e0 impedito a una funzione di calcolare il valore del risultato.<\/li><li> Nessun argomento: ci sono alcune funzioni (come ADESSO) per le quali non \u00e8 necessario specificare un argomento.<\/li><\/ul><h2> Come INSERIRE una funzione in Excel<\/h2><p> Il modo pi\u00f9 semplice per inserire una funzione in una cella in Excel \u00e8 digitare il nome della funzione che si desidera inserire iniziando con il segno uguale.<\/p><p> Supponiamo di voler inserire la funzione SOMMA:<\/p><ul><li> Per prima cosa devi digitare = e poi digitare SUM.<\/li><li> Successivamente, inserisci le parentesi di apertura.<\/li><li> Specifica gli argomenti (fai riferimento a una cella oppure puoi inserire i valori direttamente nella funzione).<\/li><li> Alla fine, digita le parentesi chiuse e premi Invio.<\/li><\/ul><h2> Tipi principali<\/h2><p> Ecco le principali tipologie:<\/p><ul><li> <strong>Funzioni di testo<\/strong> : se hai a che fare con dati contenenti testo, ecco alcune delle funzioni che devi imparare per lavorare in modo efficace.<\/li><li> <strong>Funzioni data<\/strong> : le date sono uno degli ingredienti principali dei dati che utilizzi ogni giorno e ti aiutano ad analizzare meglio i tuoi dati.<\/li><li> <strong>Funzioni temporali<\/strong> : proprio come le date, anche l&#8217;ora pu\u00f2 essere presente nei dati ed \u00e8 possibile utilizzare le funzioni temporali per elaborare i dati in cui sono presenti valori temporali.<\/li><li> <strong>Funzioni logiche<\/strong> : le funzioni logiche possono aiutarti a creare alcune delle formule pi\u00f9 utili nel tuo foglio di calcolo.<\/li><li> <strong>Funzioni matematiche<\/strong> : Excel \u00e8 incentrato su calcoli, analisi e funzioni matematiche e puoi utilizzare queste funzioni per migliorare nei calcoli e nell&#8217;analisi.<\/li><li> <strong>Funzioni statistiche<\/strong> : una delle cose migliori di Excel \u00e8 che ci sono un sacco di funzioni statistiche che puoi utilizzare per analizzare facilmente i dati.<\/li><li> <strong>Funzioni di ricerca<\/strong> : in Excel esistono funzioni specifiche che possono aiutarti a cercare un valore o informazioni specifici su una cella o un intervallo di celle.<\/li><li> <strong>Funzione di informazione<\/strong> : queste sono alcune funzioni specifiche che puoi utilizzare per ottenere informazioni sui valori che hai fornito.<\/li><li> <strong>Funzioni finanziarie<\/strong> : queste funzioni possono aiutarti a calcolare facilmente alcuni dei calcoli finanziari comuni ma importanti.<\/li><\/ul>","protected":false},"excerpt":{"rendered":"","protected":false},"author":1,"featured_media":0,"parent":0,"menu_order":0,"comment_status":"open","ping_status":"closed","template":"","meta":{"ub_ctt_via":"","footnotes":""},"class_list":["post-1851","page","type-page","status-publish","hentry"],"featured_image_src":null,"yoast_head":"<!-- This site is optimized with the Yoast SEO plugin v25.4 - https:\/\/yoast.com\/wordpress\/plugins\/seo\/ -->\n<title>Cos&#039;\u00e8 una funzione in Excel? \u2013 Consulente Excel<\/title>\n<meta name=\"description\" content=\"Una funzione \u00e8 una formula predefinita che esegue un calcolo specifico utilizzando i valori immessi dall&#039;utente come argomenti.\" \/>\n<meta name=\"robots\" content=\"index, follow, max-snippet:-1, max-image-preview:large, max-video-preview:-1\" \/>\n<link rel=\"canonical\" href=\"https:\/\/exceladvisor.org\/it\/cose-una-funzione-in-excel\/\" \/>\n<meta property=\"og:locale\" content=\"it_IT\" \/>\n<meta property=\"og:type\" content=\"article\" \/>\n<meta property=\"og:title\" content=\"Cos&#039;\u00e8 una funzione in Excel? \u2013 Consulente Excel\" \/>\n<meta property=\"og:description\" content=\"Una funzione \u00e8 una formula predefinita che esegue un calcolo specifico utilizzando i valori immessi dall&#039;utente come argomenti.\" \/>\n<meta property=\"og:url\" content=\"https:\/\/exceladvisor.org\/it\/cose-una-funzione-in-excel\/\" \/>\n<meta property=\"og:site_name\" content=\"Excel Advisor\" \/>\n<meta property=\"article:modified_time\" content=\"2023-12-10T06:27:21+00:00\" \/>\n<meta name=\"twitter:card\" content=\"summary_large_image\" \/>\n<meta name=\"twitter:label1\" content=\"Tempo di lettura stimato\" \/>\n\t<meta name=\"twitter:data1\" content=\"3 minuti\" \/>\n<script type=\"application\/ld+json\" class=\"yoast-schema-graph\">{\"@context\":\"https:\/\/schema.org\",\"@graph\":[{\"@type\":\"WebPage\",\"@id\":\"https:\/\/exceladvisor.org\/it\/cose-una-funzione-in-excel\/\",\"url\":\"https:\/\/exceladvisor.org\/it\/cose-una-funzione-in-excel\/\",\"name\":\"Cos&#39;\u00e8 una funzione in Excel? \u2013 Consulente Excel\",\"isPartOf\":{\"@id\":\"https:\/\/exceladvisor.org\/it\/#website\"},\"datePublished\":\"2023-10-31T11:46:31+00:00\",\"dateModified\":\"2023-12-10T06:27:21+00:00\",\"description\":\"Una funzione \u00e8 una formula predefinita che esegue un calcolo specifico utilizzando i valori immessi dall&#39;utente come argomenti.\",\"breadcrumb\":{\"@id\":\"https:\/\/exceladvisor.org\/it\/cose-una-funzione-in-excel\/#breadcrumb\"},\"inLanguage\":\"it-IT\",\"potentialAction\":[{\"@type\":\"ReadAction\",\"target\":[\"https:\/\/exceladvisor.org\/it\/cose-una-funzione-in-excel\/\"]}]},{\"@type\":\"BreadcrumbList\",\"@id\":\"https:\/\/exceladvisor.org\/it\/cose-una-funzione-in-excel\/#breadcrumb\",\"itemListElement\":[{\"@type\":\"ListItem\",\"position\":1,\"name\":\"Home\",\"item\":\"https:\/\/exceladvisor.org\/it\/\"},{\"@type\":\"ListItem\",\"position\":2,\"name\":\"Cos&#39;\u00e8 una funzione in excel?\"}]},{\"@type\":\"WebSite\",\"@id\":\"https:\/\/exceladvisor.org\/it\/#website\",\"url\":\"https:\/\/exceladvisor.org\/it\/\",\"name\":\"Excel Advisor\",\"description\":\"Tips, Tricks, and Time-Saving Hacks\",\"publisher\":{\"@id\":\"https:\/\/exceladvisor.org\/it\/#organization\"},\"potentialAction\":[{\"@type\":\"SearchAction\",\"target\":{\"@type\":\"EntryPoint\",\"urlTemplate\":\"https:\/\/exceladvisor.org\/it\/?s={search_term_string}\"},\"query-input\":{\"@type\":\"PropertyValueSpecification\",\"valueRequired\":true,\"valueName\":\"search_term_string\"}}],\"inLanguage\":\"it-IT\"},{\"@type\":\"Organization\",\"@id\":\"https:\/\/exceladvisor.org\/it\/#organization\",\"name\":\"Excel Advisor\",\"url\":\"https:\/\/exceladvisor.org\/it\/\",\"logo\":{\"@type\":\"ImageObject\",\"inLanguage\":\"it-IT\",\"@id\":\"https:\/\/exceladvisor.org\/it\/#\/schema\/logo\/image\/\",\"url\":\"https:\/\/exceladvisor.org\/it\/wp-content\/uploads\/2023\/12\/exceladvisor.org_.png\",\"contentUrl\":\"https:\/\/exceladvisor.org\/it\/wp-content\/uploads\/2023\/12\/exceladvisor.org_.png\",\"width\":105,\"height\":36,\"caption\":\"Excel Advisor\"},\"image\":{\"@id\":\"https:\/\/exceladvisor.org\/it\/#\/schema\/logo\/image\/\"}}]}<\/script>\n<!-- \/ Yoast SEO plugin. -->","yoast_head_json":{"title":"Cos&#39;\u00e8 una funzione in Excel? \u2013 Consulente Excel","description":"Una funzione \u00e8 una formula predefinita che esegue un calcolo specifico utilizzando i valori immessi dall&#39;utente come argomenti.","robots":{"index":"index","follow":"follow","max-snippet":"max-snippet:-1","max-image-preview":"max-image-preview:large","max-video-preview":"max-video-preview:-1"},"canonical":"https:\/\/exceladvisor.org\/it\/cose-una-funzione-in-excel\/","og_locale":"it_IT","og_type":"article","og_title":"Cos&#39;\u00e8 una funzione in Excel? \u2013 Consulente Excel","og_description":"Una funzione \u00e8 una formula predefinita che esegue un calcolo specifico utilizzando i valori immessi dall&#39;utente come argomenti.","og_url":"https:\/\/exceladvisor.org\/it\/cose-una-funzione-in-excel\/","og_site_name":"Excel Advisor","article_modified_time":"2023-12-10T06:27:21+00:00","twitter_card":"summary_large_image","twitter_misc":{"Tempo di lettura stimato":"3 minuti"},"schema":{"@context":"https:\/\/schema.org","@graph":[{"@type":"WebPage","@id":"https:\/\/exceladvisor.org\/it\/cose-una-funzione-in-excel\/","url":"https:\/\/exceladvisor.org\/it\/cose-una-funzione-in-excel\/","name":"Cos&#39;\u00e8 una funzione in Excel? \u2013 Consulente Excel","isPartOf":{"@id":"https:\/\/exceladvisor.org\/it\/#website"},"datePublished":"2023-10-31T11:46:31+00:00","dateModified":"2023-12-10T06:27:21+00:00","description":"Una funzione \u00e8 una formula predefinita che esegue un calcolo specifico utilizzando i valori immessi dall&#39;utente come argomenti.","breadcrumb":{"@id":"https:\/\/exceladvisor.org\/it\/cose-una-funzione-in-excel\/#breadcrumb"},"inLanguage":"it-IT","potentialAction":[{"@type":"ReadAction","target":["https:\/\/exceladvisor.org\/it\/cose-una-funzione-in-excel\/"]}]},{"@type":"BreadcrumbList","@id":"https:\/\/exceladvisor.org\/it\/cose-una-funzione-in-excel\/#breadcrumb","itemListElement":[{"@type":"ListItem","position":1,"name":"Home","item":"https:\/\/exceladvisor.org\/it\/"},{"@type":"ListItem","position":2,"name":"Cos&#39;\u00e8 una funzione in excel?"}]},{"@type":"WebSite","@id":"https:\/\/exceladvisor.org\/it\/#website","url":"https:\/\/exceladvisor.org\/it\/","name":"Excel Advisor","description":"Tips, Tricks, and Time-Saving Hacks","publisher":{"@id":"https:\/\/exceladvisor.org\/it\/#organization"},"potentialAction":[{"@type":"SearchAction","target":{"@type":"EntryPoint","urlTemplate":"https:\/\/exceladvisor.org\/it\/?s={search_term_string}"},"query-input":{"@type":"PropertyValueSpecification","valueRequired":true,"valueName":"search_term_string"}}],"inLanguage":"it-IT"},{"@type":"Organization","@id":"https:\/\/exceladvisor.org\/it\/#organization","name":"Excel Advisor","url":"https:\/\/exceladvisor.org\/it\/","logo":{"@type":"ImageObject","inLanguage":"it-IT","@id":"https:\/\/exceladvisor.org\/it\/#\/schema\/logo\/image\/","url":"https:\/\/exceladvisor.org\/it\/wp-content\/uploads\/2023\/12\/exceladvisor.org_.png","contentUrl":"https:\/\/exceladvisor.org\/it\/wp-content\/uploads\/2023\/12\/exceladvisor.org_.png","width":105,"height":36,"caption":"Excel Advisor"},"image":{"@id":"https:\/\/exceladvisor.org\/it\/#\/schema\/logo\/image\/"}}]}},"yoast_meta":{"yoast_wpseo_title":"","yoast_wpseo_metadesc":"","yoast_wpseo_canonical":""},"_links":{"self":[{"href":"https:\/\/exceladvisor.org\/it\/wp-json\/wp\/v2\/pages\/1851","targetHints":{"allow":["GET"]}}],"collection":[{"href":"https:\/\/exceladvisor.org\/it\/wp-json\/wp\/v2\/pages"}],"about":[{"href":"https:\/\/exceladvisor.org\/it\/wp-json\/wp\/v2\/types\/page"}],"author":[{"embeddable":true,"href":"https:\/\/exceladvisor.org\/it\/wp-json\/wp\/v2\/users\/1"}],"replies":[{"embeddable":true,"href":"https:\/\/exceladvisor.org\/it\/wp-json\/wp\/v2\/comments?post=1851"}],"version-history":[{"count":1,"href":"https:\/\/exceladvisor.org\/it\/wp-json\/wp\/v2\/pages\/1851\/revisions"}],"predecessor-version":[{"id":2886,"href":"https:\/\/exceladvisor.org\/it\/wp-json\/wp\/v2\/pages\/1851\/revisions\/2886"}],"wp:attachment":[{"href":"https:\/\/exceladvisor.org\/it\/wp-json\/wp\/v2\/media?parent=1851"}],"curies":[{"name":"wp","href":"https:\/\/api.w.org\/{rel}","templated":true}]}}