{"id":1852,"date":"2023-10-31T09:02:59","date_gmt":"2023-10-31T09:02:59","guid":{"rendered":"https:\/\/exceladvisor.org\/it\/centrare-il-foglio-di-lavoro-orizzontalmente\/"},"modified":"2023-12-10T06:21:39","modified_gmt":"2023-12-10T06:21:39","slug":"centrare-il-foglio-di-lavoro-orizzontalmente","status":"publish","type":"page","link":"https:\/\/exceladvisor.org\/it\/centrare-il-foglio-di-lavoro-orizzontalmente\/","title":{"rendered":"Come centrare un foglio di calcolo in excel?"},"content":{"rendered":"<div class=\"excel-prima-del-contenuto\" id=\"excel-240825044\"><script type=\"text\/javascript\">\r\n\tatOptions = {\r\n\t\t'key' : 'c1158f160081d6540a8409e6925dab94',\r\n\t\t'format' : 'iframe',\r\n\t\t'height' : 250,\r\n\t\t'width' : 300,\r\n\t\t'params' : {}\r\n\t};\r\n<\/script>\r\n<script type=\"text\/javascript\" src=\"\/\/www.highperformanceformat.com\/c1158f160081d6540a8409e6925dab94\/invoke.js\"><\/script><\/div> <p>In Excel, quando apri un foglio di calcolo, puoi inserire i dati da sinistra a destra. Un foglio di lavoro \u00e8 allineato a sinistra orizzontalmente e in alto allineato verticalmente.<\/p><p> Ma puoi allineare i dati su un foglio di lavoro al centro in orizzontale e al centro in verticale. <\/p><div class=\"wp-block-image\"><figure class=\"aligncenter size-full is-resized\"><img loading=\"lazy\" decoding=\"async\" class=\"wp-image-72534\" src=\"https:\/\/exceladvisor.org\/wp-content\/uploads\/2023\/08\/1-boite-de-dialogue-de-mise-en-page.png\" sizes=\"auto, \" srcset=\"\" alt=\"finestra di dialogo del layout\" width=\"485\" height=\"468\"><\/figure><\/div><h2 class=\"wp-block-heading\"> Passaggi per creare un foglio di calcolo centrato orizzontalmente<\/h2><ol><li> Innanzitutto, vai alla scheda Layout e fai clic sul menu a discesa delle opzioni dei margini. <br><img loading=\"lazy\" decoding=\"async\" title=\"Menu a discesa delle opzioni margine con 2 clic\" src=\"https:\/\/exceladvisor.org\/wp-content\/uploads\/2023\/08\/Liste-deroulante-des-options-de-marge-en-2-clics.png\" sizes=\"auto, \" srcset=\"\" alt=\"click-margin-option-dropdown\" width=\"506\" height=\"209\"><\/li><li> Ora dai margini fai clic sull&#8217;opzione margini personalizzati. Questo apre la finestra di dialogo del layout. <br><img loading=\"lazy\" decoding=\"async\" title=\"Opzioni di margine personalizzate in 3 clic\" src=\"https:\/\/exceladvisor.org\/wp-content\/uploads\/2023\/08\/Options-de-marge-personnalisees-en-3-clics.png\" sizes=\"auto, \" srcset=\"\" alt=\"click-custom-margin-options\" width=\"549\" height=\"537\"><\/li><li> Successivamente, nella finestra di dialogo di impostazione della pagina, controlla il centro delle opzioni della pagina (orizzontalmente e verticalmente). Nel momento in cui lo fai, vedrai che i dati nel foglio di lavoro sono ora orizzontalmente al centro e verticalmente al centro. <br><img loading=\"lazy\" decoding=\"async\" title=\"4 opzioni di segno di spunta in orizzontale e in verticale\" src=\"https:\/\/exceladvisor.org\/wp-content\/uploads\/2023\/08\/4-options-de-coche-horizontalement-et-verticalement.png\" sizes=\"auto, \" srcset=\"\" alt=\"tickmark-horizontally-and-vertically-options\" width=\"536\" height=\"517\"><\/li><li> Alla fine, fai clic su OK per salvare queste impostazioni.<\/li><\/ol><p> Ci\u00f2 non modificher\u00e0 i dati che hai nel foglio di calcolo, ma quando effettui una stampa lo far\u00e0 orizzontalmente al centro e verticalmente al centro.<\/p><h2 class=\"wp-block-heading\"> Utilizzo dell&#8217;opzione Anteprima di stampa per creare un foglio di calcolo centrato orizzontalmente<\/h2><p> La stessa opzione pu\u00f2 essere modificata dall&#8217;opzione di anteprima di stampa.<\/p><ol type=\"1\"><li> Vai alla scheda File e fai clic sull&#8217;opzione Stampa.<\/li><li> Successivamente, fai clic su &#8220;Imposta pagina&#8221;.<\/li><li> Ora fai clic sulla scheda Margine.<\/li><li> Successivamente, seleziona le caselle orizzontalmente e verticalmente.<\/li><li> Al termine, fare clic su OK per salvare le impostazioni. <\/li><\/ol><div class=\"wp-block-image\"><figure class=\"aligncenter size-full is-resized\"><img loading=\"lazy\" decoding=\"async\" class=\"wp-image-72538\" src=\"https:\/\/exceladvisor.org\/wp-content\/uploads\/2023\/08\/5-creer-une-feuille-de-calcul-horizontalement.png\" sizes=\"auto, \" srcset=\"\" alt=\"make-worksheet-orizzontalmente\" width=\"710\" height=\"510\"><\/figure><\/div><p> Questa \u00e8 la stessa opzione che abbiamo usato nel primo metodo, ma \u00e8 solo un modo diverso di aprirlo.<\/p><h2 class=\"wp-block-heading\"> Scorciatoia da tastiera<\/h2><p> Se desideri creare un foglio di calcolo orizzontalmente al centro, utilizza una <a href=\"https:\/\/exceladvisor.org\/it\/tasti-rapidi\/\">scorciatoia da tastiera<\/a> per aprire il layout, quindi applica le impostazioni:<\/p><p> <kbd>Alt<\/kbd> \u21e2 <kbd>P<\/kbd> \u21e2 <kbd>S<\/kbd> \u21e2 <kbd>P<\/kbd> \u21e2 <kbd>M<\/kbd><\/p><p> Quando si preme questo tasto di scelta rapida, si aprono la finestra di dialogo del layout e la scheda del margine.<\/p><p> E da l\u00ec puoi applicare l&#8217;impostazione per rendere il tuo foglio di lavoro orizzontalmente al centro e verticalmente al centro.<\/p><p> Come ho detto prima, quando applichi queste impostazioni, non verr\u00e0 apportata alcuna modifica ai dati nel foglio di lavoro, ma cambier\u00e0 l&#8217;allineamento che hai durante la stampa.<\/p><p> Puoi vedere questa impostazione anche <a href=\"https:\/\/exceladvisor.org\/it\/anteprima-di-stampa-1\/\">nell&#8217;anteprima di stampa<\/a> .<\/p><div class=\"gb-container gb-container-4db6181c gb-container-mt\"> <a class=\"gb-button gb-button-c5897111 gb-button-text gb-button-mt-button\" href=\"https:\/\/exceladvisor.org\/it\/nozioni-di-base-su-excel\/\">Nozioni di base su Microsoft Excel (componenti, parti e note informative)<\/a><h2 class=\"gb-headline gb-headline-665e5f6b gb-headline-text gb-headline-mt-heading\"> Tutorial correlati <\/h2><div class=\"gb-grid-wrapper gb-grid-wrapper-a20baf7c gb-grid-wrapper-mt-grid\"><div class=\"gb-grid-column gb-grid-column-65ddf67e\"><div class=\"gb-container gb-container-65ddf67e\"><ul><li> <a href=\"https:\/\/exceladvisor.org\/it\/stampare-i-titoli\/\">Applica titoli di stampa in Excel (imposta la riga 1 per stampare su ogni pagina)<\/a><\/li><li> <a href=\"https:\/\/exceladvisor.org\/it\/carta-millimetrata\/\">Stampare un foglio di carta millimetrata in Excel (modello di griglia quadrata)<\/a><\/li><li> <a href=\"https:\/\/exceladvisor.org\/it\/rimuovere-linterruzione-di-pagina\/\">Rimuovi l&#8217;interruzione di pagina in Excel<\/a><\/li><li> <a href=\"https:\/\/exceladvisor.org\/it\/impostare-larea-di-stampa\/\">Imposta l&#8217;area di stampa in Excel<\/a> <\/li><\/ul><\/div><\/div><div class=\"gb-grid-column gb-grid-column-50067b57\"><div class=\"gb-container gb-container-50067b57\"><\/div><\/div><\/div><\/div>","protected":false},"excerpt":{"rendered":"","protected":false},"author":1,"featured_media":0,"parent":0,"menu_order":0,"comment_status":"open","ping_status":"closed","template":"","meta":{"ub_ctt_via":"","footnotes":""},"class_list":["post-1852","page","type-page","status-publish","hentry"],"featured_image_src":null,"yoast_head":"<!-- This site is optimized with the Yoast SEO plugin v25.4 - https:\/\/yoast.com\/wordpress\/plugins\/seo\/ -->\n<title>Come centrare un foglio di calcolo in Excel? (Tutorial 2023)<\/title>\n<meta name=\"description\" content=\"In questo tutorial impareremo come creare un foglio di calcolo orizzontalmente al centro e verticalmente al centro\" \/>\n<meta name=\"robots\" content=\"index, follow, max-snippet:-1, max-image-preview:large, max-video-preview:-1\" \/>\n<link rel=\"canonical\" href=\"https:\/\/exceladvisor.org\/it\/centrare-il-foglio-di-lavoro-orizzontalmente\/\" \/>\n<meta property=\"og:locale\" content=\"it_IT\" \/>\n<meta property=\"og:type\" content=\"article\" \/>\n<meta property=\"og:title\" content=\"Come centrare un foglio di calcolo in Excel? (Tutorial 2023)\" \/>\n<meta property=\"og:description\" content=\"In questo tutorial impareremo come creare un foglio di calcolo orizzontalmente al centro e verticalmente al centro\" \/>\n<meta property=\"og:url\" content=\"https:\/\/exceladvisor.org\/it\/centrare-il-foglio-di-lavoro-orizzontalmente\/\" \/>\n<meta property=\"og:site_name\" content=\"Excel Advisor\" \/>\n<meta property=\"article:modified_time\" content=\"2023-12-10T06:21:39+00:00\" \/>\n<meta property=\"og:image\" content=\"https:\/\/exceladvisor.org\/wp-content\/uploads\/2023\/08\/1-boite-de-dialogue-de-mise-en-page.png\" \/>\n<meta name=\"twitter:card\" content=\"summary_large_image\" \/>\n<meta name=\"twitter:label1\" content=\"Tempo di lettura stimato\" \/>\n\t<meta name=\"twitter:data1\" content=\"2 minuti\" \/>\n<script type=\"application\/ld+json\" class=\"yoast-schema-graph\">{\"@context\":\"https:\/\/schema.org\",\"@graph\":[{\"@type\":\"WebPage\",\"@id\":\"https:\/\/exceladvisor.org\/it\/centrare-il-foglio-di-lavoro-orizzontalmente\/\",\"url\":\"https:\/\/exceladvisor.org\/it\/centrare-il-foglio-di-lavoro-orizzontalmente\/\",\"name\":\"Come centrare un foglio di calcolo in Excel? (Tutorial 2023)\",\"isPartOf\":{\"@id\":\"https:\/\/exceladvisor.org\/it\/#website\"},\"primaryImageOfPage\":{\"@id\":\"https:\/\/exceladvisor.org\/it\/centrare-il-foglio-di-lavoro-orizzontalmente\/#primaryimage\"},\"image\":{\"@id\":\"https:\/\/exceladvisor.org\/it\/centrare-il-foglio-di-lavoro-orizzontalmente\/#primaryimage\"},\"thumbnailUrl\":\"https:\/\/exceladvisor.org\/wp-content\/uploads\/2023\/08\/1-boite-de-dialogue-de-mise-en-page.png\",\"datePublished\":\"2023-10-31T09:02:59+00:00\",\"dateModified\":\"2023-12-10T06:21:39+00:00\",\"description\":\"In questo tutorial impareremo come creare un foglio di calcolo orizzontalmente al centro e verticalmente al centro\",\"breadcrumb\":{\"@id\":\"https:\/\/exceladvisor.org\/it\/centrare-il-foglio-di-lavoro-orizzontalmente\/#breadcrumb\"},\"inLanguage\":\"it-IT\",\"potentialAction\":[{\"@type\":\"ReadAction\",\"target\":[\"https:\/\/exceladvisor.org\/it\/centrare-il-foglio-di-lavoro-orizzontalmente\/\"]}]},{\"@type\":\"ImageObject\",\"inLanguage\":\"it-IT\",\"@id\":\"https:\/\/exceladvisor.org\/it\/centrare-il-foglio-di-lavoro-orizzontalmente\/#primaryimage\",\"url\":\"https:\/\/exceladvisor.org\/wp-content\/uploads\/2023\/08\/1-boite-de-dialogue-de-mise-en-page.png\",\"contentUrl\":\"https:\/\/exceladvisor.org\/wp-content\/uploads\/2023\/08\/1-boite-de-dialogue-de-mise-en-page.png\"},{\"@type\":\"BreadcrumbList\",\"@id\":\"https:\/\/exceladvisor.org\/it\/centrare-il-foglio-di-lavoro-orizzontalmente\/#breadcrumb\",\"itemListElement\":[{\"@type\":\"ListItem\",\"position\":1,\"name\":\"Home\",\"item\":\"https:\/\/exceladvisor.org\/it\/\"},{\"@type\":\"ListItem\",\"position\":2,\"name\":\"Come centrare un foglio di calcolo in excel?\"}]},{\"@type\":\"WebSite\",\"@id\":\"https:\/\/exceladvisor.org\/it\/#website\",\"url\":\"https:\/\/exceladvisor.org\/it\/\",\"name\":\"Excel Advisor\",\"description\":\"Tips, Tricks, and Time-Saving Hacks\",\"publisher\":{\"@id\":\"https:\/\/exceladvisor.org\/it\/#organization\"},\"potentialAction\":[{\"@type\":\"SearchAction\",\"target\":{\"@type\":\"EntryPoint\",\"urlTemplate\":\"https:\/\/exceladvisor.org\/it\/?s={search_term_string}\"},\"query-input\":{\"@type\":\"PropertyValueSpecification\",\"valueRequired\":true,\"valueName\":\"search_term_string\"}}],\"inLanguage\":\"it-IT\"},{\"@type\":\"Organization\",\"@id\":\"https:\/\/exceladvisor.org\/it\/#organization\",\"name\":\"Excel Advisor\",\"url\":\"https:\/\/exceladvisor.org\/it\/\",\"logo\":{\"@type\":\"ImageObject\",\"inLanguage\":\"it-IT\",\"@id\":\"https:\/\/exceladvisor.org\/it\/#\/schema\/logo\/image\/\",\"url\":\"https:\/\/exceladvisor.org\/it\/wp-content\/uploads\/2023\/12\/exceladvisor.org_.png\",\"contentUrl\":\"https:\/\/exceladvisor.org\/it\/wp-content\/uploads\/2023\/12\/exceladvisor.org_.png\",\"width\":105,\"height\":36,\"caption\":\"Excel Advisor\"},\"image\":{\"@id\":\"https:\/\/exceladvisor.org\/it\/#\/schema\/logo\/image\/\"}}]}<\/script>\n<!-- \/ Yoast SEO plugin. -->","yoast_head_json":{"title":"Come centrare un foglio di calcolo in Excel? (Tutorial 2023)","description":"In questo tutorial impareremo come creare un foglio di calcolo orizzontalmente al centro e verticalmente al centro","robots":{"index":"index","follow":"follow","max-snippet":"max-snippet:-1","max-image-preview":"max-image-preview:large","max-video-preview":"max-video-preview:-1"},"canonical":"https:\/\/exceladvisor.org\/it\/centrare-il-foglio-di-lavoro-orizzontalmente\/","og_locale":"it_IT","og_type":"article","og_title":"Come centrare un foglio di calcolo in Excel? (Tutorial 2023)","og_description":"In questo tutorial impareremo come creare un foglio di calcolo orizzontalmente al centro e verticalmente al centro","og_url":"https:\/\/exceladvisor.org\/it\/centrare-il-foglio-di-lavoro-orizzontalmente\/","og_site_name":"Excel Advisor","article_modified_time":"2023-12-10T06:21:39+00:00","og_image":[{"url":"https:\/\/exceladvisor.org\/wp-content\/uploads\/2023\/08\/1-boite-de-dialogue-de-mise-en-page.png","type":"","width":"","height":""}],"twitter_card":"summary_large_image","twitter_misc":{"Tempo di lettura stimato":"2 minuti"},"schema":{"@context":"https:\/\/schema.org","@graph":[{"@type":"WebPage","@id":"https:\/\/exceladvisor.org\/it\/centrare-il-foglio-di-lavoro-orizzontalmente\/","url":"https:\/\/exceladvisor.org\/it\/centrare-il-foglio-di-lavoro-orizzontalmente\/","name":"Come centrare un foglio di calcolo in Excel? (Tutorial 2023)","isPartOf":{"@id":"https:\/\/exceladvisor.org\/it\/#website"},"primaryImageOfPage":{"@id":"https:\/\/exceladvisor.org\/it\/centrare-il-foglio-di-lavoro-orizzontalmente\/#primaryimage"},"image":{"@id":"https:\/\/exceladvisor.org\/it\/centrare-il-foglio-di-lavoro-orizzontalmente\/#primaryimage"},"thumbnailUrl":"https:\/\/exceladvisor.org\/wp-content\/uploads\/2023\/08\/1-boite-de-dialogue-de-mise-en-page.png","datePublished":"2023-10-31T09:02:59+00:00","dateModified":"2023-12-10T06:21:39+00:00","description":"In questo tutorial impareremo come creare un foglio di calcolo orizzontalmente al centro e verticalmente al centro","breadcrumb":{"@id":"https:\/\/exceladvisor.org\/it\/centrare-il-foglio-di-lavoro-orizzontalmente\/#breadcrumb"},"inLanguage":"it-IT","potentialAction":[{"@type":"ReadAction","target":["https:\/\/exceladvisor.org\/it\/centrare-il-foglio-di-lavoro-orizzontalmente\/"]}]},{"@type":"ImageObject","inLanguage":"it-IT","@id":"https:\/\/exceladvisor.org\/it\/centrare-il-foglio-di-lavoro-orizzontalmente\/#primaryimage","url":"https:\/\/exceladvisor.org\/wp-content\/uploads\/2023\/08\/1-boite-de-dialogue-de-mise-en-page.png","contentUrl":"https:\/\/exceladvisor.org\/wp-content\/uploads\/2023\/08\/1-boite-de-dialogue-de-mise-en-page.png"},{"@type":"BreadcrumbList","@id":"https:\/\/exceladvisor.org\/it\/centrare-il-foglio-di-lavoro-orizzontalmente\/#breadcrumb","itemListElement":[{"@type":"ListItem","position":1,"name":"Home","item":"https:\/\/exceladvisor.org\/it\/"},{"@type":"ListItem","position":2,"name":"Come centrare un foglio di calcolo in excel?"}]},{"@type":"WebSite","@id":"https:\/\/exceladvisor.org\/it\/#website","url":"https:\/\/exceladvisor.org\/it\/","name":"Excel Advisor","description":"Tips, Tricks, and Time-Saving Hacks","publisher":{"@id":"https:\/\/exceladvisor.org\/it\/#organization"},"potentialAction":[{"@type":"SearchAction","target":{"@type":"EntryPoint","urlTemplate":"https:\/\/exceladvisor.org\/it\/?s={search_term_string}"},"query-input":{"@type":"PropertyValueSpecification","valueRequired":true,"valueName":"search_term_string"}}],"inLanguage":"it-IT"},{"@type":"Organization","@id":"https:\/\/exceladvisor.org\/it\/#organization","name":"Excel Advisor","url":"https:\/\/exceladvisor.org\/it\/","logo":{"@type":"ImageObject","inLanguage":"it-IT","@id":"https:\/\/exceladvisor.org\/it\/#\/schema\/logo\/image\/","url":"https:\/\/exceladvisor.org\/it\/wp-content\/uploads\/2023\/12\/exceladvisor.org_.png","contentUrl":"https:\/\/exceladvisor.org\/it\/wp-content\/uploads\/2023\/12\/exceladvisor.org_.png","width":105,"height":36,"caption":"Excel Advisor"},"image":{"@id":"https:\/\/exceladvisor.org\/it\/#\/schema\/logo\/image\/"}}]}},"yoast_meta":{"yoast_wpseo_title":"","yoast_wpseo_metadesc":"","yoast_wpseo_canonical":""},"_links":{"self":[{"href":"https:\/\/exceladvisor.org\/it\/wp-json\/wp\/v2\/pages\/1852","targetHints":{"allow":["GET"]}}],"collection":[{"href":"https:\/\/exceladvisor.org\/it\/wp-json\/wp\/v2\/pages"}],"about":[{"href":"https:\/\/exceladvisor.org\/it\/wp-json\/wp\/v2\/types\/page"}],"author":[{"embeddable":true,"href":"https:\/\/exceladvisor.org\/it\/wp-json\/wp\/v2\/users\/1"}],"replies":[{"embeddable":true,"href":"https:\/\/exceladvisor.org\/it\/wp-json\/wp\/v2\/comments?post=1852"}],"version-history":[{"count":1,"href":"https:\/\/exceladvisor.org\/it\/wp-json\/wp\/v2\/pages\/1852\/revisions"}],"predecessor-version":[{"id":2373,"href":"https:\/\/exceladvisor.org\/it\/wp-json\/wp\/v2\/pages\/1852\/revisions\/2373"}],"wp:attachment":[{"href":"https:\/\/exceladvisor.org\/it\/wp-json\/wp\/v2\/media?parent=1852"}],"curies":[{"name":"wp","href":"https:\/\/api.w.org\/{rel}","templated":true}]}}