{"id":1854,"date":"2023-10-31T04:19:27","date_gmt":"2023-10-31T04:19:27","guid":{"rendered":"https:\/\/exceladvisor.org\/it\/confine\/"},"modified":"2023-12-10T06:19:56","modified_gmt":"2023-12-10T06:19:56","slug":"confine","status":"publish","type":"page","link":"https:\/\/exceladvisor.org\/it\/confine\/","title":{"rendered":"Come aggiungere un bordo in excel?"},"content":{"rendered":"<div class=\"excel-prima-del-contenuto\" id=\"excel-158914242\"><script type=\"text\/javascript\">\r\n\tatOptions = {\r\n\t\t'key' : 'c1158f160081d6540a8409e6925dab94',\r\n\t\t'format' : 'iframe',\r\n\t\t'height' : 250,\r\n\t\t'width' : 300,\r\n\t\t'params' : {}\r\n\t};\r\n<\/script>\r\n<script type=\"text\/javascript\" src=\"\/\/www.highperformanceformat.com\/c1158f160081d6540a8409e6925dab94\/invoke.js\"><\/script><\/div> <p>In Excel, un bordo \u00e8 come una linea a quattro lati aggiunta attorno alla cella o all&#8217;intervallo di celle. Viene utilizzato per evidenziare un&#8217;area particolare e separarla dal resto dei valori nel foglio di lavoro.<\/p><p> L&#8217;inserimento di un bordo attira l&#8217;attenzione dei lettori sulla sezione specifica, aumentandone l&#8217;interesse.<\/p><p> In questo tutorial, esamineremo i modi per aggiungere bordi insieme ai loro diversi tipi in Excel.<\/p><h2 class=\"wp-block-heading\"> Passaggi per applicare i bordi a una cella in Excel<\/h2><ol><li> Innanzitutto, seleziona la cella o il gruppo di celle in cui desideri aggiungere un bordo nel tuo foglio di lavoro. <br><img loading=\"lazy\" decoding=\"async\" title=\"1-seleziona-celle\" src=\"https:\/\/exceladvisor.org\/wp-content\/uploads\/2023\/08\/1-selectionner-des-cellules.png\" sizes=\"auto, \" srcset=\"\" alt=\"select-cells\" width=\"429\" height=\"261\"><\/li><li> Successivamente, vai alla scheda Home e nel gruppo &#8220;Carattere&#8221;, fai clic sul pulsante del bordo, che si trova proprio accanto alle opzioni grassetto, corsivo e sottolineato. <br><img loading=\"lazy\" decoding=\"async\" title=\"Gruppo di caratteri con 2 schede home\" src=\"https:\/\/exceladvisor.org\/wp-content\/uploads\/2023\/08\/2-groupe-de-polices-de-longlet-daccueil.png\" sizes=\"auto, \" srcset=\"\" alt=\"home-tab-font-group\" width=\"427\" height=\"326\"><\/li><li> Dopo aver fatto clic sulla freccia a discesa del pulsante del bordo, ti verr\u00e0 mostrato l&#8217;elenco dei bordi. <br><img loading=\"lazy\" decoding=\"async\" title=\"3-elenco-dei-confini\" src=\"https:\/\/exceladvisor.org\/wp-content\/uploads\/2023\/08\/3-liste-des-frontieres.png\" sizes=\"auto, \" srcset=\"\" alt=\"list-of-borders\" width=\"231\" height=\"532\"><\/li><li> Ora selezionane uno dall&#8217;elenco che desideri applicare attorno alle celle selezionate.<\/li><\/ol><h2 class=\"wp-block-heading\"> Tipi di bordi in Excel<\/h2><p> Qui scoprirai i diversi confini, classificati in <strong>4 sezioni<\/strong> . <\/p><div class=\"wp-block-image\"><figure class=\"aligncenter size-full is-resized\"><img loading=\"lazy\" decoding=\"async\" class=\"wp-image-77614\" src=\"https:\/\/exceladvisor.org\/wp-content\/uploads\/2023\/08\/4-sections-de-bordure-differentes.png\" sizes=\"auto, \" srcset=\"\" alt=\"sezioni di confine diverse\" width=\"271\" height=\"183\"><\/figure><\/div><p> Nella prima sezione sono presenti i bordi inferiore, superiore, sinistro e destro. Questi bordi ti aiuteranno ad applicare solo un bordo laterale attorno a una o pi\u00f9 celle.<\/p><p> Per applicarlo ai valori selezionati, \u00e8 sufficiente fare clic su qualsiasi tipo di bordo. Nell&#8217;esempio seguente puoi vedere il <strong>bordo inferiore<\/strong> <strong>sotto la scala<\/strong> . <\/p><div class=\"wp-block-image\"><figure class=\"aligncenter size-full is-resized\"><img loading=\"lazy\" decoding=\"async\" class=\"wp-image-77615\" src=\"https:\/\/exceladvisor.org\/wp-content\/uploads\/2023\/08\/5-bordure-inferieure-sous-echelle.png\" sizes=\"auto, \" srcset=\"\" alt=\"sottoscala del bordo inferiore\" width=\"373\" height=\"152\"><\/figure><\/div><p> La seconda sezione non ha bordi, ma ha tutte le opzioni bordo, bordo esterno e bordo esterno spesso. Puoi rimuovere facilmente il bordo dalla cella selezionata facendo clic sull&#8217;opzione senza bordi. <\/p><div class=\"wp-block-image\"><figure class=\"aligncenter size-full is-resized\"><img loading=\"lazy\" decoding=\"async\" class=\"wp-image-77616\" src=\"https:\/\/exceladvisor.org\/wp-content\/uploads\/2023\/08\/6-pas-de-section-de-bordure.png\" sizes=\"auto, \" srcset=\"\" alt=\"sezione senza confini\" width=\"312\" height=\"170\"><\/figure><\/div><p> Successivamente, hai la possibilit\u00e0 di aggiungere un bordo a tutti e quattro i lati delle celle selezionate. Ma, con tutti i bordi, le linee di confine separano la cella una per una, come mostrato nell&#8217;immagine qui sotto. <\/p><div class=\"wp-block-image\"><figure class=\"aligncenter size-full is-resized\"><img loading=\"lazy\" decoding=\"async\" class=\"wp-image-77617\" src=\"https:\/\/exceladvisor.org\/wp-content\/uploads\/2023\/08\/7-option-pour-ajouter-une-bordure-a-tous-les-cotes.png\" sizes=\"auto, \" srcset=\"\" alt=\"opzione per aggiungere un bordo su tutti i lati\" width=\"476\" height=\"209\"><\/figure><\/div><p> La terza sezione contiene molti bordi inferiori. Ad esempio, doppio bordo inferiore, fondo spesso, bordo superiore e inferiore, bordo superiore e inferiore spesso e bordo superiore e doppio inferiore. <\/p><div class=\"wp-block-image\"><figure class=\"aligncenter size-full is-resized\"><img loading=\"lazy\" decoding=\"async\" class=\"wp-image-77618\" src=\"https:\/\/exceladvisor.org\/wp-content\/uploads\/2023\/08\/8-nombreuses-bordures-inferieures.png\" sizes=\"auto, \" srcset=\"\" alt=\"pi\u00f9 bordi inferiori\" width=\"300\" height=\"198\"><\/figure><\/div><p> Puoi utilizzare queste opzioni per evidenziare o sottolineare testi o titoli importanti. <\/p><div class=\"wp-block-image\"><figure class=\"aligncenter size-full is-resized\"><img loading=\"lazy\" decoding=\"async\" class=\"wp-image-77619\" src=\"https:\/\/exceladvisor.org\/wp-content\/uploads\/2023\/08\/9-titres-phares.png\" sizes=\"auto, \" srcset=\"\" alt=\"punti salienti\" width=\"440\" height=\"134\"><\/figure><\/div><h2 class=\"wp-block-heading\"> Disegna il bordo<\/h2><p> Nell&#8217;ultima sezione hai la possibilit\u00e0 di personalizzare o creare il bordo che desideri utilizzando gli strumenti di disegno. Puoi anche modificare il bordo esistente con questo. <\/p><div class=\"wp-block-image\"><figure class=\"aligncenter size-full is-resized\"><img loading=\"lazy\" decoding=\"async\" class=\"wp-image-77620\" src=\"https:\/\/exceladvisor.org\/wp-content\/uploads\/2023\/08\/10-dessiner-la-bordure1.png\" sizes=\"auto, \" srcset=\"\" alt=\"disegnare il bordo\" width=\"286\" height=\"228\"><\/figure><\/div><ol><li> <strong>Disegna bordo:<\/strong> dopo aver fatto clic sull&#8217;opzione disegna bordo, il cursore verr\u00e0 convertito in una matita da disegno. Ora fai clic sulla cella e trascina il pulsante sinistro del mouse per inserire il bordo. Applica i bordi in entrambe le direzioni orizzontalmente e verticalmente. <br><img loading=\"lazy\" decoding=\"async\" title=\"11-cursore a matita\" src=\"https:\/\/exceladvisor.org\/wp-content\/uploads\/2023\/08\/11-curseur-dans-le-crayon.png\" sizes=\"auto, \" srcset=\"\" alt=\"cursor-into-pencil\" width=\"288\" height=\"227\"><\/li><li> <strong>Disegna griglia del bordo:<\/strong> come suggerisce il nome, viene utilizzato anche per disegnare un bordo attorno alle celle selezionate. Ma la differenza principale tra &#8220;Disegna bordo&#8221; e &#8220;Disegna griglia bordo&#8221; \u00e8 che la griglia bordo disegna i bordi sotto forma di griglia (su pi\u00f9 celle). <br><img loading=\"lazy\" decoding=\"async\" title=\"12 Griglia del bordo di progettazione\" src=\"https:\/\/exceladvisor.org\/wp-content\/uploads\/2023\/08\/Grille-de-bordure-a-12-tirages.png\" sizes=\"auto, \" srcset=\"\" alt=\"draw-border-grid\" width=\"423\" height=\"188\"><\/li><li> <strong>Cancella bordo:<\/strong> la gomma ti aiuta a cancellare la linea di bordo indesiderata dalle tue celle. Per cancellare il bordo, trascina semplicemente la gomma sulla linea per rimuoverla. <br><img loading=\"lazy\" decoding=\"async\" title=\"13-confine chiaro\" src=\"https:\/\/exceladvisor.org\/wp-content\/uploads\/2023\/08\/13-effacer-la-bordure.png\" sizes=\"auto, \" srcset=\"\" alt=\"erase-border\" width=\"457\" height=\"153\"><\/li><li> <strong>Colore linea:<\/strong> la cosa pi\u00f9 sorprendente \u00e8 che puoi anche cambiare il colore del bordo per renderlo pi\u00f9 attraente. Quando fai clic sul colore della riga, si apre la finestra pop-up con una variet\u00e0 di colori. Una volta scelto qualcuno, usa la matita per disegnare il bordo colorato. <br><img loading=\"lazy\" decoding=\"async\" title=\"14 linee colorate\" src=\"https:\/\/exceladvisor.org\/wp-content\/uploads\/2023\/08\/14-lignes-de-couleur.png\" sizes=\"auto, \" srcset=\"\" alt=\"line-color\" width=\"428\" height=\"178\"><\/li><li> <strong>Stile linea:<\/strong> per modificare lo stile del bordo, fai clic sullo stile della linea e scegli uno dei seguenti stili. <br><img loading=\"lazy\" decoding=\"async\" title=\"Stile a 15 linee\" src=\"https:\/\/exceladvisor.org\/wp-content\/uploads\/2023\/08\/Style-15-lignes.png\" sizes=\"auto, \" srcset=\"\" alt=\"line-style\" width=\"257\" height=\"145\"><\/li><\/ol><h2 class=\"wp-block-heading\"> Opzioni avanzate per i bordi<\/h2><p> Scegli i bordi avanzati per le celle selezionate. Seguire i passaggi seguenti:<\/p><ol><li> Innanzitutto, vai all&#8217;opzione &#8220;Altri bordi&#8221;, che si trova nella parte inferiore dell&#8217;elenco dei bordi.<\/li><li> Quando si fa clic, si apre una nuova finestra di dialogo denominata &#8221; <strong>Formato celle<\/strong> &#8220;. <br><img loading=\"lazy\" decoding=\"async\" title=\"16 opzioni avanzate per i bordi\" src=\"https:\/\/exceladvisor.org\/wp-content\/uploads\/2023\/08\/16-options-de-bordure-avancees.png\" sizes=\"auto, \" srcset=\"\" alt=\"advanced-border-options\" width=\"526\" height=\"514\"><\/li><li> Qui hai pi\u00f9 opzioni di bordo da inserire nel foglio.<\/li><li> E, una volta selezionato un determinato preset, ti mostrer\u00e0 anche come appare dopo averlo applicato nella casella. <br><img loading=\"lazy\" decoding=\"async\" title=\"17-frontiera-anteprima\" src=\"https:\/\/exceladvisor.org\/wp-content\/uploads\/2023\/08\/17-apercu-de-la-bordure.png\" sizes=\"auto, \" srcset=\"\" alt=\"border-preview\" width=\"524\" height=\"518\"><\/li><li> Alla fine, fai clic su &#8220;OK&#8221; per applicare l&#8217;intervallo di celle selezionato. <br><img loading=\"lazy\" decoding=\"async\" title=\"Applicazione a 18 bordi\" src=\"https:\/\/exceladvisor.org\/wp-content\/uploads\/2023\/08\/18-appliquer-les-bordures.png\" sizes=\"auto, \" srcset=\"\" alt=\"apply-borders\" width=\"475\" height=\"137\"><\/li><\/ol><h2 class=\"wp-block-heading\"> Rimuovere i bordi in Excel<\/h2><ol><li> Innanzitutto, devi solo selezionare l&#8217;area da cui desideri rimuovere il bordo.<\/li><li> Successivamente, vai all&#8217;elenco dei bordi e seleziona l&#8217;opzione &#8220;Nessun bordo&#8221; da l\u00ec. <br><img loading=\"lazy\" decoding=\"async\" title=\"19-rimuovere-confini\" src=\"https:\/\/exceladvisor.org\/wp-content\/uploads\/2023\/08\/19-supprimer-les-bordures.png\" sizes=\"auto, \" srcset=\"\" alt=\"remove-borders\" width=\"504\" height=\"212\"><\/li><li> Ora le linee di confine scompariranno attorno alle celle selezionate. <br><img loading=\"lazy\" decoding=\"async\" title=\"20 confini rimossi1\" src=\"https:\/\/exceladvisor.org\/wp-content\/uploads\/2023\/08\/20-lignes-de-bordure-supprimees1.png\" sizes=\"auto, \" srcset=\"\" alt=\"border-lines-removed\" width=\"438\" height=\"123\"><\/li><\/ol><h2 class=\"wp-block-heading\"> Scorciatoia per aggiungere un bordo<\/h2><p> C&#8217;\u00e8 un altro modo per aggiungere un bordo usando la scorciatoia. Ma prima di utilizzare la scorciatoia, devi prima selezionare l&#8217;intervallo in cui desideri inserire il bordo.<\/p><p> Quindi premi contemporaneamente ALT \u21e2 H \u21e2 B. Una volta fatto ci\u00f2, otterrai l&#8217;elenco dei confini. Oltre a questo, ci sono opzioni specifiche per impostare qualsiasi tipo di bordo su una cella o un intervallo. <\/p><div class=\"wp-block-image\"><figure class=\"aligncenter size-full is-resized\"><img loading=\"lazy\" decoding=\"async\" class=\"wp-image-77631\" src=\"https:\/\/exceladvisor.org\/wp-content\/uploads\/2023\/08\/21-raccourci-pour-ajouter-des-bordures.png\" sizes=\"auto, \" srcset=\"\" alt=\"scorciatoia per aggiungere bordi\" width=\"395\" height=\"589\"><\/figure><\/div><p> Vuoi impostare il bordo inferiore spesso e il tasto di scelta rapida per questo \u00e8 H, come vedi nello screenshot qui sopra. Quindi in questo caso premere ALT \u21e2 H \u21e2 B \u21e2 H dopo aver selezionato i dati. <\/p><div class=\"wp-block-image\"><figure class=\"aligncenter size-full is-resized\"><img loading=\"lazy\" decoding=\"async\" class=\"wp-image-77632\" src=\"https:\/\/exceladvisor.org\/wp-content\/uploads\/2023\/08\/22-bordure-inferieure-epaisse.png\" sizes=\"auto, \" srcset=\"\" alt=\"bordo inferiore spesso\" width=\"521\" height=\"187\"><\/figure><\/div><div class=\"gb-container gb-container-4db6181c gb-container-mt\"> <a class=\"gb-button gb-button-c5897111 gb-button-text gb-button-mt-button\" href=\"https:\/\/exceladvisor.org\/it\/nozioni-di-base-su-excel\/\">Nozioni di base su Microsoft Excel (componenti, parti e note informative)<\/a><h2 class=\"gb-headline gb-headline-665e5f6b gb-headline-text gb-headline-mt-heading\"> Tutorial correlati <\/h2><div class=\"gb-grid-wrapper gb-grid-wrapper-a20baf7c gb-grid-wrapper-mt-grid\"><div class=\"gb-grid-column gb-grid-column-65ddf67e\"><div class=\"gb-container gb-container-65ddf67e\"><ul><li> <a href=\"https:\/\/exceladvisor.org\/it\/formato-del-numero-contabile\/\">Applicare il formato dei numeri contabili in Excel<\/a><\/li><li> <a href=\"https:\/\/exceladvisor.org\/it\/colore-delle-cellule\/\">Applica il colore di sfondo a una cella o all&#8217;intero foglio in Excel<\/a><\/li><li> <a href=\"https:\/\/exceladvisor.org\/it\/la-griglia\/\">Stampa la griglia di Excel (elimina, accorcia e cambia colore)<\/a><\/li><li> <a href=\"https:\/\/exceladvisor.org\/it\/aggiungi-un-numero-di-pagina\/\">Aggiungi un numero di pagina in Excel<\/a> <\/li><\/ul><\/div><\/div><div class=\"gb-grid-column gb-grid-column-50067b57\"><div class=\"gb-container gb-container-50067b57\"><\/div><\/div><\/div><\/div>","protected":false},"excerpt":{"rendered":"","protected":false},"author":1,"featured_media":0,"parent":0,"menu_order":0,"comment_status":"open","ping_status":"closed","template":"","meta":{"ub_ctt_via":"","footnotes":""},"class_list":["post-1854","page","type-page","status-publish","hentry"],"featured_image_src":null,"yoast_head":"<!-- This site is optimized with the Yoast SEO plugin v25.4 - https:\/\/yoast.com\/wordpress\/plugins\/seo\/ -->\n<title>\u25b7 Come aggiungere un bordo in Excel? (Tutorial 2023)<\/title>\n<meta name=\"description\" content=\"In questo tutorial impareremo come applicare un bordo a una cella o a pi\u00f9 intervalli di celle. Impareremo anche\" \/>\n<meta name=\"robots\" content=\"index, follow, max-snippet:-1, max-image-preview:large, max-video-preview:-1\" \/>\n<link rel=\"canonical\" href=\"https:\/\/exceladvisor.org\/it\/confine\/\" \/>\n<meta property=\"og:locale\" content=\"it_IT\" \/>\n<meta property=\"og:type\" content=\"article\" \/>\n<meta property=\"og:title\" content=\"\u25b7 Come aggiungere un bordo in Excel? (Tutorial 2023)\" \/>\n<meta property=\"og:description\" content=\"In questo tutorial impareremo come applicare un bordo a una cella o a pi\u00f9 intervalli di celle. Impareremo anche\" \/>\n<meta property=\"og:url\" content=\"https:\/\/exceladvisor.org\/it\/confine\/\" \/>\n<meta property=\"og:site_name\" content=\"Excel Advisor\" \/>\n<meta property=\"article:modified_time\" content=\"2023-12-10T06:19:56+00:00\" \/>\n<meta property=\"og:image\" content=\"https:\/\/exceladvisor.org\/wp-content\/uploads\/2023\/08\/1-selectionner-des-cellules.png\" \/>\n<meta name=\"twitter:card\" content=\"summary_large_image\" \/>\n<meta name=\"twitter:label1\" content=\"Tempo di lettura stimato\" \/>\n\t<meta name=\"twitter:data1\" content=\"4 minuti\" \/>\n<script type=\"application\/ld+json\" class=\"yoast-schema-graph\">{\"@context\":\"https:\/\/schema.org\",\"@graph\":[{\"@type\":\"WebPage\",\"@id\":\"https:\/\/exceladvisor.org\/it\/confine\/\",\"url\":\"https:\/\/exceladvisor.org\/it\/confine\/\",\"name\":\"\u25b7 Come aggiungere un bordo in Excel? (Tutorial 2023)\",\"isPartOf\":{\"@id\":\"https:\/\/exceladvisor.org\/it\/#website\"},\"primaryImageOfPage\":{\"@id\":\"https:\/\/exceladvisor.org\/it\/confine\/#primaryimage\"},\"image\":{\"@id\":\"https:\/\/exceladvisor.org\/it\/confine\/#primaryimage\"},\"thumbnailUrl\":\"https:\/\/exceladvisor.org\/wp-content\/uploads\/2023\/08\/1-selectionner-des-cellules.png\",\"datePublished\":\"2023-10-31T04:19:27+00:00\",\"dateModified\":\"2023-12-10T06:19:56+00:00\",\"description\":\"In questo tutorial impareremo come applicare un bordo a una cella o a pi\u00f9 intervalli di celle. Impareremo anche\",\"breadcrumb\":{\"@id\":\"https:\/\/exceladvisor.org\/it\/confine\/#breadcrumb\"},\"inLanguage\":\"it-IT\",\"potentialAction\":[{\"@type\":\"ReadAction\",\"target\":[\"https:\/\/exceladvisor.org\/it\/confine\/\"]}]},{\"@type\":\"ImageObject\",\"inLanguage\":\"it-IT\",\"@id\":\"https:\/\/exceladvisor.org\/it\/confine\/#primaryimage\",\"url\":\"https:\/\/exceladvisor.org\/wp-content\/uploads\/2023\/08\/1-selectionner-des-cellules.png\",\"contentUrl\":\"https:\/\/exceladvisor.org\/wp-content\/uploads\/2023\/08\/1-selectionner-des-cellules.png\"},{\"@type\":\"BreadcrumbList\",\"@id\":\"https:\/\/exceladvisor.org\/it\/confine\/#breadcrumb\",\"itemListElement\":[{\"@type\":\"ListItem\",\"position\":1,\"name\":\"Home\",\"item\":\"https:\/\/exceladvisor.org\/it\/\"},{\"@type\":\"ListItem\",\"position\":2,\"name\":\"Come aggiungere un bordo in excel?\"}]},{\"@type\":\"WebSite\",\"@id\":\"https:\/\/exceladvisor.org\/it\/#website\",\"url\":\"https:\/\/exceladvisor.org\/it\/\",\"name\":\"Excel Advisor\",\"description\":\"Tips, Tricks, and Time-Saving Hacks\",\"publisher\":{\"@id\":\"https:\/\/exceladvisor.org\/it\/#organization\"},\"potentialAction\":[{\"@type\":\"SearchAction\",\"target\":{\"@type\":\"EntryPoint\",\"urlTemplate\":\"https:\/\/exceladvisor.org\/it\/?s={search_term_string}\"},\"query-input\":{\"@type\":\"PropertyValueSpecification\",\"valueRequired\":true,\"valueName\":\"search_term_string\"}}],\"inLanguage\":\"it-IT\"},{\"@type\":\"Organization\",\"@id\":\"https:\/\/exceladvisor.org\/it\/#organization\",\"name\":\"Excel Advisor\",\"url\":\"https:\/\/exceladvisor.org\/it\/\",\"logo\":{\"@type\":\"ImageObject\",\"inLanguage\":\"it-IT\",\"@id\":\"https:\/\/exceladvisor.org\/it\/#\/schema\/logo\/image\/\",\"url\":\"https:\/\/exceladvisor.org\/it\/wp-content\/uploads\/2023\/12\/exceladvisor.org_.png\",\"contentUrl\":\"https:\/\/exceladvisor.org\/it\/wp-content\/uploads\/2023\/12\/exceladvisor.org_.png\",\"width\":105,\"height\":36,\"caption\":\"Excel Advisor\"},\"image\":{\"@id\":\"https:\/\/exceladvisor.org\/it\/#\/schema\/logo\/image\/\"}}]}<\/script>\n<!-- \/ Yoast SEO plugin. -->","yoast_head_json":{"title":"\u25b7 Come aggiungere un bordo in Excel? (Tutorial 2023)","description":"In questo tutorial impareremo come applicare un bordo a una cella o a pi\u00f9 intervalli di celle. Impareremo anche","robots":{"index":"index","follow":"follow","max-snippet":"max-snippet:-1","max-image-preview":"max-image-preview:large","max-video-preview":"max-video-preview:-1"},"canonical":"https:\/\/exceladvisor.org\/it\/confine\/","og_locale":"it_IT","og_type":"article","og_title":"\u25b7 Come aggiungere un bordo in Excel? (Tutorial 2023)","og_description":"In questo tutorial impareremo come applicare un bordo a una cella o a pi\u00f9 intervalli di celle. Impareremo anche","og_url":"https:\/\/exceladvisor.org\/it\/confine\/","og_site_name":"Excel Advisor","article_modified_time":"2023-12-10T06:19:56+00:00","og_image":[{"url":"https:\/\/exceladvisor.org\/wp-content\/uploads\/2023\/08\/1-selectionner-des-cellules.png","type":"","width":"","height":""}],"twitter_card":"summary_large_image","twitter_misc":{"Tempo di lettura stimato":"4 minuti"},"schema":{"@context":"https:\/\/schema.org","@graph":[{"@type":"WebPage","@id":"https:\/\/exceladvisor.org\/it\/confine\/","url":"https:\/\/exceladvisor.org\/it\/confine\/","name":"\u25b7 Come aggiungere un bordo in Excel? (Tutorial 2023)","isPartOf":{"@id":"https:\/\/exceladvisor.org\/it\/#website"},"primaryImageOfPage":{"@id":"https:\/\/exceladvisor.org\/it\/confine\/#primaryimage"},"image":{"@id":"https:\/\/exceladvisor.org\/it\/confine\/#primaryimage"},"thumbnailUrl":"https:\/\/exceladvisor.org\/wp-content\/uploads\/2023\/08\/1-selectionner-des-cellules.png","datePublished":"2023-10-31T04:19:27+00:00","dateModified":"2023-12-10T06:19:56+00:00","description":"In questo tutorial impareremo come applicare un bordo a una cella o a pi\u00f9 intervalli di celle. Impareremo anche","breadcrumb":{"@id":"https:\/\/exceladvisor.org\/it\/confine\/#breadcrumb"},"inLanguage":"it-IT","potentialAction":[{"@type":"ReadAction","target":["https:\/\/exceladvisor.org\/it\/confine\/"]}]},{"@type":"ImageObject","inLanguage":"it-IT","@id":"https:\/\/exceladvisor.org\/it\/confine\/#primaryimage","url":"https:\/\/exceladvisor.org\/wp-content\/uploads\/2023\/08\/1-selectionner-des-cellules.png","contentUrl":"https:\/\/exceladvisor.org\/wp-content\/uploads\/2023\/08\/1-selectionner-des-cellules.png"},{"@type":"BreadcrumbList","@id":"https:\/\/exceladvisor.org\/it\/confine\/#breadcrumb","itemListElement":[{"@type":"ListItem","position":1,"name":"Home","item":"https:\/\/exceladvisor.org\/it\/"},{"@type":"ListItem","position":2,"name":"Come aggiungere un bordo in excel?"}]},{"@type":"WebSite","@id":"https:\/\/exceladvisor.org\/it\/#website","url":"https:\/\/exceladvisor.org\/it\/","name":"Excel Advisor","description":"Tips, Tricks, and Time-Saving Hacks","publisher":{"@id":"https:\/\/exceladvisor.org\/it\/#organization"},"potentialAction":[{"@type":"SearchAction","target":{"@type":"EntryPoint","urlTemplate":"https:\/\/exceladvisor.org\/it\/?s={search_term_string}"},"query-input":{"@type":"PropertyValueSpecification","valueRequired":true,"valueName":"search_term_string"}}],"inLanguage":"it-IT"},{"@type":"Organization","@id":"https:\/\/exceladvisor.org\/it\/#organization","name":"Excel Advisor","url":"https:\/\/exceladvisor.org\/it\/","logo":{"@type":"ImageObject","inLanguage":"it-IT","@id":"https:\/\/exceladvisor.org\/it\/#\/schema\/logo\/image\/","url":"https:\/\/exceladvisor.org\/it\/wp-content\/uploads\/2023\/12\/exceladvisor.org_.png","contentUrl":"https:\/\/exceladvisor.org\/it\/wp-content\/uploads\/2023\/12\/exceladvisor.org_.png","width":105,"height":36,"caption":"Excel Advisor"},"image":{"@id":"https:\/\/exceladvisor.org\/it\/#\/schema\/logo\/image\/"}}]}},"yoast_meta":{"yoast_wpseo_title":"","yoast_wpseo_metadesc":"","yoast_wpseo_canonical":""},"_links":{"self":[{"href":"https:\/\/exceladvisor.org\/it\/wp-json\/wp\/v2\/pages\/1854","targetHints":{"allow":["GET"]}}],"collection":[{"href":"https:\/\/exceladvisor.org\/it\/wp-json\/wp\/v2\/pages"}],"about":[{"href":"https:\/\/exceladvisor.org\/it\/wp-json\/wp\/v2\/types\/page"}],"author":[{"embeddable":true,"href":"https:\/\/exceladvisor.org\/it\/wp-json\/wp\/v2\/users\/1"}],"replies":[{"embeddable":true,"href":"https:\/\/exceladvisor.org\/it\/wp-json\/wp\/v2\/comments?post=1854"}],"version-history":[{"count":1,"href":"https:\/\/exceladvisor.org\/it\/wp-json\/wp\/v2\/pages\/1854\/revisions"}],"predecessor-version":[{"id":2273,"href":"https:\/\/exceladvisor.org\/it\/wp-json\/wp\/v2\/pages\/1854\/revisions\/2273"}],"wp:attachment":[{"href":"https:\/\/exceladvisor.org\/it\/wp-json\/wp\/v2\/media?parent=1854"}],"curies":[{"name":"wp","href":"https:\/\/api.w.org\/{rel}","templated":true}]}}