{"id":1856,"date":"2023-10-31T03:21:49","date_gmt":"2023-10-31T03:21:49","guid":{"rendered":"https:\/\/exceladvisor.org\/it\/larghezza-della-colonna\/"},"modified":"2023-12-10T06:24:15","modified_gmt":"2023-12-10T06:24:15","slug":"larghezza-della-colonna","status":"publish","type":"page","link":"https:\/\/exceladvisor.org\/it\/larghezza-della-colonna\/","title":{"rendered":"Come modificare la larghezza della colonna in excel?"},"content":{"rendered":"<div class=\"excel-prima-del-contenuto\" id=\"excel-2274361866\"><script type=\"text\/javascript\">\r\n\tatOptions = {\r\n\t\t'key' : 'c1158f160081d6540a8409e6925dab94',\r\n\t\t'format' : 'iframe',\r\n\t\t'height' : 250,\r\n\t\t'width' : 300,\r\n\t\t'params' : {}\r\n\t};\r\n<\/script>\r\n<script type=\"text\/javascript\" src=\"\/\/www.highperformanceformat.com\/c1158f160081d6540a8409e6925dab94\/invoke.js\"><\/script><\/div> <p>In Excel, un foglio ha diverse celle della stessa dimensione e ciascuna cella contiene 8,43 caratteri.<\/p><p> In particolare, durante la preparazione di report, la creazione di tabelle di dati o altri calcoli, \u00e8 spesso necessario modificare la larghezza di una colonna. Inoltre, espandendo le colonne, puoi facilmente ottenere visibilit\u00e0 di tutti i dati sul tuo foglio.<\/p><p> In questo tutorial impareremo diversi modi efficaci per regolare la larghezza delle colonne.<\/p><h2 class=\"wp-block-heading\"> Regola la larghezza della colonna con il mouse<\/h2><p> Regolare la larghezza della colonna facendo clic e trascinando \u00e8 molto facile da eseguire e da comprendere. Ora facciamolo passo dopo passo.<\/p><ol><li> Per modificare la larghezza di &#8220;Colonne singole o multiple&#8221;, seleziona prima quella colonna specifica nel foglio di lavoro. <br><img loading=\"lazy\" decoding=\"async\" title=\"1-colonna di selezione\" src=\"https:\/\/exceladvisor.org\/wp-content\/uploads\/2023\/08\/1-selectionner-la-colonne.png\" sizes=\"auto, \" srcset=\"\" alt=\"select-the-column\" width=\"337\" height=\"200\"><\/li><li> Successivamente, sposta il puntatore del mouse sul bordo della colonna selezionata nell&#8217;intestazione della colonna. <br><img loading=\"lazy\" decoding=\"async\" title=\"Puntatore a 2 mouse sul bordo della colonna\" src=\"https:\/\/exceladvisor.org\/wp-content\/uploads\/2023\/08\/2-pointeur-de-souris-en-bordure-de-colonne.png\" sizes=\"auto, \" srcset=\"\" alt=\"mouse-pointer-on-column-border\" width=\"331\" height=\"197\"><\/li><li> Quando assume l&#8217;aspetto di una freccia a quattro facce, tieni premuto il pulsante sinistro del mouse e trascinalo verso destra per aumentarne la larghezza. <br><img loading=\"lazy\" decoding=\"async\" title=\"3-trascinamento con il mouse\" src=\"https:\/\/exceladvisor.org\/wp-content\/uploads\/2023\/08\/3-faites-glisser-vers-avec-la-souris.png\" sizes=\"auto, \" srcset=\"\" alt=\"drag-towards-with-mouse\" width=\"343\" height=\"171\"><\/li><li> Per modificare la larghezza di &#8220;Tutte le colonne&#8221;, premi prima Ctrl + A per selezionare tutte le colonne sul foglio, quindi trascina l&#8217;intestazione di colonna per regolarla secondo necessit\u00e0. <br><img loading=\"lazy\" decoding=\"async\" title=\"4-seleziona-foglio-per-espandere-tutte-le-colonne\" src=\"https:\/\/exceladvisor.org\/wp-content\/uploads\/2023\/08\/4-selectionnez-la-feuille-pour-developper-toutes-les-colonnes.png\" sizes=\"auto, \" srcset=\"\" alt=\"select-the-sheet-to-expand-all-columns\" width=\"433\" height=\"209\"><\/li><\/ol><p class=\"mynote\"> Puoi anche visualizzare la larghezza corrente della colonna facendo clic sul bordo della colonna nell&#8217;intestazione della colonna con i relativi pixel. <\/p><div class=\"wp-block-image\"><figure class=\"aligncenter size-full is-resized\"><img loading=\"lazy\" decoding=\"async\" class=\"wp-image-77652\" src=\"https:\/\/exceladvisor.org\/wp-content\/uploads\/2023\/08\/5-largeur-actuelle-de-la-colonne.png\" sizes=\"auto, \" srcset=\"\" alt=\"larghezza-colonna-corrente\" width=\"532\" height=\"214\"><\/figure><\/div><h2 class=\"wp-block-heading\"> Imposta la larghezza della colonna su un numero specifico<\/h2><ol><li> Ancora una volta, devi prima selezionare la colonna per modificarne la larghezza in un numero specifico. <br><img loading=\"lazy\" decoding=\"async\" title=\"6-impostare-larghezza-colonna-a-numero-specifico\" src=\"https:\/\/exceladvisor.org\/wp-content\/uploads\/2023\/08\/6-definir-la-largeur-de-la-colonne-sur-un-nombre-specifique.png\" sizes=\"auto, \" srcset=\"\" alt=\"set-column-width-to-specific-number\" width=\"334\" height=\"179\"><\/li><li> Quindi, nella scheda Home, vai al gruppo Celle e ora fai clic su \u201cFormato\u201d. <br><img loading=\"lazy\" decoding=\"async\" title=\"Icona delle celle della scheda 7-home\" src=\"https:\/\/exceladvisor.org\/wp-content\/uploads\/2023\/08\/7-icone-des-cellules-de-longlet-daccueil.png\" sizes=\"auto, \" srcset=\"\" alt=\"home-tab-cells-icon\" width=\"817\" height=\"117\"><\/li><li> Successivamente, seleziona &#8220;Larghezza colonna&#8221; dall&#8217;elenco a discesa. <br><img loading=\"lazy\" decoding=\"async\" title=\"8-scegli-larghezza-colonna\" src=\"https:\/\/exceladvisor.org\/wp-content\/uploads\/2023\/08\/8-choisir-la-largeur-de-colonne.png\" sizes=\"auto, \" srcset=\"\" alt=\"choose-column-width\" width=\"185\" height=\"500\"><\/li><li> Dopo aver fatto clic, si apre la finestra di dialogo della larghezza della colonna. Ora inserisci il valore esatto della larghezza desiderato nella casella e fai clic su &#8220;OK&#8221; per applicarlo. <br><img loading=\"lazy\" decoding=\"async\" title=\"Finestra di dialogo a 9 colonne\" src=\"https:\/\/exceladvisor.org\/wp-content\/uploads\/2023\/08\/Boite-de-dialogue-a-9-largeurs-de-colonne.png\" sizes=\"auto, \" srcset=\"\" alt=\"column-width-dialog-box\" width=\"485\" height=\"213\"><\/li><\/ol><h2 class=\"wp-block-heading\"> Imposta la larghezza della colonna facendo clic con il tasto destro<\/h2><p> Puoi anche aprire la stessa finestra di dialogo &#8220;Larghezza colonna&#8221; facendo clic con il pulsante destro del mouse sulla riga selezionata. <\/p><div class=\"wp-block-image\"><figure class=\"aligncenter size-full is-resized\"><img loading=\"lazy\" decoding=\"async\" class=\"wp-image-77658\" src=\"https:\/\/exceladvisor.org\/wp-content\/uploads\/2023\/08\/10-largeur-de-colonne-par-clic-droit.png\" sizes=\"auto, \" srcset=\"\" alt=\"larghezza della colonna per clic con il pulsante destro del mouse\" width=\"311\" height=\"368\"><\/figure><\/div><p> Nella casella della larghezza della colonna \u00e8 possibile inserire il valore desiderato e quindi fare clic su OK. <\/p><div class=\"wp-block-image\"><figure class=\"aligncenter size-full is-resized\"><img loading=\"lazy\" decoding=\"async\" class=\"wp-image-77659\" src=\"https:\/\/exceladvisor.org\/wp-content\/uploads\/2023\/08\/11-boite-de-dialogue-de-largeur-de-colonne.png\" sizes=\"auto, \" srcset=\"\" alt=\"finestra di dialogo sulla larghezza delle colonne\" width=\"361\" height=\"263\"><\/figure><\/div><h2 class=\"wp-block-heading\"> Regola la larghezza della colonna tramite l&#8217;opzione di adattamento automatico<\/h2><p> Se i dati nelle colonne non sono visibili, puoi utilizzare l&#8217;opzione di adattamento automatico per regolare collettivamente la larghezza delle colonne. Ecco i passaggi da seguire:<\/p><ol><li> Per questo, devi prima selezionare colonne singole, multiple o tutte per impostare la larghezza. <br><img loading=\"lazy\" decoding=\"async\" title=\"Adattamento automatico della larghezza di 12 colonne\" src=\"https:\/\/exceladvisor.org\/wp-content\/uploads\/2023\/08\/Ajustement-automatique-de-la-largeur-de-12-colonnes.png\" sizes=\"auto, \" srcset=\"\" alt=\"column-width-autofit\" width=\"301\" height=\"190\"><\/li><li> Successivamente, vai su &#8220;Formato&#8221; nel gruppo di celle nella scheda Home. Seleziona l&#8217;opzione &#8221; <strong>Adatta automaticamente larghezza colonna<\/strong> &#8221; dall&#8217;elenco delle opzioni. <br><img loading=\"lazy\" decoding=\"async\" title=\"13-seleziona-adattamento-larghezza-colonna\" src=\"https:\/\/exceladvisor.org\/wp-content\/uploads\/2023\/08\/13-selectionner-la-largeur-de-colonne-dajustement-automatique.png\" sizes=\"auto, \" srcset=\"\" alt=\"select-autofit-column-width\" width=\"199\" height=\"289\"><\/li><li> Quindi regola automaticamente la larghezza di tutte le colonne selezionate in modo da poter vedere facilmente tutti i dati come mostrato nell&#8217;immagine seguente. <br><img loading=\"lazy\" decoding=\"async\" title=\"14 colonne regolate in larghezza\" src=\"https:\/\/exceladvisor.org\/wp-content\/uploads\/2023\/08\/14-colonnes-largeur-ajustee.png\" sizes=\"auto, \" srcset=\"\" alt=\"columns-width-adjusted\" width=\"315\" height=\"173\"><\/li><\/ol><h2 class=\"wp-block-heading\"> Impostazione della larghezza predefinita delle colonne<\/h2><p> Con Larghezza colonna predefinita, puoi modificare la larghezza di intere colonne del foglio di lavoro e anche impostare contemporaneamente la larghezza di tutti i fogli di lavoro in una cartella di lavoro.<\/p><ol><li> Seleziona il foglio di lavoro singolo o multiplo di cui desideri regolare la larghezza predefinita. Qui selezioniamo come esempio il singolo foglio di calcolo. <br><img loading=\"lazy\" decoding=\"async\" title=\"15-larghezza-colonna-predefinita\" src=\"https:\/\/exceladvisor.org\/wp-content\/uploads\/2023\/08\/15-largeur-par-defaut-des-colonnes.png\" sizes=\"auto, \" srcset=\"\" alt=\"default-width-of-the-columns\" width=\"565\" height=\"240\"><\/li><li> Ora vai su &#8220;Formato&#8221; e fai clic sull&#8217;opzione &#8220;Larghezza predefinita&#8221;. <br><img loading=\"lazy\" decoding=\"async\" title=\"16-opzione-larghezza-predefinita\" src=\"https:\/\/exceladvisor.org\/wp-content\/uploads\/2023\/08\/16-option-de-largeur-par-defaut.png\" sizes=\"auto, \" srcset=\"\" alt=\"default-width-option\" width=\"203\" height=\"242\"><\/li><li> Quindi si aprir\u00e0 la finestra di dialogo &#8220;Larghezza standard&#8221;. L\u00ec puoi vedere la larghezza corrente delle colonne vuote, ed \u00e8 20. <br><img loading=\"lazy\" decoding=\"async\" title=\"Finestra di dialogo con 17 dimensioni standard\" src=\"https:\/\/exceladvisor.org\/wp-content\/uploads\/2023\/08\/17-boite-de-dialogue-de-largeur-standard.png\" sizes=\"auto, \" srcset=\"\" alt=\"standard-width-dialog-box\" width=\"548\" height=\"217\"><\/li><li> Infine, \u00e8 necessario inserire la &#8220;Larghezza colonna standard&#8221; nella casella e fare clic su &#8220;OK&#8221; per applicarla. <br><img loading=\"lazy\" decoding=\"async\" title=\"Finestra di dialogo Larghezza standard di 18 colonne\" src=\"https:\/\/exceladvisor.org\/wp-content\/uploads\/2023\/08\/18-boite-de-dialogue-de-largeur-de-colonne-standard.png\" sizes=\"auto, \" srcset=\"\" alt=\"standard-column-width-dialog-box\" width=\"253\" height=\"120\"><\/li><\/ol><h2 class=\"wp-block-heading\"> Porta via<\/h2><ul><li> La larghezza standard predefinita si applica a tutte le celle vuote del foglio di lavoro anzich\u00e9 alle celle che contengono gi\u00e0 dati.<\/li><li> L&#8217;adattamento automatico della larghezza della colonna non si applica se la larghezza della colonna \u00e8 sufficiente per i dati della colonna.<\/li><\/ul><div class=\"gb-container gb-container-4db6181c gb-container-mt\"> <a class=\"gb-button gb-button-c5897111 gb-button-text gb-button-mt-button\" href=\"https:\/\/exceladvisor.org\/it\/nozioni-di-base-su-excel\/\">Nozioni di base su Microsoft Excel (componenti, parti e note informative)<\/a><h2 class=\"gb-headline gb-headline-665e5f6b gb-headline-text gb-headline-mt-heading\"> Tutorial correlati <\/h2><div class=\"gb-grid-wrapper gb-grid-wrapper-a20baf7c gb-grid-wrapper-mt-grid\"><div class=\"gb-grid-column gb-grid-column-65ddf67e\"><div class=\"gb-container gb-container-65ddf67e\"><ul><li> <a href=\"https:\/\/exceladvisor.org\/it\/aggiungi-rimuovi-collegamenti-ipertestuali\/\">Aggiungi e rimuovi collegamenti ipertestuali in Excel<\/a><\/li><li> <a href=\"https:\/\/exceladvisor.org\/it\/aggiungi-filigrana\/\">Aggiungi una filigrana in Excel<\/a><\/li><li> <a href=\"https:\/\/exceladvisor.org\/it\/rimuovere-le-colonne-delle-righe-nascoste\/\">Elimina le righe nascoste in Excel<\/a><\/li><li> <a href=\"https:\/\/exceladvisor.org\/it\/deselezionare-le-celle\/\">Deseleziona le celle in Excel<\/a> <\/li><\/ul><\/div><\/div><div class=\"gb-grid-column gb-grid-column-50067b57\"><div class=\"gb-container gb-container-50067b57\"><ul><li> <a href=\"https:\/\/exceladvisor.org\/it\/eliminare-le-righe\/\">Elimina una riga o pi\u00f9 righe in Excel<\/a><\/li><li> <a href=\"https:\/\/exceladvisor.org\/it\/copia-colonna\/\">Copia e incolla una colonna in Excel<\/a><\/li><li> <a href=\"https:\/\/exceladvisor.org\/it\/sposta-la-colonna-della-riga\/\">Sposta una riga e una colonna in Excel<\/a><\/li><li> <a href=\"https:\/\/exceladvisor.org\/it\/scambiare-la-cella\/\">Scambia rapidamente due celle in Excel<\/a><\/li><\/ul><\/div><\/div><\/div><\/div>","protected":false},"excerpt":{"rendered":"","protected":false},"author":1,"featured_media":0,"parent":0,"menu_order":0,"comment_status":"open","ping_status":"closed","template":"","meta":{"ub_ctt_via":"","footnotes":""},"class_list":["post-1856","page","type-page","status-publish","hentry"],"featured_image_src":null,"yoast_head":"<!-- This site is optimized with the Yoast SEO plugin v25.4 - https:\/\/yoast.com\/wordpress\/plugins\/seo\/ -->\n<title>\u25b7 Come modificare la larghezza della colonna in Excel?<\/title>\n<meta name=\"description\" content=\"In questo rapido tutorial su Excel impareremo come modificare la larghezza delle colonne in un foglio di lavoro. Noi discuteremo\" \/>\n<meta name=\"robots\" content=\"index, follow, max-snippet:-1, max-image-preview:large, max-video-preview:-1\" \/>\n<link rel=\"canonical\" href=\"https:\/\/exceladvisor.org\/it\/larghezza-della-colonna\/\" \/>\n<meta property=\"og:locale\" content=\"it_IT\" \/>\n<meta property=\"og:type\" content=\"article\" \/>\n<meta property=\"og:title\" content=\"\u25b7 Come modificare la larghezza della colonna in Excel?\" \/>\n<meta property=\"og:description\" content=\"In questo rapido tutorial su Excel impareremo come modificare la larghezza delle colonne in un foglio di lavoro. Noi discuteremo\" \/>\n<meta property=\"og:url\" content=\"https:\/\/exceladvisor.org\/it\/larghezza-della-colonna\/\" \/>\n<meta property=\"og:site_name\" content=\"Excel Advisor\" \/>\n<meta property=\"article:modified_time\" content=\"2023-12-10T06:24:15+00:00\" \/>\n<meta property=\"og:image\" content=\"https:\/\/exceladvisor.org\/wp-content\/uploads\/2023\/08\/1-selectionner-la-colonne.png\" \/>\n<meta name=\"twitter:card\" content=\"summary_large_image\" \/>\n<meta name=\"twitter:label1\" content=\"Tempo di lettura stimato\" \/>\n\t<meta name=\"twitter:data1\" content=\"3 minuti\" \/>\n<script type=\"application\/ld+json\" class=\"yoast-schema-graph\">{\"@context\":\"https:\/\/schema.org\",\"@graph\":[{\"@type\":\"WebPage\",\"@id\":\"https:\/\/exceladvisor.org\/it\/larghezza-della-colonna\/\",\"url\":\"https:\/\/exceladvisor.org\/it\/larghezza-della-colonna\/\",\"name\":\"\u25b7 Come modificare la larghezza della colonna in Excel?\",\"isPartOf\":{\"@id\":\"https:\/\/exceladvisor.org\/it\/#website\"},\"primaryImageOfPage\":{\"@id\":\"https:\/\/exceladvisor.org\/it\/larghezza-della-colonna\/#primaryimage\"},\"image\":{\"@id\":\"https:\/\/exceladvisor.org\/it\/larghezza-della-colonna\/#primaryimage\"},\"thumbnailUrl\":\"https:\/\/exceladvisor.org\/wp-content\/uploads\/2023\/08\/1-selectionner-la-colonne.png\",\"datePublished\":\"2023-10-31T03:21:49+00:00\",\"dateModified\":\"2023-12-10T06:24:15+00:00\",\"description\":\"In questo rapido tutorial su Excel impareremo come modificare la larghezza delle colonne in un foglio di lavoro. Noi discuteremo\",\"breadcrumb\":{\"@id\":\"https:\/\/exceladvisor.org\/it\/larghezza-della-colonna\/#breadcrumb\"},\"inLanguage\":\"it-IT\",\"potentialAction\":[{\"@type\":\"ReadAction\",\"target\":[\"https:\/\/exceladvisor.org\/it\/larghezza-della-colonna\/\"]}]},{\"@type\":\"ImageObject\",\"inLanguage\":\"it-IT\",\"@id\":\"https:\/\/exceladvisor.org\/it\/larghezza-della-colonna\/#primaryimage\",\"url\":\"https:\/\/exceladvisor.org\/wp-content\/uploads\/2023\/08\/1-selectionner-la-colonne.png\",\"contentUrl\":\"https:\/\/exceladvisor.org\/wp-content\/uploads\/2023\/08\/1-selectionner-la-colonne.png\"},{\"@type\":\"BreadcrumbList\",\"@id\":\"https:\/\/exceladvisor.org\/it\/larghezza-della-colonna\/#breadcrumb\",\"itemListElement\":[{\"@type\":\"ListItem\",\"position\":1,\"name\":\"Home\",\"item\":\"https:\/\/exceladvisor.org\/it\/\"},{\"@type\":\"ListItem\",\"position\":2,\"name\":\"Come modificare la larghezza della colonna in excel?\"}]},{\"@type\":\"WebSite\",\"@id\":\"https:\/\/exceladvisor.org\/it\/#website\",\"url\":\"https:\/\/exceladvisor.org\/it\/\",\"name\":\"Excel Advisor\",\"description\":\"Tips, Tricks, and Time-Saving Hacks\",\"publisher\":{\"@id\":\"https:\/\/exceladvisor.org\/it\/#organization\"},\"potentialAction\":[{\"@type\":\"SearchAction\",\"target\":{\"@type\":\"EntryPoint\",\"urlTemplate\":\"https:\/\/exceladvisor.org\/it\/?s={search_term_string}\"},\"query-input\":{\"@type\":\"PropertyValueSpecification\",\"valueRequired\":true,\"valueName\":\"search_term_string\"}}],\"inLanguage\":\"it-IT\"},{\"@type\":\"Organization\",\"@id\":\"https:\/\/exceladvisor.org\/it\/#organization\",\"name\":\"Excel Advisor\",\"url\":\"https:\/\/exceladvisor.org\/it\/\",\"logo\":{\"@type\":\"ImageObject\",\"inLanguage\":\"it-IT\",\"@id\":\"https:\/\/exceladvisor.org\/it\/#\/schema\/logo\/image\/\",\"url\":\"https:\/\/exceladvisor.org\/it\/wp-content\/uploads\/2023\/12\/exceladvisor.org_.png\",\"contentUrl\":\"https:\/\/exceladvisor.org\/it\/wp-content\/uploads\/2023\/12\/exceladvisor.org_.png\",\"width\":105,\"height\":36,\"caption\":\"Excel Advisor\"},\"image\":{\"@id\":\"https:\/\/exceladvisor.org\/it\/#\/schema\/logo\/image\/\"}}]}<\/script>\n<!-- \/ Yoast SEO plugin. -->","yoast_head_json":{"title":"\u25b7 Come modificare la larghezza della colonna in Excel?","description":"In questo rapido tutorial su Excel impareremo come modificare la larghezza delle colonne in un foglio di lavoro. Noi discuteremo","robots":{"index":"index","follow":"follow","max-snippet":"max-snippet:-1","max-image-preview":"max-image-preview:large","max-video-preview":"max-video-preview:-1"},"canonical":"https:\/\/exceladvisor.org\/it\/larghezza-della-colonna\/","og_locale":"it_IT","og_type":"article","og_title":"\u25b7 Come modificare la larghezza della colonna in Excel?","og_description":"In questo rapido tutorial su Excel impareremo come modificare la larghezza delle colonne in un foglio di lavoro. Noi discuteremo","og_url":"https:\/\/exceladvisor.org\/it\/larghezza-della-colonna\/","og_site_name":"Excel Advisor","article_modified_time":"2023-12-10T06:24:15+00:00","og_image":[{"url":"https:\/\/exceladvisor.org\/wp-content\/uploads\/2023\/08\/1-selectionner-la-colonne.png","type":"","width":"","height":""}],"twitter_card":"summary_large_image","twitter_misc":{"Tempo di lettura stimato":"3 minuti"},"schema":{"@context":"https:\/\/schema.org","@graph":[{"@type":"WebPage","@id":"https:\/\/exceladvisor.org\/it\/larghezza-della-colonna\/","url":"https:\/\/exceladvisor.org\/it\/larghezza-della-colonna\/","name":"\u25b7 Come modificare la larghezza della colonna in Excel?","isPartOf":{"@id":"https:\/\/exceladvisor.org\/it\/#website"},"primaryImageOfPage":{"@id":"https:\/\/exceladvisor.org\/it\/larghezza-della-colonna\/#primaryimage"},"image":{"@id":"https:\/\/exceladvisor.org\/it\/larghezza-della-colonna\/#primaryimage"},"thumbnailUrl":"https:\/\/exceladvisor.org\/wp-content\/uploads\/2023\/08\/1-selectionner-la-colonne.png","datePublished":"2023-10-31T03:21:49+00:00","dateModified":"2023-12-10T06:24:15+00:00","description":"In questo rapido tutorial su Excel impareremo come modificare la larghezza delle colonne in un foglio di lavoro. Noi discuteremo","breadcrumb":{"@id":"https:\/\/exceladvisor.org\/it\/larghezza-della-colonna\/#breadcrumb"},"inLanguage":"it-IT","potentialAction":[{"@type":"ReadAction","target":["https:\/\/exceladvisor.org\/it\/larghezza-della-colonna\/"]}]},{"@type":"ImageObject","inLanguage":"it-IT","@id":"https:\/\/exceladvisor.org\/it\/larghezza-della-colonna\/#primaryimage","url":"https:\/\/exceladvisor.org\/wp-content\/uploads\/2023\/08\/1-selectionner-la-colonne.png","contentUrl":"https:\/\/exceladvisor.org\/wp-content\/uploads\/2023\/08\/1-selectionner-la-colonne.png"},{"@type":"BreadcrumbList","@id":"https:\/\/exceladvisor.org\/it\/larghezza-della-colonna\/#breadcrumb","itemListElement":[{"@type":"ListItem","position":1,"name":"Home","item":"https:\/\/exceladvisor.org\/it\/"},{"@type":"ListItem","position":2,"name":"Come modificare la larghezza della colonna in excel?"}]},{"@type":"WebSite","@id":"https:\/\/exceladvisor.org\/it\/#website","url":"https:\/\/exceladvisor.org\/it\/","name":"Excel Advisor","description":"Tips, Tricks, and Time-Saving Hacks","publisher":{"@id":"https:\/\/exceladvisor.org\/it\/#organization"},"potentialAction":[{"@type":"SearchAction","target":{"@type":"EntryPoint","urlTemplate":"https:\/\/exceladvisor.org\/it\/?s={search_term_string}"},"query-input":{"@type":"PropertyValueSpecification","valueRequired":true,"valueName":"search_term_string"}}],"inLanguage":"it-IT"},{"@type":"Organization","@id":"https:\/\/exceladvisor.org\/it\/#organization","name":"Excel Advisor","url":"https:\/\/exceladvisor.org\/it\/","logo":{"@type":"ImageObject","inLanguage":"it-IT","@id":"https:\/\/exceladvisor.org\/it\/#\/schema\/logo\/image\/","url":"https:\/\/exceladvisor.org\/it\/wp-content\/uploads\/2023\/12\/exceladvisor.org_.png","contentUrl":"https:\/\/exceladvisor.org\/it\/wp-content\/uploads\/2023\/12\/exceladvisor.org_.png","width":105,"height":36,"caption":"Excel Advisor"},"image":{"@id":"https:\/\/exceladvisor.org\/it\/#\/schema\/logo\/image\/"}}]}},"yoast_meta":{"yoast_wpseo_title":"","yoast_wpseo_metadesc":"","yoast_wpseo_canonical":""},"_links":{"self":[{"href":"https:\/\/exceladvisor.org\/it\/wp-json\/wp\/v2\/pages\/1856","targetHints":{"allow":["GET"]}}],"collection":[{"href":"https:\/\/exceladvisor.org\/it\/wp-json\/wp\/v2\/pages"}],"about":[{"href":"https:\/\/exceladvisor.org\/it\/wp-json\/wp\/v2\/types\/page"}],"author":[{"embeddable":true,"href":"https:\/\/exceladvisor.org\/it\/wp-json\/wp\/v2\/users\/1"}],"replies":[{"embeddable":true,"href":"https:\/\/exceladvisor.org\/it\/wp-json\/wp\/v2\/comments?post=1856"}],"version-history":[{"count":1,"href":"https:\/\/exceladvisor.org\/it\/wp-json\/wp\/v2\/pages\/1856\/revisions"}],"predecessor-version":[{"id":2571,"href":"https:\/\/exceladvisor.org\/it\/wp-json\/wp\/v2\/pages\/1856\/revisions\/2571"}],"wp:attachment":[{"href":"https:\/\/exceladvisor.org\/it\/wp-json\/wp\/v2\/media?parent=1856"}],"curies":[{"name":"wp","href":"https:\/\/api.w.org\/{rel}","templated":true}]}}