{"id":1858,"date":"2023-10-31T02:53:41","date_gmt":"2023-10-31T02:53:41","guid":{"rendered":"https:\/\/exceladvisor.org\/it\/asta\/"},"modified":"2023-12-10T06:20:34","modified_gmt":"2023-12-10T06:20:34","slug":"asta","status":"publish","type":"page","link":"https:\/\/exceladvisor.org\/it\/asta\/","title":{"rendered":"Come applicare il barrato ovunque in excel?"},"content":{"rendered":"<div class=\"excel-prima-del-contenuto\" id=\"excel-2967370386\"><script type=\"text\/javascript\">\r\n\tatOptions = {\r\n\t\t'key' : 'c1158f160081d6540a8409e6925dab94',\r\n\t\t'format' : 'iframe',\r\n\t\t'height' : 250,\r\n\t\t'width' : 300,\r\n\t\t'params' : {}\r\n\t};\r\n<\/script>\r\n<script type=\"text\/javascript\" src=\"\/\/www.highperformanceformat.com\/c1158f160081d6540a8409e6925dab94\/invoke.js\"><\/script><\/div> <p>Qualche giorno fa ho scritto di diversi modi per aggiungere un <a style=\"outline: none;\" href=\"https:\/\/exceladvisor.org\/it\/segno-di-spunta-2\/\" data-wpil=\"url\">segno di spunta in Excel<\/a> per le attivit\u00e0 completate. Ma sono anche un&#8217;altra cosa che possiamo usare:<\/p><p> \u00c8 \u279c <strong>Barrato<\/strong><\/p><p> Ci\u00f2 significa tracciare una linea attraverso un valore in una cella. In Microsoft Word, l&#8217;opzione per barrare il testo si trova nella scheda Home della barra multifunzione. Quindi \u00e8 molto facile da applicare.<\/p><p> Quando si tratta di Excel, non abbiamo alcuna opzione diretta per applicare il carattere barrato a una cella. Sulla barra multifunzione non sono presenti pulsanti o opzioni. Ma ci\u00f2 non significa che non possiamo farlo.<\/p><p> In realt\u00e0, abbiamo pi\u00f9 di un metodo per questo. Quindi oggi, in questo articolo, vorrei condividere con voi 5 diversi metodi che potete utilizzare per applicare il barrato in Excel.<\/p><h2 id=\"tab-con-3\" class=\"wp-block-heading\"> 1. Tasto di scelta rapida per applicare la barratura a una cella<\/h2><p> Diciamo che sei di fretta e non vuoi perdere tempo, allora una scorciatoia da tastiera \u00e8 un&#8217;opzione perfetta per te. Per applicare il carattere barrato a una cella, puoi utilizzare: <\/p><div class=\"wp-block-image\"><figure class=\"aligncenter\"><img decoding=\"async\" src=\"https:\/\/exceladvisor.org\/wp-content\/uploads\/2023\/08\/raccourci-clavier-barre-windows-excel-1.png\" sizes=\"\" srcset=\"\" alt=\"scorciatoia da tastiera barrata windows excel\"><\/figure><\/div><p> E, se utilizzi Mac, puoi utilizzare il <a href=\"https:\/\/exceladvisor.org\/it\/tasti-rapidi\/\">tasto di scelta rapida<\/a> : <\/p><div class=\"wp-block-image\"><figure class=\"aligncenter\"><img decoding=\"async\" src=\"https:\/\/exceladvisor.org\/wp-content\/uploads\/2023\/08\/raccourci-clavier-barre-mac-excel-1.png\" sizes=\"\" srcset=\"\" alt=\"scorciatoia da tastiera barrata mac excel\"><\/figure><\/div><p> Ma ecco il kicker:<\/p><p> Se desideri applicarlo a una parte particolare del testo in una cella, puoi modificare la cella e selezionare solo quella parte del testo, quindi utilizzare il tasto di scelta rapida.<\/p><p> Inoltre, se desideri applicarlo a pi\u00f9 celle, seleziona l&#8217;intero intervallo o <a style=\"outline: none;\" href=\"https:\/\/exceladvisor.org\/it\/seleziona-celle-non-contigue\/\" data-wpel-link=\"internal\">seleziona l&#8217;intervallo di celle non continuo<\/a> , quindi utilizza la scorciatoia.<\/p><h2 id=\"tab-con-4\" class=\"wp-block-heading\"> 2. Aggiungi un pulsante barrato alla QAT<\/h2><p> Forse ti starai chiedendo. S\u00ec, esatto, possiamo aggiungere un pulsante su QAT per la barratura e quindi un singolo clic ogni volta. Ecco i passaggi per questa configurazione unica.<\/p><ol><li> Per prima cosa vai su File \u279c Opzioni \u279c <a href=\"https:\/\/exceladvisor.org\/it\/barra-di-accesso-rapido\/\" data-wpel-link=\"internal\">Barra di accesso rapido<\/a> . <br><img loading=\"lazy\" decoding=\"async\" title=\"barrato-excel-aperto-qat\" src=\"https:\/\/exceladvisor.org\/wp-content\/uploads\/2023\/08\/barre-excel-ouvert-qat-1.png\" sizes=\"auto, \" srcset=\"\" alt=\"\" width=\"249\" height=\"249\"><\/li><li> Successivamente, in \u201cScegli comandi da\u201d, seleziona \u201cComandi non presenti nella barra multifunzione\u201d.<\/li><li> Ora seleziona &#8220;Barrato&#8221; dall&#8217;elenco e aggiungilo al QAT. <br><img loading=\"lazy\" decoding=\"async\" title=\"cancellato-excel-aggiungi-a-qat\" src=\"https:\/\/exceladvisor.org\/wp-content\/uploads\/2023\/08\/barre-excel-ajouter-a-qat-1.png\" sizes=\"auto, \" srcset=\"\" alt=\"\" width=\"461\" height=\"470\"><\/li><li> Fare clic su OK.<\/li><\/ol><p> Ora hai un&#8217;icona QAT e puoi applicare la barratura con un clic. <\/p><div class=\"wp-block-image\"><figure class=\"aligncenter\"><img decoding=\"async\" src=\"https:\/\/exceladvisor.org\/wp-content\/uploads\/2023\/08\/barre-excel-qat-1.png\" sizes=\"\" srcset=\"\" alt=\"\"><\/figure><\/div><p> Questo pulsante funziona anche se desideri applicarlo a una parte particolare di un testo e su pi\u00f9 celle.<\/p><h2 id=\"tab-con-5\" class=\"wp-block-heading\"> 3. Applica la barratura dall&#8217;opzione di formato<\/h2><p> Come ho detto, in Excel non esiste un&#8217;opzione diretta per barrato, ma in realt\u00e0 esiste un&#8217;opzione a cui puoi accedere dalle opzioni di formato. Questo \u00e8 ci\u00f2 che devi fare.<\/p><ol><li> Seleziona tutte le celle a cui vuoi applicarlo.<\/li><li> Utilizza il tasto di scelta rapida ctrl + 1 per aprire le opzioni di formato.<\/li><li> Nella scheda Carattere, seleziona l&#8217;opzione Barrato. <br><img loading=\"lazy\" decoding=\"async\" title=\"opzione formato Excel barrata\" src=\"https:\/\/exceladvisor.org\/wp-content\/uploads\/2023\/08\/option-de-format-Excel-barre-1.png\" sizes=\"auto, \" srcset=\"\" alt=\"\" width=\"484\" height=\"424\"><\/li><li> Fare clic su OK.<\/li><\/ol><p> Funziona allo stesso modo delle altre opzioni. Puoi applicarlo a pi\u00f9 celle e testo parziale. <strong>Vuoi sapere il meglio?<\/strong> Puoi anche accedere ad altre opzioni di formattazione non trovate da nessuna parte sulla barra multifunzione tramite lo stesso.<\/p><h2 id=\"tab-con-6\" class=\"wp-block-heading\"> 4. Esegui un codice VBA per applicare la barratura<\/h2><p> I codici macro funzionano a meraviglia e, se desideri utilizzare un VBA per la barratura, ecco il codice che fa per te.<\/p><pre class=\"wp-block-code\"> <code class=\"language-visual-basic line-numbers\" lang=\"visual-basic\">Sub addstrikethrough() Dim rng As Range For Each rng In Selection rng.Font.Strikethrough = True Next rng End Sub<\/code><\/pre><p> Il codice sopra ti aiuter\u00e0 ad applicare il carattere barrato sulle celle selezionate. Puoi anche assegnarlo a una forma per creare un pulsante.<\/p><h2 id=\"tab-con-7\" class=\"wp-block-heading\"> 5. Utilizzare la formattazione condizionale per applicare il barrato<\/h2><p> <a style=\"outline: none;\" href=\"https:\/\/exceladvisor.org\/it\/formule-1\/\" data-wpel-link=\"internal\" data-wpil=\"url\">La formattazione condizionale \u00e8 uno dei modi migliori per applicare la formattazione<\/a> in modo intelligente. Guarda l&#8217;elenco di controllo qui sotto in cui ho utilizzato una <a style=\"outline: none;\" href=\"https:\/\/exceladvisor.org\/it\/casella-di-controllo\/\" data-wpel-link=\"internal\">casella di controllo<\/a> con formattazione condizionale per applicare il carattere barrato. <\/p><div class=\"wp-block-image\"><figure class=\"aligncenter\"><img decoding=\"async\" src=\"https:\/\/exceladvisor.org\/wp-content\/uploads\/2023\/08\/Inserer-une-case-a-cocher-dans-Excel-pour-creer-une-liste-de-controle-1.gif\" sizes=\"\" srcset=\"\" alt=\"\"><\/figure><\/div><p> Ogni volta che selezioni una casella, il testo nella cella corrispondente verr\u00e0 barrato. Ecco come farlo.<\/p><ol><li> Innanzitutto, inserisci una casella di controllo nel foglio di calcolo. <br><img decoding=\"async\" title=\"casella di controllo inserimento-excel barrata\" src=\"https:\/\/exceladvisor.org\/wp-content\/uploads\/2023\/08\/case-a-cocher-dinsertion-excel-barree-1.png\" sizes=\"\" srcset=\"\" alt=\"\"><\/li><li> Successivamente, crea un collegamento alla cella A1 e cambia il colore del carattere di A1 in bianco. <br><img decoding=\"async\" title=\"casella di controllo excel-link barrato\" src=\"https:\/\/exceladvisor.org\/wp-content\/uploads\/2023\/08\/case-a-cocher-lien-excel-barre-1.png\" sizes=\"\" srcset=\"\" alt=\"\"><\/li><li> Seleziona la cella B1, vai alla scheda Home \u2192 Stili \u2192 Formattazione condizionale \u2192 Nuova regola.<\/li><li> Seleziona l&#8217;opzione &#8220;Utilizza una formula per determinare quale cella formattare&#8221;.<\/li><li> Inserisci =SE(A1=VERO,VERO,FALSO)nella barra di immissione della formula.<\/li><li> Ora fai clic sull&#8217;opzione formato e controlla la barratura. <br><img decoding=\"async\" title=\"formula-excel-formattazione-condizionale barrata\" src=\"https:\/\/exceladvisor.org\/wp-content\/uploads\/2023\/08\/formule-de-mise-en-forme-conditionnelle-excel-barree.png\" sizes=\"\" srcset=\"\" alt=\"\"><\/li><li> Fare clic su OK due volte.<\/li><\/ol><p> Ora, ogni volta che selezioni la casella, il testo nella cella verr\u00e0 contrassegnato con una linea di taglio. <\/p><div class=\"wp-block-image\"><figure class=\"aligncenter\"><img decoding=\"async\" src=\"https:\/\/exceladvisor.org\/wp-content\/uploads\/2023\/08\/ajouter-Excel-barre-avec-une-case-a-cocher-1.gif\" sizes=\"\" srcset=\"\" alt=\"\"><\/figure><\/div><h2 id=\"tab-con-8\" class=\"wp-block-heading\"> [Suggerimento bonus] Applica il barrato in Excel Online<\/h2><p> Se stai utilizzando l&#8217;applicazione Web Excel, devi essere felice perch\u00e9 sulla barra multifunzione \u00e8 presente un&#8217;opzione che puoi utilizzare per applicare il carattere barrato. <\/p><div class=\"wp-block-image\"><figure class=\"aligncenter\"><img decoding=\"async\" src=\"https:\/\/exceladvisor.org\/wp-content\/uploads\/2023\/08\/barre-excel-en-ligne-1.png\" sizes=\"\" srcset=\"\" alt=\"\"><\/figure><\/div><h2 id=\"tab-con-1\" class=\"wp-block-heading\"> Rimuovi il segno barrato da una cella<\/h2><p> \u00c8 molto semplice rimuovere la barratura da una cella. Devi solo usare nuovamente il tasto di scelta rapida (Control + 5).<\/p><p class=\"qt-tip\"> <span style=\"color: #ea493f;\"><strong>Nota importante:<\/strong><\/span> se l&#8217;hai applicato tramite la formattazione condizionale, non puoi rimuoverlo con il tasto di scelta rapida a meno che non rimuovi l&#8217;intera formattazione dalla cella.<\/p><h2 id=\"tab-con-2\" class=\"wp-block-heading\"> Conclusione<\/h2><p> Puoi anche copiare e incollare la barratura da una cella all&#8217;altra utilizzando <a href=\"https:\/\/exceladvisor.org\/it\/formato-pittore\/\" data-wpel-link=\"internal\">Copia formato<\/a> . Quindi questa \u00e8 l&#8217;intera storia dell&#8217;applicazione del barrato in Excel. Hai 5+1 metodi diversi per questo e tutti sono facili da applicare. Spero che questo suggerimento ti aiuti a migliorare su Excel.<\/p><p> Ora dimmi una cosa. <span style=\"color: #ea493f;\">Esiste un altro metodo per applicare la barratura?<\/span> E qual \u00e8 il tuo metodo preferito? Condividi con me nella sezione commenti, mi piacerebbe sentire la tua opinione. E non dimenticare di condividere questo suggerimento con i tuoi amici.<\/p><p> Questo tutorial fa parte delle nostre <a href=\"https:\/\/exceladvisor.org\/it\/eccellere-nelle-competenze\/\" data-wpel-link=\"internal\">competenze di base su Excel<\/a> e, se desideri affinare le tue competenze esistenti su Excel, dai un&#8217;occhiata a questi <a style=\"outline: none;\" href=\"https:\/\/exceladvisor.org\/it\/consiglio\/\" data-wpel-link=\"internal\" data-wpil=\"url\">suggerimenti e trucchi su Excel<\/a> .<\/p><div class=\"gb-container gb-container-4db6181c gb-container-mt\"> <a class=\"gb-button gb-button-c5897111 gb-button-text gb-button-mt-button\" href=\"https:\/\/exceladvisor.org\/it\/nozioni-di-base-su-excel\/\">Nozioni di base su Microsoft Excel (componenti, parti e note informative)<\/a><h2 class=\"gb-headline gb-headline-665e5f6b gb-headline-text gb-headline-mt-heading\"> Tutorial correlati <\/h2><div class=\"gb-grid-wrapper gb-grid-wrapper-a20baf7c gb-grid-wrapper-mt-grid\"><div class=\"gb-grid-column gb-grid-column-65ddf67e\"><div class=\"gb-container gb-container-65ddf67e\"><ul><li> <a href=\"https:\/\/exceladvisor.org\/it\/formato-del-numero-contabile\/\">Applicare il formato dei numeri contabili in Excel<\/a><\/li><li> <a href=\"https:\/\/exceladvisor.org\/it\/colore-delle-cellule\/\">Applica il colore di sfondo a una cella o all&#8217;intero foglio in Excel<\/a><\/li><li> <a href=\"https:\/\/exceladvisor.org\/it\/la-griglia\/\">Stampa la griglia di Excel (elimina, accorcia e cambia colore)<\/a><\/li><li> <a href=\"https:\/\/exceladvisor.org\/it\/aggiungi-un-numero-di-pagina\/\">Aggiungi un numero di pagina in Excel<\/a><\/li><li> <a href=\"https:\/\/exceladvisor.org\/it\/simbolo-pi-greco\/\">Inserisci il simbolo PI (\u03c0) in Excel<\/a> <\/li><\/ul><\/div><\/div><div class=\"gb-grid-column gb-grid-column-50067b57\"><div class=\"gb-container gb-container-50067b57\"><\/div><\/div><\/div><\/div>","protected":false},"excerpt":{"rendered":"","protected":false},"author":1,"featured_media":0,"parent":0,"menu_order":0,"comment_status":"open","ping_status":"closed","template":"","meta":{"ub_ctt_via":"","footnotes":""},"class_list":["post-1858","page","type-page","status-publish","hentry"],"featured_image_src":null,"yoast_head":"<!-- This site is optimized with the Yoast SEO plugin v25.4 - https:\/\/yoast.com\/wordpress\/plugins\/seo\/ -->\n<title>\u25b7 Come applicare la barratura ovunque in Excel?<\/title>\n<meta name=\"description\" content=\"In Excel, non abbiamo alcuna opzione diretta per applicare il carattere barrato a una cella. Sulla barra multifunzione non sono presenti pulsanti o opzioni.\" \/>\n<meta name=\"robots\" content=\"index, follow, max-snippet:-1, max-image-preview:large, max-video-preview:-1\" \/>\n<link rel=\"canonical\" href=\"https:\/\/exceladvisor.org\/it\/asta\/\" \/>\n<meta property=\"og:locale\" content=\"it_IT\" \/>\n<meta property=\"og:type\" content=\"article\" \/>\n<meta property=\"og:title\" content=\"\u25b7 Come applicare la barratura ovunque in Excel?\" \/>\n<meta property=\"og:description\" content=\"In Excel, non abbiamo alcuna opzione diretta per applicare il carattere barrato a una cella. Sulla barra multifunzione non sono presenti pulsanti o opzioni.\" \/>\n<meta property=\"og:url\" content=\"https:\/\/exceladvisor.org\/it\/asta\/\" \/>\n<meta property=\"og:site_name\" content=\"Excel Advisor\" \/>\n<meta property=\"article:modified_time\" content=\"2023-12-10T06:20:34+00:00\" \/>\n<meta property=\"og:image\" content=\"https:\/\/exceladvisor.org\/wp-content\/uploads\/2023\/08\/raccourci-clavier-barre-windows-excel-1.png\" \/>\n<meta name=\"twitter:card\" content=\"summary_large_image\" \/>\n<meta name=\"twitter:label1\" content=\"Tempo di lettura stimato\" \/>\n\t<meta name=\"twitter:data1\" content=\"5 minuti\" \/>\n<script type=\"application\/ld+json\" class=\"yoast-schema-graph\">{\"@context\":\"https:\/\/schema.org\",\"@graph\":[{\"@type\":\"WebPage\",\"@id\":\"https:\/\/exceladvisor.org\/it\/asta\/\",\"url\":\"https:\/\/exceladvisor.org\/it\/asta\/\",\"name\":\"\u25b7 Come applicare la barratura ovunque in Excel?\",\"isPartOf\":{\"@id\":\"https:\/\/exceladvisor.org\/it\/#website\"},\"primaryImageOfPage\":{\"@id\":\"https:\/\/exceladvisor.org\/it\/asta\/#primaryimage\"},\"image\":{\"@id\":\"https:\/\/exceladvisor.org\/it\/asta\/#primaryimage\"},\"thumbnailUrl\":\"https:\/\/exceladvisor.org\/wp-content\/uploads\/2023\/08\/raccourci-clavier-barre-windows-excel-1.png\",\"datePublished\":\"2023-10-31T02:53:41+00:00\",\"dateModified\":\"2023-12-10T06:20:34+00:00\",\"description\":\"In Excel, non abbiamo alcuna opzione diretta per applicare il carattere barrato a una cella. Sulla barra multifunzione non sono presenti pulsanti o opzioni.\",\"breadcrumb\":{\"@id\":\"https:\/\/exceladvisor.org\/it\/asta\/#breadcrumb\"},\"inLanguage\":\"it-IT\",\"potentialAction\":[{\"@type\":\"ReadAction\",\"target\":[\"https:\/\/exceladvisor.org\/it\/asta\/\"]}]},{\"@type\":\"ImageObject\",\"inLanguage\":\"it-IT\",\"@id\":\"https:\/\/exceladvisor.org\/it\/asta\/#primaryimage\",\"url\":\"https:\/\/exceladvisor.org\/wp-content\/uploads\/2023\/08\/raccourci-clavier-barre-windows-excel-1.png\",\"contentUrl\":\"https:\/\/exceladvisor.org\/wp-content\/uploads\/2023\/08\/raccourci-clavier-barre-windows-excel-1.png\"},{\"@type\":\"BreadcrumbList\",\"@id\":\"https:\/\/exceladvisor.org\/it\/asta\/#breadcrumb\",\"itemListElement\":[{\"@type\":\"ListItem\",\"position\":1,\"name\":\"Home\",\"item\":\"https:\/\/exceladvisor.org\/it\/\"},{\"@type\":\"ListItem\",\"position\":2,\"name\":\"Come applicare il barrato ovunque in excel?\"}]},{\"@type\":\"WebSite\",\"@id\":\"https:\/\/exceladvisor.org\/it\/#website\",\"url\":\"https:\/\/exceladvisor.org\/it\/\",\"name\":\"Excel Advisor\",\"description\":\"Tips, Tricks, and Time-Saving Hacks\",\"publisher\":{\"@id\":\"https:\/\/exceladvisor.org\/it\/#organization\"},\"potentialAction\":[{\"@type\":\"SearchAction\",\"target\":{\"@type\":\"EntryPoint\",\"urlTemplate\":\"https:\/\/exceladvisor.org\/it\/?s={search_term_string}\"},\"query-input\":{\"@type\":\"PropertyValueSpecification\",\"valueRequired\":true,\"valueName\":\"search_term_string\"}}],\"inLanguage\":\"it-IT\"},{\"@type\":\"Organization\",\"@id\":\"https:\/\/exceladvisor.org\/it\/#organization\",\"name\":\"Excel Advisor\",\"url\":\"https:\/\/exceladvisor.org\/it\/\",\"logo\":{\"@type\":\"ImageObject\",\"inLanguage\":\"it-IT\",\"@id\":\"https:\/\/exceladvisor.org\/it\/#\/schema\/logo\/image\/\",\"url\":\"https:\/\/exceladvisor.org\/it\/wp-content\/uploads\/2023\/12\/exceladvisor.org_.png\",\"contentUrl\":\"https:\/\/exceladvisor.org\/it\/wp-content\/uploads\/2023\/12\/exceladvisor.org_.png\",\"width\":105,\"height\":36,\"caption\":\"Excel Advisor\"},\"image\":{\"@id\":\"https:\/\/exceladvisor.org\/it\/#\/schema\/logo\/image\/\"}}]}<\/script>\n<!-- \/ Yoast SEO plugin. -->","yoast_head_json":{"title":"\u25b7 Come applicare la barratura ovunque in Excel?","description":"In Excel, non abbiamo alcuna opzione diretta per applicare il carattere barrato a una cella. Sulla barra multifunzione non sono presenti pulsanti o opzioni.","robots":{"index":"index","follow":"follow","max-snippet":"max-snippet:-1","max-image-preview":"max-image-preview:large","max-video-preview":"max-video-preview:-1"},"canonical":"https:\/\/exceladvisor.org\/it\/asta\/","og_locale":"it_IT","og_type":"article","og_title":"\u25b7 Come applicare la barratura ovunque in Excel?","og_description":"In Excel, non abbiamo alcuna opzione diretta per applicare il carattere barrato a una cella. Sulla barra multifunzione non sono presenti pulsanti o opzioni.","og_url":"https:\/\/exceladvisor.org\/it\/asta\/","og_site_name":"Excel Advisor","article_modified_time":"2023-12-10T06:20:34+00:00","og_image":[{"url":"https:\/\/exceladvisor.org\/wp-content\/uploads\/2023\/08\/raccourci-clavier-barre-windows-excel-1.png","type":"","width":"","height":""}],"twitter_card":"summary_large_image","twitter_misc":{"Tempo di lettura stimato":"5 minuti"},"schema":{"@context":"https:\/\/schema.org","@graph":[{"@type":"WebPage","@id":"https:\/\/exceladvisor.org\/it\/asta\/","url":"https:\/\/exceladvisor.org\/it\/asta\/","name":"\u25b7 Come applicare la barratura ovunque in Excel?","isPartOf":{"@id":"https:\/\/exceladvisor.org\/it\/#website"},"primaryImageOfPage":{"@id":"https:\/\/exceladvisor.org\/it\/asta\/#primaryimage"},"image":{"@id":"https:\/\/exceladvisor.org\/it\/asta\/#primaryimage"},"thumbnailUrl":"https:\/\/exceladvisor.org\/wp-content\/uploads\/2023\/08\/raccourci-clavier-barre-windows-excel-1.png","datePublished":"2023-10-31T02:53:41+00:00","dateModified":"2023-12-10T06:20:34+00:00","description":"In Excel, non abbiamo alcuna opzione diretta per applicare il carattere barrato a una cella. Sulla barra multifunzione non sono presenti pulsanti o opzioni.","breadcrumb":{"@id":"https:\/\/exceladvisor.org\/it\/asta\/#breadcrumb"},"inLanguage":"it-IT","potentialAction":[{"@type":"ReadAction","target":["https:\/\/exceladvisor.org\/it\/asta\/"]}]},{"@type":"ImageObject","inLanguage":"it-IT","@id":"https:\/\/exceladvisor.org\/it\/asta\/#primaryimage","url":"https:\/\/exceladvisor.org\/wp-content\/uploads\/2023\/08\/raccourci-clavier-barre-windows-excel-1.png","contentUrl":"https:\/\/exceladvisor.org\/wp-content\/uploads\/2023\/08\/raccourci-clavier-barre-windows-excel-1.png"},{"@type":"BreadcrumbList","@id":"https:\/\/exceladvisor.org\/it\/asta\/#breadcrumb","itemListElement":[{"@type":"ListItem","position":1,"name":"Home","item":"https:\/\/exceladvisor.org\/it\/"},{"@type":"ListItem","position":2,"name":"Come applicare il barrato ovunque in excel?"}]},{"@type":"WebSite","@id":"https:\/\/exceladvisor.org\/it\/#website","url":"https:\/\/exceladvisor.org\/it\/","name":"Excel Advisor","description":"Tips, Tricks, and Time-Saving Hacks","publisher":{"@id":"https:\/\/exceladvisor.org\/it\/#organization"},"potentialAction":[{"@type":"SearchAction","target":{"@type":"EntryPoint","urlTemplate":"https:\/\/exceladvisor.org\/it\/?s={search_term_string}"},"query-input":{"@type":"PropertyValueSpecification","valueRequired":true,"valueName":"search_term_string"}}],"inLanguage":"it-IT"},{"@type":"Organization","@id":"https:\/\/exceladvisor.org\/it\/#organization","name":"Excel Advisor","url":"https:\/\/exceladvisor.org\/it\/","logo":{"@type":"ImageObject","inLanguage":"it-IT","@id":"https:\/\/exceladvisor.org\/it\/#\/schema\/logo\/image\/","url":"https:\/\/exceladvisor.org\/it\/wp-content\/uploads\/2023\/12\/exceladvisor.org_.png","contentUrl":"https:\/\/exceladvisor.org\/it\/wp-content\/uploads\/2023\/12\/exceladvisor.org_.png","width":105,"height":36,"caption":"Excel Advisor"},"image":{"@id":"https:\/\/exceladvisor.org\/it\/#\/schema\/logo\/image\/"}}]}},"yoast_meta":{"yoast_wpseo_title":"","yoast_wpseo_metadesc":"","yoast_wpseo_canonical":""},"_links":{"self":[{"href":"https:\/\/exceladvisor.org\/it\/wp-json\/wp\/v2\/pages\/1858","targetHints":{"allow":["GET"]}}],"collection":[{"href":"https:\/\/exceladvisor.org\/it\/wp-json\/wp\/v2\/pages"}],"about":[{"href":"https:\/\/exceladvisor.org\/it\/wp-json\/wp\/v2\/types\/page"}],"author":[{"embeddable":true,"href":"https:\/\/exceladvisor.org\/it\/wp-json\/wp\/v2\/users\/1"}],"replies":[{"embeddable":true,"href":"https:\/\/exceladvisor.org\/it\/wp-json\/wp\/v2\/comments?post=1858"}],"version-history":[{"count":1,"href":"https:\/\/exceladvisor.org\/it\/wp-json\/wp\/v2\/pages\/1858\/revisions"}],"predecessor-version":[{"id":2311,"href":"https:\/\/exceladvisor.org\/it\/wp-json\/wp\/v2\/pages\/1858\/revisions\/2311"}],"wp:attachment":[{"href":"https:\/\/exceladvisor.org\/it\/wp-json\/wp\/v2\/media?parent=1858"}],"curies":[{"name":"wp","href":"https:\/\/api.w.org\/{rel}","templated":true}]}}