{"id":1861,"date":"2023-10-30T19:02:43","date_gmt":"2023-10-30T19:02:43","guid":{"rendered":"https:\/\/exceladvisor.org\/it\/giochi-di-icone\/"},"modified":"2023-12-10T06:26:25","modified_gmt":"2023-12-10T06:26:25","slug":"giochi-di-icone","status":"publish","type":"page","link":"https:\/\/exceladvisor.org\/it\/giochi-di-icone\/","title":{"rendered":"Come utilizzare i set di icone in excel?"},"content":{"rendered":"<div class=\"excel-prima-del-contenuto\" id=\"excel-2344199030\"><script type=\"text\/javascript\">\r\n\tatOptions = {\r\n\t\t'key' : 'c1158f160081d6540a8409e6925dab94',\r\n\t\t'format' : 'iframe',\r\n\t\t'height' : 250,\r\n\t\t'width' : 300,\r\n\t\t'params' : {}\r\n\t};\r\n<\/script>\r\n<script type=\"text\/javascript\" src=\"\/\/www.highperformanceformat.com\/c1158f160081d6540a8409e6925dab94\/invoke.js\"><\/script><\/div> <p>Nella formattazione condizionale di Excel sono presenti set di icone che \u00e8 possibile applicare ai dati. Questi set di icone aiutano a misurare quale valore \u00e8 il pi\u00f9 basso, il pi\u00f9 alto o la media. <\/p><div class=\"wp-block-image\"><figure class=\"aligncenter size-full is-resized\"><img loading=\"lazy\" decoding=\"async\" class=\"wp-image-75179\" src=\"https:\/\/exceladvisor.org\/wp-content\/uploads\/2023\/08\/1-jeux-dicones-dans-excel.png\" sizes=\"auto, \" srcset=\"\" alt=\"set di icone in Excel\" width=\"211\" height=\"485\"><\/figure><\/div><p> Sono disponibili un totale di 20 set di icone predefiniti in quattro categorie che \u00e8 possibile applicare ai dati.<\/p><p> <a href=\"https:\/\/exceladvisor.org\/it\/tasti-rapidi\/\"><em>Scorciatoia da tastiera<\/em><\/a> <em>per aprire i set di icone: Alt<\/em> <em>\u21e2 H<\/em> <em>\u21e2 L<\/em> <em>\u21e2 I<\/em><\/p><h2 class=\"wp-block-heading\"> Applicare set di icone ai dati<\/h2><ol type=\"1\"><li> Prima di tutto, seleziona i dati e vai alla scheda Home.<\/li><li> Nella scheda Home, fare clic sul menu a discesa Formattazione condizionale.<\/li><li> Successivamente, vai all&#8217;opzione &#8220;Set di icone&#8221;.<\/li><li> Alla fine, seleziona il set di icone che desideri applicare ai dati selezionati. <\/li><\/ol><div class=\"wp-block-image\"><figure class=\"aligncenter size-full is-resized\"><img loading=\"lazy\" decoding=\"async\" class=\"wp-image-75180\" src=\"https:\/\/exceladvisor.org\/wp-content\/uploads\/2023\/08\/2-jeux-dicones-de-mise-en-forme-conditionnelle.png\" sizes=\"auto, \" srcset=\"\" alt=\"set di icone di formattazione condizionale\" width=\"578\" height=\"507\"><\/figure><\/div><h2 class=\"wp-block-heading\"> Regole personalizzate per l&#8217;applicazione di set di icone<\/h2><p> Quando applichi i set di icone ai dati, Excel crea automaticamente una regola da applicare. Decide quali valori sono il pi\u00f9 basso, il pi\u00f9 alto e il medio. Ma puoi deciderli tu stesso se vuoi. Apri i set di icone e fai clic su pi\u00f9 regole. <\/p><div class=\"wp-block-image\"><figure class=\"aligncenter size-full is-resized\"><img loading=\"lazy\" decoding=\"async\" class=\"wp-image-75181\" src=\"https:\/\/exceladvisor.org\/wp-content\/uploads\/2023\/08\/3-regles-personnalisees-pour-appliquer-des-jeux-dicones.png\" sizes=\"auto, \" srcset=\"\" alt=\"set di icone con regole personalizzate da applicare\" width=\"216\" height=\"496\"><\/figure><\/div><p> Si aprir\u00e0 la finestra di dialogo della nuova regola di formattazione (scorciatoia da tastiera per aprire i set di icone: Alt \u21e2 H \u21e2 L \u21e2 I \u21e2 M). <\/p><div class=\"wp-block-image\"><figure class=\"aligncenter size-full is-resized\"><img loading=\"lazy\" decoding=\"async\" class=\"wp-image-75182\" src=\"https:\/\/exceladvisor.org\/wp-content\/uploads\/2023\/08\/4-nouvelle-boite-de-dialogue-de-regle-de-formatage.png\" sizes=\"auto, \" srcset=\"\" alt=\"finestra di dialogo nuova regola di formattazione\" width=\"558\" height=\"511\"><\/figure><\/div><p> Per impostazione predefinita, hai il tipo di regole basate sulla percentuale. <\/p><div class=\"wp-block-image\"><figure class=\"aligncenter size-full is-resized\"><img loading=\"lazy\" decoding=\"async\" class=\"wp-image-75183\" src=\"https:\/\/exceladvisor.org\/wp-content\/uploads\/2023\/08\/5-regles-basees-sur-le-pourcentage.png\" sizes=\"auto, \" srcset=\"\" alt=\"regole basate sulla percentuale\" width=\"610\" height=\"309\"><\/figure><\/div><p> Ma esistono quattro modi diversi per applicare una regola a un set di icone. <\/p><div class=\"wp-block-image\"><figure class=\"aligncenter size-full is-resized\"><img loading=\"lazy\" decoding=\"async\" class=\"wp-image-75184\" src=\"https:\/\/exceladvisor.org\/wp-content\/uploads\/2023\/08\/6-quatre-facons-dappliquer-le-jeu-dicones.png\" sizes=\"auto, \" srcset=\"\" alt=\"set di icone con quattro modi per applicare\" width=\"349\" height=\"171\"><\/figure><\/div><h2 class=\"wp-block-heading\"> Utilizza un intervallo di numeri personalizzato per applicare i set di icone<\/h2><p> Nell&#8217;esempio seguente, abbiamo utilizzato un intervallo di numeri personalizzato: <\/p><div class=\"wp-block-image\"><figure class=\"aligncenter size-full is-resized\"><img loading=\"lazy\" decoding=\"async\" class=\"wp-image-75185\" src=\"https:\/\/exceladvisor.org\/wp-content\/uploads\/2023\/08\/7-plages-de-numeros-personnalisees.png\" sizes=\"auto, \" srcset=\"\" alt=\"intervallo di numeri personalizzato\" width=\"659\" height=\"502\"><\/figure><\/div><ol type=\"1\"><li> Icona freccia verde verso l&#8217;alto per valori maggiori e uguali a 1500.<\/li><li> Icona barra gialla per valori compresi tra 1500 e 1000.<\/li><li> Icona barra rossa per valori inferiori a 1000.<\/li><\/ol><h2 class=\"wp-block-heading\"> Applica set di icone basati su formule (il valore dipende da un&#8217;altra cella)<\/h2><p> Nell&#8217;esempio seguente abbiamo applicato set di icone basati su valori basati sulle celle C2 e C3. E nel testo abbiamo usato una formula. <\/p><div class=\"wp-block-image\"><figure class=\"aligncenter size-full is-resized\"><img loading=\"lazy\" decoding=\"async\" class=\"wp-image-75186\" src=\"https:\/\/exceladvisor.org\/wp-content\/uploads\/2023\/08\/8-appliquer-des-jeux-dicones-bases-sur-la-formule.png\" sizes=\"auto, \" srcset=\"\" alt=\"applicare set di icone basati su formule\" width=\"687\" height=\"483\"><\/figure><\/div><p> E quando modifichi un valore di entrambe le celle, anche i set di icone cambieranno sui dati. <\/p><div class=\"wp-block-image\"><figure class=\"aligncenter size-full is-resized\"><img loading=\"lazy\" decoding=\"async\" class=\"wp-image-75187\" src=\"https:\/\/exceladvisor.org\/wp-content\/uploads\/2023\/08\/9-jeux-dicones-de-changement-avec-changement-de-valeur.png\" sizes=\"auto, \" srcset=\"\" alt=\"cambia-icona-set-con-cambio-valore\" width=\"395\" height=\"342\"><\/figure><\/div><h2 class=\"wp-block-heading\"> Altre opzioni con set di icone<\/h2><ol type=\"1\"><li> <strong>Ordine inverso delle icone<\/strong> : quando si applica la formattazione delle icone, \u00e8 possibile modificare l&#8217;ordine delle icone in senso inverso. Quindi l&#8217;icona del valore pi\u00f9 alto si sposter\u00e0 sul valore pi\u00f9 basso.<\/li><li> <strong>Mostra solo icona<\/strong> : quando selezioni questa opzione, nasconder\u00e0 i valori dell&#8217;intervallo e mostrer\u00e0 solo le icone che hai.<\/li><li> <strong>Stile icona<\/strong> : puoi modificare lo stile dell&#8217;icona. Come sai, abbiamo 20 stili diversi da applicare.<\/li><li> <strong>Icone diverse per ciascun valore<\/strong> : puoi scegliere un&#8217;icona diversa per ciascun valore. Un&#8217;icona diversa per valori medi, bassi e alti. <\/li><\/ol><div class=\"wp-block-image\"><figure class=\"aligncenter size-full is-resized\"><img loading=\"lazy\" decoding=\"async\" class=\"wp-image-75188\" src=\"https:\/\/exceladvisor.org\/wp-content\/uploads\/2023\/08\/10-autres-options-avec-jeux-dicones.png\" sizes=\"auto, \" srcset=\"\" alt=\"altre-opzioni-con-set-di-icone\" width=\"597\" height=\"333\"><\/figure><\/div><h2 class=\"wp-block-heading\"> Set di icone in Excel Mac<\/h2><p> Se utilizzi Excel per Mac, beh, tutte le opzioni sono le stesse, proprio come Windows. I passaggi precedenti ti aiuteranno anche ad applicare i set di icone. <\/p><div class=\"wp-block-image\"><figure class=\"aligncenter size-full is-resized\"><img loading=\"lazy\" decoding=\"async\" class=\"wp-image-75189\" src=\"https:\/\/exceladvisor.org\/wp-content\/uploads\/2023\/08\/11-jeux-dicones-sur-mac.png\" sizes=\"auto, \" srcset=\"\" alt=\"set di icone in mac\" width=\"439\" height=\"502\"><\/figure><\/div><div class=\"gb-container gb-container-4db6181c gb-container-mt\"> <a class=\"gb-button gb-button-c5897111 gb-button-text gb-button-mt-button\" href=\"https:\/\/exceladvisor.org\/it\/eccellere-in-anticipo\/\">Esercitazioni avanzate su Excel<\/a><h2 class=\"gb-headline gb-headline-665e5f6b gb-headline-text gb-headline-mt-heading\"> Tutorial correlati <\/h2><div class=\"gb-grid-wrapper gb-grid-wrapper-a20baf7c gb-grid-wrapper-mt-grid\"><div class=\"gb-grid-column gb-grid-column-65ddf67e\"><div class=\"gb-container gb-container-65ddf67e\"><ul><li> <a href=\"https:\/\/exceladvisor.org\/it\/formule-1\/\" data-wpil=\"url\">Formule nella formattazione condizionale<\/a><\/li><li> <a href=\"https:\/\/exceladvisor.org\/it\/formato-automatico\/\">Opzione di formattazione automatica in Excel<\/a><\/li><li> <a href=\"https:\/\/exceladvisor.org\/it\/evidenziare-le-linee-alternate\/\">Evidenzia le righe alternative in Excel con il campione di colore<\/a> <\/li><\/ul><\/div><\/div><div class=\"gb-grid-column gb-grid-column-50067b57\"><div class=\"gb-container gb-container-50067b57\"><\/div><\/div><\/div><\/div>","protected":false},"excerpt":{"rendered":"","protected":false},"author":1,"featured_media":0,"parent":0,"menu_order":0,"comment_status":"open","ping_status":"closed","template":"","meta":{"ub_ctt_via":"","footnotes":""},"class_list":["post-1861","page","type-page","status-publish","hentry"],"featured_image_src":null,"yoast_head":"<!-- This site is optimized with the Yoast SEO plugin v25.4 - https:\/\/yoast.com\/wordpress\/plugins\/seo\/ -->\n<title>Come utilizzare i set di icone in Excel? (Guida 2023)<\/title>\n<meta name=\"description\" content=\"In Excel, quando utilizzi la formattazione condizionale, puoi utilizzare le icone sui dati per presentarli\" \/>\n<meta name=\"robots\" content=\"index, follow, max-snippet:-1, max-image-preview:large, max-video-preview:-1\" \/>\n<link rel=\"canonical\" href=\"https:\/\/exceladvisor.org\/it\/giochi-di-icone\/\" \/>\n<meta property=\"og:locale\" content=\"it_IT\" \/>\n<meta property=\"og:type\" content=\"article\" \/>\n<meta property=\"og:title\" content=\"Come utilizzare i set di icone in Excel? (Guida 2023)\" \/>\n<meta property=\"og:description\" content=\"In Excel, quando utilizzi la formattazione condizionale, puoi utilizzare le icone sui dati per presentarli\" \/>\n<meta property=\"og:url\" content=\"https:\/\/exceladvisor.org\/it\/giochi-di-icone\/\" \/>\n<meta property=\"og:site_name\" content=\"Excel Advisor\" \/>\n<meta property=\"article:modified_time\" content=\"2023-12-10T06:26:25+00:00\" \/>\n<meta property=\"og:image\" content=\"https:\/\/exceladvisor.org\/wp-content\/uploads\/2023\/08\/1-jeux-dicones-dans-excel.png\" \/>\n<meta name=\"twitter:card\" content=\"summary_large_image\" \/>\n<meta name=\"twitter:label1\" content=\"Tempo di lettura stimato\" \/>\n\t<meta name=\"twitter:data1\" content=\"2 minuti\" \/>\n<script type=\"application\/ld+json\" class=\"yoast-schema-graph\">{\"@context\":\"https:\/\/schema.org\",\"@graph\":[{\"@type\":\"WebPage\",\"@id\":\"https:\/\/exceladvisor.org\/it\/giochi-di-icone\/\",\"url\":\"https:\/\/exceladvisor.org\/it\/giochi-di-icone\/\",\"name\":\"Come utilizzare i set di icone in Excel? (Guida 2023)\",\"isPartOf\":{\"@id\":\"https:\/\/exceladvisor.org\/it\/#website\"},\"primaryImageOfPage\":{\"@id\":\"https:\/\/exceladvisor.org\/it\/giochi-di-icone\/#primaryimage\"},\"image\":{\"@id\":\"https:\/\/exceladvisor.org\/it\/giochi-di-icone\/#primaryimage\"},\"thumbnailUrl\":\"https:\/\/exceladvisor.org\/wp-content\/uploads\/2023\/08\/1-jeux-dicones-dans-excel.png\",\"datePublished\":\"2023-10-30T19:02:43+00:00\",\"dateModified\":\"2023-12-10T06:26:25+00:00\",\"description\":\"In Excel, quando utilizzi la formattazione condizionale, puoi utilizzare le icone sui dati per presentarli\",\"breadcrumb\":{\"@id\":\"https:\/\/exceladvisor.org\/it\/giochi-di-icone\/#breadcrumb\"},\"inLanguage\":\"it-IT\",\"potentialAction\":[{\"@type\":\"ReadAction\",\"target\":[\"https:\/\/exceladvisor.org\/it\/giochi-di-icone\/\"]}]},{\"@type\":\"ImageObject\",\"inLanguage\":\"it-IT\",\"@id\":\"https:\/\/exceladvisor.org\/it\/giochi-di-icone\/#primaryimage\",\"url\":\"https:\/\/exceladvisor.org\/wp-content\/uploads\/2023\/08\/1-jeux-dicones-dans-excel.png\",\"contentUrl\":\"https:\/\/exceladvisor.org\/wp-content\/uploads\/2023\/08\/1-jeux-dicones-dans-excel.png\"},{\"@type\":\"BreadcrumbList\",\"@id\":\"https:\/\/exceladvisor.org\/it\/giochi-di-icone\/#breadcrumb\",\"itemListElement\":[{\"@type\":\"ListItem\",\"position\":1,\"name\":\"Home\",\"item\":\"https:\/\/exceladvisor.org\/it\/\"},{\"@type\":\"ListItem\",\"position\":2,\"name\":\"Come utilizzare i set di icone in excel?\"}]},{\"@type\":\"WebSite\",\"@id\":\"https:\/\/exceladvisor.org\/it\/#website\",\"url\":\"https:\/\/exceladvisor.org\/it\/\",\"name\":\"Excel Advisor\",\"description\":\"Tips, Tricks, and Time-Saving Hacks\",\"publisher\":{\"@id\":\"https:\/\/exceladvisor.org\/it\/#organization\"},\"potentialAction\":[{\"@type\":\"SearchAction\",\"target\":{\"@type\":\"EntryPoint\",\"urlTemplate\":\"https:\/\/exceladvisor.org\/it\/?s={search_term_string}\"},\"query-input\":{\"@type\":\"PropertyValueSpecification\",\"valueRequired\":true,\"valueName\":\"search_term_string\"}}],\"inLanguage\":\"it-IT\"},{\"@type\":\"Organization\",\"@id\":\"https:\/\/exceladvisor.org\/it\/#organization\",\"name\":\"Excel Advisor\",\"url\":\"https:\/\/exceladvisor.org\/it\/\",\"logo\":{\"@type\":\"ImageObject\",\"inLanguage\":\"it-IT\",\"@id\":\"https:\/\/exceladvisor.org\/it\/#\/schema\/logo\/image\/\",\"url\":\"https:\/\/exceladvisor.org\/it\/wp-content\/uploads\/2023\/12\/exceladvisor.org_.png\",\"contentUrl\":\"https:\/\/exceladvisor.org\/it\/wp-content\/uploads\/2023\/12\/exceladvisor.org_.png\",\"width\":105,\"height\":36,\"caption\":\"Excel Advisor\"},\"image\":{\"@id\":\"https:\/\/exceladvisor.org\/it\/#\/schema\/logo\/image\/\"}}]}<\/script>\n<!-- \/ Yoast SEO plugin. -->","yoast_head_json":{"title":"Come utilizzare i set di icone in Excel? (Guida 2023)","description":"In Excel, quando utilizzi la formattazione condizionale, puoi utilizzare le icone sui dati per presentarli","robots":{"index":"index","follow":"follow","max-snippet":"max-snippet:-1","max-image-preview":"max-image-preview:large","max-video-preview":"max-video-preview:-1"},"canonical":"https:\/\/exceladvisor.org\/it\/giochi-di-icone\/","og_locale":"it_IT","og_type":"article","og_title":"Come utilizzare i set di icone in Excel? (Guida 2023)","og_description":"In Excel, quando utilizzi la formattazione condizionale, puoi utilizzare le icone sui dati per presentarli","og_url":"https:\/\/exceladvisor.org\/it\/giochi-di-icone\/","og_site_name":"Excel Advisor","article_modified_time":"2023-12-10T06:26:25+00:00","og_image":[{"url":"https:\/\/exceladvisor.org\/wp-content\/uploads\/2023\/08\/1-jeux-dicones-dans-excel.png","type":"","width":"","height":""}],"twitter_card":"summary_large_image","twitter_misc":{"Tempo di lettura stimato":"2 minuti"},"schema":{"@context":"https:\/\/schema.org","@graph":[{"@type":"WebPage","@id":"https:\/\/exceladvisor.org\/it\/giochi-di-icone\/","url":"https:\/\/exceladvisor.org\/it\/giochi-di-icone\/","name":"Come utilizzare i set di icone in Excel? (Guida 2023)","isPartOf":{"@id":"https:\/\/exceladvisor.org\/it\/#website"},"primaryImageOfPage":{"@id":"https:\/\/exceladvisor.org\/it\/giochi-di-icone\/#primaryimage"},"image":{"@id":"https:\/\/exceladvisor.org\/it\/giochi-di-icone\/#primaryimage"},"thumbnailUrl":"https:\/\/exceladvisor.org\/wp-content\/uploads\/2023\/08\/1-jeux-dicones-dans-excel.png","datePublished":"2023-10-30T19:02:43+00:00","dateModified":"2023-12-10T06:26:25+00:00","description":"In Excel, quando utilizzi la formattazione condizionale, puoi utilizzare le icone sui dati per presentarli","breadcrumb":{"@id":"https:\/\/exceladvisor.org\/it\/giochi-di-icone\/#breadcrumb"},"inLanguage":"it-IT","potentialAction":[{"@type":"ReadAction","target":["https:\/\/exceladvisor.org\/it\/giochi-di-icone\/"]}]},{"@type":"ImageObject","inLanguage":"it-IT","@id":"https:\/\/exceladvisor.org\/it\/giochi-di-icone\/#primaryimage","url":"https:\/\/exceladvisor.org\/wp-content\/uploads\/2023\/08\/1-jeux-dicones-dans-excel.png","contentUrl":"https:\/\/exceladvisor.org\/wp-content\/uploads\/2023\/08\/1-jeux-dicones-dans-excel.png"},{"@type":"BreadcrumbList","@id":"https:\/\/exceladvisor.org\/it\/giochi-di-icone\/#breadcrumb","itemListElement":[{"@type":"ListItem","position":1,"name":"Home","item":"https:\/\/exceladvisor.org\/it\/"},{"@type":"ListItem","position":2,"name":"Come utilizzare i set di icone in excel?"}]},{"@type":"WebSite","@id":"https:\/\/exceladvisor.org\/it\/#website","url":"https:\/\/exceladvisor.org\/it\/","name":"Excel Advisor","description":"Tips, Tricks, and Time-Saving Hacks","publisher":{"@id":"https:\/\/exceladvisor.org\/it\/#organization"},"potentialAction":[{"@type":"SearchAction","target":{"@type":"EntryPoint","urlTemplate":"https:\/\/exceladvisor.org\/it\/?s={search_term_string}"},"query-input":{"@type":"PropertyValueSpecification","valueRequired":true,"valueName":"search_term_string"}}],"inLanguage":"it-IT"},{"@type":"Organization","@id":"https:\/\/exceladvisor.org\/it\/#organization","name":"Excel Advisor","url":"https:\/\/exceladvisor.org\/it\/","logo":{"@type":"ImageObject","inLanguage":"it-IT","@id":"https:\/\/exceladvisor.org\/it\/#\/schema\/logo\/image\/","url":"https:\/\/exceladvisor.org\/it\/wp-content\/uploads\/2023\/12\/exceladvisor.org_.png","contentUrl":"https:\/\/exceladvisor.org\/it\/wp-content\/uploads\/2023\/12\/exceladvisor.org_.png","width":105,"height":36,"caption":"Excel Advisor"},"image":{"@id":"https:\/\/exceladvisor.org\/it\/#\/schema\/logo\/image\/"}}]}},"yoast_meta":{"yoast_wpseo_title":"","yoast_wpseo_metadesc":"","yoast_wpseo_canonical":""},"_links":{"self":[{"href":"https:\/\/exceladvisor.org\/it\/wp-json\/wp\/v2\/pages\/1861","targetHints":{"allow":["GET"]}}],"collection":[{"href":"https:\/\/exceladvisor.org\/it\/wp-json\/wp\/v2\/pages"}],"about":[{"href":"https:\/\/exceladvisor.org\/it\/wp-json\/wp\/v2\/types\/page"}],"author":[{"embeddable":true,"href":"https:\/\/exceladvisor.org\/it\/wp-json\/wp\/v2\/users\/1"}],"replies":[{"embeddable":true,"href":"https:\/\/exceladvisor.org\/it\/wp-json\/wp\/v2\/comments?post=1861"}],"version-history":[{"count":1,"href":"https:\/\/exceladvisor.org\/it\/wp-json\/wp\/v2\/pages\/1861\/revisions"}],"predecessor-version":[{"id":2791,"href":"https:\/\/exceladvisor.org\/it\/wp-json\/wp\/v2\/pages\/1861\/revisions\/2791"}],"wp:attachment":[{"href":"https:\/\/exceladvisor.org\/it\/wp-json\/wp\/v2\/media?parent=1861"}],"curies":[{"name":"wp","href":"https:\/\/api.w.org\/{rel}","templated":true}]}}