{"id":1864,"date":"2023-10-30T17:07:44","date_gmt":"2023-10-30T17:07:44","guid":{"rendered":"https:\/\/exceladvisor.org\/it\/copia\/"},"modified":"2023-12-10T06:22:39","modified_gmt":"2023-12-10T06:22:39","slug":"copia","status":"publish","type":"page","link":"https:\/\/exceladvisor.org\/it\/copia\/","title":{"rendered":"Come copiare la formattazione condizionale in excel?"},"content":{"rendered":"<div class=\"excel-prima-del-contenuto\" id=\"excel-2254620597\"><script type=\"text\/javascript\">\r\n\tatOptions = {\r\n\t\t'key' : 'c1158f160081d6540a8409e6925dab94',\r\n\t\t'format' : 'iframe',\r\n\t\t'height' : 250,\r\n\t\t'width' : 300,\r\n\t\t'params' : {}\r\n\t};\r\n<\/script>\r\n<script type=\"text\/javascript\" src=\"\/\/www.highperformanceformat.com\/c1158f160081d6540a8409e6925dab94\/invoke.js\"><\/script><\/div> <p>In Excel, il modo pi\u00f9 semplice \u00e8 utilizzare Copia formato quando si copia e incolla la stessa formattazione condizionale in un&#8217;altra cella o intervallo di celle.<\/p><p> Ma a parte questo, ci sono altri due modi che puoi utilizzare e in questo tutorial esamineremo tutti questi metodi per saperne di pi\u00f9. <\/p><div class=\"wp-block-image\"><figure class=\"aligncenter size-full is-resized\"><img loading=\"lazy\" decoding=\"async\" class=\"wp-image-90510\" src=\"https:\/\/exceladvisor.org\/wp-content\/uploads\/2023\/08\/1-copie-mise-en-forme-conditionnelle.png\" sizes=\"auto, \" srcset=\"\" alt=\"formattazione condizionale sulla copia\" width=\"428\" height=\"319\"><\/figure><\/div><p> Nell&#8217;esempio sopra, abbiamo applicato le barre dei dati alla colonna della quantit\u00e0 e ora dobbiamo copiarle da l\u00ec e incollarle nella colonna dell&#8217;importo.<\/p><h2 class=\"wp-block-heading\"> Copia la formattazione condizionale con Copia formato<\/h2><ol><li> Innanzitutto, seleziona l&#8217;intervallo da cui desideri copiare la formattazione condizionale. <br><img loading=\"lazy\" decoding=\"async\" title=\"2-seleziona-intervallo\" src=\"https:\/\/exceladvisor.org\/wp-content\/uploads\/2023\/08\/2-selectionner-la-gamme-2.png\" sizes=\"auto, \" srcset=\"\" alt=\"2-select-the-range\" width=\"428\" height=\"344\"><\/li><li> Successivamente, vai alla scheda Home e fai clic sull&#8217;icona Copia formato. <br><img loading=\"lazy\" decoding=\"async\" title=\"3 clic sull'icona del pittore del formato\" src=\"https:\/\/exceladvisor.org\/wp-content\/uploads\/2023\/08\/3-cliquez-sur-licone-du-peintre-de-format.png\" sizes=\"auto, \" srcset=\"\" alt=\"3-click-on-format-painter-icon\" width=\"466\" height=\"297\"><\/li><li> Il cursore si trasformer\u00e0 in un pennello dopo aver fatto clic sul pulsante Copia formato. <br><img loading=\"lazy\" decoding=\"async\" title=\"4-cursore cambiato in pennello\" src=\"https:\/\/exceladvisor.org\/wp-content\/uploads\/2023\/08\/4-curseur-change-en-pinceau.png\" sizes=\"auto, \" srcset=\"\" alt=\"4-cursor-changed-to-paint-brush\" width=\"508\" height=\"273\"><\/li><li> Ora seleziona l&#8217;intervallo in cui desideri incollare la formattazione condizionale. <br><img loading=\"lazy\" decoding=\"async\" title=\"Formattazione condizionale a 5 intervalli di selezione da incollare\" src=\"https:\/\/exceladvisor.org\/wp-content\/uploads\/2023\/08\/5-selectionnez-la-plage-pour-coller-la-mise-en-forme-conditionnelle.png\" sizes=\"auto, \" srcset=\"\" alt=\"5-select-range-to-paste-conditional-formatting\" width=\"416\" height=\"312\"><\/li><\/ol><p> S\u00ec \u00e8 quello.<\/p><p class=\"qt-tip\"> <strong>Nota:<\/strong> se desideri incollare la formattazione condizionale in pi\u00f9 sezioni, puoi fare doppio clic su Copia formato e quindi selezionare pi\u00f9 intervalli per applicare la formattazione condizionale copiata.<\/p><h2 class=\"wp-block-heading\"> Copia formati (incolla speciale) per copiare la formattazione condizionale<\/h2><p> Con l&#8217;opzione Incolla speciale, puoi copiare e incollare solo formati da un posto all&#8217;altro. Dopo aver selezionato l&#8217;intervallo da cui copiare la formattazione condizionale, utilizzare l&#8217;opzione di copia o la scorciatoia da tastiera Ctrl + C per copiare. <\/p><div class=\"wp-block-image\"><figure class=\"aligncenter size-full is-resized\"><img loading=\"lazy\" decoding=\"async\" class=\"wp-image-90515\" src=\"https:\/\/exceladvisor.org\/wp-content\/uploads\/2023\/08\/6-formats-de-copie.png\" sizes=\"auto, \" srcset=\"\" alt=\"formati di copia\" width=\"546\" height=\"315\"><\/figure><\/div><p> Successivamente, seleziona l&#8217;intervallo in cui desideri incollare la formattazione condizionale. Successivamente, apri l&#8217;opzione Incolla speciale (clic destro&gt; Incolla speciale) e fai clic sui formati. <\/p><div class=\"wp-block-image\"><figure class=\"aligncenter size-full is-resized\"><img loading=\"lazy\" decoding=\"async\" class=\"wp-image-90516\" src=\"https:\/\/exceladvisor.org\/wp-content\/uploads\/2023\/08\/7-ouvrir-loption-de-pate-speciale.png\" sizes=\"auto, \" srcset=\"\" alt=\"aprire l'opzione incolla speciale\" width=\"638\" height=\"333\"><\/figure><\/div><p> Alla fine, fare clic su OK. E nel momento in cui fai clic su OK, applica la formattazione condizionale (che hai copiato) all&#8217;intervallo selezionato. <\/p><div class=\"wp-block-image\"><figure class=\"aligncenter size-full is-resized\"><img loading=\"lazy\" decoding=\"async\" class=\"wp-image-90517\" src=\"https:\/\/exceladvisor.org\/wp-content\/uploads\/2023\/08\/8-mises-en-forme-conditionnelles-appliquees-a-la-plage-selectionnee.png\" sizes=\"auto, \" srcset=\"\" alt=\"formattazione condizionale applicata all'intervallo selezionato\" width=\"494\" height=\"174\"><\/figure><\/div><h2 class=\"wp-block-heading\"> Crea una regola di formattazione condizionale duplicata.<\/h2><p> Se vai su Formattazione condizionale &gt; Gestisci regole, puoi visualizzare un elenco di tutta la formattazione condizionale presente nella cartella di lavoro.<\/p><p> Una volta aperto, seleziona &#8220;Questa cartella di lavoro&#8221; dall&#8217;elenco a discesa &#8220;Mostra regole di formattazione per&#8221;. <\/p><div class=\"wp-block-image\"><figure class=\"aligncenter size-full is-resized\"><img loading=\"lazy\" decoding=\"async\" class=\"wp-image-90518\" src=\"https:\/\/exceladvisor.org\/wp-content\/uploads\/2023\/08\/9-choisissez-ce-classeur-dans-afficher-les-regles-de-mise-en-forme-pour.png\" sizes=\"auto, \" srcset=\"\" alt=\"scegli-questa-cartella-di-lavoro-in-mostra-regole-di-formattazione-per\" width=\"543\" height=\"227\"><\/figure><\/div><p> Ti mostrer\u00e0 tutte le regole nella cartella di lavoro per la formattazione condizionale. E poi devi selezionare la formattazione che puoi copiare e fare clic su Duplica. <\/p><div class=\"wp-block-image\"><figure class=\"aligncenter size-full is-resized\"><img loading=\"lazy\" decoding=\"async\" class=\"wp-image-90519\" src=\"https:\/\/exceladvisor.org\/wp-content\/uploads\/2023\/08\/10-clic-sur-dupliquer.png\" sizes=\"auto, \" srcset=\"\" alt=\"clicca su duplica\" width=\"644\" height=\"248\"><\/figure><\/div><p> Dopo averlo fatto, modifica l&#8217;indirizzo dell&#8217;intervallo in &#8220;Si applica a&#8221;. <\/p><div class=\"wp-block-image\"><figure class=\"aligncenter size-full is-resized\"><img loading=\"lazy\" decoding=\"async\" class=\"wp-image-90521\" src=\"https:\/\/exceladvisor.org\/wp-content\/uploads\/2023\/08\/11-changer-ladresse-de-sapplique-a.png\" sizes=\"auto, \" srcset=\"\" alt=\"cambia-indirizzo-da-applica-a\" width=\"782\" height=\"209\"><\/figure><\/div><p> Ho modificato l&#8217;indirizzo dell&#8217;intervallo da B2:B13 a C2:C13 per applicare la stessa formattazione condizionale a C2:C13. E alla fine fai clic su OK.<\/p><h2 class=\"wp-block-heading\"> Un problema che potresti dover affrontare<\/h2><p> Copiare la formattazione condizionale \u00e8 un compito facile. Potrebbero tuttavia verificarsi alcuni problemi quando si utilizzano formule personalizzate per definire una regola di formattazione condizionale.<\/p><p> Lasciate che vi faccia un esempio. Nell&#8217;esempio seguente abbiamo la formattazione condizionale utilizzando una funzione personalizzata. Nella formattazione, se la cella A1 ha un valore, la cella B1 avr\u00e0 un <a href=\"https:\/\/exceladvisor.org\/it\/colore-delle-cellule\/\">colore di cella<\/a> verde. <\/p><div class=\"wp-block-image\"><figure class=\"aligncenter size-full is-resized\"><img loading=\"lazy\" decoding=\"async\" class=\"wp-image-90522\" src=\"https:\/\/exceladvisor.org\/wp-content\/uploads\/2023\/08\/12-mise-en-forme-conditionnelle-a-laide-dune-fonction-personnalisee.png\" sizes=\"auto, \" srcset=\"\" alt=\"formattazione condizionale utilizzando una funzione personalizzata\" width=\"486\" height=\"207\"><\/figure><\/div><p> Ecco la regola che abbiamo applicato (scheda Home &gt; Formattazione condizionale &gt; Gestisci regole &gt; Modifica regola) <\/p><div class=\"wp-block-image\"><figure class=\"aligncenter size-full is-resized\"><img loading=\"lazy\" decoding=\"async\" class=\"wp-image-90523\" src=\"https:\/\/exceladvisor.org\/wp-content\/uploads\/2023\/08\/13-gerer-les-regles-modifier-la-regle.png\" sizes=\"auto, \" srcset=\"\" alt=\"gestisci-regole-modifica-regola\" width=\"688\" height=\"378\"><\/figure><\/div><p> Ora se copi e incolli questa formattazione condizionale nella cella B3. Come puoi vedere, nell&#8217;esempio seguente, la cella B3 \u00e8 verde anche se la cella A3 non ha valore. <\/p><div class=\"wp-block-image\"><figure class=\"aligncenter size-full is-resized\"><img loading=\"lazy\" decoding=\"async\" class=\"wp-image-90524\" src=\"https:\/\/exceladvisor.org\/wp-content\/uploads\/2023\/08\/14-Copier-et-coller-la-mise-en-forme-conditionnelle.png\" sizes=\"auto, \" srcset=\"\" alt=\"formattazione condizionale copia-incolla\" width=\"576\" height=\"260\"><\/figure><\/div><p> Quando copi e incolli questa formattazione condizionale, Excel non modifica la cella di riferimento perch\u00e9 il riferimento \u00e8 assoluto. <\/p><div class=\"wp-block-image\"><figure class=\"aligncenter size-full is-resized\"><img loading=\"lazy\" decoding=\"async\" class=\"wp-image-90525\" src=\"https:\/\/exceladvisor.org\/wp-content\/uploads\/2023\/08\/15-la-cellule-de-reference-est-absolue.png\" sizes=\"auto, \" srcset=\"\" alt=\"la cella-di-riferimento-\u00e8-assoluta\" width=\"692\" height=\"225\"><\/figure><\/div><p> Puoi vedere sopra che la cella di riferimento in entrambe le regole \u00e8 A1. Quindi s\u00ec, questo \u00e8 il problema. Per risolvere questo problema, il modo migliore \u00e8 utilizzare Riferimento relativo che consente di copiare e incollare la formattazione condizionale in un nuovo intervallo o cella e modificare il riferimento nella formula. <\/p><div class=\"wp-block-image\"><figure class=\"aligncenter size-full is-resized\"><img loading=\"lazy\" decoding=\"async\" class=\"wp-image-90526\" src=\"https:\/\/exceladvisor.org\/wp-content\/uploads\/2023\/08\/16-cellule-de-reference-est-la-meme-dans-les-deux-regles.png\" sizes=\"auto, \" srcset=\"\" alt=\"la-cella-di-riferimento-\u00e8-la-stessa-in-entrambe-le-regole\" width=\"398\" height=\"230\"><\/figure><\/div><h2 class=\"wp-block-heading\"> Cosa succede se voglio copiare una regola di formattazione condizionale in un altro foglio di lavoro<\/h2><p> Puoi utilizzare gli stessi metodi e passaggi precedenti per copiarlo da una cella all&#8217;altra o da un intervallo di celle. Una volta copiato, puoi incollarlo in un altro foglio di calcolo.<\/p><div class=\"gb-container gb-container-6076ba72 gb-container-mt\"> <a class=\"gb-button gb-button-76e6a499 gb-button-text gb-button-mt-button\" href=\"https:\/\/exceladvisor.org\/it\/nozioni-di-base-su-excel\/\">Impara le basi di Excel<\/a><h2 class=\"gb-headline gb-headline-a9e9e206 gb-headline-text gb-headline-mt-heading\"> Ulteriori informazioni sulla <a href=\"https:\/\/exceladvisor.org\/it\/formattazione-condizionale\/\">formattazione condizionale<\/a> <\/h2><div class=\"gb-grid-wrapper gb-grid-wrapper-790317cb gb-grid-wrapper-mt-grid\"><div class=\"gb-grid-column gb-grid-column-a9845ede\"><div class=\"gb-container gb-container-a9845ede\"><ul><li> <a href=\"https:\/\/exceladvisor.org\/it\/applicare-la-formattazione-condizionale\/\">Applicare la formattazione condizionale a una tabella pivot<\/a><\/li><li> <a href=\"https:\/\/exceladvisor.org\/it\/ritirare\/\">Rimuovi la formattazione condizionale<\/a><\/li><li> <a href=\"https:\/\/exceladvisor.org\/it\/celle-vuote\/\">Applica la formattazione condizionale su celle vuote in Excel<\/a><\/li><li> <a href=\"https:\/\/exceladvisor.org\/it\/confrontare-le-colonne\/\">Confronta due colonne utilizzando la formattazione condizionale<\/a><\/li><li> <a href=\"https:\/\/exceladvisor.org\/it\/unaltra-cella\/\">Applica la formattazione condizionale in base a un&#8217;altra cella<\/a><\/li><\/ul><\/div><\/div><\/div><\/div>","protected":false},"excerpt":{"rendered":"","protected":false},"author":1,"featured_media":0,"parent":0,"menu_order":0,"comment_status":"open","ping_status":"closed","template":"","meta":{"ub_ctt_via":"","footnotes":""},"class_list":["post-1864","page","type-page","status-publish","hentry"],"featured_image_src":null,"yoast_head":"<!-- This site is optimized with the Yoast SEO plugin v25.4 - https:\/\/yoast.com\/wordpress\/plugins\/seo\/ -->\n<title>\u25b7 Come copiare la formattazione condizionale in Excel?<\/title>\n<meta name=\"description\" content=\"Questo tutorial ti aiuta a imparare come copiare la formattazione condizionale da un intervallo a un altro in Excel. Controlliamo questo...\" \/>\n<meta name=\"robots\" content=\"index, follow, max-snippet:-1, max-image-preview:large, max-video-preview:-1\" \/>\n<link rel=\"canonical\" href=\"https:\/\/exceladvisor.org\/it\/copia\/\" \/>\n<meta property=\"og:locale\" content=\"it_IT\" \/>\n<meta property=\"og:type\" content=\"article\" \/>\n<meta property=\"og:title\" content=\"\u25b7 Come copiare la formattazione condizionale in Excel?\" \/>\n<meta property=\"og:description\" content=\"Questo tutorial ti aiuta a imparare come copiare la formattazione condizionale da un intervallo a un altro in Excel. Controlliamo questo...\" \/>\n<meta property=\"og:url\" content=\"https:\/\/exceladvisor.org\/it\/copia\/\" \/>\n<meta property=\"og:site_name\" content=\"Excel Advisor\" \/>\n<meta property=\"article:modified_time\" content=\"2023-12-10T06:22:39+00:00\" \/>\n<meta property=\"og:image\" content=\"https:\/\/exceladvisor.org\/wp-content\/uploads\/2023\/08\/1-copie-mise-en-forme-conditionnelle.png\" \/>\n<meta name=\"twitter:card\" content=\"summary_large_image\" \/>\n<meta name=\"twitter:label1\" content=\"Tempo di lettura stimato\" \/>\n\t<meta name=\"twitter:data1\" content=\"3 minuti\" \/>\n<script type=\"application\/ld+json\" class=\"yoast-schema-graph\">{\"@context\":\"https:\/\/schema.org\",\"@graph\":[{\"@type\":\"WebPage\",\"@id\":\"https:\/\/exceladvisor.org\/it\/copia\/\",\"url\":\"https:\/\/exceladvisor.org\/it\/copia\/\",\"name\":\"\u25b7 Come copiare la formattazione condizionale in Excel?\",\"isPartOf\":{\"@id\":\"https:\/\/exceladvisor.org\/it\/#website\"},\"primaryImageOfPage\":{\"@id\":\"https:\/\/exceladvisor.org\/it\/copia\/#primaryimage\"},\"image\":{\"@id\":\"https:\/\/exceladvisor.org\/it\/copia\/#primaryimage\"},\"thumbnailUrl\":\"https:\/\/exceladvisor.org\/wp-content\/uploads\/2023\/08\/1-copie-mise-en-forme-conditionnelle.png\",\"datePublished\":\"2023-10-30T17:07:44+00:00\",\"dateModified\":\"2023-12-10T06:22:39+00:00\",\"description\":\"Questo tutorial ti aiuta a imparare come copiare la formattazione condizionale da un intervallo a un altro in Excel. Controlliamo questo...\",\"breadcrumb\":{\"@id\":\"https:\/\/exceladvisor.org\/it\/copia\/#breadcrumb\"},\"inLanguage\":\"it-IT\",\"potentialAction\":[{\"@type\":\"ReadAction\",\"target\":[\"https:\/\/exceladvisor.org\/it\/copia\/\"]}]},{\"@type\":\"ImageObject\",\"inLanguage\":\"it-IT\",\"@id\":\"https:\/\/exceladvisor.org\/it\/copia\/#primaryimage\",\"url\":\"https:\/\/exceladvisor.org\/wp-content\/uploads\/2023\/08\/1-copie-mise-en-forme-conditionnelle.png\",\"contentUrl\":\"https:\/\/exceladvisor.org\/wp-content\/uploads\/2023\/08\/1-copie-mise-en-forme-conditionnelle.png\"},{\"@type\":\"BreadcrumbList\",\"@id\":\"https:\/\/exceladvisor.org\/it\/copia\/#breadcrumb\",\"itemListElement\":[{\"@type\":\"ListItem\",\"position\":1,\"name\":\"Home\",\"item\":\"https:\/\/exceladvisor.org\/it\/\"},{\"@type\":\"ListItem\",\"position\":2,\"name\":\"Come copiare la formattazione condizionale in excel?\"}]},{\"@type\":\"WebSite\",\"@id\":\"https:\/\/exceladvisor.org\/it\/#website\",\"url\":\"https:\/\/exceladvisor.org\/it\/\",\"name\":\"Excel Advisor\",\"description\":\"Tips, Tricks, and Time-Saving Hacks\",\"publisher\":{\"@id\":\"https:\/\/exceladvisor.org\/it\/#organization\"},\"potentialAction\":[{\"@type\":\"SearchAction\",\"target\":{\"@type\":\"EntryPoint\",\"urlTemplate\":\"https:\/\/exceladvisor.org\/it\/?s={search_term_string}\"},\"query-input\":{\"@type\":\"PropertyValueSpecification\",\"valueRequired\":true,\"valueName\":\"search_term_string\"}}],\"inLanguage\":\"it-IT\"},{\"@type\":\"Organization\",\"@id\":\"https:\/\/exceladvisor.org\/it\/#organization\",\"name\":\"Excel Advisor\",\"url\":\"https:\/\/exceladvisor.org\/it\/\",\"logo\":{\"@type\":\"ImageObject\",\"inLanguage\":\"it-IT\",\"@id\":\"https:\/\/exceladvisor.org\/it\/#\/schema\/logo\/image\/\",\"url\":\"https:\/\/exceladvisor.org\/it\/wp-content\/uploads\/2023\/12\/exceladvisor.org_.png\",\"contentUrl\":\"https:\/\/exceladvisor.org\/it\/wp-content\/uploads\/2023\/12\/exceladvisor.org_.png\",\"width\":105,\"height\":36,\"caption\":\"Excel Advisor\"},\"image\":{\"@id\":\"https:\/\/exceladvisor.org\/it\/#\/schema\/logo\/image\/\"}}]}<\/script>\n<!-- \/ Yoast SEO plugin. -->","yoast_head_json":{"title":"\u25b7 Come copiare la formattazione condizionale in Excel?","description":"Questo tutorial ti aiuta a imparare come copiare la formattazione condizionale da un intervallo a un altro in Excel. Controlliamo questo...","robots":{"index":"index","follow":"follow","max-snippet":"max-snippet:-1","max-image-preview":"max-image-preview:large","max-video-preview":"max-video-preview:-1"},"canonical":"https:\/\/exceladvisor.org\/it\/copia\/","og_locale":"it_IT","og_type":"article","og_title":"\u25b7 Come copiare la formattazione condizionale in Excel?","og_description":"Questo tutorial ti aiuta a imparare come copiare la formattazione condizionale da un intervallo a un altro in Excel. Controlliamo questo...","og_url":"https:\/\/exceladvisor.org\/it\/copia\/","og_site_name":"Excel Advisor","article_modified_time":"2023-12-10T06:22:39+00:00","og_image":[{"url":"https:\/\/exceladvisor.org\/wp-content\/uploads\/2023\/08\/1-copie-mise-en-forme-conditionnelle.png","type":"","width":"","height":""}],"twitter_card":"summary_large_image","twitter_misc":{"Tempo di lettura stimato":"3 minuti"},"schema":{"@context":"https:\/\/schema.org","@graph":[{"@type":"WebPage","@id":"https:\/\/exceladvisor.org\/it\/copia\/","url":"https:\/\/exceladvisor.org\/it\/copia\/","name":"\u25b7 Come copiare la formattazione condizionale in Excel?","isPartOf":{"@id":"https:\/\/exceladvisor.org\/it\/#website"},"primaryImageOfPage":{"@id":"https:\/\/exceladvisor.org\/it\/copia\/#primaryimage"},"image":{"@id":"https:\/\/exceladvisor.org\/it\/copia\/#primaryimage"},"thumbnailUrl":"https:\/\/exceladvisor.org\/wp-content\/uploads\/2023\/08\/1-copie-mise-en-forme-conditionnelle.png","datePublished":"2023-10-30T17:07:44+00:00","dateModified":"2023-12-10T06:22:39+00:00","description":"Questo tutorial ti aiuta a imparare come copiare la formattazione condizionale da un intervallo a un altro in Excel. Controlliamo questo...","breadcrumb":{"@id":"https:\/\/exceladvisor.org\/it\/copia\/#breadcrumb"},"inLanguage":"it-IT","potentialAction":[{"@type":"ReadAction","target":["https:\/\/exceladvisor.org\/it\/copia\/"]}]},{"@type":"ImageObject","inLanguage":"it-IT","@id":"https:\/\/exceladvisor.org\/it\/copia\/#primaryimage","url":"https:\/\/exceladvisor.org\/wp-content\/uploads\/2023\/08\/1-copie-mise-en-forme-conditionnelle.png","contentUrl":"https:\/\/exceladvisor.org\/wp-content\/uploads\/2023\/08\/1-copie-mise-en-forme-conditionnelle.png"},{"@type":"BreadcrumbList","@id":"https:\/\/exceladvisor.org\/it\/copia\/#breadcrumb","itemListElement":[{"@type":"ListItem","position":1,"name":"Home","item":"https:\/\/exceladvisor.org\/it\/"},{"@type":"ListItem","position":2,"name":"Come copiare la formattazione condizionale in excel?"}]},{"@type":"WebSite","@id":"https:\/\/exceladvisor.org\/it\/#website","url":"https:\/\/exceladvisor.org\/it\/","name":"Excel Advisor","description":"Tips, Tricks, and Time-Saving Hacks","publisher":{"@id":"https:\/\/exceladvisor.org\/it\/#organization"},"potentialAction":[{"@type":"SearchAction","target":{"@type":"EntryPoint","urlTemplate":"https:\/\/exceladvisor.org\/it\/?s={search_term_string}"},"query-input":{"@type":"PropertyValueSpecification","valueRequired":true,"valueName":"search_term_string"}}],"inLanguage":"it-IT"},{"@type":"Organization","@id":"https:\/\/exceladvisor.org\/it\/#organization","name":"Excel Advisor","url":"https:\/\/exceladvisor.org\/it\/","logo":{"@type":"ImageObject","inLanguage":"it-IT","@id":"https:\/\/exceladvisor.org\/it\/#\/schema\/logo\/image\/","url":"https:\/\/exceladvisor.org\/it\/wp-content\/uploads\/2023\/12\/exceladvisor.org_.png","contentUrl":"https:\/\/exceladvisor.org\/it\/wp-content\/uploads\/2023\/12\/exceladvisor.org_.png","width":105,"height":36,"caption":"Excel Advisor"},"image":{"@id":"https:\/\/exceladvisor.org\/it\/#\/schema\/logo\/image\/"}}]}},"yoast_meta":{"yoast_wpseo_title":"","yoast_wpseo_metadesc":"","yoast_wpseo_canonical":""},"_links":{"self":[{"href":"https:\/\/exceladvisor.org\/it\/wp-json\/wp\/v2\/pages\/1864","targetHints":{"allow":["GET"]}}],"collection":[{"href":"https:\/\/exceladvisor.org\/it\/wp-json\/wp\/v2\/pages"}],"about":[{"href":"https:\/\/exceladvisor.org\/it\/wp-json\/wp\/v2\/types\/page"}],"author":[{"embeddable":true,"href":"https:\/\/exceladvisor.org\/it\/wp-json\/wp\/v2\/users\/1"}],"replies":[{"embeddable":true,"href":"https:\/\/exceladvisor.org\/it\/wp-json\/wp\/v2\/comments?post=1864"}],"version-history":[{"count":1,"href":"https:\/\/exceladvisor.org\/it\/wp-json\/wp\/v2\/pages\/1864\/revisions"}],"predecessor-version":[{"id":2432,"href":"https:\/\/exceladvisor.org\/it\/wp-json\/wp\/v2\/pages\/1864\/revisions\/2432"}],"wp:attachment":[{"href":"https:\/\/exceladvisor.org\/it\/wp-json\/wp\/v2\/media?parent=1864"}],"curies":[{"name":"wp","href":"https:\/\/api.w.org\/{rel}","templated":true}]}}