{"id":1866,"date":"2023-10-30T14:48:51","date_gmt":"2023-10-30T14:48:51","guid":{"rendered":"https:\/\/exceladvisor.org\/it\/concatenare-uninterruzione-di-riga\/"},"modified":"2023-12-10T06:21:51","modified_gmt":"2023-12-10T06:21:51","slug":"concatenare-uninterruzione-di-riga","status":"publish","type":"page","link":"https:\/\/exceladvisor.org\/it\/concatenare-uninterruzione-di-riga\/","title":{"rendered":"Come concatenare con un&#39;interruzione di riga in excel?"},"content":{"rendered":"<div class=\"excel-prima-del-contenuto\" id=\"excel-1576991822\"><script type=\"text\/javascript\">\r\n\tatOptions = {\r\n\t\t'key' : 'c1158f160081d6540a8409e6925dab94',\r\n\t\t'format' : 'iframe',\r\n\t\t'height' : 250,\r\n\t\t'width' : 300,\r\n\t\t'params' : {}\r\n\t};\r\n<\/script>\r\n<script type=\"text\/javascript\" src=\"\/\/www.highperformanceformat.com\/c1158f160081d6540a8409e6925dab94\/invoke.js\"><\/script><\/div> <p>In Excel quando normalmente combiniamo testo da celle diverse utilizzando CONCATENATE. Ma a volte mentre lo facciamo dobbiamo aggiungere un&#8217;interruzione di riga tra il testo che vogliamo combinare.<\/p><p> Come sai, <a style=\"outline: none;\" href=\"https:\/\/exceladvisor.org\/it\/concatenare-un-intervallo-di-celle\/\">esistono diversi metodi<\/a> per concatenare il testo, ma quando si tratta di aggiungere un&#8217;interruzione di riga, dobbiamo utilizzare una formula specifica.<\/p><p> Ecco il problema: per inserire un&#8217;interruzione di riga tra il testo, dobbiamo utilizzare la funzione CHAR.<\/p><p> E nel post di oggi ti mostrer\u00f2 esattamente 3 diverse formule che puoi utilizzare per avere un&#8217;interruzione di riga mentre combini valori di celle diverse. E la parte migliore \u00e8 che queste 3 formule sono semplici da usare.<\/p><p> In tutte queste formule, c&#8217;\u00e8 una cosa che viene comunemente usata. Questa \u00e8 la funzione CHAR. Questa funzione restituisce un carattere specifico in base al numero specificato l\u00ec.<\/p><p> E per inserire un&#8217;interruzione di riga dobbiamo menzionare 10 se stai utilizzando la versione Windows di Excel e 13 se stai utilizzando la versione MAC di Excel. Puoi saperne di pi\u00f9 su CHAR <a href=\"https:\/\/support.office.com\/en-us\/article\/char-function-bbd249c8-b36e-4a91-8017-1c133f9b837a\" target=\"_blank\" rel=\"noreferrer noopener nofollow\">da qui<\/a> e ora passiamo alle nostre formule di nuova riga.<\/p><h2 class=\"wp-block-heading\"> 1. Utilizzando una e commerciale con CHAR<\/h2><p> Questa \u00e8 in realt\u00e0 una formula semplice in cui fai riferimento a tutte le celle che desideri combinare, ma usi CHAR(10) tra questi riferimenti di cella. Guarda questa formula qui sotto: <\/p><pre class=\"wp-block-code\"> <code class=\"language-excel-formula\" lang=\"excel-formula\">=A2&amp;CHAR(10)&amp;B2&amp;CHAR(10)&amp;C2<\/code><\/pre><div class=\"wp-block-image\"><figure class=\"aligncenter\"><img decoding=\"async\" src=\"https:\/\/exceladvisor.org\/wp-content\/uploads\/2023\/08\/concatener-avec-une-formule-simple-de-saut-de-ligne-1.png\" sizes=\"\" srcset=\"\" alt=\"concatenare con una semplice formula di fine riga\"><\/figure><\/div><p class=\"qt-tip\"> <strong>Nota importante:<\/strong> una volta inserita questa formula in una cella, assicurati di applicare &#8220;Testo a capo&#8221; a quella cella.<\/p><h3 class=\"wp-block-heading\"> ecco come funziona questa formula&#8230;<\/h3><p> Infatti in questa formula abbiamo combinato un totale di cinque valori utilizzando una e commerciale (&amp;). Tre valori di cella e due funzioni CHAR per le interruzioni di riga. Prima abbiamo A2, poi un ritorno a capo, dopo B2 e un altro ritorno a capo e, alla fine, C2.<\/p><p> <strong>Tutorial correlato<\/strong> : <a href=\"https:\/\/exceladvisor.org\/it\/rimuovere-gli-spazi-aggiuntivi\/\">rimuovi spazi aggiuntivi in Excel<\/a><\/p><h2 class=\"wp-block-heading\"> 2. Utilizzo di CHAR con la funzione CONCATENA<\/h2><p> Questa formula \u00e8 quasi identica a quella usata sopra, ma qui invece di usare una e commerciale (&amp;), abbiamo semplicemente usato la funzione CONCATENA. <a href=\"https:\/\/exceladvisor.org\/it\/modifica-cella\/\">Modifica la cella<\/a> e inserisci la formula seguente. <\/p><pre class=\"wp-block-code\"> <code class=\"language-excel-formula\" lang=\"excel-formula\">=CONCATENATE(A2,CHAR(10),B2,CHAR(10),C2)<\/code><\/pre><div class=\"wp-block-image\"><figure class=\"aligncenter\"><img decoding=\"async\" src=\"https:\/\/exceladvisor.org\/wp-content\/uploads\/2023\/08\/concatener-avec-un-saut-de-ligne-en-utilisant-la-fonction-de-concatenation-1.png\" sizes=\"\" srcset=\"\" alt=\"concatenare con una nuova riga utilizzando la funzione concatenata\"><\/figure><\/div><p> Anche in questa formula, assicurati di applicare &#8220;Testo a capo&#8221; alla cella.<\/p><h3 class=\"wp-block-heading\"> ecco come funziona questa formula&#8230;<\/h3><p> In questa formula abbiamo combinato 5 cose diverse usando CONCATENATE. Valore della cella A2, interruzione di riga utilizzando CHAR, Valori della cella B2, interruzione di riga e alla fine il valore della cella C2.<\/p><h2 class=\"wp-block-heading\"> 3. Combinazione di CHAR e TEXTJOIN per ottenere interruzioni di riga nel testo<\/h2><p> TEXTJOIN \u00e8 la versione avanzata di CONCATENATE. Nella funzione puoi utilizzare un delimitatore per combinare il testo delle celle. Ed ecco la formula per ottenere un&#8217;interruzione di riga quando si concatena testo da celle diverse. <\/p><pre class=\"wp-block-code\"> <code class=\"language-excel-formula\" lang=\"excel-formula\">=TEXTJOIN(CHAR(10),TRUE,A2:C2)<\/code><\/pre><div class=\"wp-block-image\"><figure class=\"aligncenter\"><img decoding=\"async\" src=\"https:\/\/exceladvisor.org\/wp-content\/uploads\/2023\/08\/concatener-avec-une-jointure-de-saut-de-ligne-1.png\" sizes=\"\" srcset=\"\" alt=\"concatenare con un join di nuova riga\"><\/figure><\/div><h3 class=\"wp-block-heading\"> ecco come funziona questa formula&#8230;<\/h3><p> Nella formula abbiamo utilizzato CHAR come delimitatore e poi TRUE per ignorare le celle vuote. E alla fine, abbiamo selezionato l&#8217;intera gamma A2:C2 che dobbiamo combinare. Ora cosa succede, come abbiamo specificato CHAR(10), verr\u00e0 aggiunta una nuova riga dopo ogni valore di cella.<\/p><h2 class=\"wp-block-heading\"> Conclusione<\/h2><p> Quando si utilizza un&#8217;interruzione di riga in una formula, \u00e8 necessario occuparsi di due cose: utilizzare la funzione CHAR per l&#8217;interruzione di riga e applicare &#8220;A capo automatico&#8221; alla cella. Di tutte le formule di cui sopra che abbiamo imparato qui, penso che usare TEXTJOIN sia il metodo pi\u00f9 semplice e migliore.<\/p><p> Spero che tu abbia trovato utile questo suggerimento sulla formula, ma devi dirmi una cosa adesso.<\/p><p> <em><strong>Quale formula ritieni sia meglio utilizzare?<\/strong><\/em> Condividi i tuoi pensieri con me nella sezione commenti, mi piacerebbe sentire la tua opinione e assicurarmi di condividere questo suggerimento anche con i tuoi amici.<\/p><div class=\"gb-container gb-container-0df56012 gb-container-mt\"> <a class=\"gb-button gb-button-f9f432f4 gb-button-text gb-button-mt-button\" href=\"https:\/\/exceladvisor.org\/it\/formule\/\">Elenco delle formule di Excel<\/a><h2 class=\"gb-headline gb-headline-233444e8 gb-headline-text gb-headline-mt-heading\"> Formule correlate <\/h2><div class=\"gb-grid-wrapper gb-grid-wrapper-a16fa65c gb-grid-wrapper-mt-grid\"><div class=\"gb-grid-column gb-grid-column-50d07e0d\"><div class=\"gb-container gb-container-50d07e0d\"><ul><li> <a href=\"https:\/\/exceladvisor.org\/it\/nuova-riga-nella-cella\/\">Aggiungi una nuova riga a una cella in Excel (interruzione di riga)<\/a><\/li><li> <a href=\"https:\/\/exceladvisor.org\/it\/zeri-iniziali\/\">Aggiungi zeri iniziali in Excel<\/a><\/li><li> <a href=\"https:\/\/exceladvisor.org\/it\/concatenare-le-celle-con-una-virgola\/\">Concatena (combina) le celle con una virgola in Excel<\/a><\/li><li> <a href=\"https:\/\/exceladvisor.org\/it\/concatenare-un-intervallo-di-celle\/\">Concatena (combina) un intervallo di celle in Excel<\/a> <\/li><\/ul><\/div><\/div><div class=\"gb-grid-column gb-grid-column-5b4a0cf9\"><div class=\"gb-container gb-container-5b4a0cf9\"><\/div><\/div><\/div><\/div>","protected":false},"excerpt":{"rendered":"","protected":false},"author":1,"featured_media":0,"parent":0,"menu_order":0,"comment_status":"open","ping_status":"closed","template":"","meta":{"ub_ctt_via":"","footnotes":""},"class_list":["post-1866","page","type-page","status-publish","hentry"],"featured_image_src":null,"yoast_head":"<!-- This site is optimized with the Yoast SEO plugin v25.4 - https:\/\/yoast.com\/wordpress\/plugins\/seo\/ -->\n<title>\u25b7 Come concatenare con l&#039;interruzione di riga in Excel?<\/title>\n<meta name=\"description\" content=\"In questo tutorial imparerai 3 formule da concatenare con interruzioni di riga in Excel, incluse le funzioni CHAR e CONCATENATE\" \/>\n<meta name=\"robots\" content=\"index, follow, max-snippet:-1, max-image-preview:large, max-video-preview:-1\" \/>\n<link rel=\"canonical\" href=\"https:\/\/exceladvisor.org\/it\/concatenare-uninterruzione-di-riga\/\" \/>\n<meta property=\"og:locale\" content=\"it_IT\" \/>\n<meta property=\"og:type\" content=\"article\" \/>\n<meta property=\"og:title\" content=\"\u25b7 Come concatenare con l&#039;interruzione di riga in Excel?\" \/>\n<meta property=\"og:description\" content=\"In questo tutorial imparerai 3 formule da concatenare con interruzioni di riga in Excel, incluse le funzioni CHAR e CONCATENATE\" \/>\n<meta property=\"og:url\" content=\"https:\/\/exceladvisor.org\/it\/concatenare-uninterruzione-di-riga\/\" \/>\n<meta property=\"og:site_name\" content=\"Excel Advisor\" \/>\n<meta property=\"article:modified_time\" content=\"2023-12-10T06:21:51+00:00\" \/>\n<meta property=\"og:image\" content=\"https:\/\/exceladvisor.org\/wp-content\/uploads\/2023\/08\/concatener-avec-une-formule-simple-de-saut-de-ligne-1.png\" \/>\n<meta name=\"twitter:card\" content=\"summary_large_image\" \/>\n<meta name=\"twitter:label1\" content=\"Tempo di lettura stimato\" \/>\n\t<meta name=\"twitter:data1\" content=\"3 minuti\" \/>\n<script type=\"application\/ld+json\" class=\"yoast-schema-graph\">{\"@context\":\"https:\/\/schema.org\",\"@graph\":[{\"@type\":\"WebPage\",\"@id\":\"https:\/\/exceladvisor.org\/it\/concatenare-uninterruzione-di-riga\/\",\"url\":\"https:\/\/exceladvisor.org\/it\/concatenare-uninterruzione-di-riga\/\",\"name\":\"\u25b7 Come concatenare con l&#39;interruzione di riga in Excel?\",\"isPartOf\":{\"@id\":\"https:\/\/exceladvisor.org\/it\/#website\"},\"primaryImageOfPage\":{\"@id\":\"https:\/\/exceladvisor.org\/it\/concatenare-uninterruzione-di-riga\/#primaryimage\"},\"image\":{\"@id\":\"https:\/\/exceladvisor.org\/it\/concatenare-uninterruzione-di-riga\/#primaryimage\"},\"thumbnailUrl\":\"https:\/\/exceladvisor.org\/wp-content\/uploads\/2023\/08\/concatener-avec-une-formule-simple-de-saut-de-ligne-1.png\",\"datePublished\":\"2023-10-30T14:48:51+00:00\",\"dateModified\":\"2023-12-10T06:21:51+00:00\",\"description\":\"In questo tutorial imparerai 3 formule da concatenare con interruzioni di riga in Excel, incluse le funzioni CHAR e CONCATENATE\",\"breadcrumb\":{\"@id\":\"https:\/\/exceladvisor.org\/it\/concatenare-uninterruzione-di-riga\/#breadcrumb\"},\"inLanguage\":\"it-IT\",\"potentialAction\":[{\"@type\":\"ReadAction\",\"target\":[\"https:\/\/exceladvisor.org\/it\/concatenare-uninterruzione-di-riga\/\"]}]},{\"@type\":\"ImageObject\",\"inLanguage\":\"it-IT\",\"@id\":\"https:\/\/exceladvisor.org\/it\/concatenare-uninterruzione-di-riga\/#primaryimage\",\"url\":\"https:\/\/exceladvisor.org\/wp-content\/uploads\/2023\/08\/concatener-avec-une-formule-simple-de-saut-de-ligne-1.png\",\"contentUrl\":\"https:\/\/exceladvisor.org\/wp-content\/uploads\/2023\/08\/concatener-avec-une-formule-simple-de-saut-de-ligne-1.png\"},{\"@type\":\"BreadcrumbList\",\"@id\":\"https:\/\/exceladvisor.org\/it\/concatenare-uninterruzione-di-riga\/#breadcrumb\",\"itemListElement\":[{\"@type\":\"ListItem\",\"position\":1,\"name\":\"Home\",\"item\":\"https:\/\/exceladvisor.org\/it\/\"},{\"@type\":\"ListItem\",\"position\":2,\"name\":\"Come concatenare con un&#39;interruzione di riga in excel?\"}]},{\"@type\":\"WebSite\",\"@id\":\"https:\/\/exceladvisor.org\/it\/#website\",\"url\":\"https:\/\/exceladvisor.org\/it\/\",\"name\":\"Excel Advisor\",\"description\":\"Tips, Tricks, and Time-Saving Hacks\",\"publisher\":{\"@id\":\"https:\/\/exceladvisor.org\/it\/#organization\"},\"potentialAction\":[{\"@type\":\"SearchAction\",\"target\":{\"@type\":\"EntryPoint\",\"urlTemplate\":\"https:\/\/exceladvisor.org\/it\/?s={search_term_string}\"},\"query-input\":{\"@type\":\"PropertyValueSpecification\",\"valueRequired\":true,\"valueName\":\"search_term_string\"}}],\"inLanguage\":\"it-IT\"},{\"@type\":\"Organization\",\"@id\":\"https:\/\/exceladvisor.org\/it\/#organization\",\"name\":\"Excel Advisor\",\"url\":\"https:\/\/exceladvisor.org\/it\/\",\"logo\":{\"@type\":\"ImageObject\",\"inLanguage\":\"it-IT\",\"@id\":\"https:\/\/exceladvisor.org\/it\/#\/schema\/logo\/image\/\",\"url\":\"https:\/\/exceladvisor.org\/it\/wp-content\/uploads\/2023\/12\/exceladvisor.org_.png\",\"contentUrl\":\"https:\/\/exceladvisor.org\/it\/wp-content\/uploads\/2023\/12\/exceladvisor.org_.png\",\"width\":105,\"height\":36,\"caption\":\"Excel Advisor\"},\"image\":{\"@id\":\"https:\/\/exceladvisor.org\/it\/#\/schema\/logo\/image\/\"}}]}<\/script>\n<!-- \/ Yoast SEO plugin. -->","yoast_head_json":{"title":"\u25b7 Come concatenare con l&#39;interruzione di riga in Excel?","description":"In questo tutorial imparerai 3 formule da concatenare con interruzioni di riga in Excel, incluse le funzioni CHAR e CONCATENATE","robots":{"index":"index","follow":"follow","max-snippet":"max-snippet:-1","max-image-preview":"max-image-preview:large","max-video-preview":"max-video-preview:-1"},"canonical":"https:\/\/exceladvisor.org\/it\/concatenare-uninterruzione-di-riga\/","og_locale":"it_IT","og_type":"article","og_title":"\u25b7 Come concatenare con l&#39;interruzione di riga in Excel?","og_description":"In questo tutorial imparerai 3 formule da concatenare con interruzioni di riga in Excel, incluse le funzioni CHAR e CONCATENATE","og_url":"https:\/\/exceladvisor.org\/it\/concatenare-uninterruzione-di-riga\/","og_site_name":"Excel Advisor","article_modified_time":"2023-12-10T06:21:51+00:00","og_image":[{"url":"https:\/\/exceladvisor.org\/wp-content\/uploads\/2023\/08\/concatener-avec-une-formule-simple-de-saut-de-ligne-1.png","type":"","width":"","height":""}],"twitter_card":"summary_large_image","twitter_misc":{"Tempo di lettura stimato":"3 minuti"},"schema":{"@context":"https:\/\/schema.org","@graph":[{"@type":"WebPage","@id":"https:\/\/exceladvisor.org\/it\/concatenare-uninterruzione-di-riga\/","url":"https:\/\/exceladvisor.org\/it\/concatenare-uninterruzione-di-riga\/","name":"\u25b7 Come concatenare con l&#39;interruzione di riga in Excel?","isPartOf":{"@id":"https:\/\/exceladvisor.org\/it\/#website"},"primaryImageOfPage":{"@id":"https:\/\/exceladvisor.org\/it\/concatenare-uninterruzione-di-riga\/#primaryimage"},"image":{"@id":"https:\/\/exceladvisor.org\/it\/concatenare-uninterruzione-di-riga\/#primaryimage"},"thumbnailUrl":"https:\/\/exceladvisor.org\/wp-content\/uploads\/2023\/08\/concatener-avec-une-formule-simple-de-saut-de-ligne-1.png","datePublished":"2023-10-30T14:48:51+00:00","dateModified":"2023-12-10T06:21:51+00:00","description":"In questo tutorial imparerai 3 formule da concatenare con interruzioni di riga in Excel, incluse le funzioni CHAR e CONCATENATE","breadcrumb":{"@id":"https:\/\/exceladvisor.org\/it\/concatenare-uninterruzione-di-riga\/#breadcrumb"},"inLanguage":"it-IT","potentialAction":[{"@type":"ReadAction","target":["https:\/\/exceladvisor.org\/it\/concatenare-uninterruzione-di-riga\/"]}]},{"@type":"ImageObject","inLanguage":"it-IT","@id":"https:\/\/exceladvisor.org\/it\/concatenare-uninterruzione-di-riga\/#primaryimage","url":"https:\/\/exceladvisor.org\/wp-content\/uploads\/2023\/08\/concatener-avec-une-formule-simple-de-saut-de-ligne-1.png","contentUrl":"https:\/\/exceladvisor.org\/wp-content\/uploads\/2023\/08\/concatener-avec-une-formule-simple-de-saut-de-ligne-1.png"},{"@type":"BreadcrumbList","@id":"https:\/\/exceladvisor.org\/it\/concatenare-uninterruzione-di-riga\/#breadcrumb","itemListElement":[{"@type":"ListItem","position":1,"name":"Home","item":"https:\/\/exceladvisor.org\/it\/"},{"@type":"ListItem","position":2,"name":"Come concatenare con un&#39;interruzione di riga in excel?"}]},{"@type":"WebSite","@id":"https:\/\/exceladvisor.org\/it\/#website","url":"https:\/\/exceladvisor.org\/it\/","name":"Excel Advisor","description":"Tips, Tricks, and Time-Saving Hacks","publisher":{"@id":"https:\/\/exceladvisor.org\/it\/#organization"},"potentialAction":[{"@type":"SearchAction","target":{"@type":"EntryPoint","urlTemplate":"https:\/\/exceladvisor.org\/it\/?s={search_term_string}"},"query-input":{"@type":"PropertyValueSpecification","valueRequired":true,"valueName":"search_term_string"}}],"inLanguage":"it-IT"},{"@type":"Organization","@id":"https:\/\/exceladvisor.org\/it\/#organization","name":"Excel Advisor","url":"https:\/\/exceladvisor.org\/it\/","logo":{"@type":"ImageObject","inLanguage":"it-IT","@id":"https:\/\/exceladvisor.org\/it\/#\/schema\/logo\/image\/","url":"https:\/\/exceladvisor.org\/it\/wp-content\/uploads\/2023\/12\/exceladvisor.org_.png","contentUrl":"https:\/\/exceladvisor.org\/it\/wp-content\/uploads\/2023\/12\/exceladvisor.org_.png","width":105,"height":36,"caption":"Excel Advisor"},"image":{"@id":"https:\/\/exceladvisor.org\/it\/#\/schema\/logo\/image\/"}}]}},"yoast_meta":{"yoast_wpseo_title":"","yoast_wpseo_metadesc":"","yoast_wpseo_canonical":""},"_links":{"self":[{"href":"https:\/\/exceladvisor.org\/it\/wp-json\/wp\/v2\/pages\/1866","targetHints":{"allow":["GET"]}}],"collection":[{"href":"https:\/\/exceladvisor.org\/it\/wp-json\/wp\/v2\/pages"}],"about":[{"href":"https:\/\/exceladvisor.org\/it\/wp-json\/wp\/v2\/types\/page"}],"author":[{"embeddable":true,"href":"https:\/\/exceladvisor.org\/it\/wp-json\/wp\/v2\/users\/1"}],"replies":[{"embeddable":true,"href":"https:\/\/exceladvisor.org\/it\/wp-json\/wp\/v2\/comments?post=1866"}],"version-history":[{"count":1,"href":"https:\/\/exceladvisor.org\/it\/wp-json\/wp\/v2\/pages\/1866\/revisions"}],"predecessor-version":[{"id":2384,"href":"https:\/\/exceladvisor.org\/it\/wp-json\/wp\/v2\/pages\/1866\/revisions\/2384"}],"wp:attachment":[{"href":"https:\/\/exceladvisor.org\/it\/wp-json\/wp\/v2\/media?parent=1866"}],"curies":[{"name":"wp","href":"https:\/\/api.w.org\/{rel}","templated":true}]}}