{"id":1867,"date":"2023-10-30T14:33:49","date_gmt":"2023-10-30T14:33:49","guid":{"rendered":"https:\/\/exceladvisor.org\/it\/ruotare-il-testo\/"},"modified":"2023-12-10T06:25:28","modified_gmt":"2023-12-10T06:25:28","slug":"ruotare-il-testo","status":"publish","type":"page","link":"https:\/\/exceladvisor.org\/it\/ruotare-il-testo\/","title":{"rendered":"Come ruotare il testo in excel?"},"content":{"rendered":"<div class=\"excel-prima-del-contenuto\" id=\"excel-4240885139\"><script type=\"text\/javascript\">\r\n\tatOptions = {\r\n\t\t'key' : 'c1158f160081d6540a8409e6925dab94',\r\n\t\t'format' : 'iframe',\r\n\t\t'height' : 250,\r\n\t\t'width' : 300,\r\n\t\t'params' : {}\r\n\t};\r\n<\/script>\r\n<script type=\"text\/javascript\" src=\"\/\/www.highperformanceformat.com\/c1158f160081d6540a8409e6925dab94\/invoke.js\"><\/script><\/div> <p>Lavorare in Excel \u00e8 sempre stato divertente. Ma a volte \u00e8 noioso vedere gli stessi formati, testi, caratteri e ovviamente gli stessi noiosi numeri.<\/p><p> Indubbiamente, puoi modificare leggermente l&#8217;aspetto utilizzando l&#8217;opzione Carattere. Ma c&#8217;\u00e8 molto altro che puoi fare con la direzione e l&#8217;allineamento del testo.<\/p><p> Questo non solo cambier\u00e0 l&#8217;aspetto, ma soprattutto far\u00e0 risparmiare molto spazio. Scorrere le pagine successive a volte \u00e8 fastidioso. Puoi quindi adattare il report su un&#8217;unica pagina giocando con l&#8217;orientamento e l&#8217;allineamento del testo in pochi semplici passaggi.<\/p><ol><li> Innanzitutto, seleziona la cella in cui desideri ruotare il testo. Qui abbiamo selezionato la riga di intestazione. <br><img loading=\"lazy\" decoding=\"async\" title=\"1-ruota-testo-in-excel\" src=\"https:\/\/exceladvisor.org\/wp-content\/uploads\/2023\/08\/1-faire-pivoter-le-texte-dans-excel.png\" sizes=\"auto, \" srcset=\"\" alt=\"rotate-text-in-excel\" width=\"461\" height=\"37\"><\/li><li> Ora vai alla scheda Home e trova la scheda Allineamento nella barra multifunzione. <br><img loading=\"lazy\" decoding=\"async\" title=\"Scheda 2-cerca-allineamento\" src=\"https:\/\/exceladvisor.org\/wp-content\/uploads\/2023\/08\/2-recherchez-longlet-dalignement.png\" sizes=\"auto, \" srcset=\"\" alt=\"look-for-alignment-tab\" width=\"619\" height=\"139\"><\/li><li> Quindi fare clic sul pulsante Orientamento. <br><img loading=\"lazy\" decoding=\"async\" title=\"3 clic sul pulsante di orientamento\" src=\"https:\/\/exceladvisor.org\/wp-content\/uploads\/2023\/08\/3-cliquez-sur-le-bouton-dorientation.png\" sizes=\"auto, \" srcset=\"\" alt=\"click-on-orientation-button\" width=\"478\" height=\"142\"><\/li><li> Qui otterrai le opzioni predefinite nell&#8217;elenco a discesa. <br><img loading=\"lazy\" decoding=\"async\" title=\"4 opzioni predefinite di rotazione del testo\" src=\"https:\/\/exceladvisor.org\/wp-content\/uploads\/2023\/08\/4-options-de-rotation-de-texte-par-defaut.png\" sizes=\"auto, \" srcset=\"\" alt=\"default-text-rotate-options\" width=\"207\" height=\"201\"><\/li><li> Ora proviamoli uno per uno e vediamo cosa succede al testo. <br><img loading=\"lazy\" decoding=\"async\" title=\"5-ruota-testo\" src=\"https:\/\/exceladvisor.org\/wp-content\/uploads\/2023\/08\/5-faire-pivoter-le-texte.png\" sizes=\"auto, \" srcset=\"\" alt=\"rotate-text\" width=\"497\" height=\"455\"><\/li><li> In effetti, puoi farti un&#8217;idea dal simbolo davanti a ciascuna opzione su cosa accadr\u00e0 al tuo testo. <br><img loading=\"lazy\" decoding=\"async\" title=\"6 simboli di rotazione del testo\" src=\"https:\/\/exceladvisor.org\/wp-content\/uploads\/2023\/08\/6-symboles-de-rotation-de-texte.png\" sizes=\"auto, \" srcset=\"\" alt=\"text-rotate-symbols\" width=\"214\" height=\"207\"><\/li><\/ol><p> Queste erano le opzioni predefinite che puoi utilizzare rapidamente con un solo clic. Ora, per coloro a cui non piace questa configurazione, c&#8217;\u00e8 qualcos&#8217;altro tra cui puoi scegliere.<\/p><ol><li> Per passare al livello successivo, riseleziona le celle che desideri ruotare e fai clic sull&#8217;ultima opzione &#8220;Formatta allineamento celle&#8221;. <br><img loading=\"lazy\" decoding=\"async\" title=\"7-orientamento del testo personalizzato\" src=\"https:\/\/exceladvisor.org\/wp-content\/uploads\/2023\/08\/7-orientation-de-texte-personnalisee.png\" sizes=\"auto, \" srcset=\"\" alt=\"custom-text-orientation\" width=\"236\" height=\"228\"><\/li><li> Successivamente, si aprir\u00e0 una finestra di dialogo davanti a te. <br><img loading=\"lazy\" decoding=\"async\" title=\"8 finestre di dialogo aperte\" src=\"https:\/\/exceladvisor.org\/wp-content\/uploads\/2023\/08\/8-boite-de-dialogue-ouverte.png\" sizes=\"auto, \" srcset=\"\" alt=\"dialogue-box-opened\" width=\"568\" height=\"562\"><\/li><li> A destra, sotto Orientamento, puoi semplicemente trascinare il punto rosso su e gi\u00f9 per aggiungere un&#8217;angolazione personalizzata al testo. <br><img loading=\"lazy\" decoding=\"async\" title=\"9-trascinare-il-punto-rosso\" src=\"https:\/\/exceladvisor.org\/wp-content\/uploads\/2023\/08\/9-faites-glisser-le-point-rouge.png\" sizes=\"auto, \" srcset=\"\" alt=\"drag-the-red-dot\" width=\"178\" height=\"236\"><\/li><li> Inoltre, puoi inserire manualmente un determinato angolo +positivo o -negativo accanto a &#8220;Gradi&#8221;. <br><img loading=\"lazy\" decoding=\"async\" title=\"10-immissione-manuale-a-una-certa-angolazione\" src=\"https:\/\/exceladvisor.org\/wp-content\/uploads\/2023\/08\/10-entrer-manuellement-un-certain-angle.png\" sizes=\"auto, \" srcset=\"\" alt=\"manually-enter-a-certain-angle\" width=\"180\" height=\"249\"><\/li><\/ol><h2 class=\"wp-block-heading\"> <strong>Allineamento del testo<\/strong><\/h2><p> Ecco la parte interessante. Finora parlavamo di direzione del testo oppure si pu\u00f2 dire Orientamento. La prossima cosa che devi sapere \u00e8 l&#8217;allineamento del testo. In altre parole, puoi scegliere la posizione del testo, ovvero verso il centro, a destra, a sinistra, in alto o in basso della cella. Vediamo come.<\/p><ol><li> Innanzitutto, seleziona la cella \u2192 Home \u2192 Allineamento \u2192 Orientamento \u2192 Formato allineamento cella. <br><img loading=\"lazy\" decoding=\"async\" title=\"11-allineamento del testo\" src=\"https:\/\/exceladvisor.org\/wp-content\/uploads\/2023\/08\/11-alignement-du-texte.png\" sizes=\"auto, \" srcset=\"\" alt=\"text-alignment\" width=\"518\" height=\"513\"><\/li><li> Ora hai 2 opzioni Orizzontale e Verticale e fai clic sulla piccola freccia a discesa. <br><img loading=\"lazy\" decoding=\"async\" title=\"12 opzioni orizzontali-verticali\" src=\"https:\/\/exceladvisor.org\/wp-content\/uploads\/2023\/08\/12-options-verticales-horizontales.png\" sizes=\"auto, \" srcset=\"\" alt=\"horizontal-&amp;-vertical-options\" width=\"655\" height=\"394\"><\/li><li> Qui devi provare tutte le opzioni e analizzare ci\u00f2 che si adatta al tuo rapporto. Ecco uno sguardo a come appare: \u2013 <br><img loading=\"lazy\" decoding=\"async\" title=\"13-analizzare-le-opzioni\" src=\"https:\/\/exceladvisor.org\/wp-content\/uploads\/2023\/08\/13-analyser-les-options.png\" sizes=\"auto, \" srcset=\"\" alt=\"analyze-the-options\" width=\"785\" height=\"439\"><\/li><\/ol><p> Pu\u00f2 sembrare confuso, ma sar\u00e0 sicuramente meglio se lo provi una volta.<\/p><p class=\"qt-tip\"> <strong>Suggerimento:<\/strong> non utilizzare un set fisso di layout per ogni report, perch\u00e9 l&#8217;orientamento e l&#8217;allineamento dipendono dalla lunghezza e dal tipo di testo di cui disponi.<\/p><p> Ad esempio, il testo predefinito inizia dalla colonna B1: F1. Ma noterai che non appena abbiamo utilizzato l&#8217;orientamento &#8220;Angolo in senso antiorario&#8221;, il testo si \u00e8 spostato nella cella destra e sinistra utilizzando &#8220;Angolo in senso orario&#8221;.<\/p><p> Ci\u00f2 potrebbe essere problematico se i nostri dati iniziassero dalla colonna A, poich\u00e9 verrebbero eliminati dalla visualizzazione del report. Quindi devi provare tutte le opzioni e scegliere saggiamente in base al rapporto e al tipo di dati. <\/p><div class=\"wp-block-image\"><figure class=\"aligncenter size-full is-resized\"><img loading=\"lazy\" decoding=\"async\" class=\"wp-image-62115\" src=\"https:\/\/exceladvisor.org\/wp-content\/uploads\/2023\/08\/14-angle-dans-le-sens-des-aiguilles-dune-montre.png\" sizes=\"auto, \" srcset=\"\" alt=\"angolo in senso orario\" width=\"654\" height=\"306\"><\/figure><\/div><div class=\"gb-container gb-container-4db6181c gb-container-mt\"> <a class=\"gb-button gb-button-c5897111 gb-button-text gb-button-mt-button\" href=\"https:\/\/exceladvisor.org\/it\/nozioni-di-base-su-excel\/\">Nozioni di base su Microsoft Excel (componenti, parti e note informative)<\/a><h2 class=\"gb-headline gb-headline-665e5f6b gb-headline-text gb-headline-mt-heading\"> Tutorial correlati <\/h2><div class=\"gb-grid-wrapper gb-grid-wrapper-a20baf7c gb-grid-wrapper-mt-grid\"><div class=\"gb-grid-column gb-grid-column-65ddf67e\"><div class=\"gb-container gb-container-65ddf67e\"><ul><li> <a href=\"https:\/\/exceladvisor.org\/it\/disegna-una-linea\/\">Disegna una linea in Excel<\/a><\/li><li> <a href=\"https:\/\/exceladvisor.org\/it\/aggiungere-un-pulsante\/\">Aggiungi un pulsante in Excel<\/a><\/li><li> <a href=\"https:\/\/exceladvisor.org\/it\/unire-le-cellule-dissociate\/\">Unisci: separa le celle in Excel<\/a><\/li><li> <a href=\"https:\/\/exceladvisor.org\/it\/correttore-ortografico\/\">Controllo ortografico in Excel<\/a><\/li><li> <a href=\"https:\/\/exceladvisor.org\/it\/ritiro\/\">Aumenta e diminuisci il rientro in Excel<\/a> <\/li><\/ul><\/div><\/div><div class=\"gb-grid-column gb-grid-column-50067b57\"><div class=\"gb-container gb-container-50067b57\"><\/div><\/div><\/div><\/div>","protected":false},"excerpt":{"rendered":"","protected":false},"author":1,"featured_media":0,"parent":0,"menu_order":0,"comment_status":"open","ping_status":"closed","template":"","meta":{"ub_ctt_via":"","footnotes":""},"class_list":["post-1867","page","type-page","status-publish","hentry"],"featured_image_src":null,"yoast_head":"<!-- This site is optimized with the Yoast SEO plugin v25.4 - https:\/\/yoast.com\/wordpress\/plugins\/seo\/ -->\n<title>Come ruotare il testo in Excel? (Guida testuale)<\/title>\n<meta name=\"description\" content=\"In questo tutorial impareremo come ruotare il testo (orientamento del testo) in una cella in Excel. Questo non cambier\u00e0\" \/>\n<meta name=\"robots\" content=\"index, follow, max-snippet:-1, max-image-preview:large, max-video-preview:-1\" \/>\n<link rel=\"canonical\" href=\"https:\/\/exceladvisor.org\/it\/ruotare-il-testo\/\" \/>\n<meta property=\"og:locale\" content=\"it_IT\" \/>\n<meta property=\"og:type\" content=\"article\" \/>\n<meta property=\"og:title\" content=\"Come ruotare il testo in Excel? (Guida testuale)\" \/>\n<meta property=\"og:description\" content=\"In questo tutorial impareremo come ruotare il testo (orientamento del testo) in una cella in Excel. Questo non cambier\u00e0\" \/>\n<meta property=\"og:url\" content=\"https:\/\/exceladvisor.org\/it\/ruotare-il-testo\/\" \/>\n<meta property=\"og:site_name\" content=\"Excel Advisor\" \/>\n<meta property=\"article:modified_time\" content=\"2023-12-10T06:25:28+00:00\" \/>\n<meta property=\"og:image\" content=\"https:\/\/exceladvisor.org\/wp-content\/uploads\/2023\/08\/1-faire-pivoter-le-texte-dans-excel.png\" \/>\n<meta name=\"twitter:card\" content=\"summary_large_image\" \/>\n<meta name=\"twitter:label1\" content=\"Tempo di lettura stimato\" \/>\n\t<meta name=\"twitter:data1\" content=\"2 minuti\" \/>\n<script type=\"application\/ld+json\" class=\"yoast-schema-graph\">{\"@context\":\"https:\/\/schema.org\",\"@graph\":[{\"@type\":\"WebPage\",\"@id\":\"https:\/\/exceladvisor.org\/it\/ruotare-il-testo\/\",\"url\":\"https:\/\/exceladvisor.org\/it\/ruotare-il-testo\/\",\"name\":\"Come ruotare il testo in Excel? (Guida testuale)\",\"isPartOf\":{\"@id\":\"https:\/\/exceladvisor.org\/it\/#website\"},\"primaryImageOfPage\":{\"@id\":\"https:\/\/exceladvisor.org\/it\/ruotare-il-testo\/#primaryimage\"},\"image\":{\"@id\":\"https:\/\/exceladvisor.org\/it\/ruotare-il-testo\/#primaryimage\"},\"thumbnailUrl\":\"https:\/\/exceladvisor.org\/wp-content\/uploads\/2023\/08\/1-faire-pivoter-le-texte-dans-excel.png\",\"datePublished\":\"2023-10-30T14:33:49+00:00\",\"dateModified\":\"2023-12-10T06:25:28+00:00\",\"description\":\"In questo tutorial impareremo come ruotare il testo (orientamento del testo) in una cella in Excel. Questo non cambier\u00e0\",\"breadcrumb\":{\"@id\":\"https:\/\/exceladvisor.org\/it\/ruotare-il-testo\/#breadcrumb\"},\"inLanguage\":\"it-IT\",\"potentialAction\":[{\"@type\":\"ReadAction\",\"target\":[\"https:\/\/exceladvisor.org\/it\/ruotare-il-testo\/\"]}]},{\"@type\":\"ImageObject\",\"inLanguage\":\"it-IT\",\"@id\":\"https:\/\/exceladvisor.org\/it\/ruotare-il-testo\/#primaryimage\",\"url\":\"https:\/\/exceladvisor.org\/wp-content\/uploads\/2023\/08\/1-faire-pivoter-le-texte-dans-excel.png\",\"contentUrl\":\"https:\/\/exceladvisor.org\/wp-content\/uploads\/2023\/08\/1-faire-pivoter-le-texte-dans-excel.png\"},{\"@type\":\"BreadcrumbList\",\"@id\":\"https:\/\/exceladvisor.org\/it\/ruotare-il-testo\/#breadcrumb\",\"itemListElement\":[{\"@type\":\"ListItem\",\"position\":1,\"name\":\"Home\",\"item\":\"https:\/\/exceladvisor.org\/it\/\"},{\"@type\":\"ListItem\",\"position\":2,\"name\":\"Come ruotare il testo in excel?\"}]},{\"@type\":\"WebSite\",\"@id\":\"https:\/\/exceladvisor.org\/it\/#website\",\"url\":\"https:\/\/exceladvisor.org\/it\/\",\"name\":\"Excel Advisor\",\"description\":\"Tips, Tricks, and Time-Saving Hacks\",\"publisher\":{\"@id\":\"https:\/\/exceladvisor.org\/it\/#organization\"},\"potentialAction\":[{\"@type\":\"SearchAction\",\"target\":{\"@type\":\"EntryPoint\",\"urlTemplate\":\"https:\/\/exceladvisor.org\/it\/?s={search_term_string}\"},\"query-input\":{\"@type\":\"PropertyValueSpecification\",\"valueRequired\":true,\"valueName\":\"search_term_string\"}}],\"inLanguage\":\"it-IT\"},{\"@type\":\"Organization\",\"@id\":\"https:\/\/exceladvisor.org\/it\/#organization\",\"name\":\"Excel Advisor\",\"url\":\"https:\/\/exceladvisor.org\/it\/\",\"logo\":{\"@type\":\"ImageObject\",\"inLanguage\":\"it-IT\",\"@id\":\"https:\/\/exceladvisor.org\/it\/#\/schema\/logo\/image\/\",\"url\":\"https:\/\/exceladvisor.org\/it\/wp-content\/uploads\/2023\/12\/exceladvisor.org_.png\",\"contentUrl\":\"https:\/\/exceladvisor.org\/it\/wp-content\/uploads\/2023\/12\/exceladvisor.org_.png\",\"width\":105,\"height\":36,\"caption\":\"Excel Advisor\"},\"image\":{\"@id\":\"https:\/\/exceladvisor.org\/it\/#\/schema\/logo\/image\/\"}}]}<\/script>\n<!-- \/ Yoast SEO plugin. -->","yoast_head_json":{"title":"Come ruotare il testo in Excel? (Guida testuale)","description":"In questo tutorial impareremo come ruotare il testo (orientamento del testo) in una cella in Excel. Questo non cambier\u00e0","robots":{"index":"index","follow":"follow","max-snippet":"max-snippet:-1","max-image-preview":"max-image-preview:large","max-video-preview":"max-video-preview:-1"},"canonical":"https:\/\/exceladvisor.org\/it\/ruotare-il-testo\/","og_locale":"it_IT","og_type":"article","og_title":"Come ruotare il testo in Excel? (Guida testuale)","og_description":"In questo tutorial impareremo come ruotare il testo (orientamento del testo) in una cella in Excel. Questo non cambier\u00e0","og_url":"https:\/\/exceladvisor.org\/it\/ruotare-il-testo\/","og_site_name":"Excel Advisor","article_modified_time":"2023-12-10T06:25:28+00:00","og_image":[{"url":"https:\/\/exceladvisor.org\/wp-content\/uploads\/2023\/08\/1-faire-pivoter-le-texte-dans-excel.png","type":"","width":"","height":""}],"twitter_card":"summary_large_image","twitter_misc":{"Tempo di lettura stimato":"2 minuti"},"schema":{"@context":"https:\/\/schema.org","@graph":[{"@type":"WebPage","@id":"https:\/\/exceladvisor.org\/it\/ruotare-il-testo\/","url":"https:\/\/exceladvisor.org\/it\/ruotare-il-testo\/","name":"Come ruotare il testo in Excel? (Guida testuale)","isPartOf":{"@id":"https:\/\/exceladvisor.org\/it\/#website"},"primaryImageOfPage":{"@id":"https:\/\/exceladvisor.org\/it\/ruotare-il-testo\/#primaryimage"},"image":{"@id":"https:\/\/exceladvisor.org\/it\/ruotare-il-testo\/#primaryimage"},"thumbnailUrl":"https:\/\/exceladvisor.org\/wp-content\/uploads\/2023\/08\/1-faire-pivoter-le-texte-dans-excel.png","datePublished":"2023-10-30T14:33:49+00:00","dateModified":"2023-12-10T06:25:28+00:00","description":"In questo tutorial impareremo come ruotare il testo (orientamento del testo) in una cella in Excel. Questo non cambier\u00e0","breadcrumb":{"@id":"https:\/\/exceladvisor.org\/it\/ruotare-il-testo\/#breadcrumb"},"inLanguage":"it-IT","potentialAction":[{"@type":"ReadAction","target":["https:\/\/exceladvisor.org\/it\/ruotare-il-testo\/"]}]},{"@type":"ImageObject","inLanguage":"it-IT","@id":"https:\/\/exceladvisor.org\/it\/ruotare-il-testo\/#primaryimage","url":"https:\/\/exceladvisor.org\/wp-content\/uploads\/2023\/08\/1-faire-pivoter-le-texte-dans-excel.png","contentUrl":"https:\/\/exceladvisor.org\/wp-content\/uploads\/2023\/08\/1-faire-pivoter-le-texte-dans-excel.png"},{"@type":"BreadcrumbList","@id":"https:\/\/exceladvisor.org\/it\/ruotare-il-testo\/#breadcrumb","itemListElement":[{"@type":"ListItem","position":1,"name":"Home","item":"https:\/\/exceladvisor.org\/it\/"},{"@type":"ListItem","position":2,"name":"Come ruotare il testo in excel?"}]},{"@type":"WebSite","@id":"https:\/\/exceladvisor.org\/it\/#website","url":"https:\/\/exceladvisor.org\/it\/","name":"Excel Advisor","description":"Tips, Tricks, and Time-Saving Hacks","publisher":{"@id":"https:\/\/exceladvisor.org\/it\/#organization"},"potentialAction":[{"@type":"SearchAction","target":{"@type":"EntryPoint","urlTemplate":"https:\/\/exceladvisor.org\/it\/?s={search_term_string}"},"query-input":{"@type":"PropertyValueSpecification","valueRequired":true,"valueName":"search_term_string"}}],"inLanguage":"it-IT"},{"@type":"Organization","@id":"https:\/\/exceladvisor.org\/it\/#organization","name":"Excel Advisor","url":"https:\/\/exceladvisor.org\/it\/","logo":{"@type":"ImageObject","inLanguage":"it-IT","@id":"https:\/\/exceladvisor.org\/it\/#\/schema\/logo\/image\/","url":"https:\/\/exceladvisor.org\/it\/wp-content\/uploads\/2023\/12\/exceladvisor.org_.png","contentUrl":"https:\/\/exceladvisor.org\/it\/wp-content\/uploads\/2023\/12\/exceladvisor.org_.png","width":105,"height":36,"caption":"Excel Advisor"},"image":{"@id":"https:\/\/exceladvisor.org\/it\/#\/schema\/logo\/image\/"}}]}},"yoast_meta":{"yoast_wpseo_title":"","yoast_wpseo_metadesc":"","yoast_wpseo_canonical":""},"_links":{"self":[{"href":"https:\/\/exceladvisor.org\/it\/wp-json\/wp\/v2\/pages\/1867","targetHints":{"allow":["GET"]}}],"collection":[{"href":"https:\/\/exceladvisor.org\/it\/wp-json\/wp\/v2\/pages"}],"about":[{"href":"https:\/\/exceladvisor.org\/it\/wp-json\/wp\/v2\/types\/page"}],"author":[{"embeddable":true,"href":"https:\/\/exceladvisor.org\/it\/wp-json\/wp\/v2\/users\/1"}],"replies":[{"embeddable":true,"href":"https:\/\/exceladvisor.org\/it\/wp-json\/wp\/v2\/comments?post=1867"}],"version-history":[{"count":1,"href":"https:\/\/exceladvisor.org\/it\/wp-json\/wp\/v2\/pages\/1867\/revisions"}],"predecessor-version":[{"id":2678,"href":"https:\/\/exceladvisor.org\/it\/wp-json\/wp\/v2\/pages\/1867\/revisions\/2678"}],"wp:attachment":[{"href":"https:\/\/exceladvisor.org\/it\/wp-json\/wp\/v2\/media?parent=1867"}],"curies":[{"name":"wp","href":"https:\/\/api.w.org\/{rel}","templated":true}]}}