{"id":1869,"date":"2023-10-30T13:25:43","date_gmt":"2023-10-30T13:25:43","guid":{"rendered":"https:\/\/exceladvisor.org\/it\/contare-le-parole\/"},"modified":"2023-12-10T06:22:12","modified_gmt":"2023-12-10T06:22:12","slug":"contare-le-parole","status":"publish","type":"page","link":"https:\/\/exceladvisor.org\/it\/contare-le-parole\/","title":{"rendered":"Come contare le parole in excel?"},"content":{"rendered":"<div class=\"excel-prima-del-contenuto\" id=\"excel-338858322\"><script type=\"text\/javascript\">\r\n\tatOptions = {\r\n\t\t'key' : 'c1158f160081d6540a8409e6925dab94',\r\n\t\t'format' : 'iframe',\r\n\t\t'height' : 250,\r\n\t\t'width' : 300,\r\n\t\t'params' : {}\r\n\t};\r\n<\/script>\r\n<script type=\"text\/javascript\" src=\"\/\/www.highperformanceformat.com\/c1158f160081d6540a8409e6925dab94\/invoke.js\"><\/script><\/div> <p>C&#8217;\u00e8 un&#8217;opzione che vorrei sempre avere Excel, ovvero contare il numero di parole in una cella. Se lavori in MS Word, c&#8217;\u00e8 un&#8217;opzione integrata nella barra di stato che mostra quante parole ci sono nel foglio. <\/p><div class=\"wp-block-image\"><figure class=\"aligncenter\"><img decoding=\"async\" src=\"https:\/\/exceladvisor.org\/wp-content\/uploads\/2023\/08\/il-y-a-une-option-dans-word-pour-compter-les-mots-mais-pas-dans-excel.png\" sizes=\"\" srcset=\"\" alt=\"c'\u00e8 un'opzione in Word per contare le parole ma non in Excel\"><\/figure><\/div><p> Ma quando si tratta di Excel, non esiste tale opzione per contare le parole. Puoi contare il <a style=\"outline: none;\" href=\"https:\/\/exceladvisor.org\/it\/contare-le-celle-con-il-testo\/\">numero di celle che contengono testo<\/a> ma nessuna parola effettiva.<\/p><p> Come sai, <a style=\"outline: none;\" href=\"https:\/\/exceladvisor.org\/it\/funzioni-di-excel\/\">in Excel abbiamo funzioni<\/a> e puoi usarle per calcolare quasi tutto. Puoi creare una formula in grado di contare le parole in una cella.<\/p><p> Oggi in questo articolo imparerai come contare le parole in Excel da una singola cella, un intervallo di celle o anche dall&#8217;intero foglio di lavoro. E ti mostrer\u00f2 anche come contare una parola specifica da un intervallo di celle.<\/p><h2 id=\"0-1-count-words-from-a-single-cell\" class=\"wp-block-heading\"> 1. Conta le parole in una singola cella<\/h2><p> Per contare le parole in una cella \u00e8 necessario <span style=\"color: #000000;\">combinare la<\/span> funzione LUNGHEZZA con la <span style=\"color: #000000;\">funzione SOSTITUISCI<\/span> . E la formula sar\u00e0 (Il testo \u00e8 nella cella A1): <\/p><pre class=\"wp-block-code\"> <code class=\"language-excel-formula\" lang=\"excel-formula\">=LEN(A1)-LEN(SUBSTITUTE(A1,\" \",\"\"))+1<\/code><\/pre><div class=\"wp-block-image\"><figure class=\"aligncenter\"><img decoding=\"async\" src=\"https:\/\/exceladvisor.org\/wp-content\/uploads\/2023\/08\/formule-pour-compter-le-mot-dans-Excel-en-utilisant-le-substitut-len.png\" sizes=\"\" srcset=\"\" alt=\"formula per contare le parole in Excel utilizzando il sostituto len\"><\/figure><\/div><p> Quando fai riferimento a una cella utilizzando questa formula, verr\u00e0 restituito 7 nel risultato. E s\u00ec, hai un totale di 7 parole nella cella.<\/p><h3 id=\"1-how-it-works\" class=\"wp-block-heading\"> Come funziona<\/h3><p> Prima di entrare in questa formula, pensa in questo modo. In una frase normale, se hai otto parole, ci saranno sicuramente 7 spazi al loro interno. GIUSTO?<\/p><p> Ci\u00f2 significa che avrai sempre una parola in pi\u00f9 rispetto agli spazi. L&#8217;idea \u00e8 semplice: se vuoi contare le parole, conta gli spazi e aggiungine uno. Per comprendere questa formula \u00e8 necessario dividerla in tre parti. <\/p><div class=\"wp-block-image\"><figure class=\"aligncenter\"><img decoding=\"async\" src=\"https:\/\/exceladvisor.org\/wp-content\/uploads\/2023\/08\/comment-fonctionne-la-formule-pour-compter-le-mot-dans-Excel-en-utilisant-le-substitut-len.png\" sizes=\"\" srcset=\"\" alt=\"come funziona la formula per contare le parole in Excel utilizzando il sostituto di Len\"><\/figure><\/div><p> Nella prima parte, hai utilizzato la funzione LEN per contare il numero di caratteri nella cella A1. E nella seconda e terza parte, hai combinato SOSTITUTO con LUNGHEZZA per <a href=\"https:\/\/exceladvisor.org\/it\/rimuovere-gli-spazi-aggiuntivi\/\">rimuovere gli spazi dalla cella<\/a> e poi contare i caratteri. A questo punto hai un&#8217;equazione come questa. <\/p><div class=\"wp-block-image\"><figure class=\"aligncenter\"><img decoding=\"async\" src=\"https:\/\/exceladvisor.org\/wp-content\/uploads\/2023\/08\/equation-de-formule-pour-compter-les-mots-dans-excel.png\" sizes=\"\" srcset=\"\" alt=\"formula equazione per contare le parole in excel\"><\/figure><\/div><p> Il numero totale di caratteri con spazi e il numero totale di caratteri senza spazi. E quando sottrai i due numeri ottieni il numero di spazi e alla fine devi aggiungerne uno. Restituisce 7 nel risultato che \u00e8 il numero totale di parole nella cella.<\/p><p class=\"has-text-align-left qt-tip\"> <strong>Importante<\/strong> : quando usi la formula sopra, restituir\u00e0 1 anche se la cella \u00e8 vuota, quindi \u00e8 meglio racchiuderla con la funzione SE per evitare questo problema. <\/p><pre class=\"wp-block-code\"> <code class=\"language-excel-formula\" lang=\"excel-formula\">=IF(ISBLANK(A2),0,LEN(A2)-LEN(SUBSTITUTE(A2,\" \",\"\"))+1)<\/code><\/pre><p class=\"has-text-align-center\"><img loading=\"lazy\" decoding=\"async\" src=\"https:\/\/exceladvisor.org\/wp-content\/uploads\/2023\/08\/compter-les-mots-dans-Excel-utiliser-si-lorsque-la-cellule-est-vide.png\" sizes=\"auto, \" srcset=\"\" alt=\"contare le parole in Excel utilizzare se quando la cella \u00e8 vuota\" width=\"646\" height=\"130\" data-attachment-id=\"14725\"><\/p><p> Questa formula controller\u00e0 prima la cella e restituir\u00e0 il conteggio delle parole solo se \u00e8 presente un valore nella cella.<\/p><h2 id=\"2-2-using-a-udf\" class=\"wp-block-heading\"> 2. Utilizzare una UDF<\/h2><p> Oltre alle formule di cui sopra, ho scritto un piccolo codice per <a href=\"https:\/\/exceladvisor.org\/it\/funzione-definita-dallutente-2\/\">creare una UDF<\/a> per questo. Questo codice ti aiuter\u00e0 a creare una funzione personalizzata che restituir\u00e0 semplicemente il conteggio delle parole. In breve, non \u00e8 necessario combinare le funzioni.<\/p><pre class=\"wp-block-code\"> <code class=\"language-visual-basic line-numbers\" lang=\"visual-basic\">Function MyWordCount(rng As Range) As Integer MyWordCount = UBound(Split(rng.Value, \" \"), 1) + 1 End Function<\/code><\/pre><p> Lascia che ti dica come usarlo.<\/p><ol><li> Innanzitutto, inserisci questo codice nell&#8217;editor VBA. <br><img decoding=\"async\" title=\"aggiungi-codice-udf-a-vbe-per-contare-parole-in-excel-cell\" src=\"https:\/\/exceladvisor.org\/wp-content\/uploads\/2023\/08\/ajouter-le-code-udf-a-vbe-pour-compter-les-mots-dans-la-cellule-excel.png\" sizes=\"\" srcset=\"\" alt=\"add udf code to vbe to count words in excel cell\"><\/li><li> Quindi torna al foglio di calcolo e inserisci &#8220;=MyWordCount(&#8221; e fai riferimento alla cella in cui hai un valore.<\/li><\/ol><p> E restituir\u00e0 il conteggio delle parole. <\/p><div class=\"wp-block-image\"><figure class=\"aligncenter\"><img decoding=\"async\" src=\"https:\/\/exceladvisor.org\/wp-content\/uploads\/2023\/08\/udf-pour-compter-le-mot-dans-excel-en-utilisant-le-substitut-len.png\" sizes=\"\" srcset=\"\" alt=\"udf per contare le parole in Excel utilizzando il sostituto len\"><\/figure><\/div><p> <em>Correlato: <a href=\"https:\/\/exceladvisor.org\/it\/barra-delle-formule-excel\/\">Barra della formula in Excel<\/a><\/em><\/p><h2 id=\"3-3-count-words-from-a-range-of-cells\" class=\"wp-block-heading\"> 3. Contare le parole in un intervallo di celle<\/h2><p> Ora passiamo al livello successivo. E qui devi contare le parole da un intervallo di celle anzich\u00e9 da una singola cella. La <strong><span style=\"color: #000000;\">buona notizia \u00e8 che<\/span><\/strong> devi solo usare la stessa formula (solo una semplice modifica) che hai usato sopra. E la formula sar\u00e0: <\/p><pre class=\"wp-block-code\"> <code class=\"language-excel-formula\" lang=\"excel-formula\">=SUMPRODUCT(LEN(A1:A11)-LEN(SUBSTITUTE(A1:A11,\" \",\"\"))+1)<\/code><\/pre><p class=\"has-text-align-center\"><img loading=\"lazy\" decoding=\"async\" src=\"https:\/\/exceladvisor.org\/wp-content\/uploads\/2023\/08\/formule-pour-compter-le-mot-dans-Excel-a-partir-de-la-plage-de-lignes-de-colonne.png\" sizes=\"auto, \" srcset=\"\" alt=\"formula per contare le parole in Excel dall'intervallo di righe di colonne\" width=\"683\" height=\"367\" data-attachment-id=\"14729\"><\/p><p> Nella formula precedente, A1:A11 \u00e8 l&#8217;intervallo di celle e quando inserisci la formula, restituisce 77 nel risultato.<\/p><h3 id=\"4-how-it-works\" class=\"wp-block-heading\"> Come funziona<\/h3><p> Questa formula funziona allo stesso modo del primo metodo, ma \u00e8 solo un piccolo passo avanti. L&#8217;unica differenza \u00e8 che lo hai racchiuso in SUMPRODUCT e hai fatto riferimento all&#8217;intero intervallo anzich\u00e9 a una sola cella. <\/p><div class=\"wp-block-image\"><figure class=\"aligncenter is-resized\"><img loading=\"lazy\" decoding=\"async\" src=\"https:\/\/exceladvisor.org\/wp-content\/uploads\/2023\/08\/comment-sumproduct-fonctionne-pour-compter-le-mot-dans-excel.png\" sizes=\"auto, \" srcset=\"\" alt=\"come funziona sumproduct per contare le parole in Excel\" width=\"532\" height=\"26\"><\/figure><\/div><p> Sapevi che SUMPRODUCT pu\u00f2 accettare tabelle? Quindi, quando lo usi, restituisce un array in cui hai un conteggio di parole per ogni cella. E alla fine somma questi numeri e ti dice il numero di parole nella colonna.<\/p><h2 id=\"5-4-word-count-from-entire-worksheet-\" class=\"wp-block-heading\"> 4. Conteggio delle parole dell&#8217;intero foglio di lavoro<\/h2><p> Questo codice \u00e8 uno dei macrocodici utili che utilizzo nel mio lavoro e pu\u00f2 aiutarti a contare tutte le parole in un foglio di lavoro.<\/p><pre class=\"wp-block-code\"> <code class=\"language-visual-basic line-numbers\" lang=\"visual-basic\">Sub Word_Count_Worksheet() Dim WordCnt As Long Dim rng As Range Dim S As String Dim N As Long For Each rng In ActiveSheet.UsedRange.Cells S = Application.WorksheetFunction.Trim(rng.Text) N = 0 If S &lt;&gt; vbNullString Then N = Len(S) \u2013 Len(Replace(S, \" \", \"\")) + 1 End If WordCnt = WordCnt + N Next rng MsgBox \"There are total \" &amp; Format(WordCnt, \"#,##0\") &amp; \" words in the active worksheet\" End Sub<\/code><\/pre><p> Quando lo esegui, <a href=\"https:\/\/exceladvisor.org\/it\/casella-msg-vba\/\" target=\"\" rel=\"noopener noreferrer\" data-tcb-events=\"\">verr\u00e0 visualizzata una finestra di messaggio<\/a> con il numero di parole che hai nel foglio di lavoro attivo. <\/p><div class=\"wp-block-image\"><figure class=\"aligncenter\"><img decoding=\"async\" src=\"https:\/\/exceladvisor.org\/wp-content\/uploads\/2023\/08\/code-vba-pour-compter-les-mots-dans-excel-en-utilisant-vba.png\" sizes=\"\" srcset=\"\" alt=\"Codice vba per contare le parole in Excel usando vba\"><\/figure><\/div><p> <em>Correlati: <a href=\"https:\/\/exceladvisor.org\/it\/vba\/\">cos&#8217;\u00e8 VBA in Excel<\/a><\/em><\/p><h2 id=\"6-5-count-a-specific-wordtext-string-from-a-range\" class=\"wp-block-heading\"> 5. Contare una parola\/stringa di testo specifica da un intervallo<\/h2><p> Qui hai una situazione diversa. Supponiamo che tu debba contare una parola specifica in un intervallo di celle o controllare il numero di volte in cui un valore appare in una colonna.<\/p><p> Prendiamo questo esempio: sotto hai un intervallo di quattro celle e da questo intervallo devi contare il numero di <strong><span style=\"color: #000000;\">occorrenze della parola &#8220;luned\u00ec&#8221;<\/span><\/strong> .<\/p><p> Per questo, la formula \u00e8: <\/p><pre class=\"wp-block-code\"> <code class=\"language-excel-formula\" lang=\"excel-formula\">=SUMPRODUCT((LEN(D6:D9)-LEN(SUBSTITUTE(D6:D9,\"Monday\",\"\")))\/LEN(\"Monday\"))<\/code><\/pre><div class=\"wp-block-image\"><figure class=\"aligncenter\"><img decoding=\"async\" src=\"https:\/\/exceladvisor.org\/wp-content\/uploads\/2023\/08\/compter-les-mots-dans-Excel-specifique-avec-la-formule-sumproduct.png\" sizes=\"\" srcset=\"\" alt=\"contare le parole in Excel specifiche con la formula sommaprodotto\"><\/figure><\/div><p> E quando lo digiti, torna al conto alla rovescia fino alla parola &#8220;luned\u00ec&#8221;. Sono le 4.<\/p><p class=\"qt-tip\"> <strong>Importante:<\/strong> restituisce il numero di parole (frequenza delle parole) dall&#8217;intervallo <span style=\"color: #000000;\">e non il numero di celle<\/span> che contengono quella parola. Luned\u00ec c&#8217;\u00e8 quattro volte in tre celle.<\/p><h3 id=\"7-how-it-works\" class=\"wp-block-heading\"> Come funziona<\/h3><p> Per comprendere questa funzione, ancora una volta, \u00e8 necessario dividerla in quattro parti. Nella prima parte, la funzione LEN restituisce un array del numero di caratteri nelle celle. <\/p><div class=\"wp-block-image\"><figure class=\"aligncenter\"><img decoding=\"async\" src=\"https:\/\/exceladvisor.org\/wp-content\/uploads\/2023\/08\/utiliser-la-formule-sumproduct-pour-compter-un-mot-specifique-a-partir-dune-plage-1.png\" sizes=\"\" srcset=\"\" alt=\"usa la formula sommaprodotto per contare una parola specifica da un intervallo 1\"><\/figure><\/div><p> La seconda parte restituisce un array di conteggi di caratteri di cella rimuovendo la parola &#8220;luned\u00ec&#8221;. <\/p><div class=\"wp-block-image\"><figure class=\"aligncenter\"><img decoding=\"async\" src=\"https:\/\/exceladvisor.org\/wp-content\/uploads\/2023\/08\/utiliser-la-formule-sumproduct-pour-compter-un-mot-specifique-a-partir-dune-plage-2.png\" sizes=\"\" srcset=\"\" alt=\"utilizzare la formula sommaprodotto per contare una parola specifica da un intervallo 2\"><\/figure><\/div><p> Nella terza parte la funzione LEN restituisce la lunghezza in caratteri della parola chiave &#8220;Luned\u00ec&#8221;. <\/p><div class=\"wp-block-image\"><figure class=\"aligncenter\"><img decoding=\"async\" src=\"https:\/\/exceladvisor.org\/wp-content\/uploads\/2023\/08\/utiliser-la-formule-sumproduct-pour-compter-un-mot-specifique-a-partir-dune-plage-3.png\" sizes=\"\" srcset=\"\" alt=\"utilizzare la formula sommaprodotto per contare una parola specifica da un intervallo 3\"><\/figure><\/div><p> Successivamente, sottrai la prima parte dalla seconda parte, quindi dividila per la terza parte, restituisce un array con il numero di parole &#8220;Luned\u00ec&#8221; di ciascuna cella. <\/p><div class=\"wp-block-image\"><figure class=\"aligncenter\"><img decoding=\"async\" src=\"https:\/\/exceladvisor.org\/wp-content\/uploads\/2023\/08\/utiliser-la-formule-sumproduct-pour-compter-un-mot-specifique-a-partir-dune-plage-4.png\" sizes=\"\" srcset=\"\" alt=\"utilizzare la formula sommaprodotto per contare una parola specifica da un intervallo 4\"><\/figure><\/div><p> Nella quarta parte, SUMPRODUCT restituisce la somma di questo array e fornisce il numero di \u201cluned\u00ec\u201d nell&#8217;intervallo. <\/p><div class=\"gb-container gb-container-52dfcee1 gb-container-sample-file\"><h2 class=\"gb-headline gb-headline-e289c143 gb-headline-text gb-headline-4f7959c2\"> Ottieni il file Excel<\/h2><p> <a class=\"gb-button gb-button-e88d6bee gb-button-text gb-button-button1\" href=\"https:\/\/exceladvisor.org\/wp-content\/uploads\/2023\/08\/compter-les-mots-2.zip\" rel=\"nofollow\">Scaricamento<\/a><\/p><\/div><h2 id=\"9-conclusion\" class=\"wp-block-heading\"> Conclusione<\/h2><p> Ogni volta che digiti del testo in una cella o in un intervallo di celle, puoi utilizzare questi metodi per controllare il conteggio delle parole. Vorrei che un giorno in futuro Excel disponga di questa opzione per contare le parole. Ma per ora hai tutti questi ottimi metodi.<\/p><p> Quale metodo ti piace di pi\u00f9? Assicurati di condividere i tuoi pensieri con me nella sezione commenti, mi piacerebbe sentire la tua opinione. E per favore <strong><span style=\"color: #ea493f;\">non dimenticare di condividere questo post<\/span><\/strong> con i tuoi amici, sono sicuro che gli piacer\u00e0.<\/p><div class=\"gb-container gb-container-0df56012 gb-container-mt\"> <a class=\"gb-button gb-button-f9f432f4 gb-button-text gb-button-mt-button\" href=\"https:\/\/exceladvisor.org\/it\/formule\/\">Elenco delle formule di Excel<\/a><h2 class=\"gb-headline gb-headline-233444e8 gb-headline-text gb-headline-mt-heading\"> Formule correlate <\/h2><div class=\"gb-grid-wrapper gb-grid-wrapper-a16fa65c gb-grid-wrapper-mt-grid\"><div class=\"gb-grid-column gb-grid-column-50d07e0d\"><div class=\"gb-container gb-container-50d07e0d\"><ul><li> <a href=\"https:\/\/exceladvisor.org\/it\/contare-le-celle-con-il-testo\/\">Contare le celle con testo in Excel<\/a><\/li><li> <a href=\"https:\/\/exceladvisor.org\/it\/contare-caratteri-specifici\/\">Contare caratteri specifici in Excel<\/a><\/li><li> <a href=\"https:\/\/exceladvisor.org\/it\/contare-il-numero-totale-di-celle\/\">Contare il numero totale di celle in un intervallo in Excel<\/a><\/li><li> <a href=\"https:\/\/exceladvisor.org\/it\/contare-valori-univoci-1\/\">Conta valori univoci in Excel<\/a><\/li><li> <a href=\"https:\/\/exceladvisor.org\/it\/contare-contro-contare\/\">CONTE contro CONTA<\/a> <\/li><\/ul><\/div><\/div><div class=\"gb-grid-column gb-grid-column-5b4a0cf9\"><div class=\"gb-container gb-container-5b4a0cf9\"><\/div><\/div><\/div><\/div>","protected":false},"excerpt":{"rendered":"","protected":false},"author":1,"featured_media":0,"parent":0,"menu_order":0,"comment_status":"open","ping_status":"closed","template":"","meta":{"ub_ctt_via":"","footnotes":""},"class_list":["post-1869","page","type-page","status-publish","hentry"],"featured_image_src":null,"yoast_head":"<!-- This site is optimized with the Yoast SEO plugin v25.4 - https:\/\/yoast.com\/wordpress\/plugins\/seo\/ -->\n<title>\u25b7Come contare le parole in Excel? (Tutorial 2023)<\/title>\n<meta name=\"description\" content=\"Vorrei che un giorno in futuro Excel disponga di questa opzione per contare le parole. Ma, per ora, hai tutti questi metodi\" \/>\n<meta name=\"robots\" content=\"index, follow, max-snippet:-1, max-image-preview:large, max-video-preview:-1\" \/>\n<link rel=\"canonical\" href=\"https:\/\/exceladvisor.org\/it\/contare-le-parole\/\" \/>\n<meta property=\"og:locale\" content=\"it_IT\" \/>\n<meta property=\"og:type\" content=\"article\" \/>\n<meta property=\"og:title\" content=\"\u25b7Come contare le parole in Excel? (Tutorial 2023)\" \/>\n<meta property=\"og:description\" content=\"Vorrei che un giorno in futuro Excel disponga di questa opzione per contare le parole. Ma, per ora, hai tutti questi metodi\" \/>\n<meta property=\"og:url\" content=\"https:\/\/exceladvisor.org\/it\/contare-le-parole\/\" \/>\n<meta property=\"og:site_name\" content=\"Excel Advisor\" \/>\n<meta property=\"article:modified_time\" content=\"2023-12-10T06:22:12+00:00\" \/>\n<meta property=\"og:image\" content=\"https:\/\/exceladvisor.org\/wp-content\/uploads\/2023\/08\/il-y-a-une-option-dans-word-pour-compter-les-mots-mais-pas-dans-excel.png\" \/>\n<meta name=\"twitter:card\" content=\"summary_large_image\" \/>\n<meta name=\"twitter:label1\" content=\"Tempo di lettura stimato\" \/>\n\t<meta name=\"twitter:data1\" content=\"6 minuti\" \/>\n<script type=\"application\/ld+json\" class=\"yoast-schema-graph\">{\"@context\":\"https:\/\/schema.org\",\"@graph\":[{\"@type\":\"WebPage\",\"@id\":\"https:\/\/exceladvisor.org\/it\/contare-le-parole\/\",\"url\":\"https:\/\/exceladvisor.org\/it\/contare-le-parole\/\",\"name\":\"\u25b7Come contare le parole in Excel? (Tutorial 2023)\",\"isPartOf\":{\"@id\":\"https:\/\/exceladvisor.org\/it\/#website\"},\"primaryImageOfPage\":{\"@id\":\"https:\/\/exceladvisor.org\/it\/contare-le-parole\/#primaryimage\"},\"image\":{\"@id\":\"https:\/\/exceladvisor.org\/it\/contare-le-parole\/#primaryimage\"},\"thumbnailUrl\":\"https:\/\/exceladvisor.org\/wp-content\/uploads\/2023\/08\/il-y-a-une-option-dans-word-pour-compter-les-mots-mais-pas-dans-excel.png\",\"datePublished\":\"2023-10-30T13:25:43+00:00\",\"dateModified\":\"2023-12-10T06:22:12+00:00\",\"description\":\"Vorrei che un giorno in futuro Excel disponga di questa opzione per contare le parole. Ma, per ora, hai tutti questi metodi\",\"breadcrumb\":{\"@id\":\"https:\/\/exceladvisor.org\/it\/contare-le-parole\/#breadcrumb\"},\"inLanguage\":\"it-IT\",\"potentialAction\":[{\"@type\":\"ReadAction\",\"target\":[\"https:\/\/exceladvisor.org\/it\/contare-le-parole\/\"]}]},{\"@type\":\"ImageObject\",\"inLanguage\":\"it-IT\",\"@id\":\"https:\/\/exceladvisor.org\/it\/contare-le-parole\/#primaryimage\",\"url\":\"https:\/\/exceladvisor.org\/wp-content\/uploads\/2023\/08\/il-y-a-une-option-dans-word-pour-compter-les-mots-mais-pas-dans-excel.png\",\"contentUrl\":\"https:\/\/exceladvisor.org\/wp-content\/uploads\/2023\/08\/il-y-a-une-option-dans-word-pour-compter-les-mots-mais-pas-dans-excel.png\"},{\"@type\":\"BreadcrumbList\",\"@id\":\"https:\/\/exceladvisor.org\/it\/contare-le-parole\/#breadcrumb\",\"itemListElement\":[{\"@type\":\"ListItem\",\"position\":1,\"name\":\"Home\",\"item\":\"https:\/\/exceladvisor.org\/it\/\"},{\"@type\":\"ListItem\",\"position\":2,\"name\":\"Come contare le parole in excel?\"}]},{\"@type\":\"WebSite\",\"@id\":\"https:\/\/exceladvisor.org\/it\/#website\",\"url\":\"https:\/\/exceladvisor.org\/it\/\",\"name\":\"Excel Advisor\",\"description\":\"Tips, Tricks, and Time-Saving Hacks\",\"publisher\":{\"@id\":\"https:\/\/exceladvisor.org\/it\/#organization\"},\"potentialAction\":[{\"@type\":\"SearchAction\",\"target\":{\"@type\":\"EntryPoint\",\"urlTemplate\":\"https:\/\/exceladvisor.org\/it\/?s={search_term_string}\"},\"query-input\":{\"@type\":\"PropertyValueSpecification\",\"valueRequired\":true,\"valueName\":\"search_term_string\"}}],\"inLanguage\":\"it-IT\"},{\"@type\":\"Organization\",\"@id\":\"https:\/\/exceladvisor.org\/it\/#organization\",\"name\":\"Excel Advisor\",\"url\":\"https:\/\/exceladvisor.org\/it\/\",\"logo\":{\"@type\":\"ImageObject\",\"inLanguage\":\"it-IT\",\"@id\":\"https:\/\/exceladvisor.org\/it\/#\/schema\/logo\/image\/\",\"url\":\"https:\/\/exceladvisor.org\/it\/wp-content\/uploads\/2023\/12\/exceladvisor.org_.png\",\"contentUrl\":\"https:\/\/exceladvisor.org\/it\/wp-content\/uploads\/2023\/12\/exceladvisor.org_.png\",\"width\":105,\"height\":36,\"caption\":\"Excel Advisor\"},\"image\":{\"@id\":\"https:\/\/exceladvisor.org\/it\/#\/schema\/logo\/image\/\"}}]}<\/script>\n<!-- \/ Yoast SEO plugin. -->","yoast_head_json":{"title":"\u25b7Come contare le parole in Excel? (Tutorial 2023)","description":"Vorrei che un giorno in futuro Excel disponga di questa opzione per contare le parole. Ma, per ora, hai tutti questi metodi","robots":{"index":"index","follow":"follow","max-snippet":"max-snippet:-1","max-image-preview":"max-image-preview:large","max-video-preview":"max-video-preview:-1"},"canonical":"https:\/\/exceladvisor.org\/it\/contare-le-parole\/","og_locale":"it_IT","og_type":"article","og_title":"\u25b7Come contare le parole in Excel? (Tutorial 2023)","og_description":"Vorrei che un giorno in futuro Excel disponga di questa opzione per contare le parole. Ma, per ora, hai tutti questi metodi","og_url":"https:\/\/exceladvisor.org\/it\/contare-le-parole\/","og_site_name":"Excel Advisor","article_modified_time":"2023-12-10T06:22:12+00:00","og_image":[{"url":"https:\/\/exceladvisor.org\/wp-content\/uploads\/2023\/08\/il-y-a-une-option-dans-word-pour-compter-les-mots-mais-pas-dans-excel.png","type":"","width":"","height":""}],"twitter_card":"summary_large_image","twitter_misc":{"Tempo di lettura stimato":"6 minuti"},"schema":{"@context":"https:\/\/schema.org","@graph":[{"@type":"WebPage","@id":"https:\/\/exceladvisor.org\/it\/contare-le-parole\/","url":"https:\/\/exceladvisor.org\/it\/contare-le-parole\/","name":"\u25b7Come contare le parole in Excel? (Tutorial 2023)","isPartOf":{"@id":"https:\/\/exceladvisor.org\/it\/#website"},"primaryImageOfPage":{"@id":"https:\/\/exceladvisor.org\/it\/contare-le-parole\/#primaryimage"},"image":{"@id":"https:\/\/exceladvisor.org\/it\/contare-le-parole\/#primaryimage"},"thumbnailUrl":"https:\/\/exceladvisor.org\/wp-content\/uploads\/2023\/08\/il-y-a-une-option-dans-word-pour-compter-les-mots-mais-pas-dans-excel.png","datePublished":"2023-10-30T13:25:43+00:00","dateModified":"2023-12-10T06:22:12+00:00","description":"Vorrei che un giorno in futuro Excel disponga di questa opzione per contare le parole. Ma, per ora, hai tutti questi metodi","breadcrumb":{"@id":"https:\/\/exceladvisor.org\/it\/contare-le-parole\/#breadcrumb"},"inLanguage":"it-IT","potentialAction":[{"@type":"ReadAction","target":["https:\/\/exceladvisor.org\/it\/contare-le-parole\/"]}]},{"@type":"ImageObject","inLanguage":"it-IT","@id":"https:\/\/exceladvisor.org\/it\/contare-le-parole\/#primaryimage","url":"https:\/\/exceladvisor.org\/wp-content\/uploads\/2023\/08\/il-y-a-une-option-dans-word-pour-compter-les-mots-mais-pas-dans-excel.png","contentUrl":"https:\/\/exceladvisor.org\/wp-content\/uploads\/2023\/08\/il-y-a-une-option-dans-word-pour-compter-les-mots-mais-pas-dans-excel.png"},{"@type":"BreadcrumbList","@id":"https:\/\/exceladvisor.org\/it\/contare-le-parole\/#breadcrumb","itemListElement":[{"@type":"ListItem","position":1,"name":"Home","item":"https:\/\/exceladvisor.org\/it\/"},{"@type":"ListItem","position":2,"name":"Come contare le parole in excel?"}]},{"@type":"WebSite","@id":"https:\/\/exceladvisor.org\/it\/#website","url":"https:\/\/exceladvisor.org\/it\/","name":"Excel Advisor","description":"Tips, Tricks, and Time-Saving Hacks","publisher":{"@id":"https:\/\/exceladvisor.org\/it\/#organization"},"potentialAction":[{"@type":"SearchAction","target":{"@type":"EntryPoint","urlTemplate":"https:\/\/exceladvisor.org\/it\/?s={search_term_string}"},"query-input":{"@type":"PropertyValueSpecification","valueRequired":true,"valueName":"search_term_string"}}],"inLanguage":"it-IT"},{"@type":"Organization","@id":"https:\/\/exceladvisor.org\/it\/#organization","name":"Excel Advisor","url":"https:\/\/exceladvisor.org\/it\/","logo":{"@type":"ImageObject","inLanguage":"it-IT","@id":"https:\/\/exceladvisor.org\/it\/#\/schema\/logo\/image\/","url":"https:\/\/exceladvisor.org\/it\/wp-content\/uploads\/2023\/12\/exceladvisor.org_.png","contentUrl":"https:\/\/exceladvisor.org\/it\/wp-content\/uploads\/2023\/12\/exceladvisor.org_.png","width":105,"height":36,"caption":"Excel Advisor"},"image":{"@id":"https:\/\/exceladvisor.org\/it\/#\/schema\/logo\/image\/"}}]}},"yoast_meta":{"yoast_wpseo_title":"","yoast_wpseo_metadesc":"","yoast_wpseo_canonical":""},"_links":{"self":[{"href":"https:\/\/exceladvisor.org\/it\/wp-json\/wp\/v2\/pages\/1869","targetHints":{"allow":["GET"]}}],"collection":[{"href":"https:\/\/exceladvisor.org\/it\/wp-json\/wp\/v2\/pages"}],"about":[{"href":"https:\/\/exceladvisor.org\/it\/wp-json\/wp\/v2\/types\/page"}],"author":[{"embeddable":true,"href":"https:\/\/exceladvisor.org\/it\/wp-json\/wp\/v2\/users\/1"}],"replies":[{"embeddable":true,"href":"https:\/\/exceladvisor.org\/it\/wp-json\/wp\/v2\/comments?post=1869"}],"version-history":[{"count":1,"href":"https:\/\/exceladvisor.org\/it\/wp-json\/wp\/v2\/pages\/1869\/revisions"}],"predecessor-version":[{"id":2405,"href":"https:\/\/exceladvisor.org\/it\/wp-json\/wp\/v2\/pages\/1869\/revisions\/2405"}],"wp:attachment":[{"href":"https:\/\/exceladvisor.org\/it\/wp-json\/wp\/v2\/media?parent=1869"}],"curies":[{"name":"wp","href":"https:\/\/api.w.org\/{rel}","templated":true}]}}