{"id":1870,"date":"2023-10-30T12:37:34","date_gmt":"2023-10-30T12:37:34","guid":{"rendered":"https:\/\/exceladvisor.org\/it\/aggiungere-un-codice-a-barre\/"},"modified":"2023-12-10T06:24:05","modified_gmt":"2023-12-10T06:24:05","slug":"aggiungere-un-codice-a-barre","status":"publish","type":"page","link":"https:\/\/exceladvisor.org\/it\/aggiungere-un-codice-a-barre\/","title":{"rendered":"Come installare un carattere per codice a barre in excel?"},"content":{"rendered":"<div class=\"excel-prima-del-contenuto\" id=\"excel-1140101060\"><script type=\"text\/javascript\">\r\n\tatOptions = {\r\n\t\t'key' : 'c1158f160081d6540a8409e6925dab94',\r\n\t\t'format' : 'iframe',\r\n\t\t'height' : 250,\r\n\t\t'width' : 300,\r\n\t\t'params' : {}\r\n\t};\r\n<\/script>\r\n<script type=\"text\/javascript\" src=\"\/\/www.highperformanceformat.com\/c1158f160081d6540a8409e6925dab94\/invoke.js\"><\/script><\/div> <p>Le persone che <a style=\"outline: none;\" href=\"https:\/\/exceladvisor.org\/it\/modello-di-gestione-dellinventario-moduli-utente-excel-vba\/\" data-wpel-link=\"internal\">tengono traccia di inventario, vendite e acquisti in Excel<\/a> spesso mi chiedono &#8220;come possiamo generare un codice a barre in Excel?&#8221; &#8220;. Bene, in Excel non esiste un&#8217;opzione predefinita per generare un codice a barre.<\/p><p> E la cattiva notizia \u00e8: non ci sono piani da parte di Microsoft per aggiungere un&#8217;opzione come questa. Ma ecco la buona notizia: puoi generare un codice a barre in Excel installando un carattere. <\/p><p><img loading=\"lazy\" decoding=\"async\" class=\"aligncenter\" src=\"https:\/\/exceladvisor.org\/wp-content\/uploads\/2023\/08\/39-code-a-barres-dans-excel.gif\" sizes=\"auto, \" srcset=\"\" alt=\"Codice a barre 39 in excel\" width=\"360\" height=\"160\" data-attachment-id=\"14405\"><\/p><p> Quindi oggi, solo per te, vorrei svelarti il \u200b\u200bmetodo per generare codici a barre in Excel utilizzando 39 codici a barre. Quindi iniziamo.<\/p><h2 style=\"margin-bottom: 20px !important; margin-top: 0px !important;\"> Qual \u00e8 il codice 39?<\/h2><p> Il codice 39 \u00e8 noto come codice 3 di 9, che \u00e8 il codice a barre pi\u00f9 utilizzato e pu\u00f2 essere letto da tutti gli scanner di codici a barre. In questo codice, ogni carattere ha 5 barre e 4 spazi per un totale di 9 caratteri. Su un totale di 9 caratteri, 3 caratteri sono sempre larghi. Pu\u00f2 codificare 26 lettere maiuscole, 10 numeri e 7 caratteri speciali.<\/p><p> <strong>Nota rapida:<\/strong> questo \u00e8 uno di quei <a style=\"outline: none;\" href=\"https:\/\/exceladvisor.org\/it\/consiglio\/\" data-wpil=\"url\">trucchi di Excel<\/a> che possono aiutare a migliorare <a style=\"outline: none;\" href=\"https:\/\/exceladvisor.org\/it\/eccellere-nelle-competenze\/\">le competenze di base di Excel<\/a><\/p><h2 style=\"margin-bottom: 20px !important; margin-top: 0px !important;\"> Passaggi per aggiungere caratteri\/generare codici a barre in Excel<\/h2><p> Basta seguire questi semplici passaggi.<\/p><ul><li> Prima di tutto, devi scaricare questo font per codici a barre gratuito <a href=\"http:\/\/www.idautomation.com\/free-barcode-products\/code39-font\/#Download_Free_Barcode_Font\" target=\"_blank\" rel=\"noopener\" data-tcb-events=\"\">da idautomation<\/a> .<\/li><li> Una volta scaricato questo carattere, devi installarlo sul tuo sistema. <\/li><\/ul><p><img loading=\"lazy\" decoding=\"async\" class=\"aligncenter\" src=\"https:\/\/exceladvisor.org\/wp-content\/uploads\/2023\/08\/installer-la-police-de-code-a-barres-dans-Excel.png\" sizes=\"auto, \" srcset=\"\" alt=\"installare il carattere del codice a barre in Excel\" width=\"277\" height=\"73\" data-attachment-id=\"14409\"><\/p><p> Nota importante: questa \u00e8 una versione gratuita del carattere. Puoi usarlo solo per scopi didattici.<\/p><ul><li> Ora, dal tuo foglio di calcolo, seleziona la cella in cui desideri creare un codice a barre.<\/li><li> Inserisci il valore per il quale desideri creare il codice a barre.<\/li><li style=\"line-height: 25.5px;\" data-unit=\"px\"> Cambia semplicemente lo stile del carattere dal normale stile del carattere a &#8221; <a href=\"http:\/\/www.idautomation.com\/free-barcode-products\/code39-font\/#Download_Free_Barcode_Font\" target=\"_blank\" rel=\"noopener\" data-tcb-events=\"\">IDAutomationHC39M Versione gratuita<\/a> &#8220;. <\/li><\/ul><p><img loading=\"lazy\" decoding=\"async\" class=\"aligncenter\" src=\"https:\/\/exceladvisor.org\/wp-content\/uploads\/2023\/08\/changer-la-police-en-code-barres-a-partir-de-la-normale-en-utilisant-les-options-de-formatage-1.png\" sizes=\"auto, \" srcset=\"\" alt=\"\" width=\"531\" height=\"467\" data-attachment-id=\"14411\"><\/p><p> Non appena cambi lo stile del carattere, il testo viene convertito in un codice a barre.<\/p><p> Questo stile di carattere convertir\u00e0 semplicemente il tuo testo in 3 dei 9 codici a barre. E puoi usarlo dove vuoi.<\/p><h2 style=\"margin-bottom: 20px !important; margin-top: 0px !important;\"> Passaggi per creare un codice a barre in Word<\/h2><p> Puoi anche creare un codice a barre 3 x 9 in Word seguendo i passaggi seguenti.<\/p><ul data-unit=\"px\"><li style=\"line-height: 30px;\" data-unit=\"px\"> Dopo aver installato il carattere nel tuo sistema, puoi richiamarlo da qualsiasi applicazione desktop.<\/li><li style=\"line-height: 30px;\"> Inserisci semplicemente il testo per il quale desideri creare un codice.<\/li><li style=\"line-height: 30px;\"> Seleziona questo testo e modifica lo stile del carattere in &#8220;IDAutomationHC39M Versione gratuita&#8221;.<\/li><\/ul><h2 style=\"margin-bottom: 20px !important; margin-top: 0px !important;\"> Conclusione<\/h2><p> Questa \u00e8 tutta la storia del codice a barre. E sai che questo \u00e8 uno dei modi pi\u00f9 semplici per creare un codice a barre in Excel\/Word.\u200b<\/p><p> Puoi generare e stampare questi codici a barre e puoi anche creare un modello separato anche per quello. Spero che questo suggerimento ti aiuti a <a style=\"outline: none;\" href=\"https:\/\/exceladvisor.org\/it\/modello-di-gestione-dellinventario-moduli-utente-excel-vba\/\">tenere traccia del tuo inventario in modo efficace<\/a> .<\/p>","protected":false},"excerpt":{"rendered":"","protected":false},"author":1,"featured_media":0,"parent":0,"menu_order":0,"comment_status":"open","ping_status":"closed","template":"","meta":{"ub_ctt_via":"","footnotes":""},"class_list":["post-1870","page","type-page","status-publish","hentry"],"featured_image_src":null,"yoast_head":"<!-- This site is optimized with the Yoast SEO plugin v25.4 - https:\/\/yoast.com\/wordpress\/plugins\/seo\/ -->\n<title>Come installare un carattere per codici a barre in Excel o Word?<\/title>\n<meta name=\"description\" content=\"Bene, in Excel non esiste un&#039;opzione predefinita per generare un codice a barre. Ma puoi generarlo installando un font...\" \/>\n<meta name=\"robots\" content=\"index, follow, max-snippet:-1, max-image-preview:large, max-video-preview:-1\" \/>\n<link rel=\"canonical\" href=\"https:\/\/exceladvisor.org\/it\/aggiungere-un-codice-a-barre\/\" \/>\n<meta property=\"og:locale\" content=\"it_IT\" \/>\n<meta property=\"og:type\" content=\"article\" \/>\n<meta property=\"og:title\" content=\"Come installare un carattere per codici a barre in Excel o Word?\" \/>\n<meta property=\"og:description\" content=\"Bene, in Excel non esiste un&#039;opzione predefinita per generare un codice a barre. Ma puoi generarlo installando un font...\" \/>\n<meta property=\"og:url\" content=\"https:\/\/exceladvisor.org\/it\/aggiungere-un-codice-a-barre\/\" \/>\n<meta property=\"og:site_name\" content=\"Excel Advisor\" \/>\n<meta property=\"article:modified_time\" content=\"2023-12-10T06:24:05+00:00\" \/>\n<meta property=\"og:image\" content=\"https:\/\/exceladvisor.org\/wp-content\/uploads\/2023\/08\/39-code-a-barres-dans-excel.gif\" \/>\n<meta name=\"twitter:card\" content=\"summary_large_image\" \/>\n<meta name=\"twitter:label1\" content=\"Tempo di lettura stimato\" \/>\n\t<meta name=\"twitter:data1\" content=\"2 minuti\" \/>\n<script type=\"application\/ld+json\" class=\"yoast-schema-graph\">{\"@context\":\"https:\/\/schema.org\",\"@graph\":[{\"@type\":\"WebPage\",\"@id\":\"https:\/\/exceladvisor.org\/it\/aggiungere-un-codice-a-barre\/\",\"url\":\"https:\/\/exceladvisor.org\/it\/aggiungere-un-codice-a-barre\/\",\"name\":\"Come installare un carattere per codici a barre in Excel o Word?\",\"isPartOf\":{\"@id\":\"https:\/\/exceladvisor.org\/it\/#website\"},\"primaryImageOfPage\":{\"@id\":\"https:\/\/exceladvisor.org\/it\/aggiungere-un-codice-a-barre\/#primaryimage\"},\"image\":{\"@id\":\"https:\/\/exceladvisor.org\/it\/aggiungere-un-codice-a-barre\/#primaryimage\"},\"thumbnailUrl\":\"https:\/\/exceladvisor.org\/wp-content\/uploads\/2023\/08\/39-code-a-barres-dans-excel.gif\",\"datePublished\":\"2023-10-30T12:37:34+00:00\",\"dateModified\":\"2023-12-10T06:24:05+00:00\",\"description\":\"Bene, in Excel non esiste un&#39;opzione predefinita per generare un codice a barre. Ma puoi generarlo installando un font...\",\"breadcrumb\":{\"@id\":\"https:\/\/exceladvisor.org\/it\/aggiungere-un-codice-a-barre\/#breadcrumb\"},\"inLanguage\":\"it-IT\",\"potentialAction\":[{\"@type\":\"ReadAction\",\"target\":[\"https:\/\/exceladvisor.org\/it\/aggiungere-un-codice-a-barre\/\"]}]},{\"@type\":\"ImageObject\",\"inLanguage\":\"it-IT\",\"@id\":\"https:\/\/exceladvisor.org\/it\/aggiungere-un-codice-a-barre\/#primaryimage\",\"url\":\"https:\/\/exceladvisor.org\/wp-content\/uploads\/2023\/08\/39-code-a-barres-dans-excel.gif\",\"contentUrl\":\"https:\/\/exceladvisor.org\/wp-content\/uploads\/2023\/08\/39-code-a-barres-dans-excel.gif\"},{\"@type\":\"BreadcrumbList\",\"@id\":\"https:\/\/exceladvisor.org\/it\/aggiungere-un-codice-a-barre\/#breadcrumb\",\"itemListElement\":[{\"@type\":\"ListItem\",\"position\":1,\"name\":\"Home\",\"item\":\"https:\/\/exceladvisor.org\/it\/\"},{\"@type\":\"ListItem\",\"position\":2,\"name\":\"Come installare un carattere per codice a barre in excel?\"}]},{\"@type\":\"WebSite\",\"@id\":\"https:\/\/exceladvisor.org\/it\/#website\",\"url\":\"https:\/\/exceladvisor.org\/it\/\",\"name\":\"Excel Advisor\",\"description\":\"Tips, Tricks, and Time-Saving Hacks\",\"publisher\":{\"@id\":\"https:\/\/exceladvisor.org\/it\/#organization\"},\"potentialAction\":[{\"@type\":\"SearchAction\",\"target\":{\"@type\":\"EntryPoint\",\"urlTemplate\":\"https:\/\/exceladvisor.org\/it\/?s={search_term_string}\"},\"query-input\":{\"@type\":\"PropertyValueSpecification\",\"valueRequired\":true,\"valueName\":\"search_term_string\"}}],\"inLanguage\":\"it-IT\"},{\"@type\":\"Organization\",\"@id\":\"https:\/\/exceladvisor.org\/it\/#organization\",\"name\":\"Excel Advisor\",\"url\":\"https:\/\/exceladvisor.org\/it\/\",\"logo\":{\"@type\":\"ImageObject\",\"inLanguage\":\"it-IT\",\"@id\":\"https:\/\/exceladvisor.org\/it\/#\/schema\/logo\/image\/\",\"url\":\"https:\/\/exceladvisor.org\/it\/wp-content\/uploads\/2023\/12\/exceladvisor.org_.png\",\"contentUrl\":\"https:\/\/exceladvisor.org\/it\/wp-content\/uploads\/2023\/12\/exceladvisor.org_.png\",\"width\":105,\"height\":36,\"caption\":\"Excel Advisor\"},\"image\":{\"@id\":\"https:\/\/exceladvisor.org\/it\/#\/schema\/logo\/image\/\"}}]}<\/script>\n<!-- \/ Yoast SEO plugin. -->","yoast_head_json":{"title":"Come installare un carattere per codici a barre in Excel o Word?","description":"Bene, in Excel non esiste un&#39;opzione predefinita per generare un codice a barre. Ma puoi generarlo installando un font...","robots":{"index":"index","follow":"follow","max-snippet":"max-snippet:-1","max-image-preview":"max-image-preview:large","max-video-preview":"max-video-preview:-1"},"canonical":"https:\/\/exceladvisor.org\/it\/aggiungere-un-codice-a-barre\/","og_locale":"it_IT","og_type":"article","og_title":"Come installare un carattere per codici a barre in Excel o Word?","og_description":"Bene, in Excel non esiste un&#39;opzione predefinita per generare un codice a barre. Ma puoi generarlo installando un font...","og_url":"https:\/\/exceladvisor.org\/it\/aggiungere-un-codice-a-barre\/","og_site_name":"Excel Advisor","article_modified_time":"2023-12-10T06:24:05+00:00","og_image":[{"url":"https:\/\/exceladvisor.org\/wp-content\/uploads\/2023\/08\/39-code-a-barres-dans-excel.gif","type":"","width":"","height":""}],"twitter_card":"summary_large_image","twitter_misc":{"Tempo di lettura stimato":"2 minuti"},"schema":{"@context":"https:\/\/schema.org","@graph":[{"@type":"WebPage","@id":"https:\/\/exceladvisor.org\/it\/aggiungere-un-codice-a-barre\/","url":"https:\/\/exceladvisor.org\/it\/aggiungere-un-codice-a-barre\/","name":"Come installare un carattere per codici a barre in Excel o Word?","isPartOf":{"@id":"https:\/\/exceladvisor.org\/it\/#website"},"primaryImageOfPage":{"@id":"https:\/\/exceladvisor.org\/it\/aggiungere-un-codice-a-barre\/#primaryimage"},"image":{"@id":"https:\/\/exceladvisor.org\/it\/aggiungere-un-codice-a-barre\/#primaryimage"},"thumbnailUrl":"https:\/\/exceladvisor.org\/wp-content\/uploads\/2023\/08\/39-code-a-barres-dans-excel.gif","datePublished":"2023-10-30T12:37:34+00:00","dateModified":"2023-12-10T06:24:05+00:00","description":"Bene, in Excel non esiste un&#39;opzione predefinita per generare un codice a barre. Ma puoi generarlo installando un font...","breadcrumb":{"@id":"https:\/\/exceladvisor.org\/it\/aggiungere-un-codice-a-barre\/#breadcrumb"},"inLanguage":"it-IT","potentialAction":[{"@type":"ReadAction","target":["https:\/\/exceladvisor.org\/it\/aggiungere-un-codice-a-barre\/"]}]},{"@type":"ImageObject","inLanguage":"it-IT","@id":"https:\/\/exceladvisor.org\/it\/aggiungere-un-codice-a-barre\/#primaryimage","url":"https:\/\/exceladvisor.org\/wp-content\/uploads\/2023\/08\/39-code-a-barres-dans-excel.gif","contentUrl":"https:\/\/exceladvisor.org\/wp-content\/uploads\/2023\/08\/39-code-a-barres-dans-excel.gif"},{"@type":"BreadcrumbList","@id":"https:\/\/exceladvisor.org\/it\/aggiungere-un-codice-a-barre\/#breadcrumb","itemListElement":[{"@type":"ListItem","position":1,"name":"Home","item":"https:\/\/exceladvisor.org\/it\/"},{"@type":"ListItem","position":2,"name":"Come installare un carattere per codice a barre in excel?"}]},{"@type":"WebSite","@id":"https:\/\/exceladvisor.org\/it\/#website","url":"https:\/\/exceladvisor.org\/it\/","name":"Excel Advisor","description":"Tips, Tricks, and Time-Saving Hacks","publisher":{"@id":"https:\/\/exceladvisor.org\/it\/#organization"},"potentialAction":[{"@type":"SearchAction","target":{"@type":"EntryPoint","urlTemplate":"https:\/\/exceladvisor.org\/it\/?s={search_term_string}"},"query-input":{"@type":"PropertyValueSpecification","valueRequired":true,"valueName":"search_term_string"}}],"inLanguage":"it-IT"},{"@type":"Organization","@id":"https:\/\/exceladvisor.org\/it\/#organization","name":"Excel Advisor","url":"https:\/\/exceladvisor.org\/it\/","logo":{"@type":"ImageObject","inLanguage":"it-IT","@id":"https:\/\/exceladvisor.org\/it\/#\/schema\/logo\/image\/","url":"https:\/\/exceladvisor.org\/it\/wp-content\/uploads\/2023\/12\/exceladvisor.org_.png","contentUrl":"https:\/\/exceladvisor.org\/it\/wp-content\/uploads\/2023\/12\/exceladvisor.org_.png","width":105,"height":36,"caption":"Excel Advisor"},"image":{"@id":"https:\/\/exceladvisor.org\/it\/#\/schema\/logo\/image\/"}}]}},"yoast_meta":{"yoast_wpseo_title":"","yoast_wpseo_metadesc":"","yoast_wpseo_canonical":""},"_links":{"self":[{"href":"https:\/\/exceladvisor.org\/it\/wp-json\/wp\/v2\/pages\/1870","targetHints":{"allow":["GET"]}}],"collection":[{"href":"https:\/\/exceladvisor.org\/it\/wp-json\/wp\/v2\/pages"}],"about":[{"href":"https:\/\/exceladvisor.org\/it\/wp-json\/wp\/v2\/types\/page"}],"author":[{"embeddable":true,"href":"https:\/\/exceladvisor.org\/it\/wp-json\/wp\/v2\/users\/1"}],"replies":[{"embeddable":true,"href":"https:\/\/exceladvisor.org\/it\/wp-json\/wp\/v2\/comments?post=1870"}],"version-history":[{"count":1,"href":"https:\/\/exceladvisor.org\/it\/wp-json\/wp\/v2\/pages\/1870\/revisions"}],"predecessor-version":[{"id":2561,"href":"https:\/\/exceladvisor.org\/it\/wp-json\/wp\/v2\/pages\/1870\/revisions\/2561"}],"wp:attachment":[{"href":"https:\/\/exceladvisor.org\/it\/wp-json\/wp\/v2\/media?parent=1870"}],"curies":[{"name":"wp","href":"https:\/\/api.w.org\/{rel}","templated":true}]}}