{"id":1872,"date":"2023-10-30T11:53:34","date_gmt":"2023-10-30T11:53:34","guid":{"rendered":"https:\/\/exceladvisor.org\/it\/finestra-di-guardia\/"},"modified":"2023-12-10T06:26:47","modified_gmt":"2023-12-10T06:26:47","slug":"finestra-di-guardia","status":"publish","type":"page","link":"https:\/\/exceladvisor.org\/it\/finestra-di-guardia\/","title":{"rendered":"Come utilizzare la finestra di controllo in excel?"},"content":{"rendered":"<div class=\"excel-prima-del-contenuto\" id=\"excel-136903025\"><script type=\"text\/javascript\">\r\n\tatOptions = {\r\n\t\t'key' : 'c1158f160081d6540a8409e6925dab94',\r\n\t\t'format' : 'iframe',\r\n\t\t'height' : 250,\r\n\t\t'width' : 300,\r\n\t\t'params' : {}\r\n\t};\r\n<\/script>\r\n<script type=\"text\/javascript\" src=\"\/\/www.highperformanceformat.com\/c1158f160081d6540a8409e6925dab94\/invoke.js\"><\/script><\/div> <p>Spesso nel nostro foglio di calcolo ci sono celle in cui abbiamo formule importanti. E queste formule ci aiutano a calcolare alcuni valori cruciali. In questa situazione, \u00e8 davvero importante monitorare queste celle per verificare se il calcolo \u00e8 corretto o se non sono presenti errori.<\/p><p> Ma il fatto \u00e8 che pi\u00f9 cellule di questo tipo hai, maggiore sar\u00e0 lo sforzo e il tempo che dovrai dedicare al loro monitoraggio. In Excel esiste un&#8217;opzione chiamata Watch Window che \u00e8 stata introdotta da Microsoft nella versione 2013 e pu\u00f2 essere il tuo strumento aziendale una volta che sai quanto \u00e8 utile.<\/p><p> In questo articolo imparerai come tenere traccia delle tue celle importanti con una finestra di controllo in Excel. Questo \u00e8 uno di quei <a style=\"outline: none;\" href=\"https:\/\/exceladvisor.org\/it\/consiglio\/\" data-wpil=\"url\">trucchi di Excel<\/a> che possono aiutare a migliorare <a href=\"https:\/\/exceladvisor.org\/it\/eccellere-nelle-competenze\/\">le competenze di base di Excel<\/a> .<\/p><h2 id=\"tab-con-2\" class=\"wp-block-heading\"> Dove trovarlo sulla barra multifunzione?<\/h2><p> <strong>Vai alla scheda Formula \u2192 Controllo formula \u2192 finestra Monitoraggio.<\/strong> <\/p><div class=\"wp-block-image\"><figure class=\"aligncenter\"><img decoding=\"async\" src=\"https:\/\/exceladvisor.org\/wp-content\/uploads\/2023\/08\/Fenetre-de-surveillance-dans-Excel-1-1.png\" sizes=\"\" srcset=\"\" alt=\"come trovare la finestra di controllo sulla barra multifunzione di Excel\"><\/figure><\/div><h2 id=\"tab-con-3\" class=\"wp-block-heading\"> Tasto di scelta rapida<\/h2><p> Puoi anche usare Alt + M + W per aprire la finestra Watch.<\/p><h2 id=\"tab-con-4\" class=\"wp-block-heading\"> Aggiungi una cella alla finestra di monitoraggio<\/h2><ul><li> Fare clic su Aggiungi orologio.<\/li><li> Aggiungi l&#8217;indirizzo della cella alla casella di input.<\/li><li> Fare clic su OK. <\/li><\/ul><div class=\"wp-block-image\"><figure class=\"aligncenter\"><img decoding=\"async\" src=\"https:\/\/exceladvisor.org\/wp-content\/uploads\/2023\/08\/Ajouter-une-cellule-pour-utiliser-la-fenetre-de-surveillance-dans-Excel-1.gif\" sizes=\"\" srcset=\"\" alt=\"aggiungi cella nella finestra di monitoraggio per il monitoraggio\"><\/figure><\/div><h2 id=\"tab-con-5\" class=\"wp-block-heading\"> Monitoraggio di celle importanti con la finestra di monitoraggio<\/h2><p> Possiamo ispezionare e controllare i seguenti componenti con la finestra di monitoraggio.<\/p><ol><li> <strong>Nomi delle cartelle di lavoro<\/strong> : quando aggiungi una cella all&#8217;orologio, acquisisce il nome della cartella di lavoro.<\/li><li> <strong>Nome del foglio di lavoro<\/strong> : anche il nome del foglio di lavoro verr\u00e0 acquisito insieme al nome della cartella di lavoro. Quando nella cartella di lavoro sono presenti molti fogli di lavoro, \u00e8 facile identificare le celle con i nomi dei fogli di lavoro.<\/li><li> <strong>Nome<\/strong> : acquisir\u00e0 anche il nome dell&#8217;intervallo di celle se lo hai specificato.<\/li><li> <strong>Indirizzo cella<\/strong> : verr\u00e0 visualizzato l&#8217;indirizzo della cella.<\/li><li> <strong>Valore cella<\/strong> : hai un valore cella nella finestra di monitoraggio. Questo \u00e8 un valore volatile che pu\u00f2 cambiare quando cambia il valore effettivo della cella. Ci\u00f2 semplifica il controllo dei valori nella cella.<\/li><li> <strong>Formula<\/strong> : se la cella aggiunta ha una formula, la vedrai nella finestra di controllo. Ci\u00f2 li rende pi\u00f9 facili da ispezionare e verificare.<\/li><\/ol><h2 id=\"tab-con-6\" class=\"wp-block-heading\"> Elimina una cella da<\/h2><ol><li> Seleziona la cella che desideri eliminare.<\/li><li> Fare clic sul pulsante Elimina o toccare Elimina. <\/li><\/ol><div class=\"wp-block-image\"><figure class=\"aligncenter\"><img decoding=\"async\" src=\"https:\/\/exceladvisor.org\/wp-content\/uploads\/2023\/08\/Supprimer-une-cellule-pour-utiliser-la-fenetre-de-surveillance-dans-Excel-1.gif\" sizes=\"\" srcset=\"\" alt=\"rimuovere una cella dalla finestra di monitoraggio\"><\/figure><\/div><p> Per eliminare pi\u00f9 di una cella, utilizza Maiusc+tasto freccia oppure puoi anche utilizzare Maiusc+tasto Fine per selezionare tutte le celle da eliminare.<\/p><h2 id=\"tab-con-7\" class=\"wp-block-heading\"> Correzione della finestra di controllo sotto la barra multifunzione di Excel<\/h2><p> Puoi anche attaccarlo sotto il nastro. Per fare ci\u00f2 \u00e8 sufficiente fare doppio clic sulla barra del titolo della finestra di monitoraggio. <\/p><div class=\"wp-block-image\"><figure class=\"aligncenter\"><img decoding=\"async\" src=\"https:\/\/exceladvisor.org\/wp-content\/uploads\/2023\/08\/Correction-de-la-fenetre-de-surveillance-dans-Excel-sous-le-ruban-1.png\" sizes=\"\" srcset=\"\" alt=\"fissare la finestra dell'orologio sotto il nastro\"><\/figure><\/div><h2 id=\"tab-con-8\" class=\"wp-block-heading\"> Punti importanti<\/h2><ol><li> Puoi aggiungere quante celle l\u00ec per monitorarle, ma l&#8217;utilizzo di troppe celle rallenter\u00e0 la tua cartella di lavoro.<\/li><li> Fare doppio clic sulla voce della cella per selezionarla.<\/li><li> Puoi tenere traccia di una cella in una cartella di lavoro solo se la cartella di lavoro \u00e8 aperta.<\/li><\/ol><div class=\"gb-container gb-container-4db6181c gb-container-mt\"> <a class=\"gb-button gb-button-c5897111 gb-button-text gb-button-mt-button\" href=\"https:\/\/exceladvisor.org\/it\/eccellere-in-anticipo\/\">Esercitazioni avanzate su Excel<\/a><h2 class=\"gb-headline gb-headline-665e5f6b gb-headline-text gb-headline-mt-heading\"> Tutorial correlati <\/h2><div class=\"gb-grid-wrapper gb-grid-wrapper-a20baf7c gb-grid-wrapper-mt-grid\"><div class=\"gb-grid-column gb-grid-column-65ddf67e\"><div class=\"gb-container gb-container-65ddf67e\"><ul><li> <a href=\"https:\/\/exceladvisor.org\/it\/strumento-fotocamera\/\">Strumento Fotocamera di Excel<\/a><\/li><li> <a href=\"https:\/\/exceladvisor.org\/it\/ricerca-dellobiettivo\/\">Trova obiettivo in Excel<\/a><\/li><li> <a href=\"https:\/\/exceladvisor.org\/it\/affettatrice-excel\/\">Affettatrice di Excel (guida completa)<\/a><\/li><li> <a href=\"https:\/\/exceladvisor.org\/it\/excel-per-impostazione-predefinita-su-mac\/\">Rendi Excel predefinito su Mac<\/a><\/li><li> <a href=\"https:\/\/exceladvisor.org\/it\/modalita-provvisoria-excel\/\">Apri Excel in modalit\u00e0 provvisoria<\/a><\/li><\/ul><\/div><\/div><\/div><\/div>","protected":false},"excerpt":{"rendered":"","protected":false},"author":1,"featured_media":0,"parent":0,"menu_order":0,"comment_status":"open","ping_status":"closed","template":"","meta":{"ub_ctt_via":"","footnotes":""},"class_list":["post-1872","page","type-page","status-publish","hentry"],"featured_image_src":null,"yoast_head":"<!-- This site is optimized with the Yoast SEO plugin v25.4 - https:\/\/yoast.com\/wordpress\/plugins\/seo\/ -->\n<title>Come utilizzare la finestra di controllo in Excel?<\/title>\n<meta name=\"description\" content=\"Quando \u00e8 importante tenere d&#039;occhio tutte le celle importanti, puoi utilizzare Watch Window in Excel.\" \/>\n<meta name=\"robots\" content=\"index, follow, max-snippet:-1, max-image-preview:large, max-video-preview:-1\" \/>\n<link rel=\"canonical\" href=\"https:\/\/exceladvisor.org\/it\/finestra-di-guardia\/\" \/>\n<meta property=\"og:locale\" content=\"it_IT\" \/>\n<meta property=\"og:type\" content=\"article\" \/>\n<meta property=\"og:title\" content=\"Come utilizzare la finestra di controllo in Excel?\" \/>\n<meta property=\"og:description\" content=\"Quando \u00e8 importante tenere d&#039;occhio tutte le celle importanti, puoi utilizzare Watch Window in Excel.\" \/>\n<meta property=\"og:url\" content=\"https:\/\/exceladvisor.org\/it\/finestra-di-guardia\/\" \/>\n<meta property=\"og:site_name\" content=\"Excel Advisor\" \/>\n<meta property=\"article:modified_time\" content=\"2023-12-10T06:26:47+00:00\" \/>\n<meta property=\"og:image\" content=\"https:\/\/exceladvisor.org\/wp-content\/uploads\/2023\/08\/Fenetre-de-surveillance-dans-Excel-1-1.png\" \/>\n<meta name=\"twitter:card\" content=\"summary_large_image\" \/>\n<meta name=\"twitter:label1\" content=\"Tempo di lettura stimato\" \/>\n\t<meta name=\"twitter:data1\" content=\"2 minuti\" \/>\n<script type=\"application\/ld+json\" class=\"yoast-schema-graph\">{\"@context\":\"https:\/\/schema.org\",\"@graph\":[{\"@type\":\"WebPage\",\"@id\":\"https:\/\/exceladvisor.org\/it\/finestra-di-guardia\/\",\"url\":\"https:\/\/exceladvisor.org\/it\/finestra-di-guardia\/\",\"name\":\"Come utilizzare la finestra di controllo in Excel?\",\"isPartOf\":{\"@id\":\"https:\/\/exceladvisor.org\/it\/#website\"},\"primaryImageOfPage\":{\"@id\":\"https:\/\/exceladvisor.org\/it\/finestra-di-guardia\/#primaryimage\"},\"image\":{\"@id\":\"https:\/\/exceladvisor.org\/it\/finestra-di-guardia\/#primaryimage\"},\"thumbnailUrl\":\"https:\/\/exceladvisor.org\/wp-content\/uploads\/2023\/08\/Fenetre-de-surveillance-dans-Excel-1-1.png\",\"datePublished\":\"2023-10-30T11:53:34+00:00\",\"dateModified\":\"2023-12-10T06:26:47+00:00\",\"description\":\"Quando \u00e8 importante tenere d&#39;occhio tutte le celle importanti, puoi utilizzare Watch Window in Excel.\",\"breadcrumb\":{\"@id\":\"https:\/\/exceladvisor.org\/it\/finestra-di-guardia\/#breadcrumb\"},\"inLanguage\":\"it-IT\",\"potentialAction\":[{\"@type\":\"ReadAction\",\"target\":[\"https:\/\/exceladvisor.org\/it\/finestra-di-guardia\/\"]}]},{\"@type\":\"ImageObject\",\"inLanguage\":\"it-IT\",\"@id\":\"https:\/\/exceladvisor.org\/it\/finestra-di-guardia\/#primaryimage\",\"url\":\"https:\/\/exceladvisor.org\/wp-content\/uploads\/2023\/08\/Fenetre-de-surveillance-dans-Excel-1-1.png\",\"contentUrl\":\"https:\/\/exceladvisor.org\/wp-content\/uploads\/2023\/08\/Fenetre-de-surveillance-dans-Excel-1-1.png\"},{\"@type\":\"BreadcrumbList\",\"@id\":\"https:\/\/exceladvisor.org\/it\/finestra-di-guardia\/#breadcrumb\",\"itemListElement\":[{\"@type\":\"ListItem\",\"position\":1,\"name\":\"Home\",\"item\":\"https:\/\/exceladvisor.org\/it\/\"},{\"@type\":\"ListItem\",\"position\":2,\"name\":\"Come utilizzare la finestra di controllo in excel?\"}]},{\"@type\":\"WebSite\",\"@id\":\"https:\/\/exceladvisor.org\/it\/#website\",\"url\":\"https:\/\/exceladvisor.org\/it\/\",\"name\":\"Excel Advisor\",\"description\":\"Tips, Tricks, and Time-Saving Hacks\",\"publisher\":{\"@id\":\"https:\/\/exceladvisor.org\/it\/#organization\"},\"potentialAction\":[{\"@type\":\"SearchAction\",\"target\":{\"@type\":\"EntryPoint\",\"urlTemplate\":\"https:\/\/exceladvisor.org\/it\/?s={search_term_string}\"},\"query-input\":{\"@type\":\"PropertyValueSpecification\",\"valueRequired\":true,\"valueName\":\"search_term_string\"}}],\"inLanguage\":\"it-IT\"},{\"@type\":\"Organization\",\"@id\":\"https:\/\/exceladvisor.org\/it\/#organization\",\"name\":\"Excel Advisor\",\"url\":\"https:\/\/exceladvisor.org\/it\/\",\"logo\":{\"@type\":\"ImageObject\",\"inLanguage\":\"it-IT\",\"@id\":\"https:\/\/exceladvisor.org\/it\/#\/schema\/logo\/image\/\",\"url\":\"https:\/\/exceladvisor.org\/it\/wp-content\/uploads\/2023\/12\/exceladvisor.org_.png\",\"contentUrl\":\"https:\/\/exceladvisor.org\/it\/wp-content\/uploads\/2023\/12\/exceladvisor.org_.png\",\"width\":105,\"height\":36,\"caption\":\"Excel Advisor\"},\"image\":{\"@id\":\"https:\/\/exceladvisor.org\/it\/#\/schema\/logo\/image\/\"}}]}<\/script>\n<!-- \/ Yoast SEO plugin. -->","yoast_head_json":{"title":"Come utilizzare la finestra di controllo in Excel?","description":"Quando \u00e8 importante tenere d&#39;occhio tutte le celle importanti, puoi utilizzare Watch Window in Excel.","robots":{"index":"index","follow":"follow","max-snippet":"max-snippet:-1","max-image-preview":"max-image-preview:large","max-video-preview":"max-video-preview:-1"},"canonical":"https:\/\/exceladvisor.org\/it\/finestra-di-guardia\/","og_locale":"it_IT","og_type":"article","og_title":"Come utilizzare la finestra di controllo in Excel?","og_description":"Quando \u00e8 importante tenere d&#39;occhio tutte le celle importanti, puoi utilizzare Watch Window in Excel.","og_url":"https:\/\/exceladvisor.org\/it\/finestra-di-guardia\/","og_site_name":"Excel Advisor","article_modified_time":"2023-12-10T06:26:47+00:00","og_image":[{"url":"https:\/\/exceladvisor.org\/wp-content\/uploads\/2023\/08\/Fenetre-de-surveillance-dans-Excel-1-1.png","type":"","width":"","height":""}],"twitter_card":"summary_large_image","twitter_misc":{"Tempo di lettura stimato":"2 minuti"},"schema":{"@context":"https:\/\/schema.org","@graph":[{"@type":"WebPage","@id":"https:\/\/exceladvisor.org\/it\/finestra-di-guardia\/","url":"https:\/\/exceladvisor.org\/it\/finestra-di-guardia\/","name":"Come utilizzare la finestra di controllo in Excel?","isPartOf":{"@id":"https:\/\/exceladvisor.org\/it\/#website"},"primaryImageOfPage":{"@id":"https:\/\/exceladvisor.org\/it\/finestra-di-guardia\/#primaryimage"},"image":{"@id":"https:\/\/exceladvisor.org\/it\/finestra-di-guardia\/#primaryimage"},"thumbnailUrl":"https:\/\/exceladvisor.org\/wp-content\/uploads\/2023\/08\/Fenetre-de-surveillance-dans-Excel-1-1.png","datePublished":"2023-10-30T11:53:34+00:00","dateModified":"2023-12-10T06:26:47+00:00","description":"Quando \u00e8 importante tenere d&#39;occhio tutte le celle importanti, puoi utilizzare Watch Window in Excel.","breadcrumb":{"@id":"https:\/\/exceladvisor.org\/it\/finestra-di-guardia\/#breadcrumb"},"inLanguage":"it-IT","potentialAction":[{"@type":"ReadAction","target":["https:\/\/exceladvisor.org\/it\/finestra-di-guardia\/"]}]},{"@type":"ImageObject","inLanguage":"it-IT","@id":"https:\/\/exceladvisor.org\/it\/finestra-di-guardia\/#primaryimage","url":"https:\/\/exceladvisor.org\/wp-content\/uploads\/2023\/08\/Fenetre-de-surveillance-dans-Excel-1-1.png","contentUrl":"https:\/\/exceladvisor.org\/wp-content\/uploads\/2023\/08\/Fenetre-de-surveillance-dans-Excel-1-1.png"},{"@type":"BreadcrumbList","@id":"https:\/\/exceladvisor.org\/it\/finestra-di-guardia\/#breadcrumb","itemListElement":[{"@type":"ListItem","position":1,"name":"Home","item":"https:\/\/exceladvisor.org\/it\/"},{"@type":"ListItem","position":2,"name":"Come utilizzare la finestra di controllo in excel?"}]},{"@type":"WebSite","@id":"https:\/\/exceladvisor.org\/it\/#website","url":"https:\/\/exceladvisor.org\/it\/","name":"Excel Advisor","description":"Tips, Tricks, and Time-Saving Hacks","publisher":{"@id":"https:\/\/exceladvisor.org\/it\/#organization"},"potentialAction":[{"@type":"SearchAction","target":{"@type":"EntryPoint","urlTemplate":"https:\/\/exceladvisor.org\/it\/?s={search_term_string}"},"query-input":{"@type":"PropertyValueSpecification","valueRequired":true,"valueName":"search_term_string"}}],"inLanguage":"it-IT"},{"@type":"Organization","@id":"https:\/\/exceladvisor.org\/it\/#organization","name":"Excel Advisor","url":"https:\/\/exceladvisor.org\/it\/","logo":{"@type":"ImageObject","inLanguage":"it-IT","@id":"https:\/\/exceladvisor.org\/it\/#\/schema\/logo\/image\/","url":"https:\/\/exceladvisor.org\/it\/wp-content\/uploads\/2023\/12\/exceladvisor.org_.png","contentUrl":"https:\/\/exceladvisor.org\/it\/wp-content\/uploads\/2023\/12\/exceladvisor.org_.png","width":105,"height":36,"caption":"Excel Advisor"},"image":{"@id":"https:\/\/exceladvisor.org\/it\/#\/schema\/logo\/image\/"}}]}},"yoast_meta":{"yoast_wpseo_title":"","yoast_wpseo_metadesc":"","yoast_wpseo_canonical":""},"_links":{"self":[{"href":"https:\/\/exceladvisor.org\/it\/wp-json\/wp\/v2\/pages\/1872","targetHints":{"allow":["GET"]}}],"collection":[{"href":"https:\/\/exceladvisor.org\/it\/wp-json\/wp\/v2\/pages"}],"about":[{"href":"https:\/\/exceladvisor.org\/it\/wp-json\/wp\/v2\/types\/page"}],"author":[{"embeddable":true,"href":"https:\/\/exceladvisor.org\/it\/wp-json\/wp\/v2\/users\/1"}],"replies":[{"embeddable":true,"href":"https:\/\/exceladvisor.org\/it\/wp-json\/wp\/v2\/comments?post=1872"}],"version-history":[{"count":1,"href":"https:\/\/exceladvisor.org\/it\/wp-json\/wp\/v2\/pages\/1872\/revisions"}],"predecessor-version":[{"id":2836,"href":"https:\/\/exceladvisor.org\/it\/wp-json\/wp\/v2\/pages\/1872\/revisions\/2836"}],"wp:attachment":[{"href":"https:\/\/exceladvisor.org\/it\/wp-json\/wp\/v2\/media?parent=1872"}],"curies":[{"name":"wp","href":"https:\/\/api.w.org\/{rel}","templated":true}]}}