{"id":1873,"date":"2023-10-30T11:47:21","date_gmt":"2023-10-30T11:47:21","guid":{"rendered":"https:\/\/exceladvisor.org\/it\/copia-colonna\/"},"modified":"2023-12-10T06:22:36","modified_gmt":"2023-12-10T06:22:36","slug":"copia-colonna","status":"publish","type":"page","link":"https:\/\/exceladvisor.org\/it\/copia-colonna\/","title":{"rendered":"Come copiare e incollare una colonna in excel?"},"content":{"rendered":"<div class=\"excel-prima-del-contenuto\" id=\"excel-3841994340\"><script type=\"text\/javascript\">\r\n\tatOptions = {\r\n\t\t'key' : 'c1158f160081d6540a8409e6925dab94',\r\n\t\t'format' : 'iframe',\r\n\t\t'height' : 250,\r\n\t\t'width' : 300,\r\n\t\t'params' : {}\r\n\t};\r\n<\/script>\r\n<script type=\"text\/javascript\" src=\"\/\/www.highperformanceformat.com\/c1158f160081d6540a8409e6925dab94\/invoke.js\"><\/script><\/div> <p>Copiare i dati \u00e8 un compito molto comune nella nostra vita quotidiana quando lavoriamo con Excel o qualsiasi altro software di elaborazione testi. Di solito \u00e8 necessario copiare una singola cella da un luogo all&#8217;altro o talvolta anche in un foglio di lavoro diverso. \u00c8 molto semplice da fare.<\/p><p> Ma quando si tratta di copiare pi\u00f9 celle continue e celle non adiacenti, ci troviamo tutti in grossi guai.<\/p><p> In questo tutorial impareremo i metodi per copiare colonne singole o multiple (continue e non continue). Ora esaminiamolo passo dopo passo.<\/p><h2 class=\"wp-block-heading\"> Passaggi per copiare e incollare una singola colonna<\/h2><ol><li> Innanzitutto, seleziona l&#8217;intera colonna dalla <strong>lettera dell&#8217;intestazione della colonna<\/strong> alla parte superiore della colonna che desideri copiare.<\/li><li> Successivamente, premi il pulsante destro del mouse e seleziona l&#8217;opzione &#8221; <strong>Copia<\/strong> &#8221; nella finestra di dialogo. <br><img loading=\"lazy\" decoding=\"async\" title=\"1 copia-incolla-colonna singola\" src=\"https:\/\/exceladvisor.org\/wp-content\/uploads\/2023\/08\/1-copier-coller-une-seule-colonne.png\" sizes=\"auto, \" srcset=\"\" alt=\"copy-paste-single-column\" width=\"428\" height=\"408\"><\/li><li> Successivamente, seleziona l&#8217;intervallo di celle di quella particolare colonna in cui desideri &#8221; <strong>Incollare<\/strong> &#8221; i tuoi dati.<\/li><li> Una volta selezionato l&#8217;intervallo, fai clic con il pulsante destro del mouse e scegli l&#8217;opzione Incolla. <br><img loading=\"lazy\" decoding=\"async\" title=\"Monocolonna a 2 paste\" src=\"https:\/\/exceladvisor.org\/wp-content\/uploads\/2023\/08\/2-coller-une-seule-colonne.png\" sizes=\"auto, \" srcset=\"\" alt=\"paste-single-column\" width=\"417\" height=\"221\"><\/li><\/ol><h2 class=\"wp-block-heading\"> Copia della colonna utilizzando una scorciatoia da tastiera<\/h2><p> Ecco un modo pi\u00f9 semplice per copiare e incollare i dati utilizzando la scorciatoia da tastiera invece di farlo manualmente.<\/p><ol><li> Innanzitutto, fai clic su qualsiasi cella nella colonna che desideri copiare.<\/li><li> Da l\u00ec, seleziona l&#8217;intera colonna tenendo premuto il tasto di scelta rapida che \u00e8 ( <strong>Control + Barra spaziatrice<\/strong> ).<\/li><li> Quindi puoi copiare la colonna selezionata premendo <strong>Control + C<\/strong> sulla tastiera.<\/li><li> Ora vedrai che questa colonna \u00e8 evidenziata, quindi incollala usando <strong>Ctrl + V.<\/strong><\/li><\/ol><p> Correlati \u279c <a href=\"https:\/\/exceladvisor.org\/it\/tasti-rapidi\/\">Scorciatoie da tastiera per Excel (Cheatsheet PDF)<\/a><\/p><h2 class=\"wp-block-heading\"> Copia e incolla pi\u00f9 colonne adiacenti<\/h2><p> Se desideri copiare pi\u00f9 colonne contemporaneamente dal foglio di calcolo, puoi farlo. Di seguito sono riportati i passaggi.<\/p><ol><li> Seleziona pi\u00f9 colonne in sequenza con il <strong>tasto sinistro<\/strong> del mouse accanto all&#8217;intestazione della colonna.<\/li><li> Successivamente, fai clic con il pulsante destro del mouse sulle colonne selezionate.<\/li><li> Fare clic sull&#8217;opzione &#8220;Copia&#8221; nella finestra di dialogo per selezionare tutti i dati. <br><img loading=\"lazy\" decoding=\"async\" title=\"3-copia-pi\u00f9-linee-adiacenti-1\" src=\"https:\/\/exceladvisor.org\/wp-content\/uploads\/2023\/08\/3-copier-plusieurs-lignes-adjacentes-1.png\" sizes=\"auto, \" srcset=\"\" alt=\"\" width=\"414\" height=\"322\"><\/li><li> Ora vedrai che questa colonna \u00e8 evidenziata, quindi incollala usando <strong>Ctrl + V.<\/strong> <br><img loading=\"lazy\" decoding=\"async\" title=\"4 colonne di pasta multiple adiacenti\" src=\"https:\/\/exceladvisor.org\/wp-content\/uploads\/2023\/08\/4-coller-plusieurs-colonnes-adjacentes.png\" sizes=\"auto, \" srcset=\"\" alt=\"paste-multiple-adjacent-columns\" width=\"417\" height=\"179\"><\/li><\/ol><p class=\"qt-tip\"> <strong>Nota importante<\/strong> : assicurati di avere abbastanza colonne vuote in cui desideri incollare i tuoi dati o se hai gi\u00e0 qualcosa in quell&#8217;intervallo di celle verr\u00e0 sovrascritto.<\/p><h2 class=\"wp-block-heading\"> Copia pi\u00f9 colonne non adiacenti<\/h2><p> Il modo pi\u00f9 semplice per copiare pi\u00f9 colonne non adiacenti \u00e8 utilizzare il tasto CTRL. Procediamo per fasi.<\/p><ol><li> Nel tuo foglio di calcolo, seleziona la prima colonna facendo clic sulla sua intestazione.<\/li><li> Successivamente, fai clic tenendo premuto <strong>il tasto Control<\/strong> sulle seguenti colonne una per una che desideri evidenziare.<\/li><li> Successivamente, fai clic con il pulsante destro del mouse su una delle colonne selezionate e scegli &#8220;Copia&#8221; nella finestra di dialogo. <br><img loading=\"lazy\" decoding=\"async\" title=\"5 copie multiple di righe non continue\" src=\"https:\/\/exceladvisor.org\/wp-content\/uploads\/2023\/08\/5-copier-plusieurs-lignes-non-continues.png\" sizes=\"auto, \" srcset=\"\" alt=\"copy-multiple-non-continuous-rows\" width=\"419\" height=\"296\"><\/li><li> Ora vedrai che tutte le colonne selezionate sono state evidenziate sul foglio.<\/li><li> Alla fine, seleziona la cella di destinazione in cui vuoi incollare i tuoi dati e premendo <strong>Ctrl + V<\/strong> puoi incollarli. <br><img loading=\"lazy\" decoding=\"async\" title=\"6 linee multiple di impasto non continue\" src=\"https:\/\/exceladvisor.org\/wp-content\/uploads\/2023\/08\/6-coller-plusieurs-lignes-non-continues.png\" sizes=\"auto, \" srcset=\"\" alt=\"paste-multiple-non-continuous-rows\" width=\"408\" height=\"176\"><\/li><\/ol><h2 class=\"wp-block-heading\"> Copia e incolla la colonna dalla barra multifunzione<\/h2><p> \u00c8 interessante notare che puoi anche copiare e incollare valori dalla barra multifunzione. Facciamolo nei seguenti passaggi:<\/p><ol><li> Innanzitutto, seleziona tutte le colonne che desideri copiare.<\/li><li> Quindi vai alla scheda Home e Appunti&gt; scegli Copia o usa (Ctrl + C) dalla tastiera per copiare le colonne. <br><img loading=\"lazy\" decoding=\"async\" title=\"7 nastri per copie\" src=\"https:\/\/exceladvisor.org\/wp-content\/uploads\/2023\/08\/7-copie-a-travers-le-ruban.png\" sizes=\"auto, \" srcset=\"\" alt=\"copy-rows-through-ribbon\" width=\"409\" height=\"504\"><\/li><li> Seleziona la cella specifica in cui desideri incollare i tuoi dati.<\/li><li> Quindi fai clic su Incolla dalla barra multifunzione oppure puoi utilizzare la scorciatoia che \u00e8 (Ctrl + V). <br><img loading=\"lazy\" decoding=\"async\" title=\"Opzione 8 pasta attraverso il nastro\" src=\"https:\/\/exceladvisor.org\/wp-content\/uploads\/2023\/08\/8-options-de-collage-a-travers-le-ruban.png\" sizes=\"auto, \" srcset=\"\" alt=\"use-paste-option-through-ribbon\" width=\"407\" height=\"319\"><\/li><\/ol><p> Quindi ecco i modi in cui puoi copiare e incollare colonne in Excel.<\/p><p> Inoltre, se desideri copiare pi\u00f9 colonne non adiacenti, puoi utilizzare il terzo metodo.<\/p><p> Oltre a ci\u00f2, la scorciatoia copia e incolla sopra ti aiuter\u00e0 a compilare i tuoi dati il prima possibile.<\/p><div class=\"gb-container gb-container-4db6181c gb-container-mt\"> <a class=\"gb-button gb-button-c5897111 gb-button-text gb-button-mt-button\" href=\"https:\/\/exceladvisor.org\/it\/nozioni-di-base-su-excel\/\">Nozioni di base su Microsoft Excel (componenti, parti e note informative)<\/a><h2 class=\"gb-headline gb-headline-665e5f6b gb-headline-text gb-headline-mt-heading\"> Tutorial correlati <\/h2><div class=\"gb-grid-wrapper gb-grid-wrapper-a20baf7c gb-grid-wrapper-mt-grid\"><div class=\"gb-grid-column gb-grid-column-65ddf67e\"><div class=\"gb-container gb-container-65ddf67e\"><ul><li> <a href=\"https:\/\/exceladvisor.org\/it\/aggiungi-rimuovi-collegamenti-ipertestuali\/\">Aggiungi e rimuovi collegamenti ipertestuali in Excel<\/a><\/li><li> <a href=\"https:\/\/exceladvisor.org\/it\/aggiungi-filigrana\/\">Aggiungi una filigrana in Excel<\/a><\/li><li> <a href=\"https:\/\/exceladvisor.org\/it\/rimuovere-le-colonne-delle-righe-nascoste\/\">Elimina le righe nascoste in Excel<\/a><\/li><li> <a href=\"https:\/\/exceladvisor.org\/it\/deselezionare-le-celle\/\">Deseleziona le celle in Excel<\/a> <\/li><\/ul><\/div><\/div><div class=\"gb-grid-column gb-grid-column-50067b57\"><div class=\"gb-container gb-container-50067b57\"><ul><li> <a href=\"https:\/\/exceladvisor.org\/it\/mostra-linee\/\">Mostra righe in Excel<\/a><\/li><li> <a href=\"https:\/\/exceladvisor.org\/it\/allineare\/\">Intervallo in Excel<\/a><\/li><li> <a href=\"https:\/\/exceladvisor.org\/it\/selezionare-lintervallo\/\">Seleziona l&#8217;intervallo in Excel<\/a><\/li><li> <a href=\"https:\/\/exceladvisor.org\/it\/cellula-attiva\/\">Attiva la cella in Excel<\/a><\/li><\/ul><\/div><\/div><\/div><\/div>","protected":false},"excerpt":{"rendered":"","protected":false},"author":1,"featured_media":0,"parent":0,"menu_order":0,"comment_status":"open","ping_status":"closed","template":"","meta":{"ub_ctt_via":"","footnotes":""},"class_list":["post-1873","page","type-page","status-publish","hentry"],"featured_image_src":null,"yoast_head":"<!-- This site is optimized with the Yoast SEO plugin v25.4 - https:\/\/yoast.com\/wordpress\/plugins\/seo\/ -->\n<title>\u25b7 Come copiare e incollare una colonna in Excel?<\/title>\n<meta name=\"description\" content=\"In questo tutorial sulle formule impareremo come copiare e incollare una singola colonna e pi\u00f9 colonne utilizzando i metodi\" \/>\n<meta name=\"robots\" content=\"index, follow, max-snippet:-1, max-image-preview:large, max-video-preview:-1\" \/>\n<link rel=\"canonical\" href=\"https:\/\/exceladvisor.org\/it\/copia-colonna\/\" \/>\n<meta property=\"og:locale\" content=\"it_IT\" \/>\n<meta property=\"og:type\" content=\"article\" \/>\n<meta property=\"og:title\" content=\"\u25b7 Come copiare e incollare una colonna in Excel?\" \/>\n<meta property=\"og:description\" content=\"In questo tutorial sulle formule impareremo come copiare e incollare una singola colonna e pi\u00f9 colonne utilizzando i metodi\" \/>\n<meta property=\"og:url\" content=\"https:\/\/exceladvisor.org\/it\/copia-colonna\/\" \/>\n<meta property=\"og:site_name\" content=\"Excel Advisor\" \/>\n<meta property=\"article:modified_time\" content=\"2023-12-10T06:22:36+00:00\" \/>\n<meta property=\"og:image\" content=\"https:\/\/exceladvisor.org\/wp-content\/uploads\/2023\/08\/1-copier-coller-une-seule-colonne.png\" \/>\n<meta name=\"twitter:card\" content=\"summary_large_image\" \/>\n<meta name=\"twitter:label1\" content=\"Tempo di lettura stimato\" \/>\n\t<meta name=\"twitter:data1\" content=\"3 minuti\" \/>\n<script type=\"application\/ld+json\" class=\"yoast-schema-graph\">{\"@context\":\"https:\/\/schema.org\",\"@graph\":[{\"@type\":\"WebPage\",\"@id\":\"https:\/\/exceladvisor.org\/it\/copia-colonna\/\",\"url\":\"https:\/\/exceladvisor.org\/it\/copia-colonna\/\",\"name\":\"\u25b7 Come copiare e incollare una colonna in Excel?\",\"isPartOf\":{\"@id\":\"https:\/\/exceladvisor.org\/it\/#website\"},\"primaryImageOfPage\":{\"@id\":\"https:\/\/exceladvisor.org\/it\/copia-colonna\/#primaryimage\"},\"image\":{\"@id\":\"https:\/\/exceladvisor.org\/it\/copia-colonna\/#primaryimage\"},\"thumbnailUrl\":\"https:\/\/exceladvisor.org\/wp-content\/uploads\/2023\/08\/1-copier-coller-une-seule-colonne.png\",\"datePublished\":\"2023-10-30T11:47:21+00:00\",\"dateModified\":\"2023-12-10T06:22:36+00:00\",\"description\":\"In questo tutorial sulle formule impareremo come copiare e incollare una singola colonna e pi\u00f9 colonne utilizzando i metodi\",\"breadcrumb\":{\"@id\":\"https:\/\/exceladvisor.org\/it\/copia-colonna\/#breadcrumb\"},\"inLanguage\":\"it-IT\",\"potentialAction\":[{\"@type\":\"ReadAction\",\"target\":[\"https:\/\/exceladvisor.org\/it\/copia-colonna\/\"]}]},{\"@type\":\"ImageObject\",\"inLanguage\":\"it-IT\",\"@id\":\"https:\/\/exceladvisor.org\/it\/copia-colonna\/#primaryimage\",\"url\":\"https:\/\/exceladvisor.org\/wp-content\/uploads\/2023\/08\/1-copier-coller-une-seule-colonne.png\",\"contentUrl\":\"https:\/\/exceladvisor.org\/wp-content\/uploads\/2023\/08\/1-copier-coller-une-seule-colonne.png\"},{\"@type\":\"BreadcrumbList\",\"@id\":\"https:\/\/exceladvisor.org\/it\/copia-colonna\/#breadcrumb\",\"itemListElement\":[{\"@type\":\"ListItem\",\"position\":1,\"name\":\"Home\",\"item\":\"https:\/\/exceladvisor.org\/it\/\"},{\"@type\":\"ListItem\",\"position\":2,\"name\":\"Come copiare e incollare una colonna in excel?\"}]},{\"@type\":\"WebSite\",\"@id\":\"https:\/\/exceladvisor.org\/it\/#website\",\"url\":\"https:\/\/exceladvisor.org\/it\/\",\"name\":\"Excel Advisor\",\"description\":\"Tips, Tricks, and Time-Saving Hacks\",\"publisher\":{\"@id\":\"https:\/\/exceladvisor.org\/it\/#organization\"},\"potentialAction\":[{\"@type\":\"SearchAction\",\"target\":{\"@type\":\"EntryPoint\",\"urlTemplate\":\"https:\/\/exceladvisor.org\/it\/?s={search_term_string}\"},\"query-input\":{\"@type\":\"PropertyValueSpecification\",\"valueRequired\":true,\"valueName\":\"search_term_string\"}}],\"inLanguage\":\"it-IT\"},{\"@type\":\"Organization\",\"@id\":\"https:\/\/exceladvisor.org\/it\/#organization\",\"name\":\"Excel Advisor\",\"url\":\"https:\/\/exceladvisor.org\/it\/\",\"logo\":{\"@type\":\"ImageObject\",\"inLanguage\":\"it-IT\",\"@id\":\"https:\/\/exceladvisor.org\/it\/#\/schema\/logo\/image\/\",\"url\":\"https:\/\/exceladvisor.org\/it\/wp-content\/uploads\/2023\/12\/exceladvisor.org_.png\",\"contentUrl\":\"https:\/\/exceladvisor.org\/it\/wp-content\/uploads\/2023\/12\/exceladvisor.org_.png\",\"width\":105,\"height\":36,\"caption\":\"Excel Advisor\"},\"image\":{\"@id\":\"https:\/\/exceladvisor.org\/it\/#\/schema\/logo\/image\/\"}}]}<\/script>\n<!-- \/ Yoast SEO plugin. -->","yoast_head_json":{"title":"\u25b7 Come copiare e incollare una colonna in Excel?","description":"In questo tutorial sulle formule impareremo come copiare e incollare una singola colonna e pi\u00f9 colonne utilizzando i metodi","robots":{"index":"index","follow":"follow","max-snippet":"max-snippet:-1","max-image-preview":"max-image-preview:large","max-video-preview":"max-video-preview:-1"},"canonical":"https:\/\/exceladvisor.org\/it\/copia-colonna\/","og_locale":"it_IT","og_type":"article","og_title":"\u25b7 Come copiare e incollare una colonna in Excel?","og_description":"In questo tutorial sulle formule impareremo come copiare e incollare una singola colonna e pi\u00f9 colonne utilizzando i metodi","og_url":"https:\/\/exceladvisor.org\/it\/copia-colonna\/","og_site_name":"Excel Advisor","article_modified_time":"2023-12-10T06:22:36+00:00","og_image":[{"url":"https:\/\/exceladvisor.org\/wp-content\/uploads\/2023\/08\/1-copier-coller-une-seule-colonne.png","type":"","width":"","height":""}],"twitter_card":"summary_large_image","twitter_misc":{"Tempo di lettura stimato":"3 minuti"},"schema":{"@context":"https:\/\/schema.org","@graph":[{"@type":"WebPage","@id":"https:\/\/exceladvisor.org\/it\/copia-colonna\/","url":"https:\/\/exceladvisor.org\/it\/copia-colonna\/","name":"\u25b7 Come copiare e incollare una colonna in Excel?","isPartOf":{"@id":"https:\/\/exceladvisor.org\/it\/#website"},"primaryImageOfPage":{"@id":"https:\/\/exceladvisor.org\/it\/copia-colonna\/#primaryimage"},"image":{"@id":"https:\/\/exceladvisor.org\/it\/copia-colonna\/#primaryimage"},"thumbnailUrl":"https:\/\/exceladvisor.org\/wp-content\/uploads\/2023\/08\/1-copier-coller-une-seule-colonne.png","datePublished":"2023-10-30T11:47:21+00:00","dateModified":"2023-12-10T06:22:36+00:00","description":"In questo tutorial sulle formule impareremo come copiare e incollare una singola colonna e pi\u00f9 colonne utilizzando i metodi","breadcrumb":{"@id":"https:\/\/exceladvisor.org\/it\/copia-colonna\/#breadcrumb"},"inLanguage":"it-IT","potentialAction":[{"@type":"ReadAction","target":["https:\/\/exceladvisor.org\/it\/copia-colonna\/"]}]},{"@type":"ImageObject","inLanguage":"it-IT","@id":"https:\/\/exceladvisor.org\/it\/copia-colonna\/#primaryimage","url":"https:\/\/exceladvisor.org\/wp-content\/uploads\/2023\/08\/1-copier-coller-une-seule-colonne.png","contentUrl":"https:\/\/exceladvisor.org\/wp-content\/uploads\/2023\/08\/1-copier-coller-une-seule-colonne.png"},{"@type":"BreadcrumbList","@id":"https:\/\/exceladvisor.org\/it\/copia-colonna\/#breadcrumb","itemListElement":[{"@type":"ListItem","position":1,"name":"Home","item":"https:\/\/exceladvisor.org\/it\/"},{"@type":"ListItem","position":2,"name":"Come copiare e incollare una colonna in excel?"}]},{"@type":"WebSite","@id":"https:\/\/exceladvisor.org\/it\/#website","url":"https:\/\/exceladvisor.org\/it\/","name":"Excel Advisor","description":"Tips, Tricks, and Time-Saving Hacks","publisher":{"@id":"https:\/\/exceladvisor.org\/it\/#organization"},"potentialAction":[{"@type":"SearchAction","target":{"@type":"EntryPoint","urlTemplate":"https:\/\/exceladvisor.org\/it\/?s={search_term_string}"},"query-input":{"@type":"PropertyValueSpecification","valueRequired":true,"valueName":"search_term_string"}}],"inLanguage":"it-IT"},{"@type":"Organization","@id":"https:\/\/exceladvisor.org\/it\/#organization","name":"Excel Advisor","url":"https:\/\/exceladvisor.org\/it\/","logo":{"@type":"ImageObject","inLanguage":"it-IT","@id":"https:\/\/exceladvisor.org\/it\/#\/schema\/logo\/image\/","url":"https:\/\/exceladvisor.org\/it\/wp-content\/uploads\/2023\/12\/exceladvisor.org_.png","contentUrl":"https:\/\/exceladvisor.org\/it\/wp-content\/uploads\/2023\/12\/exceladvisor.org_.png","width":105,"height":36,"caption":"Excel Advisor"},"image":{"@id":"https:\/\/exceladvisor.org\/it\/#\/schema\/logo\/image\/"}}]}},"yoast_meta":{"yoast_wpseo_title":"","yoast_wpseo_metadesc":"","yoast_wpseo_canonical":""},"_links":{"self":[{"href":"https:\/\/exceladvisor.org\/it\/wp-json\/wp\/v2\/pages\/1873","targetHints":{"allow":["GET"]}}],"collection":[{"href":"https:\/\/exceladvisor.org\/it\/wp-json\/wp\/v2\/pages"}],"about":[{"href":"https:\/\/exceladvisor.org\/it\/wp-json\/wp\/v2\/types\/page"}],"author":[{"embeddable":true,"href":"https:\/\/exceladvisor.org\/it\/wp-json\/wp\/v2\/users\/1"}],"replies":[{"embeddable":true,"href":"https:\/\/exceladvisor.org\/it\/wp-json\/wp\/v2\/comments?post=1873"}],"version-history":[{"count":1,"href":"https:\/\/exceladvisor.org\/it\/wp-json\/wp\/v2\/pages\/1873\/revisions"}],"predecessor-version":[{"id":2429,"href":"https:\/\/exceladvisor.org\/it\/wp-json\/wp\/v2\/pages\/1873\/revisions\/2429"}],"wp:attachment":[{"href":"https:\/\/exceladvisor.org\/it\/wp-json\/wp\/v2\/media?parent=1873"}],"curies":[{"name":"wp","href":"https:\/\/api.w.org\/{rel}","templated":true}]}}