{"id":1874,"date":"2023-10-30T11:30:56","date_gmt":"2023-10-30T11:30:56","guid":{"rendered":"https:\/\/exceladvisor.org\/it\/incolla-la-moltiplicazione-speciale\/"},"modified":"2023-12-10T06:24:18","modified_gmt":"2023-12-10T06:24:18","slug":"incolla-la-moltiplicazione-speciale","status":"publish","type":"page","link":"https:\/\/exceladvisor.org\/it\/incolla-la-moltiplicazione-speciale\/","title":{"rendered":"Come moltiplicare in excel usando incolla speciale?"},"content":{"rendered":"<div class=\"excel-prima-del-contenuto\" id=\"excel-2263077438\"><script type=\"text\/javascript\">\r\n\tatOptions = {\r\n\t\t'key' : 'c1158f160081d6540a8409e6925dab94',\r\n\t\t'format' : 'iframe',\r\n\t\t'height' : 250,\r\n\t\t'width' : 300,\r\n\t\t'params' : {}\r\n\t};\r\n<\/script>\r\n<script type=\"text\/javascript\" src=\"\/\/www.highperformanceformat.com\/c1158f160081d6540a8409e6925dab94\/invoke.js\"><\/script><\/div> <p>A volte in Excel \u00e8 necessario eseguire calcoli rapidi. Inoltre, puoi utilizzare una pasta speciale per questi calcoli rapidi invece delle formule.<\/p><p> Nella pasta speciale, hai quattro diverse opzioni [Aggiungi, Sottrai, Moltiplica e Dividi] che puoi utilizzare. E oggi in questo articolo vorrei mostrarti come usare la pasta speciale anche per moltiplicare e (sottrarre, dividere e meno). <\/p><div class=\"wp-block-image\"><figure class=\"aligncenter is-resized\"><img loading=\"lazy\" decoding=\"async\" src=\"https:\/\/exceladvisor.org\/wp-content\/uploads\/2023\/08\/Utiliser-Coller-des-operations-speciales-pour-une-multiplication-rapide-dans-Excel-1.png\" sizes=\"auto, \" srcset=\"\" alt=\"Moltiplica in Excel utilizzando l'opzione Incolla speciale\" width=\"398\" height=\"330\"><\/figure><\/div><h2 class=\"wp-block-heading\"> Moltiplica in Excel utilizzando l&#8217;opzione Incolla speciale<\/h2><p> Supponiamo che tu abbia una tabella dati con le tariffe delle chiamate dall&#8217;India verso altri paesi. E a causa dell&#8217;aumento dei costi, \u00e8 necessario aumentare le tariffe del 20%. Ora, invece di utilizzare la formula, puoi utilizzare qui l&#8217;opzione incolla moltiplicazione speciale.<\/p><ol><li> Seleziona la cella in cui hai l&#8217;incremento% dell&#8217;et\u00e0 (ho usato 1.2 per aumentare la tariffa del 20%) e copiala.<\/li><li> Ora seleziona l&#8217;intero intervallo a cui vuoi applicare il calcolo.<\/li><li> Utilizzare il tasto di scelta rapida [Alt + E + S] per ottenere la finestra di dialogo speciale per incollare.<\/li><li> Vai su Operazione, seleziona l&#8217;opzione &#8220;moltiplica&#8221; e fai clic su OK. <\/li><\/ol><div class=\"wp-block-image\"><figure class=\"aligncenter\"><img decoding=\"async\" src=\"https:\/\/exceladvisor.org\/wp-content\/uploads\/2023\/08\/Utiliser-Coller-des-operations-speciales-pour-une-multiplication-rapide-dans-Excel-3.gif\" sizes=\"\" srcset=\"\" alt=\"Moltiplica in Excel utilizzando l'opzione Incolla speciale nelle celle\"><\/figure><\/div><p> Nell&#8217;esempio sopra, abbiamo utilizzato un tasso di moltiplicazione maggiore. Puoi anche utilizzare lo stesso metodo per aggiungere, sottrarre e dividere.<\/p><h2 class=\"wp-block-heading\"> E quando hai celle con formule<\/h2><p> Questa \u00e8 una delle cose pi\u00f9 sorprendenti che puoi fare con l&#8217;impasto speciale. Se hai celle in cui sono gi\u00e0 presenti formule, puoi sempre utilizzare incolla speciale. <\/p><div class=\"wp-block-image\"><figure class=\"aligncenter\"><img decoding=\"async\" src=\"https:\/\/exceladvisor.org\/wp-content\/uploads\/2023\/08\/Utiliser-Coller-des-operations-speciales-pour-une-multiplication-rapide-dans-Excel-4.gif\" sizes=\"\" srcset=\"\" alt=\"Moltiplica in Excel utilizzando l'opzione incolla speciale con le formule\"><\/figure><\/div><p> Nell&#8217;esempio sopra, il prezzo \u00e8 la somma del costo fisso (E2) e del costo variabile (E3). Abbiamo aumentato il prezzo del 32,25%.<\/p><h2 class=\"wp-block-heading\"> Pasta speciale per calcoli dinamici<\/h2><p> Un&#8217;altra cosa utile che puoi fare con paste-special \u00e8 che puoi eseguire calcoli dinamici.<\/p><p> Supponiamo di avere un set di dati di cinque prodotti per aree diverse e di dover calcolare un prezzo incrementale per i cinque prodotti utilizzando tassi incrementali diversi.<\/p><p> Seleziona semplicemente tutte le celle che hanno tariffe incrementali e segui gli stessi passaggi che abbiamo usato sopra. <\/p><div class=\"wp-block-image\"><figure class=\"aligncenter\"><img decoding=\"async\" src=\"https:\/\/exceladvisor.org\/wp-content\/uploads\/2023\/08\/Utiliser-Coller-des-operations-speciales-pour-une-multiplication-rapide-dans-Excel-5.gif\" sizes=\"\" srcset=\"\" alt=\"Utilizza le operazioni Incolla speciali per la moltiplicazione rapida in Excel con calcoli dinamici\"><\/figure><\/div><h2 class=\"wp-block-heading\"> Tasti di scelta rapida<\/h2><ol><li> <strong>Moltiplica<\/strong> \u2013 Alt + V + H + M<\/li><li> <strong>Dividi<\/strong> \u2013 Alt + V + H + I<\/li><li> <strong>Aggiungi<\/strong> \u2013 Alt + V + H + D<\/li><li> <strong>Sottrai<\/strong> \u2013 Alt + V + H + S<\/li><\/ol><div class=\"gb-container gb-container-4db6181c gb-container-mt\"> <a class=\"gb-button gb-button-c5897111 gb-button-text gb-button-mt-button\" href=\"https:\/\/exceladvisor.org\/it\/eccellere-in-anticipo\/\">Esercitazioni avanzate su Excel<\/a><h2 class=\"gb-headline gb-headline-665e5f6b gb-headline-text gb-headline-mt-heading\"> Tutorial correlati <\/h2><div class=\"gb-grid-wrapper gb-grid-wrapper-a20baf7c gb-grid-wrapper-mt-grid\"><div class=\"gb-grid-column gb-grid-column-65ddf67e\"><div class=\"gb-container gb-container-65ddf67e\"><ul><li> <a href=\"https:\/\/exceladvisor.org\/it\/strumento-di-analisi-rapida\/\">Strumento di analisi rapida in Excel<\/a><\/li><li> <a href=\"https:\/\/exceladvisor.org\/it\/applicare-piu-filtri\/\">Applica pi\u00f9 filtri alle colonne<\/a><\/li><li> <a href=\"https:\/\/exceladvisor.org\/it\/evidenziare-i-valori-superiori-inferiori\/\">Evidenzia i valori N superiori e inferiori in Excel<\/a><\/li><li> <a href=\"https:\/\/exceladvisor.org\/it\/casella-di-controllo\/\">Inserisci una casella di controllo in Excel<\/a><\/li><li> <a href=\"https:\/\/exceladvisor.org\/it\/unire-le-celle-senza-perdere-dati\/\">Unisci celle senza perdere dati in Excel<\/a><\/li><li> <a href=\"https:\/\/exceladvisor.org\/it\/aggiungere-un-codice-a-barre\/\" data-wpil=\"url\">Aggiungi un codice a barre in Excel<\/a><\/li><\/ul><\/div><\/div><\/div><\/div>","protected":false},"excerpt":{"rendered":"","protected":false},"author":1,"featured_media":0,"parent":0,"menu_order":0,"comment_status":"open","ping_status":"closed","template":"","meta":{"ub_ctt_via":"","footnotes":""},"class_list":["post-1874","page","type-page","status-publish","hentry"],"featured_image_src":null,"yoast_head":"<!-- This site is optimized with the Yoast SEO plugin v25.4 - https:\/\/yoast.com\/wordpress\/plugins\/seo\/ -->\n<title>Come moltiplicare in Excel usando incolla speciale?<\/title>\n<meta name=\"description\" content=\"In questo articolo imparerai come moltiplicare in Excel usando Incolla speciale. Oltre a dividere, aggiungere e sottrarre.\" \/>\n<meta name=\"robots\" content=\"index, follow, max-snippet:-1, max-image-preview:large, max-video-preview:-1\" \/>\n<link rel=\"canonical\" href=\"https:\/\/exceladvisor.org\/it\/incolla-la-moltiplicazione-speciale\/\" \/>\n<meta property=\"og:locale\" content=\"it_IT\" \/>\n<meta property=\"og:type\" content=\"article\" \/>\n<meta property=\"og:title\" content=\"Come moltiplicare in Excel usando incolla speciale?\" \/>\n<meta property=\"og:description\" content=\"In questo articolo imparerai come moltiplicare in Excel usando Incolla speciale. Oltre a dividere, aggiungere e sottrarre.\" \/>\n<meta property=\"og:url\" content=\"https:\/\/exceladvisor.org\/it\/incolla-la-moltiplicazione-speciale\/\" \/>\n<meta property=\"og:site_name\" content=\"Excel Advisor\" \/>\n<meta property=\"article:modified_time\" content=\"2023-12-10T06:24:18+00:00\" \/>\n<meta property=\"og:image\" content=\"https:\/\/exceladvisor.org\/wp-content\/uploads\/2023\/08\/Utiliser-Coller-des-operations-speciales-pour-une-multiplication-rapide-dans-Excel-1.png\" \/>\n<meta name=\"twitter:card\" content=\"summary_large_image\" \/>\n<meta name=\"twitter:label1\" content=\"Tempo di lettura stimato\" \/>\n\t<meta name=\"twitter:data1\" content=\"2 minuti\" \/>\n<script type=\"application\/ld+json\" class=\"yoast-schema-graph\">{\"@context\":\"https:\/\/schema.org\",\"@graph\":[{\"@type\":\"WebPage\",\"@id\":\"https:\/\/exceladvisor.org\/it\/incolla-la-moltiplicazione-speciale\/\",\"url\":\"https:\/\/exceladvisor.org\/it\/incolla-la-moltiplicazione-speciale\/\",\"name\":\"Come moltiplicare in Excel usando incolla speciale?\",\"isPartOf\":{\"@id\":\"https:\/\/exceladvisor.org\/it\/#website\"},\"primaryImageOfPage\":{\"@id\":\"https:\/\/exceladvisor.org\/it\/incolla-la-moltiplicazione-speciale\/#primaryimage\"},\"image\":{\"@id\":\"https:\/\/exceladvisor.org\/it\/incolla-la-moltiplicazione-speciale\/#primaryimage\"},\"thumbnailUrl\":\"https:\/\/exceladvisor.org\/wp-content\/uploads\/2023\/08\/Utiliser-Coller-des-operations-speciales-pour-une-multiplication-rapide-dans-Excel-1.png\",\"datePublished\":\"2023-10-30T11:30:56+00:00\",\"dateModified\":\"2023-12-10T06:24:18+00:00\",\"description\":\"In questo articolo imparerai come moltiplicare in Excel usando Incolla speciale. Oltre a dividere, aggiungere e sottrarre.\",\"breadcrumb\":{\"@id\":\"https:\/\/exceladvisor.org\/it\/incolla-la-moltiplicazione-speciale\/#breadcrumb\"},\"inLanguage\":\"it-IT\",\"potentialAction\":[{\"@type\":\"ReadAction\",\"target\":[\"https:\/\/exceladvisor.org\/it\/incolla-la-moltiplicazione-speciale\/\"]}]},{\"@type\":\"ImageObject\",\"inLanguage\":\"it-IT\",\"@id\":\"https:\/\/exceladvisor.org\/it\/incolla-la-moltiplicazione-speciale\/#primaryimage\",\"url\":\"https:\/\/exceladvisor.org\/wp-content\/uploads\/2023\/08\/Utiliser-Coller-des-operations-speciales-pour-une-multiplication-rapide-dans-Excel-1.png\",\"contentUrl\":\"https:\/\/exceladvisor.org\/wp-content\/uploads\/2023\/08\/Utiliser-Coller-des-operations-speciales-pour-une-multiplication-rapide-dans-Excel-1.png\"},{\"@type\":\"BreadcrumbList\",\"@id\":\"https:\/\/exceladvisor.org\/it\/incolla-la-moltiplicazione-speciale\/#breadcrumb\",\"itemListElement\":[{\"@type\":\"ListItem\",\"position\":1,\"name\":\"Home\",\"item\":\"https:\/\/exceladvisor.org\/it\/\"},{\"@type\":\"ListItem\",\"position\":2,\"name\":\"Come moltiplicare in excel usando incolla speciale?\"}]},{\"@type\":\"WebSite\",\"@id\":\"https:\/\/exceladvisor.org\/it\/#website\",\"url\":\"https:\/\/exceladvisor.org\/it\/\",\"name\":\"Excel Advisor\",\"description\":\"Tips, Tricks, and Time-Saving Hacks\",\"publisher\":{\"@id\":\"https:\/\/exceladvisor.org\/it\/#organization\"},\"potentialAction\":[{\"@type\":\"SearchAction\",\"target\":{\"@type\":\"EntryPoint\",\"urlTemplate\":\"https:\/\/exceladvisor.org\/it\/?s={search_term_string}\"},\"query-input\":{\"@type\":\"PropertyValueSpecification\",\"valueRequired\":true,\"valueName\":\"search_term_string\"}}],\"inLanguage\":\"it-IT\"},{\"@type\":\"Organization\",\"@id\":\"https:\/\/exceladvisor.org\/it\/#organization\",\"name\":\"Excel Advisor\",\"url\":\"https:\/\/exceladvisor.org\/it\/\",\"logo\":{\"@type\":\"ImageObject\",\"inLanguage\":\"it-IT\",\"@id\":\"https:\/\/exceladvisor.org\/it\/#\/schema\/logo\/image\/\",\"url\":\"https:\/\/exceladvisor.org\/it\/wp-content\/uploads\/2023\/12\/exceladvisor.org_.png\",\"contentUrl\":\"https:\/\/exceladvisor.org\/it\/wp-content\/uploads\/2023\/12\/exceladvisor.org_.png\",\"width\":105,\"height\":36,\"caption\":\"Excel Advisor\"},\"image\":{\"@id\":\"https:\/\/exceladvisor.org\/it\/#\/schema\/logo\/image\/\"}}]}<\/script>\n<!-- \/ Yoast SEO plugin. -->","yoast_head_json":{"title":"Come moltiplicare in Excel usando incolla speciale?","description":"In questo articolo imparerai come moltiplicare in Excel usando Incolla speciale. Oltre a dividere, aggiungere e sottrarre.","robots":{"index":"index","follow":"follow","max-snippet":"max-snippet:-1","max-image-preview":"max-image-preview:large","max-video-preview":"max-video-preview:-1"},"canonical":"https:\/\/exceladvisor.org\/it\/incolla-la-moltiplicazione-speciale\/","og_locale":"it_IT","og_type":"article","og_title":"Come moltiplicare in Excel usando incolla speciale?","og_description":"In questo articolo imparerai come moltiplicare in Excel usando Incolla speciale. Oltre a dividere, aggiungere e sottrarre.","og_url":"https:\/\/exceladvisor.org\/it\/incolla-la-moltiplicazione-speciale\/","og_site_name":"Excel Advisor","article_modified_time":"2023-12-10T06:24:18+00:00","og_image":[{"url":"https:\/\/exceladvisor.org\/wp-content\/uploads\/2023\/08\/Utiliser-Coller-des-operations-speciales-pour-une-multiplication-rapide-dans-Excel-1.png","type":"","width":"","height":""}],"twitter_card":"summary_large_image","twitter_misc":{"Tempo di lettura stimato":"2 minuti"},"schema":{"@context":"https:\/\/schema.org","@graph":[{"@type":"WebPage","@id":"https:\/\/exceladvisor.org\/it\/incolla-la-moltiplicazione-speciale\/","url":"https:\/\/exceladvisor.org\/it\/incolla-la-moltiplicazione-speciale\/","name":"Come moltiplicare in Excel usando incolla speciale?","isPartOf":{"@id":"https:\/\/exceladvisor.org\/it\/#website"},"primaryImageOfPage":{"@id":"https:\/\/exceladvisor.org\/it\/incolla-la-moltiplicazione-speciale\/#primaryimage"},"image":{"@id":"https:\/\/exceladvisor.org\/it\/incolla-la-moltiplicazione-speciale\/#primaryimage"},"thumbnailUrl":"https:\/\/exceladvisor.org\/wp-content\/uploads\/2023\/08\/Utiliser-Coller-des-operations-speciales-pour-une-multiplication-rapide-dans-Excel-1.png","datePublished":"2023-10-30T11:30:56+00:00","dateModified":"2023-12-10T06:24:18+00:00","description":"In questo articolo imparerai come moltiplicare in Excel usando Incolla speciale. Oltre a dividere, aggiungere e sottrarre.","breadcrumb":{"@id":"https:\/\/exceladvisor.org\/it\/incolla-la-moltiplicazione-speciale\/#breadcrumb"},"inLanguage":"it-IT","potentialAction":[{"@type":"ReadAction","target":["https:\/\/exceladvisor.org\/it\/incolla-la-moltiplicazione-speciale\/"]}]},{"@type":"ImageObject","inLanguage":"it-IT","@id":"https:\/\/exceladvisor.org\/it\/incolla-la-moltiplicazione-speciale\/#primaryimage","url":"https:\/\/exceladvisor.org\/wp-content\/uploads\/2023\/08\/Utiliser-Coller-des-operations-speciales-pour-une-multiplication-rapide-dans-Excel-1.png","contentUrl":"https:\/\/exceladvisor.org\/wp-content\/uploads\/2023\/08\/Utiliser-Coller-des-operations-speciales-pour-une-multiplication-rapide-dans-Excel-1.png"},{"@type":"BreadcrumbList","@id":"https:\/\/exceladvisor.org\/it\/incolla-la-moltiplicazione-speciale\/#breadcrumb","itemListElement":[{"@type":"ListItem","position":1,"name":"Home","item":"https:\/\/exceladvisor.org\/it\/"},{"@type":"ListItem","position":2,"name":"Come moltiplicare in excel usando incolla speciale?"}]},{"@type":"WebSite","@id":"https:\/\/exceladvisor.org\/it\/#website","url":"https:\/\/exceladvisor.org\/it\/","name":"Excel Advisor","description":"Tips, Tricks, and Time-Saving Hacks","publisher":{"@id":"https:\/\/exceladvisor.org\/it\/#organization"},"potentialAction":[{"@type":"SearchAction","target":{"@type":"EntryPoint","urlTemplate":"https:\/\/exceladvisor.org\/it\/?s={search_term_string}"},"query-input":{"@type":"PropertyValueSpecification","valueRequired":true,"valueName":"search_term_string"}}],"inLanguage":"it-IT"},{"@type":"Organization","@id":"https:\/\/exceladvisor.org\/it\/#organization","name":"Excel Advisor","url":"https:\/\/exceladvisor.org\/it\/","logo":{"@type":"ImageObject","inLanguage":"it-IT","@id":"https:\/\/exceladvisor.org\/it\/#\/schema\/logo\/image\/","url":"https:\/\/exceladvisor.org\/it\/wp-content\/uploads\/2023\/12\/exceladvisor.org_.png","contentUrl":"https:\/\/exceladvisor.org\/it\/wp-content\/uploads\/2023\/12\/exceladvisor.org_.png","width":105,"height":36,"caption":"Excel Advisor"},"image":{"@id":"https:\/\/exceladvisor.org\/it\/#\/schema\/logo\/image\/"}}]}},"yoast_meta":{"yoast_wpseo_title":"","yoast_wpseo_metadesc":"","yoast_wpseo_canonical":""},"_links":{"self":[{"href":"https:\/\/exceladvisor.org\/it\/wp-json\/wp\/v2\/pages\/1874","targetHints":{"allow":["GET"]}}],"collection":[{"href":"https:\/\/exceladvisor.org\/it\/wp-json\/wp\/v2\/pages"}],"about":[{"href":"https:\/\/exceladvisor.org\/it\/wp-json\/wp\/v2\/types\/page"}],"author":[{"embeddable":true,"href":"https:\/\/exceladvisor.org\/it\/wp-json\/wp\/v2\/users\/1"}],"replies":[{"embeddable":true,"href":"https:\/\/exceladvisor.org\/it\/wp-json\/wp\/v2\/comments?post=1874"}],"version-history":[{"count":1,"href":"https:\/\/exceladvisor.org\/it\/wp-json\/wp\/v2\/pages\/1874\/revisions"}],"predecessor-version":[{"id":2574,"href":"https:\/\/exceladvisor.org\/it\/wp-json\/wp\/v2\/pages\/1874\/revisions\/2574"}],"wp:attachment":[{"href":"https:\/\/exceladvisor.org\/it\/wp-json\/wp\/v2\/media?parent=1874"}],"curies":[{"name":"wp","href":"https:\/\/api.w.org\/{rel}","templated":true}]}}