{"id":1875,"date":"2023-10-30T10:57:01","date_gmt":"2023-10-30T10:57:01","guid":{"rendered":"https:\/\/exceladvisor.org\/it\/ordinare-orizzontalmente\/"},"modified":"2023-12-10T06:24:31","modified_gmt":"2023-12-10T06:24:31","slug":"ordinare-orizzontalmente","status":"publish","type":"page","link":"https:\/\/exceladvisor.org\/it\/ordinare-orizzontalmente\/","title":{"rendered":"Come ordinare orizzontalmente in excel?"},"content":{"rendered":"<div class=\"excel-prima-del-contenuto\" id=\"excel-2312910825\"><script type=\"text\/javascript\">\r\n\tatOptions = {\r\n\t\t'key' : 'c1158f160081d6540a8409e6925dab94',\r\n\t\t'format' : 'iframe',\r\n\t\t'height' : 250,\r\n\t\t'width' : 300,\r\n\t\t'params' : {}\r\n\t};\r\n<\/script>\r\n<script type=\"text\/javascript\" src=\"\/\/www.highperformanceformat.com\/c1158f160081d6540a8409e6925dab94\/invoke.js\"><\/script><\/div> <p>Ti sei mai chiesto come ordinare i dati orizzontalmente in Excel? Voglio dire, puoi ordinare le colonne come ordinate le righe. Vuoi sapere il meglio?<\/p><p> Quindi oggi, in questo articolo, vorrei condividere con voi un semplice passaggio per ordinare i dati orizzontalmente. A parte questo, vorrei anche condividere un semplice aggiustamento che puoi fare per ordinare le colonne in un ordine personalizzato.<\/p><p class=\"qt-tip\"> <strong>Nota rapida<\/strong> : questo \u00e8 uno di quei <a href=\"https:\/\/exceladvisor.org\/it\/consiglio\/\" data-wpil=\"url\">suggerimenti di Excel<\/a> che possono aiutare a migliorare <a style=\"outline: none;\" href=\"https:\/\/exceladvisor.org\/it\/eccellere-nelle-competenze\/\">le competenze di base di Excel<\/a> .<\/p><h2 class=\"wp-block-heading\"> Passaggi per ordinare le colonne in Excel<\/h2><ul><li> Innanzitutto, seleziona i dati che desideri ordinare. <\/li><\/ul><div class=\"wp-block-image\"><figure class=\"aligncenter\"><img decoding=\"async\" src=\"https:\/\/exceladvisor.org\/wp-content\/uploads\/2023\/08\/Comment-trier-les-colonnes-de-gauche-a-droite-dans-Excel-2-1.png\" sizes=\"\" srcset=\"\" alt=\"dati da utilizzare per ordinare orizzontalmente in Excel\"><\/figure><\/div><ul><li> Vai alla scheda Dati \u2192 Ordina e filtra \u2192 Fai clic sul pulsante Ordina. Ora otterrai una finestra pop-up. <\/li><\/ul><div class=\"wp-block-image\"><figure class=\"aligncenter\"><img decoding=\"async\" src=\"https:\/\/exceladvisor.org\/wp-content\/uploads\/2023\/08\/Comment-trier-les-colonnes-de-gauche-a-droite-dans-Excel-3-1.png\" sizes=\"\" srcset=\"\" alt=\"aprire le opzioni di ordinamento per ordinare orizzontalmente\"><\/figure><\/div><ul><li> Puoi anche utilizzare il tasto di scelta rapida Alt+A+S+S per ordinare i popup.<\/li><li> Fare clic sul pulsante Opzioni \u2192 Selezionare l&#8217;ordinamento da sinistra a destra e fare clic su OK. <\/li><\/ul><div class=\"wp-block-image\"><figure class=\"aligncenter\"><img decoding=\"async\" src=\"https:\/\/exceladvisor.org\/wp-content\/uploads\/2023\/08\/Comment-trier-les-colonnes-de-gauche-a-droite-dans-Excel-4-1.png\" sizes=\"\" srcset=\"\" alt=\"seleziona ordina da sinistra a destra per ordinare orizzontalmente in Excel\"><\/figure><\/div><ul><li> Seleziona ora la riga in base alla quale desideri ordinare i dati e fai clic su OK. <\/li><\/ul><div class=\"wp-block-image\"><figure class=\"aligncenter\"><img decoding=\"async\" src=\"https:\/\/exceladvisor.org\/wp-content\/uploads\/2023\/08\/Comment-trier-les-colonnes-de-gauche-a-droite-dans-Excel-5-1.png\" sizes=\"\" srcset=\"\" alt=\"seleziona la riga per ordinare orizzontalmente in Excel\"><\/figure><\/div><p> Congratulazioni! Hai ordinato i tuoi dati orizzontalmente. <\/p><div class=\"wp-block-image\"><figure class=\"aligncenter\"><img decoding=\"async\" src=\"https:\/\/exceladvisor.org\/wp-content\/uploads\/2023\/08\/Comment-trier-les-colonnes-de-gauche-a-droite-dans-Excel-6-1.png\" sizes=\"\" srcset=\"\" alt=\"ordinare i dati orizzontalmente con l'ordinamento delle colonne nella tecnica Excel\"><\/figure><\/div><p> Con le tabelle Excel non \u00e8 possibile utilizzare questa tecnica.<\/p><h2 class=\"wp-block-heading\"> [Ordine personalizzato] Ordinamento orizzontale<\/h2><p> Nella vita reale, \u00e8 pi\u00f9 necessario ordinare le colonne in un ordine personalizzato anzich\u00e9 utilizzare l&#8217;ordine alfabetico. Segui questi semplici passaggi.<\/p><ul><li> Aggiungi una riga di intestazione temporanea nella parte superiore del set di dati e utilizza i numeri per creare un comando personalizzato. <\/li><\/ul><div class=\"wp-block-image\"><figure class=\"aligncenter\"><img decoding=\"async\" src=\"https:\/\/exceladvisor.org\/wp-content\/uploads\/2023\/08\/Comment-trier-les-colonnes-de-gauche-a-droite-dans-Excel-7-1.png\" sizes=\"\" srcset=\"\" alt=\"Passaggi per l'ordinamento personalizzato delle colonne in Excel\"><\/figure><\/div><ul><li> Ora apri la finestra di ordinamento.<\/li><li> E ordina le colonne usando la riga temporanea come base.<\/li><li> Dopodich\u00e9 rimuovi semplicemente l&#8217;intestazione temporanea ora.<\/li><\/ul><div class=\"gb-container gb-container-4db6181c gb-container-mt\"> <a class=\"gb-button gb-button-c5897111 gb-button-text gb-button-mt-button\" href=\"https:\/\/exceladvisor.org\/it\/nozioni-di-base-su-excel\/\">Nozioni di base su Microsoft Excel (componenti, parti e note informative)<\/a><h2 class=\"gb-headline gb-headline-665e5f6b gb-headline-text gb-headline-mt-heading\"> Tutorial correlati <\/h2><div class=\"gb-grid-wrapper gb-grid-wrapper-a20baf7c gb-grid-wrapper-mt-grid\"><div class=\"gb-grid-column gb-grid-column-65ddf67e\"><div class=\"gb-container gb-container-65ddf67e\"><ul><li> <a href=\"https:\/\/exceladvisor.org\/it\/ordinare-per-data\/\">Ordina per data, data e ora e ordina per data inversa<\/a><\/li><li> <a href=\"https:\/\/exceladvisor.org\/it\/randomizzare-lelenco\/\">Randomizza un elenco (ordinamento casuale)<\/a><\/li><li> <a href=\"https:\/\/exceladvisor.org\/it\/ordinare-lintervallo\/\">Ordina l&#8217;intervallo utilizzando VBA<\/a> <\/li><\/ul><\/div><\/div><div class=\"gb-grid-column gb-grid-column-50067b57\"><div class=\"gb-container gb-container-50067b57\"><\/div><\/div><\/div><\/div>","protected":false},"excerpt":{"rendered":"","protected":false},"author":1,"featured_media":0,"parent":0,"menu_order":0,"comment_status":"open","ping_status":"closed","template":"","meta":{"ub_ctt_via":"","footnotes":""},"class_list":["post-1875","page","type-page","status-publish","hentry"],"featured_image_src":null,"yoast_head":"<!-- This site is optimized with the Yoast SEO plugin v25.4 - https:\/\/yoast.com\/wordpress\/plugins\/seo\/ -->\n<title>Come ordinare orizzontalmente in Excel? [Ordinamento delle colonne]<\/title>\n<meta name=\"description\" content=\"Vuoi ordinare le colonne in Excel? Ordinare le colonne in Excel significa ordinare i dati da sinistra a destra [direzione orizzontale].\" \/>\n<meta name=\"robots\" content=\"index, follow, max-snippet:-1, max-image-preview:large, max-video-preview:-1\" \/>\n<link rel=\"canonical\" href=\"https:\/\/exceladvisor.org\/it\/ordinare-orizzontalmente\/\" \/>\n<meta property=\"og:locale\" content=\"it_IT\" \/>\n<meta property=\"og:type\" content=\"article\" \/>\n<meta property=\"og:title\" content=\"Come ordinare orizzontalmente in Excel? [Ordinamento delle colonne]\" \/>\n<meta property=\"og:description\" content=\"Vuoi ordinare le colonne in Excel? Ordinare le colonne in Excel significa ordinare i dati da sinistra a destra [direzione orizzontale].\" \/>\n<meta property=\"og:url\" content=\"https:\/\/exceladvisor.org\/it\/ordinare-orizzontalmente\/\" \/>\n<meta property=\"og:site_name\" content=\"Excel Advisor\" \/>\n<meta property=\"article:modified_time\" content=\"2023-12-10T06:24:31+00:00\" \/>\n<meta property=\"og:image\" content=\"https:\/\/exceladvisor.org\/wp-content\/uploads\/2023\/08\/Comment-trier-les-colonnes-de-gauche-a-droite-dans-Excel-2-1.png\" \/>\n<meta name=\"twitter:card\" content=\"summary_large_image\" \/>\n<meta name=\"twitter:label1\" content=\"Tempo di lettura stimato\" \/>\n\t<meta name=\"twitter:data1\" content=\"1 minuto\" \/>\n<script type=\"application\/ld+json\" class=\"yoast-schema-graph\">{\"@context\":\"https:\/\/schema.org\",\"@graph\":[{\"@type\":\"WebPage\",\"@id\":\"https:\/\/exceladvisor.org\/it\/ordinare-orizzontalmente\/\",\"url\":\"https:\/\/exceladvisor.org\/it\/ordinare-orizzontalmente\/\",\"name\":\"Come ordinare orizzontalmente in Excel? [Ordinamento delle colonne]\",\"isPartOf\":{\"@id\":\"https:\/\/exceladvisor.org\/it\/#website\"},\"primaryImageOfPage\":{\"@id\":\"https:\/\/exceladvisor.org\/it\/ordinare-orizzontalmente\/#primaryimage\"},\"image\":{\"@id\":\"https:\/\/exceladvisor.org\/it\/ordinare-orizzontalmente\/#primaryimage\"},\"thumbnailUrl\":\"https:\/\/exceladvisor.org\/wp-content\/uploads\/2023\/08\/Comment-trier-les-colonnes-de-gauche-a-droite-dans-Excel-2-1.png\",\"datePublished\":\"2023-10-30T10:57:01+00:00\",\"dateModified\":\"2023-12-10T06:24:31+00:00\",\"description\":\"Vuoi ordinare le colonne in Excel? Ordinare le colonne in Excel significa ordinare i dati da sinistra a destra [direzione orizzontale].\",\"breadcrumb\":{\"@id\":\"https:\/\/exceladvisor.org\/it\/ordinare-orizzontalmente\/#breadcrumb\"},\"inLanguage\":\"it-IT\",\"potentialAction\":[{\"@type\":\"ReadAction\",\"target\":[\"https:\/\/exceladvisor.org\/it\/ordinare-orizzontalmente\/\"]}]},{\"@type\":\"ImageObject\",\"inLanguage\":\"it-IT\",\"@id\":\"https:\/\/exceladvisor.org\/it\/ordinare-orizzontalmente\/#primaryimage\",\"url\":\"https:\/\/exceladvisor.org\/wp-content\/uploads\/2023\/08\/Comment-trier-les-colonnes-de-gauche-a-droite-dans-Excel-2-1.png\",\"contentUrl\":\"https:\/\/exceladvisor.org\/wp-content\/uploads\/2023\/08\/Comment-trier-les-colonnes-de-gauche-a-droite-dans-Excel-2-1.png\"},{\"@type\":\"BreadcrumbList\",\"@id\":\"https:\/\/exceladvisor.org\/it\/ordinare-orizzontalmente\/#breadcrumb\",\"itemListElement\":[{\"@type\":\"ListItem\",\"position\":1,\"name\":\"Home\",\"item\":\"https:\/\/exceladvisor.org\/it\/\"},{\"@type\":\"ListItem\",\"position\":2,\"name\":\"Come ordinare orizzontalmente in excel?\"}]},{\"@type\":\"WebSite\",\"@id\":\"https:\/\/exceladvisor.org\/it\/#website\",\"url\":\"https:\/\/exceladvisor.org\/it\/\",\"name\":\"Excel Advisor\",\"description\":\"Tips, Tricks, and Time-Saving Hacks\",\"publisher\":{\"@id\":\"https:\/\/exceladvisor.org\/it\/#organization\"},\"potentialAction\":[{\"@type\":\"SearchAction\",\"target\":{\"@type\":\"EntryPoint\",\"urlTemplate\":\"https:\/\/exceladvisor.org\/it\/?s={search_term_string}\"},\"query-input\":{\"@type\":\"PropertyValueSpecification\",\"valueRequired\":true,\"valueName\":\"search_term_string\"}}],\"inLanguage\":\"it-IT\"},{\"@type\":\"Organization\",\"@id\":\"https:\/\/exceladvisor.org\/it\/#organization\",\"name\":\"Excel Advisor\",\"url\":\"https:\/\/exceladvisor.org\/it\/\",\"logo\":{\"@type\":\"ImageObject\",\"inLanguage\":\"it-IT\",\"@id\":\"https:\/\/exceladvisor.org\/it\/#\/schema\/logo\/image\/\",\"url\":\"https:\/\/exceladvisor.org\/it\/wp-content\/uploads\/2023\/12\/exceladvisor.org_.png\",\"contentUrl\":\"https:\/\/exceladvisor.org\/it\/wp-content\/uploads\/2023\/12\/exceladvisor.org_.png\",\"width\":105,\"height\":36,\"caption\":\"Excel Advisor\"},\"image\":{\"@id\":\"https:\/\/exceladvisor.org\/it\/#\/schema\/logo\/image\/\"}}]}<\/script>\n<!-- \/ Yoast SEO plugin. -->","yoast_head_json":{"title":"Come ordinare orizzontalmente in Excel? [Ordinamento delle colonne]","description":"Vuoi ordinare le colonne in Excel? Ordinare le colonne in Excel significa ordinare i dati da sinistra a destra [direzione orizzontale].","robots":{"index":"index","follow":"follow","max-snippet":"max-snippet:-1","max-image-preview":"max-image-preview:large","max-video-preview":"max-video-preview:-1"},"canonical":"https:\/\/exceladvisor.org\/it\/ordinare-orizzontalmente\/","og_locale":"it_IT","og_type":"article","og_title":"Come ordinare orizzontalmente in Excel? [Ordinamento delle colonne]","og_description":"Vuoi ordinare le colonne in Excel? Ordinare le colonne in Excel significa ordinare i dati da sinistra a destra [direzione orizzontale].","og_url":"https:\/\/exceladvisor.org\/it\/ordinare-orizzontalmente\/","og_site_name":"Excel Advisor","article_modified_time":"2023-12-10T06:24:31+00:00","og_image":[{"url":"https:\/\/exceladvisor.org\/wp-content\/uploads\/2023\/08\/Comment-trier-les-colonnes-de-gauche-a-droite-dans-Excel-2-1.png","type":"","width":"","height":""}],"twitter_card":"summary_large_image","twitter_misc":{"Tempo di lettura stimato":"1 minuto"},"schema":{"@context":"https:\/\/schema.org","@graph":[{"@type":"WebPage","@id":"https:\/\/exceladvisor.org\/it\/ordinare-orizzontalmente\/","url":"https:\/\/exceladvisor.org\/it\/ordinare-orizzontalmente\/","name":"Come ordinare orizzontalmente in Excel? [Ordinamento delle colonne]","isPartOf":{"@id":"https:\/\/exceladvisor.org\/it\/#website"},"primaryImageOfPage":{"@id":"https:\/\/exceladvisor.org\/it\/ordinare-orizzontalmente\/#primaryimage"},"image":{"@id":"https:\/\/exceladvisor.org\/it\/ordinare-orizzontalmente\/#primaryimage"},"thumbnailUrl":"https:\/\/exceladvisor.org\/wp-content\/uploads\/2023\/08\/Comment-trier-les-colonnes-de-gauche-a-droite-dans-Excel-2-1.png","datePublished":"2023-10-30T10:57:01+00:00","dateModified":"2023-12-10T06:24:31+00:00","description":"Vuoi ordinare le colonne in Excel? Ordinare le colonne in Excel significa ordinare i dati da sinistra a destra [direzione orizzontale].","breadcrumb":{"@id":"https:\/\/exceladvisor.org\/it\/ordinare-orizzontalmente\/#breadcrumb"},"inLanguage":"it-IT","potentialAction":[{"@type":"ReadAction","target":["https:\/\/exceladvisor.org\/it\/ordinare-orizzontalmente\/"]}]},{"@type":"ImageObject","inLanguage":"it-IT","@id":"https:\/\/exceladvisor.org\/it\/ordinare-orizzontalmente\/#primaryimage","url":"https:\/\/exceladvisor.org\/wp-content\/uploads\/2023\/08\/Comment-trier-les-colonnes-de-gauche-a-droite-dans-Excel-2-1.png","contentUrl":"https:\/\/exceladvisor.org\/wp-content\/uploads\/2023\/08\/Comment-trier-les-colonnes-de-gauche-a-droite-dans-Excel-2-1.png"},{"@type":"BreadcrumbList","@id":"https:\/\/exceladvisor.org\/it\/ordinare-orizzontalmente\/#breadcrumb","itemListElement":[{"@type":"ListItem","position":1,"name":"Home","item":"https:\/\/exceladvisor.org\/it\/"},{"@type":"ListItem","position":2,"name":"Come ordinare orizzontalmente in excel?"}]},{"@type":"WebSite","@id":"https:\/\/exceladvisor.org\/it\/#website","url":"https:\/\/exceladvisor.org\/it\/","name":"Excel Advisor","description":"Tips, Tricks, and Time-Saving Hacks","publisher":{"@id":"https:\/\/exceladvisor.org\/it\/#organization"},"potentialAction":[{"@type":"SearchAction","target":{"@type":"EntryPoint","urlTemplate":"https:\/\/exceladvisor.org\/it\/?s={search_term_string}"},"query-input":{"@type":"PropertyValueSpecification","valueRequired":true,"valueName":"search_term_string"}}],"inLanguage":"it-IT"},{"@type":"Organization","@id":"https:\/\/exceladvisor.org\/it\/#organization","name":"Excel Advisor","url":"https:\/\/exceladvisor.org\/it\/","logo":{"@type":"ImageObject","inLanguage":"it-IT","@id":"https:\/\/exceladvisor.org\/it\/#\/schema\/logo\/image\/","url":"https:\/\/exceladvisor.org\/it\/wp-content\/uploads\/2023\/12\/exceladvisor.org_.png","contentUrl":"https:\/\/exceladvisor.org\/it\/wp-content\/uploads\/2023\/12\/exceladvisor.org_.png","width":105,"height":36,"caption":"Excel Advisor"},"image":{"@id":"https:\/\/exceladvisor.org\/it\/#\/schema\/logo\/image\/"}}]}},"yoast_meta":{"yoast_wpseo_title":"","yoast_wpseo_metadesc":"","yoast_wpseo_canonical":""},"_links":{"self":[{"href":"https:\/\/exceladvisor.org\/it\/wp-json\/wp\/v2\/pages\/1875","targetHints":{"allow":["GET"]}}],"collection":[{"href":"https:\/\/exceladvisor.org\/it\/wp-json\/wp\/v2\/pages"}],"about":[{"href":"https:\/\/exceladvisor.org\/it\/wp-json\/wp\/v2\/types\/page"}],"author":[{"embeddable":true,"href":"https:\/\/exceladvisor.org\/it\/wp-json\/wp\/v2\/users\/1"}],"replies":[{"embeddable":true,"href":"https:\/\/exceladvisor.org\/it\/wp-json\/wp\/v2\/comments?post=1875"}],"version-history":[{"count":1,"href":"https:\/\/exceladvisor.org\/it\/wp-json\/wp\/v2\/pages\/1875\/revisions"}],"predecessor-version":[{"id":2586,"href":"https:\/\/exceladvisor.org\/it\/wp-json\/wp\/v2\/pages\/1875\/revisions\/2586"}],"wp:attachment":[{"href":"https:\/\/exceladvisor.org\/it\/wp-json\/wp\/v2\/media?parent=1875"}],"curies":[{"name":"wp","href":"https:\/\/api.w.org\/{rel}","templated":true}]}}