{"id":1876,"date":"2023-10-30T10:51:51","date_gmt":"2023-10-30T10:51:51","guid":{"rendered":"https:\/\/exceladvisor.org\/it\/strumento-fotocamera\/"},"modified":"2023-12-10T06:26:40","modified_gmt":"2023-12-10T06:26:40","slug":"strumento-fotocamera","status":"publish","type":"page","link":"https:\/\/exceladvisor.org\/it\/strumento-fotocamera\/","title":{"rendered":"Come utilizzare lo strumento fotocamera di excel per le immagini dal vivo?"},"content":{"rendered":"<div class=\"excel-prima-del-contenuto\" id=\"excel-3747203553\"><script type=\"text\/javascript\">\r\n\tatOptions = {\r\n\t\t'key' : 'c1158f160081d6540a8409e6925dab94',\r\n\t\t'format' : 'iframe',\r\n\t\t'height' : 250,\r\n\t\t'width' : 300,\r\n\t\t'params' : {}\r\n\t};\r\n<\/script>\r\n<script type=\"text\/javascript\" src=\"\/\/www.highperformanceformat.com\/c1158f160081d6540a8409e6925dab94\/invoke.js\"><\/script><\/div> <p>Lo strumento Fotocamera di Excel pu\u00f2 aiutarti a creare un&#8217;immagine dal vivo di una cella o di un intervallo di celle con un solo clic. In questo articolo, vorrei mostrarti come utilizzare lo strumento fotocamera in Excel e creare facilmente immagini dal vivo. Iniziamo.<\/p><h2 id=\"tab-con-1\" class=\"wp-block-heading\"> Cos&#8217;\u00e8 lo strumento fotocamera di Excel<\/h2><p> Lo strumento Fotocamera di Excel ti aiuta a copiare un intervallo e crearne un&#8217;immagine dal vivo. Puoi incollare questa immagine ovunque nel tuo foglio di calcolo. Poich\u00e9 si tratta di un&#8217;immagine dal vivo, se apporti modifiche all&#8217;intervallo originale, anche questo si rifletter\u00e0 nell&#8217;immagine. <\/p><div class=\"wp-block-image\"><figure class=\"aligncenter\"><img decoding=\"async\" src=\"https:\/\/exceladvisor.org\/wp-content\/uploads\/2023\/08\/Copier-la-plage-avec-loutil-de-camera-Excel.gif\" sizes=\"\" srcset=\"\" alt=\"immagine dal vivo con lo strumento fotocamera Excel\"><\/figure><\/div><h2 id=\"tab-con-2\" class=\"wp-block-heading\"> Abilita lo strumento fotocamera<\/h2><p> Lo strumento Fotocamera non \u00e8 elencato da nessuna parte nella barra multifunzione di Excel, quindi dobbiamo aggiungerlo alla <a href=\"https:\/\/exceladvisor.org\/it\/barra-di-accesso-rapido\/\">barra di accesso rapido<\/a> prima di utilizzarlo. Segui questi semplici passaggi.<\/p><ul><li> Nella barra di accesso rapido, fai clic sulla freccia rivolta verso il basso. <\/li><\/ul><div class=\"wp-block-image\"><figure class=\"aligncenter\"><img decoding=\"async\" src=\"https:\/\/exceladvisor.org\/wp-content\/uploads\/2023\/08\/Activer-loutil-de-camera-Excel-a-partir-de-la-barre-doutils-dacces-rapide-1.png\" sizes=\"\" srcset=\"\" alt=\"Abilita lo strumento Fotocamera di Excel dalla barra di accesso rapido\"><\/figure><\/div><ul><li> Otterrai un menu a discesa. Fare clic su pi\u00f9 ordini. <\/li><\/ul><div class=\"wp-block-image\"><figure class=\"aligncenter\"><img decoding=\"async\" src=\"https:\/\/exceladvisor.org\/wp-content\/uploads\/2023\/08\/Menu-de-la-barre-doutils-dacces-rapide-pour-ajouter-loutil-de-camera-Excel.png\" sizes=\"\" srcset=\"\" alt=\"Menu della barra degli strumenti ad accesso rapido per aggiungere lo strumento fotocamera di Excel\"><\/figure><\/div><ul><li> Ora nelle opzioni di Excel, seleziona tutti i comandi in \u201cScegli comandi da\u201d. Seleziona una telecamera dall&#8217;elenco e aggiungila alla barra di accesso rapido. <\/li><\/ul><div class=\"wp-block-image\"><figure class=\"aligncenter\"><img decoding=\"async\" src=\"https:\/\/exceladvisor.org\/wp-content\/uploads\/2023\/08\/Cliquez-sur-OK-pour-ajouter-loutil-de-camera-Excel-a-la-barre-doutils-dacces-rapide-1.png\" sizes=\"\" srcset=\"\" alt=\"Fare clic su OK per aggiungere lo strumento fotocamera di Excel alla barra di accesso rapido\"><\/figure><\/div><ul><li> Fare clic su OK.<\/li><\/ul><p> Ora hai l&#8217;icona di una fotocamera nella barra di accesso rapido. <\/p><div class=\"wp-block-image\"><figure class=\"aligncenter\"><img decoding=\"async\" src=\"https:\/\/exceladvisor.org\/wp-content\/uploads\/2023\/08\/ajouter-loutil-camera-a-la-barre-doutils-dacces-rapide-1.png\" sizes=\"\" srcset=\"\" alt=\"aggiungi lo strumento fotocamera alla barra degli strumenti di accesso rapido\"><\/figure><\/div><h2 id=\"tab-con-3\" class=\"wp-block-heading\"> Come usarlo<\/h2><p> Usare lo strumento Fotocamera di Excel \u00e8 facile come fare clic su un&#8217;immagine con una fotocamera. Segui semplicemente questi semplici passaggi per creare un&#8217;immagine live nel tuo foglio di calcolo.<\/p><ol><li> Seleziona un intervallo da cui desideri creare un&#8217;immagine live.<\/li><li> Fai clic sull&#8217;icona della fotocamera nella barra di accesso rapido.<\/li><li> Il cursore si trasformer\u00e0 in un&#8217;icona pi\u00f9.<\/li><li> Ora fai clic sul punto del foglio di calcolo in cui desideri inserire la tua immagine live. <\/li><\/ol><div class=\"wp-block-image\"><figure class=\"aligncenter\"><img decoding=\"async\" src=\"https:\/\/exceladvisor.org\/wp-content\/uploads\/2023\/08\/Creer-une-table-dimages-liees-avec-Excel-Camera-Tool.gif\" sizes=\"\" srcset=\"\" alt=\"Crea una tabella di immagini collegata con Excel Camera Tool\"><\/figure><\/div><h2 id=\"tab-con-4\" class=\"wp-block-heading\"> Esempi di utilizzo dello strumento Fotocamera<\/h2><p> Qui ho elencato alcuni esempi stimolanti dell&#8217;utilizzo di uno strumento fotocamera per creare immagini dal vivo nel tuo foglio di calcolo.<\/p><h3 id=\"tab-con-6\" class=\"wp-block-heading\"> 1. Aggiungi i grafici a celle alla tua dashboard<\/h3><p> Sono un grande fan dei grafici a celle, ma la parte pi\u00f9 difficile dei grafici a celle \u00e8 aggiungerli al dashboard. Quindi utilizzo uno strumento fotocamera per creare un&#8217;immagine live da aggiungere ai dashboard. <\/p><div class=\"wp-block-image\"><figure class=\"aligncenter\"><img decoding=\"async\" src=\"https:\/\/exceladvisor.org\/wp-content\/uploads\/2023\/08\/Creer-une-image-liee-avec-Excel-Camera-Tool.gif\" sizes=\"\" srcset=\"\" alt=\"Crea un'immagine collegata con Excel Camera Tool\"><\/figure><\/div><p> Questo metodo mi aiuta molto perch\u00e9 posso modificare la dimensione del grafico.<\/p><h3 id=\"tab-con-7\" class=\"wp-block-heading\"> 2. Aggiungi tabelle di dati a una dashboard<\/h3><p> Puoi anche usarlo per inserire immagini live di tabelle di dati. A volte le tabelle dati occupano molto spazio sulla nostra dashboard. Possiamo aggiungere un&#8217;istantanea dei dati in tempo reale alle nostre dashboard. <\/p><div class=\"wp-block-image\"><figure class=\"aligncenter\"><img decoding=\"async\" src=\"https:\/\/exceladvisor.org\/wp-content\/uploads\/2023\/08\/Creer-une-image-du-tableau-de-donnees-avec-loutil-de-camera-Excel.gif\" sizes=\"\" srcset=\"\" alt=\"Crea un'immagine della tabella dati con lo strumento fotocamera di Excel\"><\/figure><\/div><p> Puoi modificare la dimensione della tabella dati in base allo spazio che hai a disposizione nella dashboard.<\/p><h3 id=\"tab-con-8\" class=\"wp-block-heading\"> 3. Monitoraggio delle cellule importanti<\/h3><p> Supponiamo che tu abbia celle importanti relative alla tua dashboard. E tutte le celle si trovano in fogli di lavoro diversi e <a href=\"https:\/\/exceladvisor.org\/it\/finestra-di-guardia\/\">desideri monitorarle<\/a> .<\/p><p> Il modo migliore per farlo \u00e8 creare semplicemente immagini live di tutte le celle importanti e inserirle in un unico foglio di calcolo o nel foglio della dashboard principale. <\/p><div class=\"wp-block-image\"><figure class=\"aligncenter\"><img decoding=\"async\" src=\"https:\/\/exceladvisor.org\/wp-content\/uploads\/2023\/08\/Image-en-direct-avec-les-outils-de-camera-Excel.png\" sizes=\"\" srcset=\"\" alt=\"Immagine dal vivo con gli strumenti della fotocamera di Excel\"><\/figure><\/div><p> E soprattutto, un utente non pu\u00f2 modificare queste immagini dal vivo.<\/p><h2 id=\"tab-con-5\" class=\"wp-block-heading\"> Punto importante<\/h2><p> Il punto pi\u00f9 importante \u00e8 che quando cambi la posizione di un&#8217;immagine da un foglio di lavoro a un altro, cambier\u00e0 il collegamento al foglio di lavoro corrente.<\/p><p> Supponiamo che tu abbia un&#8217;immagine relativa all&#8217;intervallo A1:B5 nel Foglio1. Ora quando sposti questa immagine dal foglio1 al foglio2 cambier\u00e0 il suo collegamento da foglio1 a foglio2<\/p><p> Per ottenere una soluzione a questo problema, segui questi semplici passaggi.<\/p><ul><li> Dopo aver creato un&#8217;immagine collegata, selezionala semplicemente.<\/li><li> Cliccando sulla barra della formula, avrai l&#8217;intervallo di indirizzi per il quale hai creato l&#8217;immagine collegata.<\/li><li> Aggiungi il nome del foglio di lavoro prima dell&#8217;indirizzo dell&#8217;intervallo. <\/li><\/ul><div class=\"wp-block-image\"><figure class=\"aligncenter\"><img decoding=\"async\" src=\"https:\/\/exceladvisor.org\/wp-content\/uploads\/2023\/08\/Modifier-ladresse-de-cellule-pour-limage-liee-creee-avec-loutil-de-camera-Excel.png\" sizes=\"\" srcset=\"\" alt=\"Modifica l'indirizzo della cella per l'immagine collegata creata con lo strumento fotocamera di Excel\"><\/figure><\/div><ul><li> Premere Invio.<\/li><\/ul><h2 class=\"wp-block-heading\"> Conclusione<\/h2><p> Questo strumento fotografico \u00e8 eccellente. Seleziona semplicemente un intervallo e fai clic nel punto in cui desideri incollare l&#8217;immagine. S\u00ec \u00e8 quello. Anche se lo confronti con l&#8217;opzione speciale per incollare le immagini, lo troverai molto pi\u00f9 veloce (se non usi i tasti di scelta rapida).<\/p><p> Spero che questo strumento fotografico ti aiuti a portare le tue abilit\u00e0 al livello successivo.<\/p><p> Ora dimmi una cosa. Hai mai usato questo strumento fotografico prima? Utilizzi immagini collegate nei tuoi fogli di calcolo?<\/p><p> Per favore condividi i tuoi pensieri con me nella sezione commenti, mi piacerebbe sentire la tua opinione. E non dimenticare di condividere questo suggerimento con i tuoi amici. Sono sicuro che non lo sanno.<\/p><div class=\"gb-container gb-container-4db6181c gb-container-mt\"> <a class=\"gb-button gb-button-c5897111 gb-button-text gb-button-mt-button\" href=\"https:\/\/exceladvisor.org\/it\/eccellere-in-anticipo\/\">Esercitazioni avanzate su Excel<\/a><h2 class=\"gb-headline gb-headline-665e5f6b gb-headline-text gb-headline-mt-heading\"> Tutorial correlati <\/h2><div class=\"gb-grid-wrapper gb-grid-wrapper-a20baf7c gb-grid-wrapper-mt-grid\"><div class=\"gb-grid-column gb-grid-column-65ddf67e\"><div class=\"gb-container gb-container-65ddf67e\"><ul><li> <a href=\"https:\/\/exceladvisor.org\/it\/ricerca-dellobiettivo\/\">Trova obiettivo in Excel<\/a><\/li><li> <a href=\"https:\/\/exceladvisor.org\/it\/finestra-di-guardia\/\">Finestra di controllo in Excel<\/a><\/li><li> <a href=\"https:\/\/exceladvisor.org\/it\/affettatrice-excel\/\">Affettatrice di Excel (guida completa)<\/a><\/li><li> <a href=\"https:\/\/exceladvisor.org\/it\/excel-per-impostazione-predefinita-su-mac\/\">Rendi Excel predefinito su Mac<\/a><\/li><li> <a href=\"https:\/\/exceladvisor.org\/it\/modalita-provvisoria-excel\/\">Apri Excel in modalit\u00e0 provvisoria<\/a><\/li><\/ul><\/div><\/div><\/div><\/div>","protected":false},"excerpt":{"rendered":"","protected":false},"author":1,"featured_media":0,"parent":0,"menu_order":0,"comment_status":"open","ping_status":"closed","template":"","meta":{"ub_ctt_via":"","footnotes":""},"class_list":["post-1876","page","type-page","status-publish","hentry"],"featured_image_src":null,"yoast_head":"<!-- This site is optimized with the Yoast SEO plugin v25.4 - https:\/\/yoast.com\/wordpress\/plugins\/seo\/ -->\n<title>Come utilizzare lo strumento fotocamera di Excel per le immagini dal vivo?<\/title>\n<meta name=\"description\" content=\"Scopri come utilizzare lo strumento Fotocamera in Excel, che ti aiuter\u00e0 a creare dashboard intelligenti.\" \/>\n<meta name=\"robots\" content=\"index, follow, max-snippet:-1, max-image-preview:large, max-video-preview:-1\" \/>\n<link rel=\"canonical\" href=\"https:\/\/exceladvisor.org\/it\/strumento-fotocamera\/\" \/>\n<meta property=\"og:locale\" content=\"it_IT\" \/>\n<meta property=\"og:type\" content=\"article\" \/>\n<meta property=\"og:title\" content=\"Come utilizzare lo strumento fotocamera di Excel per le immagini dal vivo?\" \/>\n<meta property=\"og:description\" content=\"Scopri come utilizzare lo strumento Fotocamera in Excel, che ti aiuter\u00e0 a creare dashboard intelligenti.\" \/>\n<meta property=\"og:url\" content=\"https:\/\/exceladvisor.org\/it\/strumento-fotocamera\/\" \/>\n<meta property=\"og:site_name\" content=\"Excel Advisor\" \/>\n<meta property=\"article:modified_time\" content=\"2023-12-10T06:26:40+00:00\" \/>\n<meta property=\"og:image\" content=\"https:\/\/exceladvisor.org\/wp-content\/uploads\/2023\/08\/Copier-la-plage-avec-loutil-de-camera-Excel.gif\" \/>\n<meta name=\"twitter:card\" content=\"summary_large_image\" \/>\n<meta name=\"twitter:label1\" content=\"Tempo di lettura stimato\" \/>\n\t<meta name=\"twitter:data1\" content=\"4 minuti\" \/>\n<script type=\"application\/ld+json\" class=\"yoast-schema-graph\">{\"@context\":\"https:\/\/schema.org\",\"@graph\":[{\"@type\":\"WebPage\",\"@id\":\"https:\/\/exceladvisor.org\/it\/strumento-fotocamera\/\",\"url\":\"https:\/\/exceladvisor.org\/it\/strumento-fotocamera\/\",\"name\":\"Come utilizzare lo strumento fotocamera di Excel per le immagini dal vivo?\",\"isPartOf\":{\"@id\":\"https:\/\/exceladvisor.org\/it\/#website\"},\"primaryImageOfPage\":{\"@id\":\"https:\/\/exceladvisor.org\/it\/strumento-fotocamera\/#primaryimage\"},\"image\":{\"@id\":\"https:\/\/exceladvisor.org\/it\/strumento-fotocamera\/#primaryimage\"},\"thumbnailUrl\":\"https:\/\/exceladvisor.org\/wp-content\/uploads\/2023\/08\/Copier-la-plage-avec-loutil-de-camera-Excel.gif\",\"datePublished\":\"2023-10-30T10:51:51+00:00\",\"dateModified\":\"2023-12-10T06:26:40+00:00\",\"description\":\"Scopri come utilizzare lo strumento Fotocamera in Excel, che ti aiuter\u00e0 a creare dashboard intelligenti.\",\"breadcrumb\":{\"@id\":\"https:\/\/exceladvisor.org\/it\/strumento-fotocamera\/#breadcrumb\"},\"inLanguage\":\"it-IT\",\"potentialAction\":[{\"@type\":\"ReadAction\",\"target\":[\"https:\/\/exceladvisor.org\/it\/strumento-fotocamera\/\"]}]},{\"@type\":\"ImageObject\",\"inLanguage\":\"it-IT\",\"@id\":\"https:\/\/exceladvisor.org\/it\/strumento-fotocamera\/#primaryimage\",\"url\":\"https:\/\/exceladvisor.org\/wp-content\/uploads\/2023\/08\/Copier-la-plage-avec-loutil-de-camera-Excel.gif\",\"contentUrl\":\"https:\/\/exceladvisor.org\/wp-content\/uploads\/2023\/08\/Copier-la-plage-avec-loutil-de-camera-Excel.gif\"},{\"@type\":\"BreadcrumbList\",\"@id\":\"https:\/\/exceladvisor.org\/it\/strumento-fotocamera\/#breadcrumb\",\"itemListElement\":[{\"@type\":\"ListItem\",\"position\":1,\"name\":\"Home\",\"item\":\"https:\/\/exceladvisor.org\/it\/\"},{\"@type\":\"ListItem\",\"position\":2,\"name\":\"Come utilizzare lo strumento fotocamera di excel per le immagini dal vivo?\"}]},{\"@type\":\"WebSite\",\"@id\":\"https:\/\/exceladvisor.org\/it\/#website\",\"url\":\"https:\/\/exceladvisor.org\/it\/\",\"name\":\"Excel Advisor\",\"description\":\"Tips, Tricks, and Time-Saving Hacks\",\"publisher\":{\"@id\":\"https:\/\/exceladvisor.org\/it\/#organization\"},\"potentialAction\":[{\"@type\":\"SearchAction\",\"target\":{\"@type\":\"EntryPoint\",\"urlTemplate\":\"https:\/\/exceladvisor.org\/it\/?s={search_term_string}\"},\"query-input\":{\"@type\":\"PropertyValueSpecification\",\"valueRequired\":true,\"valueName\":\"search_term_string\"}}],\"inLanguage\":\"it-IT\"},{\"@type\":\"Organization\",\"@id\":\"https:\/\/exceladvisor.org\/it\/#organization\",\"name\":\"Excel Advisor\",\"url\":\"https:\/\/exceladvisor.org\/it\/\",\"logo\":{\"@type\":\"ImageObject\",\"inLanguage\":\"it-IT\",\"@id\":\"https:\/\/exceladvisor.org\/it\/#\/schema\/logo\/image\/\",\"url\":\"https:\/\/exceladvisor.org\/it\/wp-content\/uploads\/2023\/12\/exceladvisor.org_.png\",\"contentUrl\":\"https:\/\/exceladvisor.org\/it\/wp-content\/uploads\/2023\/12\/exceladvisor.org_.png\",\"width\":105,\"height\":36,\"caption\":\"Excel Advisor\"},\"image\":{\"@id\":\"https:\/\/exceladvisor.org\/it\/#\/schema\/logo\/image\/\"}}]}<\/script>\n<!-- \/ Yoast SEO plugin. -->","yoast_head_json":{"title":"Come utilizzare lo strumento fotocamera di Excel per le immagini dal vivo?","description":"Scopri come utilizzare lo strumento Fotocamera in Excel, che ti aiuter\u00e0 a creare dashboard intelligenti.","robots":{"index":"index","follow":"follow","max-snippet":"max-snippet:-1","max-image-preview":"max-image-preview:large","max-video-preview":"max-video-preview:-1"},"canonical":"https:\/\/exceladvisor.org\/it\/strumento-fotocamera\/","og_locale":"it_IT","og_type":"article","og_title":"Come utilizzare lo strumento fotocamera di Excel per le immagini dal vivo?","og_description":"Scopri come utilizzare lo strumento Fotocamera in Excel, che ti aiuter\u00e0 a creare dashboard intelligenti.","og_url":"https:\/\/exceladvisor.org\/it\/strumento-fotocamera\/","og_site_name":"Excel Advisor","article_modified_time":"2023-12-10T06:26:40+00:00","og_image":[{"url":"https:\/\/exceladvisor.org\/wp-content\/uploads\/2023\/08\/Copier-la-plage-avec-loutil-de-camera-Excel.gif","type":"","width":"","height":""}],"twitter_card":"summary_large_image","twitter_misc":{"Tempo di lettura stimato":"4 minuti"},"schema":{"@context":"https:\/\/schema.org","@graph":[{"@type":"WebPage","@id":"https:\/\/exceladvisor.org\/it\/strumento-fotocamera\/","url":"https:\/\/exceladvisor.org\/it\/strumento-fotocamera\/","name":"Come utilizzare lo strumento fotocamera di Excel per le immagini dal vivo?","isPartOf":{"@id":"https:\/\/exceladvisor.org\/it\/#website"},"primaryImageOfPage":{"@id":"https:\/\/exceladvisor.org\/it\/strumento-fotocamera\/#primaryimage"},"image":{"@id":"https:\/\/exceladvisor.org\/it\/strumento-fotocamera\/#primaryimage"},"thumbnailUrl":"https:\/\/exceladvisor.org\/wp-content\/uploads\/2023\/08\/Copier-la-plage-avec-loutil-de-camera-Excel.gif","datePublished":"2023-10-30T10:51:51+00:00","dateModified":"2023-12-10T06:26:40+00:00","description":"Scopri come utilizzare lo strumento Fotocamera in Excel, che ti aiuter\u00e0 a creare dashboard intelligenti.","breadcrumb":{"@id":"https:\/\/exceladvisor.org\/it\/strumento-fotocamera\/#breadcrumb"},"inLanguage":"it-IT","potentialAction":[{"@type":"ReadAction","target":["https:\/\/exceladvisor.org\/it\/strumento-fotocamera\/"]}]},{"@type":"ImageObject","inLanguage":"it-IT","@id":"https:\/\/exceladvisor.org\/it\/strumento-fotocamera\/#primaryimage","url":"https:\/\/exceladvisor.org\/wp-content\/uploads\/2023\/08\/Copier-la-plage-avec-loutil-de-camera-Excel.gif","contentUrl":"https:\/\/exceladvisor.org\/wp-content\/uploads\/2023\/08\/Copier-la-plage-avec-loutil-de-camera-Excel.gif"},{"@type":"BreadcrumbList","@id":"https:\/\/exceladvisor.org\/it\/strumento-fotocamera\/#breadcrumb","itemListElement":[{"@type":"ListItem","position":1,"name":"Home","item":"https:\/\/exceladvisor.org\/it\/"},{"@type":"ListItem","position":2,"name":"Come utilizzare lo strumento fotocamera di excel per le immagini dal vivo?"}]},{"@type":"WebSite","@id":"https:\/\/exceladvisor.org\/it\/#website","url":"https:\/\/exceladvisor.org\/it\/","name":"Excel Advisor","description":"Tips, Tricks, and Time-Saving Hacks","publisher":{"@id":"https:\/\/exceladvisor.org\/it\/#organization"},"potentialAction":[{"@type":"SearchAction","target":{"@type":"EntryPoint","urlTemplate":"https:\/\/exceladvisor.org\/it\/?s={search_term_string}"},"query-input":{"@type":"PropertyValueSpecification","valueRequired":true,"valueName":"search_term_string"}}],"inLanguage":"it-IT"},{"@type":"Organization","@id":"https:\/\/exceladvisor.org\/it\/#organization","name":"Excel Advisor","url":"https:\/\/exceladvisor.org\/it\/","logo":{"@type":"ImageObject","inLanguage":"it-IT","@id":"https:\/\/exceladvisor.org\/it\/#\/schema\/logo\/image\/","url":"https:\/\/exceladvisor.org\/it\/wp-content\/uploads\/2023\/12\/exceladvisor.org_.png","contentUrl":"https:\/\/exceladvisor.org\/it\/wp-content\/uploads\/2023\/12\/exceladvisor.org_.png","width":105,"height":36,"caption":"Excel Advisor"},"image":{"@id":"https:\/\/exceladvisor.org\/it\/#\/schema\/logo\/image\/"}}]}},"yoast_meta":{"yoast_wpseo_title":"","yoast_wpseo_metadesc":"","yoast_wpseo_canonical":""},"_links":{"self":[{"href":"https:\/\/exceladvisor.org\/it\/wp-json\/wp\/v2\/pages\/1876","targetHints":{"allow":["GET"]}}],"collection":[{"href":"https:\/\/exceladvisor.org\/it\/wp-json\/wp\/v2\/pages"}],"about":[{"href":"https:\/\/exceladvisor.org\/it\/wp-json\/wp\/v2\/types\/page"}],"author":[{"embeddable":true,"href":"https:\/\/exceladvisor.org\/it\/wp-json\/wp\/v2\/users\/1"}],"replies":[{"embeddable":true,"href":"https:\/\/exceladvisor.org\/it\/wp-json\/wp\/v2\/comments?post=1876"}],"version-history":[{"count":1,"href":"https:\/\/exceladvisor.org\/it\/wp-json\/wp\/v2\/pages\/1876\/revisions"}],"predecessor-version":[{"id":2821,"href":"https:\/\/exceladvisor.org\/it\/wp-json\/wp\/v2\/pages\/1876\/revisions\/2821"}],"wp:attachment":[{"href":"https:\/\/exceladvisor.org\/it\/wp-json\/wp\/v2\/media?parent=1876"}],"curies":[{"name":"wp","href":"https:\/\/api.w.org\/{rel}","templated":true}]}}