{"id":1880,"date":"2023-10-30T09:32:29","date_gmt":"2023-10-30T09:32:29","guid":{"rendered":"https:\/\/exceladvisor.org\/it\/modulo-di-inserimento-dati-3\/"},"modified":"2023-12-10T06:23:20","modified_gmt":"2023-12-10T06:23:20","slug":"modulo-di-inserimento-dati-3","status":"publish","type":"page","link":"https:\/\/exceladvisor.org\/it\/modulo-di-inserimento-dati-3\/","title":{"rendered":"Come creare un modulo di immissione dati in excel?"},"content":{"rendered":"<div class=\"excel-prima-del-contenuto\" id=\"excel-1910701709\"><script type=\"text\/javascript\">\r\n\tatOptions = {\r\n\t\t'key' : 'c1158f160081d6540a8409e6925dab94',\r\n\t\t'format' : 'iframe',\r\n\t\t'height' : 250,\r\n\t\t'width' : 300,\r\n\t\t'params' : {}\r\n\t};\r\n<\/script>\r\n<script type=\"text\/javascript\" src=\"\/\/www.highperformanceformat.com\/c1158f160081d6540a8409e6925dab94\/invoke.js\"><\/script><\/div> <p>Il modulo di immissione dati \u00e8 uno dei modi migliori per inserire dati in una tabella. Ma creare un modulo per inserire i dati non \u00e8 un\u2019impresa facile.<\/p><p> Si \u00e8 vero.<\/p><p> Mentre lottavo con questo problema, ho scoperto che puoi creare un modulo in Excel per l&#8217;immissione dei dati con un solo clic. La parte migliore di questo modulo \u00e8 che \u00e8 pre-progettato e flessibile. Basta guardare l&#8217;esempio qui sotto. <\/p><div class=\"wp-block-image\"><figure class=\"aligncenter\"><img decoding=\"async\" src=\"https:\/\/exceladvisor.org\/wp-content\/uploads\/2023\/08\/Formulaire-de-saisie-de-donnees4-1.png\" sizes=\"\" srcset=\"\" alt=\"modulo di inserimento dati in excel\"><\/figure><\/div><p> Ecco l&#8217;idea: per creare questo modulo di input, devi solo attivarlo.<\/p><h2 id=\"tab-con-1\" class=\"wp-block-heading\"> Apri il modulo di inserimento dati<\/h2><p> In breve tempo scoprirai quanto \u00e8 utile questo strumento. Ma \u00e8 difficile credere che nella barra multifunzione non sia presente alcun elenco di questo modulo di immissione dati. Quindi, devi generarlo prima di usarlo.<\/p><p> E prima di attivare questo modulo, hai bisogno di una tabella per inserire i dati o almeno le intestazioni dei dati. <\/p><div class=\"wp-block-image\"><figure class=\"aligncenter\"><img decoding=\"async\" src=\"https:\/\/exceladvisor.org\/wp-content\/uploads\/2023\/08\/Formulaire-de-saisie-de-donnees-1.png\" sizes=\"\" srcset=\"\" alt=\"intestazione della tabella per utilizzare il modulo di immissione dati in Excel\"><\/figure><\/div><p> Per abilitarlo, fai clic su una delle celle della tabella o seleziona semplicemente una delle celle di intestazione e utilizza uno dei due metodi seguenti.<\/p><ol><li> Utilizza la <a href=\"https:\/\/exceladvisor.org\/it\/tasti-rapidi\/\">scorciatoia da tastiera<\/a> : <span style=\"color: #000000;\">Alt \u21e2 D \u21e2 O \u21e2 O.<\/span><\/li><li> Aggiungi un&#8217;icona alla barra di accesso rapido.<ol><li> File \u279c Opzioni \u279c <a href=\"https:\/\/exceladvisor.org\/it\/barra-di-accesso-rapido\/\">Barra degli strumenti di accesso rapido<\/a> .<\/li><li> Scegliere Comando da \u279c Comandi non presenti sulla barra multifunzione \u279c Da \u279c Aggiungi \u279c Fare clic su OK. <\/li><\/ol><\/li><\/ol><div class=\"wp-block-image\"><figure class=\"aligncenter\"><img decoding=\"async\" src=\"https:\/\/exceladvisor.org\/wp-content\/uploads\/2023\/08\/Formulaire-de-saisie-de-donnees2-1.png\" sizes=\"\" srcset=\"\" alt=\"aggiungi l'icona del modulo dati sulla barra degli strumenti di accesso rapido in Excel\"><\/figure><\/div><p> <strong>Dopo<\/strong> aver utilizzato una delle opzioni di cui sopra, verr\u00e0 creato un modulo di immissione dati come di seguito. <\/p><div class=\"wp-block-image\"><figure class=\"aligncenter\"><img decoding=\"async\" src=\"https:\/\/exceladvisor.org\/wp-content\/uploads\/2023\/08\/Formulaire-de-saisie-de-donnees3-1.png\" sizes=\"\" srcset=\"\" alt=\"modulo di inserimento dati aperto in excel\"><\/figure><\/div><p> E se noti, tutte le intestazioni della tabella dati vengono automaticamente acquisite nel modulo.<\/p><h2 class=\"wp-block-heading\"> 1. Crea una nuova voce<\/h2><p> Per creare una nuova voce di dati, compilare tutte le caselle di input con i dati e fare clic sul pulsante &#8220;Nuovo&#8221;. Ora, se guardi l&#8217;esempio qui sotto, vedrai che non c&#8217;\u00e8 alcuna barra di input per la colonna dell&#8217;importo.<\/p><p> Abbiamo una formula nella colonna dell&#8217;importo per moltiplicare la quantit\u00e0 per il prezzo. Ci\u00f2 significa che questo modulo \u00e8 abbastanza intelligente da scoprire le colonne in cui non \u00e8 necessario inserire dati. <\/p><div class=\"wp-block-image\"><figure class=\"aligncenter\"><img decoding=\"async\" src=\"https:\/\/exceladvisor.org\/wp-content\/uploads\/2023\/08\/Formulaire-de-saisie-de-donnees5-1.gif\" sizes=\"\" srcset=\"\" alt=\"inserisci i dati in una tabella con questo modulo di immissione dati in Excel\"><\/figure><\/div><h2 class=\"wp-block-heading\"> 2. Sfoglia le voci<\/h2><p> Per navigare tra tutte le voci che hai inserito nei tuoi dati, puoi utilizzare la barra di scorrimento oppure puoi utilizzare i pulsanti \u201cTrova precedente\u201d e \u201cTrova successivo\u201d. <\/p><div class=\"wp-block-image\"><figure class=\"aligncenter\"><img decoding=\"async\" src=\"https:\/\/exceladvisor.org\/wp-content\/uploads\/2023\/08\/Formulaire-de-saisie-de-donnees6-1.gif\" sizes=\"\" srcset=\"\" alt=\"scorrere le voci con questa voce di dati in Excel\"><\/figure><\/div><h2 class=\"wp-block-heading\"> 3. Modifica le voci<\/h2><p> Per modificare una voce, devi prima accedere a quella voce utilizzando il metodo sopra menzionato. Una volta navigato, puoi apportare le modifiche in una qualsiasi delle caselle di input e successivamente premere semplicemente il tasto Invio.<\/p><p> \u200bQuando modifichi la tua voce (prima di premere Invio o fare clic sul pulsante di chiusura), se desideri ripristinarla, puoi farlo con il pulsante Ripristina. Ripristiner\u00e0 i dati precedenti in tutte le caselle di input. <\/p><div class=\"wp-block-image\"><figure class=\"aligncenter\"><img decoding=\"async\" src=\"https:\/\/exceladvisor.org\/wp-content\/uploads\/2023\/08\/Formulaire-de-saisie-de-donnees10-1.gif\" sizes=\"\" srcset=\"\" alt=\"modificare le voci con questo modulo di immissione dati in Excel\"><\/figure><\/div><h2 class=\"wp-block-heading\"> 4. Elimina le voci<\/h2><p> Per eliminare una voce, \u00e8 necessario accedere a quella voce e fare clic sul pulsante Elimina. Apparir\u00e0 una finestra pop-up per la conferma dell&#8217;eliminazione e canceller\u00e0 immediatamente questa voce dalla tabella dati. <\/p><div class=\"wp-block-image\"><figure class=\"aligncenter\"><img decoding=\"async\" src=\"https:\/\/exceladvisor.org\/wp-content\/uploads\/2023\/08\/Formulaire-de-saisie-de-donnees8-1.gif\" sizes=\"\" srcset=\"\" alt=\"elimina la voce utilizzando questa voce di dati in Excel dalla tabella\"><\/figure><\/div><h2 class=\"wp-block-heading\"> 5. Trova una voce specifica<\/h2><p> Se lavori con dati di grandi dimensioni, puoi utilizzare il pulsante &#8220;Criteri&#8221; per trovare una voce specifica.<\/p><p> <span style=\"color: #000000;\">Ad esempio<\/span> , se desideri cercare voci nella tabella che corrispondono ad alcuni criteri specifici, fai semplicemente clic sul pulsante Criteri, inserisci i criteri nella casella di input e premi Invio. Otterrai le voci di dati che corrispondono ai tuoi criteri. Puoi anche utilizzare i tuoi criteri in pi\u00f9 caselle di input. <\/p><div class=\"wp-block-image\"><figure class=\"aligncenter\"><img decoding=\"async\" src=\"https:\/\/exceladvisor.org\/wp-content\/uploads\/2023\/08\/Formulaire-de-saisie-de-donnees9.gif\" sizes=\"\" srcset=\"\" alt=\"trovare una voce specifica in questo modulo di inserimento dati Excel con un criterio\"><\/figure><\/div><h2 id=\"tab-con-3\" class=\"wp-block-heading\"> Punti importanti su questo modulo di immissione dati<\/h2><p> Bene, ci sono alcuni punti importanti che devi sapere per giocare bene questa forma.<\/p><ol><li> Il numero massimo di campi di input che puoi utilizzare nel modulo di inserimento dati \u00e8 32.<\/li><li> La larghezza della casella di input \u00e8 puramente correlata alla colonna associata nel foglio di calcolo. Se le colonne nel foglio di calcolo non sono sufficientemente larghe per visualizzare i valori, la stessa larghezza si rifletter\u00e0 anche nel modulo dati.<\/li><li> D&#8217;altra parte, se solo una delle colonne supera la larghezza, la stessa larghezza verr\u00e0 riflessa per tutte le caselle di input come dati.<\/li><li> Se disponi di un intervallo denominato &#8220;Database&#8221;, non \u00e8 necessario selezionare una cella della tabella. Inserir\u00e0 sempre i dati in questa tabella.<\/li><li> Quando si utilizzano criteri per estrarre alcuni dati specifici, \u00e8 possibile utilizzare <a href=\"https:\/\/exceladvisor.org\/it\/caratteri-jolly-2\/\" data-wpel-link=\"internal\" data-wpil=\"url\">i caratteri jolly di Excel<\/a> in questo modulo.<\/li><li> Durante la creazione delle voci di dati, se si tenta di sovrascrivere i dati nella cella, verr\u00e0 visualizzato il messaggio di avviso &#8220;Impossibile estendere l&#8217;elenco o il database&#8221;.<\/li><\/ol><div class=\"gb-container gb-container-4db6181c gb-container-mt\"> <a class=\"gb-button gb-button-c5897111 gb-button-text gb-button-mt-button\" href=\"https:\/\/exceladvisor.org\/it\/eccellere-in-anticipo\/\">Esercitazioni avanzate su Excel<\/a><h2 class=\"gb-headline gb-headline-665e5f6b gb-headline-text gb-headline-mt-heading\"> Tutorial correlati <\/h2><div class=\"gb-grid-wrapper gb-grid-wrapper-a20baf7c gb-grid-wrapper-mt-grid\"><div class=\"gb-grid-column gb-grid-column-65ddf67e\"><div class=\"gb-container gb-container-65ddf67e\"><ul><li> <a href=\"https:\/\/exceladvisor.org\/it\/consolidare\/\" data-wpil=\"url\">Consolidare i dati da pi\u00f9 fogli di calcolo<\/a><\/li><li> <a href=\"https:\/\/exceladvisor.org\/it\/aggiungere\/\" data-wpil=\"url\">Aggiungi e rimuovi un foglio di calcolo in Excel<\/a><\/li><li> <a href=\"https:\/\/exceladvisor.org\/it\/gruppo-1\/\" data-wpil=\"url\">Fogli di lavoro di gruppo in Excel<\/a> <\/li><\/ul><\/div><\/div><div class=\"gb-grid-column gb-grid-column-50067b57\"><div class=\"gb-container gb-container-50067b57\"><ul><li> <a href=\"https:\/\/exceladvisor.org\/it\/rinominare\/\" data-wpil=\"url\">Rinominare il foglio in Excel<\/a><\/li><li> <a href=\"https:\/\/exceladvisor.org\/it\/vedere-fianco-a-fianco\/\" data-wpil=\"url\">Visualizza due fogli affiancati in Excel<\/a><\/li><li> <a href=\"https:\/\/exceladvisor.org\/it\/un\/\" data-wpil=\"url\">Modifica il colore della scheda in Excel (colore di sfondo della scheda del foglio di lavoro)<\/a><\/li><\/ul><\/div><\/div><\/div><\/div>","protected":false},"excerpt":{"rendered":"","protected":false},"author":1,"featured_media":0,"parent":0,"menu_order":0,"comment_status":"open","ping_status":"closed","template":"","meta":{"ub_ctt_via":"","footnotes":""},"class_list":["post-1880","page","type-page","status-publish","hentry"],"featured_image_src":null,"yoast_head":"<!-- This site is optimized with the Yoast SEO plugin v25.4 - https:\/\/yoast.com\/wordpress\/plugins\/seo\/ -->\n<title>Come creare un modulo di immissione dati in Excel?<\/title>\n<meta name=\"description\" content=\"Scopri come creare un modulo di immissione dati in Excel con un solo clic. \u00c8 pre-progettato e flessibile. Esempio di pagamento qui.\" \/>\n<meta name=\"robots\" content=\"index, follow, max-snippet:-1, max-image-preview:large, max-video-preview:-1\" \/>\n<link rel=\"canonical\" href=\"https:\/\/exceladvisor.org\/it\/modulo-di-inserimento-dati-3\/\" \/>\n<meta property=\"og:locale\" content=\"it_IT\" \/>\n<meta property=\"og:type\" content=\"article\" \/>\n<meta property=\"og:title\" content=\"Come creare un modulo di immissione dati in Excel?\" \/>\n<meta property=\"og:description\" content=\"Scopri come creare un modulo di immissione dati in Excel con un solo clic. \u00c8 pre-progettato e flessibile. Esempio di pagamento qui.\" \/>\n<meta property=\"og:url\" content=\"https:\/\/exceladvisor.org\/it\/modulo-di-inserimento-dati-3\/\" \/>\n<meta property=\"og:site_name\" content=\"Excel Advisor\" \/>\n<meta property=\"article:modified_time\" content=\"2023-12-10T06:23:20+00:00\" \/>\n<meta property=\"og:image\" content=\"https:\/\/exceladvisor.org\/wp-content\/uploads\/2023\/08\/Formulaire-de-saisie-de-donnees4-1.png\" \/>\n<meta name=\"twitter:card\" content=\"summary_large_image\" \/>\n<meta name=\"twitter:label1\" content=\"Tempo di lettura stimato\" \/>\n\t<meta name=\"twitter:data1\" content=\"4 minuti\" \/>\n<script type=\"application\/ld+json\" class=\"yoast-schema-graph\">{\"@context\":\"https:\/\/schema.org\",\"@graph\":[{\"@type\":\"WebPage\",\"@id\":\"https:\/\/exceladvisor.org\/it\/modulo-di-inserimento-dati-3\/\",\"url\":\"https:\/\/exceladvisor.org\/it\/modulo-di-inserimento-dati-3\/\",\"name\":\"Come creare un modulo di immissione dati in Excel?\",\"isPartOf\":{\"@id\":\"https:\/\/exceladvisor.org\/it\/#website\"},\"primaryImageOfPage\":{\"@id\":\"https:\/\/exceladvisor.org\/it\/modulo-di-inserimento-dati-3\/#primaryimage\"},\"image\":{\"@id\":\"https:\/\/exceladvisor.org\/it\/modulo-di-inserimento-dati-3\/#primaryimage\"},\"thumbnailUrl\":\"https:\/\/exceladvisor.org\/wp-content\/uploads\/2023\/08\/Formulaire-de-saisie-de-donnees4-1.png\",\"datePublished\":\"2023-10-30T09:32:29+00:00\",\"dateModified\":\"2023-12-10T06:23:20+00:00\",\"description\":\"Scopri come creare un modulo di immissione dati in Excel con un solo clic. \u00c8 pre-progettato e flessibile. Esempio di pagamento qui.\",\"breadcrumb\":{\"@id\":\"https:\/\/exceladvisor.org\/it\/modulo-di-inserimento-dati-3\/#breadcrumb\"},\"inLanguage\":\"it-IT\",\"potentialAction\":[{\"@type\":\"ReadAction\",\"target\":[\"https:\/\/exceladvisor.org\/it\/modulo-di-inserimento-dati-3\/\"]}]},{\"@type\":\"ImageObject\",\"inLanguage\":\"it-IT\",\"@id\":\"https:\/\/exceladvisor.org\/it\/modulo-di-inserimento-dati-3\/#primaryimage\",\"url\":\"https:\/\/exceladvisor.org\/wp-content\/uploads\/2023\/08\/Formulaire-de-saisie-de-donnees4-1.png\",\"contentUrl\":\"https:\/\/exceladvisor.org\/wp-content\/uploads\/2023\/08\/Formulaire-de-saisie-de-donnees4-1.png\"},{\"@type\":\"BreadcrumbList\",\"@id\":\"https:\/\/exceladvisor.org\/it\/modulo-di-inserimento-dati-3\/#breadcrumb\",\"itemListElement\":[{\"@type\":\"ListItem\",\"position\":1,\"name\":\"Home\",\"item\":\"https:\/\/exceladvisor.org\/it\/\"},{\"@type\":\"ListItem\",\"position\":2,\"name\":\"Come creare un modulo di immissione dati in excel?\"}]},{\"@type\":\"WebSite\",\"@id\":\"https:\/\/exceladvisor.org\/it\/#website\",\"url\":\"https:\/\/exceladvisor.org\/it\/\",\"name\":\"Excel Advisor\",\"description\":\"Tips, Tricks, and Time-Saving Hacks\",\"publisher\":{\"@id\":\"https:\/\/exceladvisor.org\/it\/#organization\"},\"potentialAction\":[{\"@type\":\"SearchAction\",\"target\":{\"@type\":\"EntryPoint\",\"urlTemplate\":\"https:\/\/exceladvisor.org\/it\/?s={search_term_string}\"},\"query-input\":{\"@type\":\"PropertyValueSpecification\",\"valueRequired\":true,\"valueName\":\"search_term_string\"}}],\"inLanguage\":\"it-IT\"},{\"@type\":\"Organization\",\"@id\":\"https:\/\/exceladvisor.org\/it\/#organization\",\"name\":\"Excel Advisor\",\"url\":\"https:\/\/exceladvisor.org\/it\/\",\"logo\":{\"@type\":\"ImageObject\",\"inLanguage\":\"it-IT\",\"@id\":\"https:\/\/exceladvisor.org\/it\/#\/schema\/logo\/image\/\",\"url\":\"https:\/\/exceladvisor.org\/it\/wp-content\/uploads\/2023\/12\/exceladvisor.org_.png\",\"contentUrl\":\"https:\/\/exceladvisor.org\/it\/wp-content\/uploads\/2023\/12\/exceladvisor.org_.png\",\"width\":105,\"height\":36,\"caption\":\"Excel Advisor\"},\"image\":{\"@id\":\"https:\/\/exceladvisor.org\/it\/#\/schema\/logo\/image\/\"}}]}<\/script>\n<!-- \/ Yoast SEO plugin. -->","yoast_head_json":{"title":"Come creare un modulo di immissione dati in Excel?","description":"Scopri come creare un modulo di immissione dati in Excel con un solo clic. \u00c8 pre-progettato e flessibile. Esempio di pagamento qui.","robots":{"index":"index","follow":"follow","max-snippet":"max-snippet:-1","max-image-preview":"max-image-preview:large","max-video-preview":"max-video-preview:-1"},"canonical":"https:\/\/exceladvisor.org\/it\/modulo-di-inserimento-dati-3\/","og_locale":"it_IT","og_type":"article","og_title":"Come creare un modulo di immissione dati in Excel?","og_description":"Scopri come creare un modulo di immissione dati in Excel con un solo clic. \u00c8 pre-progettato e flessibile. Esempio di pagamento qui.","og_url":"https:\/\/exceladvisor.org\/it\/modulo-di-inserimento-dati-3\/","og_site_name":"Excel Advisor","article_modified_time":"2023-12-10T06:23:20+00:00","og_image":[{"url":"https:\/\/exceladvisor.org\/wp-content\/uploads\/2023\/08\/Formulaire-de-saisie-de-donnees4-1.png","type":"","width":"","height":""}],"twitter_card":"summary_large_image","twitter_misc":{"Tempo di lettura stimato":"4 minuti"},"schema":{"@context":"https:\/\/schema.org","@graph":[{"@type":"WebPage","@id":"https:\/\/exceladvisor.org\/it\/modulo-di-inserimento-dati-3\/","url":"https:\/\/exceladvisor.org\/it\/modulo-di-inserimento-dati-3\/","name":"Come creare un modulo di immissione dati in Excel?","isPartOf":{"@id":"https:\/\/exceladvisor.org\/it\/#website"},"primaryImageOfPage":{"@id":"https:\/\/exceladvisor.org\/it\/modulo-di-inserimento-dati-3\/#primaryimage"},"image":{"@id":"https:\/\/exceladvisor.org\/it\/modulo-di-inserimento-dati-3\/#primaryimage"},"thumbnailUrl":"https:\/\/exceladvisor.org\/wp-content\/uploads\/2023\/08\/Formulaire-de-saisie-de-donnees4-1.png","datePublished":"2023-10-30T09:32:29+00:00","dateModified":"2023-12-10T06:23:20+00:00","description":"Scopri come creare un modulo di immissione dati in Excel con un solo clic. \u00c8 pre-progettato e flessibile. Esempio di pagamento qui.","breadcrumb":{"@id":"https:\/\/exceladvisor.org\/it\/modulo-di-inserimento-dati-3\/#breadcrumb"},"inLanguage":"it-IT","potentialAction":[{"@type":"ReadAction","target":["https:\/\/exceladvisor.org\/it\/modulo-di-inserimento-dati-3\/"]}]},{"@type":"ImageObject","inLanguage":"it-IT","@id":"https:\/\/exceladvisor.org\/it\/modulo-di-inserimento-dati-3\/#primaryimage","url":"https:\/\/exceladvisor.org\/wp-content\/uploads\/2023\/08\/Formulaire-de-saisie-de-donnees4-1.png","contentUrl":"https:\/\/exceladvisor.org\/wp-content\/uploads\/2023\/08\/Formulaire-de-saisie-de-donnees4-1.png"},{"@type":"BreadcrumbList","@id":"https:\/\/exceladvisor.org\/it\/modulo-di-inserimento-dati-3\/#breadcrumb","itemListElement":[{"@type":"ListItem","position":1,"name":"Home","item":"https:\/\/exceladvisor.org\/it\/"},{"@type":"ListItem","position":2,"name":"Come creare un modulo di immissione dati in excel?"}]},{"@type":"WebSite","@id":"https:\/\/exceladvisor.org\/it\/#website","url":"https:\/\/exceladvisor.org\/it\/","name":"Excel Advisor","description":"Tips, Tricks, and Time-Saving Hacks","publisher":{"@id":"https:\/\/exceladvisor.org\/it\/#organization"},"potentialAction":[{"@type":"SearchAction","target":{"@type":"EntryPoint","urlTemplate":"https:\/\/exceladvisor.org\/it\/?s={search_term_string}"},"query-input":{"@type":"PropertyValueSpecification","valueRequired":true,"valueName":"search_term_string"}}],"inLanguage":"it-IT"},{"@type":"Organization","@id":"https:\/\/exceladvisor.org\/it\/#organization","name":"Excel Advisor","url":"https:\/\/exceladvisor.org\/it\/","logo":{"@type":"ImageObject","inLanguage":"it-IT","@id":"https:\/\/exceladvisor.org\/it\/#\/schema\/logo\/image\/","url":"https:\/\/exceladvisor.org\/it\/wp-content\/uploads\/2023\/12\/exceladvisor.org_.png","contentUrl":"https:\/\/exceladvisor.org\/it\/wp-content\/uploads\/2023\/12\/exceladvisor.org_.png","width":105,"height":36,"caption":"Excel Advisor"},"image":{"@id":"https:\/\/exceladvisor.org\/it\/#\/schema\/logo\/image\/"}}]}},"yoast_meta":{"yoast_wpseo_title":"","yoast_wpseo_metadesc":"","yoast_wpseo_canonical":""},"_links":{"self":[{"href":"https:\/\/exceladvisor.org\/it\/wp-json\/wp\/v2\/pages\/1880","targetHints":{"allow":["GET"]}}],"collection":[{"href":"https:\/\/exceladvisor.org\/it\/wp-json\/wp\/v2\/pages"}],"about":[{"href":"https:\/\/exceladvisor.org\/it\/wp-json\/wp\/v2\/types\/page"}],"author":[{"embeddable":true,"href":"https:\/\/exceladvisor.org\/it\/wp-json\/wp\/v2\/users\/1"}],"replies":[{"embeddable":true,"href":"https:\/\/exceladvisor.org\/it\/wp-json\/wp\/v2\/comments?post=1880"}],"version-history":[{"count":1,"href":"https:\/\/exceladvisor.org\/it\/wp-json\/wp\/v2\/pages\/1880\/revisions"}],"predecessor-version":[{"id":2508,"href":"https:\/\/exceladvisor.org\/it\/wp-json\/wp\/v2\/pages\/1880\/revisions\/2508"}],"wp:attachment":[{"href":"https:\/\/exceladvisor.org\/it\/wp-json\/wp\/v2\/media?parent=1880"}],"curies":[{"name":"wp","href":"https:\/\/api.w.org\/{rel}","templated":true}]}}