{"id":1881,"date":"2023-10-30T09:32:27","date_gmt":"2023-10-30T09:32:27","guid":{"rendered":"https:\/\/exceladvisor.org\/it\/la-tabella-dinamica-fa-riferimenti-incrociati-a-diversi-file\/"},"modified":"2023-12-10T06:22:55","modified_gmt":"2023-12-10T06:22:55","slug":"la-tabella-dinamica-fa-riferimenti-incrociati-a-diversi-file","status":"publish","type":"page","link":"https:\/\/exceladvisor.org\/it\/la-tabella-dinamica-fa-riferimenti-incrociati-a-diversi-file\/","title":{"rendered":"Come creare una tabella pivot con pi\u00f9 fogli?"},"content":{"rendered":"<div class=\"excel-prima-del-contenuto\" id=\"excel-1973789731\"><script type=\"text\/javascript\">\r\n\tatOptions = {\r\n\t\t'key' : 'c1158f160081d6540a8409e6925dab94',\r\n\t\t'format' : 'iframe',\r\n\t\t'height' : 250,\r\n\t\t'width' : 300,\r\n\t\t'params' : {}\r\n\t};\r\n<\/script>\r\n<script type=\"text\/javascript\" src=\"\/\/www.highperformanceformat.com\/c1158f160081d6540a8409e6925dab94\/invoke.js\"><\/script><\/div> <p>Una tabella pivot \u00e8 uno dei modi migliori per riepilogare i dati.<\/p><p> Puoi creare un report di riepilogo in pochi secondi da migliaia di righe di dati. Ma quando lavori con i dati nel mondo reale, non tutto \u00e8 perfetto.<\/p><p> E oggi voglio condividere con voi un problema comune che tutti affrontiamo.<\/p><p> Prima di iniziare, vorrei ringraziare Raman Girdhar per la sua domanda. Mi segue da parecchio tempo.<\/p><p> A volte riceviamo o acquisiamo i nostri dati in cartelle di lavoro diverse e in questo caso, la creazione di una tabella pivot richiede uno sforzo aggiuntivo per combinare queste pi\u00f9 cartelle di lavoro in una sola.<\/p><p> Solo dopo possiamo creare una tabella pivot.<\/p><p> Quindi, in questo articolo, vorrei mostrarti un processo in tre passaggi per creare una tabella pivot utilizzando i dati di pi\u00f9 cartelle di lavoro.<\/p><h2 id=\"tab-con-1\" class=\"wp-block-heading\"> Passaggi per creare una tabella pivot utilizzando i dati di pi\u00f9 cartelle di lavoro<\/h2><p class=\"qt-tip\"> <strong>Importante:<\/strong> per questo \u00e8 necessario utilizzare Power query, quindi assicurati di avere Power query nella versione di Excel. Per Excel 2016 si trova nella scheda Dati e per le altre versioni (2010 e 2013) \u00e8 necessario <a href=\"https:\/\/www.microsoft.com\/en-in\/download\/details.aspx?id=39379\" target=\"_blank\" rel=\"noreferrer noopener nofollow\">installare<\/a> il componente aggiuntivo.<\/p><p> Qui ho quattro diverse cartelle di lavoro con dati di vendita per aree diverse. Puoi <a style=\"outline: none;\" href=\"https:\/\/exceladvisor.org\/wp-content\/uploads\/2023\/08\/donnees-de-vente.zip\" rel=\"nofollow\">scaricare questi file da qui per seguirli<\/a> . <\/p><div class=\"wp-block-image\"><figure class=\"aligncenter\"><img decoding=\"async\" src=\"https:\/\/exceladvisor.org\/wp-content\/uploads\/2023\/08\/17-tableau-croise-dynamique-utilisant-plusieurs-fichiers-dossier-1.png\" sizes=\"\" srcset=\"\" alt=\"\"><\/figure><\/div><p> E assicurati di avere tutti questi file in un&#8217;unica cartella.<\/p><h3 id=\"tab-con-2\" class=\"wp-block-heading\"> Passaggio 1: combinare file utilizzando Power Query<\/h3><p> Innanzitutto, dobbiamo combinare tutti i file in un unico file con PowerQuery. <\/p><ul id=\"block-981dee7c-6093-413b-ad99-8b6e2839c397\" class=\"block-editor-rich-text__editable block-editor-block-list__block wp-block is-selected rich-text\" tabindex=\"0\" role=\"group\" contenteditable=\"true\" aria-multiline=\"true\" aria-label=\"Block: List\" data-block=\"981dee7c-6093-413b-ad99-8b6e2839c397\" data-type=\"core\/list\" data-title=\"List\"><li> Vai alla scheda Dati -&gt; Ottieni trasformazione -&gt; Nuova query -&gt; Da file -&gt; Dalla cartella. <br><img decoding=\"async\" title=\"1-tabella-pivot-utilizzando-pi\u00f9-file-power-query-apri-cartella-min\" src=\"https:\/\/exceladvisor.org\/wp-content\/uploads\/2023\/08\/1-tableau-croise-dynamique-utilisant-plusieurs-fichiers-power-query-ouvrir-le-dossier-min.png\" sizes=\"\" srcset=\"\" alt=\"\"><\/li><li> Ora, dalla finestra di selezione della cartella, fai clic su \u201cSfoglia\u201d e seleziona la cartella in cui hai tutti i file. <br><img decoding=\"async\" title=\"Tabella a 2 pivot che utilizza pi\u00f9 file con query di potenza seleziona cartella min\" src=\"https:\/\/exceladvisor.org\/wp-content\/uploads\/2023\/08\/2-tableau-croise-dynamique-utilisant-plusieurs-fichiers-power-query-select-dossier-min-1.png\" sizes=\"\" srcset=\"\" alt=\"\"><\/li><li> Fare clic su OK.<\/li><li> Da l\u00ec otterrai una finestra &#8220;Combina file&#8221;. <br><img decoding=\"async\" title=\"Tabella a 3 pivot-utilizzando-pi\u00f9-file-power-query-clic-combina-modifica-min\" src=\"https:\/\/exceladvisor.org\/wp-content\/uploads\/2023\/08\/3-tableau-croise-dynamique-utilisant-plusieurs-fichiers-requete-de-puissance-cliquez-sur-combiner-modifier-min-1.png\" sizes=\"\" srcset=\"\" alt=\"\"><\/li><li> E da questa finestra, seleziona il foglio di lavoro con i tuoi dati da tutte le cartelle di lavoro. (Suggerimento: assicurati di avere lo stesso nome del foglio di lavoro in tutte le cartelle di lavoro). <br><img decoding=\"async\" title=\"4-pivottable-usando-pi\u00f9-file-seleziona-foglio-di-lavoro-da-caricare-nell-editor-min\" src=\"https:\/\/exceladvisor.org\/wp-content\/uploads\/2023\/08\/4-tableau-croise-dynamique-utilisant-plusieurs-fichiers-selectionnez-la-feuille-de-calcul-a-charger-dans-lediteur-min-1.png\" sizes=\"\" srcset=\"\" alt=\"\"><\/li><li> Dopo aver fatto clic su OK, tutti i dati nelle cartelle di lavoro verranno modificati nell&#8217;editor di Power Query.<\/li><\/ul><h3 id=\"tab-con-3\" class=\"wp-block-heading\"> Passaggio 2: preparare i dati per la tabella pivot<\/h3><p> Ora dobbiamo apportare piccole modifiche ai nostri dati per prepararli per una tabella pivot. <\/p><ul id=\"block-83f2d8d7-e333-4eec-901a-bdb4a2315313\" class=\"block-editor-rich-text__editable block-editor-block-list__block wp-block is-selected rich-text\" tabindex=\"0\" role=\"group\" contenteditable=\"true\" aria-multiline=\"true\" aria-label=\"Block: List\" data-block=\"83f2d8d7-e333-4eec-901a-bdb4a2315313\" data-type=\"core\/list\" data-title=\"List\"><li> Se guardi i dati, qui abbiamo una colonna aggiuntiva con il nome del file sorgente. <br><img decoding=\"async\" title=\"Tabella a 5 pivot che utilizza pi\u00f9 file di dati in power editor di query min\" src=\"https:\/\/exceladvisor.org\/wp-content\/uploads\/2023\/08\/5-tableau-croise-dynamique-utilisant-plusieurs-fichiers-de-donnees-dans-lediteur-de-requetes-Power-min-1.png\" sizes=\"\" srcset=\"\" alt=\"\"><\/li><li> Fare clic con il tasto destro su questa colonna e selezionare Colonna divisa -&gt; Per delimitatore. <br><img decoding=\"async\" title=\"Tabella-pivot con 6-file-multipli-clic-sul-separatore-per-dividere-colonne-min\" src=\"https:\/\/exceladvisor.org\/wp-content\/uploads\/2023\/08\/6-tableau-croise-dynamique-utilisant-plusieurs-fichiers-cliquez-sur-le-delimiteur-pour-diviser-la-colonne-min-1.png\" sizes=\"\" srcset=\"\" alt=\"\"><\/li><li> Nella finestra del delimitatore, seleziona Personalizzato, aggiungi &#8220;-&#8221; come delimitatore e seleziona &#8220;Delimitatore pi\u00f9 a sinistra&#8221;. <br><img decoding=\"async\" title=\"Tabella a 7 pivot che utilizza pi\u00f9 file per acquisire il delimitatore per dividere la colonna in min\" src=\"https:\/\/exceladvisor.org\/wp-content\/uploads\/2023\/08\/7-tableau-croise-dynamique-utilisant-plusieurs-fichiers-entrez-un-delimiteur-pour-diviser-la-colonne-min-1.png\" sizes=\"\" srcset=\"\" alt=\"\"><\/li><li> Fare clic su OK.<\/li><li> Successivamente, elimina la seconda colonna. <br><img decoding=\"async\" title=\"Tabella a 8 pivot che utilizza pi\u00f9 file elimina la seconda colonna min\" src=\"https:\/\/exceladvisor.org\/wp-content\/uploads\/2023\/08\/8-tableau-croise-dynamique-utilisant-plusieurs-fichiers-supprimer-la-deuxieme-colonne-min-1.png\" sizes=\"\" srcset=\"\" alt=\"\"><\/li><li> Ora rinomina la prima colonna. <br><img decoding=\"async\" title=\"Tabella a 9 pivot che utilizza pi\u00f9 file per rinominare la prima colonna min\" src=\"https:\/\/exceladvisor.org\/wp-content\/uploads\/2023\/08\/9-tableau-croise-dynamique-utilisant-plusieurs-fichiers-renommer-la-premiere-colonne-min-1.png\" sizes=\"\" srcset=\"\" alt=\"\"><\/li><li> Ancora una cosa, fai nuovamente clic con il pulsante destro del mouse sulla prima colonna e vai su Trasforma -&gt; Metti in maiuscolo ogni parola. <br><img decoding=\"async\" title=\"10 tabelle pivot che utilizzano pi\u00f9 file, modifica maiuscole e minuscole, prima colonna, min\" src=\"https:\/\/exceladvisor.org\/wp-content\/uploads\/2023\/08\/10-tableau-croise-dynamique-utilisant-plusieurs-fichiers-changer-la-casse-de-la-premiere-colonne-min-1.png\" sizes=\"\" srcset=\"\" alt=\"\"><\/li><li> E ora i tuoi dati sono pronti. Quindi, fai clic su Chiudi e carica. <br><img decoding=\"async\" title=\"11-pivottable-utilizzando-pi\u00f9-file-clicca-chiudi-e-carica-min\" src=\"https:\/\/exceladvisor.org\/wp-content\/uploads\/2023\/08\/11-tableau-croise-dynamique-utilisant-plusieurs-fichiers-cliquez-sur-fermer-et-chargez-min-1.png\" sizes=\"\" srcset=\"\" alt=\"\"><\/li><\/ul><h3 id=\"tab-con-4\" class=\"wp-block-heading\"> Passaggio 3: inserire la tabella pivot<\/h3><p> A questo punto, abbiamo un nuovo foglio di lavoro nella nostra cartella di lavoro con i dati combinati di tutti e quattro i file. <\/p><div class=\"wp-block-image\"><figure class=\"aligncenter\"><img decoding=\"async\" src=\"https:\/\/exceladvisor.org\/wp-content\/uploads\/2023\/08\/12-tableau-croise-dynamique-utilisant-plusieurs-fichiers-nouvelle-feuille-de-calcul-avec-donnees-min-1.png\" sizes=\"\" srcset=\"\" alt=\"\"><\/figure><\/div><p> Ora \u00e8 il momento di creare una tabella pivot da esso. <\/p><ul id=\"block-63ef554f-b09b-4547-a68b-8466388358b9\" class=\"block-editor-rich-text__editable block-editor-block-list__block wp-block is-selected rich-text\" tabindex=\"0\" role=\"group\" contenteditable=\"true\" aria-multiline=\"true\" aria-label=\"Block: List\" data-block=\"63ef554f-b09b-4547-a68b-8466388358b9\" data-type=\"core\/list\" data-title=\"List\"><li> Seleziona la tabella e vai alla scheda Inserisci e fai clic sul pulsante Tabella pivot. <br><img decoding=\"async\" title=\"13-scheda-pivot-utilizzando-pi\u00f9-file-clicca-sul-pulsante-della-scheda-pivot-min\" src=\"https:\/\/exceladvisor.org\/wp-content\/uploads\/2023\/08\/13-tableau-croise-dynamique-utilisant-plusieurs-fichiers-cliquez-sur-le-bouton-du-tableau-croise-dynamique-min-1.png\" sizes=\"\" srcset=\"\" alt=\"\"><\/li><li> Qui otterrai una finestra di inserimento della tabella pivot. <br><img decoding=\"async\" title=\"14 tabelle pivot che utilizzano pi\u00f9 file, seleziona tabella min\" src=\"https:\/\/exceladvisor.org\/wp-content\/uploads\/2023\/08\/14-tableau-croise-dynamique-utilisant-plusieurs-fichiers-selectionner-le-tableau-min-1.png\" sizes=\"\" srcset=\"\" alt=\"\"><\/li><li> Fai clic su OK nella finestra Inserisci tabella pivot e otterrai una nuova tabella pivot nella cartella di lavoro. <br><img decoding=\"async\" title=\"15 tabelle pivot utilizzando pi\u00f9 file tabella pivot finale min\" src=\"https:\/\/exceladvisor.org\/wp-content\/uploads\/2023\/08\/15-tableau-croise-dynamique-utilisant-plusieurs-fichiers-tableau-croise-dynamique-final-min-1.png\" sizes=\"\" srcset=\"\" alt=\"\"><\/li><\/ul><p> Congratulazioni! Hai creato con successo una nuova tabella pivot da diversi file.<\/p><h2 id=\"tab-con-5\" class=\"wp-block-heading\"> Aggiorna tabella pivot<\/h2><p> Sono sicuro che stai pensando a come aggiornare la tua tabella pivot dopo aver aggiornato i file sorgente.<\/p><p> \u00c8 semplice. Per aggiornare la tabella pivot, devi aggiornare la query in modo che i dati nel file di origine possano essere aggiornati nella tabella di origine creata con PowerQuery. E dopo puoi aggiornare la tua tabella pivot.<\/p><p> Ma il modo pi\u00f9 semplice e migliore \u00e8 utilizzare il pulsante di aggiornamento nella scheda dati. Si riferir\u00e0 a entrambi (tabella pivot + query). <\/p><div class=\"wp-block-image\"><figure class=\"aligncenter\"><img decoding=\"async\" src=\"https:\/\/exceladvisor.org\/wp-content\/uploads\/2023\/08\/16-tableau-croise-dynamique-utilisant-plusieurs-fichiers-bouton-dactualisation-min-1.png\" sizes=\"\" srcset=\"\" alt=\"\"><\/figure><\/div><h2 id=\"tab-con-6\" class=\"wp-block-heading\"> Punti importanti<\/h2><p> Qui ho elencato alcuni punti che devi ricordare durante l&#8217;utilizzo di Power query per una tabella pivot.<\/p><ul><li> I file devono trovarsi in un&#8217;unica cartella.<\/li><li> I dati devono essere nello stesso formato in tutti i file. Altrimenti, \u00e8 necessario renderlo utilizzabile dopo averlo combinato.<\/li><li> I nomi dei fogli di lavoro devono essere gli stessi in tutti i file.<\/li><li> Assicurati che non ci siano errori in un file. Oppure puoi utilizzare l&#8217;opzione &#8220;Ignora file di errore&#8221;.<\/li><li> Non rinominare alcuna cartella di lavoro.<\/li><\/ul><h2 class=\"wp-block-heading\"> Deve leggere di pi\u00f9<\/h2><ul><li> <a href=\"https:\/\/exceladvisor.org\/it\/tabella-pivot-1\/\" data-wpil=\"url\">Come creare una tabella pivot con VBA<\/a><\/li><li> <a href=\"https:\/\/exceladvisor.org\/it\/ruotare-da-piu-fogli-di-lavoro\/\" data-wpil=\"url\">Come creare una tabella pivot da pi\u00f9 fogli di lavoro<\/a><\/li><li> <a href=\"https:\/\/exceladvisor.org\/it\/tabella-pivot\/\">30 suggerimenti e trucchi per le tabelle pivot<\/a><\/li><li> <a style=\"outline: none;\" href=\"https:\/\/exceladvisor.org\/it\/calcolo-nella-tabella-pivot\/\">Come aggiungere un campo personalizzato e un elemento in una tabella pivot<\/a><\/li><li> <a style=\"outline: none;\" href=\"https:\/\/exceladvisor.org\/it\/rinfrescare-tutto\/\">Come aggiornare tutte le tabelle pivot contemporaneamente<\/a><\/li><\/ul>","protected":false},"excerpt":{"rendered":"","protected":false},"author":1,"featured_media":0,"parent":0,"menu_order":0,"comment_status":"open","ping_status":"closed","template":"","meta":{"ub_ctt_via":"","footnotes":""},"class_list":["post-1881","page","type-page","status-publish","hentry"],"featured_image_src":null,"yoast_head":"<!-- This site is optimized with the Yoast SEO plugin v25.4 - https:\/\/yoast.com\/wordpress\/plugins\/seo\/ -->\n<title>Crea una tabella pivot con pi\u00f9 fogli<\/title>\n<meta name=\"description\" content=\"Oggi vorrei condividere con voi una soluzione ad un problema comune che tutti affrontiamo. Combina pi\u00f9 file per creare una tabella pivot. Una soluzione in 3 fasi.\" \/>\n<meta name=\"robots\" content=\"index, follow, max-snippet:-1, max-image-preview:large, max-video-preview:-1\" \/>\n<link rel=\"canonical\" href=\"https:\/\/exceladvisor.org\/it\/la-tabella-dinamica-fa-riferimenti-incrociati-a-diversi-file\/\" \/>\n<meta property=\"og:locale\" content=\"it_IT\" \/>\n<meta property=\"og:type\" content=\"article\" \/>\n<meta property=\"og:title\" content=\"Crea una tabella pivot con pi\u00f9 fogli\" \/>\n<meta property=\"og:description\" content=\"Oggi vorrei condividere con voi una soluzione ad un problema comune che tutti affrontiamo. Combina pi\u00f9 file per creare una tabella pivot. Una soluzione in 3 fasi.\" \/>\n<meta property=\"og:url\" content=\"https:\/\/exceladvisor.org\/it\/la-tabella-dinamica-fa-riferimenti-incrociati-a-diversi-file\/\" \/>\n<meta property=\"og:site_name\" content=\"Excel Advisor\" \/>\n<meta property=\"article:modified_time\" content=\"2023-12-10T06:22:55+00:00\" \/>\n<meta property=\"og:image\" content=\"https:\/\/exceladvisor.org\/wp-content\/uploads\/2023\/08\/17-tableau-croise-dynamique-utilisant-plusieurs-fichiers-dossier-1.png\" \/>\n<meta name=\"twitter:card\" content=\"summary_large_image\" \/>\n<meta name=\"twitter:label1\" content=\"Tempo di lettura stimato\" \/>\n\t<meta name=\"twitter:data1\" content=\"4 minuti\" \/>\n<script type=\"application\/ld+json\" class=\"yoast-schema-graph\">{\"@context\":\"https:\/\/schema.org\",\"@graph\":[{\"@type\":\"WebPage\",\"@id\":\"https:\/\/exceladvisor.org\/it\/la-tabella-dinamica-fa-riferimenti-incrociati-a-diversi-file\/\",\"url\":\"https:\/\/exceladvisor.org\/it\/la-tabella-dinamica-fa-riferimenti-incrociati-a-diversi-file\/\",\"name\":\"Crea una tabella pivot con pi\u00f9 fogli\",\"isPartOf\":{\"@id\":\"https:\/\/exceladvisor.org\/it\/#website\"},\"primaryImageOfPage\":{\"@id\":\"https:\/\/exceladvisor.org\/it\/la-tabella-dinamica-fa-riferimenti-incrociati-a-diversi-file\/#primaryimage\"},\"image\":{\"@id\":\"https:\/\/exceladvisor.org\/it\/la-tabella-dinamica-fa-riferimenti-incrociati-a-diversi-file\/#primaryimage\"},\"thumbnailUrl\":\"https:\/\/exceladvisor.org\/wp-content\/uploads\/2023\/08\/17-tableau-croise-dynamique-utilisant-plusieurs-fichiers-dossier-1.png\",\"datePublished\":\"2023-10-30T09:32:27+00:00\",\"dateModified\":\"2023-12-10T06:22:55+00:00\",\"description\":\"Oggi vorrei condividere con voi una soluzione ad un problema comune che tutti affrontiamo. Combina pi\u00f9 file per creare una tabella pivot. Una soluzione in 3 fasi.\",\"breadcrumb\":{\"@id\":\"https:\/\/exceladvisor.org\/it\/la-tabella-dinamica-fa-riferimenti-incrociati-a-diversi-file\/#breadcrumb\"},\"inLanguage\":\"it-IT\",\"potentialAction\":[{\"@type\":\"ReadAction\",\"target\":[\"https:\/\/exceladvisor.org\/it\/la-tabella-dinamica-fa-riferimenti-incrociati-a-diversi-file\/\"]}]},{\"@type\":\"ImageObject\",\"inLanguage\":\"it-IT\",\"@id\":\"https:\/\/exceladvisor.org\/it\/la-tabella-dinamica-fa-riferimenti-incrociati-a-diversi-file\/#primaryimage\",\"url\":\"https:\/\/exceladvisor.org\/wp-content\/uploads\/2023\/08\/17-tableau-croise-dynamique-utilisant-plusieurs-fichiers-dossier-1.png\",\"contentUrl\":\"https:\/\/exceladvisor.org\/wp-content\/uploads\/2023\/08\/17-tableau-croise-dynamique-utilisant-plusieurs-fichiers-dossier-1.png\"},{\"@type\":\"BreadcrumbList\",\"@id\":\"https:\/\/exceladvisor.org\/it\/la-tabella-dinamica-fa-riferimenti-incrociati-a-diversi-file\/#breadcrumb\",\"itemListElement\":[{\"@type\":\"ListItem\",\"position\":1,\"name\":\"Home\",\"item\":\"https:\/\/exceladvisor.org\/it\/\"},{\"@type\":\"ListItem\",\"position\":2,\"name\":\"Come creare una tabella pivot con pi\u00f9 fogli?\"}]},{\"@type\":\"WebSite\",\"@id\":\"https:\/\/exceladvisor.org\/it\/#website\",\"url\":\"https:\/\/exceladvisor.org\/it\/\",\"name\":\"Excel Advisor\",\"description\":\"Tips, Tricks, and Time-Saving Hacks\",\"publisher\":{\"@id\":\"https:\/\/exceladvisor.org\/it\/#organization\"},\"potentialAction\":[{\"@type\":\"SearchAction\",\"target\":{\"@type\":\"EntryPoint\",\"urlTemplate\":\"https:\/\/exceladvisor.org\/it\/?s={search_term_string}\"},\"query-input\":{\"@type\":\"PropertyValueSpecification\",\"valueRequired\":true,\"valueName\":\"search_term_string\"}}],\"inLanguage\":\"it-IT\"},{\"@type\":\"Organization\",\"@id\":\"https:\/\/exceladvisor.org\/it\/#organization\",\"name\":\"Excel Advisor\",\"url\":\"https:\/\/exceladvisor.org\/it\/\",\"logo\":{\"@type\":\"ImageObject\",\"inLanguage\":\"it-IT\",\"@id\":\"https:\/\/exceladvisor.org\/it\/#\/schema\/logo\/image\/\",\"url\":\"https:\/\/exceladvisor.org\/it\/wp-content\/uploads\/2023\/12\/exceladvisor.org_.png\",\"contentUrl\":\"https:\/\/exceladvisor.org\/it\/wp-content\/uploads\/2023\/12\/exceladvisor.org_.png\",\"width\":105,\"height\":36,\"caption\":\"Excel Advisor\"},\"image\":{\"@id\":\"https:\/\/exceladvisor.org\/it\/#\/schema\/logo\/image\/\"}}]}<\/script>\n<!-- \/ Yoast SEO plugin. -->","yoast_head_json":{"title":"Crea una tabella pivot con pi\u00f9 fogli","description":"Oggi vorrei condividere con voi una soluzione ad un problema comune che tutti affrontiamo. Combina pi\u00f9 file per creare una tabella pivot. Una soluzione in 3 fasi.","robots":{"index":"index","follow":"follow","max-snippet":"max-snippet:-1","max-image-preview":"max-image-preview:large","max-video-preview":"max-video-preview:-1"},"canonical":"https:\/\/exceladvisor.org\/it\/la-tabella-dinamica-fa-riferimenti-incrociati-a-diversi-file\/","og_locale":"it_IT","og_type":"article","og_title":"Crea una tabella pivot con pi\u00f9 fogli","og_description":"Oggi vorrei condividere con voi una soluzione ad un problema comune che tutti affrontiamo. Combina pi\u00f9 file per creare una tabella pivot. Una soluzione in 3 fasi.","og_url":"https:\/\/exceladvisor.org\/it\/la-tabella-dinamica-fa-riferimenti-incrociati-a-diversi-file\/","og_site_name":"Excel Advisor","article_modified_time":"2023-12-10T06:22:55+00:00","og_image":[{"url":"https:\/\/exceladvisor.org\/wp-content\/uploads\/2023\/08\/17-tableau-croise-dynamique-utilisant-plusieurs-fichiers-dossier-1.png","type":"","width":"","height":""}],"twitter_card":"summary_large_image","twitter_misc":{"Tempo di lettura stimato":"4 minuti"},"schema":{"@context":"https:\/\/schema.org","@graph":[{"@type":"WebPage","@id":"https:\/\/exceladvisor.org\/it\/la-tabella-dinamica-fa-riferimenti-incrociati-a-diversi-file\/","url":"https:\/\/exceladvisor.org\/it\/la-tabella-dinamica-fa-riferimenti-incrociati-a-diversi-file\/","name":"Crea una tabella pivot con pi\u00f9 fogli","isPartOf":{"@id":"https:\/\/exceladvisor.org\/it\/#website"},"primaryImageOfPage":{"@id":"https:\/\/exceladvisor.org\/it\/la-tabella-dinamica-fa-riferimenti-incrociati-a-diversi-file\/#primaryimage"},"image":{"@id":"https:\/\/exceladvisor.org\/it\/la-tabella-dinamica-fa-riferimenti-incrociati-a-diversi-file\/#primaryimage"},"thumbnailUrl":"https:\/\/exceladvisor.org\/wp-content\/uploads\/2023\/08\/17-tableau-croise-dynamique-utilisant-plusieurs-fichiers-dossier-1.png","datePublished":"2023-10-30T09:32:27+00:00","dateModified":"2023-12-10T06:22:55+00:00","description":"Oggi vorrei condividere con voi una soluzione ad un problema comune che tutti affrontiamo. Combina pi\u00f9 file per creare una tabella pivot. Una soluzione in 3 fasi.","breadcrumb":{"@id":"https:\/\/exceladvisor.org\/it\/la-tabella-dinamica-fa-riferimenti-incrociati-a-diversi-file\/#breadcrumb"},"inLanguage":"it-IT","potentialAction":[{"@type":"ReadAction","target":["https:\/\/exceladvisor.org\/it\/la-tabella-dinamica-fa-riferimenti-incrociati-a-diversi-file\/"]}]},{"@type":"ImageObject","inLanguage":"it-IT","@id":"https:\/\/exceladvisor.org\/it\/la-tabella-dinamica-fa-riferimenti-incrociati-a-diversi-file\/#primaryimage","url":"https:\/\/exceladvisor.org\/wp-content\/uploads\/2023\/08\/17-tableau-croise-dynamique-utilisant-plusieurs-fichiers-dossier-1.png","contentUrl":"https:\/\/exceladvisor.org\/wp-content\/uploads\/2023\/08\/17-tableau-croise-dynamique-utilisant-plusieurs-fichiers-dossier-1.png"},{"@type":"BreadcrumbList","@id":"https:\/\/exceladvisor.org\/it\/la-tabella-dinamica-fa-riferimenti-incrociati-a-diversi-file\/#breadcrumb","itemListElement":[{"@type":"ListItem","position":1,"name":"Home","item":"https:\/\/exceladvisor.org\/it\/"},{"@type":"ListItem","position":2,"name":"Come creare una tabella pivot con pi\u00f9 fogli?"}]},{"@type":"WebSite","@id":"https:\/\/exceladvisor.org\/it\/#website","url":"https:\/\/exceladvisor.org\/it\/","name":"Excel Advisor","description":"Tips, Tricks, and Time-Saving Hacks","publisher":{"@id":"https:\/\/exceladvisor.org\/it\/#organization"},"potentialAction":[{"@type":"SearchAction","target":{"@type":"EntryPoint","urlTemplate":"https:\/\/exceladvisor.org\/it\/?s={search_term_string}"},"query-input":{"@type":"PropertyValueSpecification","valueRequired":true,"valueName":"search_term_string"}}],"inLanguage":"it-IT"},{"@type":"Organization","@id":"https:\/\/exceladvisor.org\/it\/#organization","name":"Excel Advisor","url":"https:\/\/exceladvisor.org\/it\/","logo":{"@type":"ImageObject","inLanguage":"it-IT","@id":"https:\/\/exceladvisor.org\/it\/#\/schema\/logo\/image\/","url":"https:\/\/exceladvisor.org\/it\/wp-content\/uploads\/2023\/12\/exceladvisor.org_.png","contentUrl":"https:\/\/exceladvisor.org\/it\/wp-content\/uploads\/2023\/12\/exceladvisor.org_.png","width":105,"height":36,"caption":"Excel Advisor"},"image":{"@id":"https:\/\/exceladvisor.org\/it\/#\/schema\/logo\/image\/"}}]}},"yoast_meta":{"yoast_wpseo_title":"","yoast_wpseo_metadesc":"","yoast_wpseo_canonical":""},"_links":{"self":[{"href":"https:\/\/exceladvisor.org\/it\/wp-json\/wp\/v2\/pages\/1881","targetHints":{"allow":["GET"]}}],"collection":[{"href":"https:\/\/exceladvisor.org\/it\/wp-json\/wp\/v2\/pages"}],"about":[{"href":"https:\/\/exceladvisor.org\/it\/wp-json\/wp\/v2\/types\/page"}],"author":[{"embeddable":true,"href":"https:\/\/exceladvisor.org\/it\/wp-json\/wp\/v2\/users\/1"}],"replies":[{"embeddable":true,"href":"https:\/\/exceladvisor.org\/it\/wp-json\/wp\/v2\/comments?post=1881"}],"version-history":[{"count":1,"href":"https:\/\/exceladvisor.org\/it\/wp-json\/wp\/v2\/pages\/1881\/revisions"}],"predecessor-version":[{"id":2457,"href":"https:\/\/exceladvisor.org\/it\/wp-json\/wp\/v2\/pages\/1881\/revisions\/2457"}],"wp:attachment":[{"href":"https:\/\/exceladvisor.org\/it\/wp-json\/wp\/v2\/media?parent=1881"}],"curies":[{"name":"wp","href":"https:\/\/api.w.org\/{rel}","templated":true}]}}