{"id":1882,"date":"2023-10-30T09:21:02","date_gmt":"2023-10-30T09:21:02","guid":{"rendered":"https:\/\/exceladvisor.org\/it\/unire-le-celle-senza-perdere-dati\/"},"modified":"2023-12-10T06:26:13","modified_gmt":"2023-12-10T06:26:13","slug":"unire-le-celle-senza-perdere-dati","status":"publish","type":"page","link":"https:\/\/exceladvisor.org\/it\/unire-le-celle-senza-perdere-dati\/","title":{"rendered":"Come unire le celle senza perdere dati?"},"content":{"rendered":"<div class=\"excel-prima-del-contenuto\" id=\"excel-3093214992\"><script type=\"text\/javascript\">\r\n\tatOptions = {\r\n\t\t'key' : 'c1158f160081d6540a8409e6925dab94',\r\n\t\t'format' : 'iframe',\r\n\t\t'height' : 250,\r\n\t\t'width' : 300,\r\n\t\t'params' : {}\r\n\t};\r\n<\/script>\r\n<script type=\"text\/javascript\" src=\"\/\/www.highperformanceformat.com\/c1158f160081d6540a8409e6925dab94\/invoke.js\"><\/script><\/div> <p>Quando si lavora con i dati in Excel, a volte \u00e8 necessario unire pi\u00f9 celle in una sola. Ma qui il problema \u00e8 che quando lo fai puoi ottenere solo il valore della cella in alto a sinistra da tutte le celle che vuoi unire in una sola. <\/p><div class=\"wp-block-image\"><figure class=\"aligncenter size-full is-resized\"><img loading=\"lazy\" decoding=\"async\" class=\"wp-image-72452\" src=\"https:\/\/exceladvisor.org\/wp-content\/uploads\/2023\/08\/1-fusionner-des-cellules.png\" sizes=\"auto, \" srcset=\"\" alt=\"unire le celle\" width=\"533\" height=\"285\"><\/figure><\/div><p> Ora, per risolvere questo problema, ci sono alcuni metodi che puoi utilizzare per unire le celle senza perdere dati, il che significa ottenere dati da pi\u00f9 celle in una sola.<\/p><h2 class=\"wp-block-heading\"> Riempi Giustifica per unire le celle con i dati persi (ottieni valori in una cella da pi\u00f9 celle)<\/h2><p> Se desideri unire valori da pi\u00f9 celle, vuoi farlo una volta e questi valori sono in ordine verticale, utilizzare <a href=\"https:\/\/exceladvisor.org\/it\/giustificare-completamente\/\">la giustificazione di riempimento \u00e8 il modo migliore<\/a> . <\/p><div class=\"wp-block-image\"><figure class=\"aligncenter size-full is-resized\"><img loading=\"lazy\" decoding=\"async\" class=\"wp-image-72453\" src=\"https:\/\/exceladvisor.org\/wp-content\/uploads\/2023\/08\/2-remplir-justifier-pour-fusionner-des-cellules.png\" sizes=\"auto, \" srcset=\"\" alt=\"riempire-giustificare-per-unire-celle\" width=\"329\" height=\"311\"><\/figure><\/div><p> Nell&#8217;esempio sopra, abbiamo valori nell&#8217;intervallo A1:A5 e ora devi unire questi valori solo nella cella A1.<\/p><ol><li> Innanzitutto, devi assicurarti che la colonna sia sufficientemente larga in modo che quando combini tutti e cinque i valori, ci sia spazio sufficiente nella cella A1. <br><img loading=\"lazy\" decoding=\"async\" title=\"Larghezza colonna a 3 set\" src=\"https:\/\/exceladvisor.org\/wp-content\/uploads\/2023\/08\/3-definir-la-largeur-de-la-colonne.png\" sizes=\"auto, \" srcset=\"\" alt=\"set-the-column-width\" width=\"455\" height=\"352\"><\/li><li> Da qui \u00e8 necessario accedere alla scheda Home. <br><img loading=\"lazy\" decoding=\"async\" title=\"Scheda 4-casa\" src=\"https:\/\/exceladvisor.org\/wp-content\/uploads\/2023\/08\/4-onglet-daccueil.png\" sizes=\"auto, \" srcset=\"\" alt=\"home-tab\" width=\"343\" height=\"226\"><\/li><li> Ora dalla scheda Home devi andare al gruppo di modifica e quindi fare clic sul menu a discesa di riempimento. <br><img loading=\"lazy\" decoding=\"async\" title=\"Assemblea di 5 gruppi\" src=\"https:\/\/exceladvisor.org\/wp-content\/uploads\/2023\/08\/5-groupe-dedition.png\" sizes=\"auto, \" srcset=\"\" alt=\"editing-group\" width=\"447\" height=\"322\"><\/li><li> Quindi, nell&#8217;elenco a discesa di riempimento, \u00e8 necessario fare clic sull&#8217;opzione &#8220;Giustifica&#8221;. <br><img loading=\"lazy\" decoding=\"async\" title=\"Opzione di giustificazione in 6 clic\" src=\"https:\/\/exceladvisor.org\/wp-content\/uploads\/2023\/08\/Option-de-justification-en-6-clics.png\" sizes=\"auto, \" srcset=\"\" alt=\"click-justify-option\" width=\"444\" height=\"464\"><\/li><\/ol><p> Nel momento in cui fai clic su &#8220;Giustifica&#8221;, unir\u00e0 i valori di tutte le celle in un&#8217;unica cella, ovvero A1. <\/p><div class=\"wp-block-image\"><figure class=\"aligncenter size-full is-resized\"><img loading=\"lazy\" decoding=\"async\" class=\"wp-image-72458\" src=\"https:\/\/exceladvisor.org\/wp-content\/uploads\/2023\/08\/7-valeurs-fusionnees-en-utilisant-justifier.png\" sizes=\"auto, \" srcset=\"\" alt=\"valori-uniti-utilizzando-giustifica\" width=\"466\" height=\"382\"><\/figure><\/div><p> Come ho detto prima, devi assicurarti che la <strong><mark class=\"has-inline-color\" style=\"background-color: #fdde6c;\">larghezza della colonna sia sufficiente<\/mark><\/strong> da poter unire tutti i valori in un&#8217;unica cella. Altrimenti, il resto dei valori verr\u00e0 suddiviso nella seconda cella. <\/p><div class=\"wp-block-image\"><figure class=\"aligncenter size-full is-resized\"><img loading=\"lazy\" decoding=\"async\" class=\"wp-image-72459\" src=\"https:\/\/exceladvisor.org\/wp-content\/uploads\/2023\/08\/8-valeurs-deplacees-vers-la-deuxieme-cellule.png\" sizes=\"auto, \" srcset=\"\" alt=\"valori spostati nella seconda cella\" width=\"414\" height=\"391\"><\/figure><\/div><h2 class=\"wp-block-heading\"> Formule per unire celle con dati persi (CONCATENATE e TEXTJOIN)<\/h2><p> Se vuoi unire le celle in tempo reale e non vuoi perdere dati. Il modo migliore \u00e8 <a href=\"https:\/\/exceladvisor.org\/it\/concatenare-un-intervallo-di-celle\/\">utilizzare una formula<\/a> . E in Excel abbiamo due diverse funzioni per creare queste formule.<\/p><p> Tra questi due, il mio preferito \u00e8 TEXTJOIN, \u00e8 una funzione nuova e facile da usare rispetto a CONCATENATE. <\/p><div class=\"wp-block-image\"><figure class=\"aligncenter size-full is-resized\"><img loading=\"lazy\" decoding=\"async\" class=\"wp-image-72460\" src=\"https:\/\/exceladvisor.org\/wp-content\/uploads\/2023\/08\/9-textjoin-pour-fusionner-les-valeurs-des-cellules.png\" sizes=\"auto, \" srcset=\"\" alt=\"textjoin-to-merge-cell-values\" width=\"469\" height=\"433\"><\/figure><\/div><pre class=\"wp-block-code\"> <code class=\"language-excel-formula line-numbers\" lang=\"excel-formula\">=TEXTJOIN(\" \",TRUE,A1:A5)<\/code><\/pre><p> TEXTJOIN ha tre argomenti che devi definire:<\/p><ul><li> <strong>delimitatore<\/strong> : puoi utilizzare un delimitatore che desideri aggiungere tra i valori che desideri unire in una singola cella.<\/li><li> <strong>ignore_empty<\/strong> : VERO o FALSO per definire se si desidera ignorare o meno le celle vuote.<\/li><li> <strong>range_array<\/strong> : un intervallo\/array da cui desideri unire i valori.<\/li><\/ul><p> E allo stesso modo, puoi utilizzare CONCATENATE per creare una formula per unire i valori in una singola cella. <\/p><div class=\"wp-block-image\"><figure class=\"aligncenter size-full is-resized\"><img loading=\"lazy\" decoding=\"async\" class=\"wp-image-72461\" src=\"https:\/\/exceladvisor.org\/wp-content\/uploads\/2023\/08\/10-concatener-pour-fusionner-les-valeurs-des-cellules.png\" sizes=\"auto, \" srcset=\"\" alt=\"concatenare-per-unire-valori-di-cella\" width=\"580\" height=\"349\"><\/figure><\/div><p class=\"formula\"> =CONCATENA(A1,\u201d \u201c,A2,\u201d \u201c,A3,\u201d \u201c,A4,\u201d \u201c,A5)<\/p><h2 class=\"wp-block-heading\"> Codice VBA per unire i valori in una cella senza perdere dati<\/h2><p> Puoi utilizzare il codice VBA per unire pi\u00f9 celle e non perdere dati. Di seguito abbiamo un codice che puoi utilizzare.<\/p><pre class=\"wp-block-code\"> <code class=\"language-visual-basic\" lang=\"visual-basic\">Sub vba_merge_with_values() Dim val As String Dim rng As Range Set rng = Selection For Each Cell In rng val = val &amp; \" \" &amp; Cell.Value Next Cell With rng .Merge .Value = Trim(val) .WrapText = True .HorizontalAlignment = xlCenter .VerticalAlignment = xlCenter End With End Sub<\/code><\/pre><p> Per utilizzare questo codice, devi selezionare l&#8217;intervallo che desideri unire e quindi <a href=\"https:\/\/exceladvisor.org\/it\/eseguire-una-macro-2\/\">eseguire questo codice<\/a> . <\/p><div class=\"wp-block-image\"><figure class=\"aligncenter size-full is-resized\"><img loading=\"lazy\" decoding=\"async\" class=\"wp-image-72462\" src=\"https:\/\/exceladvisor.org\/wp-content\/uploads\/2023\/08\/11-code-vba-pour-fusionner-les-valeurs.png\" sizes=\"auto, \" srcset=\"\" alt=\"vba-code-to-merge-values\" width=\"608\" height=\"588\"><\/figure><\/div><p> Questo codice prende i valori da tutte le celle una per una e poi unisce tutte queste celle e poi aggiunge il valore combinato nella cella unita come puoi vedere nell&#8217;esempio sopra <em>(c&#8217;\u00e8 una cosa che dovresti sapere quando esegui un codice che non puoi utilizzare l&#8217;opzione Annulla)<\/em> .<\/p><div class=\"gb-container gb-container-4db6181c gb-container-mt\"> <a class=\"gb-button gb-button-c5897111 gb-button-text gb-button-mt-button\" href=\"https:\/\/exceladvisor.org\/it\/eccellere-in-anticipo\/\">Esercitazioni avanzate su Excel<\/a><h2 class=\"gb-headline gb-headline-665e5f6b gb-headline-text gb-headline-mt-heading\"> Tutorial correlati <\/h2><div class=\"gb-grid-wrapper gb-grid-wrapper-a20baf7c gb-grid-wrapper-mt-grid\"><div class=\"gb-grid-column gb-grid-column-65ddf67e\"><div class=\"gb-container gb-container-65ddf67e\"><ul><li> <a href=\"https:\/\/exceladvisor.org\/it\/strumento-di-analisi-rapida\/\">Strumento di analisi rapida in Excel<\/a><\/li><li> <a href=\"https:\/\/exceladvisor.org\/it\/applicare-piu-filtri\/\">Applica pi\u00f9 filtri alle colonne<\/a><\/li><li> <a href=\"https:\/\/exceladvisor.org\/it\/evidenziare-i-valori-superiori-inferiori\/\">Evidenzia i valori N superiori e inferiori in Excel<\/a><\/li><li> <a href=\"https:\/\/exceladvisor.org\/it\/casella-di-controllo\/\">Inserisci una casella di controllo in Excel<\/a><\/li><li> <a href=\"https:\/\/exceladvisor.org\/it\/incolla-la-moltiplicazione-speciale\/\">Moltiplica in Excel utilizzando Incolla speciale<\/a><\/li><\/ul><\/div><\/div><\/div><\/div>","protected":false},"excerpt":{"rendered":"","protected":false},"author":1,"featured_media":0,"parent":0,"menu_order":0,"comment_status":"open","ping_status":"closed","template":"","meta":{"ub_ctt_via":"","footnotes":""},"class_list":["post-1882","page","type-page","status-publish","hentry"],"featured_image_src":null,"yoast_head":"<!-- This site is optimized with the Yoast SEO plugin v25.4 - https:\/\/yoast.com\/wordpress\/plugins\/seo\/ -->\n<title>\u25b7 Come unire le celle senza perdere dati?<\/title>\n<meta name=\"description\" content=\"In questo tutorial impareremo come unire pi\u00f9 celle in una senza perdere dati...\" \/>\n<meta name=\"robots\" content=\"index, follow, max-snippet:-1, max-image-preview:large, max-video-preview:-1\" \/>\n<link rel=\"canonical\" href=\"https:\/\/exceladvisor.org\/it\/unire-le-celle-senza-perdere-dati\/\" \/>\n<meta property=\"og:locale\" content=\"it_IT\" \/>\n<meta property=\"og:type\" content=\"article\" \/>\n<meta property=\"og:title\" content=\"\u25b7 Come unire le celle senza perdere dati?\" \/>\n<meta property=\"og:description\" content=\"In questo tutorial impareremo come unire pi\u00f9 celle in una senza perdere dati...\" \/>\n<meta property=\"og:url\" content=\"https:\/\/exceladvisor.org\/it\/unire-le-celle-senza-perdere-dati\/\" \/>\n<meta property=\"og:site_name\" content=\"Excel Advisor\" \/>\n<meta property=\"article:modified_time\" content=\"2023-12-10T06:26:13+00:00\" \/>\n<meta property=\"og:image\" content=\"https:\/\/exceladvisor.org\/wp-content\/uploads\/2023\/08\/1-fusionner-des-cellules.png\" \/>\n<meta name=\"twitter:card\" content=\"summary_large_image\" \/>\n<meta name=\"twitter:label1\" content=\"Tempo di lettura stimato\" \/>\n\t<meta name=\"twitter:data1\" content=\"3 minuti\" \/>\n<script type=\"application\/ld+json\" class=\"yoast-schema-graph\">{\"@context\":\"https:\/\/schema.org\",\"@graph\":[{\"@type\":\"WebPage\",\"@id\":\"https:\/\/exceladvisor.org\/it\/unire-le-celle-senza-perdere-dati\/\",\"url\":\"https:\/\/exceladvisor.org\/it\/unire-le-celle-senza-perdere-dati\/\",\"name\":\"\u25b7 Come unire le celle senza perdere dati?\",\"isPartOf\":{\"@id\":\"https:\/\/exceladvisor.org\/it\/#website\"},\"primaryImageOfPage\":{\"@id\":\"https:\/\/exceladvisor.org\/it\/unire-le-celle-senza-perdere-dati\/#primaryimage\"},\"image\":{\"@id\":\"https:\/\/exceladvisor.org\/it\/unire-le-celle-senza-perdere-dati\/#primaryimage\"},\"thumbnailUrl\":\"https:\/\/exceladvisor.org\/wp-content\/uploads\/2023\/08\/1-fusionner-des-cellules.png\",\"datePublished\":\"2023-10-30T09:21:02+00:00\",\"dateModified\":\"2023-12-10T06:26:13+00:00\",\"description\":\"In questo tutorial impareremo come unire pi\u00f9 celle in una senza perdere dati...\",\"breadcrumb\":{\"@id\":\"https:\/\/exceladvisor.org\/it\/unire-le-celle-senza-perdere-dati\/#breadcrumb\"},\"inLanguage\":\"it-IT\",\"potentialAction\":[{\"@type\":\"ReadAction\",\"target\":[\"https:\/\/exceladvisor.org\/it\/unire-le-celle-senza-perdere-dati\/\"]}]},{\"@type\":\"ImageObject\",\"inLanguage\":\"it-IT\",\"@id\":\"https:\/\/exceladvisor.org\/it\/unire-le-celle-senza-perdere-dati\/#primaryimage\",\"url\":\"https:\/\/exceladvisor.org\/wp-content\/uploads\/2023\/08\/1-fusionner-des-cellules.png\",\"contentUrl\":\"https:\/\/exceladvisor.org\/wp-content\/uploads\/2023\/08\/1-fusionner-des-cellules.png\"},{\"@type\":\"BreadcrumbList\",\"@id\":\"https:\/\/exceladvisor.org\/it\/unire-le-celle-senza-perdere-dati\/#breadcrumb\",\"itemListElement\":[{\"@type\":\"ListItem\",\"position\":1,\"name\":\"Home\",\"item\":\"https:\/\/exceladvisor.org\/it\/\"},{\"@type\":\"ListItem\",\"position\":2,\"name\":\"Come unire le celle senza perdere dati?\"}]},{\"@type\":\"WebSite\",\"@id\":\"https:\/\/exceladvisor.org\/it\/#website\",\"url\":\"https:\/\/exceladvisor.org\/it\/\",\"name\":\"Excel Advisor\",\"description\":\"Tips, Tricks, and Time-Saving Hacks\",\"publisher\":{\"@id\":\"https:\/\/exceladvisor.org\/it\/#organization\"},\"potentialAction\":[{\"@type\":\"SearchAction\",\"target\":{\"@type\":\"EntryPoint\",\"urlTemplate\":\"https:\/\/exceladvisor.org\/it\/?s={search_term_string}\"},\"query-input\":{\"@type\":\"PropertyValueSpecification\",\"valueRequired\":true,\"valueName\":\"search_term_string\"}}],\"inLanguage\":\"it-IT\"},{\"@type\":\"Organization\",\"@id\":\"https:\/\/exceladvisor.org\/it\/#organization\",\"name\":\"Excel Advisor\",\"url\":\"https:\/\/exceladvisor.org\/it\/\",\"logo\":{\"@type\":\"ImageObject\",\"inLanguage\":\"it-IT\",\"@id\":\"https:\/\/exceladvisor.org\/it\/#\/schema\/logo\/image\/\",\"url\":\"https:\/\/exceladvisor.org\/it\/wp-content\/uploads\/2023\/12\/exceladvisor.org_.png\",\"contentUrl\":\"https:\/\/exceladvisor.org\/it\/wp-content\/uploads\/2023\/12\/exceladvisor.org_.png\",\"width\":105,\"height\":36,\"caption\":\"Excel Advisor\"},\"image\":{\"@id\":\"https:\/\/exceladvisor.org\/it\/#\/schema\/logo\/image\/\"}}]}<\/script>\n<!-- \/ Yoast SEO plugin. -->","yoast_head_json":{"title":"\u25b7 Come unire le celle senza perdere dati?","description":"In questo tutorial impareremo come unire pi\u00f9 celle in una senza perdere dati...","robots":{"index":"index","follow":"follow","max-snippet":"max-snippet:-1","max-image-preview":"max-image-preview:large","max-video-preview":"max-video-preview:-1"},"canonical":"https:\/\/exceladvisor.org\/it\/unire-le-celle-senza-perdere-dati\/","og_locale":"it_IT","og_type":"article","og_title":"\u25b7 Come unire le celle senza perdere dati?","og_description":"In questo tutorial impareremo come unire pi\u00f9 celle in una senza perdere dati...","og_url":"https:\/\/exceladvisor.org\/it\/unire-le-celle-senza-perdere-dati\/","og_site_name":"Excel Advisor","article_modified_time":"2023-12-10T06:26:13+00:00","og_image":[{"url":"https:\/\/exceladvisor.org\/wp-content\/uploads\/2023\/08\/1-fusionner-des-cellules.png","type":"","width":"","height":""}],"twitter_card":"summary_large_image","twitter_misc":{"Tempo di lettura stimato":"3 minuti"},"schema":{"@context":"https:\/\/schema.org","@graph":[{"@type":"WebPage","@id":"https:\/\/exceladvisor.org\/it\/unire-le-celle-senza-perdere-dati\/","url":"https:\/\/exceladvisor.org\/it\/unire-le-celle-senza-perdere-dati\/","name":"\u25b7 Come unire le celle senza perdere dati?","isPartOf":{"@id":"https:\/\/exceladvisor.org\/it\/#website"},"primaryImageOfPage":{"@id":"https:\/\/exceladvisor.org\/it\/unire-le-celle-senza-perdere-dati\/#primaryimage"},"image":{"@id":"https:\/\/exceladvisor.org\/it\/unire-le-celle-senza-perdere-dati\/#primaryimage"},"thumbnailUrl":"https:\/\/exceladvisor.org\/wp-content\/uploads\/2023\/08\/1-fusionner-des-cellules.png","datePublished":"2023-10-30T09:21:02+00:00","dateModified":"2023-12-10T06:26:13+00:00","description":"In questo tutorial impareremo come unire pi\u00f9 celle in una senza perdere dati...","breadcrumb":{"@id":"https:\/\/exceladvisor.org\/it\/unire-le-celle-senza-perdere-dati\/#breadcrumb"},"inLanguage":"it-IT","potentialAction":[{"@type":"ReadAction","target":["https:\/\/exceladvisor.org\/it\/unire-le-celle-senza-perdere-dati\/"]}]},{"@type":"ImageObject","inLanguage":"it-IT","@id":"https:\/\/exceladvisor.org\/it\/unire-le-celle-senza-perdere-dati\/#primaryimage","url":"https:\/\/exceladvisor.org\/wp-content\/uploads\/2023\/08\/1-fusionner-des-cellules.png","contentUrl":"https:\/\/exceladvisor.org\/wp-content\/uploads\/2023\/08\/1-fusionner-des-cellules.png"},{"@type":"BreadcrumbList","@id":"https:\/\/exceladvisor.org\/it\/unire-le-celle-senza-perdere-dati\/#breadcrumb","itemListElement":[{"@type":"ListItem","position":1,"name":"Home","item":"https:\/\/exceladvisor.org\/it\/"},{"@type":"ListItem","position":2,"name":"Come unire le celle senza perdere dati?"}]},{"@type":"WebSite","@id":"https:\/\/exceladvisor.org\/it\/#website","url":"https:\/\/exceladvisor.org\/it\/","name":"Excel Advisor","description":"Tips, Tricks, and Time-Saving Hacks","publisher":{"@id":"https:\/\/exceladvisor.org\/it\/#organization"},"potentialAction":[{"@type":"SearchAction","target":{"@type":"EntryPoint","urlTemplate":"https:\/\/exceladvisor.org\/it\/?s={search_term_string}"},"query-input":{"@type":"PropertyValueSpecification","valueRequired":true,"valueName":"search_term_string"}}],"inLanguage":"it-IT"},{"@type":"Organization","@id":"https:\/\/exceladvisor.org\/it\/#organization","name":"Excel Advisor","url":"https:\/\/exceladvisor.org\/it\/","logo":{"@type":"ImageObject","inLanguage":"it-IT","@id":"https:\/\/exceladvisor.org\/it\/#\/schema\/logo\/image\/","url":"https:\/\/exceladvisor.org\/it\/wp-content\/uploads\/2023\/12\/exceladvisor.org_.png","contentUrl":"https:\/\/exceladvisor.org\/it\/wp-content\/uploads\/2023\/12\/exceladvisor.org_.png","width":105,"height":36,"caption":"Excel Advisor"},"image":{"@id":"https:\/\/exceladvisor.org\/it\/#\/schema\/logo\/image\/"}}]}},"yoast_meta":{"yoast_wpseo_title":"","yoast_wpseo_metadesc":"","yoast_wpseo_canonical":""},"_links":{"self":[{"href":"https:\/\/exceladvisor.org\/it\/wp-json\/wp\/v2\/pages\/1882","targetHints":{"allow":["GET"]}}],"collection":[{"href":"https:\/\/exceladvisor.org\/it\/wp-json\/wp\/v2\/pages"}],"about":[{"href":"https:\/\/exceladvisor.org\/it\/wp-json\/wp\/v2\/types\/page"}],"author":[{"embeddable":true,"href":"https:\/\/exceladvisor.org\/it\/wp-json\/wp\/v2\/users\/1"}],"replies":[{"embeddable":true,"href":"https:\/\/exceladvisor.org\/it\/wp-json\/wp\/v2\/comments?post=1882"}],"version-history":[{"count":1,"href":"https:\/\/exceladvisor.org\/it\/wp-json\/wp\/v2\/pages\/1882\/revisions"}],"predecessor-version":[{"id":2766,"href":"https:\/\/exceladvisor.org\/it\/wp-json\/wp\/v2\/pages\/1882\/revisions\/2766"}],"wp:attachment":[{"href":"https:\/\/exceladvisor.org\/it\/wp-json\/wp\/v2\/media?parent=1882"}],"curies":[{"name":"wp","href":"https:\/\/api.w.org\/{rel}","templated":true}]}}