{"id":1883,"date":"2023-10-30T09:18:58","date_gmt":"2023-10-30T09:18:58","guid":{"rendered":"https:\/\/exceladvisor.org\/it\/modificare-il-formato-della-data\/"},"modified":"2023-12-10T06:24:11","modified_gmt":"2023-12-10T06:24:11","slug":"modificare-il-formato-della-data","status":"publish","type":"page","link":"https:\/\/exceladvisor.org\/it\/modificare-il-formato-della-data\/","title":{"rendered":"Come modificare il formato della data in excel?"},"content":{"rendered":"<div class=\"excel-prima-del-contenuto\" id=\"excel-2805065464\"><script type=\"text\/javascript\">\r\n\tatOptions = {\r\n\t\t'key' : 'c1158f160081d6540a8409e6925dab94',\r\n\t\t'format' : 'iframe',\r\n\t\t'height' : 250,\r\n\t\t'width' : 300,\r\n\t\t'params' : {}\r\n\t};\r\n<\/script>\r\n<script type=\"text\/javascript\" src=\"\/\/www.highperformanceformat.com\/c1158f160081d6540a8409e6925dab94\/invoke.js\"><\/script><\/div> <p>Una delle cose migliori di Excel \u00e8 che puoi modificare i formati della data e applicare un formato in base alle tue esigenze o al modo in cui desideri mostrarlo all&#8217;utente.<\/p><p> In questo tutorial impareremo come modificare il formato della data perch\u00e9 \u00e8 molto importante analizzare vendite, profitti ed eventi.<\/p><h2 class=\"wp-block-heading\"> <strong>Passaggi per modificare il formato della data in Excel<\/strong><\/h2><p> Di seguito sono riportati i passaggi per modificare rapidamente il formato della data in Excel.<\/p><ol><li> Innanzitutto, seleziona la cella o l&#8217;intervallo di celle di cui desideri modificare il formato della data.<\/li><li> Successivamente, vai alla scheda \u201c <strong>Home<\/strong> \u201d e fai clic sul gruppo \u201c <strong>Numero<\/strong> \u201d.<\/li><li> Successivamente, fai clic sull&#8217;elenco a discesa Personalizzato nel gruppo di numeri e verranno visualizzate le opzioni &#8221; <strong>Data lunga<\/strong> &#8221; e &#8221; <strong>Data breve<\/strong> &#8220;. <br><img loading=\"lazy\" decoding=\"async\" title=\"1-seleziona-breve-lunga-data\" src=\"https:\/\/exceladvisor.org\/wp-content\/uploads\/2023\/08\/1-selectionner-une-date-longue-courte.png\" sizes=\"auto, \" srcset=\"\" alt=\"select-short-long-date-date-format\" width=\"801\" height=\"446\"><\/li><li> Il formato della data lunga viene visualizzato come (02 gennaio 2000) mentre la data breve appare come (02-01-22). Puoi sceglierne uno.<\/li><\/ol><p> C&#8217;\u00e8 l&#8217;opzione &#8221; <strong>Altri formati numerici<\/strong> &#8221; situata in basso. Fare clic qui per ottenere altri formati di data. <\/p><div class=\"wp-block-image\"><figure class=\"aligncenter size-full is-resized\"><img loading=\"lazy\" decoding=\"async\" class=\"wp-image-70664\" src=\"https:\/\/exceladvisor.org\/wp-content\/uploads\/2023\/08\/2-autres-formats-de-nombres.png\" sizes=\"auto, \" srcset=\"\" alt=\"fare clic su altri formati numerici\" width=\"726\" height=\"473\"><\/figure><\/div><p> Dopo aver fatto clic, si apre la finestra Formato celle e l\u00ec devi scegliere la categoria Data. <\/p><div class=\"wp-block-image\"><figure class=\"aligncenter size-full is-resized\"><img loading=\"lazy\" decoding=\"async\" class=\"wp-image-70665\" src=\"https:\/\/exceladvisor.org\/wp-content\/uploads\/2023\/08\/3-boite-de-dialogue-avec-les-formats.png\" sizes=\"auto, \" srcset=\"\" alt=\"finestra di dialogo con formati di data\" width=\"548\" height=\"542\"><\/figure><\/div><p> Di seguito sono riportati i tipi di formato della data, le posizioni e la lingua mostrati con il relativo esempio. Puoi selezionare il formato particolare e verr\u00e0 visualizzato l&#8217;esempio che ti d\u00e0 un&#8217;idea di come apparir\u00e0 sul foglio di calcolo.<\/p><p> Alla fine, fai clic sul pulsante &#8221; <strong>OK<\/strong> &#8221; dopo aver finalizzato il formato della data che desideri utilizzare. <\/p><div class=\"wp-block-image\"><figure class=\"aligncenter size-full is-resized\"><img decoding=\"async\" class=\"wp-image-70666\" src=\"https:\/\/exceladvisor.org\/wp-content\/uploads\/2023\/08\/4-format-final-et-ok.png\" sizes=\"\" srcset=\"\" alt=\"seleziona-formato-finale-formato-data\" width=\"-387\" height=\"-249\"><\/figure><\/div><h2 class=\"wp-block-heading\"> <strong>Crea il tuo formato data personalizzato<\/strong><\/h2><p> Senza dubbio, ci sono diversi formati disponibili per impostazione predefinita. Ma se desideri creare il formato secondo le tue esigenze, puoi crearlo utilizzando codici specifici.<\/p><ol><li style=\"list-style-type: none;\"><ol><li> Per fare ci\u00f2, devi prima selezionare l&#8217;intervallo di celle contenente le date.<\/li><li> Successivamente, premi <a href=\"https:\/\/exceladvisor.org\/it\/un\/\">( <strong>Ctrl+1<\/strong> ) per aprire la finestra di dialogo Formato celle<\/a> e fai clic sull&#8217;opzione &#8220;Personalizzato&#8221; che si trova nella parte inferiore dell&#8217;elenco delle categorie. <br><img loading=\"lazy\" decoding=\"async\" title=\"5 opzioni personalizzate\" src=\"https:\/\/exceladvisor.org\/wp-content\/uploads\/2023\/08\/5-options-personnalisees.png\" sizes=\"auto, \" srcset=\"\" alt=\"use-custom-option-date-format\" width=\"902\" height=\"662\"><\/li><li> Ora noterai che c&#8217;\u00e8 un codice specifico nella <strong>casella di testo Tipo<\/strong> e puoi ricreare o modificare questo codice per creare il tuo formato.<\/li><li> Dopo averlo fatto, fai clic su &#8220;Ok&#8221; e le celle selezionate cambieranno nel nuovo formato. <\/li><\/ol><\/li><\/ol><p><img loading=\"lazy\" decoding=\"async\" title=\"6 campioni-mostra-e-ok\" src=\"https:\/\/exceladvisor.org\/wp-content\/uploads\/2023\/08\/6-exemples-de-spectacle-et-ok.png\" sizes=\"auto, \" srcset=\"\" alt=\"check-sample-date-format\" width=\"593\" height=\"591\"><\/p><p> Nel momento in cui fai clic su OK, il formato della data cambia nel formato personalizzato che ho specificato. <\/p><div class=\"wp-block-image\"><figure class=\"aligncenter size-full is-resized\"><img loading=\"lazy\" decoding=\"async\" class=\"wp-image-70669\" src=\"https:\/\/exceladvisor.org\/wp-content\/uploads\/2023\/08\/7-ecran-final.png\" sizes=\"auto, \" srcset=\"\" alt=\"schermata finale con formato data\" width=\"351\" height=\"316\"><\/figure><\/div><p> Puoi utilizzare la seguente tabella per <a href=\"https:\/\/exceladvisor.org\/it\/formati-di-data-personalizzati\/\">creare la tua data personalizzata<\/a> . <\/p><figure class=\"wp-block-table\"><table class=\"mtr-table mtr-tr-td\"><tbody><tr><td class=\"mtr-td-tag\" data-mtr-content=\"Code\"><div class=\"mtr-cell-content\"> <strong>Codificato<\/strong><\/div><\/td><td class=\"mtr-td-tag\" data-mtr-content=\"Describes:\"><div class=\"mtr-cell-content\"> <strong>Descrizione:<\/strong><\/div><\/td><td class=\"mtr-td-tag\" data-mtr-content=\"Example\"><div class=\"mtr-cell-content\"><strong>Esempio<\/strong><\/div><\/td><\/tr><tr><td class=\"mtr-td-tag\" data-mtr-content=\"Code\"><div class=\"mtr-cell-content\"> non una parola<\/div><\/td><td class=\"mtr-td-tag\" data-mtr-content=\"Describes:\"><div class=\"mtr-cell-content\"> Numero del giorno<\/div><\/td><td class=\"mtr-td-tag\" data-mtr-content=\"Example\"><div class=\"mtr-cell-content\"> 01<\/div><\/td><\/tr><tr><td class=\"mtr-td-tag\" data-mtr-content=\"Code\"><div class=\"mtr-cell-content\"> millimetro<\/div><\/td><td class=\"mtr-td-tag\" data-mtr-content=\"Describes:\"><div class=\"mtr-cell-content\"> Numero del mese<\/div><\/td><td class=\"mtr-td-tag\" data-mtr-content=\"Example\"><div class=\"mtr-cell-content\"> 02<\/div><\/td><\/tr><tr><td class=\"mtr-td-tag\" data-mtr-content=\"Code\"><div class=\"mtr-cell-content\"> aaaa<\/div><\/td><td class=\"mtr-td-tag\" data-mtr-content=\"Describes:\"><div class=\"mtr-cell-content\"> Anno pieno<\/div><\/td><td class=\"mtr-td-tag\" data-mtr-content=\"Example\"><div class=\"mtr-cell-content\"> 2022<\/div><\/td><\/tr><tr><td class=\"mtr-td-tag\" data-mtr-content=\"Code\"><div class=\"mtr-cell-content\"> mmm<\/div><\/td><td class=\"mtr-td-tag\" data-mtr-content=\"Describes:\"><div class=\"mtr-cell-content\"> Nome del mese (breve)<\/div><\/td><td class=\"mtr-td-tag\" data-mtr-content=\"Example\"><div class=\"mtr-cell-content\"> Gen<\/div><\/td><\/tr><tr><td class=\"mtr-td-tag\" data-mtr-content=\"Code\"><div class=\"mtr-cell-content\"> aa<\/div><\/td><td class=\"mtr-td-tag\" data-mtr-content=\"Describes:\"><div class=\"mtr-cell-content\"> Ultime due cifre dell&#8217;anno<\/div><\/td><td class=\"mtr-td-tag\" data-mtr-content=\"Example\"><div class=\"mtr-cell-content\"> 22 <\/div><\/td><\/tr><\/tbody><\/table><\/figure><div class=\"gb-container gb-container-4db6181c gb-container-mt\"> <a class=\"gb-button gb-button-c5897111 gb-button-text gb-button-mt-button\" href=\"https:\/\/exceladvisor.org\/it\/nozioni-di-base-su-excel\/\">Nozioni di base su Microsoft Excel (componenti, parti e note informative)<\/a><h2 class=\"gb-headline gb-headline-665e5f6b gb-headline-text gb-headline-mt-heading\"> Tutorial correlati <\/h2><div class=\"gb-grid-wrapper gb-grid-wrapper-a20baf7c gb-grid-wrapper-mt-grid\"><div class=\"gb-grid-column gb-grid-column-65ddf67e\"><div class=\"gb-container gb-container-65ddf67e\"><ul><li> <a href=\"https:\/\/exceladvisor.org\/it\/formato-del-numero-contabile\/\">Applicare il formato dei numeri contabili in Excel<\/a><\/li><li> <a href=\"https:\/\/exceladvisor.org\/it\/colore-delle-cellule\/\">Applica il colore di sfondo a una cella o all&#8217;intero foglio in Excel<\/a><\/li><li> <a href=\"https:\/\/exceladvisor.org\/it\/la-griglia\/\">Stampa la griglia di Excel (elimina, accorcia e cambia colore)<\/a><\/li><li> <a href=\"https:\/\/exceladvisor.org\/it\/aggiungi-un-numero-di-pagina\/\">Aggiungi un numero di pagina in Excel<\/a> <\/li><\/ul><\/div><\/div><div class=\"gb-grid-column gb-grid-column-50067b57\"><div class=\"gb-container gb-container-50067b57\"><\/div><\/div><\/div><\/div>","protected":false},"excerpt":{"rendered":"","protected":false},"author":1,"featured_media":0,"parent":0,"menu_order":0,"comment_status":"open","ping_status":"closed","template":"","meta":{"ub_ctt_via":"","footnotes":""},"class_list":["post-1883","page","type-page","status-publish","hentry"],"featured_image_src":null,"yoast_head":"<!-- This site is optimized with the Yoast SEO plugin v25.4 - https:\/\/yoast.com\/wordpress\/plugins\/seo\/ -->\n<title>Modificare il formato della data in Excel (breve, lungo e personalizzato)<\/title>\n<meta name=\"description\" content=\"Uno degli aspetti migliori di Excel \u00e8 che puoi modificare i formati della data e applicare un formato in base alle tue esigenze...\" \/>\n<meta name=\"robots\" content=\"index, follow, max-snippet:-1, max-image-preview:large, max-video-preview:-1\" \/>\n<link rel=\"canonical\" href=\"https:\/\/exceladvisor.org\/it\/modificare-il-formato-della-data\/\" \/>\n<meta property=\"og:locale\" content=\"it_IT\" \/>\n<meta property=\"og:type\" content=\"article\" \/>\n<meta property=\"og:title\" content=\"Modificare il formato della data in Excel (breve, lungo e personalizzato)\" \/>\n<meta property=\"og:description\" content=\"Uno degli aspetti migliori di Excel \u00e8 che puoi modificare i formati della data e applicare un formato in base alle tue esigenze...\" \/>\n<meta property=\"og:url\" content=\"https:\/\/exceladvisor.org\/it\/modificare-il-formato-della-data\/\" \/>\n<meta property=\"og:site_name\" content=\"Excel Advisor\" \/>\n<meta property=\"article:modified_time\" content=\"2023-12-10T06:24:11+00:00\" \/>\n<meta property=\"og:image\" content=\"https:\/\/exceladvisor.org\/wp-content\/uploads\/2023\/08\/1-selectionner-une-date-longue-courte.png\" \/>\n<meta name=\"twitter:card\" content=\"summary_large_image\" \/>\n<meta name=\"twitter:label1\" content=\"Tempo di lettura stimato\" \/>\n\t<meta name=\"twitter:data1\" content=\"2 minuti\" \/>\n<script type=\"application\/ld+json\" class=\"yoast-schema-graph\">{\"@context\":\"https:\/\/schema.org\",\"@graph\":[{\"@type\":\"WebPage\",\"@id\":\"https:\/\/exceladvisor.org\/it\/modificare-il-formato-della-data\/\",\"url\":\"https:\/\/exceladvisor.org\/it\/modificare-il-formato-della-data\/\",\"name\":\"Modificare il formato della data in Excel (breve, lungo e personalizzato)\",\"isPartOf\":{\"@id\":\"https:\/\/exceladvisor.org\/it\/#website\"},\"primaryImageOfPage\":{\"@id\":\"https:\/\/exceladvisor.org\/it\/modificare-il-formato-della-data\/#primaryimage\"},\"image\":{\"@id\":\"https:\/\/exceladvisor.org\/it\/modificare-il-formato-della-data\/#primaryimage\"},\"thumbnailUrl\":\"https:\/\/exceladvisor.org\/wp-content\/uploads\/2023\/08\/1-selectionner-une-date-longue-courte.png\",\"datePublished\":\"2023-10-30T09:18:58+00:00\",\"dateModified\":\"2023-12-10T06:24:11+00:00\",\"description\":\"Uno degli aspetti migliori di Excel \u00e8 che puoi modificare i formati della data e applicare un formato in base alle tue esigenze...\",\"breadcrumb\":{\"@id\":\"https:\/\/exceladvisor.org\/it\/modificare-il-formato-della-data\/#breadcrumb\"},\"inLanguage\":\"it-IT\",\"potentialAction\":[{\"@type\":\"ReadAction\",\"target\":[\"https:\/\/exceladvisor.org\/it\/modificare-il-formato-della-data\/\"]}]},{\"@type\":\"ImageObject\",\"inLanguage\":\"it-IT\",\"@id\":\"https:\/\/exceladvisor.org\/it\/modificare-il-formato-della-data\/#primaryimage\",\"url\":\"https:\/\/exceladvisor.org\/wp-content\/uploads\/2023\/08\/1-selectionner-une-date-longue-courte.png\",\"contentUrl\":\"https:\/\/exceladvisor.org\/wp-content\/uploads\/2023\/08\/1-selectionner-une-date-longue-courte.png\"},{\"@type\":\"BreadcrumbList\",\"@id\":\"https:\/\/exceladvisor.org\/it\/modificare-il-formato-della-data\/#breadcrumb\",\"itemListElement\":[{\"@type\":\"ListItem\",\"position\":1,\"name\":\"Home\",\"item\":\"https:\/\/exceladvisor.org\/it\/\"},{\"@type\":\"ListItem\",\"position\":2,\"name\":\"Come modificare il formato della data in excel?\"}]},{\"@type\":\"WebSite\",\"@id\":\"https:\/\/exceladvisor.org\/it\/#website\",\"url\":\"https:\/\/exceladvisor.org\/it\/\",\"name\":\"Excel Advisor\",\"description\":\"Tips, Tricks, and Time-Saving Hacks\",\"publisher\":{\"@id\":\"https:\/\/exceladvisor.org\/it\/#organization\"},\"potentialAction\":[{\"@type\":\"SearchAction\",\"target\":{\"@type\":\"EntryPoint\",\"urlTemplate\":\"https:\/\/exceladvisor.org\/it\/?s={search_term_string}\"},\"query-input\":{\"@type\":\"PropertyValueSpecification\",\"valueRequired\":true,\"valueName\":\"search_term_string\"}}],\"inLanguage\":\"it-IT\"},{\"@type\":\"Organization\",\"@id\":\"https:\/\/exceladvisor.org\/it\/#organization\",\"name\":\"Excel Advisor\",\"url\":\"https:\/\/exceladvisor.org\/it\/\",\"logo\":{\"@type\":\"ImageObject\",\"inLanguage\":\"it-IT\",\"@id\":\"https:\/\/exceladvisor.org\/it\/#\/schema\/logo\/image\/\",\"url\":\"https:\/\/exceladvisor.org\/it\/wp-content\/uploads\/2023\/12\/exceladvisor.org_.png\",\"contentUrl\":\"https:\/\/exceladvisor.org\/it\/wp-content\/uploads\/2023\/12\/exceladvisor.org_.png\",\"width\":105,\"height\":36,\"caption\":\"Excel Advisor\"},\"image\":{\"@id\":\"https:\/\/exceladvisor.org\/it\/#\/schema\/logo\/image\/\"}}]}<\/script>\n<!-- \/ Yoast SEO plugin. -->","yoast_head_json":{"title":"Modificare il formato della data in Excel (breve, lungo e personalizzato)","description":"Uno degli aspetti migliori di Excel \u00e8 che puoi modificare i formati della data e applicare un formato in base alle tue esigenze...","robots":{"index":"index","follow":"follow","max-snippet":"max-snippet:-1","max-image-preview":"max-image-preview:large","max-video-preview":"max-video-preview:-1"},"canonical":"https:\/\/exceladvisor.org\/it\/modificare-il-formato-della-data\/","og_locale":"it_IT","og_type":"article","og_title":"Modificare il formato della data in Excel (breve, lungo e personalizzato)","og_description":"Uno degli aspetti migliori di Excel \u00e8 che puoi modificare i formati della data e applicare un formato in base alle tue esigenze...","og_url":"https:\/\/exceladvisor.org\/it\/modificare-il-formato-della-data\/","og_site_name":"Excel Advisor","article_modified_time":"2023-12-10T06:24:11+00:00","og_image":[{"url":"https:\/\/exceladvisor.org\/wp-content\/uploads\/2023\/08\/1-selectionner-une-date-longue-courte.png","type":"","width":"","height":""}],"twitter_card":"summary_large_image","twitter_misc":{"Tempo di lettura stimato":"2 minuti"},"schema":{"@context":"https:\/\/schema.org","@graph":[{"@type":"WebPage","@id":"https:\/\/exceladvisor.org\/it\/modificare-il-formato-della-data\/","url":"https:\/\/exceladvisor.org\/it\/modificare-il-formato-della-data\/","name":"Modificare il formato della data in Excel (breve, lungo e personalizzato)","isPartOf":{"@id":"https:\/\/exceladvisor.org\/it\/#website"},"primaryImageOfPage":{"@id":"https:\/\/exceladvisor.org\/it\/modificare-il-formato-della-data\/#primaryimage"},"image":{"@id":"https:\/\/exceladvisor.org\/it\/modificare-il-formato-della-data\/#primaryimage"},"thumbnailUrl":"https:\/\/exceladvisor.org\/wp-content\/uploads\/2023\/08\/1-selectionner-une-date-longue-courte.png","datePublished":"2023-10-30T09:18:58+00:00","dateModified":"2023-12-10T06:24:11+00:00","description":"Uno degli aspetti migliori di Excel \u00e8 che puoi modificare i formati della data e applicare un formato in base alle tue esigenze...","breadcrumb":{"@id":"https:\/\/exceladvisor.org\/it\/modificare-il-formato-della-data\/#breadcrumb"},"inLanguage":"it-IT","potentialAction":[{"@type":"ReadAction","target":["https:\/\/exceladvisor.org\/it\/modificare-il-formato-della-data\/"]}]},{"@type":"ImageObject","inLanguage":"it-IT","@id":"https:\/\/exceladvisor.org\/it\/modificare-il-formato-della-data\/#primaryimage","url":"https:\/\/exceladvisor.org\/wp-content\/uploads\/2023\/08\/1-selectionner-une-date-longue-courte.png","contentUrl":"https:\/\/exceladvisor.org\/wp-content\/uploads\/2023\/08\/1-selectionner-une-date-longue-courte.png"},{"@type":"BreadcrumbList","@id":"https:\/\/exceladvisor.org\/it\/modificare-il-formato-della-data\/#breadcrumb","itemListElement":[{"@type":"ListItem","position":1,"name":"Home","item":"https:\/\/exceladvisor.org\/it\/"},{"@type":"ListItem","position":2,"name":"Come modificare il formato della data in excel?"}]},{"@type":"WebSite","@id":"https:\/\/exceladvisor.org\/it\/#website","url":"https:\/\/exceladvisor.org\/it\/","name":"Excel Advisor","description":"Tips, Tricks, and Time-Saving Hacks","publisher":{"@id":"https:\/\/exceladvisor.org\/it\/#organization"},"potentialAction":[{"@type":"SearchAction","target":{"@type":"EntryPoint","urlTemplate":"https:\/\/exceladvisor.org\/it\/?s={search_term_string}"},"query-input":{"@type":"PropertyValueSpecification","valueRequired":true,"valueName":"search_term_string"}}],"inLanguage":"it-IT"},{"@type":"Organization","@id":"https:\/\/exceladvisor.org\/it\/#organization","name":"Excel Advisor","url":"https:\/\/exceladvisor.org\/it\/","logo":{"@type":"ImageObject","inLanguage":"it-IT","@id":"https:\/\/exceladvisor.org\/it\/#\/schema\/logo\/image\/","url":"https:\/\/exceladvisor.org\/it\/wp-content\/uploads\/2023\/12\/exceladvisor.org_.png","contentUrl":"https:\/\/exceladvisor.org\/it\/wp-content\/uploads\/2023\/12\/exceladvisor.org_.png","width":105,"height":36,"caption":"Excel Advisor"},"image":{"@id":"https:\/\/exceladvisor.org\/it\/#\/schema\/logo\/image\/"}}]}},"yoast_meta":{"yoast_wpseo_title":"","yoast_wpseo_metadesc":"","yoast_wpseo_canonical":""},"_links":{"self":[{"href":"https:\/\/exceladvisor.org\/it\/wp-json\/wp\/v2\/pages\/1883","targetHints":{"allow":["GET"]}}],"collection":[{"href":"https:\/\/exceladvisor.org\/it\/wp-json\/wp\/v2\/pages"}],"about":[{"href":"https:\/\/exceladvisor.org\/it\/wp-json\/wp\/v2\/types\/page"}],"author":[{"embeddable":true,"href":"https:\/\/exceladvisor.org\/it\/wp-json\/wp\/v2\/users\/1"}],"replies":[{"embeddable":true,"href":"https:\/\/exceladvisor.org\/it\/wp-json\/wp\/v2\/comments?post=1883"}],"version-history":[{"count":1,"href":"https:\/\/exceladvisor.org\/it\/wp-json\/wp\/v2\/pages\/1883\/revisions"}],"predecessor-version":[{"id":2567,"href":"https:\/\/exceladvisor.org\/it\/wp-json\/wp\/v2\/pages\/1883\/revisions\/2567"}],"wp:attachment":[{"href":"https:\/\/exceladvisor.org\/it\/wp-json\/wp\/v2\/media?parent=1883"}],"curies":[{"name":"wp","href":"https:\/\/api.w.org\/{rel}","templated":true}]}}