{"id":1889,"date":"2023-10-29T23:32:03","date_gmt":"2023-10-29T23:32:03","guid":{"rendered":"https:\/\/exceladvisor.org\/it\/salvare-il-file\/"},"modified":"2023-12-10T06:25:32","modified_gmt":"2023-12-10T06:25:32","slug":"salvare-il-file","status":"publish","type":"page","link":"https:\/\/exceladvisor.org\/it\/salvare-il-file\/","title":{"rendered":"Come salvare un file in excel?"},"content":{"rendered":"<div class=\"excel-prima-del-contenuto\" id=\"excel-1477986987\"><script type=\"text\/javascript\">\r\n\tatOptions = {\r\n\t\t'key' : 'c1158f160081d6540a8409e6925dab94',\r\n\t\t'format' : 'iframe',\r\n\t\t'height' : 250,\r\n\t\t'width' : 300,\r\n\t\t'params' : {}\r\n\t};\r\n<\/script>\r\n<script type=\"text\/javascript\" src=\"\/\/www.highperformanceformat.com\/c1158f160081d6540a8409e6925dab94\/invoke.js\"><\/script><\/div> <p>Se sei un utente Excel, \u00e8 importante sapere come salvare un file l\u00ec. In Excel potrebbe essere necessario salvare un file per creare record. E il formato file predefinito in Excel \u00e8 XLSX. Ti consente di eseguire il backup dei tuoi dati su qualsiasi unit\u00e0 locale, cartella (come desktop, documento), disco rigido o unit\u00e0 USB.<\/p><p> In questo tutorial impareremo i diversi metodi per salvare i documenti Excel.<\/p><h2 id=\"h-save-a-file-using-the-file-tab-on-the-ribbon\" class=\"wp-block-heading\"> Salvare un file utilizzando la scheda File della barra multifunzione<\/h2><p> Questo \u00e8 uno dei modi pi\u00f9 semplici e facili per salvare un file Excel sul tuo disco o su qualsiasi cartella. Ecco i passaggi per questo:<\/p><ul><li> Innanzitutto, apri il foglio di calcolo Excel e puoi vedere che il nome predefinito \u00e8 Book1. Ora inserisci i dati che desideri salvare. <\/li><\/ul><div class=\"wp-block-image\"><figure class=\"aligncenter size-full is-resized\"><img loading=\"lazy\" decoding=\"async\" class=\"wp-image-80044\" src=\"https:\/\/exceladvisor.org\/wp-content\/uploads\/2023\/08\/1-nouveau-classeur-excel.png\" sizes=\"auto, \" srcset=\"\" alt=\"nuova cartella di lavoro-Excel\" width=\"412\" height=\"414\"><\/figure><\/div><ul><li> Fai clic sulla scheda File per ottenere una visualizzazione dietro le quinte dell&#8217;elenco di opzioni. <\/li><\/ul><div class=\"wp-block-image\"><figure class=\"aligncenter size-full is-resized\"><img loading=\"lazy\" decoding=\"async\" class=\"wp-image-80046\" src=\"https:\/\/exceladvisor.org\/wp-content\/uploads\/2023\/08\/2-cliquez-sur-longlet-fichier-1.png\" sizes=\"auto, \" srcset=\"\" alt=\"fare clic sulla scheda file\" width=\"411\" height=\"440\"><\/figure><\/div><ul><li> Ora, fai clic sull&#8217;opzione Salva con nome e si aprir\u00e0 la finestra di dialogo Salva con nome. <\/li><\/ul><div class=\"wp-block-image\"><figure class=\"aligncenter size-full is-resized\"><img loading=\"lazy\" decoding=\"async\" class=\"wp-image-80047\" src=\"https:\/\/exceladvisor.org\/wp-content\/uploads\/2023\/08\/3-selectionnez-loption-Enregistrer-sous.png\" sizes=\"auto, \" srcset=\"\" alt=\"seleziona l'opzione salva con nome\" width=\"422\" height=\"190\"><\/figure><\/div><ul><li> Successivamente, devi accedere alla posizione in cui desideri salvare il foglio di calcolo.<\/li><\/ul><p> Supponiamo che tu voglia salvare il tuo file nella cartella File Excel che si trova sul desktop.<\/p><ul><li> Dopo aver selezionato la posizione, inserisci il nome del file nella casella e fai clic sul pulsante Salva in basso. <\/li><\/ul><div class=\"wp-block-image\"><figure class=\"aligncenter size-full is-resized\"><img loading=\"lazy\" decoding=\"async\" class=\"wp-image-80048\" src=\"https:\/\/exceladvisor.org\/wp-content\/uploads\/2023\/08\/4-entrez-lemplacement-du-nom-de-fichier-et-cliquez-sur-enregistrer.png\" sizes=\"auto, \" srcset=\"\" alt=\"inserisci-nome-file-percorso-e-clicca-salva\" width=\"601\" height=\"476\"><\/figure><\/div><ul><li> Infine, puoi anche vedere che il nome del file \u00e8 cambiato sul foglio. <\/li><\/ul><div class=\"wp-block-image\"><figure class=\"aligncenter size-full is-resized\"><img loading=\"lazy\" decoding=\"async\" class=\"wp-image-80049\" src=\"https:\/\/exceladvisor.org\/wp-content\/uploads\/2023\/08\/5-nom-de-feuille-mis-a-jour.png\" sizes=\"auto, \" srcset=\"\" alt=\"nome-foglio-aggiornato\" width=\"564\" height=\"223\"><\/figure><\/div><h2 id=\"h-keyboard-shortcut-to-save-excel-file\" class=\"wp-block-heading\"> Scorciatoia da tastiera per salvare il file Excel<\/h2><p> Puoi anche salvare il file utilizzando la scorciatoia da tastiera in formato XLSX.<\/p><ul><li> Ancora una volta, devi preparare il foglio che desideri salvare per il futuro. <\/li><\/ul><div class=\"wp-block-image\"><figure class=\"aligncenter size-full is-resized\"><img loading=\"lazy\" decoding=\"async\" class=\"wp-image-80050\" src=\"https:\/\/exceladvisor.org\/wp-content\/uploads\/2023\/08\/6-cliquez-sur-le-bouton-enregistrer-sous.png\" sizes=\"auto, \" srcset=\"\" alt=\"fare clic sul pulsante Salva con nome\" width=\"375\" height=\"359\"><\/figure><\/div><ul><li> Premi i tasti Ctrl + S o fai clic sull&#8217;icona di salvataggio in alto e ti verr\u00e0 mostrata la finestra di dialogo Salva file come di seguito.<\/li><li> Ora, dai un nome alla cartella di lavoro e seleziona &#8220;Cartella di lavoro Excel&#8221; nella casella del tipo di backup. <\/li><\/ul><div class=\"wp-block-image\"><figure class=\"aligncenter size-full is-resized\"><img loading=\"lazy\" decoding=\"async\" class=\"wp-image-80051\" src=\"https:\/\/exceladvisor.org\/wp-content\/uploads\/2023\/08\/7-entrez-le-nom-du-fichier-et-choisissez-le-format.png\" sizes=\"auto, \" srcset=\"\" alt=\"inserisci il nome del file e scegli il formato\" width=\"620\" height=\"483\"><\/figure><\/div><ul><li> Scegli la posizione in cui desideri salvare il file e fai clic sul pulsante Salva. <\/li><\/ul><div class=\"wp-block-image\"><figure class=\"aligncenter size-full is-resized\"><img loading=\"lazy\" decoding=\"async\" class=\"wp-image-80052\" src=\"https:\/\/exceladvisor.org\/wp-content\/uploads\/2023\/08\/8-finaliser-lemplacement-et-enregistrer-le-fichier.png\" sizes=\"auto, \" srcset=\"\" alt=\"finalizza-posizione-e-salva-file\" width=\"444\" height=\"369\"><\/figure><\/div><h2 id=\"h-save-excel-file-in-other-formats\" class=\"wp-block-heading\"> Salva il file Excel in altri formati<\/h2><p> Generalmente, Excel salva i suoi file nelle cartelle di lavoro di Excel, ma con questo puoi salvare i file anche in altri formati. Ad esempio, puoi salvare il file esistente in formato PDF. Ecco i passaggi da seguire:<\/p><p class=\"qt-tip\"> Nota: \u00e8 possibile salvare il nuovo file Excel nonch\u00e9 eventuali file Excel esistenti in altri formati.<\/p><ul><li> Devi aprire un file esistente che desideri salvare come PDF. <\/li><\/ul><div class=\"wp-block-image\"><figure class=\"aligncenter size-full is-resized\"><img loading=\"lazy\" decoding=\"async\" class=\"wp-image-80053\" src=\"https:\/\/exceladvisor.org\/wp-content\/uploads\/2023\/08\/9-fichier-existant-enregistrer-au-format-pdf.png\" sizes=\"auto, \" srcset=\"\" alt=\"file-esistente-salva-come-PDF\" width=\"435\" height=\"457\"><\/figure><\/div><ul><li> Ora, fai clic sulla scheda File e seleziona l&#8217;opzione Salva con nome.<\/li><li> Fare clic su Sfoglia e si aprir\u00e0 la stessa finestra di dialogo Salva come. <\/li><\/ul><div class=\"wp-block-image\"><figure class=\"aligncenter size-full is-resized\"><img loading=\"lazy\" decoding=\"async\" class=\"wp-image-80054\" src=\"https:\/\/exceladvisor.org\/wp-content\/uploads\/2023\/08\/10-cliquez-sur-enregistrer-sous-parcourir-lemplacement.png\" sizes=\"auto, \" srcset=\"\" alt=\"fare clic su salva-posizione secondaria di navigazione\" width=\"501\" height=\"389\"><\/figure><\/div><ul><li> Ora seleziona la posizione in cui desideri salvare il tuo file Excel.<\/li><li> Quindi puoi modificare il nome del file, se lo desideri, e dall&#8217;elenco a discesa del tipo di file, seleziona PDF e quindi salvalo. <\/li><\/ul><div class=\"wp-block-image\"><figure class=\"aligncenter size-full is-resized\"><img loading=\"lazy\" decoding=\"async\" class=\"wp-image-80055\" src=\"https:\/\/exceladvisor.org\/wp-content\/uploads\/2023\/08\/11-selectionnez-le-type-de-fichier-et-enregistrez-avec-le-meme-nom.png\" sizes=\"auto, \" srcset=\"\" alt=\"seleziona il tipo di file e salva con lo stesso nome\" width=\"618\" height=\"579\"><\/figure><\/div><div class=\"gb-container gb-container-4db6181c gb-container-mt\"> <a class=\"gb-button gb-button-c5897111 gb-button-text gb-button-mt-button\" href=\"https:\/\/exceladvisor.org\/it\/nozioni-di-base-su-excel\/\">Nozioni di base su Microsoft Excel (componenti, parti e note informative)<\/a><h2 class=\"gb-headline gb-headline-665e5f6b gb-headline-text gb-headline-mt-heading\"> Tutorial correlati <\/h2><div class=\"gb-grid-wrapper gb-grid-wrapper-a20baf7c gb-grid-wrapper-mt-grid\"><div class=\"gb-grid-column gb-grid-column-65ddf67e\"><div class=\"gb-container gb-container-65ddf67e\"><ul><li> <a href=\"https:\/\/exceladvisor.org\/it\/giustificare-completamente\/\">Compila Giustifica in Excel<\/a><\/li><li> <a href=\"https:\/\/exceladvisor.org\/it\/barra-delle-formule-excel\/\">Barra della formula in Excel<\/a><\/li><li> <a href=\"https:\/\/exceladvisor.org\/it\/aggiungi-unintestazione-a-pie-di-pagina\/\">Aggiungi un&#8217;intestazione e un pi\u00e8 di pagina in Excel<\/a><\/li><li> <a href=\"https:\/\/exceladvisor.org\/it\/governate\/\">Mostra righello in Excel<\/a><\/li><li> <a href=\"https:\/\/exceladvisor.org\/it\/maniglia-di-riempimento\/\">Maniglia di riempimento in Excel<\/a> <\/li><\/ul><\/div><\/div><div class=\"gb-grid-column gb-grid-column-50067b57\"><div class=\"gb-container gb-container-50067b57\"><\/div><\/div><\/div><\/div>","protected":false},"excerpt":{"rendered":"","protected":false},"author":1,"featured_media":0,"parent":0,"menu_order":0,"comment_status":"open","ping_status":"closed","template":"","meta":{"ub_ctt_via":"","footnotes":""},"class_list":["post-1889","page","type-page","status-publish","hentry"],"featured_image_src":null,"yoast_head":"<!-- This site is optimized with the Yoast SEO plugin v25.4 - https:\/\/yoast.com\/wordpress\/plugins\/seo\/ -->\n<title>\u25b7 Come salvare un file in Excel? (Tutorial 2023)<\/title>\n<meta name=\"description\" content=\"Questo \u00e8 un tutorial di base su Microsoft Excel per salvare un file Excel (cartella di lavoro). In questo tutorial imparerai come farlo\" \/>\n<meta name=\"robots\" content=\"index, follow, max-snippet:-1, max-image-preview:large, max-video-preview:-1\" \/>\n<link rel=\"canonical\" href=\"https:\/\/exceladvisor.org\/it\/salvare-il-file\/\" \/>\n<meta property=\"og:locale\" content=\"it_IT\" \/>\n<meta property=\"og:type\" content=\"article\" \/>\n<meta property=\"og:title\" content=\"\u25b7 Come salvare un file in Excel? (Tutorial 2023)\" \/>\n<meta property=\"og:description\" content=\"Questo \u00e8 un tutorial di base su Microsoft Excel per salvare un file Excel (cartella di lavoro). In questo tutorial imparerai come farlo\" \/>\n<meta property=\"og:url\" content=\"https:\/\/exceladvisor.org\/it\/salvare-il-file\/\" \/>\n<meta property=\"og:site_name\" content=\"Excel Advisor\" \/>\n<meta property=\"article:modified_time\" content=\"2023-12-10T06:25:32+00:00\" \/>\n<meta property=\"og:image\" content=\"https:\/\/exceladvisor.org\/wp-content\/uploads\/2023\/08\/1-nouveau-classeur-excel.png\" \/>\n<meta name=\"twitter:card\" content=\"summary_large_image\" \/>\n<meta name=\"twitter:label1\" content=\"Tempo di lettura stimato\" \/>\n\t<meta name=\"twitter:data1\" content=\"2 minuti\" \/>\n<script type=\"application\/ld+json\" class=\"yoast-schema-graph\">{\"@context\":\"https:\/\/schema.org\",\"@graph\":[{\"@type\":\"WebPage\",\"@id\":\"https:\/\/exceladvisor.org\/it\/salvare-il-file\/\",\"url\":\"https:\/\/exceladvisor.org\/it\/salvare-il-file\/\",\"name\":\"\u25b7 Come salvare un file in Excel? (Tutorial 2023)\",\"isPartOf\":{\"@id\":\"https:\/\/exceladvisor.org\/it\/#website\"},\"primaryImageOfPage\":{\"@id\":\"https:\/\/exceladvisor.org\/it\/salvare-il-file\/#primaryimage\"},\"image\":{\"@id\":\"https:\/\/exceladvisor.org\/it\/salvare-il-file\/#primaryimage\"},\"thumbnailUrl\":\"https:\/\/exceladvisor.org\/wp-content\/uploads\/2023\/08\/1-nouveau-classeur-excel.png\",\"datePublished\":\"2023-10-29T23:32:03+00:00\",\"dateModified\":\"2023-12-10T06:25:32+00:00\",\"description\":\"Questo \u00e8 un tutorial di base su Microsoft Excel per salvare un file Excel (cartella di lavoro). In questo tutorial imparerai come farlo\",\"breadcrumb\":{\"@id\":\"https:\/\/exceladvisor.org\/it\/salvare-il-file\/#breadcrumb\"},\"inLanguage\":\"it-IT\",\"potentialAction\":[{\"@type\":\"ReadAction\",\"target\":[\"https:\/\/exceladvisor.org\/it\/salvare-il-file\/\"]}]},{\"@type\":\"ImageObject\",\"inLanguage\":\"it-IT\",\"@id\":\"https:\/\/exceladvisor.org\/it\/salvare-il-file\/#primaryimage\",\"url\":\"https:\/\/exceladvisor.org\/wp-content\/uploads\/2023\/08\/1-nouveau-classeur-excel.png\",\"contentUrl\":\"https:\/\/exceladvisor.org\/wp-content\/uploads\/2023\/08\/1-nouveau-classeur-excel.png\"},{\"@type\":\"BreadcrumbList\",\"@id\":\"https:\/\/exceladvisor.org\/it\/salvare-il-file\/#breadcrumb\",\"itemListElement\":[{\"@type\":\"ListItem\",\"position\":1,\"name\":\"Home\",\"item\":\"https:\/\/exceladvisor.org\/it\/\"},{\"@type\":\"ListItem\",\"position\":2,\"name\":\"Come salvare un file in excel?\"}]},{\"@type\":\"WebSite\",\"@id\":\"https:\/\/exceladvisor.org\/it\/#website\",\"url\":\"https:\/\/exceladvisor.org\/it\/\",\"name\":\"Excel Advisor\",\"description\":\"Tips, Tricks, and Time-Saving Hacks\",\"publisher\":{\"@id\":\"https:\/\/exceladvisor.org\/it\/#organization\"},\"potentialAction\":[{\"@type\":\"SearchAction\",\"target\":{\"@type\":\"EntryPoint\",\"urlTemplate\":\"https:\/\/exceladvisor.org\/it\/?s={search_term_string}\"},\"query-input\":{\"@type\":\"PropertyValueSpecification\",\"valueRequired\":true,\"valueName\":\"search_term_string\"}}],\"inLanguage\":\"it-IT\"},{\"@type\":\"Organization\",\"@id\":\"https:\/\/exceladvisor.org\/it\/#organization\",\"name\":\"Excel Advisor\",\"url\":\"https:\/\/exceladvisor.org\/it\/\",\"logo\":{\"@type\":\"ImageObject\",\"inLanguage\":\"it-IT\",\"@id\":\"https:\/\/exceladvisor.org\/it\/#\/schema\/logo\/image\/\",\"url\":\"https:\/\/exceladvisor.org\/it\/wp-content\/uploads\/2023\/12\/exceladvisor.org_.png\",\"contentUrl\":\"https:\/\/exceladvisor.org\/it\/wp-content\/uploads\/2023\/12\/exceladvisor.org_.png\",\"width\":105,\"height\":36,\"caption\":\"Excel Advisor\"},\"image\":{\"@id\":\"https:\/\/exceladvisor.org\/it\/#\/schema\/logo\/image\/\"}}]}<\/script>\n<!-- \/ Yoast SEO plugin. -->","yoast_head_json":{"title":"\u25b7 Come salvare un file in Excel? (Tutorial 2023)","description":"Questo \u00e8 un tutorial di base su Microsoft Excel per salvare un file Excel (cartella di lavoro). In questo tutorial imparerai come farlo","robots":{"index":"index","follow":"follow","max-snippet":"max-snippet:-1","max-image-preview":"max-image-preview:large","max-video-preview":"max-video-preview:-1"},"canonical":"https:\/\/exceladvisor.org\/it\/salvare-il-file\/","og_locale":"it_IT","og_type":"article","og_title":"\u25b7 Come salvare un file in Excel? (Tutorial 2023)","og_description":"Questo \u00e8 un tutorial di base su Microsoft Excel per salvare un file Excel (cartella di lavoro). In questo tutorial imparerai come farlo","og_url":"https:\/\/exceladvisor.org\/it\/salvare-il-file\/","og_site_name":"Excel Advisor","article_modified_time":"2023-12-10T06:25:32+00:00","og_image":[{"url":"https:\/\/exceladvisor.org\/wp-content\/uploads\/2023\/08\/1-nouveau-classeur-excel.png","type":"","width":"","height":""}],"twitter_card":"summary_large_image","twitter_misc":{"Tempo di lettura stimato":"2 minuti"},"schema":{"@context":"https:\/\/schema.org","@graph":[{"@type":"WebPage","@id":"https:\/\/exceladvisor.org\/it\/salvare-il-file\/","url":"https:\/\/exceladvisor.org\/it\/salvare-il-file\/","name":"\u25b7 Come salvare un file in Excel? (Tutorial 2023)","isPartOf":{"@id":"https:\/\/exceladvisor.org\/it\/#website"},"primaryImageOfPage":{"@id":"https:\/\/exceladvisor.org\/it\/salvare-il-file\/#primaryimage"},"image":{"@id":"https:\/\/exceladvisor.org\/it\/salvare-il-file\/#primaryimage"},"thumbnailUrl":"https:\/\/exceladvisor.org\/wp-content\/uploads\/2023\/08\/1-nouveau-classeur-excel.png","datePublished":"2023-10-29T23:32:03+00:00","dateModified":"2023-12-10T06:25:32+00:00","description":"Questo \u00e8 un tutorial di base su Microsoft Excel per salvare un file Excel (cartella di lavoro). In questo tutorial imparerai come farlo","breadcrumb":{"@id":"https:\/\/exceladvisor.org\/it\/salvare-il-file\/#breadcrumb"},"inLanguage":"it-IT","potentialAction":[{"@type":"ReadAction","target":["https:\/\/exceladvisor.org\/it\/salvare-il-file\/"]}]},{"@type":"ImageObject","inLanguage":"it-IT","@id":"https:\/\/exceladvisor.org\/it\/salvare-il-file\/#primaryimage","url":"https:\/\/exceladvisor.org\/wp-content\/uploads\/2023\/08\/1-nouveau-classeur-excel.png","contentUrl":"https:\/\/exceladvisor.org\/wp-content\/uploads\/2023\/08\/1-nouveau-classeur-excel.png"},{"@type":"BreadcrumbList","@id":"https:\/\/exceladvisor.org\/it\/salvare-il-file\/#breadcrumb","itemListElement":[{"@type":"ListItem","position":1,"name":"Home","item":"https:\/\/exceladvisor.org\/it\/"},{"@type":"ListItem","position":2,"name":"Come salvare un file in excel?"}]},{"@type":"WebSite","@id":"https:\/\/exceladvisor.org\/it\/#website","url":"https:\/\/exceladvisor.org\/it\/","name":"Excel Advisor","description":"Tips, Tricks, and Time-Saving Hacks","publisher":{"@id":"https:\/\/exceladvisor.org\/it\/#organization"},"potentialAction":[{"@type":"SearchAction","target":{"@type":"EntryPoint","urlTemplate":"https:\/\/exceladvisor.org\/it\/?s={search_term_string}"},"query-input":{"@type":"PropertyValueSpecification","valueRequired":true,"valueName":"search_term_string"}}],"inLanguage":"it-IT"},{"@type":"Organization","@id":"https:\/\/exceladvisor.org\/it\/#organization","name":"Excel Advisor","url":"https:\/\/exceladvisor.org\/it\/","logo":{"@type":"ImageObject","inLanguage":"it-IT","@id":"https:\/\/exceladvisor.org\/it\/#\/schema\/logo\/image\/","url":"https:\/\/exceladvisor.org\/it\/wp-content\/uploads\/2023\/12\/exceladvisor.org_.png","contentUrl":"https:\/\/exceladvisor.org\/it\/wp-content\/uploads\/2023\/12\/exceladvisor.org_.png","width":105,"height":36,"caption":"Excel Advisor"},"image":{"@id":"https:\/\/exceladvisor.org\/it\/#\/schema\/logo\/image\/"}}]}},"yoast_meta":{"yoast_wpseo_title":"","yoast_wpseo_metadesc":"","yoast_wpseo_canonical":""},"_links":{"self":[{"href":"https:\/\/exceladvisor.org\/it\/wp-json\/wp\/v2\/pages\/1889","targetHints":{"allow":["GET"]}}],"collection":[{"href":"https:\/\/exceladvisor.org\/it\/wp-json\/wp\/v2\/pages"}],"about":[{"href":"https:\/\/exceladvisor.org\/it\/wp-json\/wp\/v2\/types\/page"}],"author":[{"embeddable":true,"href":"https:\/\/exceladvisor.org\/it\/wp-json\/wp\/v2\/users\/1"}],"replies":[{"embeddable":true,"href":"https:\/\/exceladvisor.org\/it\/wp-json\/wp\/v2\/comments?post=1889"}],"version-history":[{"count":1,"href":"https:\/\/exceladvisor.org\/it\/wp-json\/wp\/v2\/pages\/1889\/revisions"}],"predecessor-version":[{"id":2686,"href":"https:\/\/exceladvisor.org\/it\/wp-json\/wp\/v2\/pages\/1889\/revisions\/2686"}],"wp:attachment":[{"href":"https:\/\/exceladvisor.org\/it\/wp-json\/wp\/v2\/media?parent=1889"}],"curies":[{"name":"wp","href":"https:\/\/api.w.org\/{rel}","templated":true}]}}