{"id":1892,"date":"2023-10-29T17:51:23","date_gmt":"2023-10-29T17:51:23","guid":{"rendered":"https:\/\/exceladvisor.org\/it\/aggiungi-un-nuovo-foglio-1\/"},"modified":"2023-12-10T06:23:21","modified_gmt":"2023-12-10T06:23:21","slug":"aggiungi-un-nuovo-foglio-1","status":"publish","type":"page","link":"https:\/\/exceladvisor.org\/it\/aggiungi-un-nuovo-foglio-1\/","title":{"rendered":"Come creare un nuovo foglio utilizzando il codice vba?"},"content":{"rendered":"<div class=\"excel-prima-del-contenuto\" id=\"excel-365140771\"><script type=\"text\/javascript\">\r\n\tatOptions = {\r\n\t\t'key' : 'c1158f160081d6540a8409e6925dab94',\r\n\t\t'format' : 'iframe',\r\n\t\t'height' : 250,\r\n\t\t'width' : 300,\r\n\t\t'params' : {}\r\n\t};\r\n<\/script>\r\n<script type=\"text\/javascript\" src=\"\/\/www.highperformanceformat.com\/c1158f160081d6540a8409e6925dab94\/invoke.js\"><\/script><\/div> <p>Una volta che inizi a imparare VBA, una delle cose pi\u00f9 interessanti che puoi fare \u00e8 scrivere il codice VBA per inserire un nuovo foglio di lavoro in una cartella di lavoro.<\/p><p> Beh, c&#8217;\u00e8 gi\u00e0 un tasto di scelta rapida per inserire un nuovo foglio di lavoro oppure puoi anche usare l&#8217;opzione normale, ma il vantaggio di usare il codice VBA \u00e8 che puoi aggiungere pi\u00f9 fogli di lavoro con un solo clic e puoi anche definire dove vuoi aggiungere Esso.<\/p><p> Per questo, \u00e8 necessario utilizzare il metodo Sheets.Add e in questo articolo impareremo come utilizzarlo per aggiungere uno o pi\u00f9 fogli di lavoro in una cartella di lavoro.<\/p><h2 class=\"wp-block-heading\"> Metodo Sheets.Add<\/h2><pre class=\"wp-block-code\"> <code class=\"language-visual-basic\" lang=\"visual-basic\">Sheets.Add ([Before], [After], [Count], [Type])<\/code><\/pre><ul><li> Prima: per aggiungere un nuovo foglio prima di un foglio.<\/li><li> Dopo: per aggiungere il nuovo foglio prima di un foglio.<\/li><li> Conteggio: numero di fogli da aggiungere.<\/li><li> Tipo: Tipo di foglio che desideri aggiungere ( <a href=\"https:\/\/docs.microsoft.com\/en-us\/office\/vba\/api\/excel.xlsheettype\" target=\"_blank\" rel=\"noreferrer noopener\" aria-label=\"LINK (opens in a new tab)\">LINK<\/a> )<\/li><\/ul><h2 class=\"wp-block-heading\"> Scrivi il codice VBA per aggiungere un nuovo foglio a una cartella di lavoro<\/h2><p> Apri l&#8217;editor di Visual Basic e segui questi passaggi.<\/p><ul><li> Innanzitutto, devi inserire il metodo Sheets.Add.<\/li><li> Successivamente \u00e8 necessario definire dove aggiungere il nuovo foglio (Prima o Dopo).<\/li><li> La prossima cosa \u00e8 inserire il numero di fogli di lavoro.<\/li><li> In definitiva, il tipo di foglio. <\/li><\/ul><div class=\"wp-block-image\"><figure class=\"aligncenter size-large is-resized\"><img loading=\"lazy\" decoding=\"async\" class=\"wp-image-47897\" src=\"https:\/\/exceladvisor.org\/wp-content\/uploads\/2023\/08\/ajouter-des-feuilles-ajouter-une-methode-vba.png\" sizes=\"auto, \" srcset=\"\" alt=\"metodo add-sheets-add-vba\" width=\"597\" height=\"161\"><\/figure><\/div><h2 class=\"wp-block-heading\"> Diversi modi per aggiungere nuovi fogli in una cartella di lavoro utilizzando il codice VBA<\/h2><p> Di seguito sono riportati diversi modi per aggiungere un nuovo foglio a una cartella di lavoro:<\/p><h3 class=\"wp-block-heading\"> 1. Aggiungi un singolo foglio<\/h3><p> Per aggiungere un singolo foglio, puoi utilizzare il codice seguente, dove non hai specificato alcun argomento.<\/p><pre class=\"wp-block-code\"> <code class=\"language-visual-basic\" lang=\"visual-basic\">Sub SheetAddExample1() ActiveWorkbook.Sheets.Add End Sub<\/code><\/pre><p> Questo codice indica a Excel di aggiungere un foglio nella cartella di lavoro attiva, ma poich\u00e9 non hai argomenti, utilizzer\u00e0 le impostazioni predefinite e aggiunger\u00e0 un foglio di lavoro (xlWorksheet) prima del foglio attivo.<\/p><p> Ecco un altro modo per scriverlo, vedere il codice seguente.<\/p><pre class=\"wp-block-code\"> <code class=\"language-visual-basic\" lang=\"visual-basic\">Sub SheetAddExample2() Sheets.Add End Sub<\/code><\/pre><p> Poich\u00e9 sei gi\u00e0 nella cartella di lavoro attiva, puoi anche utilizzare il codice seguente. Fa la stessa cosa.<\/p><h3 class=\"wp-block-heading\"> 2. Aggiungi pi\u00f9 fogli<\/h3><p> Per aggiungere pi\u00f9 fogli contemporaneamente, imposta semplicemente l&#8217;argomento COUNT con il numero di fogli che desideri aggiungere.<\/p><pre class=\"wp-block-code\"> <code class=\"language-visual-basic\" lang=\"visual-basic\">Sub AddSheets3() Sheets.Add Count:=5 End Sub<\/code><\/pre><p> Ora il numero di fogli che imposti \u00e8 5, quindi quando esegui questo codice, aggiunge immediatamente i cinque nuovi fogli alla cartella di lavoro.<\/p><h3 class=\"wp-block-heading\"> 3. Aggiungi un foglio con un nome<\/h3><p> Se desideri rinominare il foglio dopo averlo aggiunto, puoi utilizzare il seguente codice:<\/p><pre class=\"wp-block-code\"> <code class=\"language-visual-basic\" lang=\"visual-basic\">Sub AddNewSheetswithNameExample1() Sheets.Add.Name = \"myNewSHeet\" End Sub<\/code><\/pre><p> Nel codice precedente, abbiamo utilizzato l&#8217;oggetto name ( <a href=\"https:\/\/docs.microsoft.com\/en-us\/office\/vba\/api\/excel.names\">LINK<\/a> ) che ti aiuta a specificare il nome di un foglio.<\/p><h3 class=\"wp-block-heading\"> 4. Aggiungi un foglio con un nome da una cella<\/h3><p> Puoi anche prendere il valore da utilizzare come nome del foglio da una cella.<\/p><pre class=\"wp-block-code\"> <code class=\"language-visual-basic\" lang=\"visual-basic\">Sub AddNewSheetswithNameExample2() Sheets.Add.Name = Range(\"A1\") End Sub<\/code><\/pre><p> Nel codice sopra, la cella A1 viene utilizzata per ottenere il nome del nuovo foglio.<\/p><h3 class=\"wp-block-heading\"> 5. Aggiungi un foglio dopo\/prima di un foglio specifico<\/h3><p> Poich\u00e9 questi argomenti sono gi\u00e0 presenti in Sheets.Add dove puoi specificare il foglio per aggiungere un nuovo foglio prima o dopo.<\/p><pre class=\"wp-block-code\"> <code class=\"language-visual-basic\" lang=\"visual-basic\">Sub AddSheetsExample5() Sheets.Add Before:=Worksheets(\"mySheet\") Sheets.Add After:=Worksheets(\"mySheet\") End Sub<\/code><\/pre><p> Ora nel codice sopra hai due righe di codice che hai utilizzato prima e dopo un argomento nel metodo Sheet.Add. Pertanto, quando esegui questo codice, vengono aggiunti due fogli, uno prima e uno dopo &#8220;mySheet&#8221;.<\/p><h3 class=\"wp-block-heading\"> 6. Aggiungi un nuovo foglio all&#8217;inizio<\/h3><p> Usando l&#8217;argomento prima di usare, puoi anche aggiungere un foglio all&#8217;inizio dei fogli che hai nella cartella di lavoro.<\/p><p> Quindi, in pratica, ci\u00f2 che faremo \u00e8 specificare il numero del foglio anzich\u00e9 il nome del foglio.<\/p><pre class=\"wp-block-code\"> <code class=\"language-visual-basic\" lang=\"visual-basic\">Sub AddSheetsExample6() Sheets.Add Before:=Sheets(1) End Sub<\/code><\/pre><p> Nel codice precedente, hai utilizzato il numero del foglio (1) che indica a VBA di aggiungere il foglio prima del foglio che si trova nella prima posizione in tutti i fogli di lavoro. In questo modo aggiunger\u00e0 sempre il nuovo foglio all&#8217;inizio.<\/p><h3 class=\"wp-block-heading\"> 7. Aggiungi un nuovo foglio alla fine (dopo l&#8217;ultimo foglio)<\/h3><p> Per aggiungere un nuovo foglio alla fine, \u00e8 necessario scrivere il codice in modo diverso. Quindi per questo devi sapere quanti fogli ci sono nella cartella di lavoro in modo da poter aggiungere un nuovo foglio alla fine.<\/p><pre class=\"wp-block-code\"> <code class=\"language-visual-basic line-numbers\" lang=\"visual-basic\">Sub AddSheetsExample8() Sheets.Add After:=Sheets(Sheets.Count) End Sub<\/code><\/pre><p> Nel codice precedente, Sheet.Count restituisce il numero di fogli presenti nella cartella di lavoro e, poich\u00e9 hai impostato l&#8217;argomento after, aggiunge il nuovo foglio dopo l&#8217;ultimo foglio nella cartella di lavoro.<\/p><h3 class=\"wp-block-heading\"> 8. Aggiungi pi\u00f9 fogli e utilizza nomi di intervallo<\/h3><p> Il codice seguente conta le righe nell&#8217;intervallo A1:A7. Successivamente si ripete per aggiungere fogli in base al conteggio dell&#8217;intervallo e utilizza i valori dell&#8217;intervallo per denominare il foglio quando lo aggiunge.<\/p><pre class=\"wp-block-code\"> <code class=\"language-visual-basic\" lang=\"visual-basic\">Sub AddSheetsExample9() Dim sheets_count As Integer Dim sheet_name As String Dim i As Integer sheet_count = Range(\"A1:A7\").Rows.Count For i = 1 To sheet_count sheet_name = Sheets(\"mySheet\").Range(\"A1:A7\").Cells(i, 1).Value Worksheets.Add().Name = sheet_name Next i End Sub<\/code><\/pre><p> Ma con il codice sopra, \u00e8 possibile che il nome del foglio che desideri aggiungere esista gi\u00e0 o che tu abbia una cella vuota nell&#8217;intervallo dei nomi.<\/p><p> In questo caso \u00e8 necessario scrivere un codice in grado di verificare se esiste gi\u00e0 il foglio con lo stesso nome e se la cella da cui si vuole prendere il nome del foglio \u00e8 vuota oppure no.<\/p><p> Se solo entrambe le condizioni sono soddisfatte, \u00e8 necessario aggiungere un nuovo foglio. Vorrei dirlo in due passaggi:<\/p><p> <strong>Prima di tutto<\/strong> \u00e8 necessario scrivere una <a href=\"https:\/\/exceladvisor.org\/it\/funzione-definita-dallutente-2\/\">funzione Excel definita dall&#8217;utente<\/a> per verificare se esiste gi\u00e0 un foglio con lo stesso nome oppure no.<\/p><pre class=\"wp-block-code\"> <code class=\"language-visual-basic\" lang=\"visual-basic\">Function SheetCheck(sheet_name As String) As Boolean Dim ws As Worksheet SheetCheck = False For Each ws In ThisWorkbook.Worksheets If ws.Name = sheet_name Then SheetCheck = True End If Next End Function<\/code><\/pre><p> In secondo luogo \u00e8 necessario scrivere del codice utilizzando questa funzione e questo codice deve anche verificare se la cella del nome \u00e8 vuota o meno.<\/p><pre class=\"wp-block-code\"> <code class=\"language-visual-basic\" lang=\"visual-basic\">Sub AddMultipleSheet2() Dim sheets_count As Integer Dim sheet_name As String Dim i As Integer sheet_count = Range(\"A1:A7\").Rows.Count For i = 1 To sheet_count sheet_name = Sheets(\"mySheet\").Range(\"A1:A10\").Cells(i, 1).Value If SheetCheck(sheet_name) = False And sheet_name &lt;&gt; \"\" Then Worksheets.Add().Name = sheet_name End If Next i End Sub<\/code><\/pre><p> Ora nel codice sopra hai utilizzato <a href=\"https:\/\/exceladvisor.org\/it\/se-2\/\" target=\"_blank\" rel=\"noreferrer noopener\" aria-label=\"VBA IF Statement (opens in a new tab)\">l&#8217;istruzione VBA IF<\/a> e in questa istruzione hai la funzione di controllo del foglio che controlla il nome del foglio e quindi hai una condizione per verificare se la cella del nome ha un valore vuoto.<\/p><p> <strong><a href=\"https:\/\/exceladvisor.org\/wp-content\/uploads\/2023\/11\/add-sheet-using-vba.zip\" target=\"_blank\" rel=\"noreferrer noopener nofollow\" aria-label=\"Sample File (opens in a new tab)\">File di esempio<\/a><\/strong><\/p><div class=\"gb-container gb-container-4db6181c gb-container-mt\"> <a class=\"gb-button gb-button-c5897111 gb-button-text gb-button-mt-button\" href=\"https:\/\/exceladvisor.org\/it\/vba\/\">Cos&#8217;\u00e8 VBA<\/a><h2 class=\"gb-headline gb-headline-665e5f6b gb-headline-text gb-headline-mt-heading\"> Tutorial correlati <\/h2><div class=\"gb-grid-wrapper gb-grid-wrapper-a20baf7c gb-grid-wrapper-mt-grid\"><div class=\"gb-grid-column gb-grid-column-65ddf67e\"><div class=\"gb-container gb-container-65ddf67e\"><ul><li> <a href=\"https:\/\/exceladvisor.org\/it\/foglio-trasparente\/\">CANCELLARE un intero foglio utilizzando VBA in Excel<\/a><\/li><li> <a href=\"https:\/\/exceladvisor.org\/it\/foglio-di-copia\/\">Copia e sposta un foglio in Excel utilizzando VBA<\/a><\/li><li> <a href=\"https:\/\/exceladvisor.org\/it\/contare-le-foglie\/\">COUNT Fogli utilizzando VBA in Excel<\/a> <\/li><\/ul><\/div><\/div><div class=\"gb-grid-column gb-grid-column-50067b57\"><div class=\"gb-container gb-container-50067b57\"><ul><li> <a href=\"https:\/\/exceladvisor.org\/it\/foglio-di-lavoro-1\/\">Oggetto foglio di lavoro VBA<\/a><\/li><li> <a href=\"https:\/\/exceladvisor.org\/it\/attivare-il-foglio\/\">Attiva un foglio utilizzando VBA<\/a><\/li><li> <a href=\"https:\/\/exceladvisor.org\/it\/esiste-il-foglio-di-controllo\/\">VBA Controlla se esiste un foglio<\/a><\/li><\/ul><\/div><\/div><\/div><\/div>","protected":false},"excerpt":{"rendered":"","protected":false},"author":1,"featured_media":0,"parent":0,"menu_order":0,"comment_status":"open","ping_status":"closed","template":"","meta":{"ub_ctt_via":"","footnotes":""},"class_list":["post-1892","page","type-page","status-publish","hentry"],"featured_image_src":null,"yoast_head":"<!-- This site is optimized with the Yoast SEO plugin v25.4 - https:\/\/yoast.com\/wordpress\/plugins\/seo\/ -->\n<title>Come creare un nuovo foglio utilizzando il codice VBA?<\/title>\n<meta name=\"description\" content=\"Esiste un metodo specifico chiamato SHEETS.ADD. Questo metodo \u00e8 fondamentalmente come una funzione che we\" \/>\n<meta name=\"robots\" content=\"index, follow, max-snippet:-1, max-image-preview:large, max-video-preview:-1\" \/>\n<link rel=\"canonical\" href=\"https:\/\/exceladvisor.org\/it\/aggiungi-un-nuovo-foglio-1\/\" \/>\n<meta property=\"og:locale\" content=\"it_IT\" \/>\n<meta property=\"og:type\" content=\"article\" \/>\n<meta property=\"og:title\" content=\"Come creare un nuovo foglio utilizzando il codice VBA?\" \/>\n<meta property=\"og:description\" content=\"Esiste un metodo specifico chiamato SHEETS.ADD. Questo metodo \u00e8 fondamentalmente come una funzione che we\" \/>\n<meta property=\"og:url\" content=\"https:\/\/exceladvisor.org\/it\/aggiungi-un-nuovo-foglio-1\/\" \/>\n<meta property=\"og:site_name\" content=\"Excel Advisor\" \/>\n<meta property=\"article:modified_time\" content=\"2023-12-10T06:23:21+00:00\" \/>\n<meta property=\"og:image\" content=\"https:\/\/exceladvisor.org\/wp-content\/uploads\/2023\/08\/ajouter-des-feuilles-ajouter-une-methode-vba.png\" \/>\n<meta name=\"twitter:card\" content=\"summary_large_image\" \/>\n<meta name=\"twitter:label1\" content=\"Tempo di lettura stimato\" \/>\n\t<meta name=\"twitter:data1\" content=\"6 minuti\" \/>\n<script type=\"application\/ld+json\" class=\"yoast-schema-graph\">{\"@context\":\"https:\/\/schema.org\",\"@graph\":[{\"@type\":\"WebPage\",\"@id\":\"https:\/\/exceladvisor.org\/it\/aggiungi-un-nuovo-foglio-1\/\",\"url\":\"https:\/\/exceladvisor.org\/it\/aggiungi-un-nuovo-foglio-1\/\",\"name\":\"Come creare un nuovo foglio utilizzando il codice VBA?\",\"isPartOf\":{\"@id\":\"https:\/\/exceladvisor.org\/it\/#website\"},\"primaryImageOfPage\":{\"@id\":\"https:\/\/exceladvisor.org\/it\/aggiungi-un-nuovo-foglio-1\/#primaryimage\"},\"image\":{\"@id\":\"https:\/\/exceladvisor.org\/it\/aggiungi-un-nuovo-foglio-1\/#primaryimage\"},\"thumbnailUrl\":\"https:\/\/exceladvisor.org\/wp-content\/uploads\/2023\/08\/ajouter-des-feuilles-ajouter-une-methode-vba.png\",\"datePublished\":\"2023-10-29T17:51:23+00:00\",\"dateModified\":\"2023-12-10T06:23:21+00:00\",\"description\":\"Esiste un metodo specifico chiamato SHEETS.ADD. Questo metodo \u00e8 fondamentalmente come una funzione che we\",\"breadcrumb\":{\"@id\":\"https:\/\/exceladvisor.org\/it\/aggiungi-un-nuovo-foglio-1\/#breadcrumb\"},\"inLanguage\":\"it-IT\",\"potentialAction\":[{\"@type\":\"ReadAction\",\"target\":[\"https:\/\/exceladvisor.org\/it\/aggiungi-un-nuovo-foglio-1\/\"]}]},{\"@type\":\"ImageObject\",\"inLanguage\":\"it-IT\",\"@id\":\"https:\/\/exceladvisor.org\/it\/aggiungi-un-nuovo-foglio-1\/#primaryimage\",\"url\":\"https:\/\/exceladvisor.org\/wp-content\/uploads\/2023\/08\/ajouter-des-feuilles-ajouter-une-methode-vba.png\",\"contentUrl\":\"https:\/\/exceladvisor.org\/wp-content\/uploads\/2023\/08\/ajouter-des-feuilles-ajouter-une-methode-vba.png\"},{\"@type\":\"BreadcrumbList\",\"@id\":\"https:\/\/exceladvisor.org\/it\/aggiungi-un-nuovo-foglio-1\/#breadcrumb\",\"itemListElement\":[{\"@type\":\"ListItem\",\"position\":1,\"name\":\"Home\",\"item\":\"https:\/\/exceladvisor.org\/it\/\"},{\"@type\":\"ListItem\",\"position\":2,\"name\":\"Come creare un nuovo foglio utilizzando il codice vba?\"}]},{\"@type\":\"WebSite\",\"@id\":\"https:\/\/exceladvisor.org\/it\/#website\",\"url\":\"https:\/\/exceladvisor.org\/it\/\",\"name\":\"Excel Advisor\",\"description\":\"Tips, Tricks, and Time-Saving Hacks\",\"publisher\":{\"@id\":\"https:\/\/exceladvisor.org\/it\/#organization\"},\"potentialAction\":[{\"@type\":\"SearchAction\",\"target\":{\"@type\":\"EntryPoint\",\"urlTemplate\":\"https:\/\/exceladvisor.org\/it\/?s={search_term_string}\"},\"query-input\":{\"@type\":\"PropertyValueSpecification\",\"valueRequired\":true,\"valueName\":\"search_term_string\"}}],\"inLanguage\":\"it-IT\"},{\"@type\":\"Organization\",\"@id\":\"https:\/\/exceladvisor.org\/it\/#organization\",\"name\":\"Excel Advisor\",\"url\":\"https:\/\/exceladvisor.org\/it\/\",\"logo\":{\"@type\":\"ImageObject\",\"inLanguage\":\"it-IT\",\"@id\":\"https:\/\/exceladvisor.org\/it\/#\/schema\/logo\/image\/\",\"url\":\"https:\/\/exceladvisor.org\/it\/wp-content\/uploads\/2023\/12\/exceladvisor.org_.png\",\"contentUrl\":\"https:\/\/exceladvisor.org\/it\/wp-content\/uploads\/2023\/12\/exceladvisor.org_.png\",\"width\":105,\"height\":36,\"caption\":\"Excel Advisor\"},\"image\":{\"@id\":\"https:\/\/exceladvisor.org\/it\/#\/schema\/logo\/image\/\"}}]}<\/script>\n<!-- \/ Yoast SEO plugin. -->","yoast_head_json":{"title":"Come creare un nuovo foglio utilizzando il codice VBA?","description":"Esiste un metodo specifico chiamato SHEETS.ADD. Questo metodo \u00e8 fondamentalmente come una funzione che we","robots":{"index":"index","follow":"follow","max-snippet":"max-snippet:-1","max-image-preview":"max-image-preview:large","max-video-preview":"max-video-preview:-1"},"canonical":"https:\/\/exceladvisor.org\/it\/aggiungi-un-nuovo-foglio-1\/","og_locale":"it_IT","og_type":"article","og_title":"Come creare un nuovo foglio utilizzando il codice VBA?","og_description":"Esiste un metodo specifico chiamato SHEETS.ADD. Questo metodo \u00e8 fondamentalmente come una funzione che we","og_url":"https:\/\/exceladvisor.org\/it\/aggiungi-un-nuovo-foglio-1\/","og_site_name":"Excel Advisor","article_modified_time":"2023-12-10T06:23:21+00:00","og_image":[{"url":"https:\/\/exceladvisor.org\/wp-content\/uploads\/2023\/08\/ajouter-des-feuilles-ajouter-une-methode-vba.png","type":"","width":"","height":""}],"twitter_card":"summary_large_image","twitter_misc":{"Tempo di lettura stimato":"6 minuti"},"schema":{"@context":"https:\/\/schema.org","@graph":[{"@type":"WebPage","@id":"https:\/\/exceladvisor.org\/it\/aggiungi-un-nuovo-foglio-1\/","url":"https:\/\/exceladvisor.org\/it\/aggiungi-un-nuovo-foglio-1\/","name":"Come creare un nuovo foglio utilizzando il codice VBA?","isPartOf":{"@id":"https:\/\/exceladvisor.org\/it\/#website"},"primaryImageOfPage":{"@id":"https:\/\/exceladvisor.org\/it\/aggiungi-un-nuovo-foglio-1\/#primaryimage"},"image":{"@id":"https:\/\/exceladvisor.org\/it\/aggiungi-un-nuovo-foglio-1\/#primaryimage"},"thumbnailUrl":"https:\/\/exceladvisor.org\/wp-content\/uploads\/2023\/08\/ajouter-des-feuilles-ajouter-une-methode-vba.png","datePublished":"2023-10-29T17:51:23+00:00","dateModified":"2023-12-10T06:23:21+00:00","description":"Esiste un metodo specifico chiamato SHEETS.ADD. Questo metodo \u00e8 fondamentalmente come una funzione che we","breadcrumb":{"@id":"https:\/\/exceladvisor.org\/it\/aggiungi-un-nuovo-foglio-1\/#breadcrumb"},"inLanguage":"it-IT","potentialAction":[{"@type":"ReadAction","target":["https:\/\/exceladvisor.org\/it\/aggiungi-un-nuovo-foglio-1\/"]}]},{"@type":"ImageObject","inLanguage":"it-IT","@id":"https:\/\/exceladvisor.org\/it\/aggiungi-un-nuovo-foglio-1\/#primaryimage","url":"https:\/\/exceladvisor.org\/wp-content\/uploads\/2023\/08\/ajouter-des-feuilles-ajouter-une-methode-vba.png","contentUrl":"https:\/\/exceladvisor.org\/wp-content\/uploads\/2023\/08\/ajouter-des-feuilles-ajouter-une-methode-vba.png"},{"@type":"BreadcrumbList","@id":"https:\/\/exceladvisor.org\/it\/aggiungi-un-nuovo-foglio-1\/#breadcrumb","itemListElement":[{"@type":"ListItem","position":1,"name":"Home","item":"https:\/\/exceladvisor.org\/it\/"},{"@type":"ListItem","position":2,"name":"Come creare un nuovo foglio utilizzando il codice vba?"}]},{"@type":"WebSite","@id":"https:\/\/exceladvisor.org\/it\/#website","url":"https:\/\/exceladvisor.org\/it\/","name":"Excel Advisor","description":"Tips, Tricks, and Time-Saving Hacks","publisher":{"@id":"https:\/\/exceladvisor.org\/it\/#organization"},"potentialAction":[{"@type":"SearchAction","target":{"@type":"EntryPoint","urlTemplate":"https:\/\/exceladvisor.org\/it\/?s={search_term_string}"},"query-input":{"@type":"PropertyValueSpecification","valueRequired":true,"valueName":"search_term_string"}}],"inLanguage":"it-IT"},{"@type":"Organization","@id":"https:\/\/exceladvisor.org\/it\/#organization","name":"Excel Advisor","url":"https:\/\/exceladvisor.org\/it\/","logo":{"@type":"ImageObject","inLanguage":"it-IT","@id":"https:\/\/exceladvisor.org\/it\/#\/schema\/logo\/image\/","url":"https:\/\/exceladvisor.org\/it\/wp-content\/uploads\/2023\/12\/exceladvisor.org_.png","contentUrl":"https:\/\/exceladvisor.org\/it\/wp-content\/uploads\/2023\/12\/exceladvisor.org_.png","width":105,"height":36,"caption":"Excel Advisor"},"image":{"@id":"https:\/\/exceladvisor.org\/it\/#\/schema\/logo\/image\/"}}]}},"yoast_meta":{"yoast_wpseo_title":"","yoast_wpseo_metadesc":"","yoast_wpseo_canonical":""},"_links":{"self":[{"href":"https:\/\/exceladvisor.org\/it\/wp-json\/wp\/v2\/pages\/1892","targetHints":{"allow":["GET"]}}],"collection":[{"href":"https:\/\/exceladvisor.org\/it\/wp-json\/wp\/v2\/pages"}],"about":[{"href":"https:\/\/exceladvisor.org\/it\/wp-json\/wp\/v2\/types\/page"}],"author":[{"embeddable":true,"href":"https:\/\/exceladvisor.org\/it\/wp-json\/wp\/v2\/users\/1"}],"replies":[{"embeddable":true,"href":"https:\/\/exceladvisor.org\/it\/wp-json\/wp\/v2\/comments?post=1892"}],"version-history":[{"count":1,"href":"https:\/\/exceladvisor.org\/it\/wp-json\/wp\/v2\/pages\/1892\/revisions"}],"predecessor-version":[{"id":2510,"href":"https:\/\/exceladvisor.org\/it\/wp-json\/wp\/v2\/pages\/1892\/revisions\/2510"}],"wp:attachment":[{"href":"https:\/\/exceladvisor.org\/it\/wp-json\/wp\/v2\/media?parent=1892"}],"curies":[{"name":"wp","href":"https:\/\/api.w.org\/{rel}","templated":true}]}}