{"id":1893,"date":"2023-10-29T08:44:46","date_gmt":"2023-10-29T08:44:46","guid":{"rendered":"https:\/\/exceladvisor.org\/it\/rimuovere-lelenco-a-discesa\/"},"modified":"2023-12-10T06:25:10","modified_gmt":"2023-12-10T06:25:10","slug":"rimuovere-lelenco-a-discesa","status":"publish","type":"page","link":"https:\/\/exceladvisor.org\/it\/rimuovere-lelenco-a-discesa\/","title":{"rendered":"Come rimuovere l&#39;elenco a discesa in excel?"},"content":{"rendered":"<div class=\"excel-prima-del-contenuto\" id=\"excel-3249469953\"><script type=\"text\/javascript\">\r\n\tatOptions = {\r\n\t\t'key' : 'c1158f160081d6540a8409e6925dab94',\r\n\t\t'format' : 'iframe',\r\n\t\t'height' : 250,\r\n\t\t'width' : 300,\r\n\t\t'params' : {}\r\n\t};\r\n<\/script>\r\n<script type=\"text\/javascript\" src=\"\/\/www.highperformanceformat.com\/c1158f160081d6540a8409e6925dab94\/invoke.js\"><\/script><\/div> <p>In Excel, quando utilizzi un elenco a discesa e non ne hai pi\u00f9 bisogno, la soluzione migliore \u00e8 eliminarlo per liberare la cella in cui inserire tutti i tipi di dati. Abbiamo discusso tre metodi in questo tutorial:<\/p><ul><li> Il primo metodo <strong>elimina solo il menu a discesa<\/strong> , non il valore che hai nella cella.<\/li><li> Il secondo metodo <strong>cancella l&#8217;elenco a discesa e il valore della cella<\/strong> .<\/li><li> Il terzo metodo <strong>elimina completamente la cella<\/strong> .<\/li><\/ul><p> Il modo pi\u00f9 rapido per rimuovere l&#8217;elenco a discesa \u00e8 utilizzare la scorciatoia da tastiera Alt \u21e2 H \u21e2 E \u21e2 A.<\/p><h2 class=\"wp-block-heading\"> Procedura per eliminare un elenco a discesa<\/h2><p> Per eliminare un elenco a discesa, attenersi alla seguente procedura:<\/p><ol><li> Innanzitutto, seleziona la cella o l&#8217;intervallo di celle in cui si trova il menu a discesa di convalida dei dati. <br><img loading=\"lazy\" decoding=\"async\" title=\"1-seleziona-cella-o-intervallo-di-celle\" src=\"https:\/\/exceladvisor.org\/wp-content\/uploads\/2023\/08\/1-selectionner-une-cellule-ou-une-plage-de-cellules.png\" sizes=\"auto, \" srcset=\"\" alt=\"select-cell-or-range-of-cells\" width=\"345\" height=\"210\"><\/li><li> Successivamente, vai alla scheda Dati \u21e2 Dati \u21e2 Convalida dati \u21e2 Convalida dati (puoi anche utilizzare la scorciatoia da tastiera Alt \u21e2 A \u21e2 V \u21e2 V). <br><img loading=\"lazy\" decoding=\"async\" title=\"2-opzione-di-validazione-dei-dati\" src=\"https:\/\/exceladvisor.org\/wp-content\/uploads\/2023\/08\/2-options-de-validation-des-donnees.png\" sizes=\"auto, \" srcset=\"\" alt=\"data-validation-option\" width=\"588\" height=\"297\"><\/li><li> Ora hai la finestra di dialogo Convalida dati e devi fare clic sul pulsante &#8220;Cancella tutto&#8221;. <br><img loading=\"lazy\" decoding=\"async\" title=\"3 finestre di dialogo di convalida dei dati\" src=\"https:\/\/exceladvisor.org\/wp-content\/uploads\/2023\/08\/3-boite-de-dialogue-de-validation-des-donnees.png\" sizes=\"auto, \" srcset=\"\" alt=\"data-validation-dialog-box\" width=\"585\" height=\"437\"><\/li><li> Alla fine, fare clic su OK per chiudere la finestra di dialogo di convalida dei dati. <br><img loading=\"lazy\" decoding=\"async\" title=\"4-chiudi la finestra di dialogo di convalida dei dati\" src=\"https:\/\/exceladvisor.org\/wp-content\/uploads\/2023\/08\/4-fermer-la-boite-de-dialogue-de-validation-des-donnees.png\" sizes=\"auto, \" srcset=\"\" alt=\"close-the-data-validation-dialog-box\" width=\"319\" height=\"251\"><\/li><\/ol><p> Come puoi vedere, il valore che hai nella cella \u00e8 ancora l\u00ec, non cancellato.<\/p><h2 class=\"wp-block-heading\"> Elimina l&#8217;elenco a discesa con l&#8217;opzione Cancella tutto<\/h2><ol><li> Innanzitutto, seleziona la cella con l&#8217;elenco a discesa. <br><img loading=\"lazy\" decoding=\"async\" title=\"5-seleziona-cella-avere-elenco a discesa\" src=\"https:\/\/exceladvisor.org\/wp-content\/uploads\/2023\/08\/5-selectionner-une-cellule-avec-une-liste-deroulante.png\" sizes=\"auto, \" srcset=\"\" alt=\"select-cell-have-dropdown-list\" width=\"369\" height=\"224\"><\/li><li> Successivamente, vai alla scheda Home \u21e2 Modifica \u21e2 Cancella tutto. <br><img loading=\"lazy\" decoding=\"async\" title=\"Opzione per cancellare tutto in 6 clic\" src=\"https:\/\/exceladvisor.org\/wp-content\/uploads\/2023\/08\/6-cliquez-sur-Effacer-toutes-les-options.png\" sizes=\"auto, \" srcset=\"\" alt=\"click-clear-all-option\" width=\"402\" height=\"324\"><\/li><li> Ora fai clic sull&#8217;opzione &#8220;Cancella tutto&#8221; da qui.<\/li><\/ol><p> Nel momento in cui fai clic sull&#8217;opzione, tutto viene cancellato dalla cella, incluso l&#8217;elenco a discesa che hai nella cella. <\/p><div class=\"wp-block-image\"><figure class=\"aligncenter size-full is-resized\"><img loading=\"lazy\" decoding=\"async\" class=\"wp-image-72490\" src=\"https:\/\/exceladvisor.org\/wp-content\/uploads\/2023\/08\/7-tout-est-efface-de-la-cellule.png\" sizes=\"auto, \" srcset=\"\" alt=\"tutto viene eliminato dalla cellula\" width=\"278\" height=\"202\"><\/figure><\/div><p class=\"mynote\"> Puoi anche utilizzare il <a href=\"https:\/\/exceladvisor.org\/it\/tasti-rapidi\/\">tasto di scelta rapida<\/a> <kbd>Alt<\/kbd> \u21e2 <kbd>H<\/kbd> \u21e2 <kbd>E<\/kbd> \u21e2 <kbd>A<\/kbd> per <a href=\"https:\/\/exceladvisor.org\/it\/contenuto-chiaro\/\">cancellare il contenuto della cella<\/a> . Oltre a questo, nel menu contestuale, puoi utilizzare l&#8217;opzione Cancella contenuto per rimuovere l&#8217;elenco a discesa dalla cella. <\/p><div class=\"wp-block-image\"><figure class=\"aligncenter size-full is-resized\"><img loading=\"lazy\" decoding=\"async\" class=\"wp-image-72491\" src=\"https:\/\/exceladvisor.org\/wp-content\/uploads\/2023\/08\/8-clic-droit-effacer-le-contenu.png\" sizes=\"auto, \" srcset=\"\" alt=\"tasto destro del mouse su cancella contenuto\" width=\"325\" height=\"438\"><\/figure><\/div><h2 class=\"wp-block-heading\"> Elimina completamente la cella per rimuovere l&#8217;elenco a discesa<\/h2><p> Potrebbero esserci momenti in cui desideri eliminare la cella per rimuovere l&#8217;elenco a discesa.<\/p><ol><li> Innanzitutto, seleziona la cella e fai clic con il pulsante destro del mouse su di essa.<\/li><li> E, nel menu contestuale, fai clic sull&#8217;opzione &#8220;Elimina&#8221;. <br><img loading=\"lazy\" decoding=\"async\" title=\"9-elimina-cella-completamente\" src=\"https:\/\/exceladvisor.org\/wp-content\/uploads\/2023\/08\/9-supprimer-entierement-la-cellule.png\" sizes=\"auto, \" srcset=\"\" alt=\"delete-cell-entirely\" width=\"393\" height=\"414\"><\/li><li> Ora qui hai la finestra di dialogo per eliminare la cella. <br><img loading=\"lazy\" decoding=\"async\" title=\"10-dialogo-eliminazione\" src=\"https:\/\/exceladvisor.org\/wp-content\/uploads\/2023\/08\/10-boite-de-dialogue-de-suppression.png\" sizes=\"auto, \" srcset=\"\" alt=\"delete-dialog-box\" width=\"241\" height=\"239\"><\/li><li> Da l\u00ec, scegli una delle due opzioni sopra e fai clic su OK per eliminare la cella.<\/li><\/ol><p> Ci\u00f2 rimuover\u00e0 la convalida dei dati dalla cella selezionata che scomparir\u00e0 anch&#8217;essa.<\/p><div class=\"gb-container gb-container-4db6181c gb-container-mt\"> <a class=\"gb-button gb-button-c5897111 gb-button-text gb-button-mt-button\" href=\"https:\/\/exceladvisor.org\/it\/eccellere-in-anticipo\/\">Esercitazioni avanzate su Excel<\/a><h2 class=\"gb-headline gb-headline-665e5f6b gb-headline-text gb-headline-mt-heading\"> Tutorial correlati <\/h2><div class=\"gb-grid-wrapper gb-grid-wrapper-a20baf7c gb-grid-wrapper-mt-grid\"><div class=\"gb-grid-column gb-grid-column-65ddf67e\"><div class=\"gb-container gb-container-65ddf67e\"><ul><li> <a href=\"https:\/\/exceladvisor.org\/it\/intervallo-di-date-di-convalida-dei-dati\/\">Convalida dei dati con intervallo di date<\/a><\/li><li> <a href=\"https:\/\/exceladvisor.org\/it\/elenco-a-discesa-dipendente\/\">Elenco a discesa dipendente in Excel<\/a><\/li><li> <a href=\"https:\/\/exceladvisor.org\/it\/elenco-dinamico\/\">Elenco a discesa dinamico in Excel<\/a> <\/li><\/ul><\/div><\/div><div class=\"gb-grid-column gb-grid-column-50067b57\"><div class=\"gb-container gb-container-50067b57\"><\/div><\/div><\/div><\/div>","protected":false},"excerpt":{"rendered":"","protected":false},"author":1,"featured_media":0,"parent":0,"menu_order":0,"comment_status":"open","ping_status":"closed","template":"","meta":{"ub_ctt_via":"","footnotes":""},"class_list":["post-1893","page","type-page","status-publish","hentry"],"featured_image_src":null,"yoast_head":"<!-- This site is optimized with the Yoast SEO plugin v25.4 - https:\/\/yoast.com\/wordpress\/plugins\/seo\/ -->\n<title>Come rimuovere l&#039;elenco a discesa in Excel?<\/title>\n<meta name=\"description\" content=\"In questo tutorial impareremo come rimuovere l&#039;elenco a discesa da una cella in Excel utilizzando metodi diversi.\" \/>\n<meta name=\"robots\" content=\"index, follow, max-snippet:-1, max-image-preview:large, max-video-preview:-1\" \/>\n<link rel=\"canonical\" href=\"https:\/\/exceladvisor.org\/it\/rimuovere-lelenco-a-discesa\/\" \/>\n<meta property=\"og:locale\" content=\"it_IT\" \/>\n<meta property=\"og:type\" content=\"article\" \/>\n<meta property=\"og:title\" content=\"Come rimuovere l&#039;elenco a discesa in Excel?\" \/>\n<meta property=\"og:description\" content=\"In questo tutorial impareremo come rimuovere l&#039;elenco a discesa da una cella in Excel utilizzando metodi diversi.\" \/>\n<meta property=\"og:url\" content=\"https:\/\/exceladvisor.org\/it\/rimuovere-lelenco-a-discesa\/\" \/>\n<meta property=\"og:site_name\" content=\"Excel Advisor\" \/>\n<meta property=\"article:modified_time\" content=\"2023-12-10T06:25:10+00:00\" \/>\n<meta property=\"og:image\" content=\"https:\/\/exceladvisor.org\/wp-content\/uploads\/2023\/08\/1-selectionner-une-cellule-ou-une-plage-de-cellules.png\" \/>\n<meta name=\"twitter:card\" content=\"summary_large_image\" \/>\n<meta name=\"twitter:label1\" content=\"Tempo di lettura stimato\" \/>\n\t<meta name=\"twitter:data1\" content=\"2 minuti\" \/>\n<script type=\"application\/ld+json\" class=\"yoast-schema-graph\">{\"@context\":\"https:\/\/schema.org\",\"@graph\":[{\"@type\":\"WebPage\",\"@id\":\"https:\/\/exceladvisor.org\/it\/rimuovere-lelenco-a-discesa\/\",\"url\":\"https:\/\/exceladvisor.org\/it\/rimuovere-lelenco-a-discesa\/\",\"name\":\"Come rimuovere l&#39;elenco a discesa in Excel?\",\"isPartOf\":{\"@id\":\"https:\/\/exceladvisor.org\/it\/#website\"},\"primaryImageOfPage\":{\"@id\":\"https:\/\/exceladvisor.org\/it\/rimuovere-lelenco-a-discesa\/#primaryimage\"},\"image\":{\"@id\":\"https:\/\/exceladvisor.org\/it\/rimuovere-lelenco-a-discesa\/#primaryimage\"},\"thumbnailUrl\":\"https:\/\/exceladvisor.org\/wp-content\/uploads\/2023\/08\/1-selectionner-une-cellule-ou-une-plage-de-cellules.png\",\"datePublished\":\"2023-10-29T08:44:46+00:00\",\"dateModified\":\"2023-12-10T06:25:10+00:00\",\"description\":\"In questo tutorial impareremo come rimuovere l&#39;elenco a discesa da una cella in Excel utilizzando metodi diversi.\",\"breadcrumb\":{\"@id\":\"https:\/\/exceladvisor.org\/it\/rimuovere-lelenco-a-discesa\/#breadcrumb\"},\"inLanguage\":\"it-IT\",\"potentialAction\":[{\"@type\":\"ReadAction\",\"target\":[\"https:\/\/exceladvisor.org\/it\/rimuovere-lelenco-a-discesa\/\"]}]},{\"@type\":\"ImageObject\",\"inLanguage\":\"it-IT\",\"@id\":\"https:\/\/exceladvisor.org\/it\/rimuovere-lelenco-a-discesa\/#primaryimage\",\"url\":\"https:\/\/exceladvisor.org\/wp-content\/uploads\/2023\/08\/1-selectionner-une-cellule-ou-une-plage-de-cellules.png\",\"contentUrl\":\"https:\/\/exceladvisor.org\/wp-content\/uploads\/2023\/08\/1-selectionner-une-cellule-ou-une-plage-de-cellules.png\"},{\"@type\":\"BreadcrumbList\",\"@id\":\"https:\/\/exceladvisor.org\/it\/rimuovere-lelenco-a-discesa\/#breadcrumb\",\"itemListElement\":[{\"@type\":\"ListItem\",\"position\":1,\"name\":\"Home\",\"item\":\"https:\/\/exceladvisor.org\/it\/\"},{\"@type\":\"ListItem\",\"position\":2,\"name\":\"Come rimuovere l&#39;elenco a discesa in excel?\"}]},{\"@type\":\"WebSite\",\"@id\":\"https:\/\/exceladvisor.org\/it\/#website\",\"url\":\"https:\/\/exceladvisor.org\/it\/\",\"name\":\"Excel Advisor\",\"description\":\"Tips, Tricks, and Time-Saving Hacks\",\"publisher\":{\"@id\":\"https:\/\/exceladvisor.org\/it\/#organization\"},\"potentialAction\":[{\"@type\":\"SearchAction\",\"target\":{\"@type\":\"EntryPoint\",\"urlTemplate\":\"https:\/\/exceladvisor.org\/it\/?s={search_term_string}\"},\"query-input\":{\"@type\":\"PropertyValueSpecification\",\"valueRequired\":true,\"valueName\":\"search_term_string\"}}],\"inLanguage\":\"it-IT\"},{\"@type\":\"Organization\",\"@id\":\"https:\/\/exceladvisor.org\/it\/#organization\",\"name\":\"Excel Advisor\",\"url\":\"https:\/\/exceladvisor.org\/it\/\",\"logo\":{\"@type\":\"ImageObject\",\"inLanguage\":\"it-IT\",\"@id\":\"https:\/\/exceladvisor.org\/it\/#\/schema\/logo\/image\/\",\"url\":\"https:\/\/exceladvisor.org\/it\/wp-content\/uploads\/2023\/12\/exceladvisor.org_.png\",\"contentUrl\":\"https:\/\/exceladvisor.org\/it\/wp-content\/uploads\/2023\/12\/exceladvisor.org_.png\",\"width\":105,\"height\":36,\"caption\":\"Excel Advisor\"},\"image\":{\"@id\":\"https:\/\/exceladvisor.org\/it\/#\/schema\/logo\/image\/\"}}]}<\/script>\n<!-- \/ Yoast SEO plugin. -->","yoast_head_json":{"title":"Come rimuovere l&#39;elenco a discesa in Excel?","description":"In questo tutorial impareremo come rimuovere l&#39;elenco a discesa da una cella in Excel utilizzando metodi diversi.","robots":{"index":"index","follow":"follow","max-snippet":"max-snippet:-1","max-image-preview":"max-image-preview:large","max-video-preview":"max-video-preview:-1"},"canonical":"https:\/\/exceladvisor.org\/it\/rimuovere-lelenco-a-discesa\/","og_locale":"it_IT","og_type":"article","og_title":"Come rimuovere l&#39;elenco a discesa in Excel?","og_description":"In questo tutorial impareremo come rimuovere l&#39;elenco a discesa da una cella in Excel utilizzando metodi diversi.","og_url":"https:\/\/exceladvisor.org\/it\/rimuovere-lelenco-a-discesa\/","og_site_name":"Excel Advisor","article_modified_time":"2023-12-10T06:25:10+00:00","og_image":[{"url":"https:\/\/exceladvisor.org\/wp-content\/uploads\/2023\/08\/1-selectionner-une-cellule-ou-une-plage-de-cellules.png","type":"","width":"","height":""}],"twitter_card":"summary_large_image","twitter_misc":{"Tempo di lettura stimato":"2 minuti"},"schema":{"@context":"https:\/\/schema.org","@graph":[{"@type":"WebPage","@id":"https:\/\/exceladvisor.org\/it\/rimuovere-lelenco-a-discesa\/","url":"https:\/\/exceladvisor.org\/it\/rimuovere-lelenco-a-discesa\/","name":"Come rimuovere l&#39;elenco a discesa in Excel?","isPartOf":{"@id":"https:\/\/exceladvisor.org\/it\/#website"},"primaryImageOfPage":{"@id":"https:\/\/exceladvisor.org\/it\/rimuovere-lelenco-a-discesa\/#primaryimage"},"image":{"@id":"https:\/\/exceladvisor.org\/it\/rimuovere-lelenco-a-discesa\/#primaryimage"},"thumbnailUrl":"https:\/\/exceladvisor.org\/wp-content\/uploads\/2023\/08\/1-selectionner-une-cellule-ou-une-plage-de-cellules.png","datePublished":"2023-10-29T08:44:46+00:00","dateModified":"2023-12-10T06:25:10+00:00","description":"In questo tutorial impareremo come rimuovere l&#39;elenco a discesa da una cella in Excel utilizzando metodi diversi.","breadcrumb":{"@id":"https:\/\/exceladvisor.org\/it\/rimuovere-lelenco-a-discesa\/#breadcrumb"},"inLanguage":"it-IT","potentialAction":[{"@type":"ReadAction","target":["https:\/\/exceladvisor.org\/it\/rimuovere-lelenco-a-discesa\/"]}]},{"@type":"ImageObject","inLanguage":"it-IT","@id":"https:\/\/exceladvisor.org\/it\/rimuovere-lelenco-a-discesa\/#primaryimage","url":"https:\/\/exceladvisor.org\/wp-content\/uploads\/2023\/08\/1-selectionner-une-cellule-ou-une-plage-de-cellules.png","contentUrl":"https:\/\/exceladvisor.org\/wp-content\/uploads\/2023\/08\/1-selectionner-une-cellule-ou-une-plage-de-cellules.png"},{"@type":"BreadcrumbList","@id":"https:\/\/exceladvisor.org\/it\/rimuovere-lelenco-a-discesa\/#breadcrumb","itemListElement":[{"@type":"ListItem","position":1,"name":"Home","item":"https:\/\/exceladvisor.org\/it\/"},{"@type":"ListItem","position":2,"name":"Come rimuovere l&#39;elenco a discesa in excel?"}]},{"@type":"WebSite","@id":"https:\/\/exceladvisor.org\/it\/#website","url":"https:\/\/exceladvisor.org\/it\/","name":"Excel Advisor","description":"Tips, Tricks, and Time-Saving Hacks","publisher":{"@id":"https:\/\/exceladvisor.org\/it\/#organization"},"potentialAction":[{"@type":"SearchAction","target":{"@type":"EntryPoint","urlTemplate":"https:\/\/exceladvisor.org\/it\/?s={search_term_string}"},"query-input":{"@type":"PropertyValueSpecification","valueRequired":true,"valueName":"search_term_string"}}],"inLanguage":"it-IT"},{"@type":"Organization","@id":"https:\/\/exceladvisor.org\/it\/#organization","name":"Excel Advisor","url":"https:\/\/exceladvisor.org\/it\/","logo":{"@type":"ImageObject","inLanguage":"it-IT","@id":"https:\/\/exceladvisor.org\/it\/#\/schema\/logo\/image\/","url":"https:\/\/exceladvisor.org\/it\/wp-content\/uploads\/2023\/12\/exceladvisor.org_.png","contentUrl":"https:\/\/exceladvisor.org\/it\/wp-content\/uploads\/2023\/12\/exceladvisor.org_.png","width":105,"height":36,"caption":"Excel Advisor"},"image":{"@id":"https:\/\/exceladvisor.org\/it\/#\/schema\/logo\/image\/"}}]}},"yoast_meta":{"yoast_wpseo_title":"","yoast_wpseo_metadesc":"","yoast_wpseo_canonical":""},"_links":{"self":[{"href":"https:\/\/exceladvisor.org\/it\/wp-json\/wp\/v2\/pages\/1893","targetHints":{"allow":["GET"]}}],"collection":[{"href":"https:\/\/exceladvisor.org\/it\/wp-json\/wp\/v2\/pages"}],"about":[{"href":"https:\/\/exceladvisor.org\/it\/wp-json\/wp\/v2\/types\/page"}],"author":[{"embeddable":true,"href":"https:\/\/exceladvisor.org\/it\/wp-json\/wp\/v2\/users\/1"}],"replies":[{"embeddable":true,"href":"https:\/\/exceladvisor.org\/it\/wp-json\/wp\/v2\/comments?post=1893"}],"version-history":[{"count":1,"href":"https:\/\/exceladvisor.org\/it\/wp-json\/wp\/v2\/pages\/1893\/revisions"}],"predecessor-version":[{"id":2643,"href":"https:\/\/exceladvisor.org\/it\/wp-json\/wp\/v2\/pages\/1893\/revisions\/2643"}],"wp:attachment":[{"href":"https:\/\/exceladvisor.org\/it\/wp-json\/wp\/v2\/media?parent=1893"}],"curies":[{"name":"wp","href":"https:\/\/api.w.org\/{rel}","templated":true}]}}