{"id":1895,"date":"2023-10-29T08:17:45","date_gmt":"2023-10-29T08:17:45","guid":{"rendered":"https:\/\/exceladvisor.org\/it\/xlsx-in-csv\/"},"modified":"2023-12-10T06:25:31","modified_gmt":"2023-12-10T06:25:31","slug":"xlsx-in-csv","status":"publish","type":"page","link":"https:\/\/exceladvisor.org\/it\/xlsx-in-csv\/","title":{"rendered":"Come salvare un file excel in formato csv?"},"content":{"rendered":"<div class=\"excel-prima-del-contenuto\" id=\"excel-667974979\"><script type=\"text\/javascript\">\r\n\tatOptions = {\r\n\t\t'key' : 'c1158f160081d6540a8409e6925dab94',\r\n\t\t'format' : 'iframe',\r\n\t\t'height' : 250,\r\n\t\t'width' : 300,\r\n\t\t'params' : {}\r\n\t};\r\n<\/script>\r\n<script type=\"text\/javascript\" src=\"\/\/www.highperformanceformat.com\/c1158f160081d6540a8409e6925dab94\/invoke.js\"><\/script><\/div> <p>Puoi salvare un file Excel in diversi formati e tra tutti questi formati, CSV \u00e8 molto popolare. S\u00ec, puoi salvare il tuo file Excel in formato CSV (XLSX e CSV). CSV sta per Comma Separated Values dove i valori sono separati da <a href=\"https:\/\/exceladvisor.org\/it\/concatenare-le-celle-con-una-virgola\/\">virgola<\/a> come puoi vedere nell&#8217;esempio seguente. <\/p><div class=\"wp-block-image\"><figure class=\"aligncenter size-full is-resized\"><img loading=\"lazy\" decoding=\"async\" class=\"wp-image-72497\" src=\"https:\/\/exceladvisor.org\/wp-content\/uploads\/2023\/08\/1-enregistrer-excel-au-format-csv.png\" sizes=\"auto, \" srcset=\"\" alt=\"salva-excel-come-csv\" width=\"707\" height=\"416\"><\/figure><\/div><h2 class=\"wp-block-heading\"> Salvare un file Excel (cartella di lavoro) in formato CSV (formato con valori separati da virgola).<\/h2><ol><li> Innanzitutto, apri il file che desideri salvare in formato CSV. <br><img loading=\"lazy\" decoding=\"async\" title=\"2-aprire-il-file-da-salvare-come-csv\" src=\"https:\/\/exceladvisor.org\/wp-content\/uploads\/2023\/08\/2-ouvrir-le-fichier-a-enregistrer-au-format-csv.png\" sizes=\"auto, \" srcset=\"\" alt=\"open-file-to-save-as-csv\" width=\"621\" height=\"394\"><\/li><li> Successivamente, vai alla scheda File e fai clic sull&#8217;opzione Salva con nome. <br><img loading=\"lazy\" decoding=\"async\" title=\"Opzione di registrazione in 3 clic\" src=\"https:\/\/exceladvisor.org\/wp-content\/uploads\/2023\/08\/3-cliquez-sur-enregistrer-en-tant-quoption.png\" sizes=\"auto, \" srcset=\"\" alt=\"click-save-as-option\" width=\"457\" height=\"419\"><\/li><li> Ora, specifica la posizione in cui desideri salvare il file e in \u201cSalva come tipo\u201d seleziona \u201cCSV UTF-8 (delimitato da virgole)\u201d. <br><img loading=\"lazy\" decoding=\"async\" title=\"4-seleziona-csv-utf-8-per-salvare-il-file\" src=\"https:\/\/exceladvisor.org\/wp-content\/uploads\/2023\/08\/4-selectionnez-csv-utf-8-pour-enregistrer-le-fichier.png\" sizes=\"auto, \" srcset=\"\" alt=\"select-csv-utf-8-to-save-file\" width=\"550\" height=\"493\"><\/li><li> Alla fine, fare clic su OK per salvare il file.<\/li><\/ol><p> Ora puoi vedere che entrambi i file (XLSX e CSV) sono salvati sul desktop. Ma c&#8217;\u00e8 una leggera differenza tra le icone che ti aiutano a identificare quale \u00e8 in formato CSV. <\/p><div class=\"wp-block-image\"><figure class=\"aligncenter size-full is-resized\"><img loading=\"lazy\" decoding=\"async\" class=\"wp-image-72501\" src=\"https:\/\/exceladvisor.org\/wp-content\/uploads\/2023\/08\/5-icones-excel-xlxs-et-csv.png\" sizes=\"auto, \" srcset=\"\" alt=\"icone excel-xlxs-e-csv\" width=\"282\" height=\"166\"><\/figure><\/div><p> Ora, una volta salvata una cartella di lavoro in formato CSV, Excel ti consente comunque di aprirla perch\u00e9 supporta completamente il formato CSV. Ma non ti consentir\u00e0 di formattare i dati e utilizzare funzionalit\u00e0 come formule e funzioni.<\/p><p> Inoltre, quando apri il file CSV che hai appena salvato da Excel con un&#8217;applicazione Blocco note, puoi vedere nell&#8217;esempio seguente, ci sono delle virgole tra i valori che abbiamo come tabella in formato Excel. <\/p><div class=\"wp-block-image\"><figure class=\"aligncenter size-full is-resized\"><img loading=\"lazy\" decoding=\"async\" class=\"wp-image-72502\" src=\"https:\/\/exceladvisor.org\/wp-content\/uploads\/2023\/08\/6-ouvrir-csv-avec-bloc-notes.png\" sizes=\"auto, \" srcset=\"\" alt=\"open-csv-con-blocco note\" width=\"641\" height=\"420\"><\/figure><\/div><p> C&#8217;\u00e8 una cosa che devi sapere durante la conversione del tuo file da XLSX a CSV: se la cartella di lavoro ha pi\u00f9 di un foglio, Excel salver\u00e0 solo il foglio corrente (attivo) in formato CSV. Ignorer\u00e0 il resto dei fogli e dovrai salvarli singolarmente uno per uno. <\/p><div class=\"wp-block-image\"><figure class=\"aligncenter size-full is-resized\"><img loading=\"lazy\" decoding=\"async\" class=\"wp-image-72503\" src=\"https:\/\/exceladvisor.org\/wp-content\/uploads\/2023\/08\/7-Excel-convertit-la-feuille-actuelle-en-csv-uniquement.png\" sizes=\"auto, \" srcset=\"\" alt=\"excel-converte-solo-il-foglio-corrente-in-csv\" width=\"722\" height=\"201\"><\/figure><\/div><h2 class=\"wp-block-heading\"> Codice VBA per convertire un XLSX in CSV<\/h2><p> Puoi anche utilizzare il seguente codice VBA per salvare un file Excel in formato CSV.<\/p><pre class=\"wp-block-code\"> <code class=\"language-visual-basic\" lang=\"visual-basic\">Sub xlsx_to_csv() Dim myPath As String, myName As String, myTime As String Dim myAddress As String myPath = ActiveWorkbook.Path myName = Left(ActiveWorkbook.Name, InStr(ActiveWorkbook.Name, \".\") - 1) myTime = Format(Now, \"DD_MM_YY_HH_MM_SS\") myAddress = myPath &amp; \"\" &amp; myName &amp; \"_\" &amp; myTime ActiveWorkbook.SaveAs Filename:=myAddress, FileFormat:=xlCSVUTF8 End Sub<\/code><\/pre><p> Questo codice salva la cartella di lavoro attiva come CSV nella stessa posizione con lo stesso nome utilizzando la data e l&#8217;ora correnti.<\/p><div class=\"gb-container gb-container-4db6181c gb-container-mt\"> <a class=\"gb-button gb-button-c5897111 gb-button-text gb-button-mt-button\" href=\"https:\/\/exceladvisor.org\/it\/eccellere-in-anticipo\/\">Esercitazioni avanzate su Excel<\/a><h2 class=\"gb-headline gb-headline-665e5f6b gb-headline-text gb-headline-mt-heading\"> Tutorial correlati <\/h2><div class=\"gb-grid-wrapper gb-grid-wrapper-a20baf7c gb-grid-wrapper-mt-grid\"><div class=\"gb-grid-column gb-grid-column-65ddf67e\"><div class=\"gb-container gb-container-65ddf67e\"><ul><li> <a href=\"https:\/\/exceladvisor.org\/it\/riparare-il-file-excel-corrotto\/\">Ripara file Excel danneggiato<\/a><\/li><li> <a href=\"https:\/\/exceladvisor.org\/it\/recuperare-file-non-salvati\/\">Recupera i file Excel non salvati quando Excel si arresta in modo anomalo<\/a><\/li><li> <a href=\"https:\/\/exceladvisor.org\/it\/nascondi-mostra-cartella-di-lavoro\/\">Nascondere e mostrare una cartella di lavoro in Excel<\/a><\/li><li> <a href=\"https:\/\/exceladvisor.org\/it\/copiare-la-cartella-di-lavoro\/\">Crea una copia della cartella di lavoro di Excel (file)<\/a><\/li><li> <a href=\"https:\/\/exceladvisor.org\/it\/aprire-il-file-di-testo\/\">Apri un file di testo in Excel (.TXT)<\/a> <\/li><\/ul><\/div><\/div><div class=\"gb-grid-column gb-grid-column-50067b57\"><div class=\"gb-container gb-container-50067b57\"><\/div><\/div><\/div><\/div>","protected":false},"excerpt":{"rendered":"","protected":false},"author":1,"featured_media":0,"parent":0,"menu_order":0,"comment_status":"open","ping_status":"closed","template":"","meta":{"ub_ctt_via":"","footnotes":""},"class_list":["post-1895","page","type-page","status-publish","hentry"],"featured_image_src":null,"yoast_head":"<!-- This site is optimized with the Yoast SEO plugin v25.4 - https:\/\/yoast.com\/wordpress\/plugins\/seo\/ -->\n<title>\u25b7 Come salvare un file Excel in formato CSV?<\/title>\n<meta name=\"description\" content=\"In questo tutorial impareremo come salvare un file Excel (cartella di lavoro) in formato CSV (da XLSX a CSV).\" \/>\n<meta name=\"robots\" content=\"index, follow, max-snippet:-1, max-image-preview:large, max-video-preview:-1\" \/>\n<link rel=\"canonical\" href=\"https:\/\/exceladvisor.org\/it\/xlsx-in-csv\/\" \/>\n<meta property=\"og:locale\" content=\"it_IT\" \/>\n<meta property=\"og:type\" content=\"article\" \/>\n<meta property=\"og:title\" content=\"\u25b7 Come salvare un file Excel in formato CSV?\" \/>\n<meta property=\"og:description\" content=\"In questo tutorial impareremo come salvare un file Excel (cartella di lavoro) in formato CSV (da XLSX a CSV).\" \/>\n<meta property=\"og:url\" content=\"https:\/\/exceladvisor.org\/it\/xlsx-in-csv\/\" \/>\n<meta property=\"og:site_name\" content=\"Excel Advisor\" \/>\n<meta property=\"article:modified_time\" content=\"2023-12-10T06:25:31+00:00\" \/>\n<meta property=\"og:image\" content=\"https:\/\/exceladvisor.org\/wp-content\/uploads\/2023\/08\/1-enregistrer-excel-au-format-csv.png\" \/>\n<meta name=\"twitter:card\" content=\"summary_large_image\" \/>\n<meta name=\"twitter:label1\" content=\"Tempo di lettura stimato\" \/>\n\t<meta name=\"twitter:data1\" content=\"2 minuti\" \/>\n<script type=\"application\/ld+json\" class=\"yoast-schema-graph\">{\"@context\":\"https:\/\/schema.org\",\"@graph\":[{\"@type\":\"WebPage\",\"@id\":\"https:\/\/exceladvisor.org\/it\/xlsx-in-csv\/\",\"url\":\"https:\/\/exceladvisor.org\/it\/xlsx-in-csv\/\",\"name\":\"\u25b7 Come salvare un file Excel in formato CSV?\",\"isPartOf\":{\"@id\":\"https:\/\/exceladvisor.org\/it\/#website\"},\"primaryImageOfPage\":{\"@id\":\"https:\/\/exceladvisor.org\/it\/xlsx-in-csv\/#primaryimage\"},\"image\":{\"@id\":\"https:\/\/exceladvisor.org\/it\/xlsx-in-csv\/#primaryimage\"},\"thumbnailUrl\":\"https:\/\/exceladvisor.org\/wp-content\/uploads\/2023\/08\/1-enregistrer-excel-au-format-csv.png\",\"datePublished\":\"2023-10-29T08:17:45+00:00\",\"dateModified\":\"2023-12-10T06:25:31+00:00\",\"description\":\"In questo tutorial impareremo come salvare un file Excel (cartella di lavoro) in formato CSV (da XLSX a CSV).\",\"breadcrumb\":{\"@id\":\"https:\/\/exceladvisor.org\/it\/xlsx-in-csv\/#breadcrumb\"},\"inLanguage\":\"it-IT\",\"potentialAction\":[{\"@type\":\"ReadAction\",\"target\":[\"https:\/\/exceladvisor.org\/it\/xlsx-in-csv\/\"]}]},{\"@type\":\"ImageObject\",\"inLanguage\":\"it-IT\",\"@id\":\"https:\/\/exceladvisor.org\/it\/xlsx-in-csv\/#primaryimage\",\"url\":\"https:\/\/exceladvisor.org\/wp-content\/uploads\/2023\/08\/1-enregistrer-excel-au-format-csv.png\",\"contentUrl\":\"https:\/\/exceladvisor.org\/wp-content\/uploads\/2023\/08\/1-enregistrer-excel-au-format-csv.png\"},{\"@type\":\"BreadcrumbList\",\"@id\":\"https:\/\/exceladvisor.org\/it\/xlsx-in-csv\/#breadcrumb\",\"itemListElement\":[{\"@type\":\"ListItem\",\"position\":1,\"name\":\"Home\",\"item\":\"https:\/\/exceladvisor.org\/it\/\"},{\"@type\":\"ListItem\",\"position\":2,\"name\":\"Come salvare un file excel in formato csv?\"}]},{\"@type\":\"WebSite\",\"@id\":\"https:\/\/exceladvisor.org\/it\/#website\",\"url\":\"https:\/\/exceladvisor.org\/it\/\",\"name\":\"Excel Advisor\",\"description\":\"Tips, Tricks, and Time-Saving Hacks\",\"publisher\":{\"@id\":\"https:\/\/exceladvisor.org\/it\/#organization\"},\"potentialAction\":[{\"@type\":\"SearchAction\",\"target\":{\"@type\":\"EntryPoint\",\"urlTemplate\":\"https:\/\/exceladvisor.org\/it\/?s={search_term_string}\"},\"query-input\":{\"@type\":\"PropertyValueSpecification\",\"valueRequired\":true,\"valueName\":\"search_term_string\"}}],\"inLanguage\":\"it-IT\"},{\"@type\":\"Organization\",\"@id\":\"https:\/\/exceladvisor.org\/it\/#organization\",\"name\":\"Excel Advisor\",\"url\":\"https:\/\/exceladvisor.org\/it\/\",\"logo\":{\"@type\":\"ImageObject\",\"inLanguage\":\"it-IT\",\"@id\":\"https:\/\/exceladvisor.org\/it\/#\/schema\/logo\/image\/\",\"url\":\"https:\/\/exceladvisor.org\/it\/wp-content\/uploads\/2023\/12\/exceladvisor.org_.png\",\"contentUrl\":\"https:\/\/exceladvisor.org\/it\/wp-content\/uploads\/2023\/12\/exceladvisor.org_.png\",\"width\":105,\"height\":36,\"caption\":\"Excel Advisor\"},\"image\":{\"@id\":\"https:\/\/exceladvisor.org\/it\/#\/schema\/logo\/image\/\"}}]}<\/script>\n<!-- \/ Yoast SEO plugin. -->","yoast_head_json":{"title":"\u25b7 Come salvare un file Excel in formato CSV?","description":"In questo tutorial impareremo come salvare un file Excel (cartella di lavoro) in formato CSV (da XLSX a CSV).","robots":{"index":"index","follow":"follow","max-snippet":"max-snippet:-1","max-image-preview":"max-image-preview:large","max-video-preview":"max-video-preview:-1"},"canonical":"https:\/\/exceladvisor.org\/it\/xlsx-in-csv\/","og_locale":"it_IT","og_type":"article","og_title":"\u25b7 Come salvare un file Excel in formato CSV?","og_description":"In questo tutorial impareremo come salvare un file Excel (cartella di lavoro) in formato CSV (da XLSX a CSV).","og_url":"https:\/\/exceladvisor.org\/it\/xlsx-in-csv\/","og_site_name":"Excel Advisor","article_modified_time":"2023-12-10T06:25:31+00:00","og_image":[{"url":"https:\/\/exceladvisor.org\/wp-content\/uploads\/2023\/08\/1-enregistrer-excel-au-format-csv.png","type":"","width":"","height":""}],"twitter_card":"summary_large_image","twitter_misc":{"Tempo di lettura stimato":"2 minuti"},"schema":{"@context":"https:\/\/schema.org","@graph":[{"@type":"WebPage","@id":"https:\/\/exceladvisor.org\/it\/xlsx-in-csv\/","url":"https:\/\/exceladvisor.org\/it\/xlsx-in-csv\/","name":"\u25b7 Come salvare un file Excel in formato CSV?","isPartOf":{"@id":"https:\/\/exceladvisor.org\/it\/#website"},"primaryImageOfPage":{"@id":"https:\/\/exceladvisor.org\/it\/xlsx-in-csv\/#primaryimage"},"image":{"@id":"https:\/\/exceladvisor.org\/it\/xlsx-in-csv\/#primaryimage"},"thumbnailUrl":"https:\/\/exceladvisor.org\/wp-content\/uploads\/2023\/08\/1-enregistrer-excel-au-format-csv.png","datePublished":"2023-10-29T08:17:45+00:00","dateModified":"2023-12-10T06:25:31+00:00","description":"In questo tutorial impareremo come salvare un file Excel (cartella di lavoro) in formato CSV (da XLSX a CSV).","breadcrumb":{"@id":"https:\/\/exceladvisor.org\/it\/xlsx-in-csv\/#breadcrumb"},"inLanguage":"it-IT","potentialAction":[{"@type":"ReadAction","target":["https:\/\/exceladvisor.org\/it\/xlsx-in-csv\/"]}]},{"@type":"ImageObject","inLanguage":"it-IT","@id":"https:\/\/exceladvisor.org\/it\/xlsx-in-csv\/#primaryimage","url":"https:\/\/exceladvisor.org\/wp-content\/uploads\/2023\/08\/1-enregistrer-excel-au-format-csv.png","contentUrl":"https:\/\/exceladvisor.org\/wp-content\/uploads\/2023\/08\/1-enregistrer-excel-au-format-csv.png"},{"@type":"BreadcrumbList","@id":"https:\/\/exceladvisor.org\/it\/xlsx-in-csv\/#breadcrumb","itemListElement":[{"@type":"ListItem","position":1,"name":"Home","item":"https:\/\/exceladvisor.org\/it\/"},{"@type":"ListItem","position":2,"name":"Come salvare un file excel in formato csv?"}]},{"@type":"WebSite","@id":"https:\/\/exceladvisor.org\/it\/#website","url":"https:\/\/exceladvisor.org\/it\/","name":"Excel Advisor","description":"Tips, Tricks, and Time-Saving Hacks","publisher":{"@id":"https:\/\/exceladvisor.org\/it\/#organization"},"potentialAction":[{"@type":"SearchAction","target":{"@type":"EntryPoint","urlTemplate":"https:\/\/exceladvisor.org\/it\/?s={search_term_string}"},"query-input":{"@type":"PropertyValueSpecification","valueRequired":true,"valueName":"search_term_string"}}],"inLanguage":"it-IT"},{"@type":"Organization","@id":"https:\/\/exceladvisor.org\/it\/#organization","name":"Excel Advisor","url":"https:\/\/exceladvisor.org\/it\/","logo":{"@type":"ImageObject","inLanguage":"it-IT","@id":"https:\/\/exceladvisor.org\/it\/#\/schema\/logo\/image\/","url":"https:\/\/exceladvisor.org\/it\/wp-content\/uploads\/2023\/12\/exceladvisor.org_.png","contentUrl":"https:\/\/exceladvisor.org\/it\/wp-content\/uploads\/2023\/12\/exceladvisor.org_.png","width":105,"height":36,"caption":"Excel Advisor"},"image":{"@id":"https:\/\/exceladvisor.org\/it\/#\/schema\/logo\/image\/"}}]}},"yoast_meta":{"yoast_wpseo_title":"","yoast_wpseo_metadesc":"","yoast_wpseo_canonical":""},"_links":{"self":[{"href":"https:\/\/exceladvisor.org\/it\/wp-json\/wp\/v2\/pages\/1895","targetHints":{"allow":["GET"]}}],"collection":[{"href":"https:\/\/exceladvisor.org\/it\/wp-json\/wp\/v2\/pages"}],"about":[{"href":"https:\/\/exceladvisor.org\/it\/wp-json\/wp\/v2\/types\/page"}],"author":[{"embeddable":true,"href":"https:\/\/exceladvisor.org\/it\/wp-json\/wp\/v2\/users\/1"}],"replies":[{"embeddable":true,"href":"https:\/\/exceladvisor.org\/it\/wp-json\/wp\/v2\/comments?post=1895"}],"version-history":[{"count":1,"href":"https:\/\/exceladvisor.org\/it\/wp-json\/wp\/v2\/pages\/1895\/revisions"}],"predecessor-version":[{"id":2684,"href":"https:\/\/exceladvisor.org\/it\/wp-json\/wp\/v2\/pages\/1895\/revisions\/2684"}],"wp:attachment":[{"href":"https:\/\/exceladvisor.org\/it\/wp-json\/wp\/v2\/media?parent=1895"}],"curies":[{"name":"wp","href":"https:\/\/api.w.org\/{rel}","templated":true}]}}