{"id":1896,"date":"2023-10-29T08:03:11","date_gmt":"2023-10-29T08:03:11","guid":{"rendered":"https:\/\/exceladvisor.org\/it\/applicare-piu-filtri\/"},"modified":"2023-12-10T06:20:44","modified_gmt":"2023-12-10T06:20:44","slug":"applicare-piu-filtri","status":"publish","type":"page","link":"https:\/\/exceladvisor.org\/it\/applicare-piu-filtri\/","title":{"rendered":"Come applicare pi\u00f9 filtri alle colonne in excel?"},"content":{"rendered":"<div class=\"excel-prima-del-contenuto\" id=\"excel-901578738\"><script type=\"text\/javascript\">\r\n\tatOptions = {\r\n\t\t'key' : 'c1158f160081d6540a8409e6925dab94',\r\n\t\t'format' : 'iframe',\r\n\t\t'height' : 250,\r\n\t\t'width' : 300,\r\n\t\t'params' : {}\r\n\t};\r\n<\/script>\r\n<script type=\"text\/javascript\" src=\"\/\/www.highperformanceformat.com\/c1158f160081d6540a8409e6925dab94\/invoke.js\"><\/script><\/div> <p>In Excel, se hai pi\u00f9 colonne nei dati e desideri filtrare pi\u00f9 colonne, puoi farlo facilmente. Quando applichi un filtro a un intervallo di dati continuo, Excel ti consente di filtrare pi\u00f9 colonne.<\/p><p> In questo tutorial, esamineremo i semplici passaggi per applicare filtri a pi\u00f9 colonne. <\/p><div class=\"wp-block-image\"><figure class=\"aligncenter size-full is-resized\"><img loading=\"lazy\" decoding=\"async\" class=\"wp-image-72663\" src=\"https:\/\/exceladvisor.org\/wp-content\/uploads\/2023\/08\/1-appliquer-plusieurs-filtres.png\" sizes=\"auto, \" srcset=\"\" alt=\"applicare pi\u00f9 filtri\" width=\"685\" height=\"296\"><\/figure><\/div><p> Nei dati sopra, dobbiamo applicare un filtro su due colonne \u201ctipo\u201d e \u201ccontributo_da\u201d.<\/p><h2 class=\"wp-block-heading\"> Passaggi per applicare pi\u00f9 filtri in Excel<\/h2><ol><li> Per prima cosa, usa la <a href=\"https:\/\/exceladvisor.org\/it\/tasti-rapidi\/\">scorciatoia da tastiera<\/a> (Alt \u21e2 D \u21e2 F \u21e2 F) per <a href=\"https:\/\/exceladvisor.org\/it\/filtro-1\/\">applicare il filtro<\/a> , oppure puoi anche andare su Home \u21e2 Ordina e filtra \u21e2 Filtro. <br><img loading=\"lazy\" decoding=\"async\" title=\"2-applica-filtro\" src=\"https:\/\/exceladvisor.org\/wp-content\/uploads\/2023\/08\/2-appliquer-le-filtre.png\" sizes=\"auto, \" srcset=\"\" alt=\"apply-filter\" width=\"717\" height=\"184\"><\/li><li> Successivamente, devi fare clic sul menu a discesa del filtro per la colonna &#8220;tipo&#8221; e da l\u00ec devi deselezionare tutti i valori diversi da &#8220;Citt\u00e0&#8221;. <br><img loading=\"lazy\" decoding=\"async\" title=\"Filtra il menu a discesa in 3 clic\" src=\"https:\/\/exceladvisor.org\/wp-content\/uploads\/2023\/08\/3-cliquez-sur-la-liste-deroulante-des-filtres.png\" sizes=\"auto, \" srcset=\"\" alt=\"click-on-filter-dropdown\" width=\"507\" height=\"390\"><\/li><li> Successivamente, fai clic su OK per applicare il filtro. E quando lo fai, filtrer\u00e0 tutti i dati in base alla colonna &#8220;Citt\u00e0&#8221; dalla colonna &#8220;tipo&#8221;. <br><img loading=\"lazy\" decoding=\"async\" title=\"4-ok-per-applicare-il-filtro\" src=\"https:\/\/exceladvisor.org\/wp-content\/uploads\/2023\/08\/4-ok-pour-appliquer-le-filtre.png\" sizes=\"auto, \" srcset=\"\" alt=\"ok-to-apply-filter\" width=\"576\" height=\"199\"><\/li><li> Successivamente, vai alla colonna &#8220;contributed_by&#8221; e apri il menu a discesa del filtro e deseleziona tutti i valori diversi da &#8220;Kenny Cunanan&#8221;. <br><img loading=\"lazy\" decoding=\"async\" title=\"5-apri il menu a discesa del filtro\" src=\"https:\/\/exceladvisor.org\/wp-content\/uploads\/2023\/08\/5-ouvrir-la-liste-deroulante-des-filtres.png\" sizes=\"auto, \" srcset=\"\" alt=\"open-the-filter-dropdown\" width=\"520\" height=\"398\"><\/li><li> Alla fine, fai clic su OK per applicare il filtro.<\/li><\/ol><p> Una volta fatto ci\u00f2, verranno applicati diversi filtri ai tuoi dati. Uno \u00e8 nella colonna &#8220;tipo&#8221; e l&#8217;altro \u00e8 nella colonna &#8220;contributo_da&#8221;. <\/p><div class=\"wp-block-image\"><figure class=\"aligncenter size-full is-resized\"><img loading=\"lazy\" decoding=\"async\" class=\"wp-image-72669\" src=\"https:\/\/exceladvisor.org\/wp-content\/uploads\/2023\/08\/6-filtres-multiples-appliques.png\" sizes=\"auto, \" srcset=\"\" alt=\"pi\u00f9 filtri applicati\" width=\"643\" height=\"345\"><\/figure><\/div><p> Non solo due, puoi applicare pi\u00f9 filtri a tutte le colonne che desideri. Puoi andare oltre e applicare un filtro aggiuntivo alla colonna &#8220;stato&#8221;. <\/p><div class=\"wp-block-image\"><figure class=\"aligncenter size-full is-resized\"><img loading=\"lazy\" decoding=\"async\" class=\"wp-image-72670\" src=\"https:\/\/exceladvisor.org\/wp-content\/uploads\/2023\/08\/7-appliquer-plusieurs-filtres.png\" sizes=\"auto, \" srcset=\"\" alt=\"applicare pi\u00f9 filtri\" width=\"778\" height=\"163\"><\/figure><\/div><p> Nell&#8217;esempio sopra abbiamo il terzo filtro sulla colonna &#8220;stato&#8221; dove abbiamo filtrato tutti i valori con CA.<\/p><div class=\"gb-container gb-container-4db6181c gb-container-mt\"> <a class=\"gb-button gb-button-c5897111 gb-button-text gb-button-mt-button\" href=\"https:\/\/exceladvisor.org\/it\/eccellere-in-anticipo\/\">Esercitazioni avanzate su Excel<\/a><h2 class=\"gb-headline gb-headline-665e5f6b gb-headline-text gb-headline-mt-heading\"> Tutorial correlati <\/h2><div class=\"gb-grid-wrapper gb-grid-wrapper-a20baf7c gb-grid-wrapper-mt-grid\"><div class=\"gb-grid-column gb-grid-column-65ddf67e\"><div class=\"gb-container gb-container-65ddf67e\"><ul><li> <a href=\"https:\/\/exceladvisor.org\/it\/strumento-di-analisi-rapida\/\">Strumento di analisi rapida in Excel<\/a><\/li><li> <a href=\"https:\/\/exceladvisor.org\/it\/evidenziare-i-valori-superiori-inferiori\/\">Evidenzia i valori N superiori e inferiori in Excel<\/a><\/li><li> <a href=\"https:\/\/exceladvisor.org\/it\/casella-di-controllo\/\">Inserisci una casella di controllo in Excel<\/a><\/li><li> <a href=\"https:\/\/exceladvisor.org\/it\/unire-le-celle-senza-perdere-dati\/\">Unisci celle senza perdere dati in Excel<\/a><\/li><li> <a href=\"https:\/\/exceladvisor.org\/it\/incolla-la-moltiplicazione-speciale\/\">Moltiplica in Excel utilizzando Incolla speciale<\/a><\/li><\/ul><\/div><\/div><\/div><\/div>","protected":false},"excerpt":{"rendered":"","protected":false},"author":1,"featured_media":0,"parent":0,"menu_order":0,"comment_status":"open","ping_status":"closed","template":"","meta":{"ub_ctt_via":"","footnotes":""},"class_list":["post-1896","page","type-page","status-publish","hentry"],"featured_image_src":null,"yoast_head":"<!-- This site is optimized with the Yoast SEO plugin v25.4 - https:\/\/yoast.com\/wordpress\/plugins\/seo\/ -->\n<title>Come applicare pi\u00f9 filtri alle colonne in Excel?<\/title>\n<meta name=\"description\" content=\"In questo tutorial impareremo come applicare pi\u00f9 filtri alla colonna in Excel con passaggi facili da seguire.\" \/>\n<meta name=\"robots\" content=\"index, follow, max-snippet:-1, max-image-preview:large, max-video-preview:-1\" \/>\n<link rel=\"canonical\" href=\"https:\/\/exceladvisor.org\/it\/applicare-piu-filtri\/\" \/>\n<meta property=\"og:locale\" content=\"it_IT\" \/>\n<meta property=\"og:type\" content=\"article\" \/>\n<meta property=\"og:title\" content=\"Come applicare pi\u00f9 filtri alle colonne in Excel?\" \/>\n<meta property=\"og:description\" content=\"In questo tutorial impareremo come applicare pi\u00f9 filtri alla colonna in Excel con passaggi facili da seguire.\" \/>\n<meta property=\"og:url\" content=\"https:\/\/exceladvisor.org\/it\/applicare-piu-filtri\/\" \/>\n<meta property=\"og:site_name\" content=\"Excel Advisor\" \/>\n<meta property=\"article:modified_time\" content=\"2023-12-10T06:20:44+00:00\" \/>\n<meta property=\"og:image\" content=\"https:\/\/exceladvisor.org\/wp-content\/uploads\/2023\/08\/1-appliquer-plusieurs-filtres.png\" \/>\n<meta name=\"twitter:card\" content=\"summary_large_image\" \/>\n<meta name=\"twitter:label1\" content=\"Tempo di lettura stimato\" \/>\n\t<meta name=\"twitter:data1\" content=\"1 minuto\" \/>\n<script type=\"application\/ld+json\" class=\"yoast-schema-graph\">{\"@context\":\"https:\/\/schema.org\",\"@graph\":[{\"@type\":\"WebPage\",\"@id\":\"https:\/\/exceladvisor.org\/it\/applicare-piu-filtri\/\",\"url\":\"https:\/\/exceladvisor.org\/it\/applicare-piu-filtri\/\",\"name\":\"Come applicare pi\u00f9 filtri alle colonne in Excel?\",\"isPartOf\":{\"@id\":\"https:\/\/exceladvisor.org\/it\/#website\"},\"primaryImageOfPage\":{\"@id\":\"https:\/\/exceladvisor.org\/it\/applicare-piu-filtri\/#primaryimage\"},\"image\":{\"@id\":\"https:\/\/exceladvisor.org\/it\/applicare-piu-filtri\/#primaryimage\"},\"thumbnailUrl\":\"https:\/\/exceladvisor.org\/wp-content\/uploads\/2023\/08\/1-appliquer-plusieurs-filtres.png\",\"datePublished\":\"2023-10-29T08:03:11+00:00\",\"dateModified\":\"2023-12-10T06:20:44+00:00\",\"description\":\"In questo tutorial impareremo come applicare pi\u00f9 filtri alla colonna in Excel con passaggi facili da seguire.\",\"breadcrumb\":{\"@id\":\"https:\/\/exceladvisor.org\/it\/applicare-piu-filtri\/#breadcrumb\"},\"inLanguage\":\"it-IT\",\"potentialAction\":[{\"@type\":\"ReadAction\",\"target\":[\"https:\/\/exceladvisor.org\/it\/applicare-piu-filtri\/\"]}]},{\"@type\":\"ImageObject\",\"inLanguage\":\"it-IT\",\"@id\":\"https:\/\/exceladvisor.org\/it\/applicare-piu-filtri\/#primaryimage\",\"url\":\"https:\/\/exceladvisor.org\/wp-content\/uploads\/2023\/08\/1-appliquer-plusieurs-filtres.png\",\"contentUrl\":\"https:\/\/exceladvisor.org\/wp-content\/uploads\/2023\/08\/1-appliquer-plusieurs-filtres.png\"},{\"@type\":\"BreadcrumbList\",\"@id\":\"https:\/\/exceladvisor.org\/it\/applicare-piu-filtri\/#breadcrumb\",\"itemListElement\":[{\"@type\":\"ListItem\",\"position\":1,\"name\":\"Home\",\"item\":\"https:\/\/exceladvisor.org\/it\/\"},{\"@type\":\"ListItem\",\"position\":2,\"name\":\"Come applicare pi\u00f9 filtri alle colonne in excel?\"}]},{\"@type\":\"WebSite\",\"@id\":\"https:\/\/exceladvisor.org\/it\/#website\",\"url\":\"https:\/\/exceladvisor.org\/it\/\",\"name\":\"Excel Advisor\",\"description\":\"Tips, Tricks, and Time-Saving Hacks\",\"publisher\":{\"@id\":\"https:\/\/exceladvisor.org\/it\/#organization\"},\"potentialAction\":[{\"@type\":\"SearchAction\",\"target\":{\"@type\":\"EntryPoint\",\"urlTemplate\":\"https:\/\/exceladvisor.org\/it\/?s={search_term_string}\"},\"query-input\":{\"@type\":\"PropertyValueSpecification\",\"valueRequired\":true,\"valueName\":\"search_term_string\"}}],\"inLanguage\":\"it-IT\"},{\"@type\":\"Organization\",\"@id\":\"https:\/\/exceladvisor.org\/it\/#organization\",\"name\":\"Excel Advisor\",\"url\":\"https:\/\/exceladvisor.org\/it\/\",\"logo\":{\"@type\":\"ImageObject\",\"inLanguage\":\"it-IT\",\"@id\":\"https:\/\/exceladvisor.org\/it\/#\/schema\/logo\/image\/\",\"url\":\"https:\/\/exceladvisor.org\/it\/wp-content\/uploads\/2023\/12\/exceladvisor.org_.png\",\"contentUrl\":\"https:\/\/exceladvisor.org\/it\/wp-content\/uploads\/2023\/12\/exceladvisor.org_.png\",\"width\":105,\"height\":36,\"caption\":\"Excel Advisor\"},\"image\":{\"@id\":\"https:\/\/exceladvisor.org\/it\/#\/schema\/logo\/image\/\"}}]}<\/script>\n<!-- \/ Yoast SEO plugin. -->","yoast_head_json":{"title":"Come applicare pi\u00f9 filtri alle colonne in Excel?","description":"In questo tutorial impareremo come applicare pi\u00f9 filtri alla colonna in Excel con passaggi facili da seguire.","robots":{"index":"index","follow":"follow","max-snippet":"max-snippet:-1","max-image-preview":"max-image-preview:large","max-video-preview":"max-video-preview:-1"},"canonical":"https:\/\/exceladvisor.org\/it\/applicare-piu-filtri\/","og_locale":"it_IT","og_type":"article","og_title":"Come applicare pi\u00f9 filtri alle colonne in Excel?","og_description":"In questo tutorial impareremo come applicare pi\u00f9 filtri alla colonna in Excel con passaggi facili da seguire.","og_url":"https:\/\/exceladvisor.org\/it\/applicare-piu-filtri\/","og_site_name":"Excel Advisor","article_modified_time":"2023-12-10T06:20:44+00:00","og_image":[{"url":"https:\/\/exceladvisor.org\/wp-content\/uploads\/2023\/08\/1-appliquer-plusieurs-filtres.png","type":"","width":"","height":""}],"twitter_card":"summary_large_image","twitter_misc":{"Tempo di lettura stimato":"1 minuto"},"schema":{"@context":"https:\/\/schema.org","@graph":[{"@type":"WebPage","@id":"https:\/\/exceladvisor.org\/it\/applicare-piu-filtri\/","url":"https:\/\/exceladvisor.org\/it\/applicare-piu-filtri\/","name":"Come applicare pi\u00f9 filtri alle colonne in Excel?","isPartOf":{"@id":"https:\/\/exceladvisor.org\/it\/#website"},"primaryImageOfPage":{"@id":"https:\/\/exceladvisor.org\/it\/applicare-piu-filtri\/#primaryimage"},"image":{"@id":"https:\/\/exceladvisor.org\/it\/applicare-piu-filtri\/#primaryimage"},"thumbnailUrl":"https:\/\/exceladvisor.org\/wp-content\/uploads\/2023\/08\/1-appliquer-plusieurs-filtres.png","datePublished":"2023-10-29T08:03:11+00:00","dateModified":"2023-12-10T06:20:44+00:00","description":"In questo tutorial impareremo come applicare pi\u00f9 filtri alla colonna in Excel con passaggi facili da seguire.","breadcrumb":{"@id":"https:\/\/exceladvisor.org\/it\/applicare-piu-filtri\/#breadcrumb"},"inLanguage":"it-IT","potentialAction":[{"@type":"ReadAction","target":["https:\/\/exceladvisor.org\/it\/applicare-piu-filtri\/"]}]},{"@type":"ImageObject","inLanguage":"it-IT","@id":"https:\/\/exceladvisor.org\/it\/applicare-piu-filtri\/#primaryimage","url":"https:\/\/exceladvisor.org\/wp-content\/uploads\/2023\/08\/1-appliquer-plusieurs-filtres.png","contentUrl":"https:\/\/exceladvisor.org\/wp-content\/uploads\/2023\/08\/1-appliquer-plusieurs-filtres.png"},{"@type":"BreadcrumbList","@id":"https:\/\/exceladvisor.org\/it\/applicare-piu-filtri\/#breadcrumb","itemListElement":[{"@type":"ListItem","position":1,"name":"Home","item":"https:\/\/exceladvisor.org\/it\/"},{"@type":"ListItem","position":2,"name":"Come applicare pi\u00f9 filtri alle colonne in excel?"}]},{"@type":"WebSite","@id":"https:\/\/exceladvisor.org\/it\/#website","url":"https:\/\/exceladvisor.org\/it\/","name":"Excel Advisor","description":"Tips, Tricks, and Time-Saving Hacks","publisher":{"@id":"https:\/\/exceladvisor.org\/it\/#organization"},"potentialAction":[{"@type":"SearchAction","target":{"@type":"EntryPoint","urlTemplate":"https:\/\/exceladvisor.org\/it\/?s={search_term_string}"},"query-input":{"@type":"PropertyValueSpecification","valueRequired":true,"valueName":"search_term_string"}}],"inLanguage":"it-IT"},{"@type":"Organization","@id":"https:\/\/exceladvisor.org\/it\/#organization","name":"Excel Advisor","url":"https:\/\/exceladvisor.org\/it\/","logo":{"@type":"ImageObject","inLanguage":"it-IT","@id":"https:\/\/exceladvisor.org\/it\/#\/schema\/logo\/image\/","url":"https:\/\/exceladvisor.org\/it\/wp-content\/uploads\/2023\/12\/exceladvisor.org_.png","contentUrl":"https:\/\/exceladvisor.org\/it\/wp-content\/uploads\/2023\/12\/exceladvisor.org_.png","width":105,"height":36,"caption":"Excel Advisor"},"image":{"@id":"https:\/\/exceladvisor.org\/it\/#\/schema\/logo\/image\/"}}]}},"yoast_meta":{"yoast_wpseo_title":"","yoast_wpseo_metadesc":"","yoast_wpseo_canonical":""},"_links":{"self":[{"href":"https:\/\/exceladvisor.org\/it\/wp-json\/wp\/v2\/pages\/1896","targetHints":{"allow":["GET"]}}],"collection":[{"href":"https:\/\/exceladvisor.org\/it\/wp-json\/wp\/v2\/pages"}],"about":[{"href":"https:\/\/exceladvisor.org\/it\/wp-json\/wp\/v2\/types\/page"}],"author":[{"embeddable":true,"href":"https:\/\/exceladvisor.org\/it\/wp-json\/wp\/v2\/users\/1"}],"replies":[{"embeddable":true,"href":"https:\/\/exceladvisor.org\/it\/wp-json\/wp\/v2\/comments?post=1896"}],"version-history":[{"count":1,"href":"https:\/\/exceladvisor.org\/it\/wp-json\/wp\/v2\/pages\/1896\/revisions"}],"predecessor-version":[{"id":2320,"href":"https:\/\/exceladvisor.org\/it\/wp-json\/wp\/v2\/pages\/1896\/revisions\/2320"}],"wp:attachment":[{"href":"https:\/\/exceladvisor.org\/it\/wp-json\/wp\/v2\/media?parent=1896"}],"curies":[{"name":"wp","href":"https:\/\/api.w.org\/{rel}","templated":true}]}}