{"id":1899,"date":"2023-10-29T07:29:55","date_gmt":"2023-10-29T07:29:55","guid":{"rendered":"https:\/\/exceladvisor.org\/it\/recuperare-file-non-salvati\/"},"modified":"2023-12-10T06:24:58","modified_gmt":"2023-12-10T06:24:58","slug":"recuperare-file-non-salvati","status":"publish","type":"page","link":"https:\/\/exceladvisor.org\/it\/recuperare-file-non-salvati\/","title":{"rendered":"Come recuperare file excel non salvati?"},"content":{"rendered":"<div class=\"excel-prima-del-contenuto\" id=\"excel-1730644169\"><script type=\"text\/javascript\">\r\n\tatOptions = {\r\n\t\t'key' : 'c1158f160081d6540a8409e6925dab94',\r\n\t\t'format' : 'iframe',\r\n\t\t'height' : 250,\r\n\t\t'width' : 300,\r\n\t\t'params' : {}\r\n\t};\r\n<\/script>\r\n<script type=\"text\/javascript\" src=\"\/\/www.highperformanceformat.com\/c1158f160081d6540a8409e6925dab94\/invoke.js\"><\/script><\/div> <p>Ci sono alcune cose che odio con tutto il cuore e un Microsoft Excel rotto \u00e8 una di quelle cose.<\/p><p> Pensa in questo modo, stai lavorando su un rapporto importante e all&#8217;improvviso l&#8217;applicazione si blocca e ricevi un messaggio &#8220;Excel non risponde&#8221; o &#8220;Excel ha smesso di funzionare&#8221;.<\/p><p> Bene, \u00e8 fantastico se hai salvato la cartella di lavoro, ma se non lo fai, \u00e8 quasi come se il mondo stesse per finire. Il fatto \u00e8 che tu e noi non possiamo evitare questo genere di cose perch\u00e9 tutto dipende dalle prestazioni del sistema.<\/p><p> Ma la buona notizia \u00e8: in Excel possiamo utilizzare alcune opzioni e funzionalit\u00e0 per recuperare un file non salvato e recuperare il nostro lavoro.<\/p><p> Oggi in questo articolo vorrei condividere con voi questi <span style=\"font-family: inherit;\">semplici passaggi per recuperare file Excel non salvati<\/span> e tutti i punti importanti ad essi correlati.<\/p><h2 id=\"t-1597937604944\" class=\"wp-block-heading\"> Abilita\/Configura l&#8217;opzione di salvataggio automatico per recuperare i file<\/h2><p> In Excel esiste una funzione di &#8220;Salvataggio automatico&#8221; che consente di salvare i file [temporaneamente] anche se non li hai salvati. Per configurarlo:<\/p><ul><li> Innanzitutto, vai alla scheda File e fai clic sulle opzioni. <\/li><\/ul><div class=\"wp-block-image\"><figure class=\"aligncenter\"><img decoding=\"async\" src=\"https:\/\/exceladvisor.org\/wp-content\/uploads\/2023\/08\/pour-activer-lenregistrement-automatique-cliquez-sur-les-options-de-longlet-fichier-pour-recuperer-les-fichiers-non-enregistres-apres-cela-1.png\" sizes=\"\" srcset=\"\" alt=\"Per abilitare il salvataggio automatico, fai clic sulle opzioni nella scheda File per recuperare successivamente i file non salvati\"><\/figure><\/div><ul><li> Ora, nella finestra delle opzioni, fai clic sulla scheda Salva. <\/li><\/ul><div class=\"wp-block-image\"><figure class=\"aligncenter\"><img decoding=\"async\" src=\"https:\/\/exceladvisor.org\/wp-content\/uploads\/2023\/08\/pour-activer-lenregistrement-automatique-cliquez-sur-longlet-Enregistrer-pour-recuperer-les-fichiers-non-enregistres-apres-cela-1.png\" sizes=\"\" srcset=\"\" alt=\"Per abilitare il salvataggio automatico, fare clic sulla scheda Salva per recuperare successivamente i file non salvati\"><\/figure><\/div><ul><li> Ecco queste tre opzioni che puoi configurare in base alle tue esigenze. <\/li><\/ul><div class=\"wp-block-image\"><figure class=\"aligncenter\"><img decoding=\"async\" src=\"https:\/\/exceladvisor.org\/wp-content\/uploads\/2023\/08\/pour-activer-lenregistrement-automatique-remplissez-les-trois-options-pour-recuperer-les-fichiers-non-enregistres-apres-cela-1.png\" sizes=\"\" srcset=\"\" alt=\"Per abilitare il salvataggio automatico, completa successivamente tutte e tre le opzioni per recuperare i file non salvati\"><\/figure><\/div><ol><li> <strong>Salva file in questo formato<\/strong> : puoi scegliere il formato della cartella di lavoro in cui desideri salvare il file con il lavoro non salvato.<\/li><li> <strong>Salva opzione di ripristino automatico ogni<\/strong> : puoi impostare la durata in minuti per il salvataggio automatico del file.<\/li><li> <strong>Mantieni l&#8217;ultima versione di salvataggio automatico<\/strong> : la versione pi\u00f9 recente se chiudo senza salvare: crea versioni di backup di un file.<\/li><\/ol><p class=\"qt-tip\"> <strong>Nota importante:<\/strong> assicurati che la durata sia breve per ottenere pi\u00f9 versioni da salvare.<\/p><p> Oltre a questo, c&#8217;\u00e8 anche un&#8217;opzione di \u201cRipristino automatico\u201d che ti aiuta a recuperare l&#8217;ultima versione non salvata di un file (che viene salvata una volta). <\/p><div class=\"wp-block-image\"><figure class=\"aligncenter\"><img decoding=\"async\" src=\"https:\/\/exceladvisor.org\/wp-content\/uploads\/2023\/08\/volet-de-recuperation-automatique-pour-les-fichiers-non-enregistres-1.png\" sizes=\"\" srcset=\"\" alt=\"riquadro di ripristino automatico per i file non salvati\"><\/figure><\/div><p> La buona notizia \u00e8 che queste opzioni sono abilitate per impostazione predefinita e salvano permanentemente le cartelle di lavoro non salvate sul tuo sistema.<\/p><p class=\"qt-tip\"> <strong>Nota:<\/strong> lavorando con Excel per un po&#8217;, ho osservato che possono esserci tre diversi scenari in cui \u00e8 necessario ripristinare i file Excel.<\/p><h2 id=\"t-1597937604946\" class=\"wp-block-heading\"> (Recupero file Excel non salvati) Desideri recuperare il file non salvato con i dati<\/h2><p> Il primo caso \u00e8 quando stai lavorando su un file che non \u00e8 ancora stato salvato da nessuna parte subito prima di salvarlo, Excel si \u00e8 bloccato o lo chiudi senza salvarlo. Ecco i passaggi per recuperare un file che non hai ancora salvato.<\/p><ul><li> Innanzitutto, vai alla scheda File e fai clic su &#8220;Apri&#8221;. <\/li><\/ul><div class=\"wp-block-image\"><figure class=\"aligncenter\"><img decoding=\"async\" src=\"https:\/\/exceladvisor.org\/wp-content\/uploads\/2023\/08\/cliquez-sur-ouvrir-pour-recuperer-le-dossier-des-fichiers-non-enregistres-1.png\" sizes=\"\" srcset=\"\" alt=\"fare clic su Apri per ripristinare la cartella dei file non salvati\"><\/figure><\/div><ul><li> Ora fai clic su &#8220;Cartelle di lavoro recenti&#8221;. <\/li><\/ul><div class=\"wp-block-image\"><figure class=\"aligncenter\"><img decoding=\"async\" src=\"https:\/\/exceladvisor.org\/wp-content\/uploads\/2023\/08\/cliquez-sur-recent-pour-ouvrir-le-dossier-des-fichiers-non-enregistres-1.png\" sizes=\"\" srcset=\"\" alt=\"fare clic su recenti per aprire la cartella dei file non salvati\"><\/figure><\/div><ul><li> Successivamente, scorri fino alla fine e fai clic su &#8220;Ripristina cartelle di lavoro non salvate&#8221;. <\/li><\/ul><div class=\"wp-block-image\"><figure class=\"aligncenter\"><img decoding=\"async\" src=\"https:\/\/exceladvisor.org\/wp-content\/uploads\/2023\/08\/cliquez-sur-le-bouton-recuperer-le-classeur-non-enregistre-pour-ouvrir-le-dossier-1.png\" sizes=\"\" srcset=\"\" alt=\"Fare clic sul pulsante Ripristina cartella di lavoro non salvata per aprire la cartella\"><\/figure><\/div><ul><li> Dopo aver fatto clic su di esso, viene visualizzata una finestra di dialogo aperta e individuata in ( <span style=\"color: #0000ee; font-size: 15px;\"><code>C:Users\/UserName\/AppData\/Local\/Microsoft\/Office\/UnsavedFiles<\/code><\/span> ) dove Excel ha salvato una copia di tutte le cartelle di lavoro non salvate. <\/li><\/ul><div class=\"wp-block-image\"><figure class=\"aligncenter\"><img decoding=\"async\" src=\"https:\/\/exceladvisor.org\/wp-content\/uploads\/2023\/08\/selectionnez-le-fichier-dans-le-dossier-que-vous-souhaitez-ouvrir-1.png\" sizes=\"\" srcset=\"\" alt=\"seleziona il file nella cartella che desideri aprire\"><\/figure><\/div><ul><li> Selezionare la cartella di lavoro da aprire e fare clic su OK.<\/li><li> Una volta aperta una cartella di lavoro, viene visualizzato un messaggio di avviso per salvare questo file prima di utilizzarlo o apportarvi modifiche. <\/li><\/ul><div class=\"wp-block-image\"><figure class=\"aligncenter\"><img decoding=\"async\" src=\"https:\/\/exceladvisor.org\/wp-content\/uploads\/2023\/08\/enregistrer-en-tant-que-fichier-que-vous-souhaitez-ouvrir-le-fichier-non-enregistre-1.png\" sizes=\"\" srcset=\"\" alt=\"salva come file per aprire il file non salvato\"><\/figure><\/div><p class=\"qt-tip\"> <strong>Nota veloce:<\/strong> i file salvati da Excel come backup sono in formato &#8220;xlsb&#8221;. Pertanto, quando li salvi, assicurati di utilizzare il formato corretto.<\/p><h2 id=\"t-1597937604947\" class=\"wp-block-heading\"> (Recupero file Excel non salvati) Ho dimenticato di salvare i file o Excel si \u00e8 bloccato<\/h2><p> Ecco, questa \u00e8 la cosa che succede a tutti noi. Stiamo lavorando su un file che \u00e8 gi\u00e0 salvato da qualche parte. E, dopo l&#8217;aggiornamento, ci dimentichiamo di salvarlo o Excel si blocca. In questo caso, tutto ci\u00f2 che hai aggiornato andr\u00e0 perso.<\/p><p> Obiettivo&#8230; Obiettivo&#8230; Obiettivo&#8230;<\/p><p> Con l&#8217;opzione di ripristino automatico, puoi recuperare il file con tutti i dati aggiornati. Qui il punto \u00e8 semplice: quando riapri Excel ti mostra il \u201cRiquadro ripristino documenti\u201d con l&#8217;elenco di tutte le versioni non salvate dei file. <\/p><div class=\"wp-block-image\"><figure class=\"aligncenter\"><img decoding=\"async\" src=\"https:\/\/exceladvisor.org\/wp-content\/uploads\/2023\/08\/volet-de-recuperation-automatique-pour-les-fichiers-non-enregistres-1.png\" sizes=\"\" srcset=\"\" alt=\"riquadro di ripristino automatico per i file non salvati\"><\/figure><\/div><p> Puoi fare clic sul file che desideri aprire e una volta aperto, salvarlo.<\/p><h2 id=\"t-1597937604948\" class=\"wp-block-heading\"> (Recupero file Excel non salvati) Ottieni la versione precedente di una cartella di lavoro<\/h2><p> Se utilizzi Excel 2010 o versioni successive, puoi anche ripristinare la versione precedente di una cartella di lavoro. Questo pu\u00f2 essere utile se hai commesso un errore nel tuo lavoro che non pu\u00f2 essere annullato. Ecco i passaggi per farlo:<\/p><ul><li> Per prima cosa, fai clic sulla scheda \u201cFile\u201d e vai alla categoria \u201cInformazioni\u201d. <\/li><\/ul><div class=\"wp-block-image\"><figure class=\"aligncenter\"><img decoding=\"async\" src=\"https:\/\/exceladvisor.org\/wp-content\/uploads\/2023\/08\/cliquez-sur-info-pour-obtenir-la-version-dun-classeur-1.png\" sizes=\"\" srcset=\"\" alt=\"fare clic sulle informazioni per ottenere la versione di una cartella di lavoro\"><\/figure><\/div><ul><li> Qui hai un elenco di tutte le versioni della cartella di lavoro che puoi ripristinare. <\/li><\/ul><div class=\"wp-block-image\"><figure class=\"aligncenter\"><img decoding=\"async\" src=\"https:\/\/exceladvisor.org\/wp-content\/uploads\/2023\/08\/cliquez-sur-lune-des-versions-enregistrees-pour-louvrir-1.png\" sizes=\"\" srcset=\"\" alt=\"fare clic su una delle versioni salvate per aprirla\"><\/figure><\/div><ul><li> Quando fai clic su una versione, Excel apre quella versione con la versione corrente in modo da poter confrontare le due.<\/li><\/ul><p> Anche l&#8217;opzione di backup di salvataggio automatico funziona dietro a questo. Supponiamo che tu abbia specificato 10 minuti nell&#8217;opzione di salvataggio automatico e che Excel salvi una versione del tuo file ogni 10 minuti.<\/p><h2 id=\"t-1597937604949\" class=\"wp-block-heading\"> 3.1 Recupera la versione precedente di un file Excel da OneDrive<\/h2><p> Se sei come me e ti piace utilizzare l&#8217;archiviazione cloud per salvare i file, puoi anche recuperare la versione precedente di un file. In <a href=\"https:\/\/onedrive.live.com\/\" target=\"_blank\" rel=\"noreferrer noopener\">OneDrive<\/a> \u00e8 disponibile un&#8217;opzione per ottenere un elenco della vecchia versione di una cartella di lavoro di Excel. Segui questi semplici passaggi che puoi utilizzare:<\/p><ul><li> Apri OneDrive, quindi apri la cartella in cui \u00e8 salvato il file. <\/li><\/ul><div class=\"wp-block-image\"><figure class=\"aligncenter\"><img decoding=\"async\" src=\"https:\/\/exceladvisor.org\/wp-content\/uploads\/2023\/08\/dossier-ouvert-dans-un-lecteur-pour-obtenir-les-anciennes-versions-dun-fichier-1.png\" sizes=\"\" srcset=\"\" alt=\"cartella aperta in un'unit\u00e0 per ottenere versioni precedenti di un file\"><\/figure><\/div><ul><li> Successivamente, seleziona questo file e fai clic con il pulsante destro del mouse.<\/li><li> Ora fai clic su &#8220;Mostra cronologia&#8221; per aprire questo file in un&#8217;altra scheda. <\/li><\/ul><div class=\"wp-block-image\"><figure class=\"aligncenter\"><img decoding=\"async\" src=\"https:\/\/exceladvisor.org\/wp-content\/uploads\/2023\/08\/cliquez-sur-lhistorique-des-versions-pour-ouvrir-ce-classeur-1.png\" sizes=\"\" srcset=\"\" alt=\"fare clic su cronologia delle versioni per aprire questa cartella di lavoro\"><\/figure><\/div><ul><li> Qui sul lato sinistro della finestra hai un elenco di versioni che puoi aprire facendo clic su di esse. <\/li><\/ul><div class=\"wp-block-image\"><figure class=\"aligncenter\"><img decoding=\"async\" src=\"https:\/\/exceladvisor.org\/wp-content\/uploads\/2023\/08\/une-liste-des-anciennes-versions-de-fichiers-enregistrees-sur-un-lecteur-que-vous-pouvez-recuperer-1.png\" sizes=\"\" srcset=\"\" alt=\"un elenco delle vecchie versioni dei file salvati su un'unit\u00e0 che \u00e8 possibile ripristinare\"><\/figure><\/div><div class=\"wp-block-group more-box has-base-background-color has-background is-layout-flow\"><div class=\"wp-block-group__inner-container\"><h2 id=\"t-1597937604950\" class=\"wp-block-heading\"> Suggerimento bonus: recupera file Excel corrotti<\/h2><p> <a href=\"https:\/\/www.stellarinfo.com\/repair-excel-file.php\" target=\"_blank\" rel=\"noreferrer noopener nofollow\">Stellar Phoenix Excel Repair<\/a> \u00e8 uno dei software pi\u00f9 affidabili per riparare file MS Excel e recuperare tutti i componenti tra cui tabelle, grafici, fogli grafici, commenti di celle, immagini, formule, ordinamenti e filtri.<\/p><ol><li> Risolve gli errori che si verificano nei file MS Excel.<\/li><li> \u00c8 disponibile un&#8217;opzione di riparazione batch in cui il software ripara pi\u00f9 file Excel contemporaneamente.<\/li><li> Disponibile nelle versioni SOHO e Tech. La versione SOHO \u00e8 applicabile a un singolo sistema mentre la versione Tecnico supporta pi\u00f9 sistemi in un&#8217;unica posizione.<\/li><li> Supporta tutte le versioni di MS Excel inclusa l&#8217;ultima versione 2016 e versioni precedenti.<\/li><li> Supporta tutti i sistemi operativi Windows, inclusi Windows 10, 8.1, 8, 7, Vista e XP.<\/li><\/ol><\/div><\/div><div class=\"gb-container gb-container-4db6181c gb-container-mt\"> <a class=\"gb-button gb-button-c5897111 gb-button-text gb-button-mt-button\" href=\"https:\/\/exceladvisor.org\/it\/eccellere-in-anticipo\/\">Esercitazioni avanzate su Excel<\/a><h2 class=\"gb-headline gb-headline-665e5f6b gb-headline-text gb-headline-mt-heading\"> Tutorial correlati <\/h2><div class=\"gb-grid-wrapper gb-grid-wrapper-a20baf7c gb-grid-wrapper-mt-grid\"><div class=\"gb-grid-column gb-grid-column-65ddf67e\"><div class=\"gb-container gb-container-65ddf67e\"><ul><li> <a href=\"https:\/\/exceladvisor.org\/it\/riparare-il-file-excel-corrotto\/\">Ripara file Excel danneggiato<\/a><\/li><li> <a href=\"https:\/\/exceladvisor.org\/it\/xlsx-in-csv\/\">Salva file Excel (cartella di lavoro) in formato CSV (XLSX TO CSV)<\/a><\/li><li> <a href=\"https:\/\/exceladvisor.org\/it\/nascondi-mostra-cartella-di-lavoro\/\">Nascondere e mostrare una cartella di lavoro in Excel<\/a> <\/li><\/ul><\/div><\/div><div class=\"gb-grid-column gb-grid-column-50067b57\"><div class=\"gb-container gb-container-50067b57\"><ul><li> <a href=\"https:\/\/exceladvisor.org\/it\/copiare-la-cartella-di-lavoro\/\">Crea una copia della cartella di lavoro di Excel (file)<\/a><\/li><li> <a href=\"https:\/\/exceladvisor.org\/it\/aprire-il-file-di-testo\/\">Apri un file di testo in Excel (.TXT)<\/a><\/li><li> <a href=\"https:\/\/exceladvisor.org\/it\/salvare-file-excel-mac\/\">Salvare un file Excel su Mac (cartella di lavoro)<\/a><\/li><\/ul><\/div><\/div><\/div><\/div>","protected":false},"excerpt":{"rendered":"","protected":false},"author":1,"featured_media":0,"parent":0,"menu_order":0,"comment_status":"open","ping_status":"closed","template":"","meta":{"ub_ctt_via":"","footnotes":""},"class_list":["post-1899","page","type-page","status-publish","hentry"],"featured_image_src":null,"yoast_head":"<!-- This site is optimized with the Yoast SEO plugin v25.4 - https:\/\/yoast.com\/wordpress\/plugins\/seo\/ -->\n<title>\u25b7 Come recuperare file Excel non salvati?<\/title>\n<meta name=\"description\" content=\"Pensa in questo modo, stai lavorando su un rapporto importante e all&#039;improvviso l&#039;applicazione si blocca e ricevi un messaggio...\" \/>\n<meta name=\"robots\" content=\"index, follow, max-snippet:-1, max-image-preview:large, max-video-preview:-1\" \/>\n<link rel=\"canonical\" href=\"https:\/\/exceladvisor.org\/it\/recuperare-file-non-salvati\/\" \/>\n<meta property=\"og:locale\" content=\"it_IT\" \/>\n<meta property=\"og:type\" content=\"article\" \/>\n<meta property=\"og:title\" content=\"\u25b7 Come recuperare file Excel non salvati?\" \/>\n<meta property=\"og:description\" content=\"Pensa in questo modo, stai lavorando su un rapporto importante e all&#039;improvviso l&#039;applicazione si blocca e ricevi un messaggio...\" \/>\n<meta property=\"og:url\" content=\"https:\/\/exceladvisor.org\/it\/recuperare-file-non-salvati\/\" \/>\n<meta property=\"og:site_name\" content=\"Excel Advisor\" \/>\n<meta property=\"article:modified_time\" content=\"2023-12-10T06:24:58+00:00\" \/>\n<meta property=\"og:image\" content=\"https:\/\/exceladvisor.org\/wp-content\/uploads\/2023\/08\/pour-activer-lenregistrement-automatique-cliquez-sur-les-options-de-longlet-fichier-pour-recuperer-les-fichiers-non-enregistres-apres-cela-1.png\" \/>\n<meta name=\"twitter:card\" content=\"summary_large_image\" \/>\n<meta name=\"twitter:label1\" content=\"Tempo di lettura stimato\" \/>\n\t<meta name=\"twitter:data1\" content=\"5 minuti\" \/>\n<script type=\"application\/ld+json\" class=\"yoast-schema-graph\">{\"@context\":\"https:\/\/schema.org\",\"@graph\":[{\"@type\":\"WebPage\",\"@id\":\"https:\/\/exceladvisor.org\/it\/recuperare-file-non-salvati\/\",\"url\":\"https:\/\/exceladvisor.org\/it\/recuperare-file-non-salvati\/\",\"name\":\"\u25b7 Come recuperare file Excel non salvati?\",\"isPartOf\":{\"@id\":\"https:\/\/exceladvisor.org\/it\/#website\"},\"primaryImageOfPage\":{\"@id\":\"https:\/\/exceladvisor.org\/it\/recuperare-file-non-salvati\/#primaryimage\"},\"image\":{\"@id\":\"https:\/\/exceladvisor.org\/it\/recuperare-file-non-salvati\/#primaryimage\"},\"thumbnailUrl\":\"https:\/\/exceladvisor.org\/wp-content\/uploads\/2023\/08\/pour-activer-lenregistrement-automatique-cliquez-sur-les-options-de-longlet-fichier-pour-recuperer-les-fichiers-non-enregistres-apres-cela-1.png\",\"datePublished\":\"2023-10-29T07:29:55+00:00\",\"dateModified\":\"2023-12-10T06:24:58+00:00\",\"description\":\"Pensa in questo modo, stai lavorando su un rapporto importante e all&#39;improvviso l&#39;applicazione si blocca e ricevi un messaggio...\",\"breadcrumb\":{\"@id\":\"https:\/\/exceladvisor.org\/it\/recuperare-file-non-salvati\/#breadcrumb\"},\"inLanguage\":\"it-IT\",\"potentialAction\":[{\"@type\":\"ReadAction\",\"target\":[\"https:\/\/exceladvisor.org\/it\/recuperare-file-non-salvati\/\"]}]},{\"@type\":\"ImageObject\",\"inLanguage\":\"it-IT\",\"@id\":\"https:\/\/exceladvisor.org\/it\/recuperare-file-non-salvati\/#primaryimage\",\"url\":\"https:\/\/exceladvisor.org\/wp-content\/uploads\/2023\/08\/pour-activer-lenregistrement-automatique-cliquez-sur-les-options-de-longlet-fichier-pour-recuperer-les-fichiers-non-enregistres-apres-cela-1.png\",\"contentUrl\":\"https:\/\/exceladvisor.org\/wp-content\/uploads\/2023\/08\/pour-activer-lenregistrement-automatique-cliquez-sur-les-options-de-longlet-fichier-pour-recuperer-les-fichiers-non-enregistres-apres-cela-1.png\"},{\"@type\":\"BreadcrumbList\",\"@id\":\"https:\/\/exceladvisor.org\/it\/recuperare-file-non-salvati\/#breadcrumb\",\"itemListElement\":[{\"@type\":\"ListItem\",\"position\":1,\"name\":\"Home\",\"item\":\"https:\/\/exceladvisor.org\/it\/\"},{\"@type\":\"ListItem\",\"position\":2,\"name\":\"Come recuperare file excel non salvati?\"}]},{\"@type\":\"WebSite\",\"@id\":\"https:\/\/exceladvisor.org\/it\/#website\",\"url\":\"https:\/\/exceladvisor.org\/it\/\",\"name\":\"Excel Advisor\",\"description\":\"Tips, Tricks, and Time-Saving Hacks\",\"publisher\":{\"@id\":\"https:\/\/exceladvisor.org\/it\/#organization\"},\"potentialAction\":[{\"@type\":\"SearchAction\",\"target\":{\"@type\":\"EntryPoint\",\"urlTemplate\":\"https:\/\/exceladvisor.org\/it\/?s={search_term_string}\"},\"query-input\":{\"@type\":\"PropertyValueSpecification\",\"valueRequired\":true,\"valueName\":\"search_term_string\"}}],\"inLanguage\":\"it-IT\"},{\"@type\":\"Organization\",\"@id\":\"https:\/\/exceladvisor.org\/it\/#organization\",\"name\":\"Excel Advisor\",\"url\":\"https:\/\/exceladvisor.org\/it\/\",\"logo\":{\"@type\":\"ImageObject\",\"inLanguage\":\"it-IT\",\"@id\":\"https:\/\/exceladvisor.org\/it\/#\/schema\/logo\/image\/\",\"url\":\"https:\/\/exceladvisor.org\/it\/wp-content\/uploads\/2023\/12\/exceladvisor.org_.png\",\"contentUrl\":\"https:\/\/exceladvisor.org\/it\/wp-content\/uploads\/2023\/12\/exceladvisor.org_.png\",\"width\":105,\"height\":36,\"caption\":\"Excel Advisor\"},\"image\":{\"@id\":\"https:\/\/exceladvisor.org\/it\/#\/schema\/logo\/image\/\"}}]}<\/script>\n<!-- \/ Yoast SEO plugin. -->","yoast_head_json":{"title":"\u25b7 Come recuperare file Excel non salvati?","description":"Pensa in questo modo, stai lavorando su un rapporto importante e all&#39;improvviso l&#39;applicazione si blocca e ricevi un messaggio...","robots":{"index":"index","follow":"follow","max-snippet":"max-snippet:-1","max-image-preview":"max-image-preview:large","max-video-preview":"max-video-preview:-1"},"canonical":"https:\/\/exceladvisor.org\/it\/recuperare-file-non-salvati\/","og_locale":"it_IT","og_type":"article","og_title":"\u25b7 Come recuperare file Excel non salvati?","og_description":"Pensa in questo modo, stai lavorando su un rapporto importante e all&#39;improvviso l&#39;applicazione si blocca e ricevi un messaggio...","og_url":"https:\/\/exceladvisor.org\/it\/recuperare-file-non-salvati\/","og_site_name":"Excel Advisor","article_modified_time":"2023-12-10T06:24:58+00:00","og_image":[{"url":"https:\/\/exceladvisor.org\/wp-content\/uploads\/2023\/08\/pour-activer-lenregistrement-automatique-cliquez-sur-les-options-de-longlet-fichier-pour-recuperer-les-fichiers-non-enregistres-apres-cela-1.png","type":"","width":"","height":""}],"twitter_card":"summary_large_image","twitter_misc":{"Tempo di lettura stimato":"5 minuti"},"schema":{"@context":"https:\/\/schema.org","@graph":[{"@type":"WebPage","@id":"https:\/\/exceladvisor.org\/it\/recuperare-file-non-salvati\/","url":"https:\/\/exceladvisor.org\/it\/recuperare-file-non-salvati\/","name":"\u25b7 Come recuperare file Excel non salvati?","isPartOf":{"@id":"https:\/\/exceladvisor.org\/it\/#website"},"primaryImageOfPage":{"@id":"https:\/\/exceladvisor.org\/it\/recuperare-file-non-salvati\/#primaryimage"},"image":{"@id":"https:\/\/exceladvisor.org\/it\/recuperare-file-non-salvati\/#primaryimage"},"thumbnailUrl":"https:\/\/exceladvisor.org\/wp-content\/uploads\/2023\/08\/pour-activer-lenregistrement-automatique-cliquez-sur-les-options-de-longlet-fichier-pour-recuperer-les-fichiers-non-enregistres-apres-cela-1.png","datePublished":"2023-10-29T07:29:55+00:00","dateModified":"2023-12-10T06:24:58+00:00","description":"Pensa in questo modo, stai lavorando su un rapporto importante e all&#39;improvviso l&#39;applicazione si blocca e ricevi un messaggio...","breadcrumb":{"@id":"https:\/\/exceladvisor.org\/it\/recuperare-file-non-salvati\/#breadcrumb"},"inLanguage":"it-IT","potentialAction":[{"@type":"ReadAction","target":["https:\/\/exceladvisor.org\/it\/recuperare-file-non-salvati\/"]}]},{"@type":"ImageObject","inLanguage":"it-IT","@id":"https:\/\/exceladvisor.org\/it\/recuperare-file-non-salvati\/#primaryimage","url":"https:\/\/exceladvisor.org\/wp-content\/uploads\/2023\/08\/pour-activer-lenregistrement-automatique-cliquez-sur-les-options-de-longlet-fichier-pour-recuperer-les-fichiers-non-enregistres-apres-cela-1.png","contentUrl":"https:\/\/exceladvisor.org\/wp-content\/uploads\/2023\/08\/pour-activer-lenregistrement-automatique-cliquez-sur-les-options-de-longlet-fichier-pour-recuperer-les-fichiers-non-enregistres-apres-cela-1.png"},{"@type":"BreadcrumbList","@id":"https:\/\/exceladvisor.org\/it\/recuperare-file-non-salvati\/#breadcrumb","itemListElement":[{"@type":"ListItem","position":1,"name":"Home","item":"https:\/\/exceladvisor.org\/it\/"},{"@type":"ListItem","position":2,"name":"Come recuperare file excel non salvati?"}]},{"@type":"WebSite","@id":"https:\/\/exceladvisor.org\/it\/#website","url":"https:\/\/exceladvisor.org\/it\/","name":"Excel Advisor","description":"Tips, Tricks, and Time-Saving Hacks","publisher":{"@id":"https:\/\/exceladvisor.org\/it\/#organization"},"potentialAction":[{"@type":"SearchAction","target":{"@type":"EntryPoint","urlTemplate":"https:\/\/exceladvisor.org\/it\/?s={search_term_string}"},"query-input":{"@type":"PropertyValueSpecification","valueRequired":true,"valueName":"search_term_string"}}],"inLanguage":"it-IT"},{"@type":"Organization","@id":"https:\/\/exceladvisor.org\/it\/#organization","name":"Excel Advisor","url":"https:\/\/exceladvisor.org\/it\/","logo":{"@type":"ImageObject","inLanguage":"it-IT","@id":"https:\/\/exceladvisor.org\/it\/#\/schema\/logo\/image\/","url":"https:\/\/exceladvisor.org\/it\/wp-content\/uploads\/2023\/12\/exceladvisor.org_.png","contentUrl":"https:\/\/exceladvisor.org\/it\/wp-content\/uploads\/2023\/12\/exceladvisor.org_.png","width":105,"height":36,"caption":"Excel Advisor"},"image":{"@id":"https:\/\/exceladvisor.org\/it\/#\/schema\/logo\/image\/"}}]}},"yoast_meta":{"yoast_wpseo_title":"","yoast_wpseo_metadesc":"","yoast_wpseo_canonical":""},"_links":{"self":[{"href":"https:\/\/exceladvisor.org\/it\/wp-json\/wp\/v2\/pages\/1899","targetHints":{"allow":["GET"]}}],"collection":[{"href":"https:\/\/exceladvisor.org\/it\/wp-json\/wp\/v2\/pages"}],"about":[{"href":"https:\/\/exceladvisor.org\/it\/wp-json\/wp\/v2\/types\/page"}],"author":[{"embeddable":true,"href":"https:\/\/exceladvisor.org\/it\/wp-json\/wp\/v2\/users\/1"}],"replies":[{"embeddable":true,"href":"https:\/\/exceladvisor.org\/it\/wp-json\/wp\/v2\/comments?post=1899"}],"version-history":[{"count":1,"href":"https:\/\/exceladvisor.org\/it\/wp-json\/wp\/v2\/pages\/1899\/revisions"}],"predecessor-version":[{"id":2619,"href":"https:\/\/exceladvisor.org\/it\/wp-json\/wp\/v2\/pages\/1899\/revisions\/2619"}],"wp:attachment":[{"href":"https:\/\/exceladvisor.org\/it\/wp-json\/wp\/v2\/media?parent=1899"}],"curies":[{"name":"wp","href":"https:\/\/api.w.org\/{rel}","templated":true}]}}