{"id":1900,"date":"2023-10-29T07:03:01","date_gmt":"2023-10-29T07:03:01","guid":{"rendered":"https:\/\/exceladvisor.org\/it\/riparare-il-file-excel-corrotto\/"},"modified":"2023-12-10T06:25:22","modified_gmt":"2023-12-10T06:25:22","slug":"riparare-il-file-excel-corrotto","status":"publish","type":"page","link":"https:\/\/exceladvisor.org\/it\/riparare-il-file-excel-corrotto\/","title":{"rendered":"Come riparare un file excel corrotto?"},"content":{"rendered":"<div class=\"excel-prima-del-contenuto\" id=\"excel-4046089628\"><script type=\"text\/javascript\">\r\n\tatOptions = {\r\n\t\t'key' : 'c1158f160081d6540a8409e6925dab94',\r\n\t\t'format' : 'iframe',\r\n\t\t'height' : 250,\r\n\t\t'width' : 300,\r\n\t\t'params' : {}\r\n\t};\r\n<\/script>\r\n<script type=\"text\/javascript\" src=\"\/\/www.highperformanceformat.com\/c1158f160081d6540a8409e6925dab94\/invoke.js\"><\/script><\/div> <p>C&#8217;\u00e8 una cosa di Microsoft Excel che non piace alla maggior parte degli utenti di Excel: pu\u00f2 danneggiarsi in qualsiasi momento senza alcun preavviso. Sono sicuro che puoi capire questo problema. Esistono diversi modi per risolvere questo problema quando lo affronti, ma oggi vorrei condividere i dettagli su uno strumento.<\/p><p> <a href=\"https:\/\/www.stellarinfo.com\/repair-excel-file.php\" target=\"_blank\" rel=\"nofollow noopener noreferrer\"><strong>Software di riparazione Excel di Stellar<\/strong><\/a> <\/p><div class=\"wp-block-image\"><figure class=\"aligncenter\"><img decoding=\"async\" title=\"riparazione excel\" src=\"https:\/\/exceladvisor.org\/wp-content\/uploads\/2023\/08\/reparation-excel.png\" sizes=\"\" srcset=\"\" alt=\"excel repair\"><\/figure><\/div><p> Non solo lo condivider\u00f2, ma lo esaminer\u00f2 anche utilizzando tutte le funzionalit\u00e0 che ti aiuteranno a decidere se puoi fare affidamento su di esso per i tuoi file Excel. Quindi iniziamo. <\/p><div class=\"wp-block-image\"><figure class=\"aligncenter is-resized\"><img loading=\"lazy\" decoding=\"async\" title=\"riparare-file-excel-corrotto\" src=\"https:\/\/exceladvisor.org\/wp-content\/uploads\/2023\/08\/reparer-le-fichier-excel-corrompu-2.jpg\" sizes=\"auto, \" srcset=\"\" alt=\"fix corrupt excel file\" width=\"632\" height=\"421\"><\/figure><\/div><h2 class=\"wp-block-heading\"> <strong>Come installarlo<\/strong><\/h2><p> \u00c8 possibile scaricare una versione di prova gratuita dal sito Web STELLAR. Una volta scaricato, tutto ci\u00f2 che devi fare \u00e8 installarlo aprendo il file.<\/p><h2 class=\"wp-block-heading\"> <strong>caratteristiche principali<\/strong><\/h2><p> Di seguito sono elencate alcune delle caratteristiche principali di Stellar Excel Repair:<\/p><ol><li> <strong>Risolve tutti gli errori di corruzione:<\/strong> possono esserci diversi motivi per cui un file Excel viene danneggiato e li risolve tutti.<\/li><li> <strong>Recupera la maggior parte delle funzionalit\u00e0 della cartella di lavoro:<\/strong> normalmente nella cartella di lavoro sono presenti diversi elementi, come grafici, tabelle pivot e formule. Raccoglie tutte queste cose per te.<\/li><li> <strong>Proteggi le propriet\u00e0 della cartella di lavoro:<\/strong> preserva inoltre tutte le propriet\u00e0 della cartella di lavoro di Excel, come la formattazione delle celle.<\/li><li> <strong>Funziona con tutte le versioni di Excel:<\/strong> pu\u00f2 recuperare file Excel per tutte le versioni di Excel (2019, 2016, 2013, 2010, 2007, 2003 e 2000).<\/li><li> <strong>Ripara pi\u00f9 file:<\/strong> se hai pi\u00f9 file Excel danneggiati, puoi ripararli tutti in una volta sola.<\/li><\/ol><h2 class=\"wp-block-heading\"> <strong>Come riparare file Excel corrotti con Stellar Repair for Excel<\/strong><\/h2><p> Per riparare il tuo file Excel corrotto con l&#8217;applicazione Stellar, devi seguire i passaggi seguenti.<\/p><ul><li> Prima di tutto, apri l&#8217;applicazione Stellar Repair for Excel e fai clic sul pulsante di selezione del file. <\/li><\/ul><div class=\"wp-block-image\"><figure class=\"aligncenter is-resized\"><img loading=\"lazy\" decoding=\"async\" title=\"01-seleziona-file-nell'applicazione-di-riparazione-stellare\" src=\"https:\/\/exceladvisor.org\/wp-content\/uploads\/2023\/08\/01-selectionnez-le-fichier-dans-lapplication-de-reparation-stellaire.png\" sizes=\"auto, \" srcset=\"\" alt=\"01-select-file-in-stellar-repair-application\" width=\"290\" height=\"130\"><\/figure><\/div><ul><li> Nella finestra di selezione del file, individua il file, selezionalo e fai clic su &#8220;Apri&#8221; per aggiungerlo all&#8217;elenco delle riparazioni. <\/li><\/ul><div class=\"wp-block-image\"><figure class=\"aligncenter is-resized\"><img loading=\"lazy\" decoding=\"async\" title=\"02-apri-file-con-finestra-di-dialogo-apri-file\" src=\"https:\/\/exceladvisor.org\/wp-content\/uploads\/2023\/08\/02-ouvrir-le-fichier-avec-la-boite-de-dialogue-douverture-de-fichier.png\" sizes=\"auto, \" srcset=\"\" alt=\"02-open-the-file-with-open-file-dialogbox\" width=\"688\" height=\"339\"><\/figure><\/div><ul><li> A questo punto hai una finestra di dialogo dove puoi aggiungere altri file se lo desideri. (Come ho detto prima, puoi utilizzare la riparazione di pi\u00f9 file con questa applicazione). <\/li><\/ul><div class=\"wp-block-image\"><figure class=\"aligncenter is-resized\"><img loading=\"lazy\" decoding=\"async\" title=\"03-elenco-dei-file-da-riparare\" src=\"https:\/\/exceladvisor.org\/wp-content\/uploads\/2023\/08\/03-liste-des-fichiers-a-reparer.png\" sizes=\"auto, \" srcset=\"\" alt=\"03-list-of-files-to-repair\" width=\"543\" height=\"470\"><\/figure><\/div><ul><li> Da l\u00ec, fai clic sul pulsante Ripara per riparare il file. Ci vogliono alcuni secondi per riparare il tuo file. <\/li><\/ul><div class=\"wp-block-image\"><figure class=\"aligncenter is-resized\"><img loading=\"lazy\" decoding=\"async\" title=\"04-elaborazione-per-riparare-un-file-excel'\" src=\"https:\/\/exceladvisor.org\/wp-content\/uploads\/2023\/08\/04-traitement-pour-reparer-un-fichier-excel.png\" sizes=\"auto, \" srcset=\"\" alt=\"04-processing-to-repair-an-excel-file'\" width=\"446\" height=\"58\"><\/figure><\/div><ul><li> Una volta terminato, puoi vedere il messaggio nel rapporto di registro. <\/li><\/ul><div class=\"wp-block-image\"><figure class=\"aligncenter is-resized\"><img loading=\"lazy\" decoding=\"async\" title=\"05-log-report-quando-il-file-viene-riparato\" src=\"https:\/\/exceladvisor.org\/wp-content\/uploads\/2023\/08\/05-rapport-de-journal-lorsque-le-fichier-est-repare.png\" sizes=\"auto, \" srcset=\"\" alt=\"05-log-report-when-file-get-repaired\" width=\"396\" height=\"142\"><\/figure><\/div><ul><li> Una volta terminato, puoi vedere il messaggio nel rapporto di registro.<\/li><\/ul><h2 class=\"wp-block-heading\"> <strong>Vale davvero $ 39?<\/strong><\/h2><p> Come ho detto, puoi scaricare la versione di prova GRATUITA dal sito STELLER e se vuoi avere la versione completa, devi acquistarla per $ 39. Ora la domanda \u00e8: <strong>vale davvero 39$?<\/strong> Recentemente su Excel Advisor, abbiamo posto ai nostri lettori una breve domanda se i loro file Excel fossero mai stati danneggiati. <\/p><div class=\"wp-block-image\"><figure class=\"aligncenter\"><img decoding=\"async\" title=\"indagando su file Excel corrotti\" src=\"https:\/\/exceladvisor.org\/wp-content\/uploads\/2023\/08\/enquete-sur-les-fichiers-excel-corrompus.png\" sizes=\"\" srcset=\"\" alt=\"survey about corrupt excel files\"><\/figure><\/div><p> Ebbene, il 50% delle persone ha detto &#8220;S\u00cc&#8221;, se ne sono occupati. Il punto che sto cercando di sottolineare \u00e8 che anche se puoi recuperare un file Excel, hai ancora la paura di perdere dati. Ma con Stellar puoi recuperare il tuo file Excel con tutti i dati che hai al suo interno. Questa \u00e8 una GRANDE VITTORIA.<\/p><p> E non dimenticare di condividere questo post con i tuoi amici, sono sicuro che gli piacer\u00e0.<\/p><div class=\"gb-container gb-container-4db6181c gb-container-mt\"> <a class=\"gb-button gb-button-c5897111 gb-button-text gb-button-mt-button\" href=\"https:\/\/exceladvisor.org\/it\/eccellere-in-anticipo\/\">Esercitazioni avanzate su Excel<\/a><h2 class=\"gb-headline gb-headline-665e5f6b gb-headline-text gb-headline-mt-heading\"> Tutorial correlati <\/h2><div class=\"gb-grid-wrapper gb-grid-wrapper-a20baf7c gb-grid-wrapper-mt-grid\"><div class=\"gb-grid-column gb-grid-column-65ddf67e\"><div class=\"gb-container gb-container-65ddf67e\"><ul><li> <a href=\"https:\/\/exceladvisor.org\/it\/recuperare-file-non-salvati\/\">Recupera i file Excel non salvati quando Excel si arresta in modo anomalo<\/a><\/li><li> <a href=\"https:\/\/exceladvisor.org\/it\/xlsx-in-csv\/\">Salva file Excel (cartella di lavoro) in formato CSV (XLSX TO CSV)<\/a><\/li><li> <a href=\"https:\/\/exceladvisor.org\/it\/nascondi-mostra-cartella-di-lavoro\/\">Nascondere e mostrare una cartella di lavoro in Excel<\/a> <\/li><\/ul><\/div><\/div><div class=\"gb-grid-column gb-grid-column-50067b57\"><div class=\"gb-container gb-container-50067b57\"><ul><li> <a href=\"https:\/\/exceladvisor.org\/it\/copiare-la-cartella-di-lavoro\/\">Crea una copia della cartella di lavoro di Excel (file)<\/a><\/li><li> <a href=\"https:\/\/exceladvisor.org\/it\/aprire-il-file-di-testo\/\">Apri un file di testo in Excel (.TXT)<\/a><\/li><li> <a href=\"https:\/\/exceladvisor.org\/it\/salvare-file-excel-mac\/\">Salvare un file Excel su Mac (cartella di lavoro)<\/a><\/li><\/ul><\/div><\/div><\/div><\/div>","protected":false},"excerpt":{"rendered":"","protected":false},"author":1,"featured_media":0,"parent":0,"menu_order":0,"comment_status":"open","ping_status":"closed","template":"","meta":{"ub_ctt_via":"","footnotes":""},"class_list":["post-1900","page","type-page","status-publish","hentry"],"featured_image_src":null,"yoast_head":"<!-- This site is optimized with the Yoast SEO plugin v25.4 - https:\/\/yoast.com\/wordpress\/plugins\/seo\/ -->\n<title>I passaggi per riparare file Excel corrotti in pochissimo tempo<\/title>\n<meta name=\"description\" content=\"Il tuo file Excel \u00e8 danneggiato? Scopri come riparare file Excel corrotti in modo rapido e semplice adesso.\" \/>\n<meta name=\"robots\" content=\"index, follow, max-snippet:-1, max-image-preview:large, max-video-preview:-1\" \/>\n<link rel=\"canonical\" href=\"https:\/\/exceladvisor.org\/it\/riparare-il-file-excel-corrotto\/\" \/>\n<meta property=\"og:locale\" content=\"it_IT\" \/>\n<meta property=\"og:type\" content=\"article\" \/>\n<meta property=\"og:title\" content=\"I passaggi per riparare file Excel corrotti in pochissimo tempo\" \/>\n<meta property=\"og:description\" content=\"Il tuo file Excel \u00e8 danneggiato? Scopri come riparare file Excel corrotti in modo rapido e semplice adesso.\" \/>\n<meta property=\"og:url\" content=\"https:\/\/exceladvisor.org\/it\/riparare-il-file-excel-corrotto\/\" \/>\n<meta property=\"og:site_name\" content=\"Excel Advisor\" \/>\n<meta property=\"article:modified_time\" content=\"2023-12-10T06:25:22+00:00\" \/>\n<meta property=\"og:image\" content=\"https:\/\/exceladvisor.org\/wp-content\/uploads\/2023\/08\/reparation-excel.png\" \/>\n<meta name=\"twitter:card\" content=\"summary_large_image\" \/>\n<meta name=\"twitter:label1\" content=\"Tempo di lettura stimato\" \/>\n\t<meta name=\"twitter:data1\" content=\"3 minuti\" \/>\n<script type=\"application\/ld+json\" class=\"yoast-schema-graph\">{\"@context\":\"https:\/\/schema.org\",\"@graph\":[{\"@type\":\"WebPage\",\"@id\":\"https:\/\/exceladvisor.org\/it\/riparare-il-file-excel-corrotto\/\",\"url\":\"https:\/\/exceladvisor.org\/it\/riparare-il-file-excel-corrotto\/\",\"name\":\"I passaggi per riparare file Excel corrotti in pochissimo tempo\",\"isPartOf\":{\"@id\":\"https:\/\/exceladvisor.org\/it\/#website\"},\"primaryImageOfPage\":{\"@id\":\"https:\/\/exceladvisor.org\/it\/riparare-il-file-excel-corrotto\/#primaryimage\"},\"image\":{\"@id\":\"https:\/\/exceladvisor.org\/it\/riparare-il-file-excel-corrotto\/#primaryimage\"},\"thumbnailUrl\":\"https:\/\/exceladvisor.org\/wp-content\/uploads\/2023\/08\/reparation-excel.png\",\"datePublished\":\"2023-10-29T07:03:01+00:00\",\"dateModified\":\"2023-12-10T06:25:22+00:00\",\"description\":\"Il tuo file Excel \u00e8 danneggiato? Scopri come riparare file Excel corrotti in modo rapido e semplice adesso.\",\"breadcrumb\":{\"@id\":\"https:\/\/exceladvisor.org\/it\/riparare-il-file-excel-corrotto\/#breadcrumb\"},\"inLanguage\":\"it-IT\",\"potentialAction\":[{\"@type\":\"ReadAction\",\"target\":[\"https:\/\/exceladvisor.org\/it\/riparare-il-file-excel-corrotto\/\"]}]},{\"@type\":\"ImageObject\",\"inLanguage\":\"it-IT\",\"@id\":\"https:\/\/exceladvisor.org\/it\/riparare-il-file-excel-corrotto\/#primaryimage\",\"url\":\"https:\/\/exceladvisor.org\/wp-content\/uploads\/2023\/08\/reparation-excel.png\",\"contentUrl\":\"https:\/\/exceladvisor.org\/wp-content\/uploads\/2023\/08\/reparation-excel.png\"},{\"@type\":\"BreadcrumbList\",\"@id\":\"https:\/\/exceladvisor.org\/it\/riparare-il-file-excel-corrotto\/#breadcrumb\",\"itemListElement\":[{\"@type\":\"ListItem\",\"position\":1,\"name\":\"Home\",\"item\":\"https:\/\/exceladvisor.org\/it\/\"},{\"@type\":\"ListItem\",\"position\":2,\"name\":\"Come riparare un file excel corrotto?\"}]},{\"@type\":\"WebSite\",\"@id\":\"https:\/\/exceladvisor.org\/it\/#website\",\"url\":\"https:\/\/exceladvisor.org\/it\/\",\"name\":\"Excel Advisor\",\"description\":\"Tips, Tricks, and Time-Saving Hacks\",\"publisher\":{\"@id\":\"https:\/\/exceladvisor.org\/it\/#organization\"},\"potentialAction\":[{\"@type\":\"SearchAction\",\"target\":{\"@type\":\"EntryPoint\",\"urlTemplate\":\"https:\/\/exceladvisor.org\/it\/?s={search_term_string}\"},\"query-input\":{\"@type\":\"PropertyValueSpecification\",\"valueRequired\":true,\"valueName\":\"search_term_string\"}}],\"inLanguage\":\"it-IT\"},{\"@type\":\"Organization\",\"@id\":\"https:\/\/exceladvisor.org\/it\/#organization\",\"name\":\"Excel Advisor\",\"url\":\"https:\/\/exceladvisor.org\/it\/\",\"logo\":{\"@type\":\"ImageObject\",\"inLanguage\":\"it-IT\",\"@id\":\"https:\/\/exceladvisor.org\/it\/#\/schema\/logo\/image\/\",\"url\":\"https:\/\/exceladvisor.org\/it\/wp-content\/uploads\/2023\/12\/exceladvisor.org_.png\",\"contentUrl\":\"https:\/\/exceladvisor.org\/it\/wp-content\/uploads\/2023\/12\/exceladvisor.org_.png\",\"width\":105,\"height\":36,\"caption\":\"Excel Advisor\"},\"image\":{\"@id\":\"https:\/\/exceladvisor.org\/it\/#\/schema\/logo\/image\/\"}}]}<\/script>\n<!-- \/ Yoast SEO plugin. -->","yoast_head_json":{"title":"I passaggi per riparare file Excel corrotti in pochissimo tempo","description":"Il tuo file Excel \u00e8 danneggiato? Scopri come riparare file Excel corrotti in modo rapido e semplice adesso.","robots":{"index":"index","follow":"follow","max-snippet":"max-snippet:-1","max-image-preview":"max-image-preview:large","max-video-preview":"max-video-preview:-1"},"canonical":"https:\/\/exceladvisor.org\/it\/riparare-il-file-excel-corrotto\/","og_locale":"it_IT","og_type":"article","og_title":"I passaggi per riparare file Excel corrotti in pochissimo tempo","og_description":"Il tuo file Excel \u00e8 danneggiato? Scopri come riparare file Excel corrotti in modo rapido e semplice adesso.","og_url":"https:\/\/exceladvisor.org\/it\/riparare-il-file-excel-corrotto\/","og_site_name":"Excel Advisor","article_modified_time":"2023-12-10T06:25:22+00:00","og_image":[{"url":"https:\/\/exceladvisor.org\/wp-content\/uploads\/2023\/08\/reparation-excel.png","type":"","width":"","height":""}],"twitter_card":"summary_large_image","twitter_misc":{"Tempo di lettura stimato":"3 minuti"},"schema":{"@context":"https:\/\/schema.org","@graph":[{"@type":"WebPage","@id":"https:\/\/exceladvisor.org\/it\/riparare-il-file-excel-corrotto\/","url":"https:\/\/exceladvisor.org\/it\/riparare-il-file-excel-corrotto\/","name":"I passaggi per riparare file Excel corrotti in pochissimo tempo","isPartOf":{"@id":"https:\/\/exceladvisor.org\/it\/#website"},"primaryImageOfPage":{"@id":"https:\/\/exceladvisor.org\/it\/riparare-il-file-excel-corrotto\/#primaryimage"},"image":{"@id":"https:\/\/exceladvisor.org\/it\/riparare-il-file-excel-corrotto\/#primaryimage"},"thumbnailUrl":"https:\/\/exceladvisor.org\/wp-content\/uploads\/2023\/08\/reparation-excel.png","datePublished":"2023-10-29T07:03:01+00:00","dateModified":"2023-12-10T06:25:22+00:00","description":"Il tuo file Excel \u00e8 danneggiato? Scopri come riparare file Excel corrotti in modo rapido e semplice adesso.","breadcrumb":{"@id":"https:\/\/exceladvisor.org\/it\/riparare-il-file-excel-corrotto\/#breadcrumb"},"inLanguage":"it-IT","potentialAction":[{"@type":"ReadAction","target":["https:\/\/exceladvisor.org\/it\/riparare-il-file-excel-corrotto\/"]}]},{"@type":"ImageObject","inLanguage":"it-IT","@id":"https:\/\/exceladvisor.org\/it\/riparare-il-file-excel-corrotto\/#primaryimage","url":"https:\/\/exceladvisor.org\/wp-content\/uploads\/2023\/08\/reparation-excel.png","contentUrl":"https:\/\/exceladvisor.org\/wp-content\/uploads\/2023\/08\/reparation-excel.png"},{"@type":"BreadcrumbList","@id":"https:\/\/exceladvisor.org\/it\/riparare-il-file-excel-corrotto\/#breadcrumb","itemListElement":[{"@type":"ListItem","position":1,"name":"Home","item":"https:\/\/exceladvisor.org\/it\/"},{"@type":"ListItem","position":2,"name":"Come riparare un file excel corrotto?"}]},{"@type":"WebSite","@id":"https:\/\/exceladvisor.org\/it\/#website","url":"https:\/\/exceladvisor.org\/it\/","name":"Excel Advisor","description":"Tips, Tricks, and Time-Saving Hacks","publisher":{"@id":"https:\/\/exceladvisor.org\/it\/#organization"},"potentialAction":[{"@type":"SearchAction","target":{"@type":"EntryPoint","urlTemplate":"https:\/\/exceladvisor.org\/it\/?s={search_term_string}"},"query-input":{"@type":"PropertyValueSpecification","valueRequired":true,"valueName":"search_term_string"}}],"inLanguage":"it-IT"},{"@type":"Organization","@id":"https:\/\/exceladvisor.org\/it\/#organization","name":"Excel Advisor","url":"https:\/\/exceladvisor.org\/it\/","logo":{"@type":"ImageObject","inLanguage":"it-IT","@id":"https:\/\/exceladvisor.org\/it\/#\/schema\/logo\/image\/","url":"https:\/\/exceladvisor.org\/it\/wp-content\/uploads\/2023\/12\/exceladvisor.org_.png","contentUrl":"https:\/\/exceladvisor.org\/it\/wp-content\/uploads\/2023\/12\/exceladvisor.org_.png","width":105,"height":36,"caption":"Excel Advisor"},"image":{"@id":"https:\/\/exceladvisor.org\/it\/#\/schema\/logo\/image\/"}}]}},"yoast_meta":{"yoast_wpseo_title":"","yoast_wpseo_metadesc":"","yoast_wpseo_canonical":""},"_links":{"self":[{"href":"https:\/\/exceladvisor.org\/it\/wp-json\/wp\/v2\/pages\/1900","targetHints":{"allow":["GET"]}}],"collection":[{"href":"https:\/\/exceladvisor.org\/it\/wp-json\/wp\/v2\/pages"}],"about":[{"href":"https:\/\/exceladvisor.org\/it\/wp-json\/wp\/v2\/types\/page"}],"author":[{"embeddable":true,"href":"https:\/\/exceladvisor.org\/it\/wp-json\/wp\/v2\/users\/1"}],"replies":[{"embeddable":true,"href":"https:\/\/exceladvisor.org\/it\/wp-json\/wp\/v2\/comments?post=1900"}],"version-history":[{"count":1,"href":"https:\/\/exceladvisor.org\/it\/wp-json\/wp\/v2\/pages\/1900\/revisions"}],"predecessor-version":[{"id":2666,"href":"https:\/\/exceladvisor.org\/it\/wp-json\/wp\/v2\/pages\/1900\/revisions\/2666"}],"wp:attachment":[{"href":"https:\/\/exceladvisor.org\/it\/wp-json\/wp\/v2\/media?parent=1900"}],"curies":[{"name":"wp","href":"https:\/\/api.w.org\/{rel}","templated":true}]}}