{"id":1905,"date":"2023-10-29T06:05:26","date_gmt":"2023-10-29T06:05:26","guid":{"rendered":"https:\/\/exceladvisor.org\/it\/excel-per-impostazione-predefinita-su-mac\/"},"modified":"2023-12-10T06:25:03","modified_gmt":"2023-12-10T06:25:03","slug":"excel-per-impostazione-predefinita-su-mac","status":"publish","type":"page","link":"https:\/\/exceladvisor.org\/it\/excel-per-impostazione-predefinita-su-mac\/","title":{"rendered":"Come rendere excel predefinito su mac?"},"content":{"rendered":"<div class=\"excel-prima-del-contenuto\" id=\"excel-3112566868\"><script type=\"text\/javascript\">\r\n\tatOptions = {\r\n\t\t'key' : 'c1158f160081d6540a8409e6925dab94',\r\n\t\t'format' : 'iframe',\r\n\t\t'height' : 250,\r\n\t\t'width' : 300,\r\n\t\t'params' : {}\r\n\t};\r\n<\/script>\r\n<script type=\"text\/javascript\" src=\"\/\/www.highperformanceformat.com\/c1158f160081d6540a8409e6925dab94\/invoke.js\"><\/script><\/div> <p>Su Mac, se \u00e8 installato Microsoft Excel, non \u00e8 necessario impostarlo come predefinito perch\u00e9 \u00e8 l&#8217;applicazione predefinita per l&#8217;apertura dei file di fogli di calcolo in formato xlsx. Ma se riscontri ancora problemi durante l&#8217;apertura di questi file con Excel, in questo prossimo tutorial ho condiviso semplici passaggi per impostare Excel come predefinito su Mac.<\/p><h2 class=\"wp-block-heading\"> Passaggi per rendere Excel predefinito su Mac<\/h2><ol><li> Innanzitutto, assicurati di avere una cartella di lavoro Excel in formato xlsx. <br><img loading=\"lazy\" decoding=\"async\" title=\"1-excel-a-xlsx\" src=\"https:\/\/exceladvisor.org\/wp-content\/uploads\/2023\/08\/1-excel-en-xlsx.png\" sizes=\"auto, \" srcset=\"\" alt=\"excel-in-xlsx\" width=\"261\" height=\"240\"><\/li><li> Successivamente, fai clic destro su di esso e fai clic sull&#8217;opzione &#8220;Ottieni informazioni&#8221;. <br><img loading=\"lazy\" decoding=\"async\" title=\"2-opzione ottieni informazioni\" src=\"https:\/\/exceladvisor.org\/wp-content\/uploads\/2023\/08\/2-obtenir-loption-dinformations.png\" sizes=\"auto, \" srcset=\"\" alt=\"get-info-option\" width=\"333\" height=\"348\"><\/li><li> Quindi, nella finestra di dialogo &#8220;Informazioni&#8221;, vai al menu a discesa &#8220;Apri&#8221; e seleziona Microsoft Excel dal menu a discesa. <br><img loading=\"lazy\" decoding=\"async\" title=\"3-seleziona-microsoft-excel\" src=\"https:\/\/exceladvisor.org\/wp-content\/uploads\/2023\/08\/3-selectionnez-microsoft-excel.png\" sizes=\"auto, \" srcset=\"\" alt=\"select-microsoft-excel\" width=\"333\" height=\"440\"><\/li><li> Da l\u00ec, fai clic sul pulsante \u201cCambia tutto\u201d per applicare questa impostazione a tutti i file. <br><img loading=\"lazy\" decoding=\"async\" title=\"Pulsante cambia tutto con 4 clic\" src=\"https:\/\/exceladvisor.org\/wp-content\/uploads\/2023\/08\/4-cliquez-sur-le-bouton-tout-modifier.png\" sizes=\"auto, \" srcset=\"\" alt=\"click-change-all-button\" width=\"362\" height=\"155\"><\/li><li> Ora fai clic su &#8220;Continua&#8221; per applicare. <br><img loading=\"lazy\" decoding=\"async\" title=\"5 clic-continua\" src=\"https:\/\/exceladvisor.org\/wp-content\/uploads\/2023\/08\/5-clic-continuer.png\" sizes=\"auto, \" srcset=\"\" alt=\"click-continue\" width=\"282\" height=\"278\"><\/li><li> Alla fine, chiudi la finestra di dialogo &#8220;Informazioni&#8221;.<\/li><\/ol><p> Ora, ogni volta che apri un file con la stessa estensione, si aprir\u00e0 con Microsoft Excel.<\/p><h2 class=\"wp-block-heading\"> Excel per impostazione predefinita per altri formati<\/h2><p> Se disponi di altri formati come (CSV, XLSB e altri) e desideri utilizzare Excel, utilizza questi file. <\/p><div class=\"wp-block-image\"><figure class=\"aligncenter size-full is-resized\"><img loading=\"lazy\" decoding=\"async\" class=\"wp-image-74932\" src=\"https:\/\/exceladvisor.org\/wp-content\/uploads\/2023\/08\/6-excel-dans-differents-formats.png\" sizes=\"auto, \" srcset=\"\" alt=\"Excel in diversi formati\" width=\"229\" height=\"278\"><\/figure><\/div><p> Basta seguire i passaggi che abbiamo utilizzato in precedenza in questo articolo. Ci\u00f2 significa che \u00e8 necessario modificare l&#8217;applicazione predefinita per ciascuno di questi formati uno per uno. Ma se hai installato Excel sul tuo Mac, non \u00e8 necessario farlo, il tuo Mac lo far\u00e0 automaticamente per te.<\/p><h2 class=\"wp-block-heading\"> Apri un file di numeri con Excel<\/h2><p> Il Mac ha Numbers come applicazione predefinita per i fogli di calcolo. <\/p><div class=\"wp-block-image\"><figure class=\"aligncenter size-full is-resized\"><img loading=\"lazy\" decoding=\"async\" class=\"wp-image-74933\" src=\"https:\/\/exceladvisor.org\/wp-content\/uploads\/2023\/08\/7-applications-de-tableur-par-defaut-sur-mac.png\" sizes=\"auto, \" srcset=\"\" alt=\"app-per-fogli-di-calcolo-predefiniti-in-mac\" width=\"293\" height=\"128\"><\/figure><\/div><p> E c&#8217;\u00e8 una cosa che dovresti sapere, l&#8217;app Numbers ha il proprio formato di file e non \u00e8 possibile aprire un file di foglio di calcolo salvato nel formato dell&#8217;app &#8220;Numbers&#8221;. Quando modifichi i numeri nei file Excel per Number, una finestra di dialogo ti chiede se desideri aprirlo. <\/p><div class=\"wp-block-image\"><figure class=\"aligncenter size-full is-resized\"><img loading=\"lazy\" decoding=\"async\" class=\"wp-image-74934\" src=\"https:\/\/exceladvisor.org\/wp-content\/uploads\/2023\/08\/8-boite-de-dialogue-sur-mac.png\" sizes=\"auto, \" srcset=\"\" alt=\"finestra di dialogo nel mac\" width=\"329\" height=\"348\"><\/figure><\/div><p> Ma quando fai clic su &#8220;S\u00ec&#8221;, ti mostrer\u00e0 che questo file \u00e8 danneggiato. <\/p><div class=\"wp-block-image\"><figure class=\"aligncenter size-full is-resized\"><img loading=\"lazy\" decoding=\"async\" class=\"wp-image-74935\" src=\"https:\/\/exceladvisor.org\/wp-content\/uploads\/2023\/08\/9-le-fichier-est-corrompu.png\" sizes=\"auto, \" srcset=\"\" alt=\"il file \u00e8 danneggiato\" width=\"311\" height=\"320\"><\/figure><\/div><div class=\"gb-container gb-container-4db6181c gb-container-mt\"> <a class=\"gb-button gb-button-c5897111 gb-button-text gb-button-mt-button\" href=\"https:\/\/exceladvisor.org\/it\/eccellere-in-anticipo\/\">Esercitazioni avanzate su Excel<\/a><h2 class=\"gb-headline gb-headline-665e5f6b gb-headline-text gb-headline-mt-heading\"> Tutorial correlati <\/h2><div class=\"gb-grid-wrapper gb-grid-wrapper-a20baf7c gb-grid-wrapper-mt-grid\"><div class=\"gb-grid-column gb-grid-column-65ddf67e\"><div class=\"gb-container gb-container-65ddf67e\"><ul><li> <a href=\"https:\/\/exceladvisor.org\/it\/strumento-fotocamera\/\">Strumento Fotocamera di Excel<\/a><\/li><li> <a href=\"https:\/\/exceladvisor.org\/it\/ricerca-dellobiettivo\/\">Trova obiettivo in Excel<\/a><\/li><li> <a href=\"https:\/\/exceladvisor.org\/it\/finestra-di-guardia\/\">Finestra di controllo in Excel<\/a><\/li><li> <a href=\"https:\/\/exceladvisor.org\/it\/affettatrice-excel\/\">Affettatrice di Excel (guida completa)<\/a><\/li><li> <a href=\"https:\/\/exceladvisor.org\/it\/modalita-provvisoria-excel\/\">Apri Excel in modalit\u00e0 provvisoria<\/a><\/li><\/ul><\/div><\/div><\/div><\/div>","protected":false},"excerpt":{"rendered":"","protected":false},"author":1,"featured_media":0,"parent":0,"menu_order":0,"comment_status":"open","ping_status":"closed","template":"","meta":{"ub_ctt_via":"","footnotes":""},"class_list":["post-1905","page","type-page","status-publish","hentry"],"featured_image_src":null,"yoast_head":"<!-- This site is optimized with the Yoast SEO plugin v25.4 - https:\/\/yoast.com\/wordpress\/plugins\/seo\/ -->\n<title>Come rendere Excel predefinito su Mac?<\/title>\n<meta name=\"description\" content=\"Su Mac esiste un&#039;app chiamata Numbers per creare fogli di calcolo, ma impareremo come impostare Excel come predefinito.\" \/>\n<meta name=\"robots\" content=\"index, follow, max-snippet:-1, max-image-preview:large, max-video-preview:-1\" \/>\n<link rel=\"canonical\" href=\"https:\/\/exceladvisor.org\/it\/excel-per-impostazione-predefinita-su-mac\/\" \/>\n<meta property=\"og:locale\" content=\"it_IT\" \/>\n<meta property=\"og:type\" content=\"article\" \/>\n<meta property=\"og:title\" content=\"Come rendere Excel predefinito su Mac?\" \/>\n<meta property=\"og:description\" content=\"Su Mac esiste un&#039;app chiamata Numbers per creare fogli di calcolo, ma impareremo come impostare Excel come predefinito.\" \/>\n<meta property=\"og:url\" content=\"https:\/\/exceladvisor.org\/it\/excel-per-impostazione-predefinita-su-mac\/\" \/>\n<meta property=\"og:site_name\" content=\"Excel Advisor\" \/>\n<meta property=\"article:modified_time\" content=\"2023-12-10T06:25:03+00:00\" \/>\n<meta property=\"og:image\" content=\"https:\/\/exceladvisor.org\/wp-content\/uploads\/2023\/08\/1-excel-en-xlsx.png\" \/>\n<meta name=\"twitter:card\" content=\"summary_large_image\" \/>\n<meta name=\"twitter:label1\" content=\"Tempo di lettura stimato\" \/>\n\t<meta name=\"twitter:data1\" content=\"2 minuti\" \/>\n<script type=\"application\/ld+json\" class=\"yoast-schema-graph\">{\"@context\":\"https:\/\/schema.org\",\"@graph\":[{\"@type\":\"WebPage\",\"@id\":\"https:\/\/exceladvisor.org\/it\/excel-per-impostazione-predefinita-su-mac\/\",\"url\":\"https:\/\/exceladvisor.org\/it\/excel-per-impostazione-predefinita-su-mac\/\",\"name\":\"Come rendere Excel predefinito su Mac?\",\"isPartOf\":{\"@id\":\"https:\/\/exceladvisor.org\/it\/#website\"},\"primaryImageOfPage\":{\"@id\":\"https:\/\/exceladvisor.org\/it\/excel-per-impostazione-predefinita-su-mac\/#primaryimage\"},\"image\":{\"@id\":\"https:\/\/exceladvisor.org\/it\/excel-per-impostazione-predefinita-su-mac\/#primaryimage\"},\"thumbnailUrl\":\"https:\/\/exceladvisor.org\/wp-content\/uploads\/2023\/08\/1-excel-en-xlsx.png\",\"datePublished\":\"2023-10-29T06:05:26+00:00\",\"dateModified\":\"2023-12-10T06:25:03+00:00\",\"description\":\"Su Mac esiste un&#39;app chiamata Numbers per creare fogli di calcolo, ma impareremo come impostare Excel come predefinito.\",\"breadcrumb\":{\"@id\":\"https:\/\/exceladvisor.org\/it\/excel-per-impostazione-predefinita-su-mac\/#breadcrumb\"},\"inLanguage\":\"it-IT\",\"potentialAction\":[{\"@type\":\"ReadAction\",\"target\":[\"https:\/\/exceladvisor.org\/it\/excel-per-impostazione-predefinita-su-mac\/\"]}]},{\"@type\":\"ImageObject\",\"inLanguage\":\"it-IT\",\"@id\":\"https:\/\/exceladvisor.org\/it\/excel-per-impostazione-predefinita-su-mac\/#primaryimage\",\"url\":\"https:\/\/exceladvisor.org\/wp-content\/uploads\/2023\/08\/1-excel-en-xlsx.png\",\"contentUrl\":\"https:\/\/exceladvisor.org\/wp-content\/uploads\/2023\/08\/1-excel-en-xlsx.png\"},{\"@type\":\"BreadcrumbList\",\"@id\":\"https:\/\/exceladvisor.org\/it\/excel-per-impostazione-predefinita-su-mac\/#breadcrumb\",\"itemListElement\":[{\"@type\":\"ListItem\",\"position\":1,\"name\":\"Home\",\"item\":\"https:\/\/exceladvisor.org\/it\/\"},{\"@type\":\"ListItem\",\"position\":2,\"name\":\"Come rendere excel predefinito su mac?\"}]},{\"@type\":\"WebSite\",\"@id\":\"https:\/\/exceladvisor.org\/it\/#website\",\"url\":\"https:\/\/exceladvisor.org\/it\/\",\"name\":\"Excel Advisor\",\"description\":\"Tips, Tricks, and Time-Saving Hacks\",\"publisher\":{\"@id\":\"https:\/\/exceladvisor.org\/it\/#organization\"},\"potentialAction\":[{\"@type\":\"SearchAction\",\"target\":{\"@type\":\"EntryPoint\",\"urlTemplate\":\"https:\/\/exceladvisor.org\/it\/?s={search_term_string}\"},\"query-input\":{\"@type\":\"PropertyValueSpecification\",\"valueRequired\":true,\"valueName\":\"search_term_string\"}}],\"inLanguage\":\"it-IT\"},{\"@type\":\"Organization\",\"@id\":\"https:\/\/exceladvisor.org\/it\/#organization\",\"name\":\"Excel Advisor\",\"url\":\"https:\/\/exceladvisor.org\/it\/\",\"logo\":{\"@type\":\"ImageObject\",\"inLanguage\":\"it-IT\",\"@id\":\"https:\/\/exceladvisor.org\/it\/#\/schema\/logo\/image\/\",\"url\":\"https:\/\/exceladvisor.org\/it\/wp-content\/uploads\/2023\/12\/exceladvisor.org_.png\",\"contentUrl\":\"https:\/\/exceladvisor.org\/it\/wp-content\/uploads\/2023\/12\/exceladvisor.org_.png\",\"width\":105,\"height\":36,\"caption\":\"Excel Advisor\"},\"image\":{\"@id\":\"https:\/\/exceladvisor.org\/it\/#\/schema\/logo\/image\/\"}}]}<\/script>\n<!-- \/ Yoast SEO plugin. -->","yoast_head_json":{"title":"Come rendere Excel predefinito su Mac?","description":"Su Mac esiste un&#39;app chiamata Numbers per creare fogli di calcolo, ma impareremo come impostare Excel come predefinito.","robots":{"index":"index","follow":"follow","max-snippet":"max-snippet:-1","max-image-preview":"max-image-preview:large","max-video-preview":"max-video-preview:-1"},"canonical":"https:\/\/exceladvisor.org\/it\/excel-per-impostazione-predefinita-su-mac\/","og_locale":"it_IT","og_type":"article","og_title":"Come rendere Excel predefinito su Mac?","og_description":"Su Mac esiste un&#39;app chiamata Numbers per creare fogli di calcolo, ma impareremo come impostare Excel come predefinito.","og_url":"https:\/\/exceladvisor.org\/it\/excel-per-impostazione-predefinita-su-mac\/","og_site_name":"Excel Advisor","article_modified_time":"2023-12-10T06:25:03+00:00","og_image":[{"url":"https:\/\/exceladvisor.org\/wp-content\/uploads\/2023\/08\/1-excel-en-xlsx.png","type":"","width":"","height":""}],"twitter_card":"summary_large_image","twitter_misc":{"Tempo di lettura stimato":"2 minuti"},"schema":{"@context":"https:\/\/schema.org","@graph":[{"@type":"WebPage","@id":"https:\/\/exceladvisor.org\/it\/excel-per-impostazione-predefinita-su-mac\/","url":"https:\/\/exceladvisor.org\/it\/excel-per-impostazione-predefinita-su-mac\/","name":"Come rendere Excel predefinito su Mac?","isPartOf":{"@id":"https:\/\/exceladvisor.org\/it\/#website"},"primaryImageOfPage":{"@id":"https:\/\/exceladvisor.org\/it\/excel-per-impostazione-predefinita-su-mac\/#primaryimage"},"image":{"@id":"https:\/\/exceladvisor.org\/it\/excel-per-impostazione-predefinita-su-mac\/#primaryimage"},"thumbnailUrl":"https:\/\/exceladvisor.org\/wp-content\/uploads\/2023\/08\/1-excel-en-xlsx.png","datePublished":"2023-10-29T06:05:26+00:00","dateModified":"2023-12-10T06:25:03+00:00","description":"Su Mac esiste un&#39;app chiamata Numbers per creare fogli di calcolo, ma impareremo come impostare Excel come predefinito.","breadcrumb":{"@id":"https:\/\/exceladvisor.org\/it\/excel-per-impostazione-predefinita-su-mac\/#breadcrumb"},"inLanguage":"it-IT","potentialAction":[{"@type":"ReadAction","target":["https:\/\/exceladvisor.org\/it\/excel-per-impostazione-predefinita-su-mac\/"]}]},{"@type":"ImageObject","inLanguage":"it-IT","@id":"https:\/\/exceladvisor.org\/it\/excel-per-impostazione-predefinita-su-mac\/#primaryimage","url":"https:\/\/exceladvisor.org\/wp-content\/uploads\/2023\/08\/1-excel-en-xlsx.png","contentUrl":"https:\/\/exceladvisor.org\/wp-content\/uploads\/2023\/08\/1-excel-en-xlsx.png"},{"@type":"BreadcrumbList","@id":"https:\/\/exceladvisor.org\/it\/excel-per-impostazione-predefinita-su-mac\/#breadcrumb","itemListElement":[{"@type":"ListItem","position":1,"name":"Home","item":"https:\/\/exceladvisor.org\/it\/"},{"@type":"ListItem","position":2,"name":"Come rendere excel predefinito su mac?"}]},{"@type":"WebSite","@id":"https:\/\/exceladvisor.org\/it\/#website","url":"https:\/\/exceladvisor.org\/it\/","name":"Excel Advisor","description":"Tips, Tricks, and Time-Saving Hacks","publisher":{"@id":"https:\/\/exceladvisor.org\/it\/#organization"},"potentialAction":[{"@type":"SearchAction","target":{"@type":"EntryPoint","urlTemplate":"https:\/\/exceladvisor.org\/it\/?s={search_term_string}"},"query-input":{"@type":"PropertyValueSpecification","valueRequired":true,"valueName":"search_term_string"}}],"inLanguage":"it-IT"},{"@type":"Organization","@id":"https:\/\/exceladvisor.org\/it\/#organization","name":"Excel Advisor","url":"https:\/\/exceladvisor.org\/it\/","logo":{"@type":"ImageObject","inLanguage":"it-IT","@id":"https:\/\/exceladvisor.org\/it\/#\/schema\/logo\/image\/","url":"https:\/\/exceladvisor.org\/it\/wp-content\/uploads\/2023\/12\/exceladvisor.org_.png","contentUrl":"https:\/\/exceladvisor.org\/it\/wp-content\/uploads\/2023\/12\/exceladvisor.org_.png","width":105,"height":36,"caption":"Excel Advisor"},"image":{"@id":"https:\/\/exceladvisor.org\/it\/#\/schema\/logo\/image\/"}}]}},"yoast_meta":{"yoast_wpseo_title":"","yoast_wpseo_metadesc":"","yoast_wpseo_canonical":""},"_links":{"self":[{"href":"https:\/\/exceladvisor.org\/it\/wp-json\/wp\/v2\/pages\/1905","targetHints":{"allow":["GET"]}}],"collection":[{"href":"https:\/\/exceladvisor.org\/it\/wp-json\/wp\/v2\/pages"}],"about":[{"href":"https:\/\/exceladvisor.org\/it\/wp-json\/wp\/v2\/types\/page"}],"author":[{"embeddable":true,"href":"https:\/\/exceladvisor.org\/it\/wp-json\/wp\/v2\/users\/1"}],"replies":[{"embeddable":true,"href":"https:\/\/exceladvisor.org\/it\/wp-json\/wp\/v2\/comments?post=1905"}],"version-history":[{"count":1,"href":"https:\/\/exceladvisor.org\/it\/wp-json\/wp\/v2\/pages\/1905\/revisions"}],"predecessor-version":[{"id":2627,"href":"https:\/\/exceladvisor.org\/it\/wp-json\/wp\/v2\/pages\/1905\/revisions\/2627"}],"wp:attachment":[{"href":"https:\/\/exceladvisor.org\/it\/wp-json\/wp\/v2\/media?parent=1905"}],"curies":[{"name":"wp","href":"https:\/\/api.w.org\/{rel}","templated":true}]}}