{"id":1906,"date":"2023-10-29T05:45:34","date_gmt":"2023-10-29T05:45:34","guid":{"rendered":"https:\/\/exceladvisor.org\/it\/filtra-per-colore\/"},"modified":"2023-12-10T06:23:33","modified_gmt":"2023-12-10T06:23:33","slug":"filtra-per-colore","status":"publish","type":"page","link":"https:\/\/exceladvisor.org\/it\/filtra-per-colore\/","title":{"rendered":"Come filtrare per colore in excel?"},"content":{"rendered":"<div class=\"excel-prima-del-contenuto\" id=\"excel-3961480784\"><script type=\"text\/javascript\">\r\n\tatOptions = {\r\n\t\t'key' : 'c1158f160081d6540a8409e6925dab94',\r\n\t\t'format' : 'iframe',\r\n\t\t'height' : 250,\r\n\t\t'width' : 300,\r\n\t\t'params' : {}\r\n\t};\r\n<\/script>\r\n<script type=\"text\/javascript\" src=\"\/\/www.highperformanceformat.com\/c1158f160081d6540a8409e6925dab94\/invoke.js\"><\/script><\/div> <p>In Excel, quando applichi un filtro a una colonna, hai la possibilit\u00e0 di filtrare i valori in base al <a href=\"https:\/\/exceladvisor.org\/it\/colore-delle-cellule\/\">colore del carattere e al colore dello sfondo della cella<\/a> . Questa opzione \u00e8 gi\u00e0 disponibile nel filtro, non \u00e8 necessario abilitare nulla una volta applicato un filtro. <\/p><div class=\"wp-block-image\"><figure class=\"aligncenter size-full is-resized\"><img loading=\"lazy\" decoding=\"async\" class=\"wp-image-74956\" src=\"https:\/\/exceladvisor.org\/wp-content\/uploads\/2023\/08\/1-filtre-par-couleur.png\" sizes=\"auto, \" srcset=\"\" alt=\"filtra per colore\" width=\"584\" height=\"485\"><\/figure><\/div><h2 class=\"wp-block-heading\"> Passaggi per filtrare una colonna per colore in Excel<\/h2><ol type=\"1\"><li> Innanzitutto, applica il filtro alla colonna.<\/li><li> Successivamente, fai clic sul menu a discesa del filtro.<\/li><li> Successivamente, vai all&#8217;opzione &#8220;Filtra per colore&#8221;.<\/li><li> Alla fine, scegli il colore che desideri scegliere per applicare il filtro.<\/li><\/ol><p> Come ho detto, hai due modi per utilizzare il colore per filtrare i valori:<\/p><ul><li> Per colore della cella<\/li><li> Per colore del carattere<\/li><\/ul><p> Nell&#8217;esempio seguente, abbiamo utilizzato il colore del carattere rosso per applicare il filtro. E ha valori di filtro che hanno il rosso come colore del carattere. <\/p><div class=\"wp-block-image\"><figure class=\"aligncenter size-full is-resized\"><img loading=\"lazy\" decoding=\"async\" class=\"wp-image-74957\" src=\"https:\/\/exceladvisor.org\/wp-content\/uploads\/2023\/08\/2-polices-rouges-utilisees-pour-le-filtre.png\" sizes=\"auto, \" srcset=\"\" alt=\"carattere-rosso-utilizzato-per-il-filtro\" width=\"590\" height=\"471\"><\/figure><\/div><p> Allo stesso modo, puoi filtrare in base al colore della cella. E nell&#8217;esempio seguente, abbiamo utilizzato il colore giallo della cella per filtrare i valori. <\/p><div class=\"wp-block-image\"><figure class=\"aligncenter size-full is-resized\"><img loading=\"lazy\" decoding=\"async\" class=\"wp-image-74958\" src=\"https:\/\/exceladvisor.org\/wp-content\/uploads\/2023\/08\/3-filtres-bases-sur-la-couleur-des-cellules.png\" sizes=\"auto, \" srcset=\"\" alt=\"filtro in base al colore della cella\" width=\"604\" height=\"465\"><\/figure><\/div><p> Quando apri &#8220;Filtra per colore&#8221; hai la possibilit\u00e0 di filtrare le celle in cui non hai un colore della cella o un colore del carattere. <\/p><div class=\"wp-block-image\"><figure class=\"aligncenter size-full is-resized\"><img loading=\"lazy\" decoding=\"async\" class=\"wp-image-74959\" src=\"https:\/\/exceladvisor.org\/wp-content\/uploads\/2023\/08\/4-filtrer-les-cellules-sans-couleur.png\" sizes=\"auto, \" srcset=\"\" alt=\"filtro-cellule-incolori\" width=\"153\" height=\"267\"><\/figure><\/div><h2 class=\"wp-block-heading\"> Filtra per colore dal menu contestuale<\/h2><p> Supponiamo di voler filtrare tutte le celle in base al colore della cella selezionata. <\/p><div class=\"wp-block-image\"><figure class=\"aligncenter size-full is-resized\"><img loading=\"lazy\" decoding=\"async\" class=\"wp-image-74960\" src=\"https:\/\/exceladvisor.org\/wp-content\/uploads\/2023\/08\/5-filtrer-par-menu-clic-droit.png\" sizes=\"auto, \" srcset=\"\" alt=\"menu filtro facendo clic con il tasto destro\" width=\"617\" height=\"457\"><\/figure><\/div><ol type=\"1\"><li> Seleziona la cella.<\/li><li> Fai clic destro su di esso.<\/li><li> Vai all&#8217;opzione filtro.<\/li><li> Fai clic su &#8220;Filtra per colore della cella selezionata&#8221;. <\/li><\/ol><div class=\"wp-block-image\"><figure class=\"aligncenter size-full is-resized\"><img loading=\"lazy\" decoding=\"async\" class=\"wp-image-74961\" src=\"https:\/\/exceladvisor.org\/wp-content\/uploads\/2023\/08\/6-filtrer-par-couleur-selectionnee.png\" sizes=\"auto, \" srcset=\"\" alt=\"filtrare per colore selezionato\" width=\"357\" height=\"161\"><\/figure><\/div><p> Allo stesso modo, puoi filtrare le celle in base al colore del carattere della cella. <\/p><div class=\"wp-block-image\"><figure class=\"aligncenter size-full is-resized\"><img loading=\"lazy\" decoding=\"async\" class=\"wp-image-74962\" src=\"https:\/\/exceladvisor.org\/wp-content\/uploads\/2023\/08\/7-filtres-bases-sur-la-couleur-de-la-police.png\" sizes=\"auto, \" srcset=\"\" alt=\"filtro in base al colore del carattere\" width=\"627\" height=\"414\"><\/figure><\/div><p> Utilizza il &#8220;Filtra per colore carattere della cella selezionata&#8221;. <\/p><div class=\"wp-block-image\"><figure class=\"aligncenter size-full is-resized\"><img loading=\"lazy\" decoding=\"async\" class=\"wp-image-74963\" src=\"https:\/\/exceladvisor.org\/wp-content\/uploads\/2023\/08\/8-filtrer-par-couleur-de-police-selectionnee.png\" sizes=\"auto, \" srcset=\"\" alt=\"filtrare in base al colore del carattere selezionato\" width=\"318\" height=\"120\"><\/figure><\/div><h2 class=\"wp-block-heading\"> Commenti<\/h2><ul><li> Non \u00e8 possibile applicare contemporaneamente un filtro basato sul colore della cella e sul colore del carattere su un singolo colore. \u00c8 possibile utilizzare un solo tipo di filtro alla volta.<\/li><li> Puoi applicare un filtro su pi\u00f9 colonne in base al carattere e al colore della cella. Ad esempio, puoi filtrare una colonna in base al colore del carattere rosso e filtrare la seconda colonna in base al colore della cella giallo.<\/li><\/ul><div class=\"gb-container gb-container-4db6181c gb-container-mt\"> <a class=\"gb-button gb-button-c5897111 gb-button-text gb-button-mt-button\" href=\"https:\/\/exceladvisor.org\/it\/eccellere-in-anticipo\/\">Esercitazioni avanzate su Excel<\/a><h2 class=\"gb-headline gb-headline-665e5f6b gb-headline-text gb-headline-mt-heading\"> Tutorial correlati <\/h2><div class=\"gb-grid-wrapper gb-grid-wrapper-a20baf7c gb-grid-wrapper-mt-grid\"><div class=\"gb-grid-column gb-grid-column-65ddf67e\"><div class=\"gb-container gb-container-65ddf67e\"><ul><li> <a href=\"https:\/\/exceladvisor.org\/it\/casella-di-controllo\/\">Inserisci una casella di controllo in Excel<\/a><\/li><li> <a href=\"https:\/\/exceladvisor.org\/it\/unire-le-celle-senza-perdere-dati\/\">Unisci celle senza perdere dati in Excel<\/a><\/li><li> <a href=\"https:\/\/exceladvisor.org\/it\/incolla-la-moltiplicazione-speciale\/\">Moltiplica in Excel utilizzando Incolla speciale<\/a><\/li><li> <a href=\"https:\/\/exceladvisor.org\/it\/aggiungere-un-codice-a-barre\/\" data-wpil=\"url\">Aggiungi un codice a barre in Excel<\/a><\/li><li> <a href=\"https:\/\/exceladvisor.org\/it\/carattere-predefinito\/\">Cambia il carattere predefinito in Excel<\/a><\/li><\/ul><\/div><\/div><\/div><\/div>","protected":false},"excerpt":{"rendered":"","protected":false},"author":1,"featured_media":0,"parent":0,"menu_order":0,"comment_status":"open","ping_status":"closed","template":"","meta":{"ub_ctt_via":"","footnotes":""},"class_list":["post-1906","page","type-page","status-publish","hentry"],"featured_image_src":null,"yoast_head":"<!-- This site is optimized with the Yoast SEO plugin v25.4 - https:\/\/yoast.com\/wordpress\/plugins\/seo\/ -->\n<title>Come filtrare per colore in Excel? (Tutorial 2023)<\/title>\n<meta name=\"description\" content=\"Stiamo esplorando un modo per filtrare i valori nella colonna utilizzando il colore del carattere o il colore della cella.\" \/>\n<meta name=\"robots\" content=\"index, follow, max-snippet:-1, max-image-preview:large, max-video-preview:-1\" \/>\n<link rel=\"canonical\" href=\"https:\/\/exceladvisor.org\/it\/filtra-per-colore\/\" \/>\n<meta property=\"og:locale\" content=\"it_IT\" \/>\n<meta property=\"og:type\" content=\"article\" \/>\n<meta property=\"og:title\" content=\"Come filtrare per colore in Excel? (Tutorial 2023)\" \/>\n<meta property=\"og:description\" content=\"Stiamo esplorando un modo per filtrare i valori nella colonna utilizzando il colore del carattere o il colore della cella.\" \/>\n<meta property=\"og:url\" content=\"https:\/\/exceladvisor.org\/it\/filtra-per-colore\/\" \/>\n<meta property=\"og:site_name\" content=\"Excel Advisor\" \/>\n<meta property=\"article:modified_time\" content=\"2023-12-10T06:23:33+00:00\" \/>\n<meta property=\"og:image\" content=\"https:\/\/exceladvisor.org\/wp-content\/uploads\/2023\/08\/1-filtre-par-couleur.png\" \/>\n<meta name=\"twitter:card\" content=\"summary_large_image\" \/>\n<meta name=\"twitter:label1\" content=\"Tempo di lettura stimato\" \/>\n\t<meta name=\"twitter:data1\" content=\"2 minuti\" \/>\n<script type=\"application\/ld+json\" class=\"yoast-schema-graph\">{\"@context\":\"https:\/\/schema.org\",\"@graph\":[{\"@type\":\"WebPage\",\"@id\":\"https:\/\/exceladvisor.org\/it\/filtra-per-colore\/\",\"url\":\"https:\/\/exceladvisor.org\/it\/filtra-per-colore\/\",\"name\":\"Come filtrare per colore in Excel? (Tutorial 2023)\",\"isPartOf\":{\"@id\":\"https:\/\/exceladvisor.org\/it\/#website\"},\"primaryImageOfPage\":{\"@id\":\"https:\/\/exceladvisor.org\/it\/filtra-per-colore\/#primaryimage\"},\"image\":{\"@id\":\"https:\/\/exceladvisor.org\/it\/filtra-per-colore\/#primaryimage\"},\"thumbnailUrl\":\"https:\/\/exceladvisor.org\/wp-content\/uploads\/2023\/08\/1-filtre-par-couleur.png\",\"datePublished\":\"2023-10-29T05:45:34+00:00\",\"dateModified\":\"2023-12-10T06:23:33+00:00\",\"description\":\"Stiamo esplorando un modo per filtrare i valori nella colonna utilizzando il colore del carattere o il colore della cella.\",\"breadcrumb\":{\"@id\":\"https:\/\/exceladvisor.org\/it\/filtra-per-colore\/#breadcrumb\"},\"inLanguage\":\"it-IT\",\"potentialAction\":[{\"@type\":\"ReadAction\",\"target\":[\"https:\/\/exceladvisor.org\/it\/filtra-per-colore\/\"]}]},{\"@type\":\"ImageObject\",\"inLanguage\":\"it-IT\",\"@id\":\"https:\/\/exceladvisor.org\/it\/filtra-per-colore\/#primaryimage\",\"url\":\"https:\/\/exceladvisor.org\/wp-content\/uploads\/2023\/08\/1-filtre-par-couleur.png\",\"contentUrl\":\"https:\/\/exceladvisor.org\/wp-content\/uploads\/2023\/08\/1-filtre-par-couleur.png\"},{\"@type\":\"BreadcrumbList\",\"@id\":\"https:\/\/exceladvisor.org\/it\/filtra-per-colore\/#breadcrumb\",\"itemListElement\":[{\"@type\":\"ListItem\",\"position\":1,\"name\":\"Home\",\"item\":\"https:\/\/exceladvisor.org\/it\/\"},{\"@type\":\"ListItem\",\"position\":2,\"name\":\"Come filtrare per colore in excel?\"}]},{\"@type\":\"WebSite\",\"@id\":\"https:\/\/exceladvisor.org\/it\/#website\",\"url\":\"https:\/\/exceladvisor.org\/it\/\",\"name\":\"Excel Advisor\",\"description\":\"Tips, Tricks, and Time-Saving Hacks\",\"publisher\":{\"@id\":\"https:\/\/exceladvisor.org\/it\/#organization\"},\"potentialAction\":[{\"@type\":\"SearchAction\",\"target\":{\"@type\":\"EntryPoint\",\"urlTemplate\":\"https:\/\/exceladvisor.org\/it\/?s={search_term_string}\"},\"query-input\":{\"@type\":\"PropertyValueSpecification\",\"valueRequired\":true,\"valueName\":\"search_term_string\"}}],\"inLanguage\":\"it-IT\"},{\"@type\":\"Organization\",\"@id\":\"https:\/\/exceladvisor.org\/it\/#organization\",\"name\":\"Excel Advisor\",\"url\":\"https:\/\/exceladvisor.org\/it\/\",\"logo\":{\"@type\":\"ImageObject\",\"inLanguage\":\"it-IT\",\"@id\":\"https:\/\/exceladvisor.org\/it\/#\/schema\/logo\/image\/\",\"url\":\"https:\/\/exceladvisor.org\/it\/wp-content\/uploads\/2023\/12\/exceladvisor.org_.png\",\"contentUrl\":\"https:\/\/exceladvisor.org\/it\/wp-content\/uploads\/2023\/12\/exceladvisor.org_.png\",\"width\":105,\"height\":36,\"caption\":\"Excel Advisor\"},\"image\":{\"@id\":\"https:\/\/exceladvisor.org\/it\/#\/schema\/logo\/image\/\"}}]}<\/script>\n<!-- \/ Yoast SEO plugin. -->","yoast_head_json":{"title":"Come filtrare per colore in Excel? (Tutorial 2023)","description":"Stiamo esplorando un modo per filtrare i valori nella colonna utilizzando il colore del carattere o il colore della cella.","robots":{"index":"index","follow":"follow","max-snippet":"max-snippet:-1","max-image-preview":"max-image-preview:large","max-video-preview":"max-video-preview:-1"},"canonical":"https:\/\/exceladvisor.org\/it\/filtra-per-colore\/","og_locale":"it_IT","og_type":"article","og_title":"Come filtrare per colore in Excel? (Tutorial 2023)","og_description":"Stiamo esplorando un modo per filtrare i valori nella colonna utilizzando il colore del carattere o il colore della cella.","og_url":"https:\/\/exceladvisor.org\/it\/filtra-per-colore\/","og_site_name":"Excel Advisor","article_modified_time":"2023-12-10T06:23:33+00:00","og_image":[{"url":"https:\/\/exceladvisor.org\/wp-content\/uploads\/2023\/08\/1-filtre-par-couleur.png","type":"","width":"","height":""}],"twitter_card":"summary_large_image","twitter_misc":{"Tempo di lettura stimato":"2 minuti"},"schema":{"@context":"https:\/\/schema.org","@graph":[{"@type":"WebPage","@id":"https:\/\/exceladvisor.org\/it\/filtra-per-colore\/","url":"https:\/\/exceladvisor.org\/it\/filtra-per-colore\/","name":"Come filtrare per colore in Excel? (Tutorial 2023)","isPartOf":{"@id":"https:\/\/exceladvisor.org\/it\/#website"},"primaryImageOfPage":{"@id":"https:\/\/exceladvisor.org\/it\/filtra-per-colore\/#primaryimage"},"image":{"@id":"https:\/\/exceladvisor.org\/it\/filtra-per-colore\/#primaryimage"},"thumbnailUrl":"https:\/\/exceladvisor.org\/wp-content\/uploads\/2023\/08\/1-filtre-par-couleur.png","datePublished":"2023-10-29T05:45:34+00:00","dateModified":"2023-12-10T06:23:33+00:00","description":"Stiamo esplorando un modo per filtrare i valori nella colonna utilizzando il colore del carattere o il colore della cella.","breadcrumb":{"@id":"https:\/\/exceladvisor.org\/it\/filtra-per-colore\/#breadcrumb"},"inLanguage":"it-IT","potentialAction":[{"@type":"ReadAction","target":["https:\/\/exceladvisor.org\/it\/filtra-per-colore\/"]}]},{"@type":"ImageObject","inLanguage":"it-IT","@id":"https:\/\/exceladvisor.org\/it\/filtra-per-colore\/#primaryimage","url":"https:\/\/exceladvisor.org\/wp-content\/uploads\/2023\/08\/1-filtre-par-couleur.png","contentUrl":"https:\/\/exceladvisor.org\/wp-content\/uploads\/2023\/08\/1-filtre-par-couleur.png"},{"@type":"BreadcrumbList","@id":"https:\/\/exceladvisor.org\/it\/filtra-per-colore\/#breadcrumb","itemListElement":[{"@type":"ListItem","position":1,"name":"Home","item":"https:\/\/exceladvisor.org\/it\/"},{"@type":"ListItem","position":2,"name":"Come filtrare per colore in excel?"}]},{"@type":"WebSite","@id":"https:\/\/exceladvisor.org\/it\/#website","url":"https:\/\/exceladvisor.org\/it\/","name":"Excel Advisor","description":"Tips, Tricks, and Time-Saving Hacks","publisher":{"@id":"https:\/\/exceladvisor.org\/it\/#organization"},"potentialAction":[{"@type":"SearchAction","target":{"@type":"EntryPoint","urlTemplate":"https:\/\/exceladvisor.org\/it\/?s={search_term_string}"},"query-input":{"@type":"PropertyValueSpecification","valueRequired":true,"valueName":"search_term_string"}}],"inLanguage":"it-IT"},{"@type":"Organization","@id":"https:\/\/exceladvisor.org\/it\/#organization","name":"Excel Advisor","url":"https:\/\/exceladvisor.org\/it\/","logo":{"@type":"ImageObject","inLanguage":"it-IT","@id":"https:\/\/exceladvisor.org\/it\/#\/schema\/logo\/image\/","url":"https:\/\/exceladvisor.org\/it\/wp-content\/uploads\/2023\/12\/exceladvisor.org_.png","contentUrl":"https:\/\/exceladvisor.org\/it\/wp-content\/uploads\/2023\/12\/exceladvisor.org_.png","width":105,"height":36,"caption":"Excel Advisor"},"image":{"@id":"https:\/\/exceladvisor.org\/it\/#\/schema\/logo\/image\/"}}]}},"yoast_meta":{"yoast_wpseo_title":"","yoast_wpseo_metadesc":"","yoast_wpseo_canonical":""},"_links":{"self":[{"href":"https:\/\/exceladvisor.org\/it\/wp-json\/wp\/v2\/pages\/1906","targetHints":{"allow":["GET"]}}],"collection":[{"href":"https:\/\/exceladvisor.org\/it\/wp-json\/wp\/v2\/pages"}],"about":[{"href":"https:\/\/exceladvisor.org\/it\/wp-json\/wp\/v2\/types\/page"}],"author":[{"embeddable":true,"href":"https:\/\/exceladvisor.org\/it\/wp-json\/wp\/v2\/users\/1"}],"replies":[{"embeddable":true,"href":"https:\/\/exceladvisor.org\/it\/wp-json\/wp\/v2\/comments?post=1906"}],"version-history":[{"count":1,"href":"https:\/\/exceladvisor.org\/it\/wp-json\/wp\/v2\/pages\/1906\/revisions"}],"predecessor-version":[{"id":2530,"href":"https:\/\/exceladvisor.org\/it\/wp-json\/wp\/v2\/pages\/1906\/revisions\/2530"}],"wp:attachment":[{"href":"https:\/\/exceladvisor.org\/it\/wp-json\/wp\/v2\/media?parent=1906"}],"curies":[{"name":"wp","href":"https:\/\/api.w.org\/{rel}","templated":true}]}}