{"id":1913,"date":"2023-10-29T03:47:35","date_gmt":"2023-10-29T03:47:35","guid":{"rendered":"https:\/\/exceladvisor.org\/it\/i-migliori-caratteri\/"},"modified":"2023-12-10T06:27:57","modified_gmt":"2023-12-10T06:27:57","slug":"i-migliori-caratteri","status":"publish","type":"page","link":"https:\/\/exceladvisor.org\/it\/i-migliori-caratteri\/","title":{"rendered":"I 5 migliori caratteri per microsoft excel"},"content":{"rendered":"<div class=\"excel-prima-del-contenuto\" id=\"excel-1086040509\"><script type=\"text\/javascript\">\r\n\tatOptions = {\r\n\t\t'key' : 'c1158f160081d6540a8409e6925dab94',\r\n\t\t'format' : 'iframe',\r\n\t\t'height' : 250,\r\n\t\t'width' : 300,\r\n\t\t'params' : {}\r\n\t};\r\n<\/script>\r\n<script type=\"text\/javascript\" src=\"\/\/www.highperformanceformat.com\/c1158f160081d6540a8409e6925dab94\/invoke.js\"><\/script><\/div> <p>In Excel, quando si lavora con i dati, \u00e8 importante utilizzare un carattere per presentare i dati in modo che l&#8217;utente possa comprenderli. Il <a href=\"https:\/\/exceladvisor.org\/it\/carattere-predefinito\/\">carattere predefinito in Excel<\/a> \u00e8 Calibri con una dimensione del carattere pari a 11, ma puoi utilizzare qualsiasi carattere desideri.<\/p><p> In questo tutorial condivider\u00f2 cinque diversi caratteri che ho scoperto essere buoni sostituti del carattere predefinito.<\/p><h2 class=\"wp-block-heading\"> 1. Interfaccia utente Segoe<\/h2><p> Ho trovato l&#8217;interfaccia utente di Segoe un sostituto perfetto per Calibri. Questo carattere \u00e8 gi\u00e0 installato in Windows. Potrebbe essere sufficiente modificarlo dalla scheda Home \u21e2 Carattere. <\/p><div class=\"wp-block-image\"><figure class=\"aligncenter size-full is-resized\"><img loading=\"lazy\" decoding=\"async\" class=\"wp-image-77602\" src=\"https:\/\/exceladvisor.org\/wp-content\/uploads\/2023\/08\/1-interface-utilisateur.png\" sizes=\"auto, \" srcset=\"\" alt=\"segoe-ui\" width=\"543\" height=\"334\"><\/figure><\/div><h2 class=\"wp-block-heading\"> 2. Codice Abete<\/h2><p> Fira Code \u00e8 un carattere Google che puoi <a href=\"https:\/\/fonts.google.com\/specimen\/Fira+Code\" target=\"_blank\" rel=\"noreferrer noopener nofollow\">scaricare e installare<\/a> sul tuo sistema. L&#8217;ho trovato utile quando ho bisogno di presentare i numeri. \u00c8 un po&#8217; sottile e facilita la lettura. <\/p><div class=\"wp-block-image\"><figure class=\"aligncenter size-full is-resized\"><img loading=\"lazy\" decoding=\"async\" class=\"wp-image-77603\" src=\"https:\/\/exceladvisor.org\/wp-content\/uploads\/2023\/08\/2-fira-code.png\" sizes=\"auto, \" srcset=\"\" alt=\"codice fira\" width=\"562\" height=\"342\"><\/figure><\/div><h2 class=\"wp-block-heading\"> 3. Verdano<\/h2><p> Verdana \u00e8 un carattere preinstallato in Windows e uno dei caratteri pi\u00f9 utilizzati al mondo. Utilizzo questo carattere quando lavoro su set di dati di grandi dimensioni. Poich\u00e9 \u00e8 stato utilizzato in tutto il mondo, la sua leggibilit\u00e0 \u00e8 sorprendente e puoi utilizzarlo anche nei report. <\/p><div class=\"wp-block-image\"><figure class=\"aligncenter size-full is-resized\"><img loading=\"lazy\" decoding=\"async\" class=\"wp-image-77604\" src=\"https:\/\/exceladvisor.org\/wp-content\/uploads\/2023\/08\/3-verdure.png\" sizes=\"auto, \" srcset=\"\" alt=\"verdeggiante\" width=\"601\" height=\"323\"><\/figure><\/div><h2 class=\"wp-block-heading\"> 4. Elvetico<\/h2><p> Helvetica \u00e8 anche un carattere preinstallato in Windows e puoi usarlo anche in Excel. Questo carattere funziona benissimo con set di dati di grandi dimensioni e soprattutto con intestazioni di colonna. <\/p><div class=\"wp-block-image\"><figure class=\"aligncenter size-full is-resized\"><img loading=\"lazy\" decoding=\"async\" class=\"wp-image-77605\" src=\"https:\/\/exceladvisor.org\/wp-content\/uploads\/2023\/08\/4-helvetiques.png\" sizes=\"auto, \" srcset=\"\" alt=\"svizzero\" width=\"609\" height=\"354\"><\/figure><\/div><h2 class=\"wp-block-heading\"> 5. Codice sorgente professionale<\/h2><p> Source Code Pro \u00e8 anche un carattere Google che devi scaricare e installare nel sistema. \u00c8 un carattere elegante che pu\u00f2 essere utilizzato in dashboard e report, soprattutto quando \u00e8 necessario utilizzare caratteri di grandi dimensioni. <\/p><div class=\"wp-block-image\"><figure class=\"aligncenter size-full is-resized\"><img loading=\"lazy\" decoding=\"async\" class=\"wp-image-77606\" src=\"https:\/\/exceladvisor.org\/wp-content\/uploads\/2023\/08\/5-code-source-pro.png\" sizes=\"auto, \" srcset=\"\" alt=\"codice-source-pro\" width=\"627\" height=\"360\"><\/figure><\/div><div class=\"gb-container gb-container-6f14e053 gb-container-note\"><p class=\"gb-headline gb-headline-b900408c gb-headline-text\"> In questo elenco ho consigliato solo i caratteri sans serif. <a href=\"https:\/\/exceladvisor.org\/it\/nozioni-di-base-su-excel\/\">Excel \u00e8 un foglio di calcolo<\/a> e quando si lavora con i dati, lo stile del carattere dovrebbe essere facilmente comprensibile per l&#8217;utente.<\/p><\/div><div class=\"gb-container gb-container-4db6181c gb-container-mt\"> <a class=\"gb-button gb-button-c5897111 gb-button-text gb-button-mt-button\" href=\"https:\/\/exceladvisor.org\/it\/eccellere-in-anticipo\/\">Esercitazioni avanzate su Excel<\/a><h2 class=\"gb-headline gb-headline-665e5f6b gb-headline-text gb-headline-mt-heading\"> Tutorial correlati <\/h2><div class=\"gb-grid-wrapper gb-grid-wrapper-a20baf7c gb-grid-wrapper-mt-grid\"><div class=\"gb-grid-column gb-grid-column-65ddf67e\"><div class=\"gb-container gb-container-65ddf67e\"><ul><li> <a href=\"https:\/\/exceladvisor.org\/it\/formule-1\/\" data-wpil=\"url\">Formule nella formattazione condizionale<\/a><\/li><li> <a href=\"https:\/\/exceladvisor.org\/it\/formato-automatico\/\">Opzione di formattazione automatica in Excel<\/a><\/li><li> <a href=\"https:\/\/exceladvisor.org\/it\/evidenziare-le-linee-alternate\/\">Evidenzia le righe alternative in Excel con il campione di colore<\/a><\/li><li> <a href=\"https:\/\/exceladvisor.org\/it\/giochi-di-icone\/\" data-wpil=\"url\">Utilizza set di icone in Excel (formattazione condizionale)<\/a><\/li><\/ul><\/div><\/div><\/div><\/div>","protected":false},"excerpt":{"rendered":"","protected":false},"author":1,"featured_media":0,"parent":0,"menu_order":0,"comment_status":"open","ping_status":"closed","template":"","meta":{"ub_ctt_via":"","footnotes":""},"class_list":["post-1913","page","type-page","status-publish","hentry"],"featured_image_src":null,"yoast_head":"<!-- This site is optimized with the Yoast SEO plugin v25.4 - https:\/\/yoast.com\/wordpress\/plugins\/seo\/ -->\n<title>\u25b7 I 5 migliori caratteri per Microsoft Excel nel 2023<\/title>\n<meta name=\"description\" content=\"In questo tutorial, abbiamo elencato i cinque principali caratteri che puoi utilizzare in Microsoft Excel.\" \/>\n<meta name=\"robots\" content=\"index, follow, max-snippet:-1, max-image-preview:large, max-video-preview:-1\" \/>\n<link rel=\"canonical\" href=\"https:\/\/exceladvisor.org\/it\/i-migliori-caratteri\/\" \/>\n<meta property=\"og:locale\" content=\"it_IT\" \/>\n<meta property=\"og:type\" content=\"article\" \/>\n<meta property=\"og:title\" content=\"\u25b7 I 5 migliori caratteri per Microsoft Excel nel 2023\" \/>\n<meta property=\"og:description\" content=\"In questo tutorial, abbiamo elencato i cinque principali caratteri che puoi utilizzare in Microsoft Excel.\" \/>\n<meta property=\"og:url\" content=\"https:\/\/exceladvisor.org\/it\/i-migliori-caratteri\/\" \/>\n<meta property=\"og:site_name\" content=\"Excel Advisor\" \/>\n<meta property=\"article:modified_time\" content=\"2023-12-10T06:27:57+00:00\" \/>\n<meta property=\"og:image\" content=\"https:\/\/exceladvisor.org\/wp-content\/uploads\/2023\/08\/1-interface-utilisateur.png\" \/>\n<meta name=\"twitter:card\" content=\"summary_large_image\" \/>\n<meta name=\"twitter:label1\" content=\"Tempo di lettura stimato\" \/>\n\t<meta name=\"twitter:data1\" content=\"1 minuto\" \/>\n<script type=\"application\/ld+json\" class=\"yoast-schema-graph\">{\"@context\":\"https:\/\/schema.org\",\"@graph\":[{\"@type\":\"WebPage\",\"@id\":\"https:\/\/exceladvisor.org\/it\/i-migliori-caratteri\/\",\"url\":\"https:\/\/exceladvisor.org\/it\/i-migliori-caratteri\/\",\"name\":\"\u25b7 I 5 migliori caratteri per Microsoft Excel nel 2023\",\"isPartOf\":{\"@id\":\"https:\/\/exceladvisor.org\/it\/#website\"},\"primaryImageOfPage\":{\"@id\":\"https:\/\/exceladvisor.org\/it\/i-migliori-caratteri\/#primaryimage\"},\"image\":{\"@id\":\"https:\/\/exceladvisor.org\/it\/i-migliori-caratteri\/#primaryimage\"},\"thumbnailUrl\":\"https:\/\/exceladvisor.org\/wp-content\/uploads\/2023\/08\/1-interface-utilisateur.png\",\"datePublished\":\"2023-10-29T03:47:35+00:00\",\"dateModified\":\"2023-12-10T06:27:57+00:00\",\"description\":\"In questo tutorial, abbiamo elencato i cinque principali caratteri che puoi utilizzare in Microsoft Excel.\",\"breadcrumb\":{\"@id\":\"https:\/\/exceladvisor.org\/it\/i-migliori-caratteri\/#breadcrumb\"},\"inLanguage\":\"it-IT\",\"potentialAction\":[{\"@type\":\"ReadAction\",\"target\":[\"https:\/\/exceladvisor.org\/it\/i-migliori-caratteri\/\"]}]},{\"@type\":\"ImageObject\",\"inLanguage\":\"it-IT\",\"@id\":\"https:\/\/exceladvisor.org\/it\/i-migliori-caratteri\/#primaryimage\",\"url\":\"https:\/\/exceladvisor.org\/wp-content\/uploads\/2023\/08\/1-interface-utilisateur.png\",\"contentUrl\":\"https:\/\/exceladvisor.org\/wp-content\/uploads\/2023\/08\/1-interface-utilisateur.png\"},{\"@type\":\"BreadcrumbList\",\"@id\":\"https:\/\/exceladvisor.org\/it\/i-migliori-caratteri\/#breadcrumb\",\"itemListElement\":[{\"@type\":\"ListItem\",\"position\":1,\"name\":\"Home\",\"item\":\"https:\/\/exceladvisor.org\/it\/\"},{\"@type\":\"ListItem\",\"position\":2,\"name\":\"I 5 migliori caratteri per microsoft excel\"}]},{\"@type\":\"WebSite\",\"@id\":\"https:\/\/exceladvisor.org\/it\/#website\",\"url\":\"https:\/\/exceladvisor.org\/it\/\",\"name\":\"Excel Advisor\",\"description\":\"Tips, Tricks, and Time-Saving Hacks\",\"publisher\":{\"@id\":\"https:\/\/exceladvisor.org\/it\/#organization\"},\"potentialAction\":[{\"@type\":\"SearchAction\",\"target\":{\"@type\":\"EntryPoint\",\"urlTemplate\":\"https:\/\/exceladvisor.org\/it\/?s={search_term_string}\"},\"query-input\":{\"@type\":\"PropertyValueSpecification\",\"valueRequired\":true,\"valueName\":\"search_term_string\"}}],\"inLanguage\":\"it-IT\"},{\"@type\":\"Organization\",\"@id\":\"https:\/\/exceladvisor.org\/it\/#organization\",\"name\":\"Excel Advisor\",\"url\":\"https:\/\/exceladvisor.org\/it\/\",\"logo\":{\"@type\":\"ImageObject\",\"inLanguage\":\"it-IT\",\"@id\":\"https:\/\/exceladvisor.org\/it\/#\/schema\/logo\/image\/\",\"url\":\"https:\/\/exceladvisor.org\/it\/wp-content\/uploads\/2023\/12\/exceladvisor.org_.png\",\"contentUrl\":\"https:\/\/exceladvisor.org\/it\/wp-content\/uploads\/2023\/12\/exceladvisor.org_.png\",\"width\":105,\"height\":36,\"caption\":\"Excel Advisor\"},\"image\":{\"@id\":\"https:\/\/exceladvisor.org\/it\/#\/schema\/logo\/image\/\"}}]}<\/script>\n<!-- \/ Yoast SEO plugin. -->","yoast_head_json":{"title":"\u25b7 I 5 migliori caratteri per Microsoft Excel nel 2023","description":"In questo tutorial, abbiamo elencato i cinque principali caratteri che puoi utilizzare in Microsoft Excel.","robots":{"index":"index","follow":"follow","max-snippet":"max-snippet:-1","max-image-preview":"max-image-preview:large","max-video-preview":"max-video-preview:-1"},"canonical":"https:\/\/exceladvisor.org\/it\/i-migliori-caratteri\/","og_locale":"it_IT","og_type":"article","og_title":"\u25b7 I 5 migliori caratteri per Microsoft Excel nel 2023","og_description":"In questo tutorial, abbiamo elencato i cinque principali caratteri che puoi utilizzare in Microsoft Excel.","og_url":"https:\/\/exceladvisor.org\/it\/i-migliori-caratteri\/","og_site_name":"Excel Advisor","article_modified_time":"2023-12-10T06:27:57+00:00","og_image":[{"url":"https:\/\/exceladvisor.org\/wp-content\/uploads\/2023\/08\/1-interface-utilisateur.png","type":"","width":"","height":""}],"twitter_card":"summary_large_image","twitter_misc":{"Tempo di lettura stimato":"1 minuto"},"schema":{"@context":"https:\/\/schema.org","@graph":[{"@type":"WebPage","@id":"https:\/\/exceladvisor.org\/it\/i-migliori-caratteri\/","url":"https:\/\/exceladvisor.org\/it\/i-migliori-caratteri\/","name":"\u25b7 I 5 migliori caratteri per Microsoft Excel nel 2023","isPartOf":{"@id":"https:\/\/exceladvisor.org\/it\/#website"},"primaryImageOfPage":{"@id":"https:\/\/exceladvisor.org\/it\/i-migliori-caratteri\/#primaryimage"},"image":{"@id":"https:\/\/exceladvisor.org\/it\/i-migliori-caratteri\/#primaryimage"},"thumbnailUrl":"https:\/\/exceladvisor.org\/wp-content\/uploads\/2023\/08\/1-interface-utilisateur.png","datePublished":"2023-10-29T03:47:35+00:00","dateModified":"2023-12-10T06:27:57+00:00","description":"In questo tutorial, abbiamo elencato i cinque principali caratteri che puoi utilizzare in Microsoft Excel.","breadcrumb":{"@id":"https:\/\/exceladvisor.org\/it\/i-migliori-caratteri\/#breadcrumb"},"inLanguage":"it-IT","potentialAction":[{"@type":"ReadAction","target":["https:\/\/exceladvisor.org\/it\/i-migliori-caratteri\/"]}]},{"@type":"ImageObject","inLanguage":"it-IT","@id":"https:\/\/exceladvisor.org\/it\/i-migliori-caratteri\/#primaryimage","url":"https:\/\/exceladvisor.org\/wp-content\/uploads\/2023\/08\/1-interface-utilisateur.png","contentUrl":"https:\/\/exceladvisor.org\/wp-content\/uploads\/2023\/08\/1-interface-utilisateur.png"},{"@type":"BreadcrumbList","@id":"https:\/\/exceladvisor.org\/it\/i-migliori-caratteri\/#breadcrumb","itemListElement":[{"@type":"ListItem","position":1,"name":"Home","item":"https:\/\/exceladvisor.org\/it\/"},{"@type":"ListItem","position":2,"name":"I 5 migliori caratteri per microsoft excel"}]},{"@type":"WebSite","@id":"https:\/\/exceladvisor.org\/it\/#website","url":"https:\/\/exceladvisor.org\/it\/","name":"Excel Advisor","description":"Tips, Tricks, and Time-Saving Hacks","publisher":{"@id":"https:\/\/exceladvisor.org\/it\/#organization"},"potentialAction":[{"@type":"SearchAction","target":{"@type":"EntryPoint","urlTemplate":"https:\/\/exceladvisor.org\/it\/?s={search_term_string}"},"query-input":{"@type":"PropertyValueSpecification","valueRequired":true,"valueName":"search_term_string"}}],"inLanguage":"it-IT"},{"@type":"Organization","@id":"https:\/\/exceladvisor.org\/it\/#organization","name":"Excel Advisor","url":"https:\/\/exceladvisor.org\/it\/","logo":{"@type":"ImageObject","inLanguage":"it-IT","@id":"https:\/\/exceladvisor.org\/it\/#\/schema\/logo\/image\/","url":"https:\/\/exceladvisor.org\/it\/wp-content\/uploads\/2023\/12\/exceladvisor.org_.png","contentUrl":"https:\/\/exceladvisor.org\/it\/wp-content\/uploads\/2023\/12\/exceladvisor.org_.png","width":105,"height":36,"caption":"Excel Advisor"},"image":{"@id":"https:\/\/exceladvisor.org\/it\/#\/schema\/logo\/image\/"}}]}},"yoast_meta":{"yoast_wpseo_title":"","yoast_wpseo_metadesc":"","yoast_wpseo_canonical":""},"_links":{"self":[{"href":"https:\/\/exceladvisor.org\/it\/wp-json\/wp\/v2\/pages\/1913","targetHints":{"allow":["GET"]}}],"collection":[{"href":"https:\/\/exceladvisor.org\/it\/wp-json\/wp\/v2\/pages"}],"about":[{"href":"https:\/\/exceladvisor.org\/it\/wp-json\/wp\/v2\/types\/page"}],"author":[{"embeddable":true,"href":"https:\/\/exceladvisor.org\/it\/wp-json\/wp\/v2\/users\/1"}],"replies":[{"embeddable":true,"href":"https:\/\/exceladvisor.org\/it\/wp-json\/wp\/v2\/comments?post=1913"}],"version-history":[{"count":1,"href":"https:\/\/exceladvisor.org\/it\/wp-json\/wp\/v2\/pages\/1913\/revisions"}],"predecessor-version":[{"id":2921,"href":"https:\/\/exceladvisor.org\/it\/wp-json\/wp\/v2\/pages\/1913\/revisions\/2921"}],"wp:attachment":[{"href":"https:\/\/exceladvisor.org\/it\/wp-json\/wp\/v2\/media?parent=1913"}],"curies":[{"name":"wp","href":"https:\/\/api.w.org\/{rel}","templated":true}]}}