{"id":1915,"date":"2023-10-28T03:16:17","date_gmt":"2023-10-28T03:16:17","guid":{"rendered":"https:\/\/exceladvisor.org\/it\/rimuovere-i-trattini\/"},"modified":"2023-12-10T06:25:10","modified_gmt":"2023-12-10T06:25:10","slug":"rimuovere-i-trattini","status":"publish","type":"page","link":"https:\/\/exceladvisor.org\/it\/rimuovere-i-trattini\/","title":{"rendered":"Come rimuovere i trattini in excel?"},"content":{"rendered":"<div class=\"excel-prima-del-contenuto\" id=\"excel-964249077\"><script type=\"text\/javascript\">\r\n\tatOptions = {\r\n\t\t'key' : 'c1158f160081d6540a8409e6925dab94',\r\n\t\t'format' : 'iframe',\r\n\t\t'height' : 250,\r\n\t\t'width' : 300,\r\n\t\t'params' : {}\r\n\t};\r\n<\/script>\r\n<script type=\"text\/javascript\" src=\"\/\/www.highperformanceformat.com\/c1158f160081d6540a8409e6925dab94\/invoke.js\"><\/script><\/div> <p>Esistono alcune forme di dati in cui potresti avere dei trattini in mezzo. Ad esempio, un numero SNN, date e numeri di cellulare. Ora in Excel ci sono diversi modi con le formule che puoi utilizzare per rimuovere questi trattini da questi valori. <\/p><div class=\"wp-block-image\"><figure class=\"aligncenter size-full is-resized\"><img loading=\"lazy\" decoding=\"async\" class=\"wp-image-77759\" src=\"https:\/\/exceladvisor.org\/wp-content\/uploads\/2023\/08\/1-supprimer-les-tirets.png\" sizes=\"auto, \" srcset=\"\" alt=\"rimuovere i trattini\" width=\"387\" height=\"362\"><\/figure><\/div><p> In questo tutorial esamineremo i diversi metodi che possiamo utilizzare per rimuovere i trattini dai valori in Excel.<\/p><h2 class=\"wp-block-heading\"> Rimuovere i trattini da un SSN (numero di previdenza sociale)<\/h2><ol type=\"1\"><li> Per prima cosa, nella cella B2, inserisci <strong>\u201cSOSTITUTO(\u201c.<\/strong><\/li><li> Dopodich\u00e9, nel primo argomento, fai riferimento alla cella in cui hai il SSN.<\/li><li> Successivamente, inserisci un trattino utilizzando le virgolette doppie.<\/li><li> Ora, per il terzo argomento, inserisci un valore vuoto utilizzando virgolette doppie.<\/li><li> Alla fine, inserisci le parentesi di chiusura e premi Invio per ottenere il risultato. <\/li><\/ol><div class=\"wp-block-image\"><figure class=\"aligncenter size-full is-resized\"><img loading=\"lazy\" decoding=\"async\" class=\"wp-image-77760\" src=\"https:\/\/exceladvisor.org\/wp-content\/uploads\/2023\/08\/2-supprimer-les-tirets-par-substitution.png\" sizes=\"auto, \" srcset=\"\" alt=\"rimuovere i trattini mediante sostituzione\" width=\"491\" height=\"279\"><\/figure><\/div><pre class=\"wp-block-code\"> <code class=\"language-excel-formula\" lang=\"excel-formula\">=SUBSTITUTE(A1,\"-\",\"\")<\/code><\/pre><p> Una volta inserita la formula otterrai un valore senza trattini nella cella<\/p><p> Ma ti suggerisco di applicare il formato SSN ogni volta che inserisci il SSN in Excel. Ci\u00f2 non aggiunger\u00e0 trattini al valore ma \u00e8 un formato con trattini.<\/p><p> Opzioni formato cella \u21e2 Numeri \u21e2 Speciale \u21e2 Numero di previdenza sociale. <\/p><div class=\"wp-block-image\"><figure class=\"aligncenter size-full is-resized\"><img loading=\"lazy\" decoding=\"async\" class=\"wp-image-77761\" src=\"https:\/\/exceladvisor.org\/wp-content\/uploads\/2023\/08\/Option-speciale-de-la-boite-de-dialogue-Format-3-cellules.png\" sizes=\"auto, \" srcset=\"\" alt=\"formato-celle-finestra-di-dialogo-opzione-speciale\" width=\"525\" height=\"520\"><\/figure><\/div><h2 class=\"wp-block-heading\"> Utilizza Trova e sostituisci per rimuovere i trattini in Excel<\/h2><ol type=\"1\"><li> Innanzitutto, seleziona l&#8217;intervallo di celle da cui desideri rimuovere i trattini.<\/li><li> Successivamente, apri l&#8217;opzione <a href=\"https:\/\/exceladvisor.org\/it\/trovare-sostituire\/\">Trova e sostituisci<\/a> utilizzando la <a href=\"https:\/\/exceladvisor.org\/it\/trova-sostituisci-1\/\">scorciatoia da tastiera Ctrl + H.<\/a><\/li><li> Successivamente, inserisci un trattino nel campo Cerca.<\/li><li> Adesso a posto con, non inserire nulla.<\/li><li> Alla fine, fai clic su Sostituisci tutto. <\/li><\/ol><div class=\"wp-block-image\"><figure class=\"aligncenter size-full is-resized\"><img loading=\"lazy\" decoding=\"async\" class=\"wp-image-77762\" src=\"https:\/\/exceladvisor.org\/wp-content\/uploads\/2023\/08\/4-rechercher-et-remplacer-pour-supprimer-les-tirets.png\" sizes=\"auto, \" srcset=\"\" alt=\"trova e sostituisci per rimuovere i trattini\" width=\"681\" height=\"299\"><\/figure><\/div><p> Nel momento in cui fai clic sul pulsante &#8220;Sostituisci tutto&#8221;, sostituir\u00e0 i trattini di tutte le celle selezionate. E se non selezioni alcuna cella, i trattini verranno rimossi dall&#8217;intero foglio di lavoro. <\/p><div class=\"wp-block-image\"><figure class=\"aligncenter size-full is-resized\"><img loading=\"lazy\" decoding=\"async\" class=\"wp-image-77763\" src=\"https:\/\/exceladvisor.org\/wp-content\/uploads\/2023\/08\/5-remplacer-tout.png\" sizes=\"auto, \" srcset=\"\" alt=\"sostituire tutto\" width=\"692\" height=\"255\"><\/figure><\/div><p> Fare clic sul pulsante Opzioni e selezionare la cartella di lavoro dal menu a discesa &#8220;In&#8221; per rimuovere le linee tratteggiate dall&#8217;intera cartella di lavoro.<\/p><h2 class=\"wp-block-heading\"> Utilizza i codici VBA per rimuovere tutti i trattini<\/h2><p> Puoi anche eseguire il codice VBA per rimuovere i trattini dalle celle selezionate. Di seguito hai il codice che puoi utilizzare.<\/p><pre class=\"wp-block-code\"> <code class=\"language-visual-basic line-numbers\" lang=\"visual-basic\">Sub remove_dashes() Dim iCell As <strong>Range<\/strong> <strong>For<\/strong> Each iCell <strong>In<\/strong> <strong>Selection<\/strong> . <strong>Cells<\/strong>   iCell. <strong>Value<\/strong> = <strong>Replace<\/strong> (iCell, \"-\", \"\") <strong>Next<\/strong> iCell <strong>End<\/strong> Sub<\/code><\/pre><p> Per utilizzare questo codice: seleziona l&#8217;intervallo di celle o una singola cella ed esegui il codice.<\/p><p> Ma se desideri rimuovere i trattini e applicare il formato del numero di previdenza sociale alle celle selezionate, puoi utilizzare il codice seguente anzich\u00e9 quello sopra.<\/p><pre class=\"wp-block-code\"> <code class=\"language-visual-basic line-numbers\" lang=\"visual-basic\">Sub remove_dashes() Dim iCell As <strong>Range<\/strong> <strong>For<\/strong> Each iCell <strong>In<\/strong> <strong>Selection<\/strong> . <strong>Cells<\/strong>   iCell. <strong>Value<\/strong> = <strong>Replace<\/strong> (iCell, \"-\", \"\")   iCell. <strong>NumberFormat<\/strong> = \"000-00-0000\" <strong>Next<\/strong> iCell <strong>End<\/strong> Sub<\/code><\/pre><p> Rimuover\u00e0 i trattini dal numero ma applicher\u00e0 anche il formato SSN ai valori, come puoi vedere nell&#8217;esempio seguente. <\/p><div class=\"wp-block-image\"><figure class=\"aligncenter size-full is-resized\"><img loading=\"lazy\" decoding=\"async\" class=\"wp-image-77764\" src=\"https:\/\/exceladvisor.org\/wp-content\/uploads\/2023\/08\/6-supprimer-le-tableau-de-bord-a-laide-de-vba.png\" sizes=\"auto, \" srcset=\"\" alt=\"elimina-dashboard-utilizzando-vba\" width=\"453\" height=\"358\"><\/figure><\/div><div class=\"gb-container gb-container-4db6181c gb-container-mt\"> <a class=\"gb-button gb-button-c5897111 gb-button-text gb-button-mt-button\" href=\"https:\/\/exceladvisor.org\/it\/eccellere-in-anticipo\/\">Esercitazioni avanzate su Excel<\/a><h2 class=\"gb-headline gb-headline-665e5f6b gb-headline-text gb-headline-mt-heading\"> Tutorial correlati <\/h2><div class=\"gb-grid-wrapper gb-grid-wrapper-a20baf7c gb-grid-wrapper-mt-grid\"><div class=\"gb-grid-column gb-grid-column-65ddf67e\"><div class=\"gb-container gb-container-65ddf67e\"><ul><li> <a href=\"https:\/\/exceladvisor.org\/it\/strumento-di-analisi-rapida\/\">Strumento di analisi rapida in Excel<\/a><\/li><li> <a href=\"https:\/\/exceladvisor.org\/it\/applicare-piu-filtri\/\">Applica pi\u00f9 filtri alle colonne<\/a><\/li><li> <a href=\"https:\/\/exceladvisor.org\/it\/evidenziare-i-valori-superiori-inferiori\/\">Evidenzia i valori N superiori e inferiori in Excel<\/a><\/li><li> <a href=\"https:\/\/exceladvisor.org\/it\/casella-di-controllo\/\">Inserisci una casella di controllo in Excel<\/a><\/li><li> <a href=\"https:\/\/exceladvisor.org\/it\/unire-le-celle-senza-perdere-dati\/\">Unisci celle senza perdere dati in Excel<\/a><\/li><\/ul><\/div><\/div><\/div><\/div>","protected":false},"excerpt":{"rendered":"","protected":false},"author":1,"featured_media":0,"parent":0,"menu_order":0,"comment_status":"open","ping_status":"closed","template":"","meta":{"ub_ctt_via":"","footnotes":""},"class_list":["post-1915","page","type-page","status-publish","hentry"],"featured_image_src":null,"yoast_head":"<!-- This site is optimized with the Yoast SEO plugin v25.4 - https:\/\/yoast.com\/wordpress\/plugins\/seo\/ -->\n<title>Come rimuovere i trattini in Excel? (Guida 2023)<\/title>\n<meta name=\"robots\" content=\"index, follow, max-snippet:-1, max-image-preview:large, max-video-preview:-1\" \/>\n<link rel=\"canonical\" href=\"https:\/\/exceladvisor.org\/it\/rimuovere-i-trattini\/\" \/>\n<meta property=\"og:locale\" content=\"it_IT\" \/>\n<meta property=\"og:type\" content=\"article\" \/>\n<meta property=\"og:title\" content=\"Come rimuovere i trattini in Excel? (Guida 2023)\" \/>\n<meta property=\"og:url\" content=\"https:\/\/exceladvisor.org\/it\/rimuovere-i-trattini\/\" \/>\n<meta property=\"og:site_name\" content=\"Excel Advisor\" \/>\n<meta property=\"article:modified_time\" content=\"2023-12-10T06:25:10+00:00\" \/>\n<meta property=\"og:image\" content=\"https:\/\/exceladvisor.org\/wp-content\/uploads\/2023\/08\/1-supprimer-les-tirets.png\" \/>\n<meta name=\"twitter:card\" content=\"summary_large_image\" \/>\n<meta name=\"twitter:label1\" content=\"Tempo di lettura stimato\" \/>\n\t<meta name=\"twitter:data1\" content=\"2 minuti\" \/>\n<script type=\"application\/ld+json\" class=\"yoast-schema-graph\">{\"@context\":\"https:\/\/schema.org\",\"@graph\":[{\"@type\":\"WebPage\",\"@id\":\"https:\/\/exceladvisor.org\/it\/rimuovere-i-trattini\/\",\"url\":\"https:\/\/exceladvisor.org\/it\/rimuovere-i-trattini\/\",\"name\":\"Come rimuovere i trattini in Excel? (Guida 2023)\",\"isPartOf\":{\"@id\":\"https:\/\/exceladvisor.org\/it\/#website\"},\"primaryImageOfPage\":{\"@id\":\"https:\/\/exceladvisor.org\/it\/rimuovere-i-trattini\/#primaryimage\"},\"image\":{\"@id\":\"https:\/\/exceladvisor.org\/it\/rimuovere-i-trattini\/#primaryimage\"},\"thumbnailUrl\":\"https:\/\/exceladvisor.org\/wp-content\/uploads\/2023\/08\/1-supprimer-les-tirets.png\",\"datePublished\":\"2023-10-28T03:16:17+00:00\",\"dateModified\":\"2023-12-10T06:25:10+00:00\",\"breadcrumb\":{\"@id\":\"https:\/\/exceladvisor.org\/it\/rimuovere-i-trattini\/#breadcrumb\"},\"inLanguage\":\"it-IT\",\"potentialAction\":[{\"@type\":\"ReadAction\",\"target\":[\"https:\/\/exceladvisor.org\/it\/rimuovere-i-trattini\/\"]}]},{\"@type\":\"ImageObject\",\"inLanguage\":\"it-IT\",\"@id\":\"https:\/\/exceladvisor.org\/it\/rimuovere-i-trattini\/#primaryimage\",\"url\":\"https:\/\/exceladvisor.org\/wp-content\/uploads\/2023\/08\/1-supprimer-les-tirets.png\",\"contentUrl\":\"https:\/\/exceladvisor.org\/wp-content\/uploads\/2023\/08\/1-supprimer-les-tirets.png\"},{\"@type\":\"BreadcrumbList\",\"@id\":\"https:\/\/exceladvisor.org\/it\/rimuovere-i-trattini\/#breadcrumb\",\"itemListElement\":[{\"@type\":\"ListItem\",\"position\":1,\"name\":\"Home\",\"item\":\"https:\/\/exceladvisor.org\/it\/\"},{\"@type\":\"ListItem\",\"position\":2,\"name\":\"Come rimuovere i trattini in excel?\"}]},{\"@type\":\"WebSite\",\"@id\":\"https:\/\/exceladvisor.org\/it\/#website\",\"url\":\"https:\/\/exceladvisor.org\/it\/\",\"name\":\"Excel Advisor\",\"description\":\"Tips, Tricks, and Time-Saving Hacks\",\"publisher\":{\"@id\":\"https:\/\/exceladvisor.org\/it\/#organization\"},\"potentialAction\":[{\"@type\":\"SearchAction\",\"target\":{\"@type\":\"EntryPoint\",\"urlTemplate\":\"https:\/\/exceladvisor.org\/it\/?s={search_term_string}\"},\"query-input\":{\"@type\":\"PropertyValueSpecification\",\"valueRequired\":true,\"valueName\":\"search_term_string\"}}],\"inLanguage\":\"it-IT\"},{\"@type\":\"Organization\",\"@id\":\"https:\/\/exceladvisor.org\/it\/#organization\",\"name\":\"Excel Advisor\",\"url\":\"https:\/\/exceladvisor.org\/it\/\",\"logo\":{\"@type\":\"ImageObject\",\"inLanguage\":\"it-IT\",\"@id\":\"https:\/\/exceladvisor.org\/it\/#\/schema\/logo\/image\/\",\"url\":\"https:\/\/exceladvisor.org\/it\/wp-content\/uploads\/2023\/12\/exceladvisor.org_.png\",\"contentUrl\":\"https:\/\/exceladvisor.org\/it\/wp-content\/uploads\/2023\/12\/exceladvisor.org_.png\",\"width\":105,\"height\":36,\"caption\":\"Excel Advisor\"},\"image\":{\"@id\":\"https:\/\/exceladvisor.org\/it\/#\/schema\/logo\/image\/\"}}]}<\/script>\n<!-- \/ Yoast SEO plugin. -->","yoast_head_json":{"title":"Come rimuovere i trattini in Excel? (Guida 2023)","robots":{"index":"index","follow":"follow","max-snippet":"max-snippet:-1","max-image-preview":"max-image-preview:large","max-video-preview":"max-video-preview:-1"},"canonical":"https:\/\/exceladvisor.org\/it\/rimuovere-i-trattini\/","og_locale":"it_IT","og_type":"article","og_title":"Come rimuovere i trattini in Excel? (Guida 2023)","og_url":"https:\/\/exceladvisor.org\/it\/rimuovere-i-trattini\/","og_site_name":"Excel Advisor","article_modified_time":"2023-12-10T06:25:10+00:00","og_image":[{"url":"https:\/\/exceladvisor.org\/wp-content\/uploads\/2023\/08\/1-supprimer-les-tirets.png","type":"","width":"","height":""}],"twitter_card":"summary_large_image","twitter_misc":{"Tempo di lettura stimato":"2 minuti"},"schema":{"@context":"https:\/\/schema.org","@graph":[{"@type":"WebPage","@id":"https:\/\/exceladvisor.org\/it\/rimuovere-i-trattini\/","url":"https:\/\/exceladvisor.org\/it\/rimuovere-i-trattini\/","name":"Come rimuovere i trattini in Excel? (Guida 2023)","isPartOf":{"@id":"https:\/\/exceladvisor.org\/it\/#website"},"primaryImageOfPage":{"@id":"https:\/\/exceladvisor.org\/it\/rimuovere-i-trattini\/#primaryimage"},"image":{"@id":"https:\/\/exceladvisor.org\/it\/rimuovere-i-trattini\/#primaryimage"},"thumbnailUrl":"https:\/\/exceladvisor.org\/wp-content\/uploads\/2023\/08\/1-supprimer-les-tirets.png","datePublished":"2023-10-28T03:16:17+00:00","dateModified":"2023-12-10T06:25:10+00:00","breadcrumb":{"@id":"https:\/\/exceladvisor.org\/it\/rimuovere-i-trattini\/#breadcrumb"},"inLanguage":"it-IT","potentialAction":[{"@type":"ReadAction","target":["https:\/\/exceladvisor.org\/it\/rimuovere-i-trattini\/"]}]},{"@type":"ImageObject","inLanguage":"it-IT","@id":"https:\/\/exceladvisor.org\/it\/rimuovere-i-trattini\/#primaryimage","url":"https:\/\/exceladvisor.org\/wp-content\/uploads\/2023\/08\/1-supprimer-les-tirets.png","contentUrl":"https:\/\/exceladvisor.org\/wp-content\/uploads\/2023\/08\/1-supprimer-les-tirets.png"},{"@type":"BreadcrumbList","@id":"https:\/\/exceladvisor.org\/it\/rimuovere-i-trattini\/#breadcrumb","itemListElement":[{"@type":"ListItem","position":1,"name":"Home","item":"https:\/\/exceladvisor.org\/it\/"},{"@type":"ListItem","position":2,"name":"Come rimuovere i trattini in excel?"}]},{"@type":"WebSite","@id":"https:\/\/exceladvisor.org\/it\/#website","url":"https:\/\/exceladvisor.org\/it\/","name":"Excel Advisor","description":"Tips, Tricks, and Time-Saving Hacks","publisher":{"@id":"https:\/\/exceladvisor.org\/it\/#organization"},"potentialAction":[{"@type":"SearchAction","target":{"@type":"EntryPoint","urlTemplate":"https:\/\/exceladvisor.org\/it\/?s={search_term_string}"},"query-input":{"@type":"PropertyValueSpecification","valueRequired":true,"valueName":"search_term_string"}}],"inLanguage":"it-IT"},{"@type":"Organization","@id":"https:\/\/exceladvisor.org\/it\/#organization","name":"Excel Advisor","url":"https:\/\/exceladvisor.org\/it\/","logo":{"@type":"ImageObject","inLanguage":"it-IT","@id":"https:\/\/exceladvisor.org\/it\/#\/schema\/logo\/image\/","url":"https:\/\/exceladvisor.org\/it\/wp-content\/uploads\/2023\/12\/exceladvisor.org_.png","contentUrl":"https:\/\/exceladvisor.org\/it\/wp-content\/uploads\/2023\/12\/exceladvisor.org_.png","width":105,"height":36,"caption":"Excel Advisor"},"image":{"@id":"https:\/\/exceladvisor.org\/it\/#\/schema\/logo\/image\/"}}]}},"yoast_meta":{"yoast_wpseo_title":"","yoast_wpseo_metadesc":"","yoast_wpseo_canonical":""},"_links":{"self":[{"href":"https:\/\/exceladvisor.org\/it\/wp-json\/wp\/v2\/pages\/1915","targetHints":{"allow":["GET"]}}],"collection":[{"href":"https:\/\/exceladvisor.org\/it\/wp-json\/wp\/v2\/pages"}],"about":[{"href":"https:\/\/exceladvisor.org\/it\/wp-json\/wp\/v2\/types\/page"}],"author":[{"embeddable":true,"href":"https:\/\/exceladvisor.org\/it\/wp-json\/wp\/v2\/users\/1"}],"replies":[{"embeddable":true,"href":"https:\/\/exceladvisor.org\/it\/wp-json\/wp\/v2\/comments?post=1915"}],"version-history":[{"count":1,"href":"https:\/\/exceladvisor.org\/it\/wp-json\/wp\/v2\/pages\/1915\/revisions"}],"predecessor-version":[{"id":2641,"href":"https:\/\/exceladvisor.org\/it\/wp-json\/wp\/v2\/pages\/1915\/revisions\/2641"}],"wp:attachment":[{"href":"https:\/\/exceladvisor.org\/it\/wp-json\/wp\/v2\/media?parent=1915"}],"curies":[{"name":"wp","href":"https:\/\/api.w.org\/{rel}","templated":true}]}}