{"id":1919,"date":"2023-10-28T02:08:06","date_gmt":"2023-10-28T02:08:06","guid":{"rendered":"https:\/\/exceladvisor.org\/it\/rendere-le-cellule-piu-grandi\/"},"modified":"2023-12-10T06:23:43","modified_gmt":"2023-12-10T06:23:43","slug":"rendere-le-cellule-piu-grandi","status":"publish","type":"page","link":"https:\/\/exceladvisor.org\/it\/rendere-le-cellule-piu-grandi\/","title":{"rendered":"Come ingrandire le celle in excel?"},"content":{"rendered":"<div class=\"excel-prima-del-contenuto\" id=\"excel-136955057\"><script type=\"text\/javascript\">\r\n\tatOptions = {\r\n\t\t'key' : 'c1158f160081d6540a8409e6925dab94',\r\n\t\t'format' : 'iframe',\r\n\t\t'height' : 250,\r\n\t\t'width' : 300,\r\n\t\t'params' : {}\r\n\t};\r\n<\/script>\r\n<script type=\"text\/javascript\" src=\"\/\/www.highperformanceformat.com\/c1158f160081d6540a8409e6925dab94\/invoke.js\"><\/script><\/div> <p>Quando apri la cartella di lavoro, troverai sempre le celle nell&#8217;altezza e larghezza predefinite e, se necessario, potrai regolare la dimensione della cella.<\/p><p> Le celle fanno parte di righe e colonne. Pertanto, se ingrandisci una cella in una riga e in una colonna, verranno ridimensionate anche le altre celle nella stessa riga e colonna.<\/p><p> In questo tutorial, abbiamo spiegato alcuni modi molto comuni per ingrandire le celle.<\/p><h2 class=\"wp-block-heading\"> 1. Ingrandisci le celle regolando l&#8217;altezza della riga e la larghezza della colonna<\/h2><p> Puoi ingrandire le celle aumentando l&#8217;altezza della riga e la larghezza della colonna e per questo devi seguire i passaggi seguenti:<\/p><ol><li> Innanzitutto, seleziona le celle che desideri ingrandire.<\/li><li> Una volta selezionato, vai alla scheda &#8220;Home&#8221;, fai clic sull&#8217;icona &#8220;Formato&#8221; sotto il gruppo di celle, quindi fai clic su &#8220;Altezza riga&#8221; dal menu a discesa. <br><img loading=\"lazy\" decoding=\"async\" title=\"1 icona formato scheda Home\" src=\"https:\/\/exceladvisor.org\/wp-content\/uploads\/2023\/08\/1-icone-de-format-donglet-daccueil.png\" sizes=\"auto, \" srcset=\"\" alt=\"home-tab-format-icon\" width=\"486\" height=\"366\"><\/li><li> Successivamente, inserisci l&#8217;altezza della riga secondo la tua scelta e fai clic su OK. <br><img loading=\"lazy\" decoding=\"async\" title=\"2-inserisci il valore dell'altezza della riga\" src=\"https:\/\/exceladvisor.org\/wp-content\/uploads\/2023\/08\/2-entrez-la-valeur-de-hauteur-de-ligne.png\" sizes=\"auto, \" srcset=\"\" alt=\"enter-row-height-value\" width=\"396\" height=\"247\"><\/li><li> A questo punto, l&#8217;altezza delle celle selezionate \u00e8 stata aumentata. <br><img loading=\"lazy\" decoding=\"async\" title=\"Altezza maggiorata di 3 celle\" src=\"https:\/\/exceladvisor.org\/wp-content\/uploads\/2023\/08\/Hauteur-de-3-cellules-augmentee.png\" sizes=\"auto, \" srcset=\"\" alt=\"cells-height-increased\" width=\"241\" height=\"372\"><\/li><li> Ancora una volta, seleziona le celle e vai sull&#8217;icona &#8220;Formato&#8221;, e questa volta fai clic su &#8220;Larghezza colonna&#8221; dal menu a discesa. <br><img loading=\"lazy\" decoding=\"async\" title=\"4-scegli-larghezza-colonna\" src=\"https:\/\/exceladvisor.org\/wp-content\/uploads\/2023\/08\/4-choisir-la-largeur-de-colonne.png\" sizes=\"auto, \" srcset=\"\" alt=\"choose-column-width\" width=\"492\" height=\"443\"><\/li><li> Ora inserisci la larghezza della colonna secondo la tua scelta e fai clic su OK. <br><img loading=\"lazy\" decoding=\"async\" title=\"5-inserire-valore-larghezza-colonna\" src=\"https:\/\/exceladvisor.org\/wp-content\/uploads\/2023\/08\/5-entrez-la-valeur-de-largeur-de-colonne.png\" sizes=\"auto, \" srcset=\"\" alt=\"enter-column-width-value\" width=\"356\" height=\"342\"><\/li><li> A questo punto, la larghezza delle celle selezionate \u00e8 aumentata, aumentando di conseguenza la dimensione delle celle selezionate. <br><img loading=\"lazy\" decoding=\"async\" title=\"Larghezza di 6 celle aumentata\" src=\"https:\/\/exceladvisor.org\/wp-content\/uploads\/2023\/08\/6-largeurs-de-cellules-ont-ete-augmentees.png\" sizes=\"auto, \" srcset=\"\" alt=\"width-of-cells-got-increased\" width=\"356\" height=\"348\"><\/li><\/ol><p> Nell&#8217;esempio sopra, abbiamo selezionato le celle che si trovano sotto due colonne (A e B) e nelle righe (da 1 a 13) e abbiamo inserito l&#8217;altezza della riga e la larghezza della colonna come 25, ingrandendo le celle.<\/p><p> Puoi aumentare l&#8217;altezza della riga fino a 409 e la larghezza della colonna fino a 255.<\/p><h2 class=\"wp-block-heading\"> 2. Ingrandisci le celle utilizzando l&#8217;adattamento automatico dell&#8217;altezza della riga e della larghezza della colonna<\/h2><p> Questa opzione di adattamento automatico viene utilizzata per regolare le dimensioni della cella in base ai valori della cella. Quando utilizzi la funzione di adattamento automatico, le celle vengono ingrandite o ridotte in base al valore della cella.<\/p><ol><li> Per prima cosa seleziona le celle o l&#8217;intera colonna in cui i valori delle celle sono lunghi e\/o sovrapposti e\/o parzialmente nascosti.<\/li><li> Una volta selezionato, vai alla scheda &#8220;Home&#8221;, fai clic sull&#8217;icona &#8220;Formato&#8221; sotto il gruppo di celle, quindi fai clic su &#8220;Adatta altezza riga&#8221; dal menu a discesa. <br><img loading=\"lazy\" decoding=\"async\" title=\"7-scegli-adattamento-automatico-altezza-riga\" src=\"https:\/\/exceladvisor.org\/wp-content\/uploads\/2023\/08\/7-choisir-la-hauteur-de-ligne-dajustement-automatique.png\" sizes=\"auto, \" srcset=\"\" alt=\"choose-autofit-row-height\" width=\"528\" height=\"400\"><\/li><li> Dopo aver fatto clic su &#8220;Adatta altezza riga&#8221;, aumenter\u00e0 solo l&#8217;altezza delle celle in cui i dati sono disponibili nelle righe e sono nascosti. <br><img loading=\"lazy\" decoding=\"async\" title=\"8 file di altezza maggiorata\" src=\"https:\/\/exceladvisor.org\/wp-content\/uploads\/2023\/08\/Hauteur-de-8-rangees-augmentee.png\" sizes=\"auto, \" srcset=\"\" alt=\"row-height-increased\" width=\"258\" height=\"316\"><\/li><li> Ora seleziona nuovamente le celle o la colonna e vai sull&#8217;icona &#8220;Formato&#8221; sotto il gruppo di celle e questa volta fai clic su &#8220;Adatta larghezza colonna&#8221; dal menu a discesa. <br><img loading=\"lazy\" decoding=\"async\" title=\"9-scegli-adattamento-automatico-larghezza-colonna\" src=\"https:\/\/exceladvisor.org\/wp-content\/uploads\/2023\/08\/9-choisir-la-largeur-de-colonne-dajustement-automatique.png\" sizes=\"auto, \" srcset=\"\" alt=\"choose-autofit-column-width\" width=\"526\" height=\"398\"><\/li><li> A questo punto, tutte le celle nella colonna cresceranno fino alla dimensione del valore pi\u00f9 lungo che si troverebbe in una qualsiasi delle celle selezionate nella colonna. <br><img loading=\"lazy\" decoding=\"async\" title=\"Larghezza di 10 celle aumentata\" src=\"https:\/\/exceladvisor.org\/wp-content\/uploads\/2023\/08\/10-augmentation-de-la-largeur-des-cellules.png\" sizes=\"auto, \" srcset=\"\" alt=\"increased-cells-width\" width=\"313\" height=\"287\"><\/li><\/ol><p> Nell&#8217;esempio sopra, quando abbiamo utilizzato Adatta altezza riga, ha ingrandito solo una cella perch\u00e9 solo quella cella aveva il valore nascosto e il valore memorizzato nelle righe e quando abbiamo utilizzato Adatta larghezza colonna, ha ingrandito tutte le celle aumentando la larghezza del cella e la larghezza \u00e8 stata aumentata al valore pi\u00f9 lungo.<\/p><h2 class=\"wp-block-heading\"> 3. Ingrandisci le celle utilizzando il testo a capo<\/h2><p> Il testo della riga ingrandisce le celle regolando i valori nelle celle aumentando solo l&#8217;altezza della cella.<\/p><ol><li> Innanzitutto, seleziona le celle o l&#8217;intera colonna in cui desideri ingrandire le celle utilizzando la funzione di disposizione del testo.<\/li><li> Successivamente, vai alla scheda &#8220;Home&#8221;, quindi fai clic sull&#8217;icona &#8220;Testo a capo&#8221; sotto l&#8217;icona &#8220;Allineamento&#8221;. <br><img loading=\"lazy\" decoding=\"async\" title=\"Icona del testo a capo da 11\" src=\"https:\/\/exceladvisor.org\/wp-content\/uploads\/2023\/08\/11-icone-de-texte-dhabillage.png\" sizes=\"auto, \" srcset=\"\" alt=\"wraptext-icon\" width=\"540\" height=\"352\"><\/li><li> Dopo aver fatto clic su &#8220;Testo a capo&#8221;, l&#8217;altezza delle celle verr\u00e0 aumentata e il valore nelle celle verr\u00e0 regolato e le celle diventeranno pi\u00f9 grandi tranne le celle che avranno valori nelle righe come abbiamo nella cella B2 . <br><img loading=\"lazy\" decoding=\"async\" title=\"12-wraptext applicato\" src=\"https:\/\/exceladvisor.org\/wp-content\/uploads\/2023\/08\/12-wraptext-applique.png\" sizes=\"auto, \" srcset=\"\" alt=\"wraptext-applied\" width=\"255\" height=\"435\"><\/li><\/ol><h2 class=\"wp-block-heading\"> 4. Ingrandisci le celle usando il mouse<\/h2><p> Puoi anche ingrandire le celle aumentando la larghezza della colonna e l&#8217;altezza della riga utilizzando il mouse posizionando il cursore sui bordi dell&#8217;intestazione della colonna e sui bordi del numero di riga e puoi espandere la larghezza e la linea utilizzando il mouse. <\/p><div class=\"wp-block-image\"><figure class=\"aligncenter size-full is-resized\"><img loading=\"lazy\" decoding=\"async\" class=\"wp-image-77414\" src=\"https:\/\/exceladvisor.org\/wp-content\/uploads\/2023\/08\/13-developper-la-largeur-de-colonne-et-la-hauteur-de-ligne.png\" sizes=\"auto, \" srcset=\"\" alt=\"espandere la larghezza della colonna e l'altezza della riga\" width=\"278\" height=\"269\"><\/figure><\/div><h2 class=\"wp-block-heading\"> 5. Ingrandisci tutte le celle contemporaneamente in Excel<\/h2><p> Puoi ingrandire tutte le celle di un foglio di lavoro anche se non sono presenti valori in quelle celle.<\/p><ol><li> Innanzitutto, fai clic sull&#8217;angolo in alto a destra del foglio di lavoro per selezionare tutte le celle contemporaneamente. <br><img loading=\"lazy\" decoding=\"async\" title=\"14 seleziona tutte le celle\" src=\"https:\/\/exceladvisor.org\/wp-content\/uploads\/2023\/08\/14-selectionner-toutes-les-cellules.png\" sizes=\"auto, \" srcset=\"\" alt=\"select-all-cells\" width=\"433\" height=\"274\"><\/li><li> Successivamente, fai clic sul separatore tra le colonne A e B e tieni premuto il clic. E tenendo premuto il mouse, aumenta la larghezza della colonna (questo aumenter\u00e0 la larghezza delle colonne del foglio di lavoro). <br><img loading=\"lazy\" decoding=\"async\" title=\"Separatore tra le colonne con 15 clic\" src=\"https:\/\/exceladvisor.org\/wp-content\/uploads\/2023\/08\/15-clics-entre-les-separateurs-de-colonnes.png\" sizes=\"auto, \" srcset=\"\" alt=\"click-between-columns-divider\" width=\"340\" height=\"274\"><\/li><li> Successivamente, fai clic sul separatore tra le righe 1 e 2 e tieni premuto. Tenendo premuto il mouse, aumenta l&#8217;altezza della riga (questo aumenter\u00e0 l&#8217;altezza di tutte le righe nel foglio di lavoro). <br><img loading=\"lazy\" decoding=\"async\" title=\"Separatore a 16 clic tra le righe\" src=\"https:\/\/exceladvisor.org\/wp-content\/uploads\/2023\/08\/Separateur-16-clics-entre-les-lignes.png\" sizes=\"auto, \" srcset=\"\" alt=\"click-between-rows-divider\" width=\"441\" height=\"299\"><\/li><li> Alla fine, fai clic in un punto qualsiasi del foglio di lavoro e <a href=\"https:\/\/exceladvisor.org\/it\/deselezionare-le-celle\/\">deseleziona le celle<\/a> . <br><img loading=\"lazy\" decoding=\"async\" title=\"17-deseleziona-celle\" src=\"https:\/\/exceladvisor.org\/wp-content\/uploads\/2023\/08\/17-deselectionner-les-cellules.png\" sizes=\"auto, \" srcset=\"\" alt=\"deselect-the-cells\" width=\"491\" height=\"326\"><\/li><\/ol><h2 class=\"wp-block-heading\"> 6. Ingrandisci le celle con <a href=\"https:\/\/exceladvisor.org\/it\/tasti-rapidi\/\">le scorciatoie da tastiera<\/a> <a href=\"https:\/\/exceladvisor.org\/it\/regolazione-automatica\/\">Adatta<\/a><\/h2><ul><li> Per regolare automaticamente la larghezza delle celle (colonne): Alt \u21e2 H \u21e2 O \u21e2 I.<\/li><li> Per regolare automaticamente l&#8217;altezza della linea (righe): Alt \u21e2 H \u21e2 O \u21e2 A.<\/li><li> Per inserire manualmente l&#8217;altezza della riga: Alt \u21e2 H \u21e2 O \u21e2 H.<\/li><li> Per inserire manualmente la larghezza della colonna: Alt \u21e2 H \u21e2 O \u21e2 W.<\/li><\/ul><p> Puoi utilizzare queste scorciatoie da tastiera con una cella e con tutte le celle di un foglio di lavoro.<\/p><h2 class=\"wp-block-heading\"> 7. Aumenta la dimensione del carattere per ingrandire le celle<\/h2><p> Se desideri aumentare immediatamente la dimensione della cella, puoi semplicemente aumentare la dimensione del carattere di tutte le celle. In Excel, il <a href=\"https:\/\/exceladvisor.org\/it\/carattere-predefinito\/\">carattere predefinito<\/a> \u00e8 Calibri con dimensione 11. E quando aumenti la dimensione del carattere, tutte le celle ingrandiscono in base alla dimensione del carattere.<\/p><ul><li> Seleziona tutte le celle.<\/li><li> Aumenta la dimensione del carattere. <\/li><\/ul><div class=\"wp-block-image\"><figure class=\"aligncenter size-full is-resized\"><img loading=\"lazy\" decoding=\"async\" class=\"wp-image-77447\" src=\"https:\/\/exceladvisor.org\/wp-content\/uploads\/2023\/08\/18-augmenter-la-taille-de-la-police.png\" sizes=\"auto, \" srcset=\"\" alt=\"aumentare la dimensione del carattere\" width=\"549\" height=\"387\"><\/figure><\/div><h2 class=\"wp-block-heading\"> 8. Aumenta lo zoom per ingrandire le celle<\/h2><p> Se desideri semplicemente che le celle siano pi\u00f9 grandi per una migliore visualizzazione, puoi aumentare il <a href=\"https:\/\/exceladvisor.org\/it\/ingrandire-rimpicciolire\/\">livello di zoom del foglio di lavoro<\/a> . Utilizza semplicemente lo scorrimento dello zoom in basso a destra nella finestra di Excel. <\/p><div class=\"wp-block-image\"><figure class=\"aligncenter size-full is-resized\"><img loading=\"lazy\" decoding=\"async\" class=\"wp-image-77448\" src=\"https:\/\/exceladvisor.org\/wp-content\/uploads\/2023\/08\/19-changer-le-niveau-de-zoom.png\" sizes=\"auto, \" srcset=\"\" alt=\"modificare il livello di zoom\" width=\"552\" height=\"292\"><\/figure><\/div><p> Ci\u00f2 ingrandir\u00e0 solo le celle nel foglio di lavoro corrente.<\/p><div class=\"gb-container gb-container-4db6181c gb-container-mt\"> <a class=\"gb-button gb-button-c5897111 gb-button-text gb-button-mt-button\" href=\"https:\/\/exceladvisor.org\/it\/eccellere-in-anticipo\/\">Esercitazioni avanzate su Excel<\/a><h2 class=\"gb-headline gb-headline-665e5f6b gb-headline-text gb-headline-mt-heading\"> Tutorial correlati <\/h2><div class=\"gb-grid-wrapper gb-grid-wrapper-a20baf7c gb-grid-wrapper-mt-grid\"><div class=\"gb-grid-column gb-grid-column-50067b57\"><div class=\"gb-container gb-container-50067b57\"><ul><li> <a href=\"https:\/\/exceladvisor.org\/it\/rinominare-la-tabella\/\">Rinominare una tabella in Excel<\/a><\/li><li> <a href=\"https:\/\/exceladvisor.org\/it\/numeri-di-colonna\/\">Numeri di colonna in Excel<\/a><\/li><li> <a href=\"https:\/\/exceladvisor.org\/it\/cellule-grigie\/\">Celle grigie in Excel<\/a><\/li><li> <a href=\"https:\/\/exceladvisor.org\/it\/rimuovere-i-trattini\/\">Rimuovere i trattini in Excel<\/a><\/li><li> <a href=\"https:\/\/exceladvisor.org\/it\/trova-le-celle-unite\/\">Trova celle unite in Excel<\/a><\/li><\/ul><\/div><\/div><\/div><\/div>","protected":false},"excerpt":{"rendered":"","protected":false},"author":1,"featured_media":0,"parent":0,"menu_order":0,"comment_status":"open","ping_status":"closed","template":"","meta":{"ub_ctt_via":"","footnotes":""},"class_list":["post-1919","page","type-page","status-publish","hentry"],"featured_image_src":null,"yoast_head":"<!-- This site is optimized with the Yoast SEO plugin v25.4 - https:\/\/yoast.com\/wordpress\/plugins\/seo\/ -->\n<title>Come ingrandire le celle in Excel?<\/title>\n<meta name=\"description\" content=\"In questo tutorial impareremo come ingrandire le celle in Excel utilizzando 8 metodi diversi.\" \/>\n<meta name=\"robots\" content=\"index, follow, max-snippet:-1, max-image-preview:large, max-video-preview:-1\" \/>\n<link rel=\"canonical\" href=\"https:\/\/exceladvisor.org\/it\/rendere-le-cellule-piu-grandi\/\" \/>\n<meta property=\"og:locale\" content=\"it_IT\" \/>\n<meta property=\"og:type\" content=\"article\" \/>\n<meta property=\"og:title\" content=\"Come ingrandire le celle in Excel?\" \/>\n<meta property=\"og:description\" content=\"In questo tutorial impareremo come ingrandire le celle in Excel utilizzando 8 metodi diversi.\" \/>\n<meta property=\"og:url\" content=\"https:\/\/exceladvisor.org\/it\/rendere-le-cellule-piu-grandi\/\" \/>\n<meta property=\"og:site_name\" content=\"Excel Advisor\" \/>\n<meta property=\"article:modified_time\" content=\"2023-12-10T06:23:43+00:00\" \/>\n<meta property=\"og:image\" content=\"https:\/\/exceladvisor.org\/wp-content\/uploads\/2023\/08\/1-icone-de-format-donglet-daccueil.png\" \/>\n<meta name=\"twitter:card\" content=\"summary_large_image\" \/>\n<meta name=\"twitter:label1\" content=\"Tempo di lettura stimato\" \/>\n\t<meta name=\"twitter:data1\" content=\"5 minuti\" \/>\n<script type=\"application\/ld+json\" class=\"yoast-schema-graph\">{\"@context\":\"https:\/\/schema.org\",\"@graph\":[{\"@type\":\"WebPage\",\"@id\":\"https:\/\/exceladvisor.org\/it\/rendere-le-cellule-piu-grandi\/\",\"url\":\"https:\/\/exceladvisor.org\/it\/rendere-le-cellule-piu-grandi\/\",\"name\":\"Come ingrandire le celle in Excel?\",\"isPartOf\":{\"@id\":\"https:\/\/exceladvisor.org\/it\/#website\"},\"primaryImageOfPage\":{\"@id\":\"https:\/\/exceladvisor.org\/it\/rendere-le-cellule-piu-grandi\/#primaryimage\"},\"image\":{\"@id\":\"https:\/\/exceladvisor.org\/it\/rendere-le-cellule-piu-grandi\/#primaryimage\"},\"thumbnailUrl\":\"https:\/\/exceladvisor.org\/wp-content\/uploads\/2023\/08\/1-icone-de-format-donglet-daccueil.png\",\"datePublished\":\"2023-10-28T02:08:06+00:00\",\"dateModified\":\"2023-12-10T06:23:43+00:00\",\"description\":\"In questo tutorial impareremo come ingrandire le celle in Excel utilizzando 8 metodi diversi.\",\"breadcrumb\":{\"@id\":\"https:\/\/exceladvisor.org\/it\/rendere-le-cellule-piu-grandi\/#breadcrumb\"},\"inLanguage\":\"it-IT\",\"potentialAction\":[{\"@type\":\"ReadAction\",\"target\":[\"https:\/\/exceladvisor.org\/it\/rendere-le-cellule-piu-grandi\/\"]}]},{\"@type\":\"ImageObject\",\"inLanguage\":\"it-IT\",\"@id\":\"https:\/\/exceladvisor.org\/it\/rendere-le-cellule-piu-grandi\/#primaryimage\",\"url\":\"https:\/\/exceladvisor.org\/wp-content\/uploads\/2023\/08\/1-icone-de-format-donglet-daccueil.png\",\"contentUrl\":\"https:\/\/exceladvisor.org\/wp-content\/uploads\/2023\/08\/1-icone-de-format-donglet-daccueil.png\"},{\"@type\":\"BreadcrumbList\",\"@id\":\"https:\/\/exceladvisor.org\/it\/rendere-le-cellule-piu-grandi\/#breadcrumb\",\"itemListElement\":[{\"@type\":\"ListItem\",\"position\":1,\"name\":\"Home\",\"item\":\"https:\/\/exceladvisor.org\/it\/\"},{\"@type\":\"ListItem\",\"position\":2,\"name\":\"Come ingrandire le celle in excel?\"}]},{\"@type\":\"WebSite\",\"@id\":\"https:\/\/exceladvisor.org\/it\/#website\",\"url\":\"https:\/\/exceladvisor.org\/it\/\",\"name\":\"Excel Advisor\",\"description\":\"Tips, Tricks, and Time-Saving Hacks\",\"publisher\":{\"@id\":\"https:\/\/exceladvisor.org\/it\/#organization\"},\"potentialAction\":[{\"@type\":\"SearchAction\",\"target\":{\"@type\":\"EntryPoint\",\"urlTemplate\":\"https:\/\/exceladvisor.org\/it\/?s={search_term_string}\"},\"query-input\":{\"@type\":\"PropertyValueSpecification\",\"valueRequired\":true,\"valueName\":\"search_term_string\"}}],\"inLanguage\":\"it-IT\"},{\"@type\":\"Organization\",\"@id\":\"https:\/\/exceladvisor.org\/it\/#organization\",\"name\":\"Excel Advisor\",\"url\":\"https:\/\/exceladvisor.org\/it\/\",\"logo\":{\"@type\":\"ImageObject\",\"inLanguage\":\"it-IT\",\"@id\":\"https:\/\/exceladvisor.org\/it\/#\/schema\/logo\/image\/\",\"url\":\"https:\/\/exceladvisor.org\/it\/wp-content\/uploads\/2023\/12\/exceladvisor.org_.png\",\"contentUrl\":\"https:\/\/exceladvisor.org\/it\/wp-content\/uploads\/2023\/12\/exceladvisor.org_.png\",\"width\":105,\"height\":36,\"caption\":\"Excel Advisor\"},\"image\":{\"@id\":\"https:\/\/exceladvisor.org\/it\/#\/schema\/logo\/image\/\"}}]}<\/script>\n<!-- \/ Yoast SEO plugin. -->","yoast_head_json":{"title":"Come ingrandire le celle in Excel?","description":"In questo tutorial impareremo come ingrandire le celle in Excel utilizzando 8 metodi diversi.","robots":{"index":"index","follow":"follow","max-snippet":"max-snippet:-1","max-image-preview":"max-image-preview:large","max-video-preview":"max-video-preview:-1"},"canonical":"https:\/\/exceladvisor.org\/it\/rendere-le-cellule-piu-grandi\/","og_locale":"it_IT","og_type":"article","og_title":"Come ingrandire le celle in Excel?","og_description":"In questo tutorial impareremo come ingrandire le celle in Excel utilizzando 8 metodi diversi.","og_url":"https:\/\/exceladvisor.org\/it\/rendere-le-cellule-piu-grandi\/","og_site_name":"Excel Advisor","article_modified_time":"2023-12-10T06:23:43+00:00","og_image":[{"url":"https:\/\/exceladvisor.org\/wp-content\/uploads\/2023\/08\/1-icone-de-format-donglet-daccueil.png","type":"","width":"","height":""}],"twitter_card":"summary_large_image","twitter_misc":{"Tempo di lettura stimato":"5 minuti"},"schema":{"@context":"https:\/\/schema.org","@graph":[{"@type":"WebPage","@id":"https:\/\/exceladvisor.org\/it\/rendere-le-cellule-piu-grandi\/","url":"https:\/\/exceladvisor.org\/it\/rendere-le-cellule-piu-grandi\/","name":"Come ingrandire le celle in Excel?","isPartOf":{"@id":"https:\/\/exceladvisor.org\/it\/#website"},"primaryImageOfPage":{"@id":"https:\/\/exceladvisor.org\/it\/rendere-le-cellule-piu-grandi\/#primaryimage"},"image":{"@id":"https:\/\/exceladvisor.org\/it\/rendere-le-cellule-piu-grandi\/#primaryimage"},"thumbnailUrl":"https:\/\/exceladvisor.org\/wp-content\/uploads\/2023\/08\/1-icone-de-format-donglet-daccueil.png","datePublished":"2023-10-28T02:08:06+00:00","dateModified":"2023-12-10T06:23:43+00:00","description":"In questo tutorial impareremo come ingrandire le celle in Excel utilizzando 8 metodi diversi.","breadcrumb":{"@id":"https:\/\/exceladvisor.org\/it\/rendere-le-cellule-piu-grandi\/#breadcrumb"},"inLanguage":"it-IT","potentialAction":[{"@type":"ReadAction","target":["https:\/\/exceladvisor.org\/it\/rendere-le-cellule-piu-grandi\/"]}]},{"@type":"ImageObject","inLanguage":"it-IT","@id":"https:\/\/exceladvisor.org\/it\/rendere-le-cellule-piu-grandi\/#primaryimage","url":"https:\/\/exceladvisor.org\/wp-content\/uploads\/2023\/08\/1-icone-de-format-donglet-daccueil.png","contentUrl":"https:\/\/exceladvisor.org\/wp-content\/uploads\/2023\/08\/1-icone-de-format-donglet-daccueil.png"},{"@type":"BreadcrumbList","@id":"https:\/\/exceladvisor.org\/it\/rendere-le-cellule-piu-grandi\/#breadcrumb","itemListElement":[{"@type":"ListItem","position":1,"name":"Home","item":"https:\/\/exceladvisor.org\/it\/"},{"@type":"ListItem","position":2,"name":"Come ingrandire le celle in excel?"}]},{"@type":"WebSite","@id":"https:\/\/exceladvisor.org\/it\/#website","url":"https:\/\/exceladvisor.org\/it\/","name":"Excel Advisor","description":"Tips, Tricks, and Time-Saving Hacks","publisher":{"@id":"https:\/\/exceladvisor.org\/it\/#organization"},"potentialAction":[{"@type":"SearchAction","target":{"@type":"EntryPoint","urlTemplate":"https:\/\/exceladvisor.org\/it\/?s={search_term_string}"},"query-input":{"@type":"PropertyValueSpecification","valueRequired":true,"valueName":"search_term_string"}}],"inLanguage":"it-IT"},{"@type":"Organization","@id":"https:\/\/exceladvisor.org\/it\/#organization","name":"Excel Advisor","url":"https:\/\/exceladvisor.org\/it\/","logo":{"@type":"ImageObject","inLanguage":"it-IT","@id":"https:\/\/exceladvisor.org\/it\/#\/schema\/logo\/image\/","url":"https:\/\/exceladvisor.org\/it\/wp-content\/uploads\/2023\/12\/exceladvisor.org_.png","contentUrl":"https:\/\/exceladvisor.org\/it\/wp-content\/uploads\/2023\/12\/exceladvisor.org_.png","width":105,"height":36,"caption":"Excel Advisor"},"image":{"@id":"https:\/\/exceladvisor.org\/it\/#\/schema\/logo\/image\/"}}]}},"yoast_meta":{"yoast_wpseo_title":"","yoast_wpseo_metadesc":"","yoast_wpseo_canonical":""},"_links":{"self":[{"href":"https:\/\/exceladvisor.org\/it\/wp-json\/wp\/v2\/pages\/1919","targetHints":{"allow":["GET"]}}],"collection":[{"href":"https:\/\/exceladvisor.org\/it\/wp-json\/wp\/v2\/pages"}],"about":[{"href":"https:\/\/exceladvisor.org\/it\/wp-json\/wp\/v2\/types\/page"}],"author":[{"embeddable":true,"href":"https:\/\/exceladvisor.org\/it\/wp-json\/wp\/v2\/users\/1"}],"replies":[{"embeddable":true,"href":"https:\/\/exceladvisor.org\/it\/wp-json\/wp\/v2\/comments?post=1919"}],"version-history":[{"count":1,"href":"https:\/\/exceladvisor.org\/it\/wp-json\/wp\/v2\/pages\/1919\/revisions"}],"predecessor-version":[{"id":2539,"href":"https:\/\/exceladvisor.org\/it\/wp-json\/wp\/v2\/pages\/1919\/revisions\/2539"}],"wp:attachment":[{"href":"https:\/\/exceladvisor.org\/it\/wp-json\/wp\/v2\/media?parent=1919"}],"curies":[{"name":"wp","href":"https:\/\/api.w.org\/{rel}","templated":true}]}}