{"id":1920,"date":"2023-10-28T01:54:46","date_gmt":"2023-10-28T01:54:46","guid":{"rendered":"https:\/\/exceladvisor.org\/it\/ricerca-dellobiettivo\/"},"modified":"2023-12-10T06:26:31","modified_gmt":"2023-12-10T06:26:31","slug":"ricerca-dellobiettivo","status":"publish","type":"page","link":"https:\/\/exceladvisor.org\/it\/ricerca-dellobiettivo\/","title":{"rendered":"Come utilizzare la ricerca obiettivo in excel?"},"content":{"rendered":"<div class=\"excel-prima-del-contenuto\" id=\"excel-2952860254\"><script type=\"text\/javascript\">\r\n\tatOptions = {\r\n\t\t'key' : 'c1158f160081d6540a8409e6925dab94',\r\n\t\t'format' : 'iframe',\r\n\t\t'height' : 250,\r\n\t\t'width' : 300,\r\n\t\t'params' : {}\r\n\t};\r\n<\/script>\r\n<script type=\"text\/javascript\" src=\"\/\/www.highperformanceformat.com\/c1158f160081d6540a8409e6925dab94\/invoke.js\"><\/script><\/div> <p class=\"has-text-align-left\">Al liceo risolvevo equazioni matematiche in cui avevo il risultato dell&#8217;equazione ma non il valore di input. Quindi, se hai intenzione di risolvere lo stesso tipo di problemi in Excel, hai uno strumento specifico che pu\u00f2 aiutarti.<\/p><p> <strong>Ricerca dell&#8217;obiettivo<\/strong><\/p><p> La sua idea di base \u00e8 trovare il valore di input di cui la formula ha bisogno per ottenere quel risultato. In poche parole, se sai quale valore di risultato effettivo desideri, puoi utilizzare Ricerca obiettivo per trovare il miglior valore di input per ottenerlo.<\/p><p> Ad esempio: supponiamo che tu abbia bisogno di prendere in prestito denaro dal tuo amico. Sai quanti soldi ti servono, quanto tempo vuoi impiegare per estinguere il prestito e quanto puoi pagare ogni mese.<\/p><p> Puoi utilizzare la ricerca dell&#8217;obiettivo per calcolare il tasso di interesse che dovrai ottenere con il tuo amico. Esistono N problemi complessi che puoi risolvere con la ricerca di obiettivi.<\/p><p> Quindi, oggi in questo articolo imparerai come utilizzare Goal Search in Excel, come funziona e le cose importanti di cui devi occuparti. Iniziamo.<\/p><h2 id=\"tab-con-1\" class=\"wp-block-heading\"> Come aprire Goal Seek<\/h2><p> Per aprire un obiettivo, prova a utilizzare uno di questi due metodi.<\/p><ul><li> Vai alla scheda Dati \u2192 Analisi delle ipotesi \u2192 Ricerca obiettivo. <\/li><\/ul><div class=\"wp-block-image\"><figure class=\"aligncenter\"><img decoding=\"async\" src=\"https:\/\/exceladvisor.org\/wp-content\/uploads\/2023\/08\/recherche-dobjectif-ouvert-dans-excel-1.png\" sizes=\"\" srcset=\"\" alt=\"ricerca oggettiva aperta in Excel\"><\/figure><\/div><ul><li> Usa il tasto di scelta rapida Alt + T + G.<\/li><\/ul><p> \u00c8 possibile utilizzare questi metodi per abilitare la ricerca degli obiettivi nelle versioni di Microsoft Excel dalla 2007 alla 2016.<\/p><h2 id=\"tab-con-2\" class=\"wp-block-heading\"> Componenti della funzione Ricerca obiettivo<\/h2><p> Quando apri Goal Seek, verr\u00e0 visualizzata una piccola finestra pop-up per inserire i dati. Fondamentalmente ha tre componenti richiesti. <\/p><div class=\"wp-block-image\"><figure class=\"aligncenter\"><img decoding=\"async\" src=\"https:\/\/exceladvisor.org\/wp-content\/uploads\/2023\/08\/objectif-chercher-dans-excel-une-petite-fenetre-pop-up-1.png\" sizes=\"\" srcset=\"\" alt=\"ricerca oggettiva in Excel una piccola finestra pop-up\"><\/figure><\/div><ol><li> Imposta cella: cella in cui si desidera ottenere il risultato desiderato. Assicurati che la cella a cui ti riferisci qui contenga una formula.<\/li><li> Al valore: valore desiderato come risultato.<\/li><li> Cambiando celle: la cella in cui vuoi che la modifica produca il risultato \u00e8 uguale al \u201cvalore a\u201d. Assicurati che la cella a cui fai riferimento qui sia utilizzata nella formula per la cella a cui si fa riferimento in &#8220;Definisci cella&#8221;.<\/li><\/ol><h2 id=\"tab-con-3\" class=\"wp-block-heading\"> Risolvi un problema in Excel con Goal Seek<\/h2><p> Immagina di lavorare in un&#8217;azienda che sta cercando di vincere una gara d&#8217;appalto offrendo il prezzo pi\u00f9 basso.<\/p><p> Per questo, devi preparare una struttura dei prezzi in cui il prezzo di destinazione (per il cliente) dovrebbe essere di $ 1000. Mentre il tuo prezzo finale attuale \u00e8 $ 1089,9. <\/p><div class=\"wp-block-image\"><figure class=\"aligncenter\"><img decoding=\"async\" src=\"https:\/\/exceladvisor.org\/wp-content\/uploads\/2023\/08\/structure-de-prix-des-produits-pour-lutilisation-de-la-recherche-dobjectifs-dans-Excel-1.png\" sizes=\"\" srcset=\"\" alt=\"struttura dei prezzi dei prodotti per l'utilizzo della ricerca degli obiettivi in Excel\"><\/figure><\/div><p> Se vuoi farlo manualmente, hai due opzioni.<\/p><ol><li> Esegui un calcolo a ritroso in cui devi detrarre tutte le tasse e le commissioni dal prezzo di atterraggio ($ 1.000) per arrivare al prezzo base.<\/li><li> Tuttavia, devi modificare il prezzo base per ottenere il prezzo finale desiderato.<\/li><\/ol><p> Non \u00e8 cos\u00ec facile come sembra, ma trovare degli obiettivi pu\u00f2 cambiare le regole del gioco.<\/p><p> <a href=\"https:\/\/exceladvisor.org\/wp-content\/uploads\/2023\/08\/recherche-dobjectif-dans-excel.zip\" rel=\"nofollow\">Scarica questo file da qui<\/a> e segui i passaggi seguenti.<\/p><ul><li> Quando apri la ricerca dell&#8217;obiettivo ti apparir\u00e0 una finestra come questa. <\/li><\/ul><div class=\"wp-block-image\"><figure class=\"aligncenter\"><img decoding=\"async\" src=\"https:\/\/exceladvisor.org\/wp-content\/uploads\/2023\/08\/utiliser-la-recherche-dobjectifs-dans-Excel-pour-calculer-le-nouveau-prix-final-1.png\" sizes=\"\" srcset=\"\" alt=\"utilizzare la ricerca dell'obiettivo in Excel per calcolare il nuovo prezzo finale\"><\/figure><\/div><ul><li> Ora devi inserire i seguenti valori.<ol><li> Fai clic su &#8220;Imposta valore&#8221; e fai riferimento alla cella con un prezzo di destinazione.<\/li><li> Fai clic su &#8220;Al valore&#8221; e inserisci il valore desiderato come risultato, nella cella con un prezzo di destinazione.<\/li><li> Al termine clicca su \u201cCambia cella\u201d e fai riferimento alla cella con un prezzo base. <\/li><\/ol><\/li><\/ul><div class=\"wp-block-image\"><figure class=\"aligncenter\"><img decoding=\"async\" src=\"https:\/\/exceladvisor.org\/wp-content\/uploads\/2023\/08\/specifier-les-valeurs-a-utiliser-la-recherche-dobjectifs-dans-Excel-1.png\" sizes=\"\" srcset=\"\" alt=\"specificare i valori per utilizzare la ricerca degli obiettivi in Excel\"><\/figure><\/div><ul><li> Fare clic su OK.<\/li><li> Goal Seek far\u00e0 qualcosa di simile con il tuo foglio di calcolo. <\/li><\/ul><div class=\"wp-block-image\"><figure class=\"aligncenter\"><img decoding=\"async\" src=\"https:\/\/exceladvisor.org\/wp-content\/uploads\/2023\/08\/utiliser-la-recherche-dobjectifs-dans-Excel-pour-calculer-le-prix-de-chargement-1.gif\" sizes=\"\" srcset=\"\" alt=\"utilizzare la ricerca degli obiettivi in Excel per calcolare il prezzo di caricamento\"><\/figure><\/div><h3 class=\"wp-block-heading\"> Come funziona<\/h3><p> Ora se controlli la cella del prezzo base, il suo valore viene modificato in $ 925 e con ci\u00f2, il prezzo di destinazione viene modificato in $ 1000. La tua base \u00e8 cambiata mediante una ricerca oggettiva utilizzando un <a href=\"https:\/\/www.meritnation.com\/ask-answer\/question\/how-to-use-hit-and-trial-method\/mensuration\/3630981\" target=\"_blank\" rel=\"noreferrer noopener\">metodo per tentativi ed errori<\/a> . Ma la ricerca dell&#8217;obiettivo \u00e8 abbastanza veloce e non puoi vedere l&#8217;intero processo.<\/p><h2 id=\"tab-con-4\" class=\"wp-block-heading\"> Punti importanti su Goal Seek<\/h2><p> Questi sono alcuni punti che dovrebbero essere tenuti a mente quando si utilizza la ricerca degli obiettivi.<\/p><ol><li> Una cella utilizzata come cella impostata deve contenere una formula che dipende dalla cella &#8220;Quando si modificano le celle&#8221;.<\/li><li> Goal Seek utilizza il metodo di iterazione per raggiungere il valore target menzionato in &#8220;To Value&#8221;. Puoi regolare la sua iterazione da File-&gt;Opzioni-&gt;Formule (questo pu\u00f2 aumentare il suo livello di precisione).<\/li><li> A volte Excel non sar\u00e0 in grado di darti il risultato desiderato e visualizzer\u00e0 un messaggio che dice &#8220;forse non ha trovato una soluzione&#8221;. In questa situazione, puoi inserire un valore pi\u00f9 vicino al risultato e riprovare ($ 999,95 invece di $ 1000). Assicurati anche di controllare i due puntatori sopra.<\/li><li> La ricerca dell&#8217;obiettivo pu\u00f2 funzionare solo con un valore di input della cella alla volta.<\/li><\/ol><h2 id=\"tab-con-5\" class=\"wp-block-heading\"> Utilizzo di Goal Seek con codice VBA<\/h2><p> Puoi goderti il tuo caff\u00e8 mentre lavori con il comando di ricerca obiettivi di Excel. Spero non ti dispiaccia se puoi aggiungere altro cioccolato usando VBA. S\u00ec, hai ragione, puoi utilizzare la ricerca degli obiettivi con VBA.<\/p><p> espressione.GoalSeek(Obiettivo, Modifica cella)<\/p><ol><li> Espressione: dovrebbe essere una cella in cui desideri ottenere il risultato desiderato.<\/li><li> Obiettivo: il risultato desiderato che vogliamo restituire come risultato.<\/li><li> Modifica cella: cella in cui sono necessarie modifiche per ottenere il valore del risultato.<\/li><\/ol><p> Ecco alcuni codici macro che puoi utilizzare.<\/p><pre class=\"wp-block-code\"> <code class=\"language-visual-basic line-numbers\" lang=\"visual-basic\">Sub GoalSeekVBA() Rem: \/\/\/\/\/\/\/\/\/\/ Code by Exceladvisor.org Dim Target As Long On Error GoTo Errorhandler Target = InputBox(\"Enter the required value\", \"Enter Value\") Worksheets(\"Goal_Seek\").Activate With ActiveSheet.Range(\"C7\") .GoalSeek _ Goal:=Target, _ ChangingCell:=Range(\"C2\") End With Exit Sub Errorhandler: MsgBox (\"Sorry, value is not valid.\") End Sub<\/code><\/pre><p> <a href=\"https:\/\/exceladvisor.org\/wp-content\/uploads\/2023\/08\/recherche-dobjectif-dans-excel.zip\" rel=\"nofollow\"><strong>file di esempio<\/strong><\/a><\/p><h2 class=\"wp-block-heading\"> Conclusione<\/h2><p> Come ho detto, se provi a trovare il valore di input applicando un metodo manuale, devi dedicare molto tempo o creare una formula per eseguire un calcolo a ritroso.<\/p><p> Ma utilizzando Lens Search puoi farlo con un solo clic. Far\u00e0 tutti i calcoli complessi per te in un secondo. La parte migliore \u00e8 che puoi usarlo anche con VBA. E spero che questo ti aiuti a migliorare in Excel.<\/p><p class=\"qt-tip\"> <em><strong>Nota rapida<\/strong> : questo \u00e8 uno di quei <a href=\"https:\/\/exceladvisor.org\/it\/consiglio\/\" data-wpil=\"url\">suggerimenti di Excel<\/a> che possono aiutarti a migliorare le <a href=\"https:\/\/exceladvisor.org\/it\/eccellere-nelle-competenze\/\">competenze di Excel<\/a> .<\/em><\/p><div class=\"gb-container gb-container-4db6181c gb-container-mt\"> <a class=\"gb-button gb-button-c5897111 gb-button-text gb-button-mt-button\" href=\"https:\/\/exceladvisor.org\/it\/eccellere-in-anticipo\/\">Esercitazioni avanzate su Excel<\/a><h2 class=\"gb-headline gb-headline-665e5f6b gb-headline-text gb-headline-mt-heading\"> Tutorial correlati <\/h2><div class=\"gb-grid-wrapper gb-grid-wrapper-a20baf7c gb-grid-wrapper-mt-grid\"><div class=\"gb-grid-column gb-grid-column-65ddf67e\"><div class=\"gb-container gb-container-65ddf67e\"><ul><li> <a href=\"https:\/\/exceladvisor.org\/it\/strumento-fotocamera\/\">Strumento Fotocamera di Excel<\/a><\/li><li> <a href=\"https:\/\/exceladvisor.org\/it\/finestra-di-guardia\/\">Finestra di controllo in Excel<\/a><\/li><li> <a href=\"https:\/\/exceladvisor.org\/it\/affettatrice-excel\/\">Affettatrice di Excel (guida completa)<\/a><\/li><li> <a href=\"https:\/\/exceladvisor.org\/it\/excel-per-impostazione-predefinita-su-mac\/\">Rendi Excel predefinito su Mac<\/a><\/li><li> <a href=\"https:\/\/exceladvisor.org\/it\/modalita-provvisoria-excel\/\">Apri Excel in modalit\u00e0 provvisoria<\/a><\/li><\/ul><\/div><\/div><\/div><\/div>","protected":false},"excerpt":{"rendered":"","protected":false},"author":1,"featured_media":0,"parent":0,"menu_order":0,"comment_status":"open","ping_status":"closed","template":"","meta":{"ub_ctt_via":"","footnotes":""},"class_list":["post-1920","page","type-page","status-publish","hentry"],"featured_image_src":null,"yoast_head":"<!-- This site is optimized with the Yoast SEO plugin v25.4 - https:\/\/yoast.com\/wordpress\/plugins\/seo\/ -->\n<title>Come utilizzare la ricerca obiettivo in Excel? (Manuale + VBA)<\/title>\n<meta name=\"description\" content=\"Se conosci il valore del risultato e desideri conoscere il valore di input per ottenere quel risultato, utilizza Goal Seek in Excel.\" \/>\n<meta name=\"robots\" content=\"index, follow, max-snippet:-1, max-image-preview:large, max-video-preview:-1\" \/>\n<link rel=\"canonical\" href=\"https:\/\/exceladvisor.org\/it\/ricerca-dellobiettivo\/\" \/>\n<meta property=\"og:locale\" content=\"it_IT\" \/>\n<meta property=\"og:type\" content=\"article\" \/>\n<meta property=\"og:title\" content=\"Come utilizzare la ricerca obiettivo in Excel? (Manuale + VBA)\" \/>\n<meta property=\"og:description\" content=\"Se conosci il valore del risultato e desideri conoscere il valore di input per ottenere quel risultato, utilizza Goal Seek in Excel.\" \/>\n<meta property=\"og:url\" content=\"https:\/\/exceladvisor.org\/it\/ricerca-dellobiettivo\/\" \/>\n<meta property=\"og:site_name\" content=\"Excel Advisor\" \/>\n<meta property=\"article:modified_time\" content=\"2023-12-10T06:26:31+00:00\" \/>\n<meta property=\"og:image\" content=\"https:\/\/exceladvisor.org\/wp-content\/uploads\/2023\/08\/recherche-dobjectif-ouvert-dans-excel-1.png\" \/>\n<meta name=\"twitter:card\" content=\"summary_large_image\" \/>\n<meta name=\"twitter:label1\" content=\"Tempo di lettura stimato\" \/>\n\t<meta name=\"twitter:data1\" content=\"5 minuti\" \/>\n<script type=\"application\/ld+json\" class=\"yoast-schema-graph\">{\"@context\":\"https:\/\/schema.org\",\"@graph\":[{\"@type\":\"WebPage\",\"@id\":\"https:\/\/exceladvisor.org\/it\/ricerca-dellobiettivo\/\",\"url\":\"https:\/\/exceladvisor.org\/it\/ricerca-dellobiettivo\/\",\"name\":\"Come utilizzare la ricerca obiettivo in Excel? (Manuale + VBA)\",\"isPartOf\":{\"@id\":\"https:\/\/exceladvisor.org\/it\/#website\"},\"primaryImageOfPage\":{\"@id\":\"https:\/\/exceladvisor.org\/it\/ricerca-dellobiettivo\/#primaryimage\"},\"image\":{\"@id\":\"https:\/\/exceladvisor.org\/it\/ricerca-dellobiettivo\/#primaryimage\"},\"thumbnailUrl\":\"https:\/\/exceladvisor.org\/wp-content\/uploads\/2023\/08\/recherche-dobjectif-ouvert-dans-excel-1.png\",\"datePublished\":\"2023-10-28T01:54:46+00:00\",\"dateModified\":\"2023-12-10T06:26:31+00:00\",\"description\":\"Se conosci il valore del risultato e desideri conoscere il valore di input per ottenere quel risultato, utilizza Goal Seek in Excel.\",\"breadcrumb\":{\"@id\":\"https:\/\/exceladvisor.org\/it\/ricerca-dellobiettivo\/#breadcrumb\"},\"inLanguage\":\"it-IT\",\"potentialAction\":[{\"@type\":\"ReadAction\",\"target\":[\"https:\/\/exceladvisor.org\/it\/ricerca-dellobiettivo\/\"]}]},{\"@type\":\"ImageObject\",\"inLanguage\":\"it-IT\",\"@id\":\"https:\/\/exceladvisor.org\/it\/ricerca-dellobiettivo\/#primaryimage\",\"url\":\"https:\/\/exceladvisor.org\/wp-content\/uploads\/2023\/08\/recherche-dobjectif-ouvert-dans-excel-1.png\",\"contentUrl\":\"https:\/\/exceladvisor.org\/wp-content\/uploads\/2023\/08\/recherche-dobjectif-ouvert-dans-excel-1.png\"},{\"@type\":\"BreadcrumbList\",\"@id\":\"https:\/\/exceladvisor.org\/it\/ricerca-dellobiettivo\/#breadcrumb\",\"itemListElement\":[{\"@type\":\"ListItem\",\"position\":1,\"name\":\"Home\",\"item\":\"https:\/\/exceladvisor.org\/it\/\"},{\"@type\":\"ListItem\",\"position\":2,\"name\":\"Come utilizzare la ricerca obiettivo in excel?\"}]},{\"@type\":\"WebSite\",\"@id\":\"https:\/\/exceladvisor.org\/it\/#website\",\"url\":\"https:\/\/exceladvisor.org\/it\/\",\"name\":\"Excel Advisor\",\"description\":\"Tips, Tricks, and Time-Saving Hacks\",\"publisher\":{\"@id\":\"https:\/\/exceladvisor.org\/it\/#organization\"},\"potentialAction\":[{\"@type\":\"SearchAction\",\"target\":{\"@type\":\"EntryPoint\",\"urlTemplate\":\"https:\/\/exceladvisor.org\/it\/?s={search_term_string}\"},\"query-input\":{\"@type\":\"PropertyValueSpecification\",\"valueRequired\":true,\"valueName\":\"search_term_string\"}}],\"inLanguage\":\"it-IT\"},{\"@type\":\"Organization\",\"@id\":\"https:\/\/exceladvisor.org\/it\/#organization\",\"name\":\"Excel Advisor\",\"url\":\"https:\/\/exceladvisor.org\/it\/\",\"logo\":{\"@type\":\"ImageObject\",\"inLanguage\":\"it-IT\",\"@id\":\"https:\/\/exceladvisor.org\/it\/#\/schema\/logo\/image\/\",\"url\":\"https:\/\/exceladvisor.org\/it\/wp-content\/uploads\/2023\/12\/exceladvisor.org_.png\",\"contentUrl\":\"https:\/\/exceladvisor.org\/it\/wp-content\/uploads\/2023\/12\/exceladvisor.org_.png\",\"width\":105,\"height\":36,\"caption\":\"Excel Advisor\"},\"image\":{\"@id\":\"https:\/\/exceladvisor.org\/it\/#\/schema\/logo\/image\/\"}}]}<\/script>\n<!-- \/ Yoast SEO plugin. -->","yoast_head_json":{"title":"Come utilizzare la ricerca obiettivo in Excel? (Manuale + VBA)","description":"Se conosci il valore del risultato e desideri conoscere il valore di input per ottenere quel risultato, utilizza Goal Seek in Excel.","robots":{"index":"index","follow":"follow","max-snippet":"max-snippet:-1","max-image-preview":"max-image-preview:large","max-video-preview":"max-video-preview:-1"},"canonical":"https:\/\/exceladvisor.org\/it\/ricerca-dellobiettivo\/","og_locale":"it_IT","og_type":"article","og_title":"Come utilizzare la ricerca obiettivo in Excel? (Manuale + VBA)","og_description":"Se conosci il valore del risultato e desideri conoscere il valore di input per ottenere quel risultato, utilizza Goal Seek in Excel.","og_url":"https:\/\/exceladvisor.org\/it\/ricerca-dellobiettivo\/","og_site_name":"Excel Advisor","article_modified_time":"2023-12-10T06:26:31+00:00","og_image":[{"url":"https:\/\/exceladvisor.org\/wp-content\/uploads\/2023\/08\/recherche-dobjectif-ouvert-dans-excel-1.png","type":"","width":"","height":""}],"twitter_card":"summary_large_image","twitter_misc":{"Tempo di lettura stimato":"5 minuti"},"schema":{"@context":"https:\/\/schema.org","@graph":[{"@type":"WebPage","@id":"https:\/\/exceladvisor.org\/it\/ricerca-dellobiettivo\/","url":"https:\/\/exceladvisor.org\/it\/ricerca-dellobiettivo\/","name":"Come utilizzare la ricerca obiettivo in Excel? (Manuale + VBA)","isPartOf":{"@id":"https:\/\/exceladvisor.org\/it\/#website"},"primaryImageOfPage":{"@id":"https:\/\/exceladvisor.org\/it\/ricerca-dellobiettivo\/#primaryimage"},"image":{"@id":"https:\/\/exceladvisor.org\/it\/ricerca-dellobiettivo\/#primaryimage"},"thumbnailUrl":"https:\/\/exceladvisor.org\/wp-content\/uploads\/2023\/08\/recherche-dobjectif-ouvert-dans-excel-1.png","datePublished":"2023-10-28T01:54:46+00:00","dateModified":"2023-12-10T06:26:31+00:00","description":"Se conosci il valore del risultato e desideri conoscere il valore di input per ottenere quel risultato, utilizza Goal Seek in Excel.","breadcrumb":{"@id":"https:\/\/exceladvisor.org\/it\/ricerca-dellobiettivo\/#breadcrumb"},"inLanguage":"it-IT","potentialAction":[{"@type":"ReadAction","target":["https:\/\/exceladvisor.org\/it\/ricerca-dellobiettivo\/"]}]},{"@type":"ImageObject","inLanguage":"it-IT","@id":"https:\/\/exceladvisor.org\/it\/ricerca-dellobiettivo\/#primaryimage","url":"https:\/\/exceladvisor.org\/wp-content\/uploads\/2023\/08\/recherche-dobjectif-ouvert-dans-excel-1.png","contentUrl":"https:\/\/exceladvisor.org\/wp-content\/uploads\/2023\/08\/recherche-dobjectif-ouvert-dans-excel-1.png"},{"@type":"BreadcrumbList","@id":"https:\/\/exceladvisor.org\/it\/ricerca-dellobiettivo\/#breadcrumb","itemListElement":[{"@type":"ListItem","position":1,"name":"Home","item":"https:\/\/exceladvisor.org\/it\/"},{"@type":"ListItem","position":2,"name":"Come utilizzare la ricerca obiettivo in excel?"}]},{"@type":"WebSite","@id":"https:\/\/exceladvisor.org\/it\/#website","url":"https:\/\/exceladvisor.org\/it\/","name":"Excel Advisor","description":"Tips, Tricks, and Time-Saving Hacks","publisher":{"@id":"https:\/\/exceladvisor.org\/it\/#organization"},"potentialAction":[{"@type":"SearchAction","target":{"@type":"EntryPoint","urlTemplate":"https:\/\/exceladvisor.org\/it\/?s={search_term_string}"},"query-input":{"@type":"PropertyValueSpecification","valueRequired":true,"valueName":"search_term_string"}}],"inLanguage":"it-IT"},{"@type":"Organization","@id":"https:\/\/exceladvisor.org\/it\/#organization","name":"Excel Advisor","url":"https:\/\/exceladvisor.org\/it\/","logo":{"@type":"ImageObject","inLanguage":"it-IT","@id":"https:\/\/exceladvisor.org\/it\/#\/schema\/logo\/image\/","url":"https:\/\/exceladvisor.org\/it\/wp-content\/uploads\/2023\/12\/exceladvisor.org_.png","contentUrl":"https:\/\/exceladvisor.org\/it\/wp-content\/uploads\/2023\/12\/exceladvisor.org_.png","width":105,"height":36,"caption":"Excel Advisor"},"image":{"@id":"https:\/\/exceladvisor.org\/it\/#\/schema\/logo\/image\/"}}]}},"yoast_meta":{"yoast_wpseo_title":"","yoast_wpseo_metadesc":"","yoast_wpseo_canonical":""},"_links":{"self":[{"href":"https:\/\/exceladvisor.org\/it\/wp-json\/wp\/v2\/pages\/1920","targetHints":{"allow":["GET"]}}],"collection":[{"href":"https:\/\/exceladvisor.org\/it\/wp-json\/wp\/v2\/pages"}],"about":[{"href":"https:\/\/exceladvisor.org\/it\/wp-json\/wp\/v2\/types\/page"}],"author":[{"embeddable":true,"href":"https:\/\/exceladvisor.org\/it\/wp-json\/wp\/v2\/users\/1"}],"replies":[{"embeddable":true,"href":"https:\/\/exceladvisor.org\/it\/wp-json\/wp\/v2\/comments?post=1920"}],"version-history":[{"count":1,"href":"https:\/\/exceladvisor.org\/it\/wp-json\/wp\/v2\/pages\/1920\/revisions"}],"predecessor-version":[{"id":2802,"href":"https:\/\/exceladvisor.org\/it\/wp-json\/wp\/v2\/pages\/1920\/revisions\/2802"}],"wp:attachment":[{"href":"https:\/\/exceladvisor.org\/it\/wp-json\/wp\/v2\/media?parent=1920"}],"curies":[{"name":"wp","href":"https:\/\/api.w.org\/{rel}","templated":true}]}}