{"id":1921,"date":"2023-10-28T01:26:59","date_gmt":"2023-10-28T01:26:59","guid":{"rendered":"https:\/\/exceladvisor.org\/it\/evidenziare-i-valori-superiori-inferiori\/"},"modified":"2023-12-10T06:23:23","modified_gmt":"2023-12-10T06:23:23","slug":"evidenziare-i-valori-superiori-inferiori","status":"publish","type":"page","link":"https:\/\/exceladvisor.org\/it\/evidenziare-i-valori-superiori-inferiori\/","title":{"rendered":"Come evidenziare i valori n superiori e inferiori?"},"content":{"rendered":"<div class=\"excel-prima-del-contenuto\" id=\"excel-3361211016\"><script type=\"text\/javascript\">\r\n\tatOptions = {\r\n\t\t'key' : 'c1158f160081d6540a8409e6925dab94',\r\n\t\t'format' : 'iframe',\r\n\t\t'height' : 250,\r\n\t\t'width' : 300,\r\n\t\t'params' : {}\r\n\t};\r\n<\/script>\r\n<script type=\"text\/javascript\" src=\"\/\/www.highperformanceformat.com\/c1158f160081d6540a8409e6925dab94\/invoke.js\"><\/script><\/div> <p>Il modo migliore per evidenziare i valori dall&#8217;alto verso il basso \u00e8 utilizzare la formattazione condizionale. \u00c8 semplice e veloce e richiede solo pochi clic. Ma la parte migliore \u00e8 che non hai nemmeno bisogno di scrivere una formula per questo.<\/p><p> Lo uso da quando ho ottenuto il mio primo lavoro. il mio capo mi ha chiamato Ogni volta che con qualche tipo di rapporto, lo faccio senza tralasciare di evidenziare i valori superiore e inferiore. E, se non lo usi ancora, lascia che ti dica come usarlo. <\/p><div class=\"wp-block-image\"><figure class=\"aligncenter\"><img loading=\"lazy\" decoding=\"async\" class=\"wp-image-10058\" src=\"https:\/\/exceladvisor.org\/wp-content\/uploads\/2023\/08\/comment-mettre-en-surbrillance-les-valeurs-n-superieures-inferieures-dans-le-tableau-de-donnees-Excel-1.png\" sizes=\"auto, \" srcset=\"\" alt=\"come evidenziare i valori n superiori inferiori nella tabella dati Excel\" width=\"202\" height=\"555\"><\/figure><\/div><p> Di seguito ho una tabella con le vendite giornaliere e voglio evidenziare i primi 10 giorni con le vendite pi\u00f9 alte (la tabella \u00e8 un po&#8217; lunga qui).<\/p><h2 class=\"wp-block-heading\"> Evidenzia i primi 10 valori<\/h2><ul><li> Innanzitutto, seleziona i dati di cui desideri evidenziare i valori pi\u00f9 alti.<\/li><li> Vai alla scheda Home -&gt; Stili -&gt; Formattazione condizionale -&gt; Regole in alto\/in basso -&gt; Primi 10. <\/li><\/ul><div class=\"wp-block-image\"><figure class=\"aligncenter\"><img loading=\"lazy\" decoding=\"async\" class=\"wp-image-10056\" src=\"https:\/\/exceladvisor.org\/wp-content\/uploads\/2023\/08\/comment-mettre-en-surbrillance-les-n-valeurs-les-plus-basses-dans-la-regle-excel-top-botm-1.png\" sizes=\"auto, \" srcset=\"\" alt=\"come evidenziare i valori n pi\u00f9 bassi nella regola top botm di Excel\" width=\"357\" height=\"412\"><\/figure><\/div><ul><li> Ora nella finestra pop-up hai due cose da specificare.<ol><li> Numero di valori da evidenziare ( <em>i primi 10 per ora<\/em> ).<\/li><li> Formattazione da utilizzare per evidenziare i valori. <\/li><\/ol><\/li><\/ul><div class=\"wp-block-image\"><figure class=\"aligncenter\"><img loading=\"lazy\" decoding=\"async\" class=\"wp-image-10054\" src=\"https:\/\/exceladvisor.org\/wp-content\/uploads\/2023\/08\/comment-mettre-en-surbrillance-les-n-valeurs-superieures-inferieures-au-format-Excel-pour-mettre-en-surbrillance-les-cellules-1.png\" sizes=\"auto, \" srcset=\"\" alt=\"come evidenziare i valori n superiori inferiori nella tabella dati Excel\" width=\"307\" height=\"190\"><\/figure><\/div><ul><li> Successivamente fare clic su OK. <\/li><\/ul><div class=\"wp-block-image\"><figure class=\"aligncenter\"><img loading=\"lazy\" decoding=\"async\" class=\"wp-image-10059\" src=\"https:\/\/exceladvisor.org\/wp-content\/uploads\/2023\/08\/comment-mettre-en-surbrillance-les-valeurs-n-superieures-inferieures-dans-Excel-avec-le-formatage-1.png\" sizes=\"auto, \" srcset=\"\" alt=\"come evidenziare i valori n superiori inferiori in Excel con la formattazione\" width=\"202\" height=\"555\"><\/figure><\/div><p> Evidenzier\u00e0 immediatamente i primi 10 valori dei dati con lo stile di formattazione che hai menzionato.<\/p><h2 class=\"wp-block-heading\"> Evidenzia gli ultimi 10 valori<\/h2><p> Per evidenziare gli ultimi 10 valori, puoi seguire gli stessi passaggi. Ma invece dei primi 10, basta fare clic sugli ultimi 10 e il resto \u00e8 lo stesso.<\/p><ul><li> Seleziona i numeri dei valori da evidenziare.<\/li><li> E il formato da utilizzare.<\/li><\/ul><h2 class=\"wp-block-heading\"> Cos&#8217;altro? <\/h2><div class=\"wp-block-image\"><figure class=\"aligncenter\"><img loading=\"lazy\" decoding=\"async\" class=\"wp-image-10055\" src=\"https:\/\/exceladvisor.org\/wp-content\/uploads\/2023\/08\/comment-mettre-en-surbrillance-les-valeurs-n-superieures-inferieures-dans-Excel-autres-options-1.png\" sizes=\"auto, \" srcset=\"\" alt=\"come evidenziare i valori n superiori inferiori in Excel altre opzioni\" width=\"176\" height=\"266\"><\/figure><\/div><p> Nell&#8217;opzione della regola di formattazione condizionale superiore\/inferiore sono disponibili altre opzioni utili.<\/p><ul><li> <strong>Top 10%<\/strong> : utilizzalo per evidenziare i valori principali che equivalgono al 10% dei dati.<\/li><li> <strong>Inferiore 10%<\/strong> \u2013 Evidenzia i valori inferiori che equivalgono al 10% dei dati.<\/li><li> <strong>Sopra la media<\/strong> \u2013 Per evidenziare valori superiori al valore medio dei dati.<\/li><li> <strong>Sotto la media<\/strong> : utilizzare questa opzione per evidenziare i valori inferiori al valore medio dei dati.<\/li><\/ul><p> Come ho detto prima, evidenzio i valori superiore e inferiore in tutti i miei rapporti. Inoltre, aiuta l&#8217;altra persona a ottenere una rapida panoramica, anche se i dati sono solo una tabella.<\/p><div class=\"gb-container gb-container-4db6181c gb-container-mt\"> <a class=\"gb-button gb-button-c5897111 gb-button-text gb-button-mt-button\" href=\"https:\/\/exceladvisor.org\/it\/eccellere-in-anticipo\/\">Esercitazioni avanzate su Excel<\/a><h2 class=\"gb-headline gb-headline-665e5f6b gb-headline-text gb-headline-mt-heading\"> Tutorial correlati <\/h2><div class=\"gb-grid-wrapper gb-grid-wrapper-a20baf7c gb-grid-wrapper-mt-grid\"><div class=\"gb-grid-column gb-grid-column-65ddf67e\"><div class=\"gb-container gb-container-65ddf67e\"><ul><li> <a href=\"https:\/\/exceladvisor.org\/it\/unire-le-celle-senza-perdere-dati\/\">Unisci celle senza perdere dati in Excel<\/a><\/li><li> <a href=\"https:\/\/exceladvisor.org\/it\/incolla-la-moltiplicazione-speciale\/\">Moltiplica in Excel utilizzando Incolla speciale<\/a><\/li><li> <a href=\"https:\/\/exceladvisor.org\/it\/aggiungere-un-codice-a-barre\/\" data-wpil=\"url\">Aggiungi un codice a barre in Excel<\/a><\/li><li> <a href=\"https:\/\/exceladvisor.org\/it\/carattere-predefinito\/\">Cambia il carattere predefinito in Excel<\/a><\/li><li> <a href=\"https:\/\/exceladvisor.org\/it\/filtra-per-colore\/\">Filtra per colore in Excel<\/a><\/li><\/ul><\/div><\/div><\/div><\/div>","protected":false},"excerpt":{"rendered":"","protected":false},"author":1,"featured_media":0,"parent":0,"menu_order":0,"comment_status":"open","ping_status":"closed","template":"","meta":{"ub_ctt_via":"","footnotes":""},"class_list":["post-1921","page","type-page","status-publish","hentry"],"featured_image_src":null,"yoast_head":"<!-- This site is optimized with the Yoast SEO plugin v25.4 - https:\/\/yoast.com\/wordpress\/plugins\/seo\/ -->\n<title>Evidenziare i valori N superiori e inferiori<\/title>\n<meta name=\"description\" content=\"In questo articolo imparerai come evidenziare i valori superiori e inferiori in Excel.\" \/>\n<meta name=\"robots\" content=\"index, follow, max-snippet:-1, max-image-preview:large, max-video-preview:-1\" \/>\n<link rel=\"canonical\" href=\"https:\/\/exceladvisor.org\/it\/evidenziare-i-valori-superiori-inferiori\/\" \/>\n<meta property=\"og:locale\" content=\"it_IT\" \/>\n<meta property=\"og:type\" content=\"article\" \/>\n<meta property=\"og:title\" content=\"Evidenziare i valori N superiori e inferiori\" \/>\n<meta property=\"og:description\" content=\"In questo articolo imparerai come evidenziare i valori superiori e inferiori in Excel.\" \/>\n<meta property=\"og:url\" content=\"https:\/\/exceladvisor.org\/it\/evidenziare-i-valori-superiori-inferiori\/\" \/>\n<meta property=\"og:site_name\" content=\"Excel Advisor\" \/>\n<meta property=\"article:modified_time\" content=\"2023-12-10T06:23:23+00:00\" \/>\n<meta property=\"og:image\" content=\"https:\/\/exceladvisor.org\/wp-content\/uploads\/2023\/08\/comment-mettre-en-surbrillance-les-valeurs-n-superieures-inferieures-dans-le-tableau-de-donnees-Excel-1.png\" \/>\n<meta name=\"twitter:card\" content=\"summary_large_image\" \/>\n<meta name=\"twitter:label1\" content=\"Tempo di lettura stimato\" \/>\n\t<meta name=\"twitter:data1\" content=\"2 minuti\" \/>\n<script type=\"application\/ld+json\" class=\"yoast-schema-graph\">{\"@context\":\"https:\/\/schema.org\",\"@graph\":[{\"@type\":\"WebPage\",\"@id\":\"https:\/\/exceladvisor.org\/it\/evidenziare-i-valori-superiori-inferiori\/\",\"url\":\"https:\/\/exceladvisor.org\/it\/evidenziare-i-valori-superiori-inferiori\/\",\"name\":\"Evidenziare i valori N superiori e inferiori\",\"isPartOf\":{\"@id\":\"https:\/\/exceladvisor.org\/it\/#website\"},\"primaryImageOfPage\":{\"@id\":\"https:\/\/exceladvisor.org\/it\/evidenziare-i-valori-superiori-inferiori\/#primaryimage\"},\"image\":{\"@id\":\"https:\/\/exceladvisor.org\/it\/evidenziare-i-valori-superiori-inferiori\/#primaryimage\"},\"thumbnailUrl\":\"https:\/\/exceladvisor.org\/wp-content\/uploads\/2023\/08\/comment-mettre-en-surbrillance-les-valeurs-n-superieures-inferieures-dans-le-tableau-de-donnees-Excel-1.png\",\"datePublished\":\"2023-10-28T01:26:59+00:00\",\"dateModified\":\"2023-12-10T06:23:23+00:00\",\"description\":\"In questo articolo imparerai come evidenziare i valori superiori e inferiori in Excel.\",\"breadcrumb\":{\"@id\":\"https:\/\/exceladvisor.org\/it\/evidenziare-i-valori-superiori-inferiori\/#breadcrumb\"},\"inLanguage\":\"it-IT\",\"potentialAction\":[{\"@type\":\"ReadAction\",\"target\":[\"https:\/\/exceladvisor.org\/it\/evidenziare-i-valori-superiori-inferiori\/\"]}]},{\"@type\":\"ImageObject\",\"inLanguage\":\"it-IT\",\"@id\":\"https:\/\/exceladvisor.org\/it\/evidenziare-i-valori-superiori-inferiori\/#primaryimage\",\"url\":\"https:\/\/exceladvisor.org\/wp-content\/uploads\/2023\/08\/comment-mettre-en-surbrillance-les-valeurs-n-superieures-inferieures-dans-le-tableau-de-donnees-Excel-1.png\",\"contentUrl\":\"https:\/\/exceladvisor.org\/wp-content\/uploads\/2023\/08\/comment-mettre-en-surbrillance-les-valeurs-n-superieures-inferieures-dans-le-tableau-de-donnees-Excel-1.png\"},{\"@type\":\"BreadcrumbList\",\"@id\":\"https:\/\/exceladvisor.org\/it\/evidenziare-i-valori-superiori-inferiori\/#breadcrumb\",\"itemListElement\":[{\"@type\":\"ListItem\",\"position\":1,\"name\":\"Home\",\"item\":\"https:\/\/exceladvisor.org\/it\/\"},{\"@type\":\"ListItem\",\"position\":2,\"name\":\"Come evidenziare i valori n superiori e inferiori?\"}]},{\"@type\":\"WebSite\",\"@id\":\"https:\/\/exceladvisor.org\/it\/#website\",\"url\":\"https:\/\/exceladvisor.org\/it\/\",\"name\":\"Excel Advisor\",\"description\":\"Tips, Tricks, and Time-Saving Hacks\",\"publisher\":{\"@id\":\"https:\/\/exceladvisor.org\/it\/#organization\"},\"potentialAction\":[{\"@type\":\"SearchAction\",\"target\":{\"@type\":\"EntryPoint\",\"urlTemplate\":\"https:\/\/exceladvisor.org\/it\/?s={search_term_string}\"},\"query-input\":{\"@type\":\"PropertyValueSpecification\",\"valueRequired\":true,\"valueName\":\"search_term_string\"}}],\"inLanguage\":\"it-IT\"},{\"@type\":\"Organization\",\"@id\":\"https:\/\/exceladvisor.org\/it\/#organization\",\"name\":\"Excel Advisor\",\"url\":\"https:\/\/exceladvisor.org\/it\/\",\"logo\":{\"@type\":\"ImageObject\",\"inLanguage\":\"it-IT\",\"@id\":\"https:\/\/exceladvisor.org\/it\/#\/schema\/logo\/image\/\",\"url\":\"https:\/\/exceladvisor.org\/it\/wp-content\/uploads\/2023\/12\/exceladvisor.org_.png\",\"contentUrl\":\"https:\/\/exceladvisor.org\/it\/wp-content\/uploads\/2023\/12\/exceladvisor.org_.png\",\"width\":105,\"height\":36,\"caption\":\"Excel Advisor\"},\"image\":{\"@id\":\"https:\/\/exceladvisor.org\/it\/#\/schema\/logo\/image\/\"}}]}<\/script>\n<!-- \/ Yoast SEO plugin. -->","yoast_head_json":{"title":"Evidenziare i valori N superiori e inferiori","description":"In questo articolo imparerai come evidenziare i valori superiori e inferiori in Excel.","robots":{"index":"index","follow":"follow","max-snippet":"max-snippet:-1","max-image-preview":"max-image-preview:large","max-video-preview":"max-video-preview:-1"},"canonical":"https:\/\/exceladvisor.org\/it\/evidenziare-i-valori-superiori-inferiori\/","og_locale":"it_IT","og_type":"article","og_title":"Evidenziare i valori N superiori e inferiori","og_description":"In questo articolo imparerai come evidenziare i valori superiori e inferiori in Excel.","og_url":"https:\/\/exceladvisor.org\/it\/evidenziare-i-valori-superiori-inferiori\/","og_site_name":"Excel Advisor","article_modified_time":"2023-12-10T06:23:23+00:00","og_image":[{"url":"https:\/\/exceladvisor.org\/wp-content\/uploads\/2023\/08\/comment-mettre-en-surbrillance-les-valeurs-n-superieures-inferieures-dans-le-tableau-de-donnees-Excel-1.png","type":"","width":"","height":""}],"twitter_card":"summary_large_image","twitter_misc":{"Tempo di lettura stimato":"2 minuti"},"schema":{"@context":"https:\/\/schema.org","@graph":[{"@type":"WebPage","@id":"https:\/\/exceladvisor.org\/it\/evidenziare-i-valori-superiori-inferiori\/","url":"https:\/\/exceladvisor.org\/it\/evidenziare-i-valori-superiori-inferiori\/","name":"Evidenziare i valori N superiori e inferiori","isPartOf":{"@id":"https:\/\/exceladvisor.org\/it\/#website"},"primaryImageOfPage":{"@id":"https:\/\/exceladvisor.org\/it\/evidenziare-i-valori-superiori-inferiori\/#primaryimage"},"image":{"@id":"https:\/\/exceladvisor.org\/it\/evidenziare-i-valori-superiori-inferiori\/#primaryimage"},"thumbnailUrl":"https:\/\/exceladvisor.org\/wp-content\/uploads\/2023\/08\/comment-mettre-en-surbrillance-les-valeurs-n-superieures-inferieures-dans-le-tableau-de-donnees-Excel-1.png","datePublished":"2023-10-28T01:26:59+00:00","dateModified":"2023-12-10T06:23:23+00:00","description":"In questo articolo imparerai come evidenziare i valori superiori e inferiori in Excel.","breadcrumb":{"@id":"https:\/\/exceladvisor.org\/it\/evidenziare-i-valori-superiori-inferiori\/#breadcrumb"},"inLanguage":"it-IT","potentialAction":[{"@type":"ReadAction","target":["https:\/\/exceladvisor.org\/it\/evidenziare-i-valori-superiori-inferiori\/"]}]},{"@type":"ImageObject","inLanguage":"it-IT","@id":"https:\/\/exceladvisor.org\/it\/evidenziare-i-valori-superiori-inferiori\/#primaryimage","url":"https:\/\/exceladvisor.org\/wp-content\/uploads\/2023\/08\/comment-mettre-en-surbrillance-les-valeurs-n-superieures-inferieures-dans-le-tableau-de-donnees-Excel-1.png","contentUrl":"https:\/\/exceladvisor.org\/wp-content\/uploads\/2023\/08\/comment-mettre-en-surbrillance-les-valeurs-n-superieures-inferieures-dans-le-tableau-de-donnees-Excel-1.png"},{"@type":"BreadcrumbList","@id":"https:\/\/exceladvisor.org\/it\/evidenziare-i-valori-superiori-inferiori\/#breadcrumb","itemListElement":[{"@type":"ListItem","position":1,"name":"Home","item":"https:\/\/exceladvisor.org\/it\/"},{"@type":"ListItem","position":2,"name":"Come evidenziare i valori n superiori e inferiori?"}]},{"@type":"WebSite","@id":"https:\/\/exceladvisor.org\/it\/#website","url":"https:\/\/exceladvisor.org\/it\/","name":"Excel Advisor","description":"Tips, Tricks, and Time-Saving Hacks","publisher":{"@id":"https:\/\/exceladvisor.org\/it\/#organization"},"potentialAction":[{"@type":"SearchAction","target":{"@type":"EntryPoint","urlTemplate":"https:\/\/exceladvisor.org\/it\/?s={search_term_string}"},"query-input":{"@type":"PropertyValueSpecification","valueRequired":true,"valueName":"search_term_string"}}],"inLanguage":"it-IT"},{"@type":"Organization","@id":"https:\/\/exceladvisor.org\/it\/#organization","name":"Excel Advisor","url":"https:\/\/exceladvisor.org\/it\/","logo":{"@type":"ImageObject","inLanguage":"it-IT","@id":"https:\/\/exceladvisor.org\/it\/#\/schema\/logo\/image\/","url":"https:\/\/exceladvisor.org\/it\/wp-content\/uploads\/2023\/12\/exceladvisor.org_.png","contentUrl":"https:\/\/exceladvisor.org\/it\/wp-content\/uploads\/2023\/12\/exceladvisor.org_.png","width":105,"height":36,"caption":"Excel Advisor"},"image":{"@id":"https:\/\/exceladvisor.org\/it\/#\/schema\/logo\/image\/"}}]}},"yoast_meta":{"yoast_wpseo_title":"","yoast_wpseo_metadesc":"","yoast_wpseo_canonical":""},"_links":{"self":[{"href":"https:\/\/exceladvisor.org\/it\/wp-json\/wp\/v2\/pages\/1921","targetHints":{"allow":["GET"]}}],"collection":[{"href":"https:\/\/exceladvisor.org\/it\/wp-json\/wp\/v2\/pages"}],"about":[{"href":"https:\/\/exceladvisor.org\/it\/wp-json\/wp\/v2\/types\/page"}],"author":[{"embeddable":true,"href":"https:\/\/exceladvisor.org\/it\/wp-json\/wp\/v2\/users\/1"}],"replies":[{"embeddable":true,"href":"https:\/\/exceladvisor.org\/it\/wp-json\/wp\/v2\/comments?post=1921"}],"version-history":[{"count":1,"href":"https:\/\/exceladvisor.org\/it\/wp-json\/wp\/v2\/pages\/1921\/revisions"}],"predecessor-version":[{"id":2515,"href":"https:\/\/exceladvisor.org\/it\/wp-json\/wp\/v2\/pages\/1921\/revisions\/2515"}],"wp:attachment":[{"href":"https:\/\/exceladvisor.org\/it\/wp-json\/wp\/v2\/media?parent=1921"}],"curies":[{"name":"wp","href":"https:\/\/api.w.org\/{rel}","templated":true}]}}