{"id":1924,"date":"2023-10-27T23:44:57","date_gmt":"2023-10-27T23:44:57","guid":{"rendered":"https:\/\/exceladvisor.org\/it\/trova-lintervallo-di-nomi\/"},"modified":"2023-12-10T06:26:06","modified_gmt":"2023-12-10T06:26:06","slug":"trova-lintervallo-di-nomi","status":"publish","type":"page","link":"https:\/\/exceladvisor.org\/it\/trova-lintervallo-di-nomi\/","title":{"rendered":"Come trovare un intervallo di nomi in excel?"},"content":{"rendered":"<div class=\"excel-prima-del-contenuto\" id=\"excel-2011546169\"><script type=\"text\/javascript\">\r\n\tatOptions = {\r\n\t\t'key' : 'c1158f160081d6540a8409e6925dab94',\r\n\t\t'format' : 'iframe',\r\n\t\t'height' : 250,\r\n\t\t'width' : 300,\r\n\t\t'params' : {}\r\n\t};\r\n<\/script>\r\n<script type=\"text\/javascript\" src=\"\/\/www.highperformanceformat.com\/c1158f160081d6540a8409e6925dab94\/invoke.js\"><\/script><\/div> <p>In Excel, nominare un intervallo di celle \u00e8 il modo pi\u00f9 semplice e veloce per fare riferimento a tali celle nella formula. \u00c8 possibile creare pi\u00f9 intervalli di nomi nel foglio di lavoro e utilizzarli come riferimento di cella quando si applica la formula.<\/p><p> Tuttavia, a volte, se nella cartella di lavoro sono presenti pi\u00f9 intervalli denominati, potrebbe risultare difficile ricordare i nomi e le posizioni degli intervalli di nomi.<\/p><p> Quindi, in questo tutorial, ti mostreremo come trovare gli intervalli di nomi nella cartella di lavoro corrente.<\/p><h2 class=\"wp-block-heading\"> Passaggi per trovare l&#8217;intervallo di nomi utilizzando Gestione nomi<\/h2><p> Il metodo migliore consigliato per trovare tutti gli intervalli di nomi nell&#8217;intera cartella di lavoro consiste nell&#8217;utilizzare &#8220;Gestione nomi&#8221;. Da qui puoi anche modificare le celle relative di qualsiasi intervallo denominato e cambiare il nome di qualsiasi intervallo denominato seguendo i passaggi seguenti:<\/p><ol><li> Innanzitutto, vai alla scheda \u201cFormule\u201d, quindi fai clic sull\u2019icona \u201cGestione nomi\u201d nel gruppo \u201cNomi definiti\u201d.<\/li><li> Oppure prima tieni premuto il tasto \u201cCtrl\u201d e poi premi il tasto \u201cF3\u201d. <br><img loading=\"lazy\" decoding=\"async\" title=\"-nome-icona-gestore\" src=\"https:\/\/exceladvisor.org\/wp-content\/uploads\/2023\/08\/1-icone-de-gestionnaire-de-noms.png\" sizes=\"auto, \" srcset=\"\" alt=\"name-manager-icon\" width=\"726\" height=\"132\"><\/li><li> A questo punto si aprir\u00e0 la finestra di dialogo \u201cGestione nomi\u201d.<\/li><li> In esso troverai tutti gli intervalli di nomi con i loro nomi nella scheda &#8220;Nome&#8221; e la posizione (nome del foglio) compreso l&#8217;intervallo di celle loro assegnato nella scheda &#8220;Riferimento&#8221;.<\/li><li> Da l\u00ec, fai doppio clic su uno degli intervalli di nomi che desideri modificare o vai alle celle relative per quell&#8217;intervallo di nomi. <br><img loading=\"lazy\" decoding=\"async\" title=\"-dialogo-nome-gestore\" src=\"https:\/\/exceladvisor.org\/wp-content\/uploads\/2023\/08\/Boite-de-dialogue-du-gestionnaire-de-2-noms.png\" sizes=\"auto, \" srcset=\"\" alt=\"name-manager-dialog-box\" width=\"517\" height=\"405\"><\/li><li> Nel momento in cui fai doppio clic sul singolo intervallo di nomi, si aprir\u00e0 la finestra di dialogo per quell&#8217;intervallo di nomi, come mostrato nell&#8217;immagine seguente.<\/li><li> Ora, per modificare il nome di questo intervallo di nomi, vai al campo &#8220;Nome&#8221; ed elimina il nome esistente e aggiungi il nuovo nome, quindi premi OK.<\/li><li> Per accedere alle celle di riferimento, fai clic sull&#8217;ultimo del riferimento fornito e ti porter\u00e0 alle celle di riferimento. <br><img loading=\"lazy\" decoding=\"async\" title=\"-finestra di dialogo modifica intervallo nomi\" src=\"https:\/\/exceladvisor.org\/wp-content\/uploads\/2023\/08\/3-boite-de-dialogue-de-modification-de-la-plage-de-noms.png\" sizes=\"auto, \" srcset=\"\" alt=\"edit-name-range-dialog-box\" width=\"299\" height=\"227\"><\/li><li> Da qui puoi riselezionare l&#8217;intervallo di celle e l&#8217;intervallo verr\u00e0 aggiornato.<\/li><li> puoi vederlo nel campo \u201cFa riferimento a\u201d nella finestra di dialogo, quindi premere OK. <br><img loading=\"lazy\" decoding=\"async\" title=\"-riselezionare l'intervallo\" src=\"https:\/\/exceladvisor.org\/wp-content\/uploads\/2023\/08\/4-reselectionner-la-gamme.png\" sizes=\"auto, \" srcset=\"\" alt=\"reselect-the-range\" width=\"446\" height=\"276\"><\/li><\/ol><h2 class=\"wp-block-heading\"> Trova l&#8217;intervallo di nomi utilizzando l&#8217;opzione Vai a<\/h2><ol><li> Innanzitutto, vai alla scheda &#8220;Home&#8221;, quindi fai clic sull&#8217;icona &#8220;Trova e seleziona&#8221;, quindi fai clic sull&#8217;opzione &#8220;GOTO&#8221; per aprire la finestra di dialogo &#8220;GOTO&#8221;.<\/li><li> Oppure premi semplicemente la scorciatoia da tastiera &#8220;Ctrl + G&#8221; e si aprir\u00e0 la finestra di dialogo &#8220;GOTO&#8221;. <br><img loading=\"lazy\" decoding=\"async\" title=\"-vai all'opzione\" src=\"https:\/\/exceladvisor.org\/wp-content\/uploads\/2023\/08\/5-aller-a-loption.png\" sizes=\"auto, \" srcset=\"\" alt=\"go-to-option\" width=\"653\" height=\"277\"><\/li><li> Qui nella finestra di dialogo &#8220;GOTO&#8221; troverai tutti gli intervalli di nomi nella tua cartella di lavoro. <br><img loading=\"lazy\" decoding=\"async\" title=\"-vai alla finestra di dialogo\" src=\"https:\/\/exceladvisor.org\/wp-content\/uploads\/2023\/08\/6-aller-a-la-boite-de-dialogue.png\" sizes=\"auto, \" srcset=\"\" alt=\"go-to-dialog-box\" width=\"329\" height=\"270\"><\/li><\/ol><h2 class=\"wp-block-heading\"> Trova l&#8217;intervallo di nomi rimpicciolendo<\/h2><p> Per trovare gli intervalli di nomi nel foglio di lavoro corrente, rimpicciolisci semplicemente il foglio di lavoro al 30% e troverai i nomi degli intervalli di nomi evidenziati nelle relative celle. <\/p><div class=\"wp-block-image\"><figure class=\"aligncenter size-full\"><img loading=\"lazy\" decoding=\"async\" class=\"wp-image-82876\" src=\"https:\/\/exceladvisor.org\/wp-content\/uploads\/2023\/08\/7-dezoomer.png\" sizes=\"auto, \" srcset=\"\" alt=\"Rimpicciolisci\" width=\"424\" height=\"83\"><\/figure><\/div><p> Nell&#8217;immagine seguente, il foglio di lavoro \u00e8 ingrandito al 30% e puoi vedere che abbiamo due intervalli di nomi separati definiti nel foglio di lavoro corrente in cui i nomi sono evidenziati. <\/p><div class=\"wp-block-image\"><figure class=\"aligncenter size-full is-resized\"><img loading=\"lazy\" decoding=\"async\" class=\"wp-image-82877\" src=\"https:\/\/exceladvisor.org\/wp-content\/uploads\/2023\/08\/8-plages-de-noms-en-surbrillance.png\" sizes=\"auto, \" srcset=\"\" alt=\"intervalli di nomi evidenziati\" width=\"472\" height=\"253\"><\/figure><\/div><h2 class=\"wp-block-heading\"> Trova l&#8217;intervallo di nomi dalla casella del nome<\/h2><p> Puoi anche trovare gli intervalli di nomi nella &#8220;casella dei nomi&#8221; in alto a sinistra del foglio di calcolo e per navigare fino alle celle pertinenti nell&#8217;intervallo di nomi, fai semplicemente clic su di esse. <\/p><div class=\"wp-block-image\"><figure class=\"aligncenter size-full is-resized\"><img loading=\"lazy\" decoding=\"async\" class=\"wp-image-82878\" src=\"https:\/\/exceladvisor.org\/wp-content\/uploads\/2023\/08\/boite-a-9-noms.png\" sizes=\"auto, \" srcset=\"\" alt=\"nome della casella\" width=\"223\" height=\"393\"><\/figure><\/div><div class=\"gb-container gb-container-4db6181c gb-container-mt\"> <a class=\"gb-button gb-button-c5897111 gb-button-text gb-button-mt-button\" href=\"https:\/\/exceladvisor.org\/it\/eccellere-in-anticipo\/\">Esercitazioni avanzate su Excel<\/a><h2 class=\"gb-headline gb-headline-665e5f6b gb-headline-text gb-headline-mt-heading\"> Tutorial correlati <\/h2><div class=\"gb-grid-wrapper gb-grid-wrapper-a20baf7c gb-grid-wrapper-mt-grid\"><div class=\"gb-grid-column gb-grid-column-65ddf67e\"><div class=\"gb-container gb-container-65ddf67e\"><ul><li> <a href=\"https:\/\/exceladvisor.org\/it\/strumento-di-analisi-rapida\/\">Strumento di analisi rapida in Excel<\/a><\/li><li> <a href=\"https:\/\/exceladvisor.org\/it\/applicare-piu-filtri\/\">Applica pi\u00f9 filtri alle colonne<\/a><\/li><li> <a href=\"https:\/\/exceladvisor.org\/it\/evidenziare-i-valori-superiori-inferiori\/\">Evidenzia i valori N superiori e inferiori in Excel<\/a><\/li><li> <a href=\"https:\/\/exceladvisor.org\/it\/casella-di-controllo\/\">Inserisci una casella di controllo in Excel<\/a><\/li><li> <a href=\"https:\/\/exceladvisor.org\/it\/unire-le-celle-senza-perdere-dati\/\">Unisci celle senza perdere dati in Excel<\/a><\/li><\/ul><\/div><\/div><\/div><\/div>","protected":false},"excerpt":{"rendered":"","protected":false},"author":1,"featured_media":0,"parent":0,"menu_order":0,"comment_status":"open","ping_status":"closed","template":"","meta":{"ub_ctt_via":"","footnotes":""},"class_list":["post-1924","page","type-page","status-publish","hentry"],"featured_image_src":null,"yoast_head":"<!-- This site is optimized with the Yoast SEO plugin v25.4 - https:\/\/yoast.com\/wordpress\/plugins\/seo\/ -->\n<title>Come trovare un intervallo di nomi in Excel?<\/title>\n<meta name=\"description\" content=\"Questa guida rapida ti aiuter\u00e0 a trovare un intervallo denominato in Excel. Ne discuteremo in passaggi facili da seguire.\" \/>\n<meta name=\"robots\" content=\"index, follow, max-snippet:-1, max-image-preview:large, max-video-preview:-1\" \/>\n<link rel=\"canonical\" href=\"https:\/\/exceladvisor.org\/it\/trova-lintervallo-di-nomi\/\" \/>\n<meta property=\"og:locale\" content=\"it_IT\" \/>\n<meta property=\"og:type\" content=\"article\" \/>\n<meta property=\"og:title\" content=\"Come trovare un intervallo di nomi in Excel?\" \/>\n<meta property=\"og:description\" content=\"Questa guida rapida ti aiuter\u00e0 a trovare un intervallo denominato in Excel. Ne discuteremo in passaggi facili da seguire.\" \/>\n<meta property=\"og:url\" content=\"https:\/\/exceladvisor.org\/it\/trova-lintervallo-di-nomi\/\" \/>\n<meta property=\"og:site_name\" content=\"Excel Advisor\" \/>\n<meta property=\"article:modified_time\" content=\"2023-12-10T06:26:06+00:00\" \/>\n<meta property=\"og:image\" content=\"https:\/\/exceladvisor.org\/wp-content\/uploads\/2023\/08\/1-icone-de-gestionnaire-de-noms.png\" \/>\n<meta name=\"twitter:card\" content=\"summary_large_image\" \/>\n<meta name=\"twitter:label1\" content=\"Tempo di lettura stimato\" \/>\n\t<meta name=\"twitter:data1\" content=\"3 minuti\" \/>\n<script type=\"application\/ld+json\" class=\"yoast-schema-graph\">{\"@context\":\"https:\/\/schema.org\",\"@graph\":[{\"@type\":\"WebPage\",\"@id\":\"https:\/\/exceladvisor.org\/it\/trova-lintervallo-di-nomi\/\",\"url\":\"https:\/\/exceladvisor.org\/it\/trova-lintervallo-di-nomi\/\",\"name\":\"Come trovare un intervallo di nomi in Excel?\",\"isPartOf\":{\"@id\":\"https:\/\/exceladvisor.org\/it\/#website\"},\"primaryImageOfPage\":{\"@id\":\"https:\/\/exceladvisor.org\/it\/trova-lintervallo-di-nomi\/#primaryimage\"},\"image\":{\"@id\":\"https:\/\/exceladvisor.org\/it\/trova-lintervallo-di-nomi\/#primaryimage\"},\"thumbnailUrl\":\"https:\/\/exceladvisor.org\/wp-content\/uploads\/2023\/08\/1-icone-de-gestionnaire-de-noms.png\",\"datePublished\":\"2023-10-27T23:44:57+00:00\",\"dateModified\":\"2023-12-10T06:26:06+00:00\",\"description\":\"Questa guida rapida ti aiuter\u00e0 a trovare un intervallo denominato in Excel. Ne discuteremo in passaggi facili da seguire.\",\"breadcrumb\":{\"@id\":\"https:\/\/exceladvisor.org\/it\/trova-lintervallo-di-nomi\/#breadcrumb\"},\"inLanguage\":\"it-IT\",\"potentialAction\":[{\"@type\":\"ReadAction\",\"target\":[\"https:\/\/exceladvisor.org\/it\/trova-lintervallo-di-nomi\/\"]}]},{\"@type\":\"ImageObject\",\"inLanguage\":\"it-IT\",\"@id\":\"https:\/\/exceladvisor.org\/it\/trova-lintervallo-di-nomi\/#primaryimage\",\"url\":\"https:\/\/exceladvisor.org\/wp-content\/uploads\/2023\/08\/1-icone-de-gestionnaire-de-noms.png\",\"contentUrl\":\"https:\/\/exceladvisor.org\/wp-content\/uploads\/2023\/08\/1-icone-de-gestionnaire-de-noms.png\"},{\"@type\":\"BreadcrumbList\",\"@id\":\"https:\/\/exceladvisor.org\/it\/trova-lintervallo-di-nomi\/#breadcrumb\",\"itemListElement\":[{\"@type\":\"ListItem\",\"position\":1,\"name\":\"Home\",\"item\":\"https:\/\/exceladvisor.org\/it\/\"},{\"@type\":\"ListItem\",\"position\":2,\"name\":\"Come trovare un intervallo di nomi in excel?\"}]},{\"@type\":\"WebSite\",\"@id\":\"https:\/\/exceladvisor.org\/it\/#website\",\"url\":\"https:\/\/exceladvisor.org\/it\/\",\"name\":\"Excel Advisor\",\"description\":\"Tips, Tricks, and Time-Saving Hacks\",\"publisher\":{\"@id\":\"https:\/\/exceladvisor.org\/it\/#organization\"},\"potentialAction\":[{\"@type\":\"SearchAction\",\"target\":{\"@type\":\"EntryPoint\",\"urlTemplate\":\"https:\/\/exceladvisor.org\/it\/?s={search_term_string}\"},\"query-input\":{\"@type\":\"PropertyValueSpecification\",\"valueRequired\":true,\"valueName\":\"search_term_string\"}}],\"inLanguage\":\"it-IT\"},{\"@type\":\"Organization\",\"@id\":\"https:\/\/exceladvisor.org\/it\/#organization\",\"name\":\"Excel Advisor\",\"url\":\"https:\/\/exceladvisor.org\/it\/\",\"logo\":{\"@type\":\"ImageObject\",\"inLanguage\":\"it-IT\",\"@id\":\"https:\/\/exceladvisor.org\/it\/#\/schema\/logo\/image\/\",\"url\":\"https:\/\/exceladvisor.org\/it\/wp-content\/uploads\/2023\/12\/exceladvisor.org_.png\",\"contentUrl\":\"https:\/\/exceladvisor.org\/it\/wp-content\/uploads\/2023\/12\/exceladvisor.org_.png\",\"width\":105,\"height\":36,\"caption\":\"Excel Advisor\"},\"image\":{\"@id\":\"https:\/\/exceladvisor.org\/it\/#\/schema\/logo\/image\/\"}}]}<\/script>\n<!-- \/ Yoast SEO plugin. -->","yoast_head_json":{"title":"Come trovare un intervallo di nomi in Excel?","description":"Questa guida rapida ti aiuter\u00e0 a trovare un intervallo denominato in Excel. Ne discuteremo in passaggi facili da seguire.","robots":{"index":"index","follow":"follow","max-snippet":"max-snippet:-1","max-image-preview":"max-image-preview:large","max-video-preview":"max-video-preview:-1"},"canonical":"https:\/\/exceladvisor.org\/it\/trova-lintervallo-di-nomi\/","og_locale":"it_IT","og_type":"article","og_title":"Come trovare un intervallo di nomi in Excel?","og_description":"Questa guida rapida ti aiuter\u00e0 a trovare un intervallo denominato in Excel. Ne discuteremo in passaggi facili da seguire.","og_url":"https:\/\/exceladvisor.org\/it\/trova-lintervallo-di-nomi\/","og_site_name":"Excel Advisor","article_modified_time":"2023-12-10T06:26:06+00:00","og_image":[{"url":"https:\/\/exceladvisor.org\/wp-content\/uploads\/2023\/08\/1-icone-de-gestionnaire-de-noms.png","type":"","width":"","height":""}],"twitter_card":"summary_large_image","twitter_misc":{"Tempo di lettura stimato":"3 minuti"},"schema":{"@context":"https:\/\/schema.org","@graph":[{"@type":"WebPage","@id":"https:\/\/exceladvisor.org\/it\/trova-lintervallo-di-nomi\/","url":"https:\/\/exceladvisor.org\/it\/trova-lintervallo-di-nomi\/","name":"Come trovare un intervallo di nomi in Excel?","isPartOf":{"@id":"https:\/\/exceladvisor.org\/it\/#website"},"primaryImageOfPage":{"@id":"https:\/\/exceladvisor.org\/it\/trova-lintervallo-di-nomi\/#primaryimage"},"image":{"@id":"https:\/\/exceladvisor.org\/it\/trova-lintervallo-di-nomi\/#primaryimage"},"thumbnailUrl":"https:\/\/exceladvisor.org\/wp-content\/uploads\/2023\/08\/1-icone-de-gestionnaire-de-noms.png","datePublished":"2023-10-27T23:44:57+00:00","dateModified":"2023-12-10T06:26:06+00:00","description":"Questa guida rapida ti aiuter\u00e0 a trovare un intervallo denominato in Excel. Ne discuteremo in passaggi facili da seguire.","breadcrumb":{"@id":"https:\/\/exceladvisor.org\/it\/trova-lintervallo-di-nomi\/#breadcrumb"},"inLanguage":"it-IT","potentialAction":[{"@type":"ReadAction","target":["https:\/\/exceladvisor.org\/it\/trova-lintervallo-di-nomi\/"]}]},{"@type":"ImageObject","inLanguage":"it-IT","@id":"https:\/\/exceladvisor.org\/it\/trova-lintervallo-di-nomi\/#primaryimage","url":"https:\/\/exceladvisor.org\/wp-content\/uploads\/2023\/08\/1-icone-de-gestionnaire-de-noms.png","contentUrl":"https:\/\/exceladvisor.org\/wp-content\/uploads\/2023\/08\/1-icone-de-gestionnaire-de-noms.png"},{"@type":"BreadcrumbList","@id":"https:\/\/exceladvisor.org\/it\/trova-lintervallo-di-nomi\/#breadcrumb","itemListElement":[{"@type":"ListItem","position":1,"name":"Home","item":"https:\/\/exceladvisor.org\/it\/"},{"@type":"ListItem","position":2,"name":"Come trovare un intervallo di nomi in excel?"}]},{"@type":"WebSite","@id":"https:\/\/exceladvisor.org\/it\/#website","url":"https:\/\/exceladvisor.org\/it\/","name":"Excel Advisor","description":"Tips, Tricks, and Time-Saving Hacks","publisher":{"@id":"https:\/\/exceladvisor.org\/it\/#organization"},"potentialAction":[{"@type":"SearchAction","target":{"@type":"EntryPoint","urlTemplate":"https:\/\/exceladvisor.org\/it\/?s={search_term_string}"},"query-input":{"@type":"PropertyValueSpecification","valueRequired":true,"valueName":"search_term_string"}}],"inLanguage":"it-IT"},{"@type":"Organization","@id":"https:\/\/exceladvisor.org\/it\/#organization","name":"Excel Advisor","url":"https:\/\/exceladvisor.org\/it\/","logo":{"@type":"ImageObject","inLanguage":"it-IT","@id":"https:\/\/exceladvisor.org\/it\/#\/schema\/logo\/image\/","url":"https:\/\/exceladvisor.org\/it\/wp-content\/uploads\/2023\/12\/exceladvisor.org_.png","contentUrl":"https:\/\/exceladvisor.org\/it\/wp-content\/uploads\/2023\/12\/exceladvisor.org_.png","width":105,"height":36,"caption":"Excel Advisor"},"image":{"@id":"https:\/\/exceladvisor.org\/it\/#\/schema\/logo\/image\/"}}]}},"yoast_meta":{"yoast_wpseo_title":"","yoast_wpseo_metadesc":"","yoast_wpseo_canonical":""},"_links":{"self":[{"href":"https:\/\/exceladvisor.org\/it\/wp-json\/wp\/v2\/pages\/1924","targetHints":{"allow":["GET"]}}],"collection":[{"href":"https:\/\/exceladvisor.org\/it\/wp-json\/wp\/v2\/pages"}],"about":[{"href":"https:\/\/exceladvisor.org\/it\/wp-json\/wp\/v2\/types\/page"}],"author":[{"embeddable":true,"href":"https:\/\/exceladvisor.org\/it\/wp-json\/wp\/v2\/users\/1"}],"replies":[{"embeddable":true,"href":"https:\/\/exceladvisor.org\/it\/wp-json\/wp\/v2\/comments?post=1924"}],"version-history":[{"count":1,"href":"https:\/\/exceladvisor.org\/it\/wp-json\/wp\/v2\/pages\/1924\/revisions"}],"predecessor-version":[{"id":2752,"href":"https:\/\/exceladvisor.org\/it\/wp-json\/wp\/v2\/pages\/1924\/revisions\/2752"}],"wp:attachment":[{"href":"https:\/\/exceladvisor.org\/it\/wp-json\/wp\/v2\/media?parent=1924"}],"curies":[{"name":"wp","href":"https:\/\/api.w.org\/{rel}","templated":true}]}}