{"id":1925,"date":"2023-10-27T23:22:27","date_gmt":"2023-10-27T23:22:27","guid":{"rendered":"https:\/\/exceladvisor.org\/it\/sola-lettura\/"},"modified":"2023-12-10T06:25:02","modified_gmt":"2023-12-10T06:25:02","slug":"sola-lettura","status":"publish","type":"page","link":"https:\/\/exceladvisor.org\/it\/sola-lettura\/","title":{"rendered":"Come rendere di sola lettura in excel?"},"content":{"rendered":"<div class=\"excel-prima-del-contenuto\" id=\"excel-196706491\"><script type=\"text\/javascript\">\r\n\tatOptions = {\r\n\t\t'key' : 'c1158f160081d6540a8409e6925dab94',\r\n\t\t'format' : 'iframe',\r\n\t\t'height' : 250,\r\n\t\t'width' : 300,\r\n\t\t'params' : {}\r\n\t};\r\n<\/script>\r\n<script type=\"text\/javascript\" src=\"\/\/www.highperformanceformat.com\/c1158f160081d6540a8409e6925dab94\/invoke.js\"><\/script><\/div> <p>A volte gli utenti desiderano impostare la modalit\u00e0 predefinita della cartella di lavoro su sola lettura per impedire agli utenti di modificare accidentalmente o intenzionalmente qualsiasi cosa nei dati.<\/p><p> Gli utenti solitamente preparano la modalit\u00e0 cartella di lavoro solo quando i dati contengono troppe formule o calcoli e non vogliono rovinare tutto.<\/p><p> In questo tutorial, ti mostreremo diversi modi per preparare solo la modalit\u00e0 predefinita della cartella di lavoro di Excel e potrai sceglierne uno in base alle tue preferenze.<\/p><h2 id=\"h-make-workbook-ready-only-using-save-as\" class=\"wp-block-heading\"> Prepara la cartella di lavoro solo utilizzando Salva con nome<\/h2><ol><li> Innanzitutto, vai alla scheda &#8220;File&#8221; e quindi fai clic su &#8220;Salva con nome&#8221; per salvare la cartella di lavoro in modalit\u00e0 di sola lettura. <br><img loading=\"lazy\" decoding=\"async\" title=\"1-opzione salva-come\" src=\"https:\/\/exceladvisor.org\/wp-content\/uploads\/2023\/08\/1-enregistrer-en-tant-quoption.png\" sizes=\"auto, \" srcset=\"\" alt=\"save-as-option\" width=\"130\" height=\"367\"><\/li><li> Successivamente, scegli la posizione in cui salvarlo, quindi fai clic sul pulsante &#8220;Strumenti&#8221;, quindi scegli &#8220;Opzioni generali&#8221; dal menu a discesa. <br><img loading=\"lazy\" decoding=\"async\" title=\"2-scegli-opzioni-generali\" src=\"https:\/\/exceladvisor.org\/wp-content\/uploads\/2023\/08\/2-choisir-les-options-generales.png\" sizes=\"auto, \" srcset=\"\" alt=\"choose-general-options\" width=\"674\" height=\"251\"><br><br><\/li><li> Ora, imposta la password nel campo \u201cPassword da cambiare\u201d, quindi seleziona l\u2019opzione \u201cSola lettura consigliata\u201d e fai clic su OK. <br><img loading=\"lazy\" decoding=\"async\" title=\"3-inserire-la-password-da-modificare\" src=\"https:\/\/exceladvisor.org\/wp-content\/uploads\/2023\/08\/3-entrez-le-mot-de-passe-pour-modifier.png\" sizes=\"auto, \" srcset=\"\" alt=\"enter-password-to-modify\" width=\"305\" height=\"206\"><\/li><li> Lascia vuoto il campo &#8220;Password da modificare&#8221; se non vuoi impostare una password e vuoi solo consigliare agli utenti di aprire il file in modalit\u00e0 di sola lettura. <br><img loading=\"lazy\" decoding=\"async\" title=\"4-segno di spunta-sola lettura-consigliato\" src=\"https:\/\/exceladvisor.org\/wp-content\/uploads\/2023\/08\/4-coches-lecture-seule-recommandee.png\" sizes=\"auto, \" srcset=\"\" alt=\"tickmark-read-only-recommended\" width=\"305\" height=\"209\"><\/li><li> Una volta terminato, insieme alla password, gli utenti riceveranno la finestra di messaggio per inserire la password se desiderano aprire in modalit\u00e0 di modifica o fare clic su &#8220;Sola lettura&#8221; per aprire in modalit\u00e0 di sola visualizzazione. <br><img loading=\"lazy\" decoding=\"async\" title=\"Sono necessarie 5 password per aprire in modalit\u00e0 di modifica\" src=\"https:\/\/exceladvisor.org\/wp-content\/uploads\/2023\/08\/5-mot-de-passe-requis-pour-ouvrir-en-mode-edition.png\" sizes=\"auto, \" srcset=\"\" alt=\"password-required-to-open-in-edit-mode\" width=\"332\" height=\"173\"><\/li><\/ol><h2 id=\"h-make-workbook-ready-only-using-info-option\" class=\"wp-block-heading\"> Prepara la cartella di lavoro solo utilizzando l&#8217;opzione informazioni<\/h2><ol><li> Innanzitutto, vai alla scheda \u201cFile\u201d. <br><img loading=\"lazy\" decoding=\"async\" title=\"scheda 6-vai al file\" src=\"https:\/\/exceladvisor.org\/wp-content\/uploads\/2023\/08\/6-aller-a-longlet-fichier.png\" sizes=\"auto, \" srcset=\"\" alt=\"go-to-file-tab\" width=\"329\" height=\"179\"><\/li><li> Successivamente, fai clic sull&#8217;opzione &#8220;Informazioni&#8221;, quindi fai clic su &#8220;Proteggi cartella di lavoro&#8221;, quindi scegli l&#8217;opzione &#8220;Apri sempre in sola lettura&#8221;. <br><img loading=\"lazy\" decoding=\"async\" title=\"7-scegli-sempre-aperto-sola lettura\" src=\"https:\/\/exceladvisor.org\/wp-content\/uploads\/2023\/08\/7-choisissez-toujours-ouvert-en-lecture-seule.png\" sizes=\"auto, \" srcset=\"\" alt=\"choose-always-open-read-only\" width=\"540\" height=\"381\"><\/li><li> Ora la modalit\u00e0 predefinita della cartella di lavoro \u00e8 cambiata in sola lettura e chiunque apra questo file ricever\u00e0 il messaggio che chiede &#8220;Apri il file in modalit\u00e0 Solo pronto come richiesto dall&#8217;autore o in modalit\u00e0 modificabile all&#8217;apertura della cartella di lavoro.<\/li><li> Fai clic su &#8220;S\u00ec&#8221; e si aprir\u00e0 in modalit\u00e0 di sola lettura, altrimenti fai clic su &#8220;No&#8221; se desideri aprirlo in modalit\u00e0 modificabile. <br><img loading=\"lazy\" decoding=\"async\" title=\"8-scegli-s\u00ec-per-aprire-in-modalit\u00e0-sola-lettura\" src=\"https:\/\/exceladvisor.org\/wp-content\/uploads\/2023\/08\/8-choisissez-oui-pour-ouvrir-en-mode-lecture-seule.png\" sizes=\"auto, \" srcset=\"\" alt=\"choose-yes-to-open-in-read-only-mode\" width=\"664\" height=\"118\"><\/li><\/ol><h2 id=\"h-make-workbook-to-ready-only-mode-using-toggle-read-only\" class=\"wp-block-heading\"> Metti la cartella di lavoro in modalit\u00e0 pronta solo utilizzando l&#8217;interruttore di sola lettura<\/h2><p> Passa a sola lettura \u00e8 il modo migliore e pi\u00f9 veloce per passare la cartella di lavoro alla modalit\u00e0 di sola lettura e alla modalit\u00e0 modificabile in qualsiasi momento senza creare una copia della cartella di lavoro.<\/p><ol><li> Innanzitutto, fai clic sul segno &#8220;Freccia&#8221; nella &#8220;Barra degli strumenti di accesso rapido&#8221; e scegli &#8220;Altri comandi&#8221; dal menu a discesa. <br><img loading=\"lazy\" decoding=\"async\" title=\"Opzione per altri 9 ordini\" src=\"https:\/\/exceladvisor.org\/wp-content\/uploads\/2023\/08\/9-options-de-commandes-supplementaires.png\" sizes=\"auto, \" srcset=\"\" alt=\"more-commands-option\" width=\"281\" height=\"389\"><\/li><li> Successivamente, seleziona l&#8217;opzione &#8220;Comandi non nella barra multifunzione&#8221; nel campo &#8220;Scegli comandi da&#8221;.<\/li><li> Ora scorri verso il basso e fai clic sull&#8217;opzione \u201cPassa a sola lettura\u201d, quindi fai clic su \u201cAggiungi\u201d per aggiungerlo alla \u201cBarra degli strumenti di accesso rapido\u201d.<\/li><li> Al termine, fare clic su OK. <br><img loading=\"lazy\" decoding=\"async\" title=\"10-aggiungi-attiva\/disattiva-sola-lettura-nella-barra degli strumenti\" src=\"https:\/\/exceladvisor.org\/wp-content\/uploads\/2023\/08\/10-ajouter-une-bascule-en-lecture-seule-dans-la-barre-doutils.png\" sizes=\"auto, \" srcset=\"\" alt=\"add-toggle-read-only-in-toolbar\" width=\"664\" height=\"547\"><\/li><li> A questo punto, il pulsante &#8220;Attiva\/disattiva sola lettura&#8221; \u00e8 stato aggiunto alla &#8220;Barra degli strumenti di accesso rapido&#8221;.<\/li><li> Ora, per abilitare la modalit\u00e0 di sola lettura, fai clic sul pulsante \u201cPassa a sola lettura\u201d e la modalit\u00e0 cartella di lavoro verr\u00e0 modificata in modalit\u00e0 di sola lettura.<\/li><li> Per riattivare la modalit\u00e0 modificabile, fare nuovamente clic sul pulsante \u201cPassa a sola lettura\u201d. <br><img loading=\"lazy\" decoding=\"async\" title=\"11 pulsanti di attivazione\/disattivazione di sola lettura\" src=\"https:\/\/exceladvisor.org\/wp-content\/uploads\/2023\/08\/11-basculer-le-bouton-de-lecture-seule.png\" sizes=\"auto, \" srcset=\"\" alt=\"toggle-read-only-button\" width=\"326\" height=\"172\"><\/li><\/ol><p class=\"qt-tip\"> <strong>Nota:<\/strong> se non hai salvato la cartella di lavoro, Excel ti chieder\u00e0 di salvare tutte le modifiche gi\u00e0 apportate prima di abilitare la modalit\u00e0 di sola lettura. <\/p><div class=\"wp-block-image\"><figure class=\"aligncenter size-full is-resized\"><img loading=\"lazy\" decoding=\"async\" class=\"wp-image-84807\" src=\"https:\/\/exceladvisor.org\/wp-content\/uploads\/2023\/08\/12-enregistrer-les-modifications.png\" sizes=\"auto, \" srcset=\"\" alt=\"Salvare le modifiche\" width=\"390\" height=\"133\"><\/figure><\/div><h2 id=\"h-remove-read-only-mode-of-the-file\" class=\"wp-block-heading\"> Rimuovi la modalit\u00e0 di sola lettura dal file<\/h2><p> Per rimuovere la modalit\u00e0 di sola lettura dalla cartella di lavoro e renderla nuovamente modificabile, \u00e8 necessario creare una nuova copia della cartella di lavoro utilizzando &#8220;Salva con nome&#8221; e durante il salvataggio della nuova copia \u00e8 necessario deselezionare la voce &#8220;Sola lettura consigliata&#8221; della cartella di lavoro. \u00bb Finestra di dialogo Opzioni generali. <\/p><div class=\"wp-block-image\"><figure class=\"aligncenter size-full is-resized\"><img loading=\"lazy\" decoding=\"async\" class=\"wp-image-84808\" src=\"https:\/\/exceladvisor.org\/wp-content\/uploads\/2023\/08\/13-supprimer-le-mode-lecture-seule.png\" sizes=\"auto, \" srcset=\"\" alt=\"rimuovere la modalit\u00e0 di sola lettura\" width=\"658\" height=\"346\"><\/figure><\/div><div class=\"gb-container gb-container-4db6181c gb-container-mt\"> <a class=\"gb-button gb-button-c5897111 gb-button-text gb-button-mt-button\" href=\"https:\/\/exceladvisor.org\/it\/eccellere-in-anticipo\/\">Esercitazioni avanzate su Excel<\/a><h2 class=\"gb-headline gb-headline-665e5f6b gb-headline-text gb-headline-mt-heading\"> Tutorial correlati <\/h2><div class=\"gb-grid-wrapper gb-grid-wrapper-a20baf7c gb-grid-wrapper-mt-grid\"><div class=\"gb-grid-column gb-grid-column-65ddf67e\"><div class=\"gb-container gb-container-65ddf67e\"><ul><li> <a href=\"https:\/\/exceladvisor.org\/it\/strumento-fotocamera\/\">Strumento Fotocamera di Excel<\/a><\/li><li> <a href=\"https:\/\/exceladvisor.org\/it\/finestra-di-guardia\/\">Finestra di controllo in Excel<\/a><\/li><li> <a href=\"https:\/\/exceladvisor.org\/it\/affettatrice-excel\/\">Affettatrice di Excel (guida completa)<\/a><\/li><li> <a href=\"https:\/\/exceladvisor.org\/it\/excel-per-impostazione-predefinita-su-mac\/\">Rendi Excel predefinito su Mac<\/a><\/li><\/ul><\/div><\/div><\/div><\/div>","protected":false},"excerpt":{"rendered":"","protected":false},"author":1,"featured_media":0,"parent":0,"menu_order":0,"comment_status":"open","ping_status":"closed","template":"","meta":{"ub_ctt_via":"","footnotes":""},"class_list":["post-1925","page","type-page","status-publish","hentry"],"featured_image_src":null,"yoast_head":"<!-- This site is optimized with the Yoast SEO plugin v25.4 - https:\/\/yoast.com\/wordpress\/plugins\/seo\/ -->\n<title>3 modi per creare file di sola lettura in Excel<\/title>\n<meta name=\"robots\" content=\"index, follow, max-snippet:-1, max-image-preview:large, max-video-preview:-1\" \/>\n<link rel=\"canonical\" href=\"https:\/\/exceladvisor.org\/it\/sola-lettura\/\" \/>\n<meta property=\"og:locale\" content=\"it_IT\" \/>\n<meta property=\"og:type\" content=\"article\" \/>\n<meta property=\"og:title\" content=\"3 modi per creare file di sola lettura in Excel\" \/>\n<meta property=\"og:url\" content=\"https:\/\/exceladvisor.org\/it\/sola-lettura\/\" \/>\n<meta property=\"og:site_name\" content=\"Excel Advisor\" \/>\n<meta property=\"article:modified_time\" content=\"2023-12-10T06:25:02+00:00\" \/>\n<meta property=\"og:image\" content=\"https:\/\/exceladvisor.org\/wp-content\/uploads\/2023\/08\/1-enregistrer-en-tant-quoption.png\" \/>\n<meta name=\"twitter:card\" content=\"summary_large_image\" \/>\n<meta name=\"twitter:label1\" content=\"Tempo di lettura stimato\" \/>\n\t<meta name=\"twitter:data1\" content=\"3 minuti\" \/>\n<script type=\"application\/ld+json\" class=\"yoast-schema-graph\">{\"@context\":\"https:\/\/schema.org\",\"@graph\":[{\"@type\":\"WebPage\",\"@id\":\"https:\/\/exceladvisor.org\/it\/sola-lettura\/\",\"url\":\"https:\/\/exceladvisor.org\/it\/sola-lettura\/\",\"name\":\"3 modi per creare file di sola lettura in Excel\",\"isPartOf\":{\"@id\":\"https:\/\/exceladvisor.org\/it\/#website\"},\"primaryImageOfPage\":{\"@id\":\"https:\/\/exceladvisor.org\/it\/sola-lettura\/#primaryimage\"},\"image\":{\"@id\":\"https:\/\/exceladvisor.org\/it\/sola-lettura\/#primaryimage\"},\"thumbnailUrl\":\"https:\/\/exceladvisor.org\/wp-content\/uploads\/2023\/08\/1-enregistrer-en-tant-quoption.png\",\"datePublished\":\"2023-10-27T23:22:27+00:00\",\"dateModified\":\"2023-12-10T06:25:02+00:00\",\"breadcrumb\":{\"@id\":\"https:\/\/exceladvisor.org\/it\/sola-lettura\/#breadcrumb\"},\"inLanguage\":\"it-IT\",\"potentialAction\":[{\"@type\":\"ReadAction\",\"target\":[\"https:\/\/exceladvisor.org\/it\/sola-lettura\/\"]}]},{\"@type\":\"ImageObject\",\"inLanguage\":\"it-IT\",\"@id\":\"https:\/\/exceladvisor.org\/it\/sola-lettura\/#primaryimage\",\"url\":\"https:\/\/exceladvisor.org\/wp-content\/uploads\/2023\/08\/1-enregistrer-en-tant-quoption.png\",\"contentUrl\":\"https:\/\/exceladvisor.org\/wp-content\/uploads\/2023\/08\/1-enregistrer-en-tant-quoption.png\"},{\"@type\":\"BreadcrumbList\",\"@id\":\"https:\/\/exceladvisor.org\/it\/sola-lettura\/#breadcrumb\",\"itemListElement\":[{\"@type\":\"ListItem\",\"position\":1,\"name\":\"Home\",\"item\":\"https:\/\/exceladvisor.org\/it\/\"},{\"@type\":\"ListItem\",\"position\":2,\"name\":\"Come rendere di sola lettura in excel?\"}]},{\"@type\":\"WebSite\",\"@id\":\"https:\/\/exceladvisor.org\/it\/#website\",\"url\":\"https:\/\/exceladvisor.org\/it\/\",\"name\":\"Excel Advisor\",\"description\":\"Tips, Tricks, and Time-Saving Hacks\",\"publisher\":{\"@id\":\"https:\/\/exceladvisor.org\/it\/#organization\"},\"potentialAction\":[{\"@type\":\"SearchAction\",\"target\":{\"@type\":\"EntryPoint\",\"urlTemplate\":\"https:\/\/exceladvisor.org\/it\/?s={search_term_string}\"},\"query-input\":{\"@type\":\"PropertyValueSpecification\",\"valueRequired\":true,\"valueName\":\"search_term_string\"}}],\"inLanguage\":\"it-IT\"},{\"@type\":\"Organization\",\"@id\":\"https:\/\/exceladvisor.org\/it\/#organization\",\"name\":\"Excel Advisor\",\"url\":\"https:\/\/exceladvisor.org\/it\/\",\"logo\":{\"@type\":\"ImageObject\",\"inLanguage\":\"it-IT\",\"@id\":\"https:\/\/exceladvisor.org\/it\/#\/schema\/logo\/image\/\",\"url\":\"https:\/\/exceladvisor.org\/it\/wp-content\/uploads\/2023\/12\/exceladvisor.org_.png\",\"contentUrl\":\"https:\/\/exceladvisor.org\/it\/wp-content\/uploads\/2023\/12\/exceladvisor.org_.png\",\"width\":105,\"height\":36,\"caption\":\"Excel Advisor\"},\"image\":{\"@id\":\"https:\/\/exceladvisor.org\/it\/#\/schema\/logo\/image\/\"}}]}<\/script>\n<!-- \/ Yoast SEO plugin. -->","yoast_head_json":{"title":"3 modi per creare file di sola lettura in Excel","robots":{"index":"index","follow":"follow","max-snippet":"max-snippet:-1","max-image-preview":"max-image-preview:large","max-video-preview":"max-video-preview:-1"},"canonical":"https:\/\/exceladvisor.org\/it\/sola-lettura\/","og_locale":"it_IT","og_type":"article","og_title":"3 modi per creare file di sola lettura in Excel","og_url":"https:\/\/exceladvisor.org\/it\/sola-lettura\/","og_site_name":"Excel Advisor","article_modified_time":"2023-12-10T06:25:02+00:00","og_image":[{"url":"https:\/\/exceladvisor.org\/wp-content\/uploads\/2023\/08\/1-enregistrer-en-tant-quoption.png","type":"","width":"","height":""}],"twitter_card":"summary_large_image","twitter_misc":{"Tempo di lettura stimato":"3 minuti"},"schema":{"@context":"https:\/\/schema.org","@graph":[{"@type":"WebPage","@id":"https:\/\/exceladvisor.org\/it\/sola-lettura\/","url":"https:\/\/exceladvisor.org\/it\/sola-lettura\/","name":"3 modi per creare file di sola lettura in Excel","isPartOf":{"@id":"https:\/\/exceladvisor.org\/it\/#website"},"primaryImageOfPage":{"@id":"https:\/\/exceladvisor.org\/it\/sola-lettura\/#primaryimage"},"image":{"@id":"https:\/\/exceladvisor.org\/it\/sola-lettura\/#primaryimage"},"thumbnailUrl":"https:\/\/exceladvisor.org\/wp-content\/uploads\/2023\/08\/1-enregistrer-en-tant-quoption.png","datePublished":"2023-10-27T23:22:27+00:00","dateModified":"2023-12-10T06:25:02+00:00","breadcrumb":{"@id":"https:\/\/exceladvisor.org\/it\/sola-lettura\/#breadcrumb"},"inLanguage":"it-IT","potentialAction":[{"@type":"ReadAction","target":["https:\/\/exceladvisor.org\/it\/sola-lettura\/"]}]},{"@type":"ImageObject","inLanguage":"it-IT","@id":"https:\/\/exceladvisor.org\/it\/sola-lettura\/#primaryimage","url":"https:\/\/exceladvisor.org\/wp-content\/uploads\/2023\/08\/1-enregistrer-en-tant-quoption.png","contentUrl":"https:\/\/exceladvisor.org\/wp-content\/uploads\/2023\/08\/1-enregistrer-en-tant-quoption.png"},{"@type":"BreadcrumbList","@id":"https:\/\/exceladvisor.org\/it\/sola-lettura\/#breadcrumb","itemListElement":[{"@type":"ListItem","position":1,"name":"Home","item":"https:\/\/exceladvisor.org\/it\/"},{"@type":"ListItem","position":2,"name":"Come rendere di sola lettura in excel?"}]},{"@type":"WebSite","@id":"https:\/\/exceladvisor.org\/it\/#website","url":"https:\/\/exceladvisor.org\/it\/","name":"Excel Advisor","description":"Tips, Tricks, and Time-Saving Hacks","publisher":{"@id":"https:\/\/exceladvisor.org\/it\/#organization"},"potentialAction":[{"@type":"SearchAction","target":{"@type":"EntryPoint","urlTemplate":"https:\/\/exceladvisor.org\/it\/?s={search_term_string}"},"query-input":{"@type":"PropertyValueSpecification","valueRequired":true,"valueName":"search_term_string"}}],"inLanguage":"it-IT"},{"@type":"Organization","@id":"https:\/\/exceladvisor.org\/it\/#organization","name":"Excel Advisor","url":"https:\/\/exceladvisor.org\/it\/","logo":{"@type":"ImageObject","inLanguage":"it-IT","@id":"https:\/\/exceladvisor.org\/it\/#\/schema\/logo\/image\/","url":"https:\/\/exceladvisor.org\/it\/wp-content\/uploads\/2023\/12\/exceladvisor.org_.png","contentUrl":"https:\/\/exceladvisor.org\/it\/wp-content\/uploads\/2023\/12\/exceladvisor.org_.png","width":105,"height":36,"caption":"Excel Advisor"},"image":{"@id":"https:\/\/exceladvisor.org\/it\/#\/schema\/logo\/image\/"}}]}},"yoast_meta":{"yoast_wpseo_title":"","yoast_wpseo_metadesc":"","yoast_wpseo_canonical":""},"_links":{"self":[{"href":"https:\/\/exceladvisor.org\/it\/wp-json\/wp\/v2\/pages\/1925","targetHints":{"allow":["GET"]}}],"collection":[{"href":"https:\/\/exceladvisor.org\/it\/wp-json\/wp\/v2\/pages"}],"about":[{"href":"https:\/\/exceladvisor.org\/it\/wp-json\/wp\/v2\/types\/page"}],"author":[{"embeddable":true,"href":"https:\/\/exceladvisor.org\/it\/wp-json\/wp\/v2\/users\/1"}],"replies":[{"embeddable":true,"href":"https:\/\/exceladvisor.org\/it\/wp-json\/wp\/v2\/comments?post=1925"}],"version-history":[{"count":1,"href":"https:\/\/exceladvisor.org\/it\/wp-json\/wp\/v2\/pages\/1925\/revisions"}],"predecessor-version":[{"id":2625,"href":"https:\/\/exceladvisor.org\/it\/wp-json\/wp\/v2\/pages\/1925\/revisions\/2625"}],"wp:attachment":[{"href":"https:\/\/exceladvisor.org\/it\/wp-json\/wp\/v2\/media?parent=1925"}],"curies":[{"name":"wp","href":"https:\/\/api.w.org\/{rel}","templated":true}]}}