{"id":1930,"date":"2023-10-27T17:17:39","date_gmt":"2023-10-27T17:17:39","guid":{"rendered":"https:\/\/exceladvisor.org\/it\/grafica-avanzata\/"},"modified":"2023-12-10T06:28:04","modified_gmt":"2023-12-10T06:28:04","slug":"grafica-avanzata","status":"publish","type":"page","link":"https:\/\/exceladvisor.org\/it\/grafica-avanzata\/","title":{"rendered":"Le 10 migliori tabelle e grafici excel avanzati"},"content":{"rendered":"<div class=\"excel-prima-del-contenuto\" id=\"excel-3209720750\"><script type=\"text\/javascript\">\r\n\tatOptions = {\r\n\t\t'key' : 'c1158f160081d6540a8409e6925dab94',\r\n\t\t'format' : 'iframe',\r\n\t\t'height' : 250,\r\n\t\t'width' : 300,\r\n\t\t'params' : {}\r\n\t};\r\n<\/script>\r\n<script type=\"text\/javascript\" src=\"\/\/www.highperformanceformat.com\/c1158f160081d6540a8409e6925dab94\/invoke.js\"><\/script><\/div> <p class=\"has-text-align-left\">I grafici sono una delle parti pi\u00f9 importanti di Microsoft Excel. Questo ci aiuta a presentare i nostri dati in modo comprensibile. In Excel abbiamo diversi tipi di tabelle e grafici per presentare i nostri dati in modi diversi.<\/p><p> Anche ci sono molti grafici e diagrammi avanzati che possiamo creare in Excel apportando piccole modifiche ai grafici predefiniti. La cattiva notizia \u00e8 che la maggior parte degli utenti di Excel non esplora molto le tecniche di creazione di grafici. Ma puoi imparare a creare tutta questa grafica con un piccolo sforzo in pi\u00f9.<\/p><p> Il vantaggio di utilizzare i grafici avanzati in Excel \u00e8 che si concentrano su un tipo specifico di dati e lo rendono pi\u00f9 comprensibile. Oggi in questo articolo ho un elenco delle 10 migliori tabelle e grafici Excel avanzati solo per te.<\/p><p> E questi grafici possono aiutarti a diventare un esperto di grafici e puoi diventare un sensazionale grafico nel tuo ufficio da un giorno all&#8217;altro ed \u00e8 per questo che fa parte del nostro elenco <a style=\"outline: none;\" href=\"https:\/\/exceladvisor.org\/it\/eccellere-nelle-competenze\/\">di competenze avanzate di Excel<\/a> .<\/p><p class=\"qt-tip\"> <strong>Nota:<\/strong> per ogni grafico \u00e8 presente un tutorial dettagliato passo passo che puoi vedere e imparare come crearlo. Puoi anche scaricare tutti i modelli <strong><a style=\"outline: none;\" href=\"https:\/\/exceladvisor.org\/wp-content\/uploads\/2023\/11\/graphiques-excel-avances.zip\" rel=\"nofollow\" data-wpel-link=\"internal\">da qui per saperne di pi\u00f9<\/a><\/strong> .<\/p><h2 class=\"wp-block-heading\"> Che cos&#8217;\u00e8 una tabella o un grafico Excel avanzato?<\/h2><p> Un grafico o grafico Excel avanzato \u00e8 un grafico che ha un uso specifico o presenta i dati in un modo specifico per un uso. In Excel \u00e8 possibile creare un grafico avanzato utilizzando i grafici base gi\u00e0 presenti in Excel, pu\u00f2 essere creato da zero oppure utilizzando modelli e componenti aggiuntivi predefiniti.<\/p><h2 class=\"wp-block-heading\"> 10 tabelle e grafici Excel avanzati<\/h2><p> Di seguito \u00e8 riportato un elenco delle principali tabelle e grafici avanzati trattati in questa guida.<\/p><h3 class=\"wp-block-heading\"> 1. <a style=\"outline: none;\" href=\"https:\/\/exceladvisor.org\/it\/tabella-dei-passaggi\/\" data-wpel-link=\"internal\">Tabella dei passaggi<\/a><\/h3><p id=\"tab-con-14\"> Un grafico a passi \u00e8 una versione estesa di un grafico a linee. \u00c8 perfetto da utilizzare quando si desidera visualizzare le modifiche avvenute a intervalli irregolari. A differenza del grafico a linee, non collega i punti dati utilizzando una linea a breve distanza. Utilizza linee verticali e orizzontali per collegare i punti dati. <\/p><div class=\"wp-block-image\"><figure class=\"aligncenter\"><img decoding=\"async\" src=\"https:\/\/exceladvisor.org\/wp-content\/uploads\/2023\/08\/graphiques-excel-avances-etape-min-2.png\" sizes=\"\" srcset=\"\" alt=\"\"><\/figure><\/div><h4 id=\"tab-con-0\" class=\"wp-block-heading\"> <span style=\"font-weight: normal;\">Vantaggi del grafico a passi<\/span><\/h4><ol><li> Questo aiuta a mostrare l&#8217;ora esatta del cambiamento.<\/li><li> Fornisce l&#8217;andamento effettivo dei dati durante il periodo.<\/li><li> In un grafico a linee non \u00e8 possibile visualizzare il periodo costante, ma nel grafico a passi \u00e8 possibile visualizzarlo.<\/li><li> Mostra il numero effettivo di modifiche avvenute durante un periodo.<\/li><\/ol><h3 class=\"wp-block-heading\"> 2. <a style=\"outline: none;\" href=\"https:\/\/exceladvisor.org\/it\/grafico-delle-tappe-fondamentali\/\" data-wpel-link=\"internal\">Tabella dei passaggi<\/a><\/h3><p> Un grafico cardine \u00e8 noto anche come grafico temporale. \u00c8 uno dei grafici preferiti dai project manager e li aiuta a monitorare semplicemente lo stato di avanzamento del loro progetto. \u00c8 come un momento in cui ogni fase del progetto viene catturata con la data di completamento.<\/p><blockquote class=\"wp-block-quote\"><p> <span style=\"font-family: Georgia,serif;\">Le pietre miliari sono strumenti utilizzati nella gestione dei progetti per contrassegnare punti specifici lungo la pianificazione del progetto. Questi punti possono segnalare ancoraggi come la data di inizio e di fine del progetto, la necessit\u00e0 di una revisione esterna o di verifica degli input e del budget, tra gli altri. \u2013Wikipedia<\/span> <\/p><\/blockquote><div class=\"wp-block-image\"><figure class=\"aligncenter\"><img decoding=\"async\" title=\"grafici-excel-avanzati-milestone-min\" src=\"https:\/\/exceladvisor.org\/wp-content\/uploads\/2023\/08\/graphiques-excel-avances-etape-min-3.png\" sizes=\"\" srcset=\"\" alt=\"advanced-excel-charts-milestone\"><\/figure><\/div><h4 id=\"tab-con-2\" class=\"wp-block-heading\"> <span style=\"font-weight: normal;\">Vantaggi del grafico a passi<\/span><\/h4><ol><li> \u00c8 semplice da creare e facilmente comprensibile.<\/li><li> Hai tutte le informazioni importanti in un unico grafico.<\/li><\/ol><h3 class=\"wp-block-heading\"> 3. <a href=\"https:\/\/exceladvisor.org\/it\/grafica-della-cialda\/\" data-wpel-link=\"internal\">Grafico a cialde<\/a><\/h3><p> Un grafico waffle \u00e8 pi\u00f9 probabilmente un grafico a torta quadrata. \u00c8 una pila di 100 quadratini dove un quadrato rappresenta l&#8217;1% del valore totale. Sono sicuro che l&#8217;hai visto nei dashboard e nei grafici degli articoli di notizie. E, per crearlo, dobbiamo utilizzare la formattazione condizionale. <\/p><div class=\"wp-block-image\"><figure class=\"aligncenter\"><img decoding=\"async\" src=\"https:\/\/exceladvisor.org\/wp-content\/uploads\/2023\/08\/gaufre-de-graphiques-excel-avances-1.gif\" sizes=\"\" srcset=\"\" alt=\"\"><\/figure><\/div><h4 id=\"tab-con-3\" class=\"wp-block-heading\"> <span style=\"font-weight: normal;\">Vantaggi della grafica in rilievo<\/span><\/h4><ol><li> Ideale per obiettivo a punto singolo rispetto al raggiungimento.<\/li><li> Facile da creare e semplice da comprendere per l&#8217;utente.<\/li><\/ol><h3 class=\"wp-block-heading\"> 4. <a style=\"outline: none;\" href=\"https:\/\/exceladvisor.org\/it\/grafico-del-tornado\/\" data-wpel-link=\"internal\">Grafico dei tornado<\/a><\/h3><p> Quando si tratta di mostrare come si confrontano cose diverse, il grafico del tornado pu\u00f2 esserti utile. Sembra un vero tornado in cui gli oggetti pi\u00f9 grandi sono in alto e quelli pi\u00f9 piccoli in basso. E ogni elemento ha un elemento opposto per il confronto. <\/p><div class=\"wp-block-image\"><figure class=\"aligncenter\"><img decoding=\"async\" src=\"https:\/\/exceladvisor.org\/wp-content\/uploads\/2023\/08\/graphiques-excel-avances-tornade-min-1.png\" sizes=\"\" srcset=\"\" alt=\"\"><\/figure><\/div><h4 id=\"tab-con-4\" class=\"wp-block-heading\"> <span style=\"font-weight: normal;\">Vantaggi della carta Tornado<\/span><\/h4><ol><li> Pu\u00f2 facilmente confrontare elementi per due periodi di tempo diversi.<\/li><li> Determina anche gli elementi superiore e inferiore.<\/li><\/ol><h3 class=\"wp-block-heading\"> 5. <a style=\"outline: none;\" href=\"https:\/\/exceladvisor.org\/it\/diagramma-di-gantt\/\" data-wpel-link=\"internal\">Diagramma di Gantt<\/a><\/h3><p> Il diagramma di Gantt \u00e8 uno dei diagrammi pi\u00f9 utili per i project manager. Questo pu\u00f2 aiutarci a monitorare lo stato di avanzamento del progetto. A differenza di un grafico cardine, un diagramma di Gantt pu\u00f2 tenere traccia dei giorni completati, dei giorni scaduti, dei giorni in sospeso, dei giorni totali, ecc. In breve, \u00e8 una scheda completa per tenere traccia dei tuoi progetti con tutti i dettagli importanti di cui tutti hanno bisogno. <\/p><div class=\"wp-block-image\"><figure class=\"aligncenter\"><img decoding=\"async\" src=\"https:\/\/exceladvisor.org\/wp-content\/uploads\/2023\/08\/graphiques-excel-avances-gantt-min-1.png\" sizes=\"\" srcset=\"\" alt=\"\"><\/figure><\/div><h4 id=\"tab-con-5\" class=\"wp-block-heading\"> <span style=\"font-weight: normal;\">Vantaggi del diagramma di Gantt<\/span><\/h4><ol><li> E&#8217; una tabella completa con tutti i dettagli per seguire un progetto.<\/li><li> Ci\u00f2 facilita il processo decisionale e ci consente di rivedere regolarmente il nostro piano di progetto per individuare conflitti o altri problemi.<\/li><\/ol><h3 class=\"wp-block-heading\"> 6. <a style=\"outline: none;\" href=\"https:\/\/exceladvisor.org\/it\/tabellone-dei-proiettili\/\" data-wpel-link=\"internal\">Bacheca<\/a><\/h3><p> Un grafico bullet \u00e8 come un grafico a colonne, ma invece di pi\u00f9 colonne ne abbiamo solo una. Questo pu\u00f2 aiutarci a tenere traccia di un obiettivo singolo rispetto al raggiungimento. Un grafico bullet ha tre componenti principali:<\/p><ol><li> Un indicatore di destinazione per rappresentare il bersaglio.<\/li><li> Una barra dei risultati per rappresentare il valore effettivo.<\/li><li> Un intervallo di confronto per il tema colore. <\/li><\/ol><div class=\"wp-block-image\"><figure class=\"aligncenter\"><img decoding=\"async\" src=\"https:\/\/exceladvisor.org\/wp-content\/uploads\/2023\/08\/graphiques-excel-avances-puce-1.png\" sizes=\"\" srcset=\"\" alt=\"chip grafici avanzati Excel\"><\/figure><\/div><h4 id=\"tab-con-6\" class=\"wp-block-heading\"> <span style=\"font-weight: normal;\">Vantaggi del grafico bullet<\/span><\/h4><ol><li> Il miglior grafico per monitorare un obiettivo a punto singolo rispetto al raggiungimento.<\/li><li> Viene utilizzato per sostituire gli indicatori e i contatori del cruscotto.<\/li><\/ol><h3 class=\"wp-block-heading\"> 7. <a style=\"outline: none;\" href=\"https:\/\/exceladvisor.org\/it\/tavolo-termometro\/\" data-wpel-link=\"internal\">Grafico del termometro<\/a><\/h3><p> Un grafico a termometro \u00e8 un altro grafico utile per tenere traccia di un obiettivo singolo rispetto al raggiungimento e pu\u00f2 aiutarci a presentare i nostri dati in modo comprensibile. Sembra un termometro in cui l&#8217;intero tabellone presenta l&#8217;obiettivo e la parte riempita rappresenta il raggiungimento. La parte completata aumenta all&#8217;aumentare del successo. <\/p><div class=\"wp-block-image\"><figure class=\"aligncenter\"><img decoding=\"async\" src=\"https:\/\/exceladvisor.org\/wp-content\/uploads\/2023\/08\/thermometre-graphique-excel-avance-1.gif\" sizes=\"\" srcset=\"\" alt=\"\"><\/figure><\/div><h4 id=\"tab-con-7\" class=\"wp-block-heading\"> <span style=\"font-weight: normal;\">Vantaggi della tabella del termometro<\/span><\/h4><ol><li> \u00c8 semplice da capire e facile da creare.<\/li><li> Questo \u00e8 un grafico perfetto da utilizzare nei dashboard.<\/li><\/ol><h3 class=\"wp-block-heading\"> 8. <a style=\"outline: none;\" href=\"https:\/\/exceladvisor.org\/it\/tachimetro\/\" data-wpil=\"url\" data-wpel-link=\"internal\">Tachimetro<\/a><\/h3><p> Questo \u00e8 il genere di cose che puoi trovare nella tua vita di tutti i giorni [basta guardare il TACHIMETRO nella tua macchina]. \u00c8 noto anche come grafico a indicatore. <\/p><div class=\"wp-block-image\"><figure class=\"aligncenter\"><img decoding=\"async\" src=\"https:\/\/exceladvisor.org\/wp-content\/uploads\/2023\/08\/etapes-simples-pour-creer-un-indicateur-de-vitesse-dans-excel.png\" sizes=\"\" srcset=\"\" alt=\"\"><\/figure><\/div><h4 id=\"tab-con-8\" class=\"wp-block-heading\"> <span style=\"font-weight: normal;\">Vantaggi dello Speed-o-Meter<\/span><\/h4><ol><li> Pu\u00f2 aiutarti a presentare dati tempestivi nella dashboard e nei KPI.<\/li><li> \u00c8 facile da creare e semplice da comprendere per gli utenti.<\/li><\/ol><h3 class=\"wp-block-heading\"> 9. <a style=\"outline: none;\" href=\"https:\/\/exceladvisor.org\/it\/diagramma-piramidale\/\" data-wpel-link=\"internal\">Piramide delle et\u00e0<\/a><\/h3><p> Un grafico demografico \u00e8 un grafico a barre a due facce che ci aiuta a confrontare la popolazione di diversi gruppi di et\u00e0 e sesso. <\/p><div class=\"wp-block-image\"><figure class=\"aligncenter\"><img decoding=\"async\" src=\"https:\/\/exceladvisor.org\/wp-content\/uploads\/2023\/08\/graphiques-excel-avances-pyramide-des-ages-1.gif\" sizes=\"\" srcset=\"\" alt=\"\"><\/figure><\/div><h4 id=\"tab-con-9\" class=\"wp-block-heading\"> <span style=\"font-weight: normal;\">Vantaggi della piramide delle et\u00e0<\/span><\/h4><ol><li> Confrontando due elementi si pu\u00f2 facilmente capire quale gruppo \u00e8 in crescita.<\/li><li> Possiamo anche usarlo per confrontare elementi per due periodi di tempo diversi.<\/li><\/ol><h3 class=\"wp-block-heading\"> 10.<a style=\"outline: none;\" href=\"https:\/\/exceladvisor.org\/it\/pittogramma\/\" data-wpel-link=\"internal\">Pittogramma<\/a><\/h3><p> Un pittogramma non \u00e8 un tipo di grafica separata. Creando un pittogramma, possiamo utilizzare un&#8217;immagine in un grafico per renderla pi\u00f9 presentabile. Proprio come abbiamo utilizzato un&#8217;icona nella tabella seguente per presentare il numero di dipendenti di un&#8217;azienda in diverse fasce d&#8217;et\u00e0. <\/p><div class=\"wp-block-image\"><figure class=\"aligncenter\"><img decoding=\"async\" src=\"https:\/\/exceladvisor.org\/wp-content\/uploads\/2023\/08\/pictogramme-de-graphiques-excel-avance.gif\" sizes=\"\" srcset=\"\" alt=\"Pittogramma di grafici Excel avanzati\"><\/figure><\/div><h4 class=\"wp-block-heading\"> <span style=\"font-weight: normal;\">Vantaggi del pittogramma<\/span><\/h4><ol><li> L&#8217;uso di un&#8217;immagine in un grafico lo rende pi\u00f9 significativo.<\/li><li> Questo ci aiuta a portare le nostre capacit\u00e0 di mappatura a un livello completamente nuovo.<\/li><\/ol><h2 class=\"wp-block-heading\"> Conclusione<\/h2><p> Le tecniche di creazione di grafici avanzati sono una di quelle cose che separano gli esperti dagli utenti principianti di Excel.<\/p><p> Come ho detto, l&#8217;utilizzo di grafici Excel avanzati rende i tuoi dati pi\u00f9 mirati e facilmente comprensibili. Puoi anche utilizzarli nelle dashboard e nei modelli per renderli pi\u00f9 efficaci.<\/p><p> Spero che l&#8217;elenco dei grafici che ho condiviso con te ti aiuti a migliorare nella creazione dei grafici, ma ora devi dirmi una cosa.<\/p><p style=\"font-size: 26px;\"> <em>Hai un altro grafico che usi frequentemente nel tuo lavoro?<\/em><\/p><p> Condividi con me nella sezione commenti, mi piacerebbe sentire la tua opinione e non dimenticare di condividere questo elenco con i tuoi amici. Sono sicuro che lo apprezzeranno.<\/p>","protected":false},"excerpt":{"rendered":"","protected":false},"author":1,"featured_media":0,"parent":0,"menu_order":0,"comment_status":"open","ping_status":"closed","template":"","meta":{"ub_ctt_via":"","footnotes":""},"class_list":["post-1930","page","type-page","status-publish","hentry"],"featured_image_src":null,"yoast_head":"<!-- This site is optimized with the Yoast SEO plugin v25.4 - https:\/\/yoast.com\/wordpress\/plugins\/seo\/ -->\n<title>Le 10 migliori tabelle e grafici Excel AVANZATI (gratuiti nel 2023)<\/title>\n<meta name=\"description\" content=\"Questi grafici Excel avanzati ti aiuteranno a diventare una star dei grafici nel tuo ufficio.\" \/>\n<meta name=\"robots\" content=\"index, follow, max-snippet:-1, max-image-preview:large, max-video-preview:-1\" \/>\n<link rel=\"canonical\" href=\"https:\/\/exceladvisor.org\/it\/grafica-avanzata\/\" \/>\n<meta property=\"og:locale\" content=\"it_IT\" \/>\n<meta property=\"og:type\" content=\"article\" \/>\n<meta property=\"og:title\" content=\"Le 10 migliori tabelle e grafici Excel AVANZATI (gratuiti nel 2023)\" \/>\n<meta property=\"og:description\" content=\"Questi grafici Excel avanzati ti aiuteranno a diventare una star dei grafici nel tuo ufficio.\" \/>\n<meta property=\"og:url\" content=\"https:\/\/exceladvisor.org\/it\/grafica-avanzata\/\" \/>\n<meta property=\"og:site_name\" content=\"Excel Advisor\" \/>\n<meta property=\"article:modified_time\" content=\"2023-12-10T06:28:04+00:00\" \/>\n<meta property=\"og:image\" content=\"https:\/\/exceladvisor.org\/wp-content\/uploads\/2023\/08\/graphiques-excel-avances-etape-min-2.png\" \/>\n<meta name=\"twitter:card\" content=\"summary_large_image\" \/>\n<meta name=\"twitter:label1\" content=\"Tempo di lettura stimato\" \/>\n\t<meta name=\"twitter:data1\" content=\"6 minuti\" \/>\n<script type=\"application\/ld+json\" class=\"yoast-schema-graph\">{\"@context\":\"https:\/\/schema.org\",\"@graph\":[{\"@type\":\"WebPage\",\"@id\":\"https:\/\/exceladvisor.org\/it\/grafica-avanzata\/\",\"url\":\"https:\/\/exceladvisor.org\/it\/grafica-avanzata\/\",\"name\":\"Le 10 migliori tabelle e grafici Excel AVANZATI (gratuiti nel 2023)\",\"isPartOf\":{\"@id\":\"https:\/\/exceladvisor.org\/it\/#website\"},\"primaryImageOfPage\":{\"@id\":\"https:\/\/exceladvisor.org\/it\/grafica-avanzata\/#primaryimage\"},\"image\":{\"@id\":\"https:\/\/exceladvisor.org\/it\/grafica-avanzata\/#primaryimage\"},\"thumbnailUrl\":\"https:\/\/exceladvisor.org\/wp-content\/uploads\/2023\/08\/graphiques-excel-avances-etape-min-2.png\",\"datePublished\":\"2023-10-27T17:17:39+00:00\",\"dateModified\":\"2023-12-10T06:28:04+00:00\",\"description\":\"Questi grafici Excel avanzati ti aiuteranno a diventare una star dei grafici nel tuo ufficio.\",\"breadcrumb\":{\"@id\":\"https:\/\/exceladvisor.org\/it\/grafica-avanzata\/#breadcrumb\"},\"inLanguage\":\"it-IT\",\"potentialAction\":[{\"@type\":\"ReadAction\",\"target\":[\"https:\/\/exceladvisor.org\/it\/grafica-avanzata\/\"]}]},{\"@type\":\"ImageObject\",\"inLanguage\":\"it-IT\",\"@id\":\"https:\/\/exceladvisor.org\/it\/grafica-avanzata\/#primaryimage\",\"url\":\"https:\/\/exceladvisor.org\/wp-content\/uploads\/2023\/08\/graphiques-excel-avances-etape-min-2.png\",\"contentUrl\":\"https:\/\/exceladvisor.org\/wp-content\/uploads\/2023\/08\/graphiques-excel-avances-etape-min-2.png\"},{\"@type\":\"BreadcrumbList\",\"@id\":\"https:\/\/exceladvisor.org\/it\/grafica-avanzata\/#breadcrumb\",\"itemListElement\":[{\"@type\":\"ListItem\",\"position\":1,\"name\":\"Home\",\"item\":\"https:\/\/exceladvisor.org\/it\/\"},{\"@type\":\"ListItem\",\"position\":2,\"name\":\"Le 10 migliori tabelle e grafici excel avanzati\"}]},{\"@type\":\"WebSite\",\"@id\":\"https:\/\/exceladvisor.org\/it\/#website\",\"url\":\"https:\/\/exceladvisor.org\/it\/\",\"name\":\"Excel Advisor\",\"description\":\"Tips, Tricks, and Time-Saving Hacks\",\"publisher\":{\"@id\":\"https:\/\/exceladvisor.org\/it\/#organization\"},\"potentialAction\":[{\"@type\":\"SearchAction\",\"target\":{\"@type\":\"EntryPoint\",\"urlTemplate\":\"https:\/\/exceladvisor.org\/it\/?s={search_term_string}\"},\"query-input\":{\"@type\":\"PropertyValueSpecification\",\"valueRequired\":true,\"valueName\":\"search_term_string\"}}],\"inLanguage\":\"it-IT\"},{\"@type\":\"Organization\",\"@id\":\"https:\/\/exceladvisor.org\/it\/#organization\",\"name\":\"Excel Advisor\",\"url\":\"https:\/\/exceladvisor.org\/it\/\",\"logo\":{\"@type\":\"ImageObject\",\"inLanguage\":\"it-IT\",\"@id\":\"https:\/\/exceladvisor.org\/it\/#\/schema\/logo\/image\/\",\"url\":\"https:\/\/exceladvisor.org\/it\/wp-content\/uploads\/2023\/12\/exceladvisor.org_.png\",\"contentUrl\":\"https:\/\/exceladvisor.org\/it\/wp-content\/uploads\/2023\/12\/exceladvisor.org_.png\",\"width\":105,\"height\":36,\"caption\":\"Excel Advisor\"},\"image\":{\"@id\":\"https:\/\/exceladvisor.org\/it\/#\/schema\/logo\/image\/\"}}]}<\/script>\n<!-- \/ Yoast SEO plugin. -->","yoast_head_json":{"title":"Le 10 migliori tabelle e grafici Excel AVANZATI (gratuiti nel 2023)","description":"Questi grafici Excel avanzati ti aiuteranno a diventare una star dei grafici nel tuo ufficio.","robots":{"index":"index","follow":"follow","max-snippet":"max-snippet:-1","max-image-preview":"max-image-preview:large","max-video-preview":"max-video-preview:-1"},"canonical":"https:\/\/exceladvisor.org\/it\/grafica-avanzata\/","og_locale":"it_IT","og_type":"article","og_title":"Le 10 migliori tabelle e grafici Excel AVANZATI (gratuiti nel 2023)","og_description":"Questi grafici Excel avanzati ti aiuteranno a diventare una star dei grafici nel tuo ufficio.","og_url":"https:\/\/exceladvisor.org\/it\/grafica-avanzata\/","og_site_name":"Excel Advisor","article_modified_time":"2023-12-10T06:28:04+00:00","og_image":[{"url":"https:\/\/exceladvisor.org\/wp-content\/uploads\/2023\/08\/graphiques-excel-avances-etape-min-2.png","type":"","width":"","height":""}],"twitter_card":"summary_large_image","twitter_misc":{"Tempo di lettura stimato":"6 minuti"},"schema":{"@context":"https:\/\/schema.org","@graph":[{"@type":"WebPage","@id":"https:\/\/exceladvisor.org\/it\/grafica-avanzata\/","url":"https:\/\/exceladvisor.org\/it\/grafica-avanzata\/","name":"Le 10 migliori tabelle e grafici Excel AVANZATI (gratuiti nel 2023)","isPartOf":{"@id":"https:\/\/exceladvisor.org\/it\/#website"},"primaryImageOfPage":{"@id":"https:\/\/exceladvisor.org\/it\/grafica-avanzata\/#primaryimage"},"image":{"@id":"https:\/\/exceladvisor.org\/it\/grafica-avanzata\/#primaryimage"},"thumbnailUrl":"https:\/\/exceladvisor.org\/wp-content\/uploads\/2023\/08\/graphiques-excel-avances-etape-min-2.png","datePublished":"2023-10-27T17:17:39+00:00","dateModified":"2023-12-10T06:28:04+00:00","description":"Questi grafici Excel avanzati ti aiuteranno a diventare una star dei grafici nel tuo ufficio.","breadcrumb":{"@id":"https:\/\/exceladvisor.org\/it\/grafica-avanzata\/#breadcrumb"},"inLanguage":"it-IT","potentialAction":[{"@type":"ReadAction","target":["https:\/\/exceladvisor.org\/it\/grafica-avanzata\/"]}]},{"@type":"ImageObject","inLanguage":"it-IT","@id":"https:\/\/exceladvisor.org\/it\/grafica-avanzata\/#primaryimage","url":"https:\/\/exceladvisor.org\/wp-content\/uploads\/2023\/08\/graphiques-excel-avances-etape-min-2.png","contentUrl":"https:\/\/exceladvisor.org\/wp-content\/uploads\/2023\/08\/graphiques-excel-avances-etape-min-2.png"},{"@type":"BreadcrumbList","@id":"https:\/\/exceladvisor.org\/it\/grafica-avanzata\/#breadcrumb","itemListElement":[{"@type":"ListItem","position":1,"name":"Home","item":"https:\/\/exceladvisor.org\/it\/"},{"@type":"ListItem","position":2,"name":"Le 10 migliori tabelle e grafici excel avanzati"}]},{"@type":"WebSite","@id":"https:\/\/exceladvisor.org\/it\/#website","url":"https:\/\/exceladvisor.org\/it\/","name":"Excel Advisor","description":"Tips, Tricks, and Time-Saving Hacks","publisher":{"@id":"https:\/\/exceladvisor.org\/it\/#organization"},"potentialAction":[{"@type":"SearchAction","target":{"@type":"EntryPoint","urlTemplate":"https:\/\/exceladvisor.org\/it\/?s={search_term_string}"},"query-input":{"@type":"PropertyValueSpecification","valueRequired":true,"valueName":"search_term_string"}}],"inLanguage":"it-IT"},{"@type":"Organization","@id":"https:\/\/exceladvisor.org\/it\/#organization","name":"Excel Advisor","url":"https:\/\/exceladvisor.org\/it\/","logo":{"@type":"ImageObject","inLanguage":"it-IT","@id":"https:\/\/exceladvisor.org\/it\/#\/schema\/logo\/image\/","url":"https:\/\/exceladvisor.org\/it\/wp-content\/uploads\/2023\/12\/exceladvisor.org_.png","contentUrl":"https:\/\/exceladvisor.org\/it\/wp-content\/uploads\/2023\/12\/exceladvisor.org_.png","width":105,"height":36,"caption":"Excel Advisor"},"image":{"@id":"https:\/\/exceladvisor.org\/it\/#\/schema\/logo\/image\/"}}]}},"yoast_meta":{"yoast_wpseo_title":"","yoast_wpseo_metadesc":"","yoast_wpseo_canonical":""},"_links":{"self":[{"href":"https:\/\/exceladvisor.org\/it\/wp-json\/wp\/v2\/pages\/1930","targetHints":{"allow":["GET"]}}],"collection":[{"href":"https:\/\/exceladvisor.org\/it\/wp-json\/wp\/v2\/pages"}],"about":[{"href":"https:\/\/exceladvisor.org\/it\/wp-json\/wp\/v2\/types\/page"}],"author":[{"embeddable":true,"href":"https:\/\/exceladvisor.org\/it\/wp-json\/wp\/v2\/users\/1"}],"replies":[{"embeddable":true,"href":"https:\/\/exceladvisor.org\/it\/wp-json\/wp\/v2\/comments?post=1930"}],"version-history":[{"count":1,"href":"https:\/\/exceladvisor.org\/it\/wp-json\/wp\/v2\/pages\/1930\/revisions"}],"predecessor-version":[{"id":2927,"href":"https:\/\/exceladvisor.org\/it\/wp-json\/wp\/v2\/pages\/1930\/revisions\/2927"}],"wp:attachment":[{"href":"https:\/\/exceladvisor.org\/it\/wp-json\/wp\/v2\/media?parent=1930"}],"curies":[{"name":"wp","href":"https:\/\/api.w.org\/{rel}","templated":true}]}}