{"id":1931,"date":"2023-10-27T16:38:30","date_gmt":"2023-10-27T16:38:30","guid":{"rendered":"https:\/\/exceladvisor.org\/it\/pittogramma\/"},"modified":"2023-12-10T06:23:23","modified_gmt":"2023-12-10T06:23:23","slug":"pittogramma","status":"publish","type":"page","link":"https:\/\/exceladvisor.org\/it\/pittogramma\/","title":{"rendered":"Come creare un pittogramma in excel?"},"content":{"rendered":"<div class=\"excel-prima-del-contenuto\" id=\"excel-2525387399\"><script type=\"text\/javascript\">\r\n\tatOptions = {\r\n\t\t'key' : 'c1158f160081d6540a8409e6925dab94',\r\n\t\t'format' : 'iframe',\r\n\t\t'height' : 250,\r\n\t\t'width' : 300,\r\n\t\t'params' : {}\r\n\t};\r\n<\/script>\r\n<script type=\"text\/javascript\" src=\"\/\/www.highperformanceformat.com\/c1158f160081d6540a8409e6925dab94\/invoke.js\"><\/script><\/div> <p>Se sai come presentare i dati in modo comprensibile ed efficace, puoi trasmettere il tuo messaggio in modo potente. A questo scopo, una delle mie cose preferite \u00e8 un PITTOGRAFO. E in Excel, creare un pittogramma \u00e8 abbastanza semplice e facile. <\/p><div class=\"wp-block-image\"><figure class=\"aligncenter\"><img decoding=\"async\" src=\"https:\/\/exceladvisor.org\/wp-content\/uploads\/2023\/08\/comment-faire-un-pictogramme-dans-excel-en-utilisant-un-graphique-a-barres-1.png\" sizes=\"\" srcset=\"\" alt=\"come creare un pittogramma in Excel utilizzando un grafico a barre\"><\/figure><\/div><p> Oggi in questo articolo vorrei condividere con te un semplice processo passo passo per creare un pittogramma in Excel. Qui la mia idea \u00e8 presentare il numero di dipendenti di diverse fasce di et\u00e0 in un&#8217;azienda.<\/p><p> Ora, senza ulteriori indugi, cominciamo.<\/p><h2 class=\"wp-block-heading\"> Semplici passaggi per creare un pittogramma in Excel<\/h2><p> Dobbiamo utilizzare i dati seguenti per questo grafico, puoi <a style=\"outline: none;\" href=\"https:\/\/exceladvisor.org\/wp-content\/uploads\/2023\/08\/pictogramme-de-fichiers.zip\" rel=\"nofollow\"><span style=\"color: #0000ee;\">scaricarlo qui<\/span><\/a> <span style=\"color: #0000ee;\">&nbsp;<\/span> continua. Come ho detto, questo \u00e8 il numero totale dei dipendenti di un&#8217;azienda in base all&#8217;et\u00e0 e non \u00e8 necessario presentare questi gruppi utilizzando questa tabella. <\/p><div class=\"wp-block-image\"><figure class=\"aligncenter\"><img decoding=\"async\" src=\"https:\/\/exceladvisor.org\/wp-content\/uploads\/2023\/08\/donnees-pour-creer-un-pictogramme-simple-dans-excel.png\" sizes=\"\" srcset=\"\" alt=\"dati per creare un semplice pittogramma in Excel\"><\/figure><\/div><p> Ma prima di iniziare, abbiamo bisogno di un&#8217;icona da utilizzare in questa scheda e puoi <a href=\"https:\/\/www.iconfinder.com\/icons\/2530821\/business_man_employee_general_human_member_office_tie_icon#size=256\" target=\"_blank\" rel=\"noreferrer noopener nofollow\">scaricarla da un sito di icone gratuito<\/a> .<\/p><ul><li> Innanzitutto, seleziona semplicemente i tuoi dati per creare un grafico a barre. Per fare ci\u00f2, vai su Inserisci \u279c Grafici \u279c Grafico a barre raggruppate 2-D. <br><img decoding=\"async\" title=\"inserisci un grafico a barre raggruppato per creare un pittogramma in Excel\" src=\"https:\/\/exceladvisor.org\/wp-content\/uploads\/2023\/08\/inserer-un-graphique-a-barres-groupees-pour-creer-un-pictogramme-dans-Excel.png\" sizes=\"\" srcset=\"\" alt=\"insert a clustered bar chart to create a pictograph in excel\"><\/li><li> Successivamente, seleziona le barre dei dati nel grafico e vai all&#8217;opzione Fare clic con il pulsante destro del mouse \u279c Formato serie di dati. <br><img decoding=\"async\" title=\"opzione-go-to-data-series-per-creare-un-pittogrammagh-in-excel\" src=\"https:\/\/exceladvisor.org\/wp-content\/uploads\/2023\/08\/aller-a-loption-de-serie-de-donnees-pour-creer-un-pictogramme-dans-Excel.png\" sizes=\"\" srcset=\"\" alt=\"go to data series option to create a pictograph in excel\"><\/li><li> Da l\u00ec, vai alla sezione &#8220;Riempimento&#8221; e seleziona l&#8217;opzione &#8220;Riempimento immagine o trama&#8221; e una volta fatto ci\u00f2, otterrai un&#8217;opzione di inserimento immagine. <br><img decoding=\"async\" title=\"vai a riempire la sezione per aggiungere un'immagine a un pittogramma in Excel\" src=\"https:\/\/exceladvisor.org\/wp-content\/uploads\/2023\/08\/aller-remplir-la-section-pour-ajouter-une-image-a-un-pictogramme-dans-Excel.png\" sizes=\"\" srcset=\"\" alt=\"go fill section to add picture to a pictograph in excel\"><\/li><li> Ora \u00e8 il momento di inserire l&#8217;immagine e abbiamo tre opzioni per questo. Fai clic sull&#8217;opzione &#8220;File&#8221; e carica l&#8217; <a href=\"https:\/\/www.iconfinder.com\/icons\/2530821\/business_man_employee_general_human_member_office_tie_icon#size=256\" target=\"_blank\" rel=\"noopener noreferrer\">immagine scaricata<\/a> .<\/li><li> Una volta inserita l&#8217;immagine, hai altre tre opzioni per visualizzare quell&#8217;immagine nel grafico. [ <strong>Seleziona la terza opzione<\/strong> ]<\/li><\/ul><ol><li> Allunga: una singola immagine si allungher\u00e0 nella barra dati.<\/li><li> Stack: otterrai immagini impilate nella barra dati.<\/li><li> Impila e ridimensiona con: le immagini verranno visualizzate in base ai dati.<\/li><\/ol><p> <strong><span style=\"color: #000000; background-color: #ffff00;\">Boom!<\/span><\/strong> il nostro tavolo \u00e8 pronto per scatenarsi. <\/p><div class=\"wp-block-image\"><figure class=\"aligncenter\"><img decoding=\"async\" src=\"https:\/\/exceladvisor.org\/wp-content\/uploads\/2023\/08\/pictogramme-simple-pret-a-lemploi-dans-excel.png\" sizes=\"\" srcset=\"\" alt=\"pittogramma semplice pronto per l'uso in Excel\"><\/figure><\/div><p class=\"qt-tip\"> <strong>Nota:<\/strong> esiste un&#8217;opzione per specificare un&#8217;unit\u00e0\/frame per il grafico. Puoi usarlo se i valori per barra nel tuo grafico sono grandi (pi\u00f9 di 20). Il fatto \u00e8 che le icone delle immagini diventeranno pi\u00f9 piccole con pi\u00f9 numeri e questa opzione aiuta in questo caso. <\/p><div class=\"wp-block-image\"><figure class=\"aligncenter\"><img decoding=\"async\" src=\"https:\/\/exceladvisor.org\/wp-content\/uploads\/2023\/08\/utiliser-lunite-par-image-pour-diffuser-limage-de-la-ligne-dans-le-pictogramme-Excel-1.png\" sizes=\"\" srcset=\"\" alt=\"utilizzare l'unit\u00e0 per immagine per diffondere l'immagine della linea nel pittogramma di Excel\"><\/figure><\/div><p> Puoi anche utilizzare un&#8217;immagine diversa per barre diverse, come ho usato nella tabella seguente. <\/p><div class=\"wp-block-image\"><figure class=\"aligncenter\"><img decoding=\"async\" src=\"https:\/\/exceladvisor.org\/wp-content\/uploads\/2023\/08\/utiliser-differentes-images-en-pictogramme-dans-excel-1.png\" sizes=\"\" srcset=\"\" alt=\"utilizzare immagini diverse come pittogrammi in Excel\"><\/figure><\/div><p> Seleziona ciascuna barra dati separatamente e inserisci un&#8217;immagine una per una per tutte le barre.<\/p><h2 id=\"tab-con-1\" class=\"wp-block-heading\"> Pittogramma dinamico in Excel<\/h2><p> Mi piace sempre <a href=\"https:\/\/exceladvisor.org\/it\/grafica-interattiva\/\">creare grafici interattivi<\/a> e questa volta voglio convertire questo PITTOGRAPHER in un grafico in cui possiamo utilizzare i dati in modo dinamico. Proprio come sotto. <\/p><div class=\"wp-block-image\"><figure class=\"aligncenter\"><img decoding=\"async\" src=\"https:\/\/exceladvisor.org\/wp-content\/uploads\/2023\/08\/notre-pictogramme-dynamique-pret-a-lemploi-dans-excel-1.gif\" sizes=\"\" srcset=\"\" alt=\"il nostro pittogramma dinamico pronto per l'uso in Excel\"><\/figure><\/div><p> Guarda i dati qui sotto dove abbiamo i dati dei dipendenti della stessa azienda, ma per dipartimento e qui dobbiamo creare un grafico dinamico che possiamo utilizzare con il pulsante di opzione. <\/p><div class=\"wp-block-image\"><figure class=\"aligncenter\"><img decoding=\"async\" src=\"https:\/\/exceladvisor.org\/wp-content\/uploads\/2023\/08\/donnees-pour-creer-un-pictogramme-dynamique-dans-excel-1.png\" sizes=\"\" srcset=\"\" alt=\"dati per creare un pittogramma dinamico in Excel\"><\/figure><\/div><p> Puoi <a href=\"https:\/\/exceladvisor.org\/wp-content\/uploads\/2023\/08\/pictogramme-de-fichiers.zip\" rel=\"nofollow\"><span style=\"color: #0000ee;\">scaricare questo file qui<\/span><\/a> <span style=\"color: #0000ee;\">&nbsp;<\/span> seguire e ora utilizzare i passaggi seguenti per creare un pittogramma dinamico.<\/p><ul><li> <strong>Innanzitutto<\/strong> , crea una tabella diversa con due colonne, come ho fatto di seguito. <br><img decoding=\"async\" title=\"creare-una-nuova-piccola-tabella-per-creare-un-pittogramma-dinamico-in-excel\" src=\"https:\/\/exceladvisor.org\/wp-content\/uploads\/2023\/08\/creer-un-nouveau-petit-tableau-pour-creer-un-pictogramme-dynamique-dans-excel-1.png\" sizes=\"\" srcset=\"\" alt=\"create a new small table to create a dynamic pictograph in excel\"><\/li><li> Ora inserisci quattro pulsanti di opzione nel tuo foglio di calcolo. Per fare ci\u00f2, vai alla <a href=\"https:\/\/exceladvisor.org\/it\/aggiungi-una-scheda-sviluppatore\/\">scheda Sviluppatore<\/a> \u279c Controlli \u279c Inserisci \u279c Pulsante Opzione.<\/li><li> Successivamente, collega questi pulsanti di opzione con una cella. Nel mio caso, li collego alla cella A8. <br><img decoding=\"async\" title=\"collega-i-pulsanti-di-opzione-con-una-cella-per-controllare-il-pittogramma-dinamico\" src=\"https:\/\/exceladvisor.org\/wp-content\/uploads\/2023\/08\/connectez-les-boutons-doption-avec-une-cellule-pour-controler-le-pictogramme-dynamique-1.png\" sizes=\"\" srcset=\"\" alt=\"connect option buttons with a cell to control dynamic pictograph\"><\/li><li> Poich\u00e9 dobbiamo controllare i dati (per dipartimento) con i pulsanti di opzione, assicurati di nominare tutti i pulsanti in base al nome del dipartimento.<\/li><li> Da l\u00ec, inserisci la formula seguente nella prima cella (intestazione) fino all&#8217;ultima cella della seconda colonna della nuova tabella.<\/li><\/ul><p style=\"padding-left: 40px;\"> = <a href=\"https:\/\/exceladvisor.org\/it\/funzioni-di-ricerca-excel\/\" target=\"_blank\" rel=\"noopener noreferrer\">CERCA.VERT<\/a> (A9,A1:E6,$A$8+1.0) <\/p><p style=\"padding-left: 80px;\"><br><img decoding=\"async\" style=\"display: block; margin-left: auto; margin-right: auto;\" title=\"inserisci-formula-per-creare-una-tabella-dinamica-per-pittogramma\" src=\"https:\/\/exceladvisor.org\/wp-content\/uploads\/2023\/08\/inserer-une-formule-pour-creer-un-tableau-dynamique-pour-le-pictogramme-1.png\" sizes=\"\" srcset=\"\" alt=\"insert formula to create a dynamic table for pictograph\"><\/p><ul><li> A questo punto abbiamo una tabella dinamica in cui possiamo ottenere dati utilizzando i pulsanti di opzione. <br><img decoding=\"async\" title=\"ora-la-tabella-dinamica-\u00e8-pronta-per-creare-un-pittogramma-in-excel.gif\" src=\"https:\/\/exceladvisor.org\/wp-content\/uploads\/2023\/08\/le-tableau-dynamique-est-maintenant-pret-a-creer-un-pictogramme-dans-Excel-1.gif\" sizes=\"\" srcset=\"\" alt=\"now dynamic table is ready to create a pictograph in excel\"><\/li><li> Alla fine, seleziona questa tabella e inserisci un grafico a barre e convertilo in un pittogramma seguendo i passaggi che hai imparato.<\/li><\/ul><p> <span style=\"color: #000000; background-color: #ffff00;\"><strong>Fretta!<\/strong><\/span> il nostro pittogramma dinamico \u00e8 qui. <\/p><div class=\"wp-block-image\"><figure class=\"aligncenter\"><img decoding=\"async\" src=\"https:\/\/exceladvisor.org\/wp-content\/uploads\/2023\/08\/notre-pictogramme-dynamique-pret-a-lemploi-dans-excel-1.gif\" sizes=\"\" srcset=\"\" alt=\"il nostro pittogramma dinamico pronto per l'uso in Excel\"><\/figure><\/div><p> <a href=\"https:\/\/exceladvisor.org\/wp-content\/uploads\/2023\/08\/pictogramme-de-fichiers.zip\" rel=\"nofollow\"><span style=\"color: #0000ee;\"><strong>file di esempio<\/strong><\/span><\/a><\/p><div class=\"gb-container gb-container-a61970aa gb-container-mt\"> <a class=\"gb-button gb-button-b4293c6c gb-button-text gb-button-mt-button\" href=\"https:\/\/exceladvisor.org\/it\/grafici-excel\/\">Tipi di grafici Excel<\/a><h2 class=\"gb-headline gb-headline-5bf2e581 gb-headline-text gb-headline-mt-heading\"> Tutorial correlati <\/h2><div class=\"gb-grid-wrapper gb-grid-wrapper-9b70abf1 gb-grid-wrapper-mt-grid\"><div class=\"gb-grid-column gb-grid-column-97a95c29\"><div class=\"gb-container gb-container-97a95c29\"><ul><li> <a href=\"https:\/\/exceladvisor.org\/it\/grafica-della-cialda\/\">CARTONCINO GOFFRATO<\/a><\/li><li> <a href=\"https:\/\/exceladvisor.org\/it\/grafico-a-imbuto\/\">Grafico a imbuto<\/a><\/li><li> <a href=\"https:\/\/exceladvisor.org\/it\/diagramma-di-gantt\/\">diagramma di Gantt<\/a><\/li><li> <a href=\"https:\/\/exceladvisor.org\/it\/tabellone-dei-proiettili\/\">Grafico puntato<\/a><\/li><li> <a href=\"https:\/\/exceladvisor.org\/it\/mappa-di-calore\/\">Mappa di calore<\/a><\/li><\/ul><\/div><\/div><\/div><\/div>","protected":false},"excerpt":{"rendered":"","protected":false},"author":1,"featured_media":0,"parent":0,"menu_order":0,"comment_status":"open","ping_status":"closed","template":"","meta":{"ub_ctt_via":"","footnotes":""},"class_list":["post-1931","page","type-page","status-publish","hentry"],"featured_image_src":null,"yoast_head":"<!-- This site is optimized with the Yoast SEO plugin v25.4 - https:\/\/yoast.com\/wordpress\/plugins\/seo\/ -->\n<title>Come creare un pittogramma in Excel? (5 semplici passaggi)<\/title>\n<meta name=\"description\" content=\"In questo tutorial impareremo come creare un pittogramma in Excel in 5 semplici passaggi.\" \/>\n<meta name=\"robots\" content=\"index, follow, max-snippet:-1, max-image-preview:large, max-video-preview:-1\" \/>\n<link rel=\"canonical\" href=\"https:\/\/exceladvisor.org\/it\/pittogramma\/\" \/>\n<meta property=\"og:locale\" content=\"it_IT\" \/>\n<meta property=\"og:type\" content=\"article\" \/>\n<meta property=\"og:title\" content=\"Come creare un pittogramma in Excel? (5 semplici passaggi)\" \/>\n<meta property=\"og:description\" content=\"In questo tutorial impareremo come creare un pittogramma in Excel in 5 semplici passaggi.\" \/>\n<meta property=\"og:url\" content=\"https:\/\/exceladvisor.org\/it\/pittogramma\/\" \/>\n<meta property=\"og:site_name\" content=\"Excel Advisor\" \/>\n<meta property=\"article:modified_time\" content=\"2023-12-10T06:23:23+00:00\" \/>\n<meta property=\"og:image\" content=\"https:\/\/exceladvisor.org\/wp-content\/uploads\/2023\/08\/comment-faire-un-pictogramme-dans-excel-en-utilisant-un-graphique-a-barres-1.png\" \/>\n<meta name=\"twitter:card\" content=\"summary_large_image\" \/>\n<meta name=\"twitter:label1\" content=\"Tempo di lettura stimato\" \/>\n\t<meta name=\"twitter:data1\" content=\"3 minuti\" \/>\n<script type=\"application\/ld+json\" class=\"yoast-schema-graph\">{\"@context\":\"https:\/\/schema.org\",\"@graph\":[{\"@type\":\"WebPage\",\"@id\":\"https:\/\/exceladvisor.org\/it\/pittogramma\/\",\"url\":\"https:\/\/exceladvisor.org\/it\/pittogramma\/\",\"name\":\"Come creare un pittogramma in Excel? (5 semplici passaggi)\",\"isPartOf\":{\"@id\":\"https:\/\/exceladvisor.org\/it\/#website\"},\"primaryImageOfPage\":{\"@id\":\"https:\/\/exceladvisor.org\/it\/pittogramma\/#primaryimage\"},\"image\":{\"@id\":\"https:\/\/exceladvisor.org\/it\/pittogramma\/#primaryimage\"},\"thumbnailUrl\":\"https:\/\/exceladvisor.org\/wp-content\/uploads\/2023\/08\/comment-faire-un-pictogramme-dans-excel-en-utilisant-un-graphique-a-barres-1.png\",\"datePublished\":\"2023-10-27T16:38:30+00:00\",\"dateModified\":\"2023-12-10T06:23:23+00:00\",\"description\":\"In questo tutorial impareremo come creare un pittogramma in Excel in 5 semplici passaggi.\",\"breadcrumb\":{\"@id\":\"https:\/\/exceladvisor.org\/it\/pittogramma\/#breadcrumb\"},\"inLanguage\":\"it-IT\",\"potentialAction\":[{\"@type\":\"ReadAction\",\"target\":[\"https:\/\/exceladvisor.org\/it\/pittogramma\/\"]}]},{\"@type\":\"ImageObject\",\"inLanguage\":\"it-IT\",\"@id\":\"https:\/\/exceladvisor.org\/it\/pittogramma\/#primaryimage\",\"url\":\"https:\/\/exceladvisor.org\/wp-content\/uploads\/2023\/08\/comment-faire-un-pictogramme-dans-excel-en-utilisant-un-graphique-a-barres-1.png\",\"contentUrl\":\"https:\/\/exceladvisor.org\/wp-content\/uploads\/2023\/08\/comment-faire-un-pictogramme-dans-excel-en-utilisant-un-graphique-a-barres-1.png\"},{\"@type\":\"BreadcrumbList\",\"@id\":\"https:\/\/exceladvisor.org\/it\/pittogramma\/#breadcrumb\",\"itemListElement\":[{\"@type\":\"ListItem\",\"position\":1,\"name\":\"Home\",\"item\":\"https:\/\/exceladvisor.org\/it\/\"},{\"@type\":\"ListItem\",\"position\":2,\"name\":\"Come creare un pittogramma in excel?\"}]},{\"@type\":\"WebSite\",\"@id\":\"https:\/\/exceladvisor.org\/it\/#website\",\"url\":\"https:\/\/exceladvisor.org\/it\/\",\"name\":\"Excel Advisor\",\"description\":\"Tips, Tricks, and Time-Saving Hacks\",\"publisher\":{\"@id\":\"https:\/\/exceladvisor.org\/it\/#organization\"},\"potentialAction\":[{\"@type\":\"SearchAction\",\"target\":{\"@type\":\"EntryPoint\",\"urlTemplate\":\"https:\/\/exceladvisor.org\/it\/?s={search_term_string}\"},\"query-input\":{\"@type\":\"PropertyValueSpecification\",\"valueRequired\":true,\"valueName\":\"search_term_string\"}}],\"inLanguage\":\"it-IT\"},{\"@type\":\"Organization\",\"@id\":\"https:\/\/exceladvisor.org\/it\/#organization\",\"name\":\"Excel Advisor\",\"url\":\"https:\/\/exceladvisor.org\/it\/\",\"logo\":{\"@type\":\"ImageObject\",\"inLanguage\":\"it-IT\",\"@id\":\"https:\/\/exceladvisor.org\/it\/#\/schema\/logo\/image\/\",\"url\":\"https:\/\/exceladvisor.org\/it\/wp-content\/uploads\/2023\/12\/exceladvisor.org_.png\",\"contentUrl\":\"https:\/\/exceladvisor.org\/it\/wp-content\/uploads\/2023\/12\/exceladvisor.org_.png\",\"width\":105,\"height\":36,\"caption\":\"Excel Advisor\"},\"image\":{\"@id\":\"https:\/\/exceladvisor.org\/it\/#\/schema\/logo\/image\/\"}}]}<\/script>\n<!-- \/ Yoast SEO plugin. -->","yoast_head_json":{"title":"Come creare un pittogramma in Excel? (5 semplici passaggi)","description":"In questo tutorial impareremo come creare un pittogramma in Excel in 5 semplici passaggi.","robots":{"index":"index","follow":"follow","max-snippet":"max-snippet:-1","max-image-preview":"max-image-preview:large","max-video-preview":"max-video-preview:-1"},"canonical":"https:\/\/exceladvisor.org\/it\/pittogramma\/","og_locale":"it_IT","og_type":"article","og_title":"Come creare un pittogramma in Excel? (5 semplici passaggi)","og_description":"In questo tutorial impareremo come creare un pittogramma in Excel in 5 semplici passaggi.","og_url":"https:\/\/exceladvisor.org\/it\/pittogramma\/","og_site_name":"Excel Advisor","article_modified_time":"2023-12-10T06:23:23+00:00","og_image":[{"url":"https:\/\/exceladvisor.org\/wp-content\/uploads\/2023\/08\/comment-faire-un-pictogramme-dans-excel-en-utilisant-un-graphique-a-barres-1.png","type":"","width":"","height":""}],"twitter_card":"summary_large_image","twitter_misc":{"Tempo di lettura stimato":"3 minuti"},"schema":{"@context":"https:\/\/schema.org","@graph":[{"@type":"WebPage","@id":"https:\/\/exceladvisor.org\/it\/pittogramma\/","url":"https:\/\/exceladvisor.org\/it\/pittogramma\/","name":"Come creare un pittogramma in Excel? (5 semplici passaggi)","isPartOf":{"@id":"https:\/\/exceladvisor.org\/it\/#website"},"primaryImageOfPage":{"@id":"https:\/\/exceladvisor.org\/it\/pittogramma\/#primaryimage"},"image":{"@id":"https:\/\/exceladvisor.org\/it\/pittogramma\/#primaryimage"},"thumbnailUrl":"https:\/\/exceladvisor.org\/wp-content\/uploads\/2023\/08\/comment-faire-un-pictogramme-dans-excel-en-utilisant-un-graphique-a-barres-1.png","datePublished":"2023-10-27T16:38:30+00:00","dateModified":"2023-12-10T06:23:23+00:00","description":"In questo tutorial impareremo come creare un pittogramma in Excel in 5 semplici passaggi.","breadcrumb":{"@id":"https:\/\/exceladvisor.org\/it\/pittogramma\/#breadcrumb"},"inLanguage":"it-IT","potentialAction":[{"@type":"ReadAction","target":["https:\/\/exceladvisor.org\/it\/pittogramma\/"]}]},{"@type":"ImageObject","inLanguage":"it-IT","@id":"https:\/\/exceladvisor.org\/it\/pittogramma\/#primaryimage","url":"https:\/\/exceladvisor.org\/wp-content\/uploads\/2023\/08\/comment-faire-un-pictogramme-dans-excel-en-utilisant-un-graphique-a-barres-1.png","contentUrl":"https:\/\/exceladvisor.org\/wp-content\/uploads\/2023\/08\/comment-faire-un-pictogramme-dans-excel-en-utilisant-un-graphique-a-barres-1.png"},{"@type":"BreadcrumbList","@id":"https:\/\/exceladvisor.org\/it\/pittogramma\/#breadcrumb","itemListElement":[{"@type":"ListItem","position":1,"name":"Home","item":"https:\/\/exceladvisor.org\/it\/"},{"@type":"ListItem","position":2,"name":"Come creare un pittogramma in excel?"}]},{"@type":"WebSite","@id":"https:\/\/exceladvisor.org\/it\/#website","url":"https:\/\/exceladvisor.org\/it\/","name":"Excel Advisor","description":"Tips, Tricks, and Time-Saving Hacks","publisher":{"@id":"https:\/\/exceladvisor.org\/it\/#organization"},"potentialAction":[{"@type":"SearchAction","target":{"@type":"EntryPoint","urlTemplate":"https:\/\/exceladvisor.org\/it\/?s={search_term_string}"},"query-input":{"@type":"PropertyValueSpecification","valueRequired":true,"valueName":"search_term_string"}}],"inLanguage":"it-IT"},{"@type":"Organization","@id":"https:\/\/exceladvisor.org\/it\/#organization","name":"Excel Advisor","url":"https:\/\/exceladvisor.org\/it\/","logo":{"@type":"ImageObject","inLanguage":"it-IT","@id":"https:\/\/exceladvisor.org\/it\/#\/schema\/logo\/image\/","url":"https:\/\/exceladvisor.org\/it\/wp-content\/uploads\/2023\/12\/exceladvisor.org_.png","contentUrl":"https:\/\/exceladvisor.org\/it\/wp-content\/uploads\/2023\/12\/exceladvisor.org_.png","width":105,"height":36,"caption":"Excel Advisor"},"image":{"@id":"https:\/\/exceladvisor.org\/it\/#\/schema\/logo\/image\/"}}]}},"yoast_meta":{"yoast_wpseo_title":"","yoast_wpseo_metadesc":"","yoast_wpseo_canonical":""},"_links":{"self":[{"href":"https:\/\/exceladvisor.org\/it\/wp-json\/wp\/v2\/pages\/1931","targetHints":{"allow":["GET"]}}],"collection":[{"href":"https:\/\/exceladvisor.org\/it\/wp-json\/wp\/v2\/pages"}],"about":[{"href":"https:\/\/exceladvisor.org\/it\/wp-json\/wp\/v2\/types\/page"}],"author":[{"embeddable":true,"href":"https:\/\/exceladvisor.org\/it\/wp-json\/wp\/v2\/users\/1"}],"replies":[{"embeddable":true,"href":"https:\/\/exceladvisor.org\/it\/wp-json\/wp\/v2\/comments?post=1931"}],"version-history":[{"count":1,"href":"https:\/\/exceladvisor.org\/it\/wp-json\/wp\/v2\/pages\/1931\/revisions"}],"predecessor-version":[{"id":2514,"href":"https:\/\/exceladvisor.org\/it\/wp-json\/wp\/v2\/pages\/1931\/revisions\/2514"}],"wp:attachment":[{"href":"https:\/\/exceladvisor.org\/it\/wp-json\/wp\/v2\/media?parent=1931"}],"curies":[{"name":"wp","href":"https:\/\/api.w.org\/{rel}","templated":true}]}}