{"id":1932,"date":"2023-10-27T15:36:20","date_gmt":"2023-10-27T15:36:20","guid":{"rendered":"https:\/\/exceladvisor.org\/it\/copiare-il-formato-del-grafico\/"},"modified":"2023-12-10T06:22:33","modified_gmt":"2023-12-10T06:22:33","slug":"copiare-il-formato-del-grafico","status":"publish","type":"page","link":"https:\/\/exceladvisor.org\/it\/copiare-il-formato-del-grafico\/","title":{"rendered":"Come copiare e incollare i formati dei grafici?"},"content":{"rendered":"<div class=\"excel-prima-del-contenuto\" id=\"excel-2249156106\"><script type=\"text\/javascript\">\r\n\tatOptions = {\r\n\t\t'key' : 'c1158f160081d6540a8409e6925dab94',\r\n\t\t'format' : 'iframe',\r\n\t\t'height' : 250,\r\n\t\t'width' : 300,\r\n\t\t'params' : {}\r\n\t};\r\n<\/script>\r\n<script type=\"text\/javascript\" src=\"\/\/www.highperformanceformat.com\/c1158f160081d6540a8409e6925dab94\/invoke.js\"><\/script><\/div> <p>Diciamo che con i tuoi sforzi estremi hai formattato un grafico, poi ti rendi conto di avere pi\u00f9 grafici da formattare. Applicare la stessa formattazione a tutti i grafici \u00e8 un compito noioso, la stessa cosa ancora e ancora. \u00c8 un dolore.<\/p><p> La buona notizia \u00e8 che esiste una soluzione super rapida al tuo dolore. Tutto ci\u00f2 di cui hai bisogno sono pochi clic con il mouse. Si \u00e8 vero. Con l&#8217;opzione speciale Incolla, puoi copiare la formattazione da un grafico all&#8217;altro proprio come faresti con un semplice copia e incolla. Impariamo questo trucco e WOW tutti.<\/p><h2 class=\"wp-block-heading\"> Passaggi per copiare la formattazione da un grafico all&#8217;altro <\/h2><div class=\"wp-block-image\"><figure class=\"aligncenter\"><img decoding=\"async\" src=\"https:\/\/exceladvisor.org\/wp-content\/uploads\/2023\/08\/copier-la-mise-en-forme-du-graphique-dun-graphique-a-un-autre-en-utilisant-le-collage-special.gif\" sizes=\"\" srcset=\"\" alt=\"copiare la formattazione del grafico da un grafico all'altro utilizzando Incolla speciale.\"><\/figure><\/div><ol><li> Innanzitutto, fai clic con il pulsante destro del mouse sul grafico da cui desideri copiare la formattazione del grafico.<\/li><li> E poi clicca su copia.<\/li><li> Successivamente, fai clic con il pulsante destro del mouse sull&#8217;altro grafico a cui desideri applicare\/incollare la formattazione.<\/li><li> Ora vai alla scheda Home -&gt; Appunti -&gt; Incolla -&gt; Incolla speciale.<\/li><li> Qui hai una finestra pop-up.<\/li><li> Seleziona i formati e fai clic su OK.<\/li><\/ol><h2 class=\"wp-block-heading\"> Scorciatoia per copiare la formattazione del grafico<\/h2><p> S\u00ec, puoi utilizzare un tasto di scelta rapida per farlo. Basta fare clic sul grafico che desideri copiare e utilizzare Ctrl + C per copiare, quindi selezionare l&#8217;altro grafico. Alla fine, usa il tasto di scelta rapida Alt + E + S per incollare\/applicare la formattazione.<\/p><h2 class=\"wp-block-heading\"> Cose da ricordare<\/h2><ol><li> Non \u00e8 possibile applicare la dimensione di un grafico a un altro grafico.<\/li><li><u><\/u> \u00c8 necessario applicare la formattazione a ciascun grafico uno alla volta; non \u00e8 possibile applicare la formattazione a pi\u00f9 grafici insieme.<\/li><li> Se provi ad applicare la formattazione da un grafico (ad esempio, un grafico a barre) a un altro tipo di grafico (ad esempio, un grafico a linee), ci\u00f2 modificher\u00e0 anche il tipo di grafico di destinazione.<\/li><\/ol><p> Ora non devi preoccuparti di formattare pi\u00f9 grafici. Hai un modo molto rapido per copiare la formattazione del grafico in un altro grafico di Excel. Spero che tu abbia trovato utile questo suggerimento. <strong>Cosa ne pensi?<\/strong> Per favore condividi i tuoi pensieri con me nella sezione commenti, mi piacerebbe sentire la tua opinione.<\/p><p> <strong>Deve leggere i tutorial di grafica<\/strong><\/p><ol><li> <a href=\"https:\/\/exceladvisor.org\/it\/aggiungi-una-linea-orizzontale\/\">Come aggiungere una linea orizzontale a un grafico<\/a><\/li><li> <a href=\"https:\/\/exceladvisor.org\/it\/aggiungi-una-linea-verticale\/\">Come aggiungere una linea verticale a un grafico<\/a><\/li><li> <a href=\"https:\/\/exceladvisor.org\/it\/intervallo-grafico-dinamico\/\">Come creare un intervallo di grafici dinamici in Excel<\/a><\/li><li> <a href=\"https:\/\/exceladvisor.org\/it\/titolo-del-grafico-dinamico\/\">Come creare un titolo di grafico dinamico in Excel<\/a><\/li><li> <a href=\"https:\/\/exceladvisor.org\/it\/grafica-avanzata\/\">I 10 migliori grafici Excel avanzati che dovresti imparare<\/a><\/li><\/ol>","protected":false},"excerpt":{"rendered":"","protected":false},"author":1,"featured_media":0,"parent":0,"menu_order":0,"comment_status":"open","ping_status":"closed","template":"","meta":{"ub_ctt_via":"","footnotes":""},"class_list":["post-1932","page","type-page","status-publish","hentry"],"featured_image_src":null,"yoast_head":"<!-- This site is optimized with the Yoast SEO plugin v25.4 - https:\/\/yoast.com\/wordpress\/plugins\/seo\/ -->\n<title>Come copiare e incollare i formati dei grafici in Excel?<\/title>\n<meta name=\"description\" content=\"Hai molta grafica da formattare? Suggerimento per il checkout per copiare la formattazione del grafico in un altro grafico di Excel.\" \/>\n<meta name=\"robots\" content=\"index, follow, max-snippet:-1, max-image-preview:large, max-video-preview:-1\" \/>\n<link rel=\"canonical\" href=\"https:\/\/exceladvisor.org\/it\/copiare-il-formato-del-grafico\/\" \/>\n<meta property=\"og:locale\" content=\"it_IT\" \/>\n<meta property=\"og:type\" content=\"article\" \/>\n<meta property=\"og:title\" content=\"Come copiare e incollare i formati dei grafici in Excel?\" \/>\n<meta property=\"og:description\" content=\"Hai molta grafica da formattare? Suggerimento per il checkout per copiare la formattazione del grafico in un altro grafico di Excel.\" \/>\n<meta property=\"og:url\" content=\"https:\/\/exceladvisor.org\/it\/copiare-il-formato-del-grafico\/\" \/>\n<meta property=\"og:site_name\" content=\"Excel Advisor\" \/>\n<meta property=\"article:modified_time\" content=\"2023-12-10T06:22:33+00:00\" \/>\n<meta property=\"og:image\" content=\"https:\/\/exceladvisor.org\/wp-content\/uploads\/2023\/08\/copier-la-mise-en-forme-du-graphique-dun-graphique-a-un-autre-en-utilisant-le-collage-special.gif\" \/>\n<meta name=\"twitter:card\" content=\"summary_large_image\" \/>\n<meta name=\"twitter:label1\" content=\"Tempo di lettura stimato\" \/>\n\t<meta name=\"twitter:data1\" content=\"2 minuti\" \/>\n<script type=\"application\/ld+json\" class=\"yoast-schema-graph\">{\"@context\":\"https:\/\/schema.org\",\"@graph\":[{\"@type\":\"WebPage\",\"@id\":\"https:\/\/exceladvisor.org\/it\/copiare-il-formato-del-grafico\/\",\"url\":\"https:\/\/exceladvisor.org\/it\/copiare-il-formato-del-grafico\/\",\"name\":\"Come copiare e incollare i formati dei grafici in Excel?\",\"isPartOf\":{\"@id\":\"https:\/\/exceladvisor.org\/it\/#website\"},\"primaryImageOfPage\":{\"@id\":\"https:\/\/exceladvisor.org\/it\/copiare-il-formato-del-grafico\/#primaryimage\"},\"image\":{\"@id\":\"https:\/\/exceladvisor.org\/it\/copiare-il-formato-del-grafico\/#primaryimage\"},\"thumbnailUrl\":\"https:\/\/exceladvisor.org\/wp-content\/uploads\/2023\/08\/copier-la-mise-en-forme-du-graphique-dun-graphique-a-un-autre-en-utilisant-le-collage-special.gif\",\"datePublished\":\"2023-10-27T15:36:20+00:00\",\"dateModified\":\"2023-12-10T06:22:33+00:00\",\"description\":\"Hai molta grafica da formattare? Suggerimento per il checkout per copiare la formattazione del grafico in un altro grafico di Excel.\",\"breadcrumb\":{\"@id\":\"https:\/\/exceladvisor.org\/it\/copiare-il-formato-del-grafico\/#breadcrumb\"},\"inLanguage\":\"it-IT\",\"potentialAction\":[{\"@type\":\"ReadAction\",\"target\":[\"https:\/\/exceladvisor.org\/it\/copiare-il-formato-del-grafico\/\"]}]},{\"@type\":\"ImageObject\",\"inLanguage\":\"it-IT\",\"@id\":\"https:\/\/exceladvisor.org\/it\/copiare-il-formato-del-grafico\/#primaryimage\",\"url\":\"https:\/\/exceladvisor.org\/wp-content\/uploads\/2023\/08\/copier-la-mise-en-forme-du-graphique-dun-graphique-a-un-autre-en-utilisant-le-collage-special.gif\",\"contentUrl\":\"https:\/\/exceladvisor.org\/wp-content\/uploads\/2023\/08\/copier-la-mise-en-forme-du-graphique-dun-graphique-a-un-autre-en-utilisant-le-collage-special.gif\"},{\"@type\":\"BreadcrumbList\",\"@id\":\"https:\/\/exceladvisor.org\/it\/copiare-il-formato-del-grafico\/#breadcrumb\",\"itemListElement\":[{\"@type\":\"ListItem\",\"position\":1,\"name\":\"Home\",\"item\":\"https:\/\/exceladvisor.org\/it\/\"},{\"@type\":\"ListItem\",\"position\":2,\"name\":\"Come copiare e incollare i formati dei grafici?\"}]},{\"@type\":\"WebSite\",\"@id\":\"https:\/\/exceladvisor.org\/it\/#website\",\"url\":\"https:\/\/exceladvisor.org\/it\/\",\"name\":\"Excel Advisor\",\"description\":\"Tips, Tricks, and Time-Saving Hacks\",\"publisher\":{\"@id\":\"https:\/\/exceladvisor.org\/it\/#organization\"},\"potentialAction\":[{\"@type\":\"SearchAction\",\"target\":{\"@type\":\"EntryPoint\",\"urlTemplate\":\"https:\/\/exceladvisor.org\/it\/?s={search_term_string}\"},\"query-input\":{\"@type\":\"PropertyValueSpecification\",\"valueRequired\":true,\"valueName\":\"search_term_string\"}}],\"inLanguage\":\"it-IT\"},{\"@type\":\"Organization\",\"@id\":\"https:\/\/exceladvisor.org\/it\/#organization\",\"name\":\"Excel Advisor\",\"url\":\"https:\/\/exceladvisor.org\/it\/\",\"logo\":{\"@type\":\"ImageObject\",\"inLanguage\":\"it-IT\",\"@id\":\"https:\/\/exceladvisor.org\/it\/#\/schema\/logo\/image\/\",\"url\":\"https:\/\/exceladvisor.org\/it\/wp-content\/uploads\/2023\/12\/exceladvisor.org_.png\",\"contentUrl\":\"https:\/\/exceladvisor.org\/it\/wp-content\/uploads\/2023\/12\/exceladvisor.org_.png\",\"width\":105,\"height\":36,\"caption\":\"Excel Advisor\"},\"image\":{\"@id\":\"https:\/\/exceladvisor.org\/it\/#\/schema\/logo\/image\/\"}}]}<\/script>\n<!-- \/ Yoast SEO plugin. -->","yoast_head_json":{"title":"Come copiare e incollare i formati dei grafici in Excel?","description":"Hai molta grafica da formattare? Suggerimento per il checkout per copiare la formattazione del grafico in un altro grafico di Excel.","robots":{"index":"index","follow":"follow","max-snippet":"max-snippet:-1","max-image-preview":"max-image-preview:large","max-video-preview":"max-video-preview:-1"},"canonical":"https:\/\/exceladvisor.org\/it\/copiare-il-formato-del-grafico\/","og_locale":"it_IT","og_type":"article","og_title":"Come copiare e incollare i formati dei grafici in Excel?","og_description":"Hai molta grafica da formattare? Suggerimento per il checkout per copiare la formattazione del grafico in un altro grafico di Excel.","og_url":"https:\/\/exceladvisor.org\/it\/copiare-il-formato-del-grafico\/","og_site_name":"Excel Advisor","article_modified_time":"2023-12-10T06:22:33+00:00","og_image":[{"url":"https:\/\/exceladvisor.org\/wp-content\/uploads\/2023\/08\/copier-la-mise-en-forme-du-graphique-dun-graphique-a-un-autre-en-utilisant-le-collage-special.gif","type":"","width":"","height":""}],"twitter_card":"summary_large_image","twitter_misc":{"Tempo di lettura stimato":"2 minuti"},"schema":{"@context":"https:\/\/schema.org","@graph":[{"@type":"WebPage","@id":"https:\/\/exceladvisor.org\/it\/copiare-il-formato-del-grafico\/","url":"https:\/\/exceladvisor.org\/it\/copiare-il-formato-del-grafico\/","name":"Come copiare e incollare i formati dei grafici in Excel?","isPartOf":{"@id":"https:\/\/exceladvisor.org\/it\/#website"},"primaryImageOfPage":{"@id":"https:\/\/exceladvisor.org\/it\/copiare-il-formato-del-grafico\/#primaryimage"},"image":{"@id":"https:\/\/exceladvisor.org\/it\/copiare-il-formato-del-grafico\/#primaryimage"},"thumbnailUrl":"https:\/\/exceladvisor.org\/wp-content\/uploads\/2023\/08\/copier-la-mise-en-forme-du-graphique-dun-graphique-a-un-autre-en-utilisant-le-collage-special.gif","datePublished":"2023-10-27T15:36:20+00:00","dateModified":"2023-12-10T06:22:33+00:00","description":"Hai molta grafica da formattare? Suggerimento per il checkout per copiare la formattazione del grafico in un altro grafico di Excel.","breadcrumb":{"@id":"https:\/\/exceladvisor.org\/it\/copiare-il-formato-del-grafico\/#breadcrumb"},"inLanguage":"it-IT","potentialAction":[{"@type":"ReadAction","target":["https:\/\/exceladvisor.org\/it\/copiare-il-formato-del-grafico\/"]}]},{"@type":"ImageObject","inLanguage":"it-IT","@id":"https:\/\/exceladvisor.org\/it\/copiare-il-formato-del-grafico\/#primaryimage","url":"https:\/\/exceladvisor.org\/wp-content\/uploads\/2023\/08\/copier-la-mise-en-forme-du-graphique-dun-graphique-a-un-autre-en-utilisant-le-collage-special.gif","contentUrl":"https:\/\/exceladvisor.org\/wp-content\/uploads\/2023\/08\/copier-la-mise-en-forme-du-graphique-dun-graphique-a-un-autre-en-utilisant-le-collage-special.gif"},{"@type":"BreadcrumbList","@id":"https:\/\/exceladvisor.org\/it\/copiare-il-formato-del-grafico\/#breadcrumb","itemListElement":[{"@type":"ListItem","position":1,"name":"Home","item":"https:\/\/exceladvisor.org\/it\/"},{"@type":"ListItem","position":2,"name":"Come copiare e incollare i formati dei grafici?"}]},{"@type":"WebSite","@id":"https:\/\/exceladvisor.org\/it\/#website","url":"https:\/\/exceladvisor.org\/it\/","name":"Excel Advisor","description":"Tips, Tricks, and Time-Saving Hacks","publisher":{"@id":"https:\/\/exceladvisor.org\/it\/#organization"},"potentialAction":[{"@type":"SearchAction","target":{"@type":"EntryPoint","urlTemplate":"https:\/\/exceladvisor.org\/it\/?s={search_term_string}"},"query-input":{"@type":"PropertyValueSpecification","valueRequired":true,"valueName":"search_term_string"}}],"inLanguage":"it-IT"},{"@type":"Organization","@id":"https:\/\/exceladvisor.org\/it\/#organization","name":"Excel Advisor","url":"https:\/\/exceladvisor.org\/it\/","logo":{"@type":"ImageObject","inLanguage":"it-IT","@id":"https:\/\/exceladvisor.org\/it\/#\/schema\/logo\/image\/","url":"https:\/\/exceladvisor.org\/it\/wp-content\/uploads\/2023\/12\/exceladvisor.org_.png","contentUrl":"https:\/\/exceladvisor.org\/it\/wp-content\/uploads\/2023\/12\/exceladvisor.org_.png","width":105,"height":36,"caption":"Excel Advisor"},"image":{"@id":"https:\/\/exceladvisor.org\/it\/#\/schema\/logo\/image\/"}}]}},"yoast_meta":{"yoast_wpseo_title":"","yoast_wpseo_metadesc":"","yoast_wpseo_canonical":""},"_links":{"self":[{"href":"https:\/\/exceladvisor.org\/it\/wp-json\/wp\/v2\/pages\/1932","targetHints":{"allow":["GET"]}}],"collection":[{"href":"https:\/\/exceladvisor.org\/it\/wp-json\/wp\/v2\/pages"}],"about":[{"href":"https:\/\/exceladvisor.org\/it\/wp-json\/wp\/v2\/types\/page"}],"author":[{"embeddable":true,"href":"https:\/\/exceladvisor.org\/it\/wp-json\/wp\/v2\/users\/1"}],"replies":[{"embeddable":true,"href":"https:\/\/exceladvisor.org\/it\/wp-json\/wp\/v2\/comments?post=1932"}],"version-history":[{"count":1,"href":"https:\/\/exceladvisor.org\/it\/wp-json\/wp\/v2\/pages\/1932\/revisions"}],"predecessor-version":[{"id":2426,"href":"https:\/\/exceladvisor.org\/it\/wp-json\/wp\/v2\/pages\/1932\/revisions\/2426"}],"wp:attachment":[{"href":"https:\/\/exceladvisor.org\/it\/wp-json\/wp\/v2\/media?parent=1932"}],"curies":[{"name":"wp","href":"https:\/\/api.w.org\/{rel}","templated":true}]}}