{"id":1934,"date":"2023-10-27T15:13:27","date_gmt":"2023-10-27T15:13:27","guid":{"rendered":"https:\/\/exceladvisor.org\/it\/addominali-1\/"},"modified":"2023-12-10T06:27:45","modified_gmt":"2023-12-10T06:27:45","slug":"addominali-1","status":"publish","type":"page","link":"https:\/\/exceladvisor.org\/it\/addominali-1\/","title":{"rendered":"Funzione abs vba (ottieni valore assoluto)"},"content":{"rendered":"<div class=\"excel-prima-del-contenuto\" id=\"excel-195228264\"><script type=\"text\/javascript\">\r\n\tatOptions = {\r\n\t\t'key' : 'c1158f160081d6540a8409e6925dab94',\r\n\t\t'format' : 'iframe',\r\n\t\t'height' : 250,\r\n\t\t'width' : 300,\r\n\t\t'params' : {}\r\n\t};\r\n<\/script>\r\n<script type=\"text\/javascript\" src=\"\/\/www.highperformanceformat.com\/c1158f160081d6540a8409e6925dab94\/invoke.js\"><\/script><\/div> <p>La funzione ABS VBA \u00e8 elencata nella categoria matematica delle funzioni VBA. Quando lo usi nel codice VBA, <strong><mark class=\"has-inline-color has-vivid-red-color\" style=\"background-color: rgba(0, 0, 0, 0);\">restituisce un numero assoluto nel risultato<\/mark><\/strong> . In termini semplici, restituisce un numero non negativo, il che significa che se specifichi un numero negativo, rimuover\u00e0 il suo segno e lo restituir\u00e0 nel risultato.<\/p><h2 class=\"wp-block-heading\"> Sintassi<\/h2><p> <strong>Ass(numero)<\/strong><\/p><h2 class=\"wp-block-heading\"> argomenti<\/h2><ul><li> <strong>Numero<\/strong> : il numero che desideri convertire in un valore assoluto (numero).<\/li><\/ul><h2 class=\"wp-block-heading\"> Esempio<\/h2><p> Per capire praticamente come utilizzare la funzione ABS VBA, \u00e8 necessario seguire l&#8217;esempio seguente in cui abbiamo scritto un codice VBA utilizzandola: <\/p><div class=\"wp-block-image\"><figure class=\"aligncenter is-resized\"><img loading=\"lazy\" decoding=\"async\" src=\"https:\/\/exceladvisor.org\/wp-content\/uploads\/2023\/08\/exemple-de-fonction-vba-abs.png\" sizes=\"auto, \" srcset=\"\" alt=\"funzione-esempio-vba-abs\" width=\"684\" height=\"495\"><\/figure><\/div><pre class=\"wp-block-code\"> <code class=\"language-visual-basic\" lang=\"visual-basic\">Sub example_ABS() Range(\"B1\").Value = Abs(Range(\"A1\")) End Sub<\/code><\/pre><p> Nell&#8217;esempio sopra, abbiamo utilizzato il valore della cella A1 dove abbiamo un numero negativo (-1029), quindi abbiamo utilizzato la funzione ABS per convertire questo valore in un numero assoluto e inserire questo valore nella cella B1. Quindi, in pratica, quando esegui questo codice, prende semplicemente il valore dalla cella A1 e lo converte in un numero assoluto.<\/p><h2 class=\"wp-block-heading\"> Commenti<\/h2><ul><li> Se il valore specificato \u00e8 un valore diverso da un numero o un numero che non pu\u00f2 essere riconosciuto come numero, VBA restituir\u00e0 l&#8217;errore di runtime 13.<\/li><li> Se il valore fornito \u00e8 NULL, restituir\u00e0 NULL nel risultato. <\/li><\/ul><div class=\"wp-block-group more-tutorials is-layout-flow\"><div class=\"wp-block-group__inner-container\"><h2 class=\"wp-block-heading\"> Altri tutorial <\/h2><div class=\"wp-block-columns is-layout-flex wp-container-55\"><div class=\"wp-block-column is-layout-flow\"><ul><li> <a href=\"https:\/\/exceladvisor.org\/it\/atn\/\">ATN VBA<\/a><\/li><li> <a href=\"https:\/\/exceladvisor.org\/it\/cos\/\">Perch\u00e9 VBA<\/a><\/li><li> <a href=\"https:\/\/exceladvisor.org\/it\/esp\/\">ESPERIENZA VBA<\/a><\/li><li> <a href=\"https:\/\/exceladvisor.org\/it\/aggiustare\/\">CORREZIONE VBA<\/a><\/li><li> <a href=\"https:\/\/exceladvisor.org\/it\/int\/\">VBAINT<\/a><\/li><li> <a href=\"https:\/\/exceladvisor.org\/it\/registro-vba\/\">REGISTRO VBA<\/a><\/li><\/ul><\/div><div class=\"wp-block-column is-layout-flow\"><\/div><\/div><\/div><\/div>","protected":false},"excerpt":{"rendered":"","protected":false},"author":1,"featured_media":0,"parent":0,"menu_order":0,"comment_status":"open","ping_status":"closed","template":"","meta":{"ub_ctt_via":"","footnotes":""},"class_list":["post-1934","page","type-page","status-publish","hentry"],"featured_image_src":null,"yoast_head":"<!-- This site is optimized with the Yoast SEO plugin v25.4 - https:\/\/yoast.com\/wordpress\/plugins\/seo\/ -->\n<title>Come utilizzare la funzione ABS VBA?<\/title>\n<meta name=\"description\" content=\"Scopri come utilizzare la funzione ABS di VBA per ottenere un valore assoluto in pochi semplici e facili passaggi.\" \/>\n<meta name=\"robots\" content=\"index, follow, max-snippet:-1, max-image-preview:large, max-video-preview:-1\" \/>\n<link rel=\"canonical\" href=\"https:\/\/exceladvisor.org\/it\/addominali-1\/\" \/>\n<meta property=\"og:locale\" content=\"it_IT\" \/>\n<meta property=\"og:type\" content=\"article\" \/>\n<meta property=\"og:title\" content=\"Come utilizzare la funzione ABS VBA?\" \/>\n<meta property=\"og:description\" content=\"Scopri come utilizzare la funzione ABS di VBA per ottenere un valore assoluto in pochi semplici e facili passaggi.\" \/>\n<meta property=\"og:url\" content=\"https:\/\/exceladvisor.org\/it\/addominali-1\/\" \/>\n<meta property=\"og:site_name\" content=\"Excel Advisor\" \/>\n<meta property=\"article:modified_time\" content=\"2023-12-10T06:27:45+00:00\" \/>\n<meta property=\"og:image\" content=\"https:\/\/exceladvisor.org\/wp-content\/uploads\/2023\/08\/exemple-de-fonction-vba-abs.png\" \/>\n<meta name=\"twitter:card\" content=\"summary_large_image\" \/>\n<meta name=\"twitter:label1\" content=\"Tempo di lettura stimato\" \/>\n\t<meta name=\"twitter:data1\" content=\"1 minuto\" \/>\n<script type=\"application\/ld+json\" class=\"yoast-schema-graph\">{\"@context\":\"https:\/\/schema.org\",\"@graph\":[{\"@type\":\"WebPage\",\"@id\":\"https:\/\/exceladvisor.org\/it\/addominali-1\/\",\"url\":\"https:\/\/exceladvisor.org\/it\/addominali-1\/\",\"name\":\"Come utilizzare la funzione ABS VBA?\",\"isPartOf\":{\"@id\":\"https:\/\/exceladvisor.org\/it\/#website\"},\"primaryImageOfPage\":{\"@id\":\"https:\/\/exceladvisor.org\/it\/addominali-1\/#primaryimage\"},\"image\":{\"@id\":\"https:\/\/exceladvisor.org\/it\/addominali-1\/#primaryimage\"},\"thumbnailUrl\":\"https:\/\/exceladvisor.org\/wp-content\/uploads\/2023\/08\/exemple-de-fonction-vba-abs.png\",\"datePublished\":\"2023-10-27T15:13:27+00:00\",\"dateModified\":\"2023-12-10T06:27:45+00:00\",\"description\":\"Scopri come utilizzare la funzione ABS di VBA per ottenere un valore assoluto in pochi semplici e facili passaggi.\",\"breadcrumb\":{\"@id\":\"https:\/\/exceladvisor.org\/it\/addominali-1\/#breadcrumb\"},\"inLanguage\":\"it-IT\",\"potentialAction\":[{\"@type\":\"ReadAction\",\"target\":[\"https:\/\/exceladvisor.org\/it\/addominali-1\/\"]}]},{\"@type\":\"ImageObject\",\"inLanguage\":\"it-IT\",\"@id\":\"https:\/\/exceladvisor.org\/it\/addominali-1\/#primaryimage\",\"url\":\"https:\/\/exceladvisor.org\/wp-content\/uploads\/2023\/08\/exemple-de-fonction-vba-abs.png\",\"contentUrl\":\"https:\/\/exceladvisor.org\/wp-content\/uploads\/2023\/08\/exemple-de-fonction-vba-abs.png\"},{\"@type\":\"BreadcrumbList\",\"@id\":\"https:\/\/exceladvisor.org\/it\/addominali-1\/#breadcrumb\",\"itemListElement\":[{\"@type\":\"ListItem\",\"position\":1,\"name\":\"Home\",\"item\":\"https:\/\/exceladvisor.org\/it\/\"},{\"@type\":\"ListItem\",\"position\":2,\"name\":\"Funzione abs vba (ottieni valore assoluto)\"}]},{\"@type\":\"WebSite\",\"@id\":\"https:\/\/exceladvisor.org\/it\/#website\",\"url\":\"https:\/\/exceladvisor.org\/it\/\",\"name\":\"Excel Advisor\",\"description\":\"Tips, Tricks, and Time-Saving Hacks\",\"publisher\":{\"@id\":\"https:\/\/exceladvisor.org\/it\/#organization\"},\"potentialAction\":[{\"@type\":\"SearchAction\",\"target\":{\"@type\":\"EntryPoint\",\"urlTemplate\":\"https:\/\/exceladvisor.org\/it\/?s={search_term_string}\"},\"query-input\":{\"@type\":\"PropertyValueSpecification\",\"valueRequired\":true,\"valueName\":\"search_term_string\"}}],\"inLanguage\":\"it-IT\"},{\"@type\":\"Organization\",\"@id\":\"https:\/\/exceladvisor.org\/it\/#organization\",\"name\":\"Excel Advisor\",\"url\":\"https:\/\/exceladvisor.org\/it\/\",\"logo\":{\"@type\":\"ImageObject\",\"inLanguage\":\"it-IT\",\"@id\":\"https:\/\/exceladvisor.org\/it\/#\/schema\/logo\/image\/\",\"url\":\"https:\/\/exceladvisor.org\/it\/wp-content\/uploads\/2023\/12\/exceladvisor.org_.png\",\"contentUrl\":\"https:\/\/exceladvisor.org\/it\/wp-content\/uploads\/2023\/12\/exceladvisor.org_.png\",\"width\":105,\"height\":36,\"caption\":\"Excel Advisor\"},\"image\":{\"@id\":\"https:\/\/exceladvisor.org\/it\/#\/schema\/logo\/image\/\"}}]}<\/script>\n<!-- \/ Yoast SEO plugin. -->","yoast_head_json":{"title":"Come utilizzare la funzione ABS VBA?","description":"Scopri come utilizzare la funzione ABS di VBA per ottenere un valore assoluto in pochi semplici e facili passaggi.","robots":{"index":"index","follow":"follow","max-snippet":"max-snippet:-1","max-image-preview":"max-image-preview:large","max-video-preview":"max-video-preview:-1"},"canonical":"https:\/\/exceladvisor.org\/it\/addominali-1\/","og_locale":"it_IT","og_type":"article","og_title":"Come utilizzare la funzione ABS VBA?","og_description":"Scopri come utilizzare la funzione ABS di VBA per ottenere un valore assoluto in pochi semplici e facili passaggi.","og_url":"https:\/\/exceladvisor.org\/it\/addominali-1\/","og_site_name":"Excel Advisor","article_modified_time":"2023-12-10T06:27:45+00:00","og_image":[{"url":"https:\/\/exceladvisor.org\/wp-content\/uploads\/2023\/08\/exemple-de-fonction-vba-abs.png","type":"","width":"","height":""}],"twitter_card":"summary_large_image","twitter_misc":{"Tempo di lettura stimato":"1 minuto"},"schema":{"@context":"https:\/\/schema.org","@graph":[{"@type":"WebPage","@id":"https:\/\/exceladvisor.org\/it\/addominali-1\/","url":"https:\/\/exceladvisor.org\/it\/addominali-1\/","name":"Come utilizzare la funzione ABS VBA?","isPartOf":{"@id":"https:\/\/exceladvisor.org\/it\/#website"},"primaryImageOfPage":{"@id":"https:\/\/exceladvisor.org\/it\/addominali-1\/#primaryimage"},"image":{"@id":"https:\/\/exceladvisor.org\/it\/addominali-1\/#primaryimage"},"thumbnailUrl":"https:\/\/exceladvisor.org\/wp-content\/uploads\/2023\/08\/exemple-de-fonction-vba-abs.png","datePublished":"2023-10-27T15:13:27+00:00","dateModified":"2023-12-10T06:27:45+00:00","description":"Scopri come utilizzare la funzione ABS di VBA per ottenere un valore assoluto in pochi semplici e facili passaggi.","breadcrumb":{"@id":"https:\/\/exceladvisor.org\/it\/addominali-1\/#breadcrumb"},"inLanguage":"it-IT","potentialAction":[{"@type":"ReadAction","target":["https:\/\/exceladvisor.org\/it\/addominali-1\/"]}]},{"@type":"ImageObject","inLanguage":"it-IT","@id":"https:\/\/exceladvisor.org\/it\/addominali-1\/#primaryimage","url":"https:\/\/exceladvisor.org\/wp-content\/uploads\/2023\/08\/exemple-de-fonction-vba-abs.png","contentUrl":"https:\/\/exceladvisor.org\/wp-content\/uploads\/2023\/08\/exemple-de-fonction-vba-abs.png"},{"@type":"BreadcrumbList","@id":"https:\/\/exceladvisor.org\/it\/addominali-1\/#breadcrumb","itemListElement":[{"@type":"ListItem","position":1,"name":"Home","item":"https:\/\/exceladvisor.org\/it\/"},{"@type":"ListItem","position":2,"name":"Funzione abs vba (ottieni valore assoluto)"}]},{"@type":"WebSite","@id":"https:\/\/exceladvisor.org\/it\/#website","url":"https:\/\/exceladvisor.org\/it\/","name":"Excel Advisor","description":"Tips, Tricks, and Time-Saving Hacks","publisher":{"@id":"https:\/\/exceladvisor.org\/it\/#organization"},"potentialAction":[{"@type":"SearchAction","target":{"@type":"EntryPoint","urlTemplate":"https:\/\/exceladvisor.org\/it\/?s={search_term_string}"},"query-input":{"@type":"PropertyValueSpecification","valueRequired":true,"valueName":"search_term_string"}}],"inLanguage":"it-IT"},{"@type":"Organization","@id":"https:\/\/exceladvisor.org\/it\/#organization","name":"Excel Advisor","url":"https:\/\/exceladvisor.org\/it\/","logo":{"@type":"ImageObject","inLanguage":"it-IT","@id":"https:\/\/exceladvisor.org\/it\/#\/schema\/logo\/image\/","url":"https:\/\/exceladvisor.org\/it\/wp-content\/uploads\/2023\/12\/exceladvisor.org_.png","contentUrl":"https:\/\/exceladvisor.org\/it\/wp-content\/uploads\/2023\/12\/exceladvisor.org_.png","width":105,"height":36,"caption":"Excel Advisor"},"image":{"@id":"https:\/\/exceladvisor.org\/it\/#\/schema\/logo\/image\/"}}]}},"yoast_meta":{"yoast_wpseo_title":"","yoast_wpseo_metadesc":"","yoast_wpseo_canonical":""},"_links":{"self":[{"href":"https:\/\/exceladvisor.org\/it\/wp-json\/wp\/v2\/pages\/1934","targetHints":{"allow":["GET"]}}],"collection":[{"href":"https:\/\/exceladvisor.org\/it\/wp-json\/wp\/v2\/pages"}],"about":[{"href":"https:\/\/exceladvisor.org\/it\/wp-json\/wp\/v2\/types\/page"}],"author":[{"embeddable":true,"href":"https:\/\/exceladvisor.org\/it\/wp-json\/wp\/v2\/users\/1"}],"replies":[{"embeddable":true,"href":"https:\/\/exceladvisor.org\/it\/wp-json\/wp\/v2\/comments?post=1934"}],"version-history":[{"count":1,"href":"https:\/\/exceladvisor.org\/it\/wp-json\/wp\/v2\/pages\/1934\/revisions"}],"predecessor-version":[{"id":2910,"href":"https:\/\/exceladvisor.org\/it\/wp-json\/wp\/v2\/pages\/1934\/revisions\/2910"}],"wp:attachment":[{"href":"https:\/\/exceladvisor.org\/it\/wp-json\/wp\/v2\/media?parent=1934"}],"curies":[{"name":"wp","href":"https:\/\/api.w.org\/{rel}","templated":true}]}}