{"id":1943,"date":"2023-10-27T00:16:49","date_gmt":"2023-10-27T00:16:49","guid":{"rendered":"https:\/\/exceladvisor.org\/it\/correzione-automatica\/"},"modified":"2023-12-10T06:26:45","modified_gmt":"2023-12-10T06:26:45","slug":"correzione-automatica","status":"publish","type":"page","link":"https:\/\/exceladvisor.org\/it\/correzione-automatica\/","title":{"rendered":"Come utilizzare la correzione automatica in excel?"},"content":{"rendered":"<div class=\"excel-prima-del-contenuto\" id=\"excel-2848070278\"><script type=\"text\/javascript\">\r\n\tatOptions = {\r\n\t\t'key' : 'c1158f160081d6540a8409e6925dab94',\r\n\t\t'format' : 'iframe',\r\n\t\t'height' : 250,\r\n\t\t'width' : 300,\r\n\t\t'params' : {}\r\n\t};\r\n<\/script>\r\n<script type=\"text\/javascript\" src=\"\/\/www.highperformanceformat.com\/c1158f160081d6540a8409e6925dab94\/invoke.js\"><\/script><\/div> <p>Come suggerisce il nome, Correzione automatica \u00e8 una funzionalit\u00e0 di Excel che corregge automaticamente le parole errate. Ma non si limita solo a correggere le parole errate. Ha molte funzionalit\u00e0 aggiuntive con le quali pu\u00f2 essere utilizzato per:<\/p><ul><li> Errori di battitura corretti,<\/li><li> Errori di capitalizzazione,<\/li><li> Convertire le abbreviazioni in testo completo,<\/li><li> Aggiungi segni di spunta,<\/li><li> Simboli,<\/li><li> Eccetera.<\/li><\/ul><p> In questo tutorial imparerai le diverse opzioni disponibili per l&#8217;uso nella funzione Correzione automatica.<\/p><h2 class=\"wp-block-heading\"> Seleziona solo le opzioni di correzione automatica richieste in Excel<\/h2><p> La correzione automatica \u00e8 la funzionalit\u00e0 abilitata per impostazione predefinita in Excel con tutte le opzioni disponibili. Tuttavia, puoi scegliere e disabilitare una o pi\u00f9 opzioni che non desideri utilizzare come parte della funzione di correzione automatica e per questo devi seguire i seguenti passaggi:<\/p><ol><li> Innanzitutto, vai alla scheda &#8220;File&#8221; sulla barra multifunzione, quindi fai clic su &#8220;Opzioni&#8221; e si aprir\u00e0 la finestra di dialogo &#8220;Opzioni Excel&#8221;. <br><img loading=\"lazy\" decoding=\"async\" title=\"1-opzioni-excel\" src=\"https:\/\/exceladvisor.org\/wp-content\/uploads\/2023\/08\/1-option-excel.png\" sizes=\"auto, \" srcset=\"\" alt=\"excel-options\" width=\"517\" height=\"480\"><\/li><li> Successivamente, fai clic su &#8220;Prove&#8221; nel pannello di sinistra, quindi su &#8220;Opzioni di correzione automatica&#8221;. <br><img loading=\"lazy\" decoding=\"async\" title=\"Opzione 2-correzione automatica\" src=\"https:\/\/exceladvisor.org\/wp-content\/uploads\/2023\/08\/2-options-de-correction-automatique.png\" sizes=\"auto, \" srcset=\"\" alt=\"autocorrect-option\" width=\"552\" height=\"418\"><\/li><li> A questo punto, verr\u00e0 aperta la finestra di dialogo &#8220;Correzione automatica&#8221; con tutte le opzioni predefinite gi\u00e0 selezionate.<\/li><li> Nella scheda &#8220;Correzione automatica&#8221;, deseleziona l&#8217;opzione che non desideri utilizzare come parte della funzione Correzione automatica, quindi fai clic su OK. La funzione di correzione automatica verr\u00e0 abilitata escludendo questa opzione. <br><img loading=\"lazy\" decoding=\"async\" title=\"Finestra di dialogo con 3 correzioni automatiche\" src=\"https:\/\/exceladvisor.org\/wp-content\/uploads\/2023\/08\/3-boite-de-dialogue-de-correction-automatique.png\" sizes=\"auto, \" srcset=\"\" alt=\"autocorrect-dialog-box\" width=\"359\" height=\"428\"><\/li><\/ol><h2 class=\"wp-block-heading\"> Opzioni della scheda Correzione automatica<\/h2><p> In Correzione automatica sono disponibili numerose opzioni, selezionate per impostazione predefinita per l&#8217;utilizzo con la funzionalit\u00e0 Correzione automatica. Qui abbiamo spiegato le definizioni di queste opzioni affinch\u00e9 tu possa capirle.<\/p><ol><li> <strong>Correggi entrambe le maiuscole iniziali:<\/strong> questa opzione, se abilitata, corregge automaticamente le prime due lettere maiuscole iniziali delle parole. Ad esempio, se scrivi &#8220;MESsage&#8221;, lo corregger\u00e0 automaticamente come Messaggio. Tuttavia, se deseleziona questa opzione, la correzione automatica non corregger\u00e0 le prime due lettere maiuscole iniziali.<\/li><li> <strong>Rende maiuscola la prima lettera delle frasi:<\/strong> questa opzione, se abilitata, rende automaticamente maiuscola la prima lettera di ogni nuova frase. Ad esempio, se scrivi &#8220;Come state ragazzi? stiamo bene\u201d, render\u00e0 automaticamente maiuscola la lettera \u201cw\u201d in noi e former\u00e0 la frase \u201cCome state ragazzi. Stiamo bene.<\/li><li> <strong>Metti in maiuscolo i nomi dei giorni:<\/strong> come suggerisce il nome, questa opzione, se abilitata, rende automaticamente maiuscolo il nome dei giorni immessi in Excel. Ad esempio, se scrivi &#8220;Domenica&#8221;, la lettera &#8220;s&#8221; verr\u00e0 maiuscola e diventa &#8220;Domenica&#8221;.<\/li><li> <strong>Correggi l&#8217;uso accidentale del tasto BLOC MAIUSC:<\/strong> questa opzione, se abilitata, corregge automaticamente le parole scritte accidentalmente utilizzando il blocco maiuscole. Ad esempio, se scrivi &#8220;domenica&#8221;, la parola viene corretta automaticamente in &#8220;domenica&#8221;.<\/li><li> <strong>Sostituisci il testo durante la digitazione:<\/strong> questa opzione viene utilizzata per sostituire alcuni codici brevi, testo completo o abbreviazioni, sostituire parte del testo con simboli e sostituire alcune parole errate con le parole corrette. La correzione automatica ha gi\u00e0 l&#8217;elenco predefinito di testo e parole che quando li inseriamo nel foglio di calcolo verranno automaticamente sostituiti con i risultati predefiniti. \u00c8 possibile rimuovere alcune parole predefinite dall&#8217;elenco ed espandere l&#8217;elenco aggiungendo altre parole all&#8217;elenco.<\/li><\/ol><h2 class=\"wp-block-heading\"> Eccezioni di correzione automatica<\/h2><p> La funzione di correzione automatica ha anche la capacit\u00e0 di impostare determinate eccezioni. Troverai l&#8217;elenco predefinito sotto le eccezioni che puoi espandere aggiungendo altre eccezioni o eliminare rimuovendo le eccezioni non necessarie dall&#8217;elenco.<\/p><ol><li> Nella scheda Correzione automatica, fare clic sul pulsante &#8220;Eccezioni&#8221;. <br><img loading=\"lazy\" decoding=\"async\" title=\"4 eccezioni di correzione automatica\" src=\"https:\/\/exceladvisor.org\/wp-content\/uploads\/2023\/08\/4-exceptions-de-correction-automatique.png\" sizes=\"auto, \" srcset=\"\" alt=\"autocorrect-exceptions\" width=\"364\" height=\"433\"><\/li><li> Dopo aver fatto clic sul pulsante &#8220;Eccezioni&#8221;, si apre la finestra di dialogo &#8220;Eccezioni correzione automatica&#8221;.<\/li><li> Nella scheda &#8220;Prima lettera&#8221;, troverai l&#8217;elenco predefinito di eccezioni secondo cui dopo il punto (.)\/punto di lettere o parole specifiche, la correzione automatica non render\u00e0 maiuscola la prima lettera. Puoi estendere o eliminare questo elenco in base alle tue esigenze. <br><img loading=\"lazy\" decoding=\"async\" title=\"scheda 5-prima lettera\" src=\"https:\/\/exceladvisor.org\/wp-content\/uploads\/2023\/08\/5-onglet-premiere-lettre.png\" sizes=\"auto, \" srcset=\"\" alt=\"first-letter-tab\" width=\"337\" height=\"265\"><\/li><li> Nella scheda &#8220;Maiuscole iniziali&#8221;, puoi aggiungere l&#8217;elenco di parole in cui non desideri che la correzione automatica controlli le prime due lettere maiuscole delle parole come fa quando selezioni le opzioni &#8220;due lettere iniziali maiuscole&#8221; nelle opzioni di correzione automatica, come menzionato sopra. <br><img loading=\"lazy\" decoding=\"async\" title=\"scheda 6 lettere maiuscole iniziali\" src=\"https:\/\/exceladvisor.org\/wp-content\/uploads\/2023\/08\/Onglet-6-majuscules-initiales.png\" sizes=\"auto, \" srcset=\"\" alt=\"initial-caps-tab\" width=\"333\" height=\"261\"><\/li><\/ol><p> Come puoi vedere nello screenshot qui sopra, abbiamo aggiunto &#8220;Exceladvisor&#8221; e IDs&#8221; nell&#8217;elenco, il che significa che d&#8217;ora in poi, ogni volta che inseriremo queste due parole nel foglio di calcolo, la correzione automatica non modificher\u00e0 la seconda lettera della parola to finisce perch\u00e9 abbiamo definito l&#8217;eccezione per queste due parole.<\/p><h2 class=\"wp-block-heading\"> Opzioni di formattazione automatica durante la digitazione<\/h2><p> La scheda Formato automatico \u00e8 composta da tre opzioni di formato automatico selezionate per impostazione predefinita che sono molto utili quando si lavora in Excel, come spiegato di seguito: <\/p><div class=\"wp-block-image\"><figure class=\"aligncenter size-full is-resized\"><img loading=\"lazy\" decoding=\"async\" class=\"wp-image-79157\" src=\"https:\/\/exceladvisor.org\/wp-content\/uploads\/2023\/08\/7-mise-en-forme-automatique-au-fur-et-a-mesure-de-la-frappe.png\" sizes=\"auto, \" srcset=\"\" alt=\"formattazione automatica durante la digitazione\" width=\"391\" height=\"461\"><\/figure><\/div><ol><li> <strong>Percorso Internet e di rete con collegamenti ipertestuali:<\/strong> hai sempre visto che quando inserisci un collegamento ipertestuale o un indirizzo Web nel foglio di calcolo, viene convertito in un collegamento ipertestuale facendo clic su quello che pu\u00f2 reindirizzare a quell&#8217;indirizzo di collegamento. Tutto questo avviene grazie a questa opzione. Se non desideri convertire questi collegamenti in collegamenti ipertestuali, deseleziona questa opzione.<\/li><li> <strong>Nuove righe e colonne nella tabella:<\/strong> hai sempre visto che quando inserisci un valore nella colonna o riga adiacente della tabella Excel, la tabella verr\u00e0 estesa a quella riga o colonna includendole nella tabella. Tutto questo avviene grazie a questa opzione. Se lo disattivi, la tabella Excel non si espander\u00e0 pi\u00f9 automaticamente.<\/li><li> <strong>Compila le formule nella tabella:<\/strong> questa opzione copia automaticamente la formula inserita in tutte le celle della stessa colonna nella tabella di Excel modificando i riferimenti di cella della formula.<\/li><\/ol><h2 class=\"wp-block-heading\"> Azioni della scheda<\/h2><p> La scheda azione pu\u00f2 creare azioni aggiuntive basate su parole, testo o valori specifici. Per impostazione predefinita, troverai le azioni aggiuntive disabilitate e per abilitarle seleziona l&#8217;opzione &#8220;Abilita azioni aggiuntive dal menu contestuale&#8221;.<\/p><p> Excel ha solo Data (XML) come azione predefinita aggiuntiva nell&#8217;elenco, ma puoi crearne altre secondo necessit\u00e0. <\/p><div class=\"wp-block-image\"><figure class=\"aligncenter size-full is-resized\"><img loading=\"lazy\" decoding=\"async\" class=\"wp-image-79158\" src=\"https:\/\/exceladvisor.org\/wp-content\/uploads\/2023\/08\/onglet-8-actions.png\" sizes=\"auto, \" srcset=\"\" alt=\"azioni della scheda\" width=\"379\" height=\"446\"><\/figure><\/div><p> Una volta abilitata questa opzione, l&#8217;azione della data sar\u00e0 abilitata perch\u00e9 \u00e8 predefinita da Excel, il che significa dopo, quando inserisci la data nella cella.<\/p><p> Se fai clic con il pulsante destro del mouse su di esso, Excel ti mostrer\u00e0 le opzioni del calendario di Outlook facendo clic su quale verrai indirizzato al tuo calendario.<\/p><p> Outlook deve essere configurato con l&#8217;ID e-mail per visualizzare questa opzione di calendario aggiuntiva.<\/p><h2 class=\"wp-block-heading\"> Scheda Correzione automatica matematica<\/h2><p> La scheda Correzione automatica matematica viene utilizzata per inserire simboli matematici nelle equazioni. <\/p><div class=\"wp-block-image\"><figure class=\"aligncenter size-full is-resized\"><img loading=\"lazy\" decoding=\"async\" class=\"wp-image-79159\" src=\"https:\/\/exceladvisor.org\/wp-content\/uploads\/2023\/08\/9-onglet-de-correction-automatique-des-mathematiques.png\" sizes=\"auto, \" srcset=\"\" alt=\"scheda matematica-correzione automatica\" width=\"379\" height=\"445\"><\/figure><\/div><p class=\"grey-note\"> Questa funzione di correzione automatica matematica non funziona nella cella. Funziona solo con le equazioni (scheda Inserisci in Simboli in equazioni)<\/p><h2 class=\"wp-block-heading\"> Disattiva la correzione automatica<\/h2><p> Excel non dispone di alcuna opzione per disattivare direttamente la funzionalit\u00e0 di correzione automatica. Per interrompere completamente la funzione di correzione automatica, gli utenti devono deselezionare tutte le opzioni di &#8220;Correzione automatica&#8221; e altre schede. <\/p><div class=\"wp-block-image\"><figure class=\"aligncenter size-full is-resized\"><img loading=\"lazy\" decoding=\"async\" class=\"wp-image-79160\" src=\"https:\/\/exceladvisor.org\/wp-content\/uploads\/2023\/08\/10-options-de-correction-automatique.png\" sizes=\"auto, \" srcset=\"\" alt=\"deseleziona le opzioni di correzione automatica\" width=\"382\" height=\"449\"><\/figure><\/div><div class=\"gb-container gb-container-4db6181c gb-container-mt\"> <a class=\"gb-button gb-button-c5897111 gb-button-text gb-button-mt-button\" href=\"https:\/\/exceladvisor.org\/it\/eccellere-in-anticipo\/\">Esercitazioni avanzate su Excel<\/a><h2 class=\"gb-headline gb-headline-665e5f6b gb-headline-text gb-headline-mt-heading\"> Tutorial correlati <\/h2><div class=\"gb-grid-wrapper gb-grid-wrapper-a20baf7c gb-grid-wrapper-mt-grid\"><div class=\"gb-grid-column gb-grid-column-50067b57\"><div class=\"gb-container gb-container-50067b57\"><ul><li> <a href=\"https:\/\/exceladvisor.org\/it\/elenchi-personalizzati\/\">Elenco personalizzato in Excel<\/a><\/li><li> <a href=\"https:\/\/exceladvisor.org\/it\/pdf-in-excel\/\">Inserisci un PDF in Excel<\/a><\/li><li> <a href=\"https:\/\/exceladvisor.org\/it\/inserire-unimmagine\/\">Inserisci un&#8217;immagine in una cella in Excel<\/a><\/li><li> <a href=\"https:\/\/exceladvisor.org\/it\/incorporare-il-file\/\">Incorpora un file in Excel<\/a><\/li><li> Converti PDF in Excel<\/li><\/ul><\/div><\/div><\/div><\/div>","protected":false},"excerpt":{"rendered":"","protected":false},"author":1,"featured_media":0,"parent":0,"menu_order":0,"comment_status":"open","ping_status":"closed","template":"","meta":{"ub_ctt_via":"","footnotes":""},"class_list":["post-1943","page","type-page","status-publish","hentry"],"featured_image_src":null,"yoast_head":"<!-- This site is optimized with the Yoast SEO plugin v25.4 - https:\/\/yoast.com\/wordpress\/plugins\/seo\/ -->\n<title>Come utilizzare la correzione automatica in Excel?<\/title>\n<meta name=\"description\" content=\"Questa guida rapida ti aiuter\u00e0 a saperne di pi\u00f9 sull&#039;opzione Correzione automatica in Excel.\" \/>\n<meta name=\"robots\" content=\"index, follow, max-snippet:-1, max-image-preview:large, max-video-preview:-1\" \/>\n<link rel=\"canonical\" href=\"https:\/\/exceladvisor.org\/it\/correzione-automatica\/\" \/>\n<meta property=\"og:locale\" content=\"it_IT\" \/>\n<meta property=\"og:type\" content=\"article\" \/>\n<meta property=\"og:title\" content=\"Come utilizzare la correzione automatica in Excel?\" \/>\n<meta property=\"og:description\" content=\"Questa guida rapida ti aiuter\u00e0 a saperne di pi\u00f9 sull&#039;opzione Correzione automatica in Excel.\" \/>\n<meta property=\"og:url\" content=\"https:\/\/exceladvisor.org\/it\/correzione-automatica\/\" \/>\n<meta property=\"og:site_name\" content=\"Excel Advisor\" \/>\n<meta property=\"article:modified_time\" content=\"2023-12-10T06:26:45+00:00\" \/>\n<meta property=\"og:image\" content=\"https:\/\/exceladvisor.org\/wp-content\/uploads\/2023\/08\/1-option-excel.png\" \/>\n<meta name=\"twitter:card\" content=\"summary_large_image\" \/>\n<meta name=\"twitter:label1\" content=\"Tempo di lettura stimato\" \/>\n\t<meta name=\"twitter:data1\" content=\"5 minuti\" \/>\n<script type=\"application\/ld+json\" class=\"yoast-schema-graph\">{\"@context\":\"https:\/\/schema.org\",\"@graph\":[{\"@type\":\"WebPage\",\"@id\":\"https:\/\/exceladvisor.org\/it\/correzione-automatica\/\",\"url\":\"https:\/\/exceladvisor.org\/it\/correzione-automatica\/\",\"name\":\"Come utilizzare la correzione automatica in Excel?\",\"isPartOf\":{\"@id\":\"https:\/\/exceladvisor.org\/it\/#website\"},\"primaryImageOfPage\":{\"@id\":\"https:\/\/exceladvisor.org\/it\/correzione-automatica\/#primaryimage\"},\"image\":{\"@id\":\"https:\/\/exceladvisor.org\/it\/correzione-automatica\/#primaryimage\"},\"thumbnailUrl\":\"https:\/\/exceladvisor.org\/wp-content\/uploads\/2023\/08\/1-option-excel.png\",\"datePublished\":\"2023-10-27T00:16:49+00:00\",\"dateModified\":\"2023-12-10T06:26:45+00:00\",\"description\":\"Questa guida rapida ti aiuter\u00e0 a saperne di pi\u00f9 sull&#39;opzione Correzione automatica in Excel.\",\"breadcrumb\":{\"@id\":\"https:\/\/exceladvisor.org\/it\/correzione-automatica\/#breadcrumb\"},\"inLanguage\":\"it-IT\",\"potentialAction\":[{\"@type\":\"ReadAction\",\"target\":[\"https:\/\/exceladvisor.org\/it\/correzione-automatica\/\"]}]},{\"@type\":\"ImageObject\",\"inLanguage\":\"it-IT\",\"@id\":\"https:\/\/exceladvisor.org\/it\/correzione-automatica\/#primaryimage\",\"url\":\"https:\/\/exceladvisor.org\/wp-content\/uploads\/2023\/08\/1-option-excel.png\",\"contentUrl\":\"https:\/\/exceladvisor.org\/wp-content\/uploads\/2023\/08\/1-option-excel.png\"},{\"@type\":\"BreadcrumbList\",\"@id\":\"https:\/\/exceladvisor.org\/it\/correzione-automatica\/#breadcrumb\",\"itemListElement\":[{\"@type\":\"ListItem\",\"position\":1,\"name\":\"Home\",\"item\":\"https:\/\/exceladvisor.org\/it\/\"},{\"@type\":\"ListItem\",\"position\":2,\"name\":\"Come utilizzare la correzione automatica in excel?\"}]},{\"@type\":\"WebSite\",\"@id\":\"https:\/\/exceladvisor.org\/it\/#website\",\"url\":\"https:\/\/exceladvisor.org\/it\/\",\"name\":\"Excel Advisor\",\"description\":\"Tips, Tricks, and Time-Saving Hacks\",\"publisher\":{\"@id\":\"https:\/\/exceladvisor.org\/it\/#organization\"},\"potentialAction\":[{\"@type\":\"SearchAction\",\"target\":{\"@type\":\"EntryPoint\",\"urlTemplate\":\"https:\/\/exceladvisor.org\/it\/?s={search_term_string}\"},\"query-input\":{\"@type\":\"PropertyValueSpecification\",\"valueRequired\":true,\"valueName\":\"search_term_string\"}}],\"inLanguage\":\"it-IT\"},{\"@type\":\"Organization\",\"@id\":\"https:\/\/exceladvisor.org\/it\/#organization\",\"name\":\"Excel Advisor\",\"url\":\"https:\/\/exceladvisor.org\/it\/\",\"logo\":{\"@type\":\"ImageObject\",\"inLanguage\":\"it-IT\",\"@id\":\"https:\/\/exceladvisor.org\/it\/#\/schema\/logo\/image\/\",\"url\":\"https:\/\/exceladvisor.org\/it\/wp-content\/uploads\/2023\/12\/exceladvisor.org_.png\",\"contentUrl\":\"https:\/\/exceladvisor.org\/it\/wp-content\/uploads\/2023\/12\/exceladvisor.org_.png\",\"width\":105,\"height\":36,\"caption\":\"Excel Advisor\"},\"image\":{\"@id\":\"https:\/\/exceladvisor.org\/it\/#\/schema\/logo\/image\/\"}}]}<\/script>\n<!-- \/ Yoast SEO plugin. -->","yoast_head_json":{"title":"Come utilizzare la correzione automatica in Excel?","description":"Questa guida rapida ti aiuter\u00e0 a saperne di pi\u00f9 sull&#39;opzione Correzione automatica in Excel.","robots":{"index":"index","follow":"follow","max-snippet":"max-snippet:-1","max-image-preview":"max-image-preview:large","max-video-preview":"max-video-preview:-1"},"canonical":"https:\/\/exceladvisor.org\/it\/correzione-automatica\/","og_locale":"it_IT","og_type":"article","og_title":"Come utilizzare la correzione automatica in Excel?","og_description":"Questa guida rapida ti aiuter\u00e0 a saperne di pi\u00f9 sull&#39;opzione Correzione automatica in Excel.","og_url":"https:\/\/exceladvisor.org\/it\/correzione-automatica\/","og_site_name":"Excel Advisor","article_modified_time":"2023-12-10T06:26:45+00:00","og_image":[{"url":"https:\/\/exceladvisor.org\/wp-content\/uploads\/2023\/08\/1-option-excel.png","type":"","width":"","height":""}],"twitter_card":"summary_large_image","twitter_misc":{"Tempo di lettura stimato":"5 minuti"},"schema":{"@context":"https:\/\/schema.org","@graph":[{"@type":"WebPage","@id":"https:\/\/exceladvisor.org\/it\/correzione-automatica\/","url":"https:\/\/exceladvisor.org\/it\/correzione-automatica\/","name":"Come utilizzare la correzione automatica in Excel?","isPartOf":{"@id":"https:\/\/exceladvisor.org\/it\/#website"},"primaryImageOfPage":{"@id":"https:\/\/exceladvisor.org\/it\/correzione-automatica\/#primaryimage"},"image":{"@id":"https:\/\/exceladvisor.org\/it\/correzione-automatica\/#primaryimage"},"thumbnailUrl":"https:\/\/exceladvisor.org\/wp-content\/uploads\/2023\/08\/1-option-excel.png","datePublished":"2023-10-27T00:16:49+00:00","dateModified":"2023-12-10T06:26:45+00:00","description":"Questa guida rapida ti aiuter\u00e0 a saperne di pi\u00f9 sull&#39;opzione Correzione automatica in Excel.","breadcrumb":{"@id":"https:\/\/exceladvisor.org\/it\/correzione-automatica\/#breadcrumb"},"inLanguage":"it-IT","potentialAction":[{"@type":"ReadAction","target":["https:\/\/exceladvisor.org\/it\/correzione-automatica\/"]}]},{"@type":"ImageObject","inLanguage":"it-IT","@id":"https:\/\/exceladvisor.org\/it\/correzione-automatica\/#primaryimage","url":"https:\/\/exceladvisor.org\/wp-content\/uploads\/2023\/08\/1-option-excel.png","contentUrl":"https:\/\/exceladvisor.org\/wp-content\/uploads\/2023\/08\/1-option-excel.png"},{"@type":"BreadcrumbList","@id":"https:\/\/exceladvisor.org\/it\/correzione-automatica\/#breadcrumb","itemListElement":[{"@type":"ListItem","position":1,"name":"Home","item":"https:\/\/exceladvisor.org\/it\/"},{"@type":"ListItem","position":2,"name":"Come utilizzare la correzione automatica in excel?"}]},{"@type":"WebSite","@id":"https:\/\/exceladvisor.org\/it\/#website","url":"https:\/\/exceladvisor.org\/it\/","name":"Excel Advisor","description":"Tips, Tricks, and Time-Saving Hacks","publisher":{"@id":"https:\/\/exceladvisor.org\/it\/#organization"},"potentialAction":[{"@type":"SearchAction","target":{"@type":"EntryPoint","urlTemplate":"https:\/\/exceladvisor.org\/it\/?s={search_term_string}"},"query-input":{"@type":"PropertyValueSpecification","valueRequired":true,"valueName":"search_term_string"}}],"inLanguage":"it-IT"},{"@type":"Organization","@id":"https:\/\/exceladvisor.org\/it\/#organization","name":"Excel Advisor","url":"https:\/\/exceladvisor.org\/it\/","logo":{"@type":"ImageObject","inLanguage":"it-IT","@id":"https:\/\/exceladvisor.org\/it\/#\/schema\/logo\/image\/","url":"https:\/\/exceladvisor.org\/it\/wp-content\/uploads\/2023\/12\/exceladvisor.org_.png","contentUrl":"https:\/\/exceladvisor.org\/it\/wp-content\/uploads\/2023\/12\/exceladvisor.org_.png","width":105,"height":36,"caption":"Excel Advisor"},"image":{"@id":"https:\/\/exceladvisor.org\/it\/#\/schema\/logo\/image\/"}}]}},"yoast_meta":{"yoast_wpseo_title":"","yoast_wpseo_metadesc":"","yoast_wpseo_canonical":""},"_links":{"self":[{"href":"https:\/\/exceladvisor.org\/it\/wp-json\/wp\/v2\/pages\/1943","targetHints":{"allow":["GET"]}}],"collection":[{"href":"https:\/\/exceladvisor.org\/it\/wp-json\/wp\/v2\/pages"}],"about":[{"href":"https:\/\/exceladvisor.org\/it\/wp-json\/wp\/v2\/types\/page"}],"author":[{"embeddable":true,"href":"https:\/\/exceladvisor.org\/it\/wp-json\/wp\/v2\/users\/1"}],"replies":[{"embeddable":true,"href":"https:\/\/exceladvisor.org\/it\/wp-json\/wp\/v2\/comments?post=1943"}],"version-history":[{"count":1,"href":"https:\/\/exceladvisor.org\/it\/wp-json\/wp\/v2\/pages\/1943\/revisions"}],"predecessor-version":[{"id":2832,"href":"https:\/\/exceladvisor.org\/it\/wp-json\/wp\/v2\/pages\/1943\/revisions\/2832"}],"wp:attachment":[{"href":"https:\/\/exceladvisor.org\/it\/wp-json\/wp\/v2\/media?parent=1943"}],"curies":[{"name":"wp","href":"https:\/\/api.w.org\/{rel}","templated":true}]}}