{"id":1945,"date":"2023-10-26T16:23:45","date_gmt":"2023-10-26T16:23:45","guid":{"rendered":"https:\/\/exceladvisor.org\/it\/diagramma-piramidale\/"},"modified":"2023-12-10T06:23:10","modified_gmt":"2023-12-10T06:23:10","slug":"diagramma-piramidale","status":"publish","type":"page","link":"https:\/\/exceladvisor.org\/it\/diagramma-piramidale\/","title":{"rendered":"Come creare un grafico a piramide della popolazione in excel?"},"content":{"rendered":"<div class=\"excel-prima-del-contenuto\" id=\"excel-3581327360\"><script type=\"text\/javascript\">\r\n\tatOptions = {\r\n\t\t'key' : 'c1158f160081d6540a8409e6925dab94',\r\n\t\t'format' : 'iframe',\r\n\t\t'height' : 250,\r\n\t\t'width' : 300,\r\n\t\t'params' : {}\r\n\t};\r\n<\/script>\r\n<script type=\"text\/javascript\" src=\"\/\/www.highperformanceformat.com\/c1158f160081d6540a8409e6925dab94\/invoke.js\"><\/script><\/div> <p>Un grafico a piramide della popolazione \u00e8 un grafico specifico che ci aiuta a presentare e analizzare la popolazione di entrambi i sessi utilizzando i gruppi di et\u00e0.<\/p><blockquote class=\"wp-block-quote\"><p> Una piramide della popolazione, chiamata anche piramide della popolazione o immagine dell&#8217;et\u00e0, \u00e8 un&#8217;illustrazione grafica che mostra la distribuzione dei diversi gruppi di et\u00e0 in una popolazione, che forma la forma di una piramide man mano che la popolazione aumenta. In Excel, possiamo creare un grafico a piramide della popolazione utilizzando un grafico a barre, come di seguito.<\/p> <cite>Wikipedia<\/cite> <\/blockquote><div class=\"wp-block-image\"><figure class=\"aligncenter\"><img decoding=\"async\" src=\"https:\/\/exceladvisor.org\/wp-content\/uploads\/2023\/08\/creer-un-graphique-pyramidal-des-ages-dans-Excel-de-differentes-manieres-1.gif\" sizes=\"\" srcset=\"\" alt=\"creare un grafico a piramide dell'et\u00e0 in Excel in diversi modi\"><\/figure><\/div><p> Inserisci un grafico a barre, quindi personalizzalo un po&#8217; e il gioco \u00e8 fatto.<\/p><p> Ma ecco la svolta. Ho scoperto che oltre a questo metodo tradizionale, possiamo utilizzare anche due metodi diversi. E oggi, in questo articolo, vorrei condividere con te questi tre metodi [passaggi esatti]. Quindi iniziamo.<\/p><h2 class=\"wp-block-heading\"> Semplici passaggi per creare un grafico a piramide della popolazione utilizzando un grafico a barre<\/h2><p> Prima di creare questo grafico, dobbiamo preparare i dati. Al tavolo con la popolazione totale, la popolazione femminile in valori negativi e la popolazione maschile in valori positivi. <\/p><div class=\"wp-block-image\"><figure class=\"aligncenter\"><img decoding=\"async\" src=\"https:\/\/exceladvisor.org\/wp-content\/uploads\/2023\/08\/tableau-de-donnees-pour-creer-un-diagramme-de-pyramide-des-ages-dans-excel-min-1.png\" sizes=\"\" srcset=\"\" alt=\"tabella dati per creare un grafico a piramide della popolazione in Excel\"><\/figure><\/div><p class=\"qt-tip\"> <strong><span style=\"color: #000000; background-color: #ffff00;\">Nota:<\/span><\/strong> una colonna per la popolazione totale non \u00e8 obbligatoria, ma assicurati di avere una popolazione femminile negativa.<\/p><ol><li> <strong>Per prima cosa<\/strong> dobbiamo inserire un grafico a barre. Per fare ci\u00f2, selezionare la fascia di et\u00e0, le colonne dati femminili e maschili e inserire un grafico a barre dalla scheda Inserisci \u279c Grafici \u279c Barra 2D \u279c Barra raggruppata.<\/li><li> Ora abbiamo un grafico come quello sotto e dobbiamo personalizzarlo ulteriormente per creare una piramide della popolazione. <br><img decoding=\"async\" title=\"inserisci il grafico a barre per creare un grafico a piramide della popolazione in Excel-min\" src=\"https:\/\/exceladvisor.org\/wp-content\/uploads\/2023\/08\/inserer-un-graphique-a-barres-pour-creer-un-graphique-en-pyramide-des-ages-dans-Excel-min-1.png\" sizes=\"\" srcset=\"\" alt=\"insert a bar chart to create a population pyramid chart in excel\"><\/li><li> Da qui dobbiamo creare un asse verticale in ordine inverso e da l\u00ec andare a Formato Asse \u279c Opzioni Asse \u279c Posizione Asse \u279c seleziona &#8220;Categoria in ordine inverso&#8221;. <br><img decoding=\"async\" title=\"applica-ordine-inverso-per-creare-un-grafico-piramidale-della-popolazione-in-excel-min\" src=\"https:\/\/exceladvisor.org\/wp-content\/uploads\/2023\/08\/appliquer-lordre-inverse-pour-creer-un-graphique-de-pyramide-des-ages-dans-Excel-min-1.png\" sizes=\"\" srcset=\"\" alt=\"apply reverse order to create a population pyramid chart in excel\"><\/li><li> Successivamente, vai su Formato asse \u279c Opzioni asse \u279c Etichette \u279c modifica la posizione dell&#8217;etichetta su &#8220;Bassa&#8221;. <br><img decoding=\"async\" title=\"cambiare la tabella per creare un grafico a piramide della popolazione in Excel\" src=\"https:\/\/exceladvisor.org\/wp-content\/uploads\/2023\/08\/changer-letiquette-pour-creer-un-graphique-pyramidal-des-ages-dans-Excel-1.png\" sizes=\"\" srcset=\"\" alt=\"change label to create a population pyramid chart in excel\"><\/li><li> Successivamente, dobbiamo modificare la sovrapposizione delle serie al 100% e la larghezza dello spazio allo 0%. Per fare ci\u00f2, vai su Formato asse \u279c Opzione serie. <br><img decoding=\"async\" title=\"modifica-larghezza-per-creare-un-grafico-piramidale-della-popolazione-in-excel-min\" src=\"https:\/\/exceladvisor.org\/wp-content\/uploads\/2023\/08\/modifier-la-largeur-pour-creer-un-graphique-pyramidal-des-ages-dans-Excel-min-1.png\" sizes=\"\" srcset=\"\" alt=\"change width to create a population pyramid chart in excel\"><\/li><li> Infine, dobbiamo convertire le etichette dati negative per la barra dati femminile in quelle positive. Per farlo, seleziona le etichette dati e vai su Formato etichette dati \u279c Opzioni etichetta \u279c Seleziona Numero personalizzato dalla categoria e aggiungi il formato \u201c#,##0.00;#,##0.00\u201d. <br><img decoding=\"async\" title=\"formato-etichetta-dati-come-numeri-positivi-nel-grafico-piramidale-della-popolazione-di-excel\" src=\"https:\/\/exceladvisor.org\/wp-content\/uploads\/2023\/08\/formater-letiquette-de-donnees-sous-forme-de-nombres-positifs-dans-le-graphique-de-la-pyramide-des-ages-Excel-1.png\" sizes=\"\" srcset=\"\" alt=\"format data label as positive numbers in excel population pyramid chart\"><\/li><\/ol><p> <strong><span style=\"color: #000000; background-color: #ffff00;\">Congratulazioni!<\/span><\/strong> Il nostro grafico piramidale \u00e8 pronto per il rock. <\/p><div class=\"wp-block-image\"><figure class=\"aligncenter\"><img decoding=\"async\" src=\"https:\/\/exceladvisor.org\/wp-content\/uploads\/2023\/08\/diagramme-de-pyramide-des-ages-pret-a-lemploi-dans-excel-min-1.png\" sizes=\"\" srcset=\"\" alt=\"diagramma piramidale dell'et\u00e0 pronto all'uso in Excel\"><\/figure><\/div><h2 class=\"wp-block-heading\"> Utilizza la formattazione condizionale per creare semplicemente un grafico a piramide in Excel<\/h2><p> Possiamo anche creare un grafico a piramide utilizzando la formattazione condizionale ed ecco i passaggi da seguire.<\/p><ol><li> Innanzitutto, crea una tabella con i dati sulla popolazione maschile e femminile con fasce di et\u00e0. <br><img decoding=\"async\" title=\"tabella-dati-per-creare-un-grafico-piramidale-della-popolazione-in-excel-con-formattazione-condizionale\" src=\"https:\/\/exceladvisor.org\/wp-content\/uploads\/2023\/08\/tableau-de-donnees-pour-creer-un-graphique-en-pyramide-des-ages-dans-Excel-avec-mise-en-forme-conditionnelle.png\" sizes=\"\" srcset=\"\" alt=\"data table to create a population pyramid chart in excel with conditional formatting\"><\/li><li> Successivamente, seleziona una singola colonna maschile o femminile e applica le barre dati di formattazione condizionale dalla scheda Home \u279c Stili \u279c Barre dati \u279c Altre regole.<\/li><li> Successivamente, nella nuova finestra di dialogo di formattazione, seleziona la casella &#8220;Mostra solo barra&#8221;, aggiungi un bordo solido e cambia la direzione della barra (le barre femminile e maschile dovrebbero essere nella direzione opposta). <br><img decoding=\"async\" title=\"mostra-solo-barre-per-creare-un-grafico-piramidale-della-popolazione-in-Excel-con-formattazione-condizionale\" src=\"https:\/\/exceladvisor.org\/wp-content\/uploads\/2023\/08\/afficher-les-barres-uniquement-pour-creer-un-graphique-en-pyramide-des-ages-dans-Excel-avec-une-mise-en-forme-conditionnelle.png\" sizes=\"\" srcset=\"\" alt=\"show bars only to create a population pyramid chart in excel with conditional formatting\"><\/li><li> Ora seleziona la seconda colonna di dati e aggiungi le barre dei dati allo stesso modo e otterrai un grafico a piramide come di seguito. <br><img decoding=\"async\" title=\"tabella-piramide-popolazione-semplice-in-excel-con-formattazione-condizionale\" src=\"https:\/\/exceladvisor.org\/wp-content\/uploads\/2023\/08\/graphique-de-pyramide-des-ages-simple-dans-excel-avec-mise-en-forme-conditionnelle-1.png\" sizes=\"\" srcset=\"\" alt=\"simple population pyramid chart in excel with conditional formatting\"><\/li><li> Alla fine, per un tocco finale, aggiungi due colonne su entrambi i lati del grafico per aggiungere etichette dati.<\/li><\/ol><p> <strong><span style=\"color: #000000; background-color: #ffff00;\">Boom!<\/span><\/strong> Il nostro tavolo \u00e8 pronto. <\/p><div class=\"wp-block-image\"><figure class=\"aligncenter\"><img decoding=\"async\" src=\"https:\/\/exceladvisor.org\/wp-content\/uploads\/2023\/08\/graphique-pyramidal-des-ages-final-dans-excel-avec-mise-en-forme-conditionnelle-1.png\" sizes=\"\" srcset=\"\" alt=\"grafico piramidale dell'et\u00e0 finale in Excel con formattazione condizionale\"><\/figure><\/div><h2 class=\"wp-block-heading\"> Crea un grafico a piramide della popolazione nella cella in Excel<\/h2><p> Sono un grande fan di REPT e la cosa migliore \u00e8 che puoi usarlo per creare una semplice piramide della popolazione.<\/p><ol><li> Innanzitutto, crea una tabella come quella seguente. <br><img decoding=\"async\" title=\"tabella-dati-da-utilizzare-per-creare-un-grafico-piramidale-della-popolazione-in-excel-utilizzando-la-funzione-rept\" src=\"https:\/\/exceladvisor.org\/wp-content\/uploads\/2023\/08\/table-de-donnees-a-utiliser-pour-creer-un-graphique-pyramidal-des-ages-dans-Excel-a-laide-de-la-fonction-rept-1.png\" sizes=\"\" srcset=\"\" alt=\"data table to use to create population pyramid chart in excel using rept function\"><\/li><li> Ora aggiungi la formula sottostante nelle colonne femminile e maschile e trascinala verso il basso.<pre> Female Column: =IFERROR(REPT(\u201c|\u201d,C5*4),\u201d\u201d)<\/pre><pre> Male Column: =IFERROR(REPT(\u201c|\u201d,F5*4),\u201d\u201d)<\/pre><\/li><li> Successivamente modifica lo stile del carattere in Locandina (dimensione carattere \u2013 10) oppure puoi anche utilizzare Stencil (dimensione carattere \u2013 10).<\/li><li> Alla fine, cambia il colore del carattere per entrambe le colonne e allinea la colonna femminile a destra e la colonna maschile a sinistra.<\/li><\/ol><p> La tavola \u00e8 pronta. <\/p><div class=\"wp-block-image\"><figure class=\"aligncenter\"><img decoding=\"async\" src=\"https:\/\/exceladvisor.org\/wp-content\/uploads\/2023\/08\/diagramme-de-pyramide-des-ages-simple-dans-excel-utilisant-la-fonction-rept-1.png\" sizes=\"\" srcset=\"\" alt=\"grafico-piramidale-popolazione-semplice-in-excel-utilizzando-la-funzione-rept\"><\/figure><\/div><h2 class=\"wp-block-heading\"> File di esempio<\/h2><p> <a href=\"https:\/\/exceladvisor.org\/wp-content\/uploads\/2023\/08\/diagramme-pyramidal-2.zip\" rel=\"nofollow\">Scarica questo file di esempio qui<\/a><\/p><h2 class=\"wp-block-heading\"> Conclusione<\/h2><p> Forse ti starai chiedendo se un grafico a piramide sia solo per i dati demografici, ma la verit\u00e0 \u00e8 che puoi usarlo per tutti i tipi di dati.<\/p><p> Ogni volta che \u00e8 necessario confrontare diversi punti dati per due periodi diversi, \u00e8 meglio utilizzare un grafico a piramide, ad esempio i dati di vendita di prodotti diversi per due anni.<\/p><p> Questo \u00e8 uno dei miei elenchi di <a style=\"outline: none;\" href=\"https:\/\/exceladvisor.org\/it\/grafica-avanzata\/\">tabelle e grafici Excel avanzati<\/a> . Spero che questo suggerimento ti sia stato utile, ma dimmi una cosa.<\/p><p> <strong>Hai mai utilizzato un grafico a piramide?<\/strong> Oppure hai un altro modo per crearlo?<\/p><p> Condividi i tuoi pensieri con me nella sezione commenti, mi piacerebbe sentire la tua opinione. E non dimenticare di condividere questo suggerimento con i tuoi amici.<\/p><div class=\"gb-container gb-container-a61970aa gb-container-mt\"> <a class=\"gb-button gb-button-b4293c6c gb-button-text gb-button-mt-button\" href=\"https:\/\/exceladvisor.org\/it\/grafici-excel\/\">Tipi di grafici Excel<\/a><h2 class=\"gb-headline gb-headline-5bf2e581 gb-headline-text gb-headline-mt-heading\"> Tutorial correlati <\/h2><div class=\"gb-grid-wrapper gb-grid-wrapper-9b70abf1 gb-grid-wrapper-mt-grid\"><div class=\"gb-grid-column gb-grid-column-97a95c29\"><div class=\"gb-container gb-container-97a95c29\"><ul><li> <a href=\"https:\/\/exceladvisor.org\/it\/grafica-della-cialda\/\">CARTONCINO GOFFRATO<\/a><\/li><li> <a href=\"https:\/\/exceladvisor.org\/it\/grafico-a-imbuto\/\">Grafico a imbuto<\/a><\/li><li> <a href=\"https:\/\/exceladvisor.org\/it\/diagramma-di-gantt\/\">diagramma di Gantt<\/a><\/li><li> <a href=\"https:\/\/exceladvisor.org\/it\/tabellone-dei-proiettili\/\">Grafico puntato<\/a><\/li><li> <a href=\"https:\/\/exceladvisor.org\/it\/mappa-di-calore\/\">Mappa di calore<\/a><\/li><\/ul><\/div><\/div><\/div><\/div>","protected":false},"excerpt":{"rendered":"","protected":false},"author":1,"featured_media":0,"parent":0,"menu_order":0,"comment_status":"open","ping_status":"closed","template":"","meta":{"ub_ctt_via":"","footnotes":""},"class_list":["post-1945","page","type-page","status-publish","hentry"],"featured_image_src":null,"yoast_head":"<!-- This site is optimized with the Yoast SEO plugin v25.4 - https:\/\/yoast.com\/wordpress\/plugins\/seo\/ -->\n<title>Come creare un grafico a piramide della popolazione in Excel?<\/title>\n<meta name=\"description\" content=\"In questo tutorial impareremo come creare un grafico a piramide della popolazione in Excel in 8 semplici passaggi.\" \/>\n<meta name=\"robots\" content=\"index, follow, max-snippet:-1, max-image-preview:large, max-video-preview:-1\" \/>\n<link rel=\"canonical\" href=\"https:\/\/exceladvisor.org\/it\/diagramma-piramidale\/\" \/>\n<meta property=\"og:locale\" content=\"it_IT\" \/>\n<meta property=\"og:type\" content=\"article\" \/>\n<meta property=\"og:title\" content=\"Come creare un grafico a piramide della popolazione in Excel?\" \/>\n<meta property=\"og:description\" content=\"In questo tutorial impareremo come creare un grafico a piramide della popolazione in Excel in 8 semplici passaggi.\" \/>\n<meta property=\"og:url\" content=\"https:\/\/exceladvisor.org\/it\/diagramma-piramidale\/\" \/>\n<meta property=\"og:site_name\" content=\"Excel Advisor\" \/>\n<meta property=\"article:modified_time\" content=\"2023-12-10T06:23:10+00:00\" \/>\n<meta property=\"og:image\" content=\"https:\/\/exceladvisor.org\/wp-content\/uploads\/2023\/08\/creer-un-graphique-pyramidal-des-ages-dans-Excel-de-differentes-manieres-1.gif\" \/>\n<meta name=\"twitter:card\" content=\"summary_large_image\" \/>\n<meta name=\"twitter:label1\" content=\"Tempo di lettura stimato\" \/>\n\t<meta name=\"twitter:data1\" content=\"4 minuti\" \/>\n<script type=\"application\/ld+json\" class=\"yoast-schema-graph\">{\"@context\":\"https:\/\/schema.org\",\"@graph\":[{\"@type\":\"WebPage\",\"@id\":\"https:\/\/exceladvisor.org\/it\/diagramma-piramidale\/\",\"url\":\"https:\/\/exceladvisor.org\/it\/diagramma-piramidale\/\",\"name\":\"Come creare un grafico a piramide della popolazione in Excel?\",\"isPartOf\":{\"@id\":\"https:\/\/exceladvisor.org\/it\/#website\"},\"primaryImageOfPage\":{\"@id\":\"https:\/\/exceladvisor.org\/it\/diagramma-piramidale\/#primaryimage\"},\"image\":{\"@id\":\"https:\/\/exceladvisor.org\/it\/diagramma-piramidale\/#primaryimage\"},\"thumbnailUrl\":\"https:\/\/exceladvisor.org\/wp-content\/uploads\/2023\/08\/creer-un-graphique-pyramidal-des-ages-dans-Excel-de-differentes-manieres-1.gif\",\"datePublished\":\"2023-10-26T16:23:45+00:00\",\"dateModified\":\"2023-12-10T06:23:10+00:00\",\"description\":\"In questo tutorial impareremo come creare un grafico a piramide della popolazione in Excel in 8 semplici passaggi.\",\"breadcrumb\":{\"@id\":\"https:\/\/exceladvisor.org\/it\/diagramma-piramidale\/#breadcrumb\"},\"inLanguage\":\"it-IT\",\"potentialAction\":[{\"@type\":\"ReadAction\",\"target\":[\"https:\/\/exceladvisor.org\/it\/diagramma-piramidale\/\"]}]},{\"@type\":\"ImageObject\",\"inLanguage\":\"it-IT\",\"@id\":\"https:\/\/exceladvisor.org\/it\/diagramma-piramidale\/#primaryimage\",\"url\":\"https:\/\/exceladvisor.org\/wp-content\/uploads\/2023\/08\/creer-un-graphique-pyramidal-des-ages-dans-Excel-de-differentes-manieres-1.gif\",\"contentUrl\":\"https:\/\/exceladvisor.org\/wp-content\/uploads\/2023\/08\/creer-un-graphique-pyramidal-des-ages-dans-Excel-de-differentes-manieres-1.gif\"},{\"@type\":\"BreadcrumbList\",\"@id\":\"https:\/\/exceladvisor.org\/it\/diagramma-piramidale\/#breadcrumb\",\"itemListElement\":[{\"@type\":\"ListItem\",\"position\":1,\"name\":\"Home\",\"item\":\"https:\/\/exceladvisor.org\/it\/\"},{\"@type\":\"ListItem\",\"position\":2,\"name\":\"Come creare un grafico a piramide della popolazione in excel?\"}]},{\"@type\":\"WebSite\",\"@id\":\"https:\/\/exceladvisor.org\/it\/#website\",\"url\":\"https:\/\/exceladvisor.org\/it\/\",\"name\":\"Excel Advisor\",\"description\":\"Tips, Tricks, and Time-Saving Hacks\",\"publisher\":{\"@id\":\"https:\/\/exceladvisor.org\/it\/#organization\"},\"potentialAction\":[{\"@type\":\"SearchAction\",\"target\":{\"@type\":\"EntryPoint\",\"urlTemplate\":\"https:\/\/exceladvisor.org\/it\/?s={search_term_string}\"},\"query-input\":{\"@type\":\"PropertyValueSpecification\",\"valueRequired\":true,\"valueName\":\"search_term_string\"}}],\"inLanguage\":\"it-IT\"},{\"@type\":\"Organization\",\"@id\":\"https:\/\/exceladvisor.org\/it\/#organization\",\"name\":\"Excel Advisor\",\"url\":\"https:\/\/exceladvisor.org\/it\/\",\"logo\":{\"@type\":\"ImageObject\",\"inLanguage\":\"it-IT\",\"@id\":\"https:\/\/exceladvisor.org\/it\/#\/schema\/logo\/image\/\",\"url\":\"https:\/\/exceladvisor.org\/it\/wp-content\/uploads\/2023\/12\/exceladvisor.org_.png\",\"contentUrl\":\"https:\/\/exceladvisor.org\/it\/wp-content\/uploads\/2023\/12\/exceladvisor.org_.png\",\"width\":105,\"height\":36,\"caption\":\"Excel Advisor\"},\"image\":{\"@id\":\"https:\/\/exceladvisor.org\/it\/#\/schema\/logo\/image\/\"}}]}<\/script>\n<!-- \/ Yoast SEO plugin. -->","yoast_head_json":{"title":"Come creare un grafico a piramide della popolazione in Excel?","description":"In questo tutorial impareremo come creare un grafico a piramide della popolazione in Excel in 8 semplici passaggi.","robots":{"index":"index","follow":"follow","max-snippet":"max-snippet:-1","max-image-preview":"max-image-preview:large","max-video-preview":"max-video-preview:-1"},"canonical":"https:\/\/exceladvisor.org\/it\/diagramma-piramidale\/","og_locale":"it_IT","og_type":"article","og_title":"Come creare un grafico a piramide della popolazione in Excel?","og_description":"In questo tutorial impareremo come creare un grafico a piramide della popolazione in Excel in 8 semplici passaggi.","og_url":"https:\/\/exceladvisor.org\/it\/diagramma-piramidale\/","og_site_name":"Excel Advisor","article_modified_time":"2023-12-10T06:23:10+00:00","og_image":[{"url":"https:\/\/exceladvisor.org\/wp-content\/uploads\/2023\/08\/creer-un-graphique-pyramidal-des-ages-dans-Excel-de-differentes-manieres-1.gif","type":"","width":"","height":""}],"twitter_card":"summary_large_image","twitter_misc":{"Tempo di lettura stimato":"4 minuti"},"schema":{"@context":"https:\/\/schema.org","@graph":[{"@type":"WebPage","@id":"https:\/\/exceladvisor.org\/it\/diagramma-piramidale\/","url":"https:\/\/exceladvisor.org\/it\/diagramma-piramidale\/","name":"Come creare un grafico a piramide della popolazione in Excel?","isPartOf":{"@id":"https:\/\/exceladvisor.org\/it\/#website"},"primaryImageOfPage":{"@id":"https:\/\/exceladvisor.org\/it\/diagramma-piramidale\/#primaryimage"},"image":{"@id":"https:\/\/exceladvisor.org\/it\/diagramma-piramidale\/#primaryimage"},"thumbnailUrl":"https:\/\/exceladvisor.org\/wp-content\/uploads\/2023\/08\/creer-un-graphique-pyramidal-des-ages-dans-Excel-de-differentes-manieres-1.gif","datePublished":"2023-10-26T16:23:45+00:00","dateModified":"2023-12-10T06:23:10+00:00","description":"In questo tutorial impareremo come creare un grafico a piramide della popolazione in Excel in 8 semplici passaggi.","breadcrumb":{"@id":"https:\/\/exceladvisor.org\/it\/diagramma-piramidale\/#breadcrumb"},"inLanguage":"it-IT","potentialAction":[{"@type":"ReadAction","target":["https:\/\/exceladvisor.org\/it\/diagramma-piramidale\/"]}]},{"@type":"ImageObject","inLanguage":"it-IT","@id":"https:\/\/exceladvisor.org\/it\/diagramma-piramidale\/#primaryimage","url":"https:\/\/exceladvisor.org\/wp-content\/uploads\/2023\/08\/creer-un-graphique-pyramidal-des-ages-dans-Excel-de-differentes-manieres-1.gif","contentUrl":"https:\/\/exceladvisor.org\/wp-content\/uploads\/2023\/08\/creer-un-graphique-pyramidal-des-ages-dans-Excel-de-differentes-manieres-1.gif"},{"@type":"BreadcrumbList","@id":"https:\/\/exceladvisor.org\/it\/diagramma-piramidale\/#breadcrumb","itemListElement":[{"@type":"ListItem","position":1,"name":"Home","item":"https:\/\/exceladvisor.org\/it\/"},{"@type":"ListItem","position":2,"name":"Come creare un grafico a piramide della popolazione in excel?"}]},{"@type":"WebSite","@id":"https:\/\/exceladvisor.org\/it\/#website","url":"https:\/\/exceladvisor.org\/it\/","name":"Excel Advisor","description":"Tips, Tricks, and Time-Saving Hacks","publisher":{"@id":"https:\/\/exceladvisor.org\/it\/#organization"},"potentialAction":[{"@type":"SearchAction","target":{"@type":"EntryPoint","urlTemplate":"https:\/\/exceladvisor.org\/it\/?s={search_term_string}"},"query-input":{"@type":"PropertyValueSpecification","valueRequired":true,"valueName":"search_term_string"}}],"inLanguage":"it-IT"},{"@type":"Organization","@id":"https:\/\/exceladvisor.org\/it\/#organization","name":"Excel Advisor","url":"https:\/\/exceladvisor.org\/it\/","logo":{"@type":"ImageObject","inLanguage":"it-IT","@id":"https:\/\/exceladvisor.org\/it\/#\/schema\/logo\/image\/","url":"https:\/\/exceladvisor.org\/it\/wp-content\/uploads\/2023\/12\/exceladvisor.org_.png","contentUrl":"https:\/\/exceladvisor.org\/it\/wp-content\/uploads\/2023\/12\/exceladvisor.org_.png","width":105,"height":36,"caption":"Excel Advisor"},"image":{"@id":"https:\/\/exceladvisor.org\/it\/#\/schema\/logo\/image\/"}}]}},"yoast_meta":{"yoast_wpseo_title":"","yoast_wpseo_metadesc":"","yoast_wpseo_canonical":""},"_links":{"self":[{"href":"https:\/\/exceladvisor.org\/it\/wp-json\/wp\/v2\/pages\/1945","targetHints":{"allow":["GET"]}}],"collection":[{"href":"https:\/\/exceladvisor.org\/it\/wp-json\/wp\/v2\/pages"}],"about":[{"href":"https:\/\/exceladvisor.org\/it\/wp-json\/wp\/v2\/types\/page"}],"author":[{"embeddable":true,"href":"https:\/\/exceladvisor.org\/it\/wp-json\/wp\/v2\/users\/1"}],"replies":[{"embeddable":true,"href":"https:\/\/exceladvisor.org\/it\/wp-json\/wp\/v2\/comments?post=1945"}],"version-history":[{"count":1,"href":"https:\/\/exceladvisor.org\/it\/wp-json\/wp\/v2\/pages\/1945\/revisions"}],"predecessor-version":[{"id":2489,"href":"https:\/\/exceladvisor.org\/it\/wp-json\/wp\/v2\/pages\/1945\/revisions\/2489"}],"wp:attachment":[{"href":"https:\/\/exceladvisor.org\/it\/wp-json\/wp\/v2\/media?parent=1945"}],"curies":[{"name":"wp","href":"https:\/\/api.w.org\/{rel}","templated":true}]}}