{"id":1959,"date":"2023-10-26T11:03:22","date_gmt":"2023-10-26T11:03:22","guid":{"rendered":"https:\/\/exceladvisor.org\/it\/valoredata\/"},"modified":"2023-12-10T06:26:57","modified_gmt":"2023-12-10T06:26:57","slug":"valoredata","status":"publish","type":"page","link":"https:\/\/exceladvisor.org\/it\/valoredata\/","title":{"rendered":"Come utilizzare la funzione datevalue vba?"},"content":{"rendered":"<div class=\"excel-prima-del-contenuto\" id=\"excel-1802300928\"><script type=\"text\/javascript\">\r\n\tatOptions = {\r\n\t\t'key' : 'c1158f160081d6540a8409e6925dab94',\r\n\t\t'format' : 'iframe',\r\n\t\t'height' : 250,\r\n\t\t'width' : 300,\r\n\t\t'params' : {}\r\n\t};\r\n<\/script>\r\n<script type=\"text\/javascript\" src=\"\/\/www.highperformanceformat.com\/c1158f160081d6540a8409e6925dab94\/invoke.js\"><\/script><\/div> <p>La funzione VBA DATEVALUE \u00e8 elencata nella categoria data delle funzioni VBA. Quando lo usi nel codice VBA, <strong>pu\u00f2 restituire una<\/strong> data dal testo che rappresenta una data. In parole semplici, pu\u00f2 convertire una data in una data effettiva che viene memorizzata come testo. Se c&#8217;\u00e8 un&#8217;ora con quella data, la ignorer\u00e0. \u00c8 come la funzione DATAVALORE nel foglio di calcolo.<\/p><h2 class=\"wp-block-heading\"> Sintassi<\/h2><p> <strong>DataValore(Data)<\/strong><\/p><h2 class=\"wp-block-heading\"> argomenti<\/h2><ul><li> <strong>Data<\/strong> : una stringa che rappresenta una data valida secondo VBA.<\/li><\/ul><h2 class=\"wp-block-heading\"> Esempio<\/h2><p> Per capire praticamente come utilizzare la funzione VBA DATEVALUE \u00e8 necessario seguire l&#8217;esempio seguente in cui abbiamo scritto un codice vba utilizzandola: <\/p><div class=\"wp-block-image\"><figure class=\"aligncenter is-resized\"><img loading=\"lazy\" decoding=\"async\" title=\"funzione-esempio-vba-datevalue\" src=\"https:\/\/exceladvisor.org\/wp-content\/uploads\/2023\/08\/exemple-de-fonction-vba-datevalue.png\" sizes=\"auto, \" srcset=\"\" alt=\"example-vba-datevalue-function\" width=\"821\" height=\"479\"><\/figure><\/div><pre class=\"wp-block-code\"> <code class=\"language-visual-basic\" lang=\"visual-basic\">Sub example_DATEVALUE() Range(\"B1\").Value = DateValue(Range(\"A1\")) End Sub<\/code><\/pre><p> Nell&#8217;esempio precedente, abbiamo utilizzato DATEVALUE per convertire una data memorizzata come testo nella cella A1 e ha convertito tali dati in una data effettiva nella cella B1.<\/p><h2 class=\"wp-block-heading\"> Commenti<\/h2><ul><li> Se il valore specificato \u00e8 un valore diverso da una data o una data che non pu\u00f2 essere riconosciuta come data, VBA restituir\u00e0 l&#8217;errore di runtime 13.<\/li><li> E se la data \u00e8 NULL, restituir\u00e0 NULL. <\/li><\/ul><div class=\"wp-block-group more-tutorials is-layout-flow\"><div class=\"wp-block-group__inner-container\"><h2 class=\"wp-block-heading\"> Altri tutorial <\/h2><div class=\"wp-block-columns is-layout-flex wp-container-292\"><div class=\"wp-block-column is-layout-flow\"><ul><li> <a href=\"https:\/\/exceladvisor.org\/it\/data-2\/\">DATA VBA<\/a><\/li><li> <a href=\"https:\/\/exceladvisor.org\/it\/dataadd\/\">DATA VBAAGGIUNGI<\/a><\/li><li> <a href=\"https:\/\/exceladvisor.org\/it\/datepart\/\">DATEPARTS VBA<\/a><\/li><li> <a href=\"https:\/\/exceladvisor.org\/it\/dateserial\/\">DATARIE VBA<\/a><\/li><li> <a href=\"https:\/\/exceladvisor.org\/it\/giorno\/\">GIORNATA VBA<\/a><\/li><\/ul><\/div><\/div><\/div><\/div>","protected":false},"excerpt":{"rendered":"","protected":false},"author":1,"featured_media":0,"parent":0,"menu_order":0,"comment_status":"open","ping_status":"closed","template":"","meta":{"ub_ctt_via":"","footnotes":""},"class_list":["post-1959","page","type-page","status-publish","hentry"],"featured_image_src":null,"yoast_head":"<!-- This site is optimized with the Yoast SEO plugin v25.4 - https:\/\/yoast.com\/wordpress\/plugins\/seo\/ -->\n<title>Come utilizzare la funzione DATEVALUE VBA? (Con esempio)<\/title>\n<meta name=\"description\" content=\"Scopri come utilizzare la funzione VBA DATEVALUE con sintassi, argomenti ed esempio con codice di esempio.\" \/>\n<meta name=\"robots\" content=\"index, follow, max-snippet:-1, max-image-preview:large, max-video-preview:-1\" \/>\n<link rel=\"canonical\" href=\"https:\/\/exceladvisor.org\/it\/valoredata\/\" \/>\n<meta property=\"og:locale\" content=\"it_IT\" \/>\n<meta property=\"og:type\" content=\"article\" \/>\n<meta property=\"og:title\" content=\"Come utilizzare la funzione DATEVALUE VBA? (Con esempio)\" \/>\n<meta property=\"og:description\" content=\"Scopri come utilizzare la funzione VBA DATEVALUE con sintassi, argomenti ed esempio con codice di esempio.\" \/>\n<meta property=\"og:url\" content=\"https:\/\/exceladvisor.org\/it\/valoredata\/\" \/>\n<meta property=\"og:site_name\" content=\"Excel Advisor\" \/>\n<meta property=\"article:modified_time\" content=\"2023-12-10T06:26:57+00:00\" \/>\n<meta property=\"og:image\" content=\"https:\/\/exceladvisor.org\/wp-content\/uploads\/2023\/08\/exemple-de-fonction-vba-datevalue.png\" \/>\n<meta name=\"twitter:card\" content=\"summary_large_image\" \/>\n<meta name=\"twitter:label1\" content=\"Tempo di lettura stimato\" \/>\n\t<meta name=\"twitter:data1\" content=\"1 minuto\" \/>\n<script type=\"application\/ld+json\" class=\"yoast-schema-graph\">{\"@context\":\"https:\/\/schema.org\",\"@graph\":[{\"@type\":\"WebPage\",\"@id\":\"https:\/\/exceladvisor.org\/it\/valoredata\/\",\"url\":\"https:\/\/exceladvisor.org\/it\/valoredata\/\",\"name\":\"Come utilizzare la funzione DATEVALUE VBA? (Con esempio)\",\"isPartOf\":{\"@id\":\"https:\/\/exceladvisor.org\/it\/#website\"},\"primaryImageOfPage\":{\"@id\":\"https:\/\/exceladvisor.org\/it\/valoredata\/#primaryimage\"},\"image\":{\"@id\":\"https:\/\/exceladvisor.org\/it\/valoredata\/#primaryimage\"},\"thumbnailUrl\":\"https:\/\/exceladvisor.org\/wp-content\/uploads\/2023\/08\/exemple-de-fonction-vba-datevalue.png\",\"datePublished\":\"2023-10-26T11:03:22+00:00\",\"dateModified\":\"2023-12-10T06:26:57+00:00\",\"description\":\"Scopri come utilizzare la funzione VBA DATEVALUE con sintassi, argomenti ed esempio con codice di esempio.\",\"breadcrumb\":{\"@id\":\"https:\/\/exceladvisor.org\/it\/valoredata\/#breadcrumb\"},\"inLanguage\":\"it-IT\",\"potentialAction\":[{\"@type\":\"ReadAction\",\"target\":[\"https:\/\/exceladvisor.org\/it\/valoredata\/\"]}]},{\"@type\":\"ImageObject\",\"inLanguage\":\"it-IT\",\"@id\":\"https:\/\/exceladvisor.org\/it\/valoredata\/#primaryimage\",\"url\":\"https:\/\/exceladvisor.org\/wp-content\/uploads\/2023\/08\/exemple-de-fonction-vba-datevalue.png\",\"contentUrl\":\"https:\/\/exceladvisor.org\/wp-content\/uploads\/2023\/08\/exemple-de-fonction-vba-datevalue.png\"},{\"@type\":\"BreadcrumbList\",\"@id\":\"https:\/\/exceladvisor.org\/it\/valoredata\/#breadcrumb\",\"itemListElement\":[{\"@type\":\"ListItem\",\"position\":1,\"name\":\"Home\",\"item\":\"https:\/\/exceladvisor.org\/it\/\"},{\"@type\":\"ListItem\",\"position\":2,\"name\":\"Come utilizzare la funzione datevalue vba?\"}]},{\"@type\":\"WebSite\",\"@id\":\"https:\/\/exceladvisor.org\/it\/#website\",\"url\":\"https:\/\/exceladvisor.org\/it\/\",\"name\":\"Excel Advisor\",\"description\":\"Tips, Tricks, and Time-Saving Hacks\",\"publisher\":{\"@id\":\"https:\/\/exceladvisor.org\/it\/#organization\"},\"potentialAction\":[{\"@type\":\"SearchAction\",\"target\":{\"@type\":\"EntryPoint\",\"urlTemplate\":\"https:\/\/exceladvisor.org\/it\/?s={search_term_string}\"},\"query-input\":{\"@type\":\"PropertyValueSpecification\",\"valueRequired\":true,\"valueName\":\"search_term_string\"}}],\"inLanguage\":\"it-IT\"},{\"@type\":\"Organization\",\"@id\":\"https:\/\/exceladvisor.org\/it\/#organization\",\"name\":\"Excel Advisor\",\"url\":\"https:\/\/exceladvisor.org\/it\/\",\"logo\":{\"@type\":\"ImageObject\",\"inLanguage\":\"it-IT\",\"@id\":\"https:\/\/exceladvisor.org\/it\/#\/schema\/logo\/image\/\",\"url\":\"https:\/\/exceladvisor.org\/it\/wp-content\/uploads\/2023\/12\/exceladvisor.org_.png\",\"contentUrl\":\"https:\/\/exceladvisor.org\/it\/wp-content\/uploads\/2023\/12\/exceladvisor.org_.png\",\"width\":105,\"height\":36,\"caption\":\"Excel Advisor\"},\"image\":{\"@id\":\"https:\/\/exceladvisor.org\/it\/#\/schema\/logo\/image\/\"}}]}<\/script>\n<!-- \/ Yoast SEO plugin. -->","yoast_head_json":{"title":"Come utilizzare la funzione DATEVALUE VBA? (Con esempio)","description":"Scopri come utilizzare la funzione VBA DATEVALUE con sintassi, argomenti ed esempio con codice di esempio.","robots":{"index":"index","follow":"follow","max-snippet":"max-snippet:-1","max-image-preview":"max-image-preview:large","max-video-preview":"max-video-preview:-1"},"canonical":"https:\/\/exceladvisor.org\/it\/valoredata\/","og_locale":"it_IT","og_type":"article","og_title":"Come utilizzare la funzione DATEVALUE VBA? (Con esempio)","og_description":"Scopri come utilizzare la funzione VBA DATEVALUE con sintassi, argomenti ed esempio con codice di esempio.","og_url":"https:\/\/exceladvisor.org\/it\/valoredata\/","og_site_name":"Excel Advisor","article_modified_time":"2023-12-10T06:26:57+00:00","og_image":[{"url":"https:\/\/exceladvisor.org\/wp-content\/uploads\/2023\/08\/exemple-de-fonction-vba-datevalue.png","type":"","width":"","height":""}],"twitter_card":"summary_large_image","twitter_misc":{"Tempo di lettura stimato":"1 minuto"},"schema":{"@context":"https:\/\/schema.org","@graph":[{"@type":"WebPage","@id":"https:\/\/exceladvisor.org\/it\/valoredata\/","url":"https:\/\/exceladvisor.org\/it\/valoredata\/","name":"Come utilizzare la funzione DATEVALUE VBA? (Con esempio)","isPartOf":{"@id":"https:\/\/exceladvisor.org\/it\/#website"},"primaryImageOfPage":{"@id":"https:\/\/exceladvisor.org\/it\/valoredata\/#primaryimage"},"image":{"@id":"https:\/\/exceladvisor.org\/it\/valoredata\/#primaryimage"},"thumbnailUrl":"https:\/\/exceladvisor.org\/wp-content\/uploads\/2023\/08\/exemple-de-fonction-vba-datevalue.png","datePublished":"2023-10-26T11:03:22+00:00","dateModified":"2023-12-10T06:26:57+00:00","description":"Scopri come utilizzare la funzione VBA DATEVALUE con sintassi, argomenti ed esempio con codice di esempio.","breadcrumb":{"@id":"https:\/\/exceladvisor.org\/it\/valoredata\/#breadcrumb"},"inLanguage":"it-IT","potentialAction":[{"@type":"ReadAction","target":["https:\/\/exceladvisor.org\/it\/valoredata\/"]}]},{"@type":"ImageObject","inLanguage":"it-IT","@id":"https:\/\/exceladvisor.org\/it\/valoredata\/#primaryimage","url":"https:\/\/exceladvisor.org\/wp-content\/uploads\/2023\/08\/exemple-de-fonction-vba-datevalue.png","contentUrl":"https:\/\/exceladvisor.org\/wp-content\/uploads\/2023\/08\/exemple-de-fonction-vba-datevalue.png"},{"@type":"BreadcrumbList","@id":"https:\/\/exceladvisor.org\/it\/valoredata\/#breadcrumb","itemListElement":[{"@type":"ListItem","position":1,"name":"Home","item":"https:\/\/exceladvisor.org\/it\/"},{"@type":"ListItem","position":2,"name":"Come utilizzare la funzione datevalue vba?"}]},{"@type":"WebSite","@id":"https:\/\/exceladvisor.org\/it\/#website","url":"https:\/\/exceladvisor.org\/it\/","name":"Excel Advisor","description":"Tips, Tricks, and Time-Saving Hacks","publisher":{"@id":"https:\/\/exceladvisor.org\/it\/#organization"},"potentialAction":[{"@type":"SearchAction","target":{"@type":"EntryPoint","urlTemplate":"https:\/\/exceladvisor.org\/it\/?s={search_term_string}"},"query-input":{"@type":"PropertyValueSpecification","valueRequired":true,"valueName":"search_term_string"}}],"inLanguage":"it-IT"},{"@type":"Organization","@id":"https:\/\/exceladvisor.org\/it\/#organization","name":"Excel Advisor","url":"https:\/\/exceladvisor.org\/it\/","logo":{"@type":"ImageObject","inLanguage":"it-IT","@id":"https:\/\/exceladvisor.org\/it\/#\/schema\/logo\/image\/","url":"https:\/\/exceladvisor.org\/it\/wp-content\/uploads\/2023\/12\/exceladvisor.org_.png","contentUrl":"https:\/\/exceladvisor.org\/it\/wp-content\/uploads\/2023\/12\/exceladvisor.org_.png","width":105,"height":36,"caption":"Excel Advisor"},"image":{"@id":"https:\/\/exceladvisor.org\/it\/#\/schema\/logo\/image\/"}}]}},"yoast_meta":{"yoast_wpseo_title":"","yoast_wpseo_metadesc":"","yoast_wpseo_canonical":""},"_links":{"self":[{"href":"https:\/\/exceladvisor.org\/it\/wp-json\/wp\/v2\/pages\/1959","targetHints":{"allow":["GET"]}}],"collection":[{"href":"https:\/\/exceladvisor.org\/it\/wp-json\/wp\/v2\/pages"}],"about":[{"href":"https:\/\/exceladvisor.org\/it\/wp-json\/wp\/v2\/types\/page"}],"author":[{"embeddable":true,"href":"https:\/\/exceladvisor.org\/it\/wp-json\/wp\/v2\/users\/1"}],"replies":[{"embeddable":true,"href":"https:\/\/exceladvisor.org\/it\/wp-json\/wp\/v2\/comments?post=1959"}],"version-history":[{"count":1,"href":"https:\/\/exceladvisor.org\/it\/wp-json\/wp\/v2\/pages\/1959\/revisions"}],"predecessor-version":[{"id":2856,"href":"https:\/\/exceladvisor.org\/it\/wp-json\/wp\/v2\/pages\/1959\/revisions\/2856"}],"wp:attachment":[{"href":"https:\/\/exceladvisor.org\/it\/wp-json\/wp\/v2\/media?parent=1959"}],"curies":[{"name":"wp","href":"https:\/\/api.w.org\/{rel}","templated":true}]}}