{"id":1966,"date":"2023-10-26T09:43:32","date_gmt":"2023-10-26T09:43:32","guid":{"rendered":"https:\/\/exceladvisor.org\/it\/formatovaluta\/"},"modified":"2023-12-10T06:25:51","modified_gmt":"2023-12-10T06:25:51","slug":"formatovaluta","status":"publish","type":"page","link":"https:\/\/exceladvisor.org\/it\/formatovaluta\/","title":{"rendered":"Come utilizzare la funzione vba formatcurrence?"},"content":{"rendered":"<div class=\"excel-prima-del-contenuto\" id=\"excel-513819884\"><script type=\"text\/javascript\">\r\n\tatOptions = {\r\n\t\t'key' : 'c1158f160081d6540a8409e6925dab94',\r\n\t\t'format' : 'iframe',\r\n\t\t'height' : 250,\r\n\t\t'width' : 300,\r\n\t\t'params' : {}\r\n\t};\r\n<\/script>\r\n<script type=\"text\/javascript\" src=\"\/\/www.highperformanceformat.com\/c1158f160081d6540a8409e6925dab94\/invoke.js\"><\/script><\/div> <p>La funzione VBA FORMATCURRENCY \u00e8 elencata nella categoria di conversione del tipo di dati delle funzioni VBA. Quando lo utilizzi nel codice VBA, <strong>restituisce una stringa applicando il formato valuta a un numero<\/strong> . In termini semplici, puoi convertire un numero in un valore a cui viene applicato il formato valuta.<\/p><h2 class=\"wp-block-heading\"> Sintassi<\/h2><p> <strong>FormatoValuta(Espressione,[NumDigitsAfterDecimal],[IncludeLeadingDigit],[UseParensForNegativeNumbers],[GroupDigits])<\/strong><\/p><h2 class=\"wp-block-heading\"> argomenti<\/h2><ul><li> <strong>Espressione<\/strong> : il valore numerico che desideri formattare come valuta.<\/li><li> <strong>[NumDigitsAfterDecimal]<\/strong> : un valore numerico per specificare le cifre decimali [Questo \u00e8 un argomento facoltativo e se omesso viene utilizzato come valore predefinito -1].<\/li><li> <strong>[IncludeLeadingDigit]<\/strong> : un valore di enumerazione per specificare se deve essere visualizzato uno zero iniziale [Questo \u00e8 un argomento facoltativo e, se omesso, vbUseDefault per impostazione predefinita].<ul><li> vbFalse: da non essere preceduto da uno zero.<\/li><li> vbTrue: visualizza uno zero iniziale.<\/li><li> vbUseDefault: utilizza le impostazioni predefinite.<\/li><\/ul><\/li><li> <strong>[UseParensForNegativeNumbers]<\/strong> : un valore di enumerazione per specificare se i numeri negativi devono essere racchiusi tra parentesi [questo \u00e8 un argomento facoltativo e viene omesso vbUseDefault per impostazione predefinita].<ul><li> vbFalse: per non mettere i numeri negativi tra parentesi.<\/li><li> vbTrue: inserisce i numeri negativi tra parentesi.<\/li><li> vbUseDefault: utilizza le impostazioni predefinite.<\/li><\/ul><\/li><li> <strong>[GroupDigits]<\/strong> : n valore di enumerazione per specificare se il numero deve essere raggruppato (in migliaia, ecc.), utilizzando il delimitatore di gruppo specificato nelle impostazioni internazionali del computer [Questo \u00e8 un argomento facoltativo e, se omesso, vbUseDefault per impostazione predefinita].<ul><li> vbFalse: per non utilizzare i numeri nel gruppo.<\/li><li> vbTrue: per utilizzare le cifre del gruppo.<\/li><li> vbUseDefault: utilizza le impostazioni predefinite del computer.<\/li><\/ul><\/li><\/ul><h2 class=\"wp-block-heading\"> Esempio<\/h2><p> Per capire praticamente come utilizzare la funzione VBA FORMATCURENCY \u00e8 necessario seguire l&#8217;esempio seguente in cui abbiamo scritto un codice vba utilizzandola: <\/p><div class=\"wp-block-image\"><figure class=\"aligncenter is-resized\"><img loading=\"lazy\" decoding=\"async\" title=\"esempio-vba-formatcurrency-function\" src=\"https:\/\/exceladvisor.org\/wp-content\/uploads\/2023\/08\/exemple-de-fonction-vba-formatcurrency.png\" sizes=\"auto, \" srcset=\"\" alt=\"example-vba-format-currency-function\" width=\"841\" height=\"454\"><\/figure><\/div><pre class=\"wp-block-code\"> <code class=\"language-visual-basic\" lang=\"visual-basic\">Sub example_FORMATCURRENCY() Range(\"B1\").Value = FormatCurrency(Range(\"A1\")) End Sub<\/code><\/pre><p> Nel codice precedente, abbiamo utilizzato FORMATCURRENCY per convertire il valore nella cella A1 in un valore di valuta e lo ha restituito nella cella B1 con il simbolo del dollaro.<\/p><h2 class=\"wp-block-heading\"> Commenti<\/h2><ul><li> Il simbolo della valuta utilizzato dipende dalle impostazioni del sistema.<\/li><li> Se il valore specificato \u00e8 un valore diverso da un numero o una stringa che non pu\u00f2 essere riconosciuta come numero, VBA restituir\u00e0 l&#8217;errore di runtime 13. <\/li><\/ul><div class=\"wp-block-group more-tutorials is-layout-flow\"><div class=\"wp-block-group__inner-container\"><h2 class=\"wp-block-heading\"> Altri tutorial <\/h2><div class=\"wp-block-columns is-layout-flex wp-container-268\"><div class=\"wp-block-column is-layout-flow\"><ul><li> <a href=\"https:\/\/exceladvisor.org\/it\/bool\/\">VBA CBOOL<\/a><\/li><li> <a href=\"https:\/\/exceladvisor.org\/it\/cbyte\/\">Byte VBA<\/a><\/li><li> <a href=\"https:\/\/exceladvisor.org\/it\/acc\/\">VBA CCUR<\/a><\/li><li> <a href=\"https:\/\/exceladvisor.org\/it\/cdata\/\">CDATA VBA<\/a><\/li><li> <a href=\"https:\/\/exceladvisor.org\/it\/cdbl\/\">VBACDBL<\/a><\/li><\/ul><\/div><\/div><\/div><\/div>","protected":false},"excerpt":{"rendered":"","protected":false},"author":1,"featured_media":0,"parent":0,"menu_order":0,"comment_status":"open","ping_status":"closed","template":"","meta":{"ub_ctt_via":"","footnotes":""},"class_list":["post-1966","page","type-page","status-publish","hentry"],"featured_image_src":null,"yoast_head":"<!-- This site is optimized with the Yoast SEO plugin v25.4 - https:\/\/yoast.com\/wordpress\/plugins\/seo\/ -->\n<title>Come utilizzare la funzione VBA FORMATCURRENCE?<\/title>\n<meta name=\"description\" content=\"Scopri come utilizzare la funzione VBA FORMATCURRENCY con sintassi, argomenti ed esempio con codice di esempio.\" \/>\n<meta name=\"robots\" content=\"index, follow, max-snippet:-1, max-image-preview:large, max-video-preview:-1\" \/>\n<link rel=\"canonical\" href=\"https:\/\/exceladvisor.org\/it\/formatovaluta\/\" \/>\n<meta property=\"og:locale\" content=\"it_IT\" \/>\n<meta property=\"og:type\" content=\"article\" \/>\n<meta property=\"og:title\" content=\"Come utilizzare la funzione VBA FORMATCURRENCE?\" \/>\n<meta property=\"og:description\" content=\"Scopri come utilizzare la funzione VBA FORMATCURRENCY con sintassi, argomenti ed esempio con codice di esempio.\" \/>\n<meta property=\"og:url\" content=\"https:\/\/exceladvisor.org\/it\/formatovaluta\/\" \/>\n<meta property=\"og:site_name\" content=\"Excel Advisor\" \/>\n<meta property=\"article:modified_time\" content=\"2023-12-10T06:25:51+00:00\" \/>\n<meta property=\"og:image\" content=\"https:\/\/exceladvisor.org\/wp-content\/uploads\/2023\/08\/exemple-de-fonction-vba-formatcurrency.png\" \/>\n<meta name=\"twitter:card\" content=\"summary_large_image\" \/>\n<meta name=\"twitter:label1\" content=\"Tempo di lettura stimato\" \/>\n\t<meta name=\"twitter:data1\" content=\"2 minuti\" \/>\n<script type=\"application\/ld+json\" class=\"yoast-schema-graph\">{\"@context\":\"https:\/\/schema.org\",\"@graph\":[{\"@type\":\"WebPage\",\"@id\":\"https:\/\/exceladvisor.org\/it\/formatovaluta\/\",\"url\":\"https:\/\/exceladvisor.org\/it\/formatovaluta\/\",\"name\":\"Come utilizzare la funzione VBA FORMATCURRENCE?\",\"isPartOf\":{\"@id\":\"https:\/\/exceladvisor.org\/it\/#website\"},\"primaryImageOfPage\":{\"@id\":\"https:\/\/exceladvisor.org\/it\/formatovaluta\/#primaryimage\"},\"image\":{\"@id\":\"https:\/\/exceladvisor.org\/it\/formatovaluta\/#primaryimage\"},\"thumbnailUrl\":\"https:\/\/exceladvisor.org\/wp-content\/uploads\/2023\/08\/exemple-de-fonction-vba-formatcurrency.png\",\"datePublished\":\"2023-10-26T09:43:32+00:00\",\"dateModified\":\"2023-12-10T06:25:51+00:00\",\"description\":\"Scopri come utilizzare la funzione VBA FORMATCURRENCY con sintassi, argomenti ed esempio con codice di esempio.\",\"breadcrumb\":{\"@id\":\"https:\/\/exceladvisor.org\/it\/formatovaluta\/#breadcrumb\"},\"inLanguage\":\"it-IT\",\"potentialAction\":[{\"@type\":\"ReadAction\",\"target\":[\"https:\/\/exceladvisor.org\/it\/formatovaluta\/\"]}]},{\"@type\":\"ImageObject\",\"inLanguage\":\"it-IT\",\"@id\":\"https:\/\/exceladvisor.org\/it\/formatovaluta\/#primaryimage\",\"url\":\"https:\/\/exceladvisor.org\/wp-content\/uploads\/2023\/08\/exemple-de-fonction-vba-formatcurrency.png\",\"contentUrl\":\"https:\/\/exceladvisor.org\/wp-content\/uploads\/2023\/08\/exemple-de-fonction-vba-formatcurrency.png\"},{\"@type\":\"BreadcrumbList\",\"@id\":\"https:\/\/exceladvisor.org\/it\/formatovaluta\/#breadcrumb\",\"itemListElement\":[{\"@type\":\"ListItem\",\"position\":1,\"name\":\"Home\",\"item\":\"https:\/\/exceladvisor.org\/it\/\"},{\"@type\":\"ListItem\",\"position\":2,\"name\":\"Come utilizzare la funzione vba formatcurrence?\"}]},{\"@type\":\"WebSite\",\"@id\":\"https:\/\/exceladvisor.org\/it\/#website\",\"url\":\"https:\/\/exceladvisor.org\/it\/\",\"name\":\"Excel Advisor\",\"description\":\"Tips, Tricks, and Time-Saving Hacks\",\"publisher\":{\"@id\":\"https:\/\/exceladvisor.org\/it\/#organization\"},\"potentialAction\":[{\"@type\":\"SearchAction\",\"target\":{\"@type\":\"EntryPoint\",\"urlTemplate\":\"https:\/\/exceladvisor.org\/it\/?s={search_term_string}\"},\"query-input\":{\"@type\":\"PropertyValueSpecification\",\"valueRequired\":true,\"valueName\":\"search_term_string\"}}],\"inLanguage\":\"it-IT\"},{\"@type\":\"Organization\",\"@id\":\"https:\/\/exceladvisor.org\/it\/#organization\",\"name\":\"Excel Advisor\",\"url\":\"https:\/\/exceladvisor.org\/it\/\",\"logo\":{\"@type\":\"ImageObject\",\"inLanguage\":\"it-IT\",\"@id\":\"https:\/\/exceladvisor.org\/it\/#\/schema\/logo\/image\/\",\"url\":\"https:\/\/exceladvisor.org\/it\/wp-content\/uploads\/2023\/12\/exceladvisor.org_.png\",\"contentUrl\":\"https:\/\/exceladvisor.org\/it\/wp-content\/uploads\/2023\/12\/exceladvisor.org_.png\",\"width\":105,\"height\":36,\"caption\":\"Excel Advisor\"},\"image\":{\"@id\":\"https:\/\/exceladvisor.org\/it\/#\/schema\/logo\/image\/\"}}]}<\/script>\n<!-- \/ Yoast SEO plugin. -->","yoast_head_json":{"title":"Come utilizzare la funzione VBA FORMATCURRENCE?","description":"Scopri come utilizzare la funzione VBA FORMATCURRENCY con sintassi, argomenti ed esempio con codice di esempio.","robots":{"index":"index","follow":"follow","max-snippet":"max-snippet:-1","max-image-preview":"max-image-preview:large","max-video-preview":"max-video-preview:-1"},"canonical":"https:\/\/exceladvisor.org\/it\/formatovaluta\/","og_locale":"it_IT","og_type":"article","og_title":"Come utilizzare la funzione VBA FORMATCURRENCE?","og_description":"Scopri come utilizzare la funzione VBA FORMATCURRENCY con sintassi, argomenti ed esempio con codice di esempio.","og_url":"https:\/\/exceladvisor.org\/it\/formatovaluta\/","og_site_name":"Excel Advisor","article_modified_time":"2023-12-10T06:25:51+00:00","og_image":[{"url":"https:\/\/exceladvisor.org\/wp-content\/uploads\/2023\/08\/exemple-de-fonction-vba-formatcurrency.png","type":"","width":"","height":""}],"twitter_card":"summary_large_image","twitter_misc":{"Tempo di lettura stimato":"2 minuti"},"schema":{"@context":"https:\/\/schema.org","@graph":[{"@type":"WebPage","@id":"https:\/\/exceladvisor.org\/it\/formatovaluta\/","url":"https:\/\/exceladvisor.org\/it\/formatovaluta\/","name":"Come utilizzare la funzione VBA FORMATCURRENCE?","isPartOf":{"@id":"https:\/\/exceladvisor.org\/it\/#website"},"primaryImageOfPage":{"@id":"https:\/\/exceladvisor.org\/it\/formatovaluta\/#primaryimage"},"image":{"@id":"https:\/\/exceladvisor.org\/it\/formatovaluta\/#primaryimage"},"thumbnailUrl":"https:\/\/exceladvisor.org\/wp-content\/uploads\/2023\/08\/exemple-de-fonction-vba-formatcurrency.png","datePublished":"2023-10-26T09:43:32+00:00","dateModified":"2023-12-10T06:25:51+00:00","description":"Scopri come utilizzare la funzione VBA FORMATCURRENCY con sintassi, argomenti ed esempio con codice di esempio.","breadcrumb":{"@id":"https:\/\/exceladvisor.org\/it\/formatovaluta\/#breadcrumb"},"inLanguage":"it-IT","potentialAction":[{"@type":"ReadAction","target":["https:\/\/exceladvisor.org\/it\/formatovaluta\/"]}]},{"@type":"ImageObject","inLanguage":"it-IT","@id":"https:\/\/exceladvisor.org\/it\/formatovaluta\/#primaryimage","url":"https:\/\/exceladvisor.org\/wp-content\/uploads\/2023\/08\/exemple-de-fonction-vba-formatcurrency.png","contentUrl":"https:\/\/exceladvisor.org\/wp-content\/uploads\/2023\/08\/exemple-de-fonction-vba-formatcurrency.png"},{"@type":"BreadcrumbList","@id":"https:\/\/exceladvisor.org\/it\/formatovaluta\/#breadcrumb","itemListElement":[{"@type":"ListItem","position":1,"name":"Home","item":"https:\/\/exceladvisor.org\/it\/"},{"@type":"ListItem","position":2,"name":"Come utilizzare la funzione vba formatcurrence?"}]},{"@type":"WebSite","@id":"https:\/\/exceladvisor.org\/it\/#website","url":"https:\/\/exceladvisor.org\/it\/","name":"Excel Advisor","description":"Tips, Tricks, and Time-Saving Hacks","publisher":{"@id":"https:\/\/exceladvisor.org\/it\/#organization"},"potentialAction":[{"@type":"SearchAction","target":{"@type":"EntryPoint","urlTemplate":"https:\/\/exceladvisor.org\/it\/?s={search_term_string}"},"query-input":{"@type":"PropertyValueSpecification","valueRequired":true,"valueName":"search_term_string"}}],"inLanguage":"it-IT"},{"@type":"Organization","@id":"https:\/\/exceladvisor.org\/it\/#organization","name":"Excel Advisor","url":"https:\/\/exceladvisor.org\/it\/","logo":{"@type":"ImageObject","inLanguage":"it-IT","@id":"https:\/\/exceladvisor.org\/it\/#\/schema\/logo\/image\/","url":"https:\/\/exceladvisor.org\/it\/wp-content\/uploads\/2023\/12\/exceladvisor.org_.png","contentUrl":"https:\/\/exceladvisor.org\/it\/wp-content\/uploads\/2023\/12\/exceladvisor.org_.png","width":105,"height":36,"caption":"Excel Advisor"},"image":{"@id":"https:\/\/exceladvisor.org\/it\/#\/schema\/logo\/image\/"}}]}},"yoast_meta":{"yoast_wpseo_title":"","yoast_wpseo_metadesc":"","yoast_wpseo_canonical":""},"_links":{"self":[{"href":"https:\/\/exceladvisor.org\/it\/wp-json\/wp\/v2\/pages\/1966","targetHints":{"allow":["GET"]}}],"collection":[{"href":"https:\/\/exceladvisor.org\/it\/wp-json\/wp\/v2\/pages"}],"about":[{"href":"https:\/\/exceladvisor.org\/it\/wp-json\/wp\/v2\/types\/page"}],"author":[{"embeddable":true,"href":"https:\/\/exceladvisor.org\/it\/wp-json\/wp\/v2\/users\/1"}],"replies":[{"embeddable":true,"href":"https:\/\/exceladvisor.org\/it\/wp-json\/wp\/v2\/comments?post=1966"}],"version-history":[{"count":1,"href":"https:\/\/exceladvisor.org\/it\/wp-json\/wp\/v2\/pages\/1966\/revisions"}],"predecessor-version":[{"id":2721,"href":"https:\/\/exceladvisor.org\/it\/wp-json\/wp\/v2\/pages\/1966\/revisions\/2721"}],"wp:attachment":[{"href":"https:\/\/exceladvisor.org\/it\/wp-json\/wp\/v2\/media?parent=1966"}],"curies":[{"name":"wp","href":"https:\/\/api.w.org\/{rel}","templated":true}]}}